{"id":11186,"date":"2025-07-23T13:02:14","date_gmt":"2025-07-23T13:02:14","guid":{"rendered":"https:\/\/www.radiance.al\/junida-bresa\/"},"modified":"2025-10-09T08:48:10","modified_gmt":"2025-10-09T08:48:10","slug":"junida-bresa","status":"publish","type":"page","link":"https:\/\/www.radiance.al\/de\/junida-bresa\/","title":{"rendered":"Junida Bresa"},"content":{"rendered":"\t\t<div data-elementor-type=\"wp-page\" data-elementor-id=\"11186\" class=\"elementor elementor-11186 elementor-7957\">\n\t\t\t\t<div class=\"elementor-element elementor-element-ee91e83 sticky_sec e-flex e-con-boxed e-con e-parent\" data-id=\"ee91e83\" data-element_type=\"container\" data-e-type=\"container\">\n\t\t\t\t\t<div class=\"e-con-inner\">\n\t\t<div class=\"elementor-element elementor-element-de1a327 e-con-full sticky-box e-flex e-con e-child\" data-id=\"de1a327\" data-element_type=\"container\" data-e-type=\"container\">\n\t\t\t\t<div class=\"elementor-element elementor-element-6863b4b elementor-widget elementor-widget-image\" data-id=\"6863b4b\" data-element_type=\"widget\" data-e-type=\"widget\" data-widget_type=\"image.default\">\n\t\t\t\t<div class=\"elementor-widget-container\">\n\t\t\t\t\t\t\t\t\t\t\t\t\t\t\t<img fetchpriority=\"high\" decoding=\"async\" width=\"945\" height=\"1181\" src=\"https:\/\/www.radiance.al\/wp-content\/uploads\/2025\/07\/Vajza_qeshur-copy-2.jpg\" class=\"attachment-full size-full wp-image-7864\" alt=\"\" srcset=\"https:\/\/www.radiance.al\/wp-content\/uploads\/2025\/07\/Vajza_qeshur-copy-2.jpg 945w, https:\/\/www.radiance.al\/wp-content\/uploads\/2025\/07\/Vajza_qeshur-copy-2-240x300.jpg 240w, https:\/\/www.radiance.al\/wp-content\/uploads\/2025\/07\/Vajza_qeshur-copy-2-819x1024.jpg 819w, https:\/\/www.radiance.al\/wp-content\/uploads\/2025\/07\/Vajza_qeshur-copy-2-768x960.jpg 768w\" sizes=\"(max-width: 945px) 100vw, 945px\" \/>\t\t\t\t\t\t\t\t\t\t\t\t\t\t\t<\/div>\n\t\t\t\t<\/div>\n\t\t\t\t<div class=\"elementor-element elementor-element-588ccfc elementor-widget elementor-widget-heading\" data-id=\"588ccfc\" data-element_type=\"widget\" data-e-type=\"widget\" data-widget_type=\"heading.default\">\n\t\t\t\t<div class=\"elementor-widget-container\">\n\t\t\t\t\t<h2 class=\"elementor-heading-title elementor-size-default\">Junida Bresa<\/h2>\t\t\t\t<\/div>\n\t\t\t\t<\/div>\n\t\t\t\t<div class=\"elementor-element elementor-element-aaa8cb0 elementor-widget elementor-widget-text-editor\" data-id=\"aaa8cb0\" data-element_type=\"widget\" data-e-type=\"widget\" data-widget_type=\"text-editor.default\">\n\t\t\t\t<div class=\"elementor-widget-container\">\n\t\t\t\t\t\t\t\t\t<p>Zahnarzthelferin<\/p>\t\t\t\t\t\t\t\t<\/div>\n\t\t\t\t<\/div>\n\t\t\t\t<\/div>\n\t\t<div class=\"elementor-element elementor-element-5dcaccd e-con-full e-flex e-con e-child\" data-id=\"5dcaccd\" data-element_type=\"container\" data-e-type=\"container\">\n\t\t\t\t<div class=\"elementor-element elementor-element-a780d28 elementor-widget elementor-widget-heading\" data-id=\"a780d28\" data-element_type=\"widget\" data-e-type=\"widget\" data-widget_type=\"heading.default\">\n\t\t\t\t<div class=\"elementor-widget-container\">\n\t\t\t\t\t<h2 class=\"elementor-heading-title elementor-size-default\"><b>Pers\u00f6nliche Informationen<\/b><\/h2>\t\t\t\t<\/div>\n\t\t\t\t<\/div>\n\t\t\t\t<div class=\"elementor-element elementor-element-faa783e elementor-widget elementor-widget-text-editor\" data-id=\"faa783e\" data-element_type=\"widget\" data-e-type=\"widget\" data-widget_type=\"text-editor.default\">\n\t\t\t\t<div class=\"elementor-widget-container\">\n\t\t\t\t\t\t\t\t\t<p><strong>\n  <span lang=\"EN-US\">Name und Nachname:<\/span>\n<\/strong><span lang=\"EN-US\"> Junida Bresa<br><strong>Geburtsdatum:<\/strong> 07 April 2005<br><strong>Nationalit\u00e4t:<\/strong> Albanisch<br><strong>Gesprochene Sprachen:<\/strong> Albanisch (Muttersprache), Englisch<\/span><\/p>\t\t\t\t\t\t\t\t<\/div>\n\t\t\t\t<\/div>\n\t\t\t\t<div class=\"elementor-element elementor-element-3735ac8 elementor-widget elementor-widget-spacer\" data-id=\"3735ac8\" data-element_type=\"widget\" data-e-type=\"widget\" data-widget_type=\"spacer.default\">\n\t\t\t\t<div class=\"elementor-widget-container\">\n\t\t\t\t\t\t\t<div class=\"elementor-spacer\">\n\t\t\t<div class=\"elementor-spacer-inner\"><\/div>\n\t\t<\/div>\n\t\t\t\t\t\t<\/div>\n\t\t\t\t<\/div>\n\t\t\t\t<div class=\"elementor-element elementor-element-bb93b3a elementor-widget elementor-widget-heading\" data-id=\"bb93b3a\" data-element_type=\"widget\" data-e-type=\"widget\" data-widget_type=\"heading.default\">\n\t\t\t\t<div class=\"elementor-widget-container\">\n\t\t\t\t\t<h2 class=\"elementor-heading-title elementor-size-default\"><b>Berufliches Profil<\/b><\/h2>\t\t\t\t<\/div>\n\t\t\t\t<\/div>\n\t\t\t\t<div class=\"elementor-element elementor-element-eebf357 elementor-widget elementor-widget-text-editor\" data-id=\"eebf357\" data-element_type=\"widget\" data-e-type=\"widget\" data-widget_type=\"text-editor.default\">\n\t\t\t\t<div class=\"elementor-widget-container\">\n\t\t\t\t\t\t\t\t\t<p>Junida Bresa ist eine zahnmedizinische Assistentin mit praktischer Erfahrung und studiert derzeit im dritten Jahr an der zahnmedizinischen Fakult\u00e4t der albanischen Universit\u00e4t.<br>Sie hat durch ihr Studium und ihre Arbeitserfahrung in renommierten Zahnkliniken solide theoretische und praktische F\u00e4higkeiten entwickelt.<\/p><p>Zu seinen F\u00e4higkeiten geh\u00f6ren die Organisation von Arbeitsumgebungen, die Unterst\u00fctzung von Zahn\u00e4rzten bei zahn\u00e4rztlichen Eingriffen und die effektive Kommunikation mit Patienten.<\/p><p>Er hat in verschiedenen Kliniken gearbeitet:<\/p><p> <\/p><ul><li>Zahnpflege Meti<\/li><li>L\u00e4cheln-Boutique<\/li><\/ul><p> <\/p><p>In diesen Funktionen unterst\u00fctzte er den Arzt bei Eingriffen, bereitete Instrumente vor, k\u00fcmmerte sich um die Sterilisation, koordinierte Patienten und k\u00fcmmerte sich um die klinische Dokumentation.<\/p>\t\t\t\t\t\t\t\t<\/div>\n\t\t\t\t<\/div>\n\t\t\t\t<div class=\"elementor-element elementor-element-c7eca24 elementor-widget elementor-widget-spacer\" data-id=\"c7eca24\" data-element_type=\"widget\" data-e-type=\"widget\" data-widget_type=\"spacer.default\">\n\t\t\t\t<div class=\"elementor-widget-container\">\n\t\t\t\t\t\t\t<div class=\"elementor-spacer\">\n\t\t\t<div class=\"elementor-spacer-inner\"><\/div>\n\t\t<\/div>\n\t\t\t\t\t\t<\/div>\n\t\t\t\t<\/div>\n\t\t\t\t<div class=\"elementor-element elementor-element-d5f4d37 elementor-widget elementor-widget-heading\" data-id=\"d5f4d37\" data-element_type=\"widget\" data-e-type=\"widget\" data-widget_type=\"heading.default\">\n\t\t\t\t<div class=\"elementor-widget-container\">\n\t\t\t\t\t<h2 class=\"elementor-heading-title elementor-size-default\"><b>Berufliche Erfahrung<\/b><\/h2>\t\t\t\t<\/div>\n\t\t\t\t<\/div>\n\t\t\t\t<div class=\"elementor-element elementor-element-5e18c30 elementor-widget elementor-widget-text-editor\" data-id=\"5e18c30\" data-element_type=\"widget\" data-e-type=\"widget\" data-widget_type=\"text-editor.default\">\n\t\t\t\t<div class=\"elementor-widget-container\">\n\t\t\t\t\t\t\t\t\t<div class=\"elementor-element elementor-element-5e18c30 elementor-widget elementor-widget-text-editor\" data-id=\"5e18c30\" data-element_type=\"widget\" data-widget_type=\"text-editor.default\"><div class=\"elementor-widget-container\"><p><strong>Zahnpflege Meti &#8211; Zahnarzthelferin<\/strong><\/p><\/div><\/div>\t\t\t\t\t\t\t\t<\/div>\n\t\t\t\t<\/div>\n\t\t\t\t<div class=\"elementor-element elementor-element-e2f80e0 elementor-widget elementor-widget-text-editor\" data-id=\"e2f80e0\" data-element_type=\"widget\" data-e-type=\"widget\" data-widget_type=\"text-editor.default\">\n\t\t\t\t<div class=\"elementor-widget-container\">\n\t\t\t\t\t\t\t\t\t<p>Smile Boutique &#8211; Zahnarzthelferin<\/p>\t\t\t\t\t\t\t\t<\/div>\n\t\t\t\t<\/div>\n\t\t\t\t<div class=\"elementor-element elementor-element-5be8dfd elementor-widget elementor-widget-spacer\" data-id=\"5be8dfd\" data-element_type=\"widget\" data-e-type=\"widget\" data-widget_type=\"spacer.default\">\n\t\t\t\t<div class=\"elementor-widget-container\">\n\t\t\t\t\t\t\t<div class=\"elementor-spacer\">\n\t\t\t<div class=\"elementor-spacer-inner\"><\/div>\n\t\t<\/div>\n\t\t\t\t\t\t<\/div>\n\t\t\t\t<\/div>\n\t\t\t\t<div class=\"elementor-element elementor-element-56064fc elementor-widget elementor-widget-heading\" data-id=\"56064fc\" data-element_type=\"widget\" data-e-type=\"widget\" data-widget_type=\"heading.default\">\n\t\t\t\t<div class=\"elementor-widget-container\">\n\t\t\t\t\t<h2 class=\"elementor-heading-title elementor-size-default\">Akademische Ausbildung<\/h2>\t\t\t\t<\/div>\n\t\t\t\t<\/div>\n\t\t\t\t<div class=\"elementor-element elementor-element-3ae7d52 elementor-widget elementor-widget-text-editor\" data-id=\"3ae7d52\" data-element_type=\"widget\" data-e-type=\"widget\" data-widget_type=\"text-editor.default\">\n\t\t\t\t<div class=\"elementor-widget-container\">\n\t\t\t\t\t\t\t\t\t<div class=\"elementor-element elementor-element-3ae7d52 elementor-widget elementor-widget-text-editor\" data-id=\"3ae7d52\" data-element_type=\"widget\" data-widget_type=\"text-editor.default\"><p><strong>Zahnmedizinstudent im dritten Jahr<\/strong><\/p><\/div>\t\t\t\t\t\t\t\t<\/div>\n\t\t\t\t<\/div>\n\t\t\t\t<div class=\"elementor-element elementor-element-38f39a5 elementor-widget elementor-widget-text-editor\" data-id=\"38f39a5\" data-element_type=\"widget\" data-e-type=\"widget\" data-widget_type=\"text-editor.default\">\n\t\t\t\t<div class=\"elementor-widget-container\">\n\t\t\t\t\t\t\t\t\t<p>Albanische Universit\u00e4t &#8211; Fakult\u00e4t f\u00fcr Zahnmedizin<\/p>\t\t\t\t\t\t\t\t<\/div>\n\t\t\t\t<\/div>\n\t\t\t\t<div class=\"elementor-element elementor-element-21b70ca elementor-widget elementor-widget-spacer\" data-id=\"21b70ca\" data-element_type=\"widget\" data-e-type=\"widget\" data-widget_type=\"spacer.default\">\n\t\t\t\t<div class=\"elementor-widget-container\">\n\t\t\t\t\t\t\t<div class=\"elementor-spacer\">\n\t\t\t<div class=\"elementor-spacer-inner\"><\/div>\n\t\t<\/div>\n\t\t\t\t\t\t<\/div>\n\t\t\t\t<\/div>\n\t\t\t\t<\/div>\n\t\t\t\t\t<\/div>\n\t\t\t\t<\/div>\n\t\t\t\t<\/div>\n\t\t","protected":false},"excerpt":{"rendered":"<p>Junida Bresa Zahnarzthelferin Pers\u00f6nliche Informationen Name und Nachname: Junida BresaGeburtsdatum: 07 April 2005Nationalit\u00e4t: AlbanischGesprochene Sprachen: Albanisch (Muttersprache), Englisch Berufliches Profil Junida Bresa ist eine zahnmedizinische Assistentin mit praktischer Erfahrung und studiert derzeit im dritten Jahr an der zahnmedizinischen Fakult\u00e4t der albanischen Universit\u00e4t.Sie hat durch ihr Studium und ihre Arbeitserfahrung in [&hellip;]<\/p>\n","protected":false},"author":4,"featured_media":7864,"parent":0,"menu_order":0,"comment_status":"closed","ping_status":"closed","template":"elementor_header_footer","meta":{"_acf_changed":false,"footnotes":""},"class_list":["post-11186","page","type-page","status-publish","has-post-thumbnail","hentry"],"acf":[],"yoast_head":"<!-- This site is optimized with the Yoast SEO Premium plugin v27.4 (Yoast SEO v27.4) - https:\/\/yoast.com\/product\/yoast-seo-premium-wordpress\/ -->\n<title>Junida Bresa: Aufstrebender Stern in der Zahnmedizinischen Assistenz<\/title>\n<meta name=\"description\" content=\"unida Bresa, eine erfahrene Zahnarzthelferin und Studentin der Zahnmedizin an der albanischen Universit\u00e4t.\" \/>\n<meta name=\"robots\" content=\"index, follow, max-snippet:-1, max-image-preview:large, max-video-preview:-1\" \/>\n<link rel=\"canonical\" href=\"https:\/\/www.radiance.al\/de\/junida-bresa\/\" \/>\n<meta property=\"og:locale\" content=\"de_DE\" \/>\n<meta property=\"og:type\" content=\"article\" \/>\n<meta property=\"og:title\" content=\"Joana Shira: Profil einer erfahrenen Krankenschwester\" \/>\n<meta property=\"og:description\" content=\"Lernen Sie Joana Shira kennen, eine engagierte diplomierte Krankenschwester mit vielf\u00e4ltiger Krankenhauserfahrung und F\u00e4higkeiten in der Patientenpflege und Teamarbeit.\" \/>\n<meta property=\"og:url\" content=\"https:\/\/www.radiance.al\/de\/junida-bresa\/\" \/>\n<meta property=\"og:site_name\" content=\"RADIANCE.AL\" \/>\n<meta property=\"article:publisher\" content=\"https:\/\/www.instagram.com\/radiance_al\/?hl=en\" \/>\n<meta property=\"article:modified_time\" content=\"2025-10-09T08:48:10+00:00\" \/>\n<meta property=\"og:image\" content=\"https:\/\/www.radiance.al\/wp-content\/uploads\/2025\/07\/Vajza_qeshur-copy-2.jpg\" \/>\n\t<meta property=\"og:image:width\" content=\"945\" \/>\n\t<meta property=\"og:image:height\" content=\"1181\" \/>\n\t<meta property=\"og:image:type\" content=\"image\/jpeg\" \/>\n<meta name=\"twitter:card\" content=\"summary_large_image\" \/>\n<meta name=\"twitter:title\" content=\"Lernen Sie Joana Shira kennen, eine engagierte diplomierte Krankenschwester mit vielf\u00e4ltiger Krankenhauserfahrung und F\u00e4higkeiten in der Patientenpflege und Teamarbeit.\" \/>\n<meta name=\"twitter:description\" content=\"Joana Shira: Profil einer erfahrenen Krankenschwester\" \/>\n<meta name=\"twitter:label1\" content=\"Gesch\u00e4tzte Lesezeit\" \/>\n\t<meta name=\"twitter:data1\" content=\"1\u00a0Minute\" \/>\n<script type=\"application\/ld+json\" class=\"yoast-schema-graph\">{\"@context\":\"https:\\\/\\\/schema.org\",\"@graph\":[{\"@type\":\"WebPage\",\"@id\":\"https:\\\/\\\/www.radiance.al\\\/de\\\/junida-bresa\\\/\",\"url\":\"https:\\\/\\\/www.radiance.al\\\/de\\\/junida-bresa\\\/\",\"name\":\"Junida Bresa: Aufstrebender Stern in der Zahnmedizinischen Assistenz\",\"isPartOf\":{\"@id\":\"https:\\\/\\\/www.radiance.al\\\/de\\\/#website\"},\"primaryImageOfPage\":{\"@id\":\"https:\\\/\\\/www.radiance.al\\\/de\\\/junida-bresa\\\/#primaryimage\"},\"image\":{\"@id\":\"https:\\\/\\\/www.radiance.al\\\/de\\\/junida-bresa\\\/#primaryimage\"},\"thumbnailUrl\":\"https:\\\/\\\/www.radiance.al\\\/wp-content\\\/uploads\\\/2025\\\/07\\\/Vajza_qeshur-copy-2.jpg\",\"datePublished\":\"2025-07-23T13:02:14+00:00\",\"dateModified\":\"2025-10-09T08:48:10+00:00\",\"description\":\"unida Bresa, eine erfahrene Zahnarzthelferin und Studentin der Zahnmedizin an der albanischen Universit\u00e4t.\",\"breadcrumb\":{\"@id\":\"https:\\\/\\\/www.radiance.al\\\/de\\\/junida-bresa\\\/#breadcrumb\"},\"inLanguage\":\"de\",\"potentialAction\":[{\"@type\":\"ReadAction\",\"target\":[\"https:\\\/\\\/www.radiance.al\\\/de\\\/junida-bresa\\\/\"]}]},{\"@type\":\"ImageObject\",\"inLanguage\":\"de\",\"@id\":\"https:\\\/\\\/www.radiance.al\\\/de\\\/junida-bresa\\\/#primaryimage\",\"url\":\"https:\\\/\\\/www.radiance.al\\\/wp-content\\\/uploads\\\/2025\\\/07\\\/Vajza_qeshur-copy-2.jpg\",\"contentUrl\":\"https:\\\/\\\/www.radiance.al\\\/wp-content\\\/uploads\\\/2025\\\/07\\\/Vajza_qeshur-copy-2.jpg\",\"width\":945,\"height\":1181},{\"@type\":\"BreadcrumbList\",\"@id\":\"https:\\\/\\\/www.radiance.al\\\/de\\\/junida-bresa\\\/#breadcrumb\",\"itemListElement\":[{\"@type\":\"ListItem\",\"position\":1,\"name\":\"Home\",\"item\":\"https:\\\/\\\/www.radiance.al\\\/de\\\/\"},{\"@type\":\"ListItem\",\"position\":2,\"name\":\"Junida Bresa\"}]},{\"@type\":\"WebSite\",\"@id\":\"https:\\\/\\\/www.radiance.al\\\/de\\\/#website\",\"url\":\"https:\\\/\\\/www.radiance.al\\\/de\\\/\",\"name\":\"RADIANCE.AL\",\"description\":\"RADIANCE DENTAL HOSPITAL\",\"publisher\":{\"@id\":\"https:\\\/\\\/www.radiance.al\\\/de\\\/#organization\"},\"potentialAction\":[{\"@type\":\"SearchAction\",\"target\":{\"@type\":\"EntryPoint\",\"urlTemplate\":\"https:\\\/\\\/www.radiance.al\\\/de\\\/?s={search_term_string}\"},\"query-input\":{\"@type\":\"PropertyValueSpecification\",\"valueRequired\":true,\"valueName\":\"search_term_string\"}}],\"inLanguage\":\"de\"},{\"@type\":\"Organization\",\"@id\":\"https:\\\/\\\/www.radiance.al\\\/de\\\/#organization\",\"name\":\"RADIANCE.AL\",\"alternateName\":\"Radiance Dental Hospital\",\"url\":\"https:\\\/\\\/www.radiance.al\\\/de\\\/\",\"logo\":{\"@type\":\"ImageObject\",\"inLanguage\":\"de\",\"@id\":\"https:\\\/\\\/www.radiance.al\\\/de\\\/#\\\/schema\\\/logo\\\/image\\\/\",\"url\":\"https:\\\/\\\/www.radiance.al\\\/wp-content\\\/uploads\\\/2025\\\/05\\\/faviconn.jpeg\",\"contentUrl\":\"https:\\\/\\\/www.radiance.al\\\/wp-content\\\/uploads\\\/2025\\\/05\\\/faviconn.jpeg\",\"width\":48,\"height\":48,\"caption\":\"RADIANCE.AL\"},\"image\":{\"@id\":\"https:\\\/\\\/www.radiance.al\\\/de\\\/#\\\/schema\\\/logo\\\/image\\\/\"},\"sameAs\":[\"https:\\\/\\\/www.instagram.com\\\/radiance_al\\\/?hl=en\"],\"description\":\"\\\"Radiance Dental Hospital n\u00eb Shqip\u00ebri: spital dentar modern me teknologji 3D, implantologji, estetik\u00eb dhe specialist\u00eb me mbi 15 vite p\u00ebrvoj\u00eb. Prenoto konsult\u00ebn falas!\\\"\",\"email\":\"info@radiance.al\",\"telephone\":\"+355694799949\",\"legalName\":\"Radiance Dental Hospital\",\"foundingDate\":\"2025-03-18\",\"numberOfEmployees\":{\"@type\":\"QuantitativeValue\",\"minValue\":\"11\",\"maxValue\":\"50\"}}]}<\/script>\n<!-- \/ Yoast SEO Premium plugin. -->","yoast_head_json":{"title":"Junida Bresa: Aufstrebender Stern in der Zahnmedizinischen Assistenz","description":"unida Bresa, eine erfahrene Zahnarzthelferin und Studentin der Zahnmedizin an der albanischen Universit\u00e4t.","robots":{"index":"index","follow":"follow","max-snippet":"max-snippet:-1","max-image-preview":"max-image-preview:large","max-video-preview":"max-video-preview:-1"},"canonical":"https:\/\/www.radiance.al\/de\/junida-bresa\/","og_locale":"de_DE","og_type":"article","og_title":"Joana Shira: Profil einer erfahrenen Krankenschwester","og_description":"Lernen Sie Joana Shira kennen, eine engagierte diplomierte Krankenschwester mit vielf\u00e4ltiger Krankenhauserfahrung und F\u00e4higkeiten in der Patientenpflege und Teamarbeit.","og_url":"https:\/\/www.radiance.al\/de\/junida-bresa\/","og_site_name":"RADIANCE.AL","article_publisher":"https:\/\/www.instagram.com\/radiance_al\/?hl=en","article_modified_time":"2025-10-09T08:48:10+00:00","og_image":[{"width":945,"height":1181,"url":"https:\/\/www.radiance.al\/wp-content\/uploads\/2025\/07\/Vajza_qeshur-copy-2.jpg","type":"image\/jpeg"}],"twitter_card":"summary_large_image","twitter_title":"Lernen Sie Joana Shira kennen, eine engagierte diplomierte Krankenschwester mit vielf\u00e4ltiger Krankenhauserfahrung und F\u00e4higkeiten in der Patientenpflege und Teamarbeit.","twitter_description":"Joana Shira: Profil einer erfahrenen Krankenschwester","twitter_misc":{"Gesch\u00e4tzte Lesezeit":"1\u00a0Minute"},"schema":{"@context":"https:\/\/schema.org","@graph":[{"@type":"WebPage","@id":"https:\/\/www.radiance.al\/de\/junida-bresa\/","url":"https:\/\/www.radiance.al\/de\/junida-bresa\/","name":"Junida Bresa: Aufstrebender Stern in der Zahnmedizinischen Assistenz","isPartOf":{"@id":"https:\/\/www.radiance.al\/de\/#website"},"primaryImageOfPage":{"@id":"https:\/\/www.radiance.al\/de\/junida-bresa\/#primaryimage"},"image":{"@id":"https:\/\/www.radiance.al\/de\/junida-bresa\/#primaryimage"},"thumbnailUrl":"https:\/\/www.radiance.al\/wp-content\/uploads\/2025\/07\/Vajza_qeshur-copy-2.jpg","datePublished":"2025-07-23T13:02:14+00:00","dateModified":"2025-10-09T08:48:10+00:00","description":"unida Bresa, eine erfahrene Zahnarzthelferin und Studentin der Zahnmedizin an der albanischen Universit\u00e4t.","breadcrumb":{"@id":"https:\/\/www.radiance.al\/de\/junida-bresa\/#breadcrumb"},"inLanguage":"de","potentialAction":[{"@type":"ReadAction","target":["https:\/\/www.radiance.al\/de\/junida-bresa\/"]}]},{"@type":"ImageObject","inLanguage":"de","@id":"https:\/\/www.radiance.al\/de\/junida-bresa\/#primaryimage","url":"https:\/\/www.radiance.al\/wp-content\/uploads\/2025\/07\/Vajza_qeshur-copy-2.jpg","contentUrl":"https:\/\/www.radiance.al\/wp-content\/uploads\/2025\/07\/Vajza_qeshur-copy-2.jpg","width":945,"height":1181},{"@type":"BreadcrumbList","@id":"https:\/\/www.radiance.al\/de\/junida-bresa\/#breadcrumb","itemListElement":[{"@type":"ListItem","position":1,"name":"Home","item":"https:\/\/www.radiance.al\/de\/"},{"@type":"ListItem","position":2,"name":"Junida Bresa"}]},{"@type":"WebSite","@id":"https:\/\/www.radiance.al\/de\/#website","url":"https:\/\/www.radiance.al\/de\/","name":"RADIANCE.AL","description":"RADIANCE DENTAL HOSPITAL","publisher":{"@id":"https:\/\/www.radiance.al\/de\/#organization"},"potentialAction":[{"@type":"SearchAction","target":{"@type":"EntryPoint","urlTemplate":"https:\/\/www.radiance.al\/de\/?s={search_term_string}"},"query-input":{"@type":"PropertyValueSpecification","valueRequired":true,"valueName":"search_term_string"}}],"inLanguage":"de"},{"@type":"Organization","@id":"https:\/\/www.radiance.al\/de\/#organization","name":"RADIANCE.AL","alternateName":"Radiance Dental Hospital","url":"https:\/\/www.radiance.al\/de\/","logo":{"@type":"ImageObject","inLanguage":"de","@id":"https:\/\/www.radiance.al\/de\/#\/schema\/logo\/image\/","url":"https:\/\/www.radiance.al\/wp-content\/uploads\/2025\/05\/faviconn.jpeg","contentUrl":"https:\/\/www.radiance.al\/wp-content\/uploads\/2025\/05\/faviconn.jpeg","width":48,"height":48,"caption":"RADIANCE.AL"},"image":{"@id":"https:\/\/www.radiance.al\/de\/#\/schema\/logo\/image\/"},"sameAs":["https:\/\/www.instagram.com\/radiance_al\/?hl=en"],"description":"\"Radiance Dental Hospital n\u00eb Shqip\u00ebri: spital dentar modern me teknologji 3D, implantologji, estetik\u00eb dhe specialist\u00eb me mbi 15 vite p\u00ebrvoj\u00eb. Prenoto konsult\u00ebn falas!\"","email":"info@radiance.al","telephone":"+355694799949","legalName":"Radiance Dental Hospital","foundingDate":"2025-03-18","numberOfEmployees":{"@type":"QuantitativeValue","minValue":"11","maxValue":"50"}}]}},"_links":{"self":[{"href":"https:\/\/www.radiance.al\/de\/wp-json\/wp\/v2\/pages\/11186","targetHints":{"allow":["GET"]}}],"collection":[{"href":"https:\/\/www.radiance.al\/de\/wp-json\/wp\/v2\/pages"}],"about":[{"href":"https:\/\/www.radiance.al\/de\/wp-json\/wp\/v2\/types\/page"}],"author":[{"embeddable":true,"href":"https:\/\/www.radiance.al\/de\/wp-json\/wp\/v2\/users\/4"}],"replies":[{"embeddable":true,"href":"https:\/\/www.radiance.al\/de\/wp-json\/wp\/v2\/comments?post=11186"}],"version-history":[{"count":1,"href":"https:\/\/www.radiance.al\/de\/wp-json\/wp\/v2\/pages\/11186\/revisions"}],"predecessor-version":[{"id":11197,"href":"https:\/\/www.radiance.al\/de\/wp-json\/wp\/v2\/pages\/11186\/revisions\/11197"}],"wp:featuredmedia":[{"embeddable":true,"href":"https:\/\/www.radiance.al\/de\/wp-json\/wp\/v2\/media\/7864"}],"wp:attachment":[{"href":"https:\/\/www.radiance.al\/de\/wp-json\/wp\/v2\/media?parent=11186"}],"curies":[{"name":"wp","href":"https:\/\/api.w.org\/{rel}","templated":true}]}}