{"id":11203,"date":"2025-07-23T12:45:55","date_gmt":"2025-07-23T12:45:55","guid":{"rendered":"https:\/\/www.radiance.al\/olsi-canga\/"},"modified":"2025-10-09T08:51:19","modified_gmt":"2025-10-09T08:51:19","slug":"olsi-canga","status":"publish","type":"page","link":"https:\/\/www.radiance.al\/de\/olsi-canga\/","title":{"rendered":"Olsi Canga"},"content":{"rendered":"\t\t<div data-elementor-type=\"wp-page\" data-elementor-id=\"11203\" class=\"elementor elementor-11203 elementor-7938\">\n\t\t\t\t<div class=\"elementor-element elementor-element-ee91e83 sticky_sec e-flex e-con-boxed e-con e-parent\" data-id=\"ee91e83\" data-element_type=\"container\" data-e-type=\"container\">\n\t\t\t\t\t<div class=\"e-con-inner\">\n\t\t<div class=\"elementor-element elementor-element-de1a327 e-con-full sticky-box e-flex e-con e-child\" data-id=\"de1a327\" data-element_type=\"container\" data-e-type=\"container\">\n\t\t\t\t<div class=\"elementor-element elementor-element-6863b4b elementor-widget elementor-widget-image\" data-id=\"6863b4b\" data-element_type=\"widget\" data-e-type=\"widget\" data-widget_type=\"image.default\">\n\t\t\t\t<div class=\"elementor-widget-container\">\n\t\t\t\t\t\t\t\t\t\t\t\t\t\t\t<img fetchpriority=\"high\" decoding=\"async\" width=\"945\" height=\"1181\" src=\"https:\/\/www.radiance.al\/wp-content\/uploads\/2025\/06\/staff23-1.jpg\" class=\"attachment-full size-full wp-image-11214\" alt=\"Coordinatore dentale che assiste pazienti e organizza appuntamenti presso Radiance Dental Hospital.\" srcset=\"https:\/\/www.radiance.al\/wp-content\/uploads\/2025\/06\/staff23-1.jpg 945w, https:\/\/www.radiance.al\/wp-content\/uploads\/2025\/06\/staff23-1-240x300.jpg 240w, https:\/\/www.radiance.al\/wp-content\/uploads\/2025\/06\/staff23-1-819x1024.jpg 819w, https:\/\/www.radiance.al\/wp-content\/uploads\/2025\/06\/staff23-1-768x960.jpg 768w\" sizes=\"(max-width: 945px) 100vw, 945px\" \/>\t\t\t\t\t\t\t\t\t\t\t\t\t\t\t<\/div>\n\t\t\t\t<\/div>\n\t\t\t\t<div class=\"elementor-element elementor-element-588ccfc elementor-widget elementor-widget-heading\" data-id=\"588ccfc\" data-element_type=\"widget\" data-e-type=\"widget\" data-widget_type=\"heading.default\">\n\t\t\t\t<div class=\"elementor-widget-container\">\n\t\t\t\t\t<h2 class=\"elementor-heading-title elementor-size-default\">Olsi Canka<\/h2>\t\t\t\t<\/div>\n\t\t\t\t<\/div>\n\t\t\t\t<div class=\"elementor-element elementor-element-aaa8cb0 elementor-widget elementor-widget-text-editor\" data-id=\"aaa8cb0\" data-element_type=\"widget\" data-e-type=\"widget\" data-widget_type=\"text-editor.default\">\n\t\t\t\t<div class=\"elementor-widget-container\">\n\t\t\t\t\t\t\t\t\t<p>Koordinator<\/p>\t\t\t\t\t\t\t\t<\/div>\n\t\t\t\t<\/div>\n\t\t\t\t<\/div>\n\t\t<div class=\"elementor-element elementor-element-5dcaccd e-con-full e-flex e-con e-child\" data-id=\"5dcaccd\" data-element_type=\"container\" data-e-type=\"container\">\n\t\t\t\t<div class=\"elementor-element elementor-element-a780d28 elementor-widget elementor-widget-heading\" data-id=\"a780d28\" data-element_type=\"widget\" data-e-type=\"widget\" data-widget_type=\"heading.default\">\n\t\t\t\t<div class=\"elementor-widget-container\">\n\t\t\t\t\t<h2 class=\"elementor-heading-title elementor-size-default\"><b>Pers\u00f6nliche Informationen<\/b><\/h2>\t\t\t\t<\/div>\n\t\t\t\t<\/div>\n\t\t\t\t<div class=\"elementor-element elementor-element-faa783e elementor-widget elementor-widget-text-editor\" data-id=\"faa783e\" data-element_type=\"widget\" data-e-type=\"widget\" data-widget_type=\"text-editor.default\">\n\t\t\t\t<div class=\"elementor-widget-container\">\n\t\t\t\t\t\t\t\t\t<p><strong>Vor- und Nachname:<\/strong> Olsi Canka<br><strong>Geburtsdatum:<\/strong> 24. Januar 1995<br><strong>Staatsangeh\u00f6rigkeit:<\/strong> Albanisch<br><strong>Sprachkenntnisse:<\/strong> Albanisch (Muttersprache), Italienisch, Englisch, Franz\u00f6sisch<\/p>\t\t\t\t\t\t\t\t<\/div>\n\t\t\t\t<\/div>\n\t\t\t\t<div class=\"elementor-element elementor-element-3735ac8 elementor-widget elementor-widget-spacer\" data-id=\"3735ac8\" data-element_type=\"widget\" data-e-type=\"widget\" data-widget_type=\"spacer.default\">\n\t\t\t\t<div class=\"elementor-widget-container\">\n\t\t\t\t\t\t\t<div class=\"elementor-spacer\">\n\t\t\t<div class=\"elementor-spacer-inner\"><\/div>\n\t\t<\/div>\n\t\t\t\t\t\t<\/div>\n\t\t\t\t<\/div>\n\t\t\t\t<div class=\"elementor-element elementor-element-bb93b3a elementor-widget elementor-widget-heading\" data-id=\"bb93b3a\" data-element_type=\"widget\" data-e-type=\"widget\" data-widget_type=\"heading.default\">\n\t\t\t\t<div class=\"elementor-widget-container\">\n\t\t\t\t\t<h2 class=\"elementor-heading-title elementor-size-default\"><b>Berufliches Profil<\/b><\/h2>\t\t\t\t<\/div>\n\t\t\t\t<\/div>\n\t\t\t\t<div class=\"elementor-element elementor-element-eebf357 elementor-widget elementor-widget-text-editor\" data-id=\"eebf357\" data-element_type=\"widget\" data-e-type=\"widget\" data-widget_type=\"text-editor.default\">\n\t\t\t\t<div class=\"elementor-widget-container\">\n\t\t\t\t\t\t\t\t\t<p>Olsi Canka verf\u00fcgt \u00fcber mehr als 10 Jahre Erfahrung in den Bereichen Management, Koordination und Organisation. Sie hat sowohl in Unternehmen verschiedener Branchen als auch in Zahnkliniken gearbeitet.<\/p><p><br>Er verf\u00fcgt \u00fcber ausgepr\u00e4gte F\u00e4higkeiten in der Leitung von Teams, der Optimierung von Arbeitsabl\u00e4ufen und der Erbringung hochwertiger Dienstleistungen f\u00fcr Kunden.<\/p><p> <\/p><p><span lang=\"EN-US\">Dank seiner hervorragenden Kommunikationsf\u00e4higkeiten und seiner organisatorischen Einstellung ist Olsi ein Schl\u00fcsselelement bei der Unterst\u00fctzung der t\u00e4glichen Aktivit\u00e4ten und der Zusammenarbeit mit verschiedenen Abteilungen.<\/span><\/p><p><span lang=\"EN-US\"><br>Dank seiner flie\u00dfenden Sprachkenntnisse in Italienisch, Englisch und Franz\u00f6sisch kann er effektiv mit internationalen Patienten und Partnern interagieren und tr\u00e4gt so zur Aufrechterhaltung der hohen professionellen Standards von Radiance Dental Hospital bei.<\/span><\/p>\t\t\t\t\t\t\t\t<\/div>\n\t\t\t\t<\/div>\n\t\t\t\t<div class=\"elementor-element elementor-element-c7eca24 elementor-widget elementor-widget-spacer\" data-id=\"c7eca24\" data-element_type=\"widget\" data-e-type=\"widget\" data-widget_type=\"spacer.default\">\n\t\t\t\t<div class=\"elementor-widget-container\">\n\t\t\t\t\t\t\t<div class=\"elementor-spacer\">\n\t\t\t<div class=\"elementor-spacer-inner\"><\/div>\n\t\t<\/div>\n\t\t\t\t\t\t<\/div>\n\t\t\t\t<\/div>\n\t\t\t\t<div class=\"elementor-element elementor-element-d5f4d37 elementor-widget elementor-widget-heading\" data-id=\"d5f4d37\" data-element_type=\"widget\" data-e-type=\"widget\" data-widget_type=\"heading.default\">\n\t\t\t\t<div class=\"elementor-widget-container\">\n\t\t\t\t\t<h2 class=\"elementor-heading-title elementor-size-default\"><b>Berufliche Erfahrung<\/b><\/h2>\t\t\t\t<\/div>\n\t\t\t\t<\/div>\n\t\t\t\t<div class=\"elementor-element elementor-element-5e18c30 elementor-widget elementor-widget-text-editor\" data-id=\"5e18c30\" data-element_type=\"widget\" data-e-type=\"widget\" data-widget_type=\"text-editor.default\">\n\t\t\t\t<div class=\"elementor-widget-container\">\n\t\t\t\t\t\t\t\t\t<p><strong>Radiance Zahnklinik &#8211; Tirana<\/strong><\/p>\t\t\t\t\t\t\t\t<\/div>\n\t\t\t\t<\/div>\n\t\t\t\t<div class=\"elementor-element elementor-element-e2f80e0 elementor-widget elementor-widget-text-editor\" data-id=\"e2f80e0\" data-element_type=\"widget\" data-e-type=\"widget\" data-widget_type=\"text-editor.default\">\n\t\t\t\t<div class=\"elementor-widget-container\">\n\t\t\t\t\t\t\t\t\t<p>Koordinator f\u00fcr Betrieb und Patientenbetreuung<\/p>\t\t\t\t\t\t\t\t<\/div>\n\t\t\t\t<\/div>\n\t\t\t\t<div class=\"elementor-element elementor-element-b938fd8 elementor-widget elementor-widget-text-editor\" data-id=\"b938fd8\" data-element_type=\"widget\" data-e-type=\"widget\" data-widget_type=\"text-editor.default\">\n\t\t\t\t<div class=\"elementor-widget-container\">\n\t\t\t\t\t\t\t\t\t<p>&#8211; Management und Koordination von Patientenpfaden<br>&#8211; Optimierung interner Prozesse und Arbeitsabl\u00e4ufe<br>&#8211; Kommunikation mit italienischen und internationalen Patienten<br>&#8211; Unterst\u00fctzung bei der strategischen Planung und Organisationsentwicklung<\/p>\t\t\t\t\t\t\t\t<\/div>\n\t\t\t\t<\/div>\n\t\t\t\t<div class=\"elementor-element elementor-element-5be8dfd elementor-widget elementor-widget-spacer\" data-id=\"5be8dfd\" data-element_type=\"widget\" data-e-type=\"widget\" data-widget_type=\"spacer.default\">\n\t\t\t\t<div class=\"elementor-widget-container\">\n\t\t\t\t\t\t\t<div class=\"elementor-spacer\">\n\t\t\t<div class=\"elementor-spacer-inner\"><\/div>\n\t\t<\/div>\n\t\t\t\t\t\t<\/div>\n\t\t\t\t<\/div>\n\t\t\t\t<div class=\"elementor-element elementor-element-56064fc elementor-widget elementor-widget-heading\" data-id=\"56064fc\" data-element_type=\"widget\" data-e-type=\"widget\" data-widget_type=\"heading.default\">\n\t\t\t\t<div class=\"elementor-widget-container\">\n\t\t\t\t\t<h2 class=\"elementor-heading-title elementor-size-default\"><b>Akademische Ausbildung<\/b><\/h2>\t\t\t\t<\/div>\n\t\t\t\t<\/div>\n\t\t\t\t<div class=\"elementor-element elementor-element-3ae7d52 elementor-widget elementor-widget-text-editor\" data-id=\"3ae7d52\" data-element_type=\"widget\" data-e-type=\"widget\" data-widget_type=\"text-editor.default\">\n\t\t\t\t<div class=\"elementor-widget-container\">\n\t\t\t\t\t\t\t\t\t<p><strong>Wissenschaftlicher Master in Finanz- und Rechnungswesen<\/strong><\/p>\t\t\t\t\t\t\t\t<\/div>\n\t\t\t\t<\/div>\n\t\t\t\t<div class=\"elementor-element elementor-element-c9550ce elementor-widget elementor-widget-text-editor\" data-id=\"c9550ce\" data-element_type=\"widget\" data-e-type=\"widget\" data-widget_type=\"text-editor.default\">\n\t\t\t\t<div class=\"elementor-widget-container\">\n\t\t\t\t\t\t\t\t\t<p>Landwirtschaftliche Universit\u00e4t von Tirana &#8211; Tirana<\/p>\t\t\t\t\t\t\t\t<\/div>\n\t\t\t\t<\/div>\n\t\t\t\t<div class=\"elementor-element elementor-element-e9077e0 elementor-widget elementor-widget-text-editor\" data-id=\"e9077e0\" data-element_type=\"widget\" data-e-type=\"widget\" data-widget_type=\"text-editor.default\">\n\t\t\t\t<div class=\"elementor-widget-container\">\n\t\t\t\t\t\t\t\t\t<p><strong>Spezialisierung in An\u00e4sthesie und Wiederbelebung<\/strong><\/p>\t\t\t\t\t\t\t\t<\/div>\n\t\t\t\t<\/div>\n\t\t\t\t<div class=\"elementor-element elementor-element-620ab81 elementor-widget elementor-widget-text-editor\" data-id=\"620ab81\" data-element_type=\"widget\" data-e-type=\"widget\" data-widget_type=\"text-editor.default\">\n\t\t\t\t<div class=\"elementor-widget-container\">\n\t\t\t\t\t\t\t\t\t<p>Universit\u00e4t f\u00fcr Medizin &#8211; Abteilung f\u00fcr <strong>Intensivpflege<\/strong><\/p>\t\t\t\t\t\t\t\t<\/div>\n\t\t\t\t<\/div>\n\t\t\t\t<\/div>\n\t\t\t\t\t<\/div>\n\t\t\t\t<\/div>\n\t\t\t\t<\/div>\n\t\t","protected":false},"excerpt":{"rendered":"<p>Olsi Canka Koordinator Pers\u00f6nliche Informationen Vor- und Nachname: Olsi CankaGeburtsdatum: 24. Januar 1995Staatsangeh\u00f6rigkeit: AlbanischSprachkenntnisse: Albanisch (Muttersprache), Italienisch, Englisch, Franz\u00f6sisch Berufliches Profil Olsi Canka verf\u00fcgt \u00fcber mehr als 10 Jahre Erfahrung in den Bereichen Management, Koordination und Organisation. Sie hat sowohl in Unternehmen verschiedener Branchen als auch in Zahnkliniken gearbeitet. Er [&hellip;]<\/p>\n","protected":false},"author":4,"featured_media":11214,"parent":0,"menu_order":0,"comment_status":"closed","ping_status":"closed","template":"elementor_header_footer","meta":{"_acf_changed":false,"footnotes":""},"class_list":["post-11203","page","type-page","status-publish","has-post-thumbnail","hentry"],"acf":[],"yoast_head":"<!-- This site is optimized with the Yoast SEO Premium plugin v27.4 (Yoast SEO v27.6) - https:\/\/yoast.com\/product\/yoast-seo-premium-wordpress\/ -->\n<title>Olsi Canka - Operations Coordinator mit mehr als 10 Jahren Erfahrung<\/title>\n<meta name=\"description\" content=\"Olsi Canka, ein Profi mit mehr als 10 Jahren Erfahrung in Management und Koordination.\" \/>\n<meta name=\"robots\" content=\"index, follow, max-snippet:-1, max-image-preview:large, max-video-preview:-1\" \/>\n<link rel=\"canonical\" href=\"https:\/\/www.radiance.al\/de\/olsi-canga\/\" \/>\n<meta property=\"og:locale\" content=\"de_DE\" \/>\n<meta property=\"og:type\" content=\"article\" \/>\n<meta property=\"og:title\" content=\"Joana Shira: Profil einer erfahrenen Krankenschwester\" \/>\n<meta property=\"og:description\" content=\"Lernen Sie Joana Shira kennen, eine engagierte diplomierte Krankenschwester mit vielf\u00e4ltiger Krankenhauserfahrung und F\u00e4higkeiten in der Patientenpflege und Teamarbeit.\" \/>\n<meta property=\"og:url\" content=\"https:\/\/www.radiance.al\/de\/olsi-canga\/\" \/>\n<meta property=\"og:site_name\" content=\"RADIANCE.AL\" \/>\n<meta property=\"article:publisher\" content=\"https:\/\/www.instagram.com\/radiance_al\/?hl=en\" \/>\n<meta property=\"article:modified_time\" content=\"2025-10-09T08:51:19+00:00\" \/>\n<meta property=\"og:image\" content=\"https:\/\/www.radiance.al\/wp-content\/uploads\/2025\/06\/staff23-1.jpg\" \/>\n\t<meta property=\"og:image:width\" content=\"945\" \/>\n\t<meta property=\"og:image:height\" content=\"1181\" \/>\n\t<meta property=\"og:image:type\" content=\"image\/jpeg\" \/>\n<meta name=\"twitter:card\" content=\"summary_large_image\" \/>\n<meta name=\"twitter:title\" content=\"Lernen Sie Joana Shira kennen, eine engagierte diplomierte Krankenschwester mit vielf\u00e4ltiger Krankenhauserfahrung und F\u00e4higkeiten in der Patientenpflege und Teamarbeit.\" \/>\n<meta name=\"twitter:description\" content=\"Joana Shira: Profil einer erfahrenen Krankenschwester\" \/>\n<meta name=\"twitter:label1\" content=\"Gesch\u00e4tzte Lesezeit\" \/>\n\t<meta name=\"twitter:data1\" content=\"1\u00a0Minute\" \/>\n<script type=\"application\/ld+json\" class=\"yoast-schema-graph\">{\"@context\":\"https:\\\/\\\/schema.org\",\"@graph\":[{\"@type\":\"WebPage\",\"@id\":\"https:\\\/\\\/www.radiance.al\\\/de\\\/olsi-canga\\\/\",\"url\":\"https:\\\/\\\/www.radiance.al\\\/de\\\/olsi-canga\\\/\",\"name\":\"Olsi Canka - Operations Coordinator mit mehr als 10 Jahren Erfahrung\",\"isPartOf\":{\"@id\":\"https:\\\/\\\/www.radiance.al\\\/de\\\/#website\"},\"primaryImageOfPage\":{\"@id\":\"https:\\\/\\\/www.radiance.al\\\/de\\\/olsi-canga\\\/#primaryimage\"},\"image\":{\"@id\":\"https:\\\/\\\/www.radiance.al\\\/de\\\/olsi-canga\\\/#primaryimage\"},\"thumbnailUrl\":\"https:\\\/\\\/www.radiance.al\\\/wp-content\\\/uploads\\\/2025\\\/06\\\/staff23-1.jpg\",\"datePublished\":\"2025-07-23T12:45:55+00:00\",\"dateModified\":\"2025-10-09T08:51:19+00:00\",\"description\":\"Olsi Canka, ein Profi mit mehr als 10 Jahren Erfahrung in Management und Koordination.\",\"breadcrumb\":{\"@id\":\"https:\\\/\\\/www.radiance.al\\\/de\\\/olsi-canga\\\/#breadcrumb\"},\"inLanguage\":\"de\",\"potentialAction\":[{\"@type\":\"ReadAction\",\"target\":[\"https:\\\/\\\/www.radiance.al\\\/de\\\/olsi-canga\\\/\"]}]},{\"@type\":\"ImageObject\",\"inLanguage\":\"de\",\"@id\":\"https:\\\/\\\/www.radiance.al\\\/de\\\/olsi-canga\\\/#primaryimage\",\"url\":\"https:\\\/\\\/www.radiance.al\\\/wp-content\\\/uploads\\\/2025\\\/06\\\/staff23-1.jpg\",\"contentUrl\":\"https:\\\/\\\/www.radiance.al\\\/wp-content\\\/uploads\\\/2025\\\/06\\\/staff23-1.jpg\",\"width\":945,\"height\":1181,\"caption\":\"Il coordinatore dentale facilita il percorso terapeutico dei pazienti, garantendo comunicazione efficace e assistenza continua.\"},{\"@type\":\"BreadcrumbList\",\"@id\":\"https:\\\/\\\/www.radiance.al\\\/de\\\/olsi-canga\\\/#breadcrumb\",\"itemListElement\":[{\"@type\":\"ListItem\",\"position\":1,\"name\":\"Home\",\"item\":\"https:\\\/\\\/www.radiance.al\\\/de\\\/\"},{\"@type\":\"ListItem\",\"position\":2,\"name\":\"Olsi Canga\"}]},{\"@type\":\"WebSite\",\"@id\":\"https:\\\/\\\/www.radiance.al\\\/de\\\/#website\",\"url\":\"https:\\\/\\\/www.radiance.al\\\/de\\\/\",\"name\":\"RADIANCE.AL\",\"description\":\"RADIANCE DENTAL HOSPITAL\",\"publisher\":{\"@id\":\"https:\\\/\\\/www.radiance.al\\\/de\\\/#organization\"},\"potentialAction\":[{\"@type\":\"SearchAction\",\"target\":{\"@type\":\"EntryPoint\",\"urlTemplate\":\"https:\\\/\\\/www.radiance.al\\\/de\\\/?s={search_term_string}\"},\"query-input\":{\"@type\":\"PropertyValueSpecification\",\"valueRequired\":true,\"valueName\":\"search_term_string\"}}],\"inLanguage\":\"de\"},{\"@type\":\"Organization\",\"@id\":\"https:\\\/\\\/www.radiance.al\\\/de\\\/#organization\",\"name\":\"RADIANCE.AL\",\"alternateName\":\"Radiance Dental Hospital\",\"url\":\"https:\\\/\\\/www.radiance.al\\\/de\\\/\",\"logo\":{\"@type\":\"ImageObject\",\"inLanguage\":\"de\",\"@id\":\"https:\\\/\\\/www.radiance.al\\\/de\\\/#\\\/schema\\\/logo\\\/image\\\/\",\"url\":\"https:\\\/\\\/www.radiance.al\\\/wp-content\\\/uploads\\\/2025\\\/05\\\/faviconn.jpeg\",\"contentUrl\":\"https:\\\/\\\/www.radiance.al\\\/wp-content\\\/uploads\\\/2025\\\/05\\\/faviconn.jpeg\",\"width\":48,\"height\":48,\"caption\":\"RADIANCE.AL\"},\"image\":{\"@id\":\"https:\\\/\\\/www.radiance.al\\\/de\\\/#\\\/schema\\\/logo\\\/image\\\/\"},\"sameAs\":[\"https:\\\/\\\/www.instagram.com\\\/radiance_al\\\/?hl=en\"],\"description\":\"\\\"Radiance Dental Hospital n\u00eb Shqip\u00ebri: spital dentar modern me teknologji 3D, implantologji, estetik\u00eb dhe specialist\u00eb me mbi 15 vite p\u00ebrvoj\u00eb. Prenoto konsult\u00ebn falas!\\\"\",\"email\":\"info@radiance.al\",\"telephone\":\"+355694799949\",\"legalName\":\"Radiance Dental Hospital\",\"foundingDate\":\"2025-03-18\",\"numberOfEmployees\":{\"@type\":\"QuantitativeValue\",\"minValue\":\"11\",\"maxValue\":\"50\"}}]}<\/script>\n<!-- \/ Yoast SEO Premium plugin. -->","yoast_head_json":{"title":"Olsi Canka - Operations Coordinator mit mehr als 10 Jahren Erfahrung","description":"Olsi Canka, ein Profi mit mehr als 10 Jahren Erfahrung in Management und Koordination.","robots":{"index":"index","follow":"follow","max-snippet":"max-snippet:-1","max-image-preview":"max-image-preview:large","max-video-preview":"max-video-preview:-1"},"canonical":"https:\/\/www.radiance.al\/de\/olsi-canga\/","og_locale":"de_DE","og_type":"article","og_title":"Joana Shira: Profil einer erfahrenen Krankenschwester","og_description":"Lernen Sie Joana Shira kennen, eine engagierte diplomierte Krankenschwester mit vielf\u00e4ltiger Krankenhauserfahrung und F\u00e4higkeiten in der Patientenpflege und Teamarbeit.","og_url":"https:\/\/www.radiance.al\/de\/olsi-canga\/","og_site_name":"RADIANCE.AL","article_publisher":"https:\/\/www.instagram.com\/radiance_al\/?hl=en","article_modified_time":"2025-10-09T08:51:19+00:00","og_image":[{"width":945,"height":1181,"url":"https:\/\/www.radiance.al\/wp-content\/uploads\/2025\/06\/staff23-1.jpg","type":"image\/jpeg"}],"twitter_card":"summary_large_image","twitter_title":"Lernen Sie Joana Shira kennen, eine engagierte diplomierte Krankenschwester mit vielf\u00e4ltiger Krankenhauserfahrung und F\u00e4higkeiten in der Patientenpflege und Teamarbeit.","twitter_description":"Joana Shira: Profil einer erfahrenen Krankenschwester","twitter_misc":{"Gesch\u00e4tzte Lesezeit":"1\u00a0Minute"},"schema":{"@context":"https:\/\/schema.org","@graph":[{"@type":"WebPage","@id":"https:\/\/www.radiance.al\/de\/olsi-canga\/","url":"https:\/\/www.radiance.al\/de\/olsi-canga\/","name":"Olsi Canka - Operations Coordinator mit mehr als 10 Jahren Erfahrung","isPartOf":{"@id":"https:\/\/www.radiance.al\/de\/#website"},"primaryImageOfPage":{"@id":"https:\/\/www.radiance.al\/de\/olsi-canga\/#primaryimage"},"image":{"@id":"https:\/\/www.radiance.al\/de\/olsi-canga\/#primaryimage"},"thumbnailUrl":"https:\/\/www.radiance.al\/wp-content\/uploads\/2025\/06\/staff23-1.jpg","datePublished":"2025-07-23T12:45:55+00:00","dateModified":"2025-10-09T08:51:19+00:00","description":"Olsi Canka, ein Profi mit mehr als 10 Jahren Erfahrung in Management und Koordination.","breadcrumb":{"@id":"https:\/\/www.radiance.al\/de\/olsi-canga\/#breadcrumb"},"inLanguage":"de","potentialAction":[{"@type":"ReadAction","target":["https:\/\/www.radiance.al\/de\/olsi-canga\/"]}]},{"@type":"ImageObject","inLanguage":"de","@id":"https:\/\/www.radiance.al\/de\/olsi-canga\/#primaryimage","url":"https:\/\/www.radiance.al\/wp-content\/uploads\/2025\/06\/staff23-1.jpg","contentUrl":"https:\/\/www.radiance.al\/wp-content\/uploads\/2025\/06\/staff23-1.jpg","width":945,"height":1181,"caption":"Il coordinatore dentale facilita il percorso terapeutico dei pazienti, garantendo comunicazione efficace e assistenza continua."},{"@type":"BreadcrumbList","@id":"https:\/\/www.radiance.al\/de\/olsi-canga\/#breadcrumb","itemListElement":[{"@type":"ListItem","position":1,"name":"Home","item":"https:\/\/www.radiance.al\/de\/"},{"@type":"ListItem","position":2,"name":"Olsi Canga"}]},{"@type":"WebSite","@id":"https:\/\/www.radiance.al\/de\/#website","url":"https:\/\/www.radiance.al\/de\/","name":"RADIANCE.AL","description":"RADIANCE DENTAL HOSPITAL","publisher":{"@id":"https:\/\/www.radiance.al\/de\/#organization"},"potentialAction":[{"@type":"SearchAction","target":{"@type":"EntryPoint","urlTemplate":"https:\/\/www.radiance.al\/de\/?s={search_term_string}"},"query-input":{"@type":"PropertyValueSpecification","valueRequired":true,"valueName":"search_term_string"}}],"inLanguage":"de"},{"@type":"Organization","@id":"https:\/\/www.radiance.al\/de\/#organization","name":"RADIANCE.AL","alternateName":"Radiance Dental Hospital","url":"https:\/\/www.radiance.al\/de\/","logo":{"@type":"ImageObject","inLanguage":"de","@id":"https:\/\/www.radiance.al\/de\/#\/schema\/logo\/image\/","url":"https:\/\/www.radiance.al\/wp-content\/uploads\/2025\/05\/faviconn.jpeg","contentUrl":"https:\/\/www.radiance.al\/wp-content\/uploads\/2025\/05\/faviconn.jpeg","width":48,"height":48,"caption":"RADIANCE.AL"},"image":{"@id":"https:\/\/www.radiance.al\/de\/#\/schema\/logo\/image\/"},"sameAs":["https:\/\/www.instagram.com\/radiance_al\/?hl=en"],"description":"\"Radiance Dental Hospital n\u00eb Shqip\u00ebri: spital dentar modern me teknologji 3D, implantologji, estetik\u00eb dhe specialist\u00eb me mbi 15 vite p\u00ebrvoj\u00eb. Prenoto konsult\u00ebn falas!\"","email":"info@radiance.al","telephone":"+355694799949","legalName":"Radiance Dental Hospital","foundingDate":"2025-03-18","numberOfEmployees":{"@type":"QuantitativeValue","minValue":"11","maxValue":"50"}}]}},"_links":{"self":[{"href":"https:\/\/www.radiance.al\/de\/wp-json\/wp\/v2\/pages\/11203","targetHints":{"allow":["GET"]}}],"collection":[{"href":"https:\/\/www.radiance.al\/de\/wp-json\/wp\/v2\/pages"}],"about":[{"href":"https:\/\/www.radiance.al\/de\/wp-json\/wp\/v2\/types\/page"}],"author":[{"embeddable":true,"href":"https:\/\/www.radiance.al\/de\/wp-json\/wp\/v2\/users\/4"}],"replies":[{"embeddable":true,"href":"https:\/\/www.radiance.al\/de\/wp-json\/wp\/v2\/comments?post=11203"}],"version-history":[{"count":1,"href":"https:\/\/www.radiance.al\/de\/wp-json\/wp\/v2\/pages\/11203\/revisions"}],"predecessor-version":[{"id":11215,"href":"https:\/\/www.radiance.al\/de\/wp-json\/wp\/v2\/pages\/11203\/revisions\/11215"}],"wp:featuredmedia":[{"embeddable":true,"href":"https:\/\/www.radiance.al\/de\/wp-json\/wp\/v2\/media\/11214"}],"wp:attachment":[{"href":"https:\/\/www.radiance.al\/de\/wp-json\/wp\/v2\/media?parent=11203"}],"curies":[{"name":"wp","href":"https:\/\/api.w.org\/{rel}","templated":true}]}}