{"id":7505,"date":"2025-05-19T06:59:22","date_gmt":"2025-05-19T06:59:22","guid":{"rendered":"https:\/\/www.radiance.al\/allgemeine-zahnmedizin\/"},"modified":"2025-09-29T16:00:20","modified_gmt":"2025-09-29T16:00:20","slug":"allgemeine-zahnmedizin","status":"publish","type":"page","link":"https:\/\/www.radiance.al\/de\/allgemeine-zahnmedizin\/","title":{"rendered":"Allgemeine Zahnmedizin"},"content":{"rendered":"\t\t<div data-elementor-type=\"wp-page\" data-elementor-id=\"7505\" class=\"elementor elementor-7505 elementor-7781\">\n\t\t\t\t<div class=\"elementor-element elementor-element-142aa4b6 e-con-full e-flex e-con e-parent\" data-id=\"142aa4b6\" data-element_type=\"container\" data-e-type=\"container\">\n\t\t<div class=\"elementor-element elementor-element-254f7d5a e-con-full e-flex e-con e-child\" data-id=\"254f7d5a\" data-element_type=\"container\" data-e-type=\"container\">\n\t\t\t\t<div class=\"elementor-element elementor-element-39e519e elementor-widget elementor-widget-spacer\" data-id=\"39e519e\" data-element_type=\"widget\" data-e-type=\"widget\" data-widget_type=\"spacer.default\">\n\t\t\t\t<div class=\"elementor-widget-container\">\n\t\t\t\t\t\t\t<div class=\"elementor-spacer\">\n\t\t\t<div class=\"elementor-spacer-inner\"><\/div>\n\t\t<\/div>\n\t\t\t\t\t\t<\/div>\n\t\t\t\t<\/div>\n\t\t\t\t<div class=\"elementor-element elementor-element-0b2e833 elementor-widget elementor-widget-image\" data-id=\"0b2e833\" data-element_type=\"widget\" data-e-type=\"widget\" data-widget_type=\"image.default\">\n\t\t\t\t<div class=\"elementor-widget-container\">\n\t\t\t\t\t\t\t\t\t\t\t\t\t\t\t<img fetchpriority=\"high\" decoding=\"async\" width=\"640\" height=\"800\" src=\"https:\/\/www.radiance.al\/wp-content\/uploads\/2025\/06\/odontoiatria-generale\u200b-819x1024.jpg\" class=\"attachment-large size-large wp-image-8263\" alt=\"Sorriso estetico con guida colore dentale \u2013 trattamento odontoiatrico estetico\" srcset=\"https:\/\/www.radiance.al\/wp-content\/uploads\/2025\/06\/odontoiatria-generale\u200b-819x1024.jpg 819w, https:\/\/www.radiance.al\/wp-content\/uploads\/2025\/06\/odontoiatria-generale\u200b-240x300.jpg 240w, https:\/\/www.radiance.al\/wp-content\/uploads\/2025\/06\/odontoiatria-generale\u200b-768x960.jpg 768w, https:\/\/www.radiance.al\/wp-content\/uploads\/2025\/06\/odontoiatria-generale\u200b.jpg 1080w\" sizes=\"(max-width: 640px) 100vw, 640px\" \/>\t\t\t\t\t\t\t\t\t\t\t\t\t\t\t<\/div>\n\t\t\t\t<\/div>\n\t\t\t\t<\/div>\n\t\t<div class=\"elementor-element elementor-element-442d2b42 e-con-full e-flex e-con e-child\" data-id=\"442d2b42\" data-element_type=\"container\" data-e-type=\"container\" data-settings=\"{&quot;background_background&quot;:&quot;classic&quot;}\">\n\t\t\t\t<div class=\"elementor-element elementor-element-55cd3dee elementor-widget elementor-widget-heading\" data-id=\"55cd3dee\" data-element_type=\"widget\" data-e-type=\"widget\" data-widget_type=\"heading.default\">\n\t\t\t\t<div class=\"elementor-widget-container\">\n\t\t\t\t\t<h1 class=\"elementor-heading-title elementor-size-default\">Allgemeine Zahnmedizin<\/h1>\t\t\t\t<\/div>\n\t\t\t\t<\/div>\n\t\t\t\t<div class=\"elementor-element elementor-element-1d3afe8 elementor-widget elementor-widget-text-editor\" data-id=\"1d3afe8\" data-element_type=\"widget\" data-e-type=\"widget\" data-widget_type=\"text-editor.default\">\n\t\t\t\t<div class=\"elementor-widget-container\">\n\t\t\t\t\t\t\t\t\t<p class=\"peragraf\">&nbsp;In der <strong data-start=\"214\" data-end=\"237\">Radiance Zahnklinik<\/strong> k\u00fcmmern wir uns in jeder Lebensphase um Ihr <strong data-start=\"282\" data-end=\"293\">L\u00e4cheln<\/strong> \u2013 mit <strong data-start=\"300\" data-end=\"312\">modernen<\/strong>, <strong data-start=\"314\" data-end=\"326\">sicheren<\/strong> und <strong data-start=\"331\" data-end=\"372\">individuell abgestimmten Behandlungen<\/strong>. Unser Ziel ist es, Ihnen eine <strong data-start=\"404\" data-end=\"427\">angenehme Erfahrung<\/strong> und <strong data-start=\"432\" data-end=\"458\">nachhaltige Ergebnisse<\/strong> in einer <strong data-start=\"468\" data-end=\"487\">professionellen<\/strong> und <strong data-start=\"492\" data-end=\"516\">einladenden Umgebung<\/strong> zu bieten.<\/p>\t\t\t\t\t\t\t\t<\/div>\n\t\t\t\t<\/div>\n\t\t<div class=\"elementor-element elementor-element-cdb4951 e-flex e-con-boxed e-con e-child\" data-id=\"cdb4951\" data-element_type=\"container\" data-e-type=\"container\">\n\t\t\t\t\t<div class=\"e-con-inner\">\n\t\t\t\t<div class=\"elementor-element elementor-element-d8d38a0 elementor-widget__width-inherit elementor-widget elementor-widget-heading\" data-id=\"d8d38a0\" data-element_type=\"widget\" data-e-type=\"widget\" data-widget_type=\"heading.default\">\n\t\t\t\t<div class=\"elementor-widget-container\">\n\t\t\t\t\t<h3 class=\"elementor-heading-title elementor-size-default\"><b>Pr\u00e4vention und Mundhygiene<\/b><\/h3>\t\t\t\t<\/div>\n\t\t\t\t<\/div>\n\t\t\t\t<div class=\"elementor-element elementor-element-dc3d08e elementor-widget elementor-widget-text-editor\" data-id=\"dc3d08e\" data-element_type=\"widget\" data-e-type=\"widget\" data-widget_type=\"text-editor.default\">\n\t\t\t\t<div class=\"elementor-widget-container\">\n\t\t\t\t\t\t\t\t\t<p class=\"peragraf\">Regelm\u00e4\u00dfige <strong data-start=\"579\" data-end=\"605\">Kontrolluntersuchungen<\/strong> und <strong data-start=\"610\" data-end=\"644\">professionelle Zahnreinigungen<\/strong> helfen, <strong data-start=\"653\" data-end=\"662\">Z\u00e4hne<\/strong> und <strong data-start=\"667\" data-end=\"682\">Zahnfleisch<\/strong> gesund zu halten und <strong data-start=\"704\" data-end=\"714\">Karies<\/strong> sowie <strong data-start=\"721\" data-end=\"737\">Entz\u00fcndungen<\/strong> vorzubeugen.<\/p>\t\t\t\t\t\t\t\t<\/div>\n\t\t\t\t<\/div>\n\t\t\t\t<div class=\"elementor-element elementor-element-9ad0791 elementor-widget elementor-widget-spacer\" data-id=\"9ad0791\" data-element_type=\"widget\" data-e-type=\"widget\" data-widget_type=\"spacer.default\">\n\t\t\t\t<div class=\"elementor-widget-container\">\n\t\t\t\t\t\t\t<div class=\"elementor-spacer\">\n\t\t\t<div class=\"elementor-spacer-inner\"><\/div>\n\t\t<\/div>\n\t\t\t\t\t\t<\/div>\n\t\t\t\t<\/div>\n\t\t\t\t<div class=\"elementor-element elementor-element-68caba2 elementor-widget__width-inherit elementor-widget elementor-widget-heading\" data-id=\"68caba2\" data-element_type=\"widget\" data-e-type=\"widget\" data-widget_type=\"heading.default\">\n\t\t\t\t<div class=\"elementor-widget-container\">\n\t\t\t\t\t<h3 class=\"elementor-heading-title elementor-size-default\"><b>Umfassende Pflege f\u00fcr jeden Bedarf<\/b><\/h3>\t\t\t\t<\/div>\n\t\t\t\t<\/div>\n\t\t\t\t<div class=\"elementor-element elementor-element-241f4bb elementor-widget elementor-widget-text-editor\" data-id=\"241f4bb\" data-element_type=\"widget\" data-e-type=\"widget\" data-widget_type=\"text-editor.default\">\n\t\t\t\t<div class=\"elementor-widget-container\">\n\t\t\t\t\t\t\t\t\t<p class=\"peragraf\">Von <strong data-start=\"806\" data-end=\"835\">konservativer Zahnmedizin<\/strong> \u00fcber <strong data-start=\"841\" data-end=\"855\">Endodontie<\/strong> und <strong data-start=\"860\" data-end=\"878\">Parodontologie<\/strong> bis hin zu <strong data-start=\"890\" data-end=\"922\">oralchirurgischen Eingriffen<\/strong> \u2013 wir bieten L\u00f6sungen f\u00fcr jedes <strong data-start=\"955\" data-end=\"983\">zahnmedizinische Problem<\/strong>.<\/p>\t\t\t\t\t\t\t\t<\/div>\n\t\t\t\t<\/div>\n\t\t\t\t<div class=\"elementor-element elementor-element-0d4e5a4 elementor-widget elementor-widget-spacer\" data-id=\"0d4e5a4\" data-element_type=\"widget\" data-e-type=\"widget\" data-widget_type=\"spacer.default\">\n\t\t\t\t<div class=\"elementor-widget-container\">\n\t\t\t\t\t\t\t<div class=\"elementor-spacer\">\n\t\t\t<div class=\"elementor-spacer-inner\"><\/div>\n\t\t<\/div>\n\t\t\t\t\t\t<\/div>\n\t\t\t\t<\/div>\n\t\t\t\t<div class=\"elementor-element elementor-element-d52d561 elementor-widget__width-inherit elementor-widget elementor-widget-heading\" data-id=\"d52d561\" data-element_type=\"widget\" data-e-type=\"widget\" data-widget_type=\"heading.default\">\n\t\t\t\t<div class=\"elementor-widget-container\">\n\t\t\t\t\t<h3 class=\"elementor-heading-title elementor-size-default\"><b>Fortschrittliche digitale Technologien<\/b><\/h3>\t\t\t\t<\/div>\n\t\t\t\t<\/div>\n\t\t\t\t<div class=\"elementor-element elementor-element-51ad8e6 elementor-widget elementor-widget-text-editor\" data-id=\"51ad8e6\" data-element_type=\"widget\" data-e-type=\"widget\" data-widget_type=\"text-editor.default\">\n\t\t\t\t<div class=\"elementor-widget-container\">\n\t\t\t\t\t\t\t\t\t<p class=\"peragraf\">Dank <strong data-start=\"1041\" data-end=\"1067\">modernster Instrumente<\/strong> erm\u00f6glichen wir <strong data-start=\"1084\" data-end=\"1096\">schnelle<\/strong>, <strong data-start=\"1098\" data-end=\"1119\">pr\u00e4zise Diagnosen<\/strong> und machen jede <strong data-start=\"1136\" data-end=\"1150\">Behandlung<\/strong> <strong data-start=\"1151\" data-end=\"1167\">komfortabler<\/strong> und <strong data-start=\"1172\" data-end=\"1186\">schonender<\/strong>.<\/p>\t\t\t\t\t\t\t\t<\/div>\n\t\t\t\t<\/div>\n\t\t\t\t<div class=\"elementor-element elementor-element-4df4b12 elementor-widget__width-inherit elementor-widget elementor-widget-heading\" data-id=\"4df4b12\" data-element_type=\"widget\" data-e-type=\"widget\" data-widget_type=\"heading.default\">\n\t\t\t\t<div class=\"elementor-widget-container\">\n\t\t\t\t\t<h3 class=\"elementor-heading-title elementor-size-default\"><b>\u00c4sthetik des L\u00e4chelns<\/b><\/h3>\t\t\t\t<\/div>\n\t\t\t\t<\/div>\n\t\t\t\t<div class=\"elementor-element elementor-element-5057ffc elementor-widget elementor-widget-text-editor\" data-id=\"5057ffc\" data-element_type=\"widget\" data-e-type=\"widget\" data-widget_type=\"text-editor.default\">\n\t\t\t\t<div class=\"elementor-widget-container\">\n\t\t\t\t\t\t\t\t\t<p class=\"peragraf\">Ob <strong data-start=\"1227\" data-end=\"1245\">Zahnaufhellung<\/strong>, <strong data-start=\"1247\" data-end=\"1258\">Veneers<\/strong> oder <strong data-start=\"1264\" data-end=\"1294\">\u00e4sthetische Restaurationen<\/strong> \u2013 wir verhelfen Ihnen zu einem <strong data-start=\"1326\" data-end=\"1341\">nat\u00fcrlichen<\/strong> und <strong data-start=\"1346\" data-end=\"1370\">harmonischen L\u00e4cheln<\/strong>.<\/p>\t\t\t\t\t\t\t\t<\/div>\n\t\t\t\t<\/div>\n\t\t\t\t<div class=\"elementor-element elementor-element-7cb6760 elementor-widget elementor-widget-spacer\" data-id=\"7cb6760\" data-element_type=\"widget\" data-e-type=\"widget\" data-widget_type=\"spacer.default\">\n\t\t\t\t<div class=\"elementor-widget-container\">\n\t\t\t\t\t\t\t<div class=\"elementor-spacer\">\n\t\t\t<div class=\"elementor-spacer-inner\"><\/div>\n\t\t<\/div>\n\t\t\t\t\t\t<\/div>\n\t\t\t\t<\/div>\n\t\t\t\t<div class=\"elementor-element elementor-element-dca3be4 elementor-widget__width-inherit elementor-widget elementor-widget-heading\" data-id=\"dca3be4\" data-element_type=\"widget\" data-e-type=\"widget\" data-widget_type=\"heading.default\">\n\t\t\t\t<div class=\"elementor-widget-container\">\n\t\t\t\t\t<h3 class=\"elementor-heading-title elementor-size-default\"><b>Hilfe f\u00fcr die ganze Familie<\/b>\n<\/h3>\t\t\t\t<\/div>\n\t\t\t\t<\/div>\n\t\t\t\t<div class=\"elementor-element elementor-element-bb464dc elementor-widget elementor-widget-text-editor\" data-id=\"bb464dc\" data-element_type=\"widget\" data-e-type=\"widget\" data-widget_type=\"text-editor.default\">\n\t\t\t\t<div class=\"elementor-widget-container\">\n\t\t\t\t\t\t\t\t\t<p data-start=\"1418\" data-end=\"1580\">Ob <strong data-start=\"1421\" data-end=\"1431\">Kinder<\/strong>, <strong data-start=\"1433\" data-end=\"1447\">Erwachsene<\/strong> oder <strong data-start=\"1453\" data-end=\"1465\">Senioren<\/strong> \u2013 wir begleiten jeden <strong data-start=\"1488\" data-end=\"1501\">Patienten<\/strong> mit <strong data-start=\"1506\" data-end=\"1518\">Sorgfalt<\/strong>, <strong data-start=\"1520\" data-end=\"1543\">Einf\u00fchlungsverm\u00f6gen<\/strong> und h\u00f6chster <strong data-start=\"1557\" data-end=\"1577\">Professionalit\u00e4t<\/strong>.<\/p>\t\t\t\t\t\t\t\t<\/div>\n\t\t\t\t<\/div>\n\t\t\t\t<div class=\"elementor-element elementor-element-d24e995 elementor-widget elementor-widget-spacer\" data-id=\"d24e995\" data-element_type=\"widget\" data-e-type=\"widget\" data-widget_type=\"spacer.default\">\n\t\t\t\t<div class=\"elementor-widget-container\">\n\t\t\t\t\t\t\t<div class=\"elementor-spacer\">\n\t\t\t<div class=\"elementor-spacer-inner\"><\/div>\n\t\t<\/div>\n\t\t\t\t\t\t<\/div>\n\t\t\t\t<\/div>\n\t\t\t\t\t<\/div>\n\t\t\t\t<\/div>\n\t\t\t\t<\/div>\n\t\t\t\t<\/div>\n\t\t<div class=\"elementor-element elementor-element-97a3ea0 e-flex e-con-boxed e-con e-parent\" data-id=\"97a3ea0\" data-element_type=\"container\" data-e-type=\"container\">\n\t\t\t\t\t<div class=\"e-con-inner\">\n\t\t\t\t<div class=\"elementor-element elementor-element-3ac7a3c elementor-align-center elementor-widget elementor-widget-button\" data-id=\"3ac7a3c\" data-element_type=\"widget\" data-e-type=\"widget\" data-widget_type=\"button.default\">\n\t\t\t\t<div class=\"elementor-widget-container\">\n\t\t\t\t\t\t\t\t\t<div class=\"elementor-button-wrapper\">\n\t\t\t\t\t<a class=\"elementor-button elementor-button-link elementor-size-sm\" href=\"https:\/\/www.radiance.al\/de\/kontaktieren-sie-uns\/\">\n\t\t\t\t\t\t<span class=\"elementor-button-content-wrapper\">\n\t\t\t\t\t\t\t\t\t<span class=\"elementor-button-text\">Kostenloser Besuch<\/span>\n\t\t\t\t\t<\/span>\n\t\t\t\t\t<\/a>\n\t\t\t\t<\/div>\n\t\t\t\t\t\t\t\t<\/div>\n\t\t\t\t<\/div>\n\t\t\t\t\t<\/div>\n\t\t\t\t<\/div>\n\t\t\t\t<\/div>\n\t\t","protected":false},"excerpt":{"rendered":"<p>Allgemeine Zahnmedizin &nbsp;In der Radiance Zahnklinik k\u00fcmmern wir uns in jeder Lebensphase um Ihr L\u00e4cheln \u2013 mit modernen, sicheren und individuell abgestimmten Behandlungen. Unser Ziel ist es, Ihnen eine angenehme Erfahrung und nachhaltige Ergebnisse in einer professionellen und einladenden Umgebung zu bieten. Pr\u00e4vention und Mundhygiene Regelm\u00e4\u00dfige Kontrolluntersuchungen und professionelle Zahnreinigungen [&hellip;]<\/p>\n","protected":false},"author":1,"featured_media":8263,"parent":0,"menu_order":0,"comment_status":"closed","ping_status":"closed","template":"elementor_header_footer","meta":{"_acf_changed":false,"footnotes":""},"class_list":["post-7505","page","type-page","status-publish","has-post-thumbnail","hentry"],"acf":[],"yoast_head":"<!-- This site is optimized with the Yoast SEO Premium plugin v27.4 (Yoast SEO v27.4) - https:\/\/yoast.com\/product\/yoast-seo-premium-wordpress\/ -->\n<title>Allgemeine Zahnmedizin Tirana - Pers\u00f6nliche Zahnbehandlungen<\/title>\n<meta name=\"description\" content=\"Suchen Sie nach allgemeiner Zahnmedizin in Tirana? Radiance bietet 3D-Diagnose, Pr\u00e4vention und ma\u00dfgeschneiderte Behandlungen. Der erste Besuch ist kostenlos!\" \/>\n<meta name=\"robots\" content=\"index, follow, max-snippet:-1, max-image-preview:large, max-video-preview:-1\" \/>\n<link rel=\"canonical\" href=\"https:\/\/www.radiance.al\/de\/allgemeine-zahnmedizin\/\" \/>\n<meta property=\"og:locale\" content=\"de_DE\" \/>\n<meta property=\"og:type\" content=\"article\" \/>\n<meta property=\"og:title\" content=\"Allgemeine Zahnmedizin in Tirana - pers\u00f6nliche Zahnpflege bei Radiance\" \/>\n<meta property=\"og:description\" content=\"Umfassende Leistungen der allgemeinen Zahnmedizin bei Radiance Dental: Pr\u00e4vention, 3D-Diagnose und ma\u00dfgeschneiderte Behandlungen f\u00fcr Ihr L\u00e4cheln. Kostenlose Beratung!\" \/>\n<meta property=\"og:url\" content=\"https:\/\/www.radiance.al\/de\/allgemeine-zahnmedizin\/\" \/>\n<meta property=\"og:site_name\" content=\"RADIANCE.AL\" \/>\n<meta property=\"article:publisher\" content=\"https:\/\/www.instagram.com\/radiance_al\/?hl=en\" \/>\n<meta property=\"article:modified_time\" content=\"2025-09-29T16:00:20+00:00\" \/>\n<meta property=\"og:image\" content=\"https:\/\/www.radiance.al\/wp-content\/uploads\/2025\/06\/odontoiatria-generale\u200b.jpg\" \/>\n\t<meta property=\"og:image:width\" content=\"1080\" \/>\n\t<meta property=\"og:image:height\" content=\"1350\" \/>\n\t<meta property=\"og:image:type\" content=\"image\/jpeg\" \/>\n<meta name=\"twitter:card\" content=\"summary_large_image\" \/>\n<meta name=\"twitter:title\" content=\"Allgemeine Zahnmedizin Tirana - ma\u00dfgeschneiderte Pr\u00e4vention und Behandlung\" \/>\n<meta name=\"twitter:description\" content=\"3D-Diagnose, Vorbeugung und ma\u00dfgeschneiderte Zahnpflege: Entdecken Sie die Leistungen der allgemeinen Zahnmedizin bei Radiance Dental Tirana!\" \/>\n<meta name=\"twitter:label1\" content=\"Gesch\u00e4tzte Lesezeit\" \/>\n\t<meta name=\"twitter:data1\" content=\"1\u00a0Minute\" \/>\n<script type=\"application\/ld+json\" class=\"yoast-schema-graph\">{\"@context\":\"https:\\\/\\\/schema.org\",\"@graph\":[{\"@type\":\"WebPage\",\"@id\":\"https:\\\/\\\/www.radiance.al\\\/de\\\/allgemeine-zahnmedizin\\\/\",\"url\":\"https:\\\/\\\/www.radiance.al\\\/de\\\/allgemeine-zahnmedizin\\\/\",\"name\":\"Allgemeine Zahnmedizin Tirana - Pers\u00f6nliche Zahnbehandlungen\",\"isPartOf\":{\"@id\":\"https:\\\/\\\/www.radiance.al\\\/de\\\/#website\"},\"primaryImageOfPage\":{\"@id\":\"https:\\\/\\\/www.radiance.al\\\/de\\\/allgemeine-zahnmedizin\\\/#primaryimage\"},\"image\":{\"@id\":\"https:\\\/\\\/www.radiance.al\\\/de\\\/allgemeine-zahnmedizin\\\/#primaryimage\"},\"thumbnailUrl\":\"https:\\\/\\\/www.radiance.al\\\/wp-content\\\/uploads\\\/2025\\\/06\\\/odontoiatria-generale\u200b.jpg\",\"datePublished\":\"2025-05-19T06:59:22+00:00\",\"dateModified\":\"2025-09-29T16:00:20+00:00\",\"description\":\"Suchen Sie nach allgemeiner Zahnmedizin in Tirana? Radiance bietet 3D-Diagnose, Pr\u00e4vention und ma\u00dfgeschneiderte Behandlungen. Der erste Besuch ist kostenlos!\",\"breadcrumb\":{\"@id\":\"https:\\\/\\\/www.radiance.al\\\/de\\\/allgemeine-zahnmedizin\\\/#breadcrumb\"},\"inLanguage\":\"de\",\"potentialAction\":[{\"@type\":\"ReadAction\",\"target\":[\"https:\\\/\\\/www.radiance.al\\\/de\\\/allgemeine-zahnmedizin\\\/\"]}]},{\"@type\":\"ImageObject\",\"inLanguage\":\"de\",\"@id\":\"https:\\\/\\\/www.radiance.al\\\/de\\\/allgemeine-zahnmedizin\\\/#primaryimage\",\"url\":\"https:\\\/\\\/www.radiance.al\\\/wp-content\\\/uploads\\\/2025\\\/06\\\/odontoiatria-generale\u200b.jpg\",\"contentUrl\":\"https:\\\/\\\/www.radiance.al\\\/wp-content\\\/uploads\\\/2025\\\/06\\\/odontoiatria-generale\u200b.jpg\",\"width\":1080,\"height\":1350,\"caption\":\"Apparecchiature dentistiche moderne utilizzate in trattamenti come otturazioni, igiene orale professionale, ablazione del tartaro e cura della carie.\"},{\"@type\":\"BreadcrumbList\",\"@id\":\"https:\\\/\\\/www.radiance.al\\\/de\\\/allgemeine-zahnmedizin\\\/#breadcrumb\",\"itemListElement\":[{\"@type\":\"ListItem\",\"position\":1,\"name\":\"Home\",\"item\":\"https:\\\/\\\/www.radiance.al\\\/de\\\/\"},{\"@type\":\"ListItem\",\"position\":2,\"name\":\"Allgemeine Zahnmedizin\"}]},{\"@type\":\"WebSite\",\"@id\":\"https:\\\/\\\/www.radiance.al\\\/de\\\/#website\",\"url\":\"https:\\\/\\\/www.radiance.al\\\/de\\\/\",\"name\":\"RADIANCE.AL\",\"description\":\"RADIANCE DENTAL HOSPITAL\",\"publisher\":{\"@id\":\"https:\\\/\\\/www.radiance.al\\\/de\\\/#organization\"},\"potentialAction\":[{\"@type\":\"SearchAction\",\"target\":{\"@type\":\"EntryPoint\",\"urlTemplate\":\"https:\\\/\\\/www.radiance.al\\\/de\\\/?s={search_term_string}\"},\"query-input\":{\"@type\":\"PropertyValueSpecification\",\"valueRequired\":true,\"valueName\":\"search_term_string\"}}],\"inLanguage\":\"de\"},{\"@type\":\"Organization\",\"@id\":\"https:\\\/\\\/www.radiance.al\\\/de\\\/#organization\",\"name\":\"RADIANCE.AL\",\"alternateName\":\"Radiance Dental Hospital\",\"url\":\"https:\\\/\\\/www.radiance.al\\\/de\\\/\",\"logo\":{\"@type\":\"ImageObject\",\"inLanguage\":\"de\",\"@id\":\"https:\\\/\\\/www.radiance.al\\\/de\\\/#\\\/schema\\\/logo\\\/image\\\/\",\"url\":\"https:\\\/\\\/www.radiance.al\\\/wp-content\\\/uploads\\\/2025\\\/05\\\/faviconn.jpeg\",\"contentUrl\":\"https:\\\/\\\/www.radiance.al\\\/wp-content\\\/uploads\\\/2025\\\/05\\\/faviconn.jpeg\",\"width\":48,\"height\":48,\"caption\":\"RADIANCE.AL\"},\"image\":{\"@id\":\"https:\\\/\\\/www.radiance.al\\\/de\\\/#\\\/schema\\\/logo\\\/image\\\/\"},\"sameAs\":[\"https:\\\/\\\/www.instagram.com\\\/radiance_al\\\/?hl=en\"],\"description\":\"\\\"Radiance Dental Hospital n\u00eb Shqip\u00ebri: spital dentar modern me teknologji 3D, implantologji, estetik\u00eb dhe specialist\u00eb me mbi 15 vite p\u00ebrvoj\u00eb. Prenoto konsult\u00ebn falas!\\\"\",\"email\":\"info@radiance.al\",\"telephone\":\"+355694799949\",\"legalName\":\"Radiance Dental Hospital\",\"foundingDate\":\"2025-03-18\",\"numberOfEmployees\":{\"@type\":\"QuantitativeValue\",\"minValue\":\"11\",\"maxValue\":\"50\"}}]}<\/script>\n<!-- \/ Yoast SEO Premium plugin. -->","yoast_head_json":{"title":"Allgemeine Zahnmedizin Tirana - Pers\u00f6nliche Zahnbehandlungen","description":"Suchen Sie nach allgemeiner Zahnmedizin in Tirana? Radiance bietet 3D-Diagnose, Pr\u00e4vention und ma\u00dfgeschneiderte Behandlungen. Der erste Besuch ist kostenlos!","robots":{"index":"index","follow":"follow","max-snippet":"max-snippet:-1","max-image-preview":"max-image-preview:large","max-video-preview":"max-video-preview:-1"},"canonical":"https:\/\/www.radiance.al\/de\/allgemeine-zahnmedizin\/","og_locale":"de_DE","og_type":"article","og_title":"Allgemeine Zahnmedizin in Tirana - pers\u00f6nliche Zahnpflege bei Radiance","og_description":"Umfassende Leistungen der allgemeinen Zahnmedizin bei Radiance Dental: Pr\u00e4vention, 3D-Diagnose und ma\u00dfgeschneiderte Behandlungen f\u00fcr Ihr L\u00e4cheln. Kostenlose Beratung!","og_url":"https:\/\/www.radiance.al\/de\/allgemeine-zahnmedizin\/","og_site_name":"RADIANCE.AL","article_publisher":"https:\/\/www.instagram.com\/radiance_al\/?hl=en","article_modified_time":"2025-09-29T16:00:20+00:00","og_image":[{"width":1080,"height":1350,"url":"https:\/\/www.radiance.al\/wp-content\/uploads\/2025\/06\/odontoiatria-generale\u200b.jpg","type":"image\/jpeg"}],"twitter_card":"summary_large_image","twitter_title":"Allgemeine Zahnmedizin Tirana - ma\u00dfgeschneiderte Pr\u00e4vention und Behandlung","twitter_description":"3D-Diagnose, Vorbeugung und ma\u00dfgeschneiderte Zahnpflege: Entdecken Sie die Leistungen der allgemeinen Zahnmedizin bei Radiance Dental Tirana!","twitter_misc":{"Gesch\u00e4tzte Lesezeit":"1\u00a0Minute"},"schema":{"@context":"https:\/\/schema.org","@graph":[{"@type":"WebPage","@id":"https:\/\/www.radiance.al\/de\/allgemeine-zahnmedizin\/","url":"https:\/\/www.radiance.al\/de\/allgemeine-zahnmedizin\/","name":"Allgemeine Zahnmedizin Tirana - Pers\u00f6nliche Zahnbehandlungen","isPartOf":{"@id":"https:\/\/www.radiance.al\/de\/#website"},"primaryImageOfPage":{"@id":"https:\/\/www.radiance.al\/de\/allgemeine-zahnmedizin\/#primaryimage"},"image":{"@id":"https:\/\/www.radiance.al\/de\/allgemeine-zahnmedizin\/#primaryimage"},"thumbnailUrl":"https:\/\/www.radiance.al\/wp-content\/uploads\/2025\/06\/odontoiatria-generale\u200b.jpg","datePublished":"2025-05-19T06:59:22+00:00","dateModified":"2025-09-29T16:00:20+00:00","description":"Suchen Sie nach allgemeiner Zahnmedizin in Tirana? Radiance bietet 3D-Diagnose, Pr\u00e4vention und ma\u00dfgeschneiderte Behandlungen. Der erste Besuch ist kostenlos!","breadcrumb":{"@id":"https:\/\/www.radiance.al\/de\/allgemeine-zahnmedizin\/#breadcrumb"},"inLanguage":"de","potentialAction":[{"@type":"ReadAction","target":["https:\/\/www.radiance.al\/de\/allgemeine-zahnmedizin\/"]}]},{"@type":"ImageObject","inLanguage":"de","@id":"https:\/\/www.radiance.al\/de\/allgemeine-zahnmedizin\/#primaryimage","url":"https:\/\/www.radiance.al\/wp-content\/uploads\/2025\/06\/odontoiatria-generale\u200b.jpg","contentUrl":"https:\/\/www.radiance.al\/wp-content\/uploads\/2025\/06\/odontoiatria-generale\u200b.jpg","width":1080,"height":1350,"caption":"Apparecchiature dentistiche moderne utilizzate in trattamenti come otturazioni, igiene orale professionale, ablazione del tartaro e cura della carie."},{"@type":"BreadcrumbList","@id":"https:\/\/www.radiance.al\/de\/allgemeine-zahnmedizin\/#breadcrumb","itemListElement":[{"@type":"ListItem","position":1,"name":"Home","item":"https:\/\/www.radiance.al\/de\/"},{"@type":"ListItem","position":2,"name":"Allgemeine Zahnmedizin"}]},{"@type":"WebSite","@id":"https:\/\/www.radiance.al\/de\/#website","url":"https:\/\/www.radiance.al\/de\/","name":"RADIANCE.AL","description":"RADIANCE DENTAL HOSPITAL","publisher":{"@id":"https:\/\/www.radiance.al\/de\/#organization"},"potentialAction":[{"@type":"SearchAction","target":{"@type":"EntryPoint","urlTemplate":"https:\/\/www.radiance.al\/de\/?s={search_term_string}"},"query-input":{"@type":"PropertyValueSpecification","valueRequired":true,"valueName":"search_term_string"}}],"inLanguage":"de"},{"@type":"Organization","@id":"https:\/\/www.radiance.al\/de\/#organization","name":"RADIANCE.AL","alternateName":"Radiance Dental Hospital","url":"https:\/\/www.radiance.al\/de\/","logo":{"@type":"ImageObject","inLanguage":"de","@id":"https:\/\/www.radiance.al\/de\/#\/schema\/logo\/image\/","url":"https:\/\/www.radiance.al\/wp-content\/uploads\/2025\/05\/faviconn.jpeg","contentUrl":"https:\/\/www.radiance.al\/wp-content\/uploads\/2025\/05\/faviconn.jpeg","width":48,"height":48,"caption":"RADIANCE.AL"},"image":{"@id":"https:\/\/www.radiance.al\/de\/#\/schema\/logo\/image\/"},"sameAs":["https:\/\/www.instagram.com\/radiance_al\/?hl=en"],"description":"\"Radiance Dental Hospital n\u00eb Shqip\u00ebri: spital dentar modern me teknologji 3D, implantologji, estetik\u00eb dhe specialist\u00eb me mbi 15 vite p\u00ebrvoj\u00eb. Prenoto konsult\u00ebn falas!\"","email":"info@radiance.al","telephone":"+355694799949","legalName":"Radiance Dental Hospital","foundingDate":"2025-03-18","numberOfEmployees":{"@type":"QuantitativeValue","minValue":"11","maxValue":"50"}}]}},"_links":{"self":[{"href":"https:\/\/www.radiance.al\/de\/wp-json\/wp\/v2\/pages\/7505","targetHints":{"allow":["GET"]}}],"collection":[{"href":"https:\/\/www.radiance.al\/de\/wp-json\/wp\/v2\/pages"}],"about":[{"href":"https:\/\/www.radiance.al\/de\/wp-json\/wp\/v2\/types\/page"}],"author":[{"embeddable":true,"href":"https:\/\/www.radiance.al\/de\/wp-json\/wp\/v2\/users\/1"}],"replies":[{"embeddable":true,"href":"https:\/\/www.radiance.al\/de\/wp-json\/wp\/v2\/comments?post=7505"}],"version-history":[{"count":3,"href":"https:\/\/www.radiance.al\/de\/wp-json\/wp\/v2\/pages\/7505\/revisions"}],"predecessor-version":[{"id":9724,"href":"https:\/\/www.radiance.al\/de\/wp-json\/wp\/v2\/pages\/7505\/revisions\/9724"}],"wp:featuredmedia":[{"embeddable":true,"href":"https:\/\/www.radiance.al\/de\/wp-json\/wp\/v2\/media\/8263"}],"wp:attachment":[{"href":"https:\/\/www.radiance.al\/de\/wp-json\/wp\/v2\/media?parent=7505"}],"curies":[{"name":"wp","href":"https:\/\/api.w.org\/{rel}","templated":true}]}}