{"id":7519,"date":"2025-05-16T11:54:17","date_gmt":"2025-05-16T11:54:17","guid":{"rendered":"https:\/\/www.radiance.al\/programm-fuer-externe-zusammenarbeit\/"},"modified":"2025-09-11T09:21:03","modified_gmt":"2025-09-11T09:21:03","slug":"programm-fuer-externe-zusammenarbeit","status":"publish","type":"page","link":"https:\/\/www.radiance.al\/de\/programm-fuer-externe-zusammenarbeit\/","title":{"rendered":"Programm f\u00fcr externe Zusammenarbeit"},"content":{"rendered":"\t\t<div data-elementor-type=\"wp-page\" data-elementor-id=\"7519\" class=\"elementor elementor-7519 elementor-3333\">\n\t\t\t\t<div class=\"elementor-element elementor-element-c52c3bc e-grid e-con-boxed e-con e-parent\" data-id=\"c52c3bc\" data-element_type=\"container\" data-e-type=\"container\">\n\t\t\t\t\t<div class=\"e-con-inner\">\n\t\t<div class=\"elementor-element elementor-element-2abb9de e-con-full e-flex e-con e-child\" data-id=\"2abb9de\" data-element_type=\"container\" data-e-type=\"container\">\n\t\t\t\t<div class=\"elementor-element elementor-element-cea9060 elementor-widget-mobile__width-inherit elementor-widget elementor-widget-heading\" data-id=\"cea9060\" data-element_type=\"widget\" data-e-type=\"widget\" data-widget_type=\"heading.default\">\n\t\t\t\t<div class=\"elementor-widget-container\">\n\t\t\t\t\t<h1 class=\"elementor-heading-title elementor-size-default\"><b>Programm f\u00fcr externe Zusammenarbeit<\/b><\/h1>\t\t\t\t<\/div>\n\t\t\t\t<\/div>\n\t\t\t\t<div class=\"elementor-element elementor-element-fa1cf83 elementor-widget elementor-widget-text-editor\" data-id=\"fa1cf83\" data-element_type=\"widget\" data-e-type=\"widget\" data-widget_type=\"text-editor.default\">\n\t\t\t\t<div class=\"elementor-widget-container\">\n\t\t\t\t\t\t\t\t\t<p><strong>Radiance Dental Hospital<\/strong> f\u00f6rdert <strong>Partnerschaften<\/strong> mit denjenigen, die unsere Werte der Seriosit\u00e4t, <strong>Professionalit\u00e4t<\/strong> und <strong>Patientenbetreuung<\/strong> teilen.<\/p>\n<p>Mit unserem <strong>Collaboration-Programm<\/strong> bieten wir allen Empfehlern die M\u00f6glichkeit, mit uns zu wachsen und eine klare, transparente und f\u00fcr beide Seiten erfolgreiche Beziehung aufzubauen.<\/p>\t\t\t\t\t\t\t\t<\/div>\n\t\t\t\t<\/div>\n\t\t\t\t<div class=\"elementor-element elementor-element-1a8136b elementor-widget elementor-widget-spacer\" data-id=\"1a8136b\" data-element_type=\"widget\" data-e-type=\"widget\" data-widget_type=\"spacer.default\">\n\t\t\t\t<div class=\"elementor-widget-container\">\n\t\t\t\t\t\t\t<div class=\"elementor-spacer\">\n\t\t\t<div class=\"elementor-spacer-inner\"><\/div>\n\t\t<\/div>\n\t\t\t\t\t\t<\/div>\n\t\t\t\t<\/div>\n\t\t\t\t<div class=\"elementor-element elementor-element-d6666a8 elementor-widget-mobile__width-inherit elementor-widget elementor-widget-heading\" data-id=\"d6666a8\" data-element_type=\"widget\" data-e-type=\"widget\" data-widget_type=\"heading.default\">\n\t\t\t\t<div class=\"elementor-widget-container\">\n\t\t\t\t\t<h2 class=\"elementor-heading-title elementor-size-default\"><b>Programm f\u00fcr externe Zusammenarbeit<\/b><\/h2>\t\t\t\t<\/div>\n\t\t\t\t<\/div>\n\t\t\t\t<div class=\"elementor-element elementor-element-10e46ec elementor-widget elementor-widget-text-editor\" data-id=\"10e46ec\" data-element_type=\"widget\" data-e-type=\"widget\" data-widget_type=\"text-editor.default\">\n\t\t\t\t<div class=\"elementor-widget-container\">\n\t\t\t\t\t\t\t\t\t<p>Modalit\u00e4ten der Zusammenarbeit:<\/p><p>Registrierung der Kontaktperson in unserer <strong>Einrichtung<\/strong>.<\/p><p>\u00dcberweisung von Patienten \u00fcber offizielle Kan\u00e4le.<\/p><p>Bereitstellung einer kostenlosen Patientenberatung.<\/p><p>Rechtzeitiges und professionelles Management in jeder Phase des Behandlungspfads.<\/p>\t\t\t\t\t\t\t\t<\/div>\n\t\t\t\t<\/div>\n\t\t\t\t<div class=\"elementor-element elementor-element-1dc2b3a elementor-widget elementor-widget-spacer\" data-id=\"1dc2b3a\" data-element_type=\"widget\" data-e-type=\"widget\" data-widget_type=\"spacer.default\">\n\t\t\t\t<div class=\"elementor-widget-container\">\n\t\t\t\t\t\t\t<div class=\"elementor-spacer\">\n\t\t\t<div class=\"elementor-spacer-inner\"><\/div>\n\t\t<\/div>\n\t\t\t\t\t\t<\/div>\n\t\t\t\t<\/div>\n\t\t\t\t<div class=\"elementor-element elementor-element-504b314 elementor-widget-mobile__width-inherit elementor-widget elementor-widget-heading\" data-id=\"504b314\" data-element_type=\"widget\" data-e-type=\"widget\" data-widget_type=\"heading.default\">\n\t\t\t\t<div class=\"elementor-widget-container\">\n\t\t\t\t\t<h2 class=\"elementor-heading-title elementor-size-default\"><b>Warum mit Radiance Dental Hospital zusammenarbeiten?\n<\/b>\n<\/h2>\t\t\t\t<\/div>\n\t\t\t\t<\/div>\n\t\t\t\t<div class=\"elementor-element elementor-element-4e31d1b elementor-widget elementor-widget-text-editor\" data-id=\"4e31d1b\" data-element_type=\"widget\" data-e-type=\"widget\" data-widget_type=\"text-editor.default\">\n\t\t\t\t<div class=\"elementor-widget-container\">\n\t\t\t\t\t\t\t\t\t<ul><li>Eine moderne, technologisch fortschrittliche Einrichtung im Herzen von Tirana.<\/li><\/ul><p> <\/p><ul><li>Hochqualifiziertes medizinisches Personal. &#8211; H\u00f6chste Seriosit\u00e4t, Fairness und Transparenz in jeder Phase der Zusammenarbeit. <\/li><\/ul><p> <\/p><ul><li>St\u00e4ndige und engagierte Unterst\u00fctzung f\u00fcr unsere externen Partner.<\/li><\/ul>\t\t\t\t\t\t\t\t<\/div>\n\t\t\t\t<\/div>\n\t\t\t\t<div class=\"elementor-element elementor-element-32b2667 elementor-widget elementor-widget-spacer\" data-id=\"32b2667\" data-element_type=\"widget\" data-e-type=\"widget\" data-widget_type=\"spacer.default\">\n\t\t\t\t<div class=\"elementor-widget-container\">\n\t\t\t\t\t\t\t<div class=\"elementor-spacer\">\n\t\t\t<div class=\"elementor-spacer-inner\"><\/div>\n\t\t<\/div>\n\t\t\t\t\t\t<\/div>\n\t\t\t\t<\/div>\n\t\t\t\t<div class=\"elementor-element elementor-element-6c5aa8e elementor-widget-divider--view-line elementor-widget elementor-widget-divider\" data-id=\"6c5aa8e\" data-element_type=\"widget\" data-e-type=\"widget\" data-widget_type=\"divider.default\">\n\t\t\t\t<div class=\"elementor-widget-container\">\n\t\t\t\t\t\t\t<div class=\"elementor-divider\">\n\t\t\t<span class=\"elementor-divider-separator\">\n\t\t\t\t\t\t<\/span>\n\t\t<\/div>\n\t\t\t\t\t\t<\/div>\n\t\t\t\t<\/div>\n\t\t\t\t<div class=\"elementor-element elementor-element-acc8b73 elementor-widget elementor-widget-text-editor\" data-id=\"acc8b73\" data-element_type=\"widget\" data-e-type=\"widget\" data-widget_type=\"text-editor.default\">\n\t\t\t\t<div class=\"elementor-widget-container\">\n\t\t\t\t\t\t\t\t\t<p>Das Radiance Dental Hospital verpflichtet sich zu hohen Standards in Bezug auf Qualit\u00e4t, Professionalit\u00e4t und Pflege f\u00fcr jeden Patienten und jeden Partner.<\/p><p> <\/p><p> <\/p><p>M\u00f6chten Sie unserem Netzwerk von Mitarbeitern beitreten? Kontaktieren Sie uns jetzt! Wir sind bereit, gemeinsam ein erfolgreiches Projekt aufzubauen.  <\/p>\t\t\t\t\t\t\t\t<\/div>\n\t\t\t\t<\/div>\n\t\t\t\t<\/div>\n\t\t\t\t<div class=\"elementor-element elementor-element-043240c collabration_form elementor-widget elementor-widget-shortcode\" data-id=\"043240c\" data-element_type=\"widget\" data-e-type=\"widget\" data-widget_type=\"shortcode.default\">\n\t\t\t\t<div class=\"elementor-widget-container\">\n\t\t\t\t\t\t\t<div class=\"elementor-shortcode\">\n<div class=\"wpcf7 no-js\" id=\"wpcf7-f9812-o1\" lang=\"de-DE\" dir=\"ltr\" data-wpcf7-id=\"9812\">\n<div class=\"screen-reader-response\"><p role=\"status\" aria-live=\"polite\" aria-atomic=\"true\"><\/p> <ul><\/ul><\/div>\n<form action=\"\/de\/wp-json\/wp\/v2\/pages\/7519#wpcf7-f9812-o1\" method=\"post\" class=\"wpcf7-form init\" aria-label=\"Kontaktformular\" novalidate=\"novalidate\" data-status=\"init\">\n<fieldset class=\"hidden-fields-container\"><input type=\"hidden\" name=\"_wpcf7\" value=\"9812\" \/><input type=\"hidden\" name=\"_wpcf7_version\" value=\"6.1.5\" \/><input type=\"hidden\" name=\"_wpcf7_locale\" value=\"de_DE\" \/><input type=\"hidden\" name=\"_wpcf7_unit_tag\" value=\"wpcf7-f9812-o1\" \/><input type=\"hidden\" name=\"_wpcf7_container_post\" value=\"0\" \/><input type=\"hidden\" name=\"_wpcf7_posted_data_hash\" value=\"\" \/>\n<\/fieldset>\n<style>\ninput[type= \"checkbox\"][name= \"consent-gdpr\"] {\n width: 13px !important;\n height: 13px !important;\n box-sizing: border-box;\n appearance: checkbox;\n -webkit-appearance: checkbox;\n -moz-appearance: checkbox;\n}\n<\/style>\n<div class=\"main_colab_form\">\n\t<div class=\"\">\n\t\t<p><label>Name des Unternehmens<br \/>\n<span class=\"wpcf7-form-control-wrap\" data-name=\"text-643\"><input size=\"40\" maxlength=\"400\" class=\"wpcf7-form-control wpcf7-text wpcf7-validates-as-required\" aria-required=\"true\" aria-invalid=\"false\" value=\"\" type=\"text\" name=\"text-643\" \/><\/span><\/label>\n\t\t<\/p>\n\t<\/div>\n\t<div class=\"\">\n\t\t<p><label>Sektor<br \/>\n<span class=\"wpcf7-form-control-wrap\" data-name=\"text-789\"><input size=\"40\" maxlength=\"400\" class=\"wpcf7-form-control wpcf7-text\" aria-invalid=\"false\" value=\"\" type=\"text\" name=\"text-789\" \/><\/span><\/label>\n\t\t<\/p>\n\t<\/div>\n\t<div class=\"\">\n\t\t<p><label> Vor- und Nachname des Ansprechpartners<br \/>\n<span class=\"wpcf7-form-control-wrap\" data-name=\"your-name\"><input size=\"40\" maxlength=\"400\" class=\"wpcf7-form-control wpcf7-text wpcf7-validates-as-required\" autocomplete=\"name\" aria-required=\"true\" aria-invalid=\"false\" value=\"\" type=\"text\" name=\"your-name\" \/><\/span> <\/label>\n\t\t<\/p>\n\t<\/div>\n\t<div class=\"\">\n\t\t<p><label> Indirizzo e-mail<br \/>\n<span class=\"wpcf7-form-control-wrap\" data-name=\"your-email\"><input size=\"40\" maxlength=\"400\" class=\"wpcf7-form-control wpcf7-email wpcf7-validates-as-required wpcf7-text wpcf7-validates-as-email\" autocomplete=\"email\" aria-required=\"true\" aria-invalid=\"false\" value=\"\" type=\"email\" name=\"your-email\" \/><\/span> <\/label>\n\t\t<\/p>\n\t<\/div>\n\t<div class=\"\">\n\t\t<p><label>Telefon Nummer<br \/>\n<span class=\"wpcf7-form-control-wrap\" data-name=\"tel-602\"><input size=\"40\" maxlength=\"400\" class=\"wpcf7-form-control wpcf7-tel wpcf7-validates-as-required wpcf7-text wpcf7-validates-as-tel\" aria-required=\"true\" aria-invalid=\"false\" value=\"\" type=\"tel\" name=\"tel-602\" \/><\/span><\/label>\n\t\t<\/p>\n\t<\/div>\n\t<div class=\"\">\n\t\t<p><label>Nachricht<br \/>\n<span class=\"wpcf7-form-control-wrap\" data-name=\"your-message\"><textarea cols=\"40\" rows=\"10\" maxlength=\"2000\" class=\"wpcf7-form-control wpcf7-textarea\" aria-invalid=\"false\" name=\"your-message\"><\/textarea><\/span> <\/label>\n\t\t<\/p>\n\t<\/div>\n\t<div class=\"\">\n\t\t<p><span class=\"wpcf7-form-control-wrap\" data-name=\"consent-gdpr\"><span class=\"wpcf7-form-control wpcf7-acceptance\"><span class=\"wpcf7-list-item\"><label><input type=\"checkbox\" name=\"consent-gdpr\" value=\"1\" aria-invalid=\"false\" \/><span class=\"wpcf7-list-item-label\">Ich bin mit der Verarbeitung meiner pers\u00f6nlichen Daten einverstanden.<\/span><\/label><\/span><\/span><\/span>\n\t\t<\/p>\n\t<\/div>\n\t<div class=\"\">\n\t\t<p><input class=\"wpcf7-form-control wpcf7-submit has-spinner\" type=\"submit\" value=\"Senden Sie\" \/>\n\t\t<\/p>\n\t<\/div>\n<\/div><div class=\"wpcf7-response-output\" aria-hidden=\"true\"><\/div>\n<\/form>\n<\/div>\n<\/div>\n\t\t\t\t\t\t<\/div>\n\t\t\t\t<\/div>\n\t\t\t\t<div class=\"elementor-element elementor-element-ec6f4aa elementor-widget elementor-widget-shortcode\" data-id=\"ec6f4aa\" data-element_type=\"widget\" data-e-type=\"widget\" data-widget_type=\"shortcode.default\">\n\t\t\t\t<div class=\"elementor-widget-container\">\n\t\t\t\t\t\t\t<div class=\"elementor-shortcode\"><p class=\"wpcf7-contact-form-not-found\"><strong>Fehler:<\/strong> Kontaktformular wurde nicht gefunden.<\/p><\/div>\n\t\t\t\t\t\t<\/div>\n\t\t\t\t<\/div>\n\t\t\t\t\t<\/div>\n\t\t\t\t<\/div>\n\t\t\t\t<\/div>\n\t\t","protected":false},"excerpt":{"rendered":"<p>Programm f\u00fcr externe Zusammenarbeit Radiance Dental Hospital f\u00f6rdert Partnerschaften mit denjenigen, die unsere Werte der Seriosit\u00e4t, Professionalit\u00e4t und Patientenbetreuung teilen. Mit unserem Collaboration-Programm bieten wir allen Empfehlern die M\u00f6glichkeit, mit uns zu wachsen und eine klare, transparente und f\u00fcr beide Seiten erfolgreiche Beziehung aufzubauen. Programm f\u00fcr externe Zusammenarbeit Modalit\u00e4ten der [&hellip;]<\/p>\n","protected":false},"author":1,"featured_media":7204,"parent":0,"menu_order":0,"comment_status":"closed","ping_status":"closed","template":"elementor_header_footer","meta":{"_acf_changed":false,"footnotes":""},"class_list":["post-7519","page","type-page","status-publish","has-post-thumbnail","hentry"],"acf":[],"yoast_head":"<!-- This site is optimized with the Yoast SEO Premium plugin v27.4 (Yoast SEO v27.4) - https:\/\/yoast.com\/product\/yoast-seo-premium-wordpress\/ -->\n<title>Externes Kollaborationsprogramm | Zusammenarbeit mit Radiance<\/title>\n<meta name=\"description\" content=\"Arbeiten Sie mit Radiance Dental Hospital zusammen! Entdecken Sie unser Programm f\u00fcr externe Zusammenarbeit: Transparenz, Zuverl\u00e4ssigkeit und kontinuierliche Unterst\u00fctzung f\u00fcr jeden Partner.\" \/>\n<meta name=\"robots\" content=\"index, follow, max-snippet:-1, max-image-preview:large, max-video-preview:-1\" \/>\n<link rel=\"canonical\" href=\"https:\/\/www.radiance.al\/de\/programm-fuer-externe-zusammenarbeit\/\" \/>\n<meta property=\"og:locale\" content=\"de_DE\" \/>\n<meta property=\"og:type\" content=\"article\" \/>\n<meta property=\"og:title\" content=\"Programm f\u00fcr externe Zusammenarbeit\" \/>\n<meta property=\"og:description\" content=\"Arbeiten Sie mit Radiance Dental Hospital zusammen! Entdecken Sie unser Programm f\u00fcr externe Zusammenarbeit: Transparenz, Zuverl\u00e4ssigkeit und kontinuierliche Unterst\u00fctzung f\u00fcr jeden Partner.\" \/>\n<meta property=\"og:url\" content=\"https:\/\/www.radiance.al\/de\/programm-fuer-externe-zusammenarbeit\/\" \/>\n<meta property=\"og:site_name\" content=\"RADIANCE.AL\" \/>\n<meta property=\"article:publisher\" content=\"https:\/\/www.instagram.com\/radiance_al\/?hl=en\" \/>\n<meta property=\"article:modified_time\" content=\"2025-09-11T09:21:03+00:00\" \/>\n<meta property=\"og:image\" content=\"https:\/\/www.radiance.al\/wp-content\/uploads\/2025\/05\/featured_image_shop_two_columns.jpg\" \/>\n\t<meta property=\"og:image:width\" content=\"1920\" \/>\n\t<meta property=\"og:image:height\" content=\"1100\" \/>\n\t<meta property=\"og:image:type\" content=\"image\/jpeg\" \/>\n<meta name=\"twitter:card\" content=\"summary_large_image\" \/>\n<meta name=\"twitter:label1\" content=\"Gesch\u00e4tzte Lesezeit\" \/>\n\t<meta name=\"twitter:data1\" content=\"1\u00a0Minute\" \/>\n<script type=\"application\/ld+json\" class=\"yoast-schema-graph\">{\"@context\":\"https:\\\/\\\/schema.org\",\"@graph\":[{\"@type\":\"WebPage\",\"@id\":\"https:\\\/\\\/www.radiance.al\\\/de\\\/programm-fuer-externe-zusammenarbeit\\\/\",\"url\":\"https:\\\/\\\/www.radiance.al\\\/de\\\/programm-fuer-externe-zusammenarbeit\\\/\",\"name\":\"Externes Kollaborationsprogramm | Zusammenarbeit mit Radiance\",\"isPartOf\":{\"@id\":\"https:\\\/\\\/www.radiance.al\\\/de\\\/#website\"},\"primaryImageOfPage\":{\"@id\":\"https:\\\/\\\/www.radiance.al\\\/de\\\/programm-fuer-externe-zusammenarbeit\\\/#primaryimage\"},\"image\":{\"@id\":\"https:\\\/\\\/www.radiance.al\\\/de\\\/programm-fuer-externe-zusammenarbeit\\\/#primaryimage\"},\"thumbnailUrl\":\"https:\\\/\\\/www.radiance.al\\\/wp-content\\\/uploads\\\/2025\\\/05\\\/featured_image_shop_two_columns.jpg\",\"datePublished\":\"2025-05-16T11:54:17+00:00\",\"dateModified\":\"2025-09-11T09:21:03+00:00\",\"description\":\"Arbeiten Sie mit Radiance Dental Hospital zusammen! Entdecken Sie unser Programm f\u00fcr externe Zusammenarbeit: Transparenz, Zuverl\u00e4ssigkeit und kontinuierliche Unterst\u00fctzung f\u00fcr jeden Partner.\",\"breadcrumb\":{\"@id\":\"https:\\\/\\\/www.radiance.al\\\/de\\\/programm-fuer-externe-zusammenarbeit\\\/#breadcrumb\"},\"inLanguage\":\"de\",\"potentialAction\":[{\"@type\":\"ReadAction\",\"target\":[\"https:\\\/\\\/www.radiance.al\\\/de\\\/programm-fuer-externe-zusammenarbeit\\\/\"]}]},{\"@type\":\"ImageObject\",\"inLanguage\":\"de\",\"@id\":\"https:\\\/\\\/www.radiance.al\\\/de\\\/programm-fuer-externe-zusammenarbeit\\\/#primaryimage\",\"url\":\"https:\\\/\\\/www.radiance.al\\\/wp-content\\\/uploads\\\/2025\\\/05\\\/featured_image_shop_two_columns.jpg\",\"contentUrl\":\"https:\\\/\\\/www.radiance.al\\\/wp-content\\\/uploads\\\/2025\\\/05\\\/featured_image_shop_two_columns.jpg\",\"width\":1920,\"height\":1100,\"caption\":\"La nostra clinica integra sistemi digitali per garantire precisione, velocit\u00e0 e comfort in ogni trattamento.\"},{\"@type\":\"BreadcrumbList\",\"@id\":\"https:\\\/\\\/www.radiance.al\\\/de\\\/programm-fuer-externe-zusammenarbeit\\\/#breadcrumb\",\"itemListElement\":[{\"@type\":\"ListItem\",\"position\":1,\"name\":\"Home\",\"item\":\"https:\\\/\\\/www.radiance.al\\\/de\\\/\"},{\"@type\":\"ListItem\",\"position\":2,\"name\":\"Programm f\u00fcr externe Zusammenarbeit\"}]},{\"@type\":\"WebSite\",\"@id\":\"https:\\\/\\\/www.radiance.al\\\/de\\\/#website\",\"url\":\"https:\\\/\\\/www.radiance.al\\\/de\\\/\",\"name\":\"RADIANCE.AL\",\"description\":\"RADIANCE DENTAL HOSPITAL\",\"publisher\":{\"@id\":\"https:\\\/\\\/www.radiance.al\\\/de\\\/#organization\"},\"potentialAction\":[{\"@type\":\"SearchAction\",\"target\":{\"@type\":\"EntryPoint\",\"urlTemplate\":\"https:\\\/\\\/www.radiance.al\\\/de\\\/?s={search_term_string}\"},\"query-input\":{\"@type\":\"PropertyValueSpecification\",\"valueRequired\":true,\"valueName\":\"search_term_string\"}}],\"inLanguage\":\"de\"},{\"@type\":\"Organization\",\"@id\":\"https:\\\/\\\/www.radiance.al\\\/de\\\/#organization\",\"name\":\"RADIANCE.AL\",\"alternateName\":\"Radiance Dental Hospital\",\"url\":\"https:\\\/\\\/www.radiance.al\\\/de\\\/\",\"logo\":{\"@type\":\"ImageObject\",\"inLanguage\":\"de\",\"@id\":\"https:\\\/\\\/www.radiance.al\\\/de\\\/#\\\/schema\\\/logo\\\/image\\\/\",\"url\":\"https:\\\/\\\/www.radiance.al\\\/wp-content\\\/uploads\\\/2025\\\/05\\\/faviconn.jpeg\",\"contentUrl\":\"https:\\\/\\\/www.radiance.al\\\/wp-content\\\/uploads\\\/2025\\\/05\\\/faviconn.jpeg\",\"width\":48,\"height\":48,\"caption\":\"RADIANCE.AL\"},\"image\":{\"@id\":\"https:\\\/\\\/www.radiance.al\\\/de\\\/#\\\/schema\\\/logo\\\/image\\\/\"},\"sameAs\":[\"https:\\\/\\\/www.instagram.com\\\/radiance_al\\\/?hl=en\"],\"description\":\"\\\"Radiance Dental Hospital n\u00eb Shqip\u00ebri: spital dentar modern me teknologji 3D, implantologji, estetik\u00eb dhe specialist\u00eb me mbi 15 vite p\u00ebrvoj\u00eb. Prenoto konsult\u00ebn falas!\\\"\",\"email\":\"info@radiance.al\",\"telephone\":\"+355694799949\",\"legalName\":\"Radiance Dental Hospital\",\"foundingDate\":\"2025-03-18\",\"numberOfEmployees\":{\"@type\":\"QuantitativeValue\",\"minValue\":\"11\",\"maxValue\":\"50\"}}]}<\/script>\n<!-- \/ Yoast SEO Premium plugin. -->","yoast_head_json":{"title":"Externes Kollaborationsprogramm | Zusammenarbeit mit Radiance","description":"Arbeiten Sie mit Radiance Dental Hospital zusammen! Entdecken Sie unser Programm f\u00fcr externe Zusammenarbeit: Transparenz, Zuverl\u00e4ssigkeit und kontinuierliche Unterst\u00fctzung f\u00fcr jeden Partner.","robots":{"index":"index","follow":"follow","max-snippet":"max-snippet:-1","max-image-preview":"max-image-preview:large","max-video-preview":"max-video-preview:-1"},"canonical":"https:\/\/www.radiance.al\/de\/programm-fuer-externe-zusammenarbeit\/","og_locale":"de_DE","og_type":"article","og_title":"Programm f\u00fcr externe Zusammenarbeit","og_description":"Arbeiten Sie mit Radiance Dental Hospital zusammen! Entdecken Sie unser Programm f\u00fcr externe Zusammenarbeit: Transparenz, Zuverl\u00e4ssigkeit und kontinuierliche Unterst\u00fctzung f\u00fcr jeden Partner.","og_url":"https:\/\/www.radiance.al\/de\/programm-fuer-externe-zusammenarbeit\/","og_site_name":"RADIANCE.AL","article_publisher":"https:\/\/www.instagram.com\/radiance_al\/?hl=en","article_modified_time":"2025-09-11T09:21:03+00:00","og_image":[{"width":1920,"height":1100,"url":"https:\/\/www.radiance.al\/wp-content\/uploads\/2025\/05\/featured_image_shop_two_columns.jpg","type":"image\/jpeg"}],"twitter_card":"summary_large_image","twitter_misc":{"Gesch\u00e4tzte Lesezeit":"1\u00a0Minute"},"schema":{"@context":"https:\/\/schema.org","@graph":[{"@type":"WebPage","@id":"https:\/\/www.radiance.al\/de\/programm-fuer-externe-zusammenarbeit\/","url":"https:\/\/www.radiance.al\/de\/programm-fuer-externe-zusammenarbeit\/","name":"Externes Kollaborationsprogramm | Zusammenarbeit mit Radiance","isPartOf":{"@id":"https:\/\/www.radiance.al\/de\/#website"},"primaryImageOfPage":{"@id":"https:\/\/www.radiance.al\/de\/programm-fuer-externe-zusammenarbeit\/#primaryimage"},"image":{"@id":"https:\/\/www.radiance.al\/de\/programm-fuer-externe-zusammenarbeit\/#primaryimage"},"thumbnailUrl":"https:\/\/www.radiance.al\/wp-content\/uploads\/2025\/05\/featured_image_shop_two_columns.jpg","datePublished":"2025-05-16T11:54:17+00:00","dateModified":"2025-09-11T09:21:03+00:00","description":"Arbeiten Sie mit Radiance Dental Hospital zusammen! Entdecken Sie unser Programm f\u00fcr externe Zusammenarbeit: Transparenz, Zuverl\u00e4ssigkeit und kontinuierliche Unterst\u00fctzung f\u00fcr jeden Partner.","breadcrumb":{"@id":"https:\/\/www.radiance.al\/de\/programm-fuer-externe-zusammenarbeit\/#breadcrumb"},"inLanguage":"de","potentialAction":[{"@type":"ReadAction","target":["https:\/\/www.radiance.al\/de\/programm-fuer-externe-zusammenarbeit\/"]}]},{"@type":"ImageObject","inLanguage":"de","@id":"https:\/\/www.radiance.al\/de\/programm-fuer-externe-zusammenarbeit\/#primaryimage","url":"https:\/\/www.radiance.al\/wp-content\/uploads\/2025\/05\/featured_image_shop_two_columns.jpg","contentUrl":"https:\/\/www.radiance.al\/wp-content\/uploads\/2025\/05\/featured_image_shop_two_columns.jpg","width":1920,"height":1100,"caption":"La nostra clinica integra sistemi digitali per garantire precisione, velocit\u00e0 e comfort in ogni trattamento."},{"@type":"BreadcrumbList","@id":"https:\/\/www.radiance.al\/de\/programm-fuer-externe-zusammenarbeit\/#breadcrumb","itemListElement":[{"@type":"ListItem","position":1,"name":"Home","item":"https:\/\/www.radiance.al\/de\/"},{"@type":"ListItem","position":2,"name":"Programm f\u00fcr externe Zusammenarbeit"}]},{"@type":"WebSite","@id":"https:\/\/www.radiance.al\/de\/#website","url":"https:\/\/www.radiance.al\/de\/","name":"RADIANCE.AL","description":"RADIANCE DENTAL HOSPITAL","publisher":{"@id":"https:\/\/www.radiance.al\/de\/#organization"},"potentialAction":[{"@type":"SearchAction","target":{"@type":"EntryPoint","urlTemplate":"https:\/\/www.radiance.al\/de\/?s={search_term_string}"},"query-input":{"@type":"PropertyValueSpecification","valueRequired":true,"valueName":"search_term_string"}}],"inLanguage":"de"},{"@type":"Organization","@id":"https:\/\/www.radiance.al\/de\/#organization","name":"RADIANCE.AL","alternateName":"Radiance Dental Hospital","url":"https:\/\/www.radiance.al\/de\/","logo":{"@type":"ImageObject","inLanguage":"de","@id":"https:\/\/www.radiance.al\/de\/#\/schema\/logo\/image\/","url":"https:\/\/www.radiance.al\/wp-content\/uploads\/2025\/05\/faviconn.jpeg","contentUrl":"https:\/\/www.radiance.al\/wp-content\/uploads\/2025\/05\/faviconn.jpeg","width":48,"height":48,"caption":"RADIANCE.AL"},"image":{"@id":"https:\/\/www.radiance.al\/de\/#\/schema\/logo\/image\/"},"sameAs":["https:\/\/www.instagram.com\/radiance_al\/?hl=en"],"description":"\"Radiance Dental Hospital n\u00eb Shqip\u00ebri: spital dentar modern me teknologji 3D, implantologji, estetik\u00eb dhe specialist\u00eb me mbi 15 vite p\u00ebrvoj\u00eb. Prenoto konsult\u00ebn falas!\"","email":"info@radiance.al","telephone":"+355694799949","legalName":"Radiance Dental Hospital","foundingDate":"2025-03-18","numberOfEmployees":{"@type":"QuantitativeValue","minValue":"11","maxValue":"50"}}]}},"_links":{"self":[{"href":"https:\/\/www.radiance.al\/de\/wp-json\/wp\/v2\/pages\/7519","targetHints":{"allow":["GET"]}}],"collection":[{"href":"https:\/\/www.radiance.al\/de\/wp-json\/wp\/v2\/pages"}],"about":[{"href":"https:\/\/www.radiance.al\/de\/wp-json\/wp\/v2\/types\/page"}],"author":[{"embeddable":true,"href":"https:\/\/www.radiance.al\/de\/wp-json\/wp\/v2\/users\/1"}],"replies":[{"embeddable":true,"href":"https:\/\/www.radiance.al\/de\/wp-json\/wp\/v2\/comments?post=7519"}],"version-history":[{"count":0,"href":"https:\/\/www.radiance.al\/de\/wp-json\/wp\/v2\/pages\/7519\/revisions"}],"wp:featuredmedia":[{"embeddable":true,"href":"https:\/\/www.radiance.al\/de\/wp-json\/wp\/v2\/media\/7204"}],"wp:attachment":[{"href":"https:\/\/www.radiance.al\/de\/wp-json\/wp\/v2\/media?parent=7519"}],"curies":[{"name":"wp","href":"https:\/\/api.w.org\/{rel}","templated":true}]}}