{"id":7553,"date":"2025-05-19T13:40:45","date_gmt":"2025-05-19T13:40:45","guid":{"rendered":"https:\/\/www.radiance.al\/kontaktieren-sie-uns\/"},"modified":"2025-10-09T09:53:40","modified_gmt":"2025-10-09T09:53:40","slug":"kontaktieren-sie-uns","status":"publish","type":"page","link":"https:\/\/www.radiance.al\/de\/kontaktieren-sie-uns\/","title":{"rendered":"Kontaktieren Sie uns"},"content":{"rendered":"\t\t<div data-elementor-type=\"wp-page\" data-elementor-id=\"7553\" class=\"elementor elementor-7553 elementor-2629\">\n\t\t\t\t<div class=\"elementor-element elementor-element-fea08cc e-flex e-con-boxed e-con e-parent\" data-id=\"fea08cc\" data-element_type=\"container\" data-e-type=\"container\">\n\t\t\t\t\t<div class=\"e-con-inner\">\n\t\t\t\t<div class=\"elementor-element elementor-element-f5ae48e elementor-widget elementor-widget-spacer\" data-id=\"f5ae48e\" data-element_type=\"widget\" data-e-type=\"widget\" data-widget_type=\"spacer.default\">\n\t\t\t\t<div class=\"elementor-widget-container\">\n\t\t\t\t\t\t\t<div class=\"elementor-spacer\">\n\t\t\t<div class=\"elementor-spacer-inner\"><\/div>\n\t\t<\/div>\n\t\t\t\t\t\t<\/div>\n\t\t\t\t<\/div>\n\t\t\t\t<div class=\"elementor-element elementor-element-19e3d62 elementor-widget elementor-widget-heading\" data-id=\"19e3d62\" data-element_type=\"widget\" data-e-type=\"widget\" data-widget_type=\"heading.default\">\n\t\t\t\t<div class=\"elementor-widget-container\">\n\t\t\t\t\t<h2 class=\"elementor-heading-title elementor-size-default\"><h2 style=\"margin-bottom: 10px;, sans-serif;line-height: 28px;font-size: 58px;text-align: center\">Kontaktieren Sie uns<\/h2><\/h2>\t\t\t\t<\/div>\n\t\t\t\t<\/div>\n\t\t\t\t\t<\/div>\n\t\t\t\t<\/div>\n\t\t<div class=\"elementor-element elementor-element-e86d2f8 e-flex e-con-boxed e-con e-parent\" data-id=\"e86d2f8\" data-element_type=\"container\" data-e-type=\"container\">\n\t\t\t\t\t<div class=\"e-con-inner\">\n\t\t\t\t<div class=\"elementor-element elementor-element-04b5795 elementor-widget elementor-widget-heading\" data-id=\"04b5795\" data-element_type=\"widget\" data-e-type=\"widget\" data-widget_type=\"heading.default\">\n\t\t\t\t<div class=\"elementor-widget-container\">\n\t\t\t\t\t<h2 class=\"elementor-heading-title elementor-size-default\"><h2>Buchen Sie jetzt Ihr kostenloses Beratungsgespr\u00e4ch. F\u00fcllen Sie das Formular aus und wir werden Sie so schnell wie m\u00f6glich kontaktieren.<\/h2><\/h2>\t\t\t\t<\/div>\n\t\t\t\t<\/div>\n\t\t\t\t\t<\/div>\n\t\t\t\t<\/div>\n\t\t<div class=\"elementor-element elementor-element-a8cc882 e-flex e-con-boxed e-con e-parent\" data-id=\"a8cc882\" data-element_type=\"container\" data-e-type=\"container\">\n\t\t\t\t\t<div class=\"e-con-inner\">\n\t\t\t\t<div class=\"elementor-element elementor-element-043240c collabration_form elementor-widget elementor-widget-shortcode\" data-id=\"043240c\" data-element_type=\"widget\" data-e-type=\"widget\" data-widget_type=\"shortcode.default\">\n\t\t\t\t<div class=\"elementor-widget-container\">\n\t\t\t\t\t\t\t<div class=\"elementor-shortcode\">\n<div class=\"wpcf7 no-js\" id=\"wpcf7-f9599-o1\" lang=\"de-DE\" dir=\"ltr\" data-wpcf7-id=\"9599\">\n<div class=\"screen-reader-response\"><p role=\"status\" aria-live=\"polite\" aria-atomic=\"true\"><\/p> <ul><\/ul><\/div>\n<form action=\"\/de\/wp-json\/wp\/v2\/pages\/7553#wpcf7-f9599-o1\" method=\"post\" class=\"wpcf7-form init\" aria-label=\"Kontaktformular\" enctype=\"multipart\/form-data\" novalidate=\"novalidate\" data-status=\"init\">\n<fieldset class=\"hidden-fields-container\"><input type=\"hidden\" name=\"_wpcf7\" value=\"9599\" \/><input type=\"hidden\" name=\"_wpcf7_version\" value=\"6.1.5\" \/><input type=\"hidden\" name=\"_wpcf7_locale\" value=\"de_DE\" \/><input type=\"hidden\" name=\"_wpcf7_unit_tag\" value=\"wpcf7-f9599-o1\" \/><input type=\"hidden\" name=\"_wpcf7_container_post\" value=\"0\" \/><input type=\"hidden\" name=\"_wpcf7_posted_data_hash\" value=\"\" \/>\n<\/fieldset>\n<div class=\"contact_form_wrapper\">\n\t<div class=\"input_global\">\n\t\t<p><label for=\"your-name\">Name und Nachname<\/label><br \/>\n<span class=\"wpcf7-form-control-wrap\" data-name=\"your-name\"><input size=\"40\" maxlength=\"400\" class=\"wpcf7-form-control wpcf7-text wpcf7-validates-as-required\" id=\"your-name\" autocomplete=\"name\" aria-required=\"true\" aria-invalid=\"false\" value=\"\" type=\"text\" name=\"your-name\" \/><\/span>\n\t\t<\/p>\n\t<\/div>\n\t<div class=\"input_global\">\n\t\t<p><label for=\"your-email\">E-Mail-Adresse<\/label><br \/>\n<span class=\"wpcf7-form-control-wrap\" data-name=\"your-email\"><input size=\"40\" maxlength=\"400\" class=\"wpcf7-form-control wpcf7-email wpcf7-validates-as-required wpcf7-text wpcf7-validates-as-email\" id=\"your-email\" autocomplete=\"email\" aria-required=\"true\" aria-invalid=\"false\" value=\"\" type=\"email\" name=\"your-email\" \/><\/span>\n\t\t<\/p>\n\t<\/div>\n\t<div class=\"input_global\">\n\t\t<p><label for=\"tel-590\">Telefonnummer<\/label><br \/>\n<span class=\"wpcf7-form-control-wrap\" data-name=\"tel-590\"><input size=\"40\" maxlength=\"400\" class=\"wpcf7-form-control wpcf7-tel wpcf7-validates-as-required wpcf7-text wpcf7-validates-as-tel\" id=\"tel-590\" aria-required=\"true\" aria-invalid=\"false\" value=\"\" type=\"tel\" name=\"tel-590\" \/><\/span>\n\t\t<\/p>\n\t<\/div>\n\t<div class=\"radio_button\">\n\t\t<p>F\u00fcr welche zahn\u00e4rztliche Leistung interessieren Sie sich?\n\t\t<\/p>\n\t\t<p><span class=\"wpcf7-form-control-wrap\" data-name=\"radio-648\"><span class=\"wpcf7-form-control wpcf7-radio\"><span class=\"wpcf7-list-item first\"><label><input type=\"radio\" name=\"radio-648\" value=\"Zahnimplantate\" \/><span class=\"wpcf7-list-item-label\">Zahnimplantate<\/span><\/label><\/span><span class=\"wpcf7-list-item\"><label><input type=\"radio\" name=\"radio-648\" value=\"Veneers\" \/><span class=\"wpcf7-list-item-label\">Veneers<\/span><\/label><\/span><span class=\"wpcf7-list-item last\"><label><input type=\"radio\" name=\"radio-648\" value=\"Kieferorthop\u00e4die\" \/><span class=\"wpcf7-list-item-label\">Kieferorthop\u00e4die<\/span><\/label><\/span><\/span><\/span>\n\t\t<\/p>\n\t<\/div>\n\t<div class=\"radio_button\">\n\t\t<p>Wann ist die beste Zeit, um Sie zu kontaktieren?\n\t\t<\/p>\n\t\t<p><span class=\"wpcf7-form-control-wrap\" data-name=\"radio-333\"><span class=\"wpcf7-form-control wpcf7-radio\"><span class=\"wpcf7-list-item first\"><label><input type=\"radio\" name=\"radio-333\" value=\"9:00 - 12:00\" \/><span class=\"wpcf7-list-item-label\">9:00 - 12:00<\/span><\/label><\/span><span class=\"wpcf7-list-item\"><label><input type=\"radio\" name=\"radio-333\" value=\"12:00 - 17:00\" \/><span class=\"wpcf7-list-item-label\">12:00 - 17:00<\/span><\/label><\/span><span class=\"wpcf7-list-item last\"><label><input type=\"radio\" name=\"radio-333\" value=\"17:00 - 20:00\" \/><span class=\"wpcf7-list-item-label\">17:00 - 20:00<\/span><\/label><\/span><\/span><\/span>\n\t\t<\/p>\n\t<\/div>\n\t<div class=\"upload_section\">\n\t\t<p><label for=\"file-487\">Befunde hochladen (max. 20&nbsp;MB)<\/label>\n\t\t<\/p>\n\t\t<div class=\"upload_input_wrapper\">\n\t\t\t<p><span class=\"wpcf7-form-control-wrap\" data-name=\"file-487\"><input size=\"40\" class=\"wpcf7-form-control wpcf7-file\" id=\"file-487\" accept=\"audio\/*,video\/*,image\/*,.pdf,.doc,.docx,.xls,.xlsx,.txt,.csv\" aria-invalid=\"false\" type=\"file\" name=\"file-487\" \/><\/span>\n\t\t\t<\/p>\n\t\t<\/div>\n\t\t<div class=\"consent\">\n\t\t\t<p><span class=\"wpcf7-form-control-wrap\" data-name=\"acceptance-735\"><span class=\"wpcf7-form-control wpcf7-acceptance\"><span class=\"wpcf7-list-item\"><label><input type=\"checkbox\" name=\"acceptance-735\" value=\"1\" aria-invalid=\"false\" \/><span class=\"wpcf7-list-item-label\">Ich akzeptiere die Datenschutzerkl\u00e4rung und die DSGVO-Bestimmungen und stimme der Verarbeitung meiner Kontaktdaten mit diesem Formular zu.<\/span><\/label><\/span><\/span><\/span>\n\t\t\t<\/p>\n\t\t<\/div>\n\t<\/div>\n\t<div class=\"sub_btn\">\n\t\t<p><input class=\"wpcf7-form-control wpcf7-submit has-spinner\" type=\"submit\" value=\"Termin buchen\" \/>\n\t\t<\/p>\n\t<\/div>\n<\/div><div class=\"wpcf7-response-output\" aria-hidden=\"true\"><\/div>\n<\/form>\n<\/div>\n<\/div>\n\t\t\t\t\t\t<\/div>\n\t\t\t\t<\/div>\n\t\t\t\t<div class=\"elementor-element elementor-element-e7f0929 elementor-widget elementor-widget-spacer\" data-id=\"e7f0929\" data-element_type=\"widget\" data-e-type=\"widget\" data-widget_type=\"spacer.default\">\n\t\t\t\t<div class=\"elementor-widget-container\">\n\t\t\t\t\t\t\t<div class=\"elementor-spacer\">\n\t\t\t<div class=\"elementor-spacer-inner\"><\/div>\n\t\t<\/div>\n\t\t\t\t\t\t<\/div>\n\t\t\t\t<\/div>\n\t\t\t\t\t<\/div>\n\t\t\t\t<\/div>\n\t\t\t\t<\/div>\n\t\t","protected":false},"excerpt":{"rendered":"<p>Kontaktieren Sie uns Buchen Sie jetzt Ihr kostenloses Beratungsgespr\u00e4ch. F\u00fcllen Sie das Formular aus und wir werden Sie so schnell wie m\u00f6glich kontaktieren.<\/p>\n","protected":false},"author":1,"featured_media":0,"parent":0,"menu_order":0,"comment_status":"closed","ping_status":"closed","template":"elementor_header_footer","meta":{"_acf_changed":false,"footnotes":""},"class_list":["post-7553","page","type-page","status-publish","hentry"],"acf":[],"yoast_head":"<!-- This site is optimized with the Yoast SEO Premium plugin v27.4 (Yoast SEO v27.6) - https:\/\/yoast.com\/product\/yoast-seo-premium-wordpress\/ -->\n<title>Zahnklinik in Albanien - Qualit\u00e4tsbehandlungen von Radiance<\/title>\n<meta name=\"description\" content=\"Kontaktieren Sie Radiance, eine Zahnklinik in Albanien. Fordern Sie jetzt ein kostenloses Angebot f\u00fcr Implantate, Veneers und hochwertige \u00e4sthetische Behandlungen an.\" \/>\n<meta name=\"robots\" content=\"index, follow, max-snippet:-1, max-image-preview:large, max-video-preview:-1\" \/>\n<link rel=\"canonical\" href=\"https:\/\/www.radiance.al\/de\/kontaktieren-sie-uns\/\" \/>\n<meta property=\"og:locale\" content=\"de_DE\" \/>\n<meta property=\"og:type\" content=\"article\" \/>\n<meta property=\"og:title\" content=\"Kontaktieren Sie uns - buchen Sie jetzt Ihre kostenlose Beratung bei Radiance Dental Tirana\" \/>\n<meta property=\"og:description\" content=\"Rufen Sie an unter +355 68 66 88 888, schreiben Sie an info@radiance.al oder f\u00fcllen Sie das Formular in weniger als 5 Sekunden aus. Wir werden Sie so schnell wie m\u00f6glich zur\u00fcckrufen!\" \/>\n<meta property=\"og:url\" content=\"https:\/\/www.radiance.al\/de\/kontaktieren-sie-uns\/\" \/>\n<meta property=\"og:site_name\" content=\"RADIANCE.AL\" \/>\n<meta property=\"article:publisher\" content=\"https:\/\/www.instagram.com\/radiance_al\/?hl=en\" \/>\n<meta property=\"article:modified_time\" content=\"2025-10-09T09:53:40+00:00\" \/>\n<meta name=\"twitter:card\" content=\"summary_large_image\" \/>\n<meta name=\"twitter:title\" content=\"Kontaktieren Sie uns - Radiance Dental Tirana | Schnelles und einfaches Formular\" \/>\n<meta name=\"twitter:description\" content=\"M\u00f6chten Sie eine kostenlose Beratung? Rufen Sie uns jetzt an oder f\u00fcllen Sie das Formular aus: Handy, WhatsApp oder E-Mail. Wir melden uns sofort bei Ihnen!\" \/>\n<meta name=\"twitter:label1\" content=\"Gesch\u00e4tzte Lesezeit\" \/>\n\t<meta name=\"twitter:data1\" content=\"1\u00a0Minute\" \/>\n<script type=\"application\/ld+json\" class=\"yoast-schema-graph\">{\"@context\":\"https:\\\/\\\/schema.org\",\"@graph\":[{\"@type\":\"WebPage\",\"@id\":\"https:\\\/\\\/www.radiance.al\\\/de\\\/kontaktieren-sie-uns\\\/\",\"url\":\"https:\\\/\\\/www.radiance.al\\\/de\\\/kontaktieren-sie-uns\\\/\",\"name\":\"Zahnklinik in Albanien - Qualit\u00e4tsbehandlungen von Radiance\",\"isPartOf\":{\"@id\":\"https:\\\/\\\/www.radiance.al\\\/de\\\/#website\"},\"datePublished\":\"2025-05-19T13:40:45+00:00\",\"dateModified\":\"2025-10-09T09:53:40+00:00\",\"description\":\"Kontaktieren Sie Radiance, eine Zahnklinik in Albanien. Fordern Sie jetzt ein kostenloses Angebot f\u00fcr Implantate, Veneers und hochwertige \u00e4sthetische Behandlungen an.\",\"breadcrumb\":{\"@id\":\"https:\\\/\\\/www.radiance.al\\\/de\\\/kontaktieren-sie-uns\\\/#breadcrumb\"},\"inLanguage\":\"de\",\"potentialAction\":[{\"@type\":\"ReadAction\",\"target\":[\"https:\\\/\\\/www.radiance.al\\\/de\\\/kontaktieren-sie-uns\\\/\"]}]},{\"@type\":\"BreadcrumbList\",\"@id\":\"https:\\\/\\\/www.radiance.al\\\/de\\\/kontaktieren-sie-uns\\\/#breadcrumb\",\"itemListElement\":[{\"@type\":\"ListItem\",\"position\":1,\"name\":\"Home\",\"item\":\"https:\\\/\\\/www.radiance.al\\\/de\\\/\"},{\"@type\":\"ListItem\",\"position\":2,\"name\":\"Startseite > Zahnmedizin > Perfect Smile Implantat\"}]},{\"@type\":\"WebSite\",\"@id\":\"https:\\\/\\\/www.radiance.al\\\/de\\\/#website\",\"url\":\"https:\\\/\\\/www.radiance.al\\\/de\\\/\",\"name\":\"RADIANCE.AL\",\"description\":\"RADIANCE DENTAL HOSPITAL\",\"publisher\":{\"@id\":\"https:\\\/\\\/www.radiance.al\\\/de\\\/#organization\"},\"potentialAction\":[{\"@type\":\"SearchAction\",\"target\":{\"@type\":\"EntryPoint\",\"urlTemplate\":\"https:\\\/\\\/www.radiance.al\\\/de\\\/?s={search_term_string}\"},\"query-input\":{\"@type\":\"PropertyValueSpecification\",\"valueRequired\":true,\"valueName\":\"search_term_string\"}}],\"inLanguage\":\"de\"},{\"@type\":\"Organization\",\"@id\":\"https:\\\/\\\/www.radiance.al\\\/de\\\/#organization\",\"name\":\"RADIANCE.AL\",\"alternateName\":\"Radiance Dental Hospital\",\"url\":\"https:\\\/\\\/www.radiance.al\\\/de\\\/\",\"logo\":{\"@type\":\"ImageObject\",\"inLanguage\":\"de\",\"@id\":\"https:\\\/\\\/www.radiance.al\\\/de\\\/#\\\/schema\\\/logo\\\/image\\\/\",\"url\":\"https:\\\/\\\/www.radiance.al\\\/wp-content\\\/uploads\\\/2025\\\/05\\\/faviconn.jpeg\",\"contentUrl\":\"https:\\\/\\\/www.radiance.al\\\/wp-content\\\/uploads\\\/2025\\\/05\\\/faviconn.jpeg\",\"width\":48,\"height\":48,\"caption\":\"RADIANCE.AL\"},\"image\":{\"@id\":\"https:\\\/\\\/www.radiance.al\\\/de\\\/#\\\/schema\\\/logo\\\/image\\\/\"},\"sameAs\":[\"https:\\\/\\\/www.instagram.com\\\/radiance_al\\\/?hl=en\"],\"description\":\"\\\"Radiance Dental Hospital n\u00eb Shqip\u00ebri: spital dentar modern me teknologji 3D, implantologji, estetik\u00eb dhe specialist\u00eb me mbi 15 vite p\u00ebrvoj\u00eb. Prenoto konsult\u00ebn falas!\\\"\",\"email\":\"info@radiance.al\",\"telephone\":\"+355694799949\",\"legalName\":\"Radiance Dental Hospital\",\"foundingDate\":\"2025-03-18\",\"numberOfEmployees\":{\"@type\":\"QuantitativeValue\",\"minValue\":\"11\",\"maxValue\":\"50\"}}]}<\/script>\n<!-- \/ Yoast SEO Premium plugin. -->","yoast_head_json":{"title":"Zahnklinik in Albanien - Qualit\u00e4tsbehandlungen von Radiance","description":"Kontaktieren Sie Radiance, eine Zahnklinik in Albanien. Fordern Sie jetzt ein kostenloses Angebot f\u00fcr Implantate, Veneers und hochwertige \u00e4sthetische Behandlungen an.","robots":{"index":"index","follow":"follow","max-snippet":"max-snippet:-1","max-image-preview":"max-image-preview:large","max-video-preview":"max-video-preview:-1"},"canonical":"https:\/\/www.radiance.al\/de\/kontaktieren-sie-uns\/","og_locale":"de_DE","og_type":"article","og_title":"Kontaktieren Sie uns - buchen Sie jetzt Ihre kostenlose Beratung bei Radiance Dental Tirana","og_description":"Rufen Sie an unter +355 68 66 88 888, schreiben Sie an info@radiance.al oder f\u00fcllen Sie das Formular in weniger als 5 Sekunden aus. Wir werden Sie so schnell wie m\u00f6glich zur\u00fcckrufen!","og_url":"https:\/\/www.radiance.al\/de\/kontaktieren-sie-uns\/","og_site_name":"RADIANCE.AL","article_publisher":"https:\/\/www.instagram.com\/radiance_al\/?hl=en","article_modified_time":"2025-10-09T09:53:40+00:00","twitter_card":"summary_large_image","twitter_title":"Kontaktieren Sie uns - Radiance Dental Tirana | Schnelles und einfaches Formular","twitter_description":"M\u00f6chten Sie eine kostenlose Beratung? Rufen Sie uns jetzt an oder f\u00fcllen Sie das Formular aus: Handy, WhatsApp oder E-Mail. Wir melden uns sofort bei Ihnen!","twitter_misc":{"Gesch\u00e4tzte Lesezeit":"1\u00a0Minute"},"schema":{"@context":"https:\/\/schema.org","@graph":[{"@type":"WebPage","@id":"https:\/\/www.radiance.al\/de\/kontaktieren-sie-uns\/","url":"https:\/\/www.radiance.al\/de\/kontaktieren-sie-uns\/","name":"Zahnklinik in Albanien - Qualit\u00e4tsbehandlungen von Radiance","isPartOf":{"@id":"https:\/\/www.radiance.al\/de\/#website"},"datePublished":"2025-05-19T13:40:45+00:00","dateModified":"2025-10-09T09:53:40+00:00","description":"Kontaktieren Sie Radiance, eine Zahnklinik in Albanien. Fordern Sie jetzt ein kostenloses Angebot f\u00fcr Implantate, Veneers und hochwertige \u00e4sthetische Behandlungen an.","breadcrumb":{"@id":"https:\/\/www.radiance.al\/de\/kontaktieren-sie-uns\/#breadcrumb"},"inLanguage":"de","potentialAction":[{"@type":"ReadAction","target":["https:\/\/www.radiance.al\/de\/kontaktieren-sie-uns\/"]}]},{"@type":"BreadcrumbList","@id":"https:\/\/www.radiance.al\/de\/kontaktieren-sie-uns\/#breadcrumb","itemListElement":[{"@type":"ListItem","position":1,"name":"Home","item":"https:\/\/www.radiance.al\/de\/"},{"@type":"ListItem","position":2,"name":"Startseite > Zahnmedizin > Perfect Smile Implantat"}]},{"@type":"WebSite","@id":"https:\/\/www.radiance.al\/de\/#website","url":"https:\/\/www.radiance.al\/de\/","name":"RADIANCE.AL","description":"RADIANCE DENTAL HOSPITAL","publisher":{"@id":"https:\/\/www.radiance.al\/de\/#organization"},"potentialAction":[{"@type":"SearchAction","target":{"@type":"EntryPoint","urlTemplate":"https:\/\/www.radiance.al\/de\/?s={search_term_string}"},"query-input":{"@type":"PropertyValueSpecification","valueRequired":true,"valueName":"search_term_string"}}],"inLanguage":"de"},{"@type":"Organization","@id":"https:\/\/www.radiance.al\/de\/#organization","name":"RADIANCE.AL","alternateName":"Radiance Dental Hospital","url":"https:\/\/www.radiance.al\/de\/","logo":{"@type":"ImageObject","inLanguage":"de","@id":"https:\/\/www.radiance.al\/de\/#\/schema\/logo\/image\/","url":"https:\/\/www.radiance.al\/wp-content\/uploads\/2025\/05\/faviconn.jpeg","contentUrl":"https:\/\/www.radiance.al\/wp-content\/uploads\/2025\/05\/faviconn.jpeg","width":48,"height":48,"caption":"RADIANCE.AL"},"image":{"@id":"https:\/\/www.radiance.al\/de\/#\/schema\/logo\/image\/"},"sameAs":["https:\/\/www.instagram.com\/radiance_al\/?hl=en"],"description":"\"Radiance Dental Hospital n\u00eb Shqip\u00ebri: spital dentar modern me teknologji 3D, implantologji, estetik\u00eb dhe specialist\u00eb me mbi 15 vite p\u00ebrvoj\u00eb. Prenoto konsult\u00ebn falas!\"","email":"info@radiance.al","telephone":"+355694799949","legalName":"Radiance Dental Hospital","foundingDate":"2025-03-18","numberOfEmployees":{"@type":"QuantitativeValue","minValue":"11","maxValue":"50"}}]}},"_links":{"self":[{"href":"https:\/\/www.radiance.al\/de\/wp-json\/wp\/v2\/pages\/7553","targetHints":{"allow":["GET"]}}],"collection":[{"href":"https:\/\/www.radiance.al\/de\/wp-json\/wp\/v2\/pages"}],"about":[{"href":"https:\/\/www.radiance.al\/de\/wp-json\/wp\/v2\/types\/page"}],"author":[{"embeddable":true,"href":"https:\/\/www.radiance.al\/de\/wp-json\/wp\/v2\/users\/1"}],"replies":[{"embeddable":true,"href":"https:\/\/www.radiance.al\/de\/wp-json\/wp\/v2\/comments?post=7553"}],"version-history":[{"count":12,"href":"https:\/\/www.radiance.al\/de\/wp-json\/wp\/v2\/pages\/7553\/revisions"}],"predecessor-version":[{"id":11232,"href":"https:\/\/www.radiance.al\/de\/wp-json\/wp\/v2\/pages\/7553\/revisions\/11232"}],"wp:attachment":[{"href":"https:\/\/www.radiance.al\/de\/wp-json\/wp\/v2\/media?parent=7553"}],"curies":[{"name":"wp","href":"https:\/\/api.w.org\/{rel}","templated":true}]}}