{"id":7564,"date":"2025-05-27T07:20:18","date_gmt":"2025-05-27T07:20:18","guid":{"rendered":"https:\/\/www.radiance.al\/bedingungen-und-konditionen\/"},"modified":"2025-07-11T14:31:50","modified_gmt":"2025-07-11T14:31:50","slug":"bedingungen-und-konditionen","status":"publish","type":"page","link":"https:\/\/www.radiance.al\/de\/bedingungen-und-konditionen\/","title":{"rendered":"Bedingungen und Konditionen"},"content":{"rendered":"\t\t<div data-elementor-type=\"wp-page\" data-elementor-id=\"7564\" class=\"elementor elementor-7564 elementor-3641\">\n\t\t\t\t<div class=\"elementor-element elementor-element-d0c267d e-flex e-con-boxed e-con e-parent\" data-id=\"d0c267d\" data-element_type=\"container\" data-e-type=\"container\">\n\t\t\t\t\t<div class=\"e-con-inner\">\n\t\t\t\t<div class=\"elementor-element elementor-element-9f9f688 elementor-widget elementor-widget-heading\" data-id=\"9f9f688\" data-element_type=\"widget\" data-e-type=\"widget\" data-widget_type=\"heading.default\">\n\t\t\t\t<div class=\"elementor-widget-container\">\n\t\t\t\t\t<h2 class=\"elementor-heading-title elementor-size-default\"><span style=\"font-size: 30px\">NUTZUNGSBESTIMMUNGEN UND -BEDINGUNGEN<\/span><\/h2>\t\t\t\t<\/div>\n\t\t\t\t<\/div>\n\t\t\t\t<div class=\"elementor-element elementor-element-a36ac3e elementor-widget elementor-widget-text-editor\" data-id=\"a36ac3e\" data-element_type=\"widget\" data-e-type=\"widget\" data-widget_type=\"text-editor.default\">\n\t\t\t\t<div class=\"elementor-widget-container\">\n\t\t\t\t\t\t\t\t\t<p>Radiance Zahnklinik<\/p><p>NIPT: M41528017G<\/p><p>Ismail Qemali 27, Tirana, Albanien<\/p><p>Tel: +355 68 66 88 888<\/p><p>E-Mail: info@radiance.al<\/p><p>Web: www.radiance.al<\/p><p>Datum: 29 Mai 2025<\/p>\t\t\t\t\t\t\t\t<\/div>\n\t\t\t\t<\/div>\n\t\t\t\t<div class=\"elementor-element elementor-element-2021abb elementor-widget elementor-widget-heading\" data-id=\"2021abb\" data-element_type=\"widget\" data-e-type=\"widget\" data-widget_type=\"heading.default\">\n\t\t\t\t<div class=\"elementor-widget-container\">\n\t\t\t\t\t<h2 class=\"elementor-heading-title elementor-size-default\"><span style=\"font-size: 30px\">1. AKZEPTANZ DER BEDINGUNGEN<\/span><\/h2>\t\t\t\t<\/div>\n\t\t\t\t<\/div>\n\t\t\t\t<div class=\"elementor-element elementor-element-5e1d898 elementor-widget elementor-widget-text-editor\" data-id=\"5e1d898\" data-element_type=\"widget\" data-e-type=\"widget\" data-widget_type=\"text-editor.default\">\n\t\t\t\t<div class=\"elementor-widget-container\">\n\t\t\t\t\t\t\t\t\t<p>Durch die Nutzung dieser Website (www.radiance.al) erkl\u00e4ren Sie sich mit den vorliegenden Nutzungsbedingungen einverstanden und sind an diese gebunden. Wenn Sie mit diesen Bedingungen nicht einverstanden sind, nutzen Sie die Website bitte nicht.  <\/p>\t\t\t\t\t\t\t\t<\/div>\n\t\t\t\t<\/div>\n\t\t\t\t<div class=\"elementor-element elementor-element-36e7d9c elementor-widget elementor-widget-heading\" data-id=\"36e7d9c\" data-element_type=\"widget\" data-e-type=\"widget\" data-widget_type=\"heading.default\">\n\t\t\t\t<div class=\"elementor-widget-container\">\n\t\t\t\t\t<h2 class=\"elementor-heading-title elementor-size-default\"><span style=\"font-size: 30px\">2. BESCHREIBUNG DER DIENSTLEISTUNGEN<\/span><\/h2>\t\t\t\t<\/div>\n\t\t\t\t<\/div>\n\t\t\t\t<div class=\"elementor-element elementor-element-cc572e1 elementor-widget elementor-widget-text-editor\" data-id=\"cc572e1\" data-element_type=\"widget\" data-e-type=\"widget\" data-widget_type=\"text-editor.default\">\n\t\t\t\t<div class=\"elementor-widget-container\">\n\t\t\t\t\t\t\t\t\t<p>Radiance Dental Hospital bietet Informationen \u00fcber zahn\u00e4rztliche Leistungen, Mitarbeiter, Arbeitszeiten, Kontaktdaten und erm\u00f6glicht Ihnen die Kommunikation mit der Klinik \u00fcber Online-Kontaktformulare.<\/p>\t\t\t\t\t\t\t\t<\/div>\n\t\t\t\t<\/div>\n\t\t\t\t<div class=\"elementor-element elementor-element-ebf9de4 elementor-widget elementor-widget-heading\" data-id=\"ebf9de4\" data-element_type=\"widget\" data-e-type=\"widget\" data-widget_type=\"heading.default\">\n\t\t\t\t<div class=\"elementor-widget-container\">\n\t\t\t\t\t<h2 class=\"elementor-heading-title elementor-size-default\">3. GEISTIGES EIGENTUM<\/h2>\t\t\t\t<\/div>\n\t\t\t\t<\/div>\n\t\t\t\t<div class=\"elementor-element elementor-element-29f75cc elementor-widget elementor-widget-text-editor\" data-id=\"29f75cc\" data-element_type=\"widget\" data-e-type=\"widget\" data-widget_type=\"text-editor.default\">\n\t\t\t\t<div class=\"elementor-widget-container\">\n\t\t\t\t\t\t\t\t\t<p>Alle Materialien auf dieser Website (Texte, Bilder, Logos, Grafiken usw.) sind Eigentum von Radiance Dental Hospital und durch Gesetze zum Schutz des geistigen Eigentums gesch\u00fctzt. Es ist strengstens untersagt, diese Materialien ohne die schriftliche Genehmigung von Radiance Dental Hospital zu kopieren, zu verbreiten, zu ver\u00e4ndern oder zu verwenden.   <\/p>\t\t\t\t\t\t\t\t<\/div>\n\t\t\t\t<\/div>\n\t\t\t\t<div class=\"elementor-element elementor-element-21dd11f elementor-widget elementor-widget-heading\" data-id=\"21dd11f\" data-element_type=\"widget\" data-e-type=\"widget\" data-widget_type=\"heading.default\">\n\t\t\t\t<div class=\"elementor-widget-container\">\n\t\t\t\t\t<h2 class=\"elementor-heading-title elementor-size-default\">4. NUTZUNG DER WEBSITE<\/h2>\t\t\t\t<\/div>\n\t\t\t\t<\/div>\n\t\t\t\t<div class=\"elementor-element elementor-element-10ff25c elementor-widget elementor-widget-text-editor\" data-id=\"10ff25c\" data-element_type=\"widget\" data-e-type=\"widget\" data-widget_type=\"text-editor.default\">\n\t\t\t\t<div class=\"elementor-widget-container\">\n\t\t\t\t\t\t\t\t\t<p>Der Nutzer erkl\u00e4rt sich damit einverstanden, die Website nicht f\u00fcr illegale, betr\u00fcgerische oder sch\u00e4dliche Zwecke oder in einer Weise zu nutzen, die dem Ruf oder der Funktionsweise der Website und des Unternehmens schaden k\u00f6nnte. Die automatisierte Nutzung (Bots, Skripte) zur Sammlung von Daten ohne Genehmigung ist strengstens untersagt.   <\/p>\t\t\t\t\t\t\t\t<\/div>\n\t\t\t\t<\/div>\n\t\t\t\t<div class=\"elementor-element elementor-element-713e512 elementor-widget elementor-widget-heading\" data-id=\"713e512\" data-element_type=\"widget\" data-e-type=\"widget\" data-widget_type=\"heading.default\">\n\t\t\t\t<div class=\"elementor-widget-container\">\n\t\t\t\t\t<h2 class=\"elementor-heading-title elementor-size-default\">5. PRIVATSPH\u00c4RE UND DATENSCHUTZ<\/h2>\t\t\t\t<\/div>\n\t\t\t\t<\/div>\n\t\t\t\t<div class=\"elementor-element elementor-element-21e6ca4 elementor-widget elementor-widget-text-editor\" data-id=\"21e6ca4\" data-element_type=\"widget\" data-e-type=\"widget\" data-widget_type=\"text-editor.default\">\n\t\t\t\t<div class=\"elementor-widget-container\">\n\t\t\t\t\t\t\t\t\t<p>Alle pers\u00f6nlichen Daten, die \u00fcber die Website gesammelt werden, werden in \u00dcbereinstimmung mit den Datenschutzrichtlinien von Radiance Dental Hospital behandelt. Wir verpflichten uns, Ihre Privatsph\u00e4re und Ihre pers\u00f6nlichen Daten zu sch\u00fctzen.   <\/p>\t\t\t\t\t\t\t\t<\/div>\n\t\t\t\t<\/div>\n\t\t\t\t<div class=\"elementor-element elementor-element-036d8ad elementor-widget elementor-widget-heading\" data-id=\"036d8ad\" data-element_type=\"widget\" data-e-type=\"widget\" data-widget_type=\"heading.default\">\n\t\t\t\t<div class=\"elementor-widget-container\">\n\t\t\t\t\t<h2 class=\"elementor-heading-title elementor-size-default\">6. LINKS ZU WEBSITES DRITTER<\/h2>\t\t\t\t<\/div>\n\t\t\t\t<\/div>\n\t\t\t\t<div class=\"elementor-element elementor-element-cab2b1c elementor-widget elementor-widget-text-editor\" data-id=\"cab2b1c\" data-element_type=\"widget\" data-e-type=\"widget\" data-widget_type=\"text-editor.default\">\n\t\t\t\t<div class=\"elementor-widget-container\">\n\t\t\t\t\t\t\t\t\t<p>Diese Website kann Links zu anderen Websites enthalten, die nicht von Radiance Dental Hospital kontrolliert werden. Wir sind nicht verantwortlich f\u00fcr den Inhalt oder die Sicherheit dieser Websites Dritter.   <\/p>\t\t\t\t\t\t\t\t<\/div>\n\t\t\t\t<\/div>\n\t\t\t\t<div class=\"elementor-element elementor-element-fe4120d elementor-widget elementor-widget-heading\" data-id=\"fe4120d\" data-element_type=\"widget\" data-e-type=\"widget\" data-widget_type=\"heading.default\">\n\t\t\t\t<div class=\"elementor-widget-container\">\n\t\t\t\t\t<h2 class=\"elementor-heading-title elementor-size-default\">7. HAFTUNGSAUSSCHLUSS<\/h2>\t\t\t\t<\/div>\n\t\t\t\t<\/div>\n\t\t\t\t<div class=\"elementor-element elementor-element-0ae1977 elementor-widget elementor-widget-text-editor\" data-id=\"0ae1977\" data-element_type=\"widget\" data-e-type=\"widget\" data-widget_type=\"text-editor.default\">\n\t\t\t\t<div class=\"elementor-widget-container\">\n\t\t\t\t\t\t\t\t\t<p>Die Informationen auf dieser Website werden nur zu Informationszwecken bereitgestellt. Radiance Dental Hospital \u00fcbernimmt keine Garantie f\u00fcr die Richtigkeit, Vollst\u00e4ndigkeit oder Aktualit\u00e4t der Informationen. Zahn\u00e4rztliche Dienstleistungen sollten Sie immer direkt von unseren Fachleuten in Anspruch nehmen.    <\/p>\t\t\t\t\t\t\t\t<\/div>\n\t\t\t\t<\/div>\n\t\t\t\t<div class=\"elementor-element elementor-element-dc456a6 elementor-widget elementor-widget-heading\" data-id=\"dc456a6\" data-element_type=\"widget\" data-e-type=\"widget\" data-widget_type=\"heading.default\">\n\t\t\t\t<div class=\"elementor-widget-container\">\n\t\t\t\t\t<h2 class=\"elementor-heading-title elementor-size-default\">8. \u00c4NDERUNGEN DER BEDINGUNGEN<\/h2>\t\t\t\t<\/div>\n\t\t\t\t<\/div>\n\t\t\t\t<div class=\"elementor-element elementor-element-f8f6c95 elementor-widget elementor-widget-text-editor\" data-id=\"f8f6c95\" data-element_type=\"widget\" data-e-type=\"widget\" data-widget_type=\"text-editor.default\">\n\t\t\t\t<div class=\"elementor-widget-container\">\n\t\t\t\t\t\t\t\t\t<p>Radiance Dental Hospital beh\u00e4lt sich das Recht vor, diese Allgemeinen Gesch\u00e4ftsbedingungen jederzeit zu \u00e4ndern. Die \u00c4nderungen treten unmittelbar nach ihrer Ver\u00f6ffentlichung auf der Website in Kraft. Wir empfehlen Ihnen, diese Seite regelm\u00e4\u00dfig auf Aktualisierungen zu \u00fcberpr\u00fcfen.    <\/p>\t\t\t\t\t\t\t\t<\/div>\n\t\t\t\t<\/div>\n\t\t\t\t<div class=\"elementor-element elementor-element-8f4b301 elementor-widget elementor-widget-heading\" data-id=\"8f4b301\" data-element_type=\"widget\" data-e-type=\"widget\" data-widget_type=\"heading.default\">\n\t\t\t\t<div class=\"elementor-widget-container\">\n\t\t\t\t\t<h2 class=\"elementor-heading-title elementor-size-default\">9. ANWENDBARES RECHT UND GERICHTSBARKEIT<\/h2>\t\t\t\t<\/div>\n\t\t\t\t<\/div>\n\t\t\t\t<div class=\"elementor-element elementor-element-8e420fe elementor-widget elementor-widget-text-editor\" data-id=\"8e420fe\" data-element_type=\"widget\" data-e-type=\"widget\" data-widget_type=\"text-editor.default\">\n\t\t\t\t<div class=\"elementor-widget-container\">\n\t\t\t\t\t\t\t\t\t<p>Diese Allgemeinen Gesch\u00e4ftsbedingungen unterliegen den Gesetzen der Republik Albanien. Alle Streitigkeiten werden von den zust\u00e4ndigen Gerichten in Tirana entschieden.   <\/p>\t\t\t\t\t\t\t\t<\/div>\n\t\t\t\t<\/div>\n\t\t\t\t<div class=\"elementor-element elementor-element-8e09318 elementor-widget elementor-widget-heading\" data-id=\"8e09318\" data-element_type=\"widget\" data-e-type=\"widget\" data-widget_type=\"heading.default\">\n\t\t\t\t<div class=\"elementor-widget-container\">\n\t\t\t\t\t<h2 class=\"elementor-heading-title elementor-size-default\">10. KONTAKT<\/h2>\t\t\t\t<\/div>\n\t\t\t\t<\/div>\n\t\t\t\t<div class=\"elementor-element elementor-element-ca904ac elementor-widget elementor-widget-text-editor\" data-id=\"ca904ac\" data-element_type=\"widget\" data-e-type=\"widget\" data-widget_type=\"text-editor.default\">\n\t\t\t\t<div class=\"elementor-widget-container\">\n\t\t\t\t\t\t\t\t\t<p>Wenn Sie Fragen oder Bedenken bez\u00fcglich dieser Allgemeinen Gesch\u00e4ftsbedingungen haben, kontaktieren Sie uns bitte unter:<\/p><p>Adresse: Ismail Qemali 27, Tirana, Albanien<\/p><p>Tel: +355 68 66 88 888<\/p><p>E-Mail: info@radiance.al<\/p><p><span style=\"text-decoration: underline;\"><strong>Indem Sie diese Website nutzen, akzeptieren Sie diese Allgemeinen Gesch\u00e4ftsbedingungen vollst\u00e4ndig.<\/strong><\/span><\/p>\t\t\t\t\t\t\t\t<\/div>\n\t\t\t\t<\/div>\n\t\t\t\t\t<\/div>\n\t\t\t\t<\/div>\n\t\t\t\t<\/div>\n\t\t","protected":false},"excerpt":{"rendered":"<p>NUTZUNGSBESTIMMUNGEN UND -BEDINGUNGEN Radiance Zahnklinik NIPT: M41528017G Ismail Qemali 27, Tirana, Albanien Tel: +355 68 66 88 888 E-Mail: info@radiance.al Web: www.radiance.al Datum: 29 Mai 2025 1. AKZEPTANZ DER BEDINGUNGEN Durch die Nutzung dieser Website (www.radiance.al) erkl\u00e4ren Sie sich mit den vorliegenden Nutzungsbedingungen einverstanden und sind an diese gebunden. Wenn [&hellip;]<\/p>\n","protected":false},"author":1,"featured_media":0,"parent":0,"menu_order":0,"comment_status":"closed","ping_status":"closed","template":"elementor_header_footer","meta":{"_acf_changed":false,"footnotes":""},"class_list":["post-7564","page","type-page","status-publish","hentry"],"acf":[],"yoast_head":"<!-- This site is optimized with the Yoast SEO Premium plugin v27.4 (Yoast SEO v27.4) - https:\/\/yoast.com\/product\/yoast-seo-premium-wordpress\/ -->\n<title>Allgemeine Gesch\u00e4ftsbedingungen - Radiance Dental Tirana<\/title>\n<meta name=\"description\" content=\"Lesen Sie die Nutzungsbedingungen der Radiance Dental Hospital Tirana Website: Verantwortung, Zugang, Eigentum am Inhalt und Regeln f\u00fcr die sichere und vorschriftsm\u00e4\u00dfige Nutzung der Website.\" \/>\n<meta name=\"robots\" content=\"index, follow, max-snippet:-1, max-image-preview:large, max-video-preview:-1\" \/>\n<link rel=\"canonical\" href=\"https:\/\/www.radiance.al\/de\/bedingungen-und-konditionen\/\" \/>\n<meta property=\"og:locale\" content=\"de_DE\" \/>\n<meta property=\"og:type\" content=\"article\" \/>\n<meta property=\"og:title\" content=\"Allgemeine Gesch\u00e4ftsbedingungen - Richtlinien f\u00fcr die Nutzung der Website von Radiance Dental Tirana\" \/>\n<meta property=\"og:description\" content=\"Alles, was Sie wissen m\u00fcssen, um die Radiance Dental-Website korrekt zu nutzen: Regeln, Haftung, Urheberrecht und Nutzung von Inhalten.\" \/>\n<meta property=\"og:url\" content=\"https:\/\/www.radiance.al\/de\/bedingungen-und-konditionen\/\" \/>\n<meta property=\"og:site_name\" content=\"RADIANCE.AL\" \/>\n<meta property=\"article:publisher\" content=\"https:\/\/www.instagram.com\/radiance_al\/?hl=en\" \/>\n<meta property=\"article:modified_time\" content=\"2025-07-11T14:31:50+00:00\" \/>\n<meta name=\"twitter:card\" content=\"summary_large_image\" \/>\n<meta name=\"twitter:title\" content=\"Nutzungsbedingungen Radiance Dental Tirana\" \/>\n<meta name=\"twitter:description\" content=\"Siehe die Radiance Dental-Nutzungsbedingungen: Haftung, Zugang und Nutzung von Webinhalten.\" \/>\n<meta name=\"twitter:label1\" content=\"Gesch\u00e4tzte Lesezeit\" \/>\n\t<meta name=\"twitter:data1\" content=\"2\u00a0Minuten\" \/>\n<script type=\"application\/ld+json\" class=\"yoast-schema-graph\">{\"@context\":\"https:\\\/\\\/schema.org\",\"@graph\":[{\"@type\":\"WebPage\",\"@id\":\"https:\\\/\\\/www.radiance.al\\\/de\\\/bedingungen-und-konditionen\\\/\",\"url\":\"https:\\\/\\\/www.radiance.al\\\/de\\\/bedingungen-und-konditionen\\\/\",\"name\":\"Allgemeine Gesch\u00e4ftsbedingungen - Radiance Dental Tirana\",\"isPartOf\":{\"@id\":\"https:\\\/\\\/www.radiance.al\\\/de\\\/#website\"},\"datePublished\":\"2025-05-27T07:20:18+00:00\",\"dateModified\":\"2025-07-11T14:31:50+00:00\",\"description\":\"Lesen Sie die Nutzungsbedingungen der Radiance Dental Hospital Tirana Website: Verantwortung, Zugang, Eigentum am Inhalt und Regeln f\u00fcr die sichere und vorschriftsm\u00e4\u00dfige Nutzung der Website.\",\"breadcrumb\":{\"@id\":\"https:\\\/\\\/www.radiance.al\\\/de\\\/bedingungen-und-konditionen\\\/#breadcrumb\"},\"inLanguage\":\"de\",\"potentialAction\":[{\"@type\":\"ReadAction\",\"target\":[\"https:\\\/\\\/www.radiance.al\\\/de\\\/bedingungen-und-konditionen\\\/\"]}]},{\"@type\":\"BreadcrumbList\",\"@id\":\"https:\\\/\\\/www.radiance.al\\\/de\\\/bedingungen-und-konditionen\\\/#breadcrumb\",\"itemListElement\":[{\"@type\":\"ListItem\",\"position\":1,\"name\":\"Home\",\"item\":\"https:\\\/\\\/www.radiance.al\\\/de\\\/\"},{\"@type\":\"ListItem\",\"position\":2,\"name\":\"Bedingungen und Konditionen\"}]},{\"@type\":\"WebSite\",\"@id\":\"https:\\\/\\\/www.radiance.al\\\/de\\\/#website\",\"url\":\"https:\\\/\\\/www.radiance.al\\\/de\\\/\",\"name\":\"RADIANCE.AL\",\"description\":\"RADIANCE DENTAL HOSPITAL\",\"publisher\":{\"@id\":\"https:\\\/\\\/www.radiance.al\\\/de\\\/#organization\"},\"potentialAction\":[{\"@type\":\"SearchAction\",\"target\":{\"@type\":\"EntryPoint\",\"urlTemplate\":\"https:\\\/\\\/www.radiance.al\\\/de\\\/?s={search_term_string}\"},\"query-input\":{\"@type\":\"PropertyValueSpecification\",\"valueRequired\":true,\"valueName\":\"search_term_string\"}}],\"inLanguage\":\"de\"},{\"@type\":\"Organization\",\"@id\":\"https:\\\/\\\/www.radiance.al\\\/de\\\/#organization\",\"name\":\"RADIANCE.AL\",\"alternateName\":\"Radiance Dental Hospital\",\"url\":\"https:\\\/\\\/www.radiance.al\\\/de\\\/\",\"logo\":{\"@type\":\"ImageObject\",\"inLanguage\":\"de\",\"@id\":\"https:\\\/\\\/www.radiance.al\\\/de\\\/#\\\/schema\\\/logo\\\/image\\\/\",\"url\":\"https:\\\/\\\/www.radiance.al\\\/wp-content\\\/uploads\\\/2025\\\/05\\\/faviconn.jpeg\",\"contentUrl\":\"https:\\\/\\\/www.radiance.al\\\/wp-content\\\/uploads\\\/2025\\\/05\\\/faviconn.jpeg\",\"width\":48,\"height\":48,\"caption\":\"RADIANCE.AL\"},\"image\":{\"@id\":\"https:\\\/\\\/www.radiance.al\\\/de\\\/#\\\/schema\\\/logo\\\/image\\\/\"},\"sameAs\":[\"https:\\\/\\\/www.instagram.com\\\/radiance_al\\\/?hl=en\"],\"description\":\"\\\"Radiance Dental Hospital n\u00eb Shqip\u00ebri: spital dentar modern me teknologji 3D, implantologji, estetik\u00eb dhe specialist\u00eb me mbi 15 vite p\u00ebrvoj\u00eb. Prenoto konsult\u00ebn falas!\\\"\",\"email\":\"info@radiance.al\",\"telephone\":\"+355694799949\",\"legalName\":\"Radiance Dental Hospital\",\"foundingDate\":\"2025-03-18\",\"numberOfEmployees\":{\"@type\":\"QuantitativeValue\",\"minValue\":\"11\",\"maxValue\":\"50\"}}]}<\/script>\n<!-- \/ Yoast SEO Premium plugin. -->","yoast_head_json":{"title":"Allgemeine Gesch\u00e4ftsbedingungen - Radiance Dental Tirana","description":"Lesen Sie die Nutzungsbedingungen der Radiance Dental Hospital Tirana Website: Verantwortung, Zugang, Eigentum am Inhalt und Regeln f\u00fcr die sichere und vorschriftsm\u00e4\u00dfige Nutzung der Website.","robots":{"index":"index","follow":"follow","max-snippet":"max-snippet:-1","max-image-preview":"max-image-preview:large","max-video-preview":"max-video-preview:-1"},"canonical":"https:\/\/www.radiance.al\/de\/bedingungen-und-konditionen\/","og_locale":"de_DE","og_type":"article","og_title":"Allgemeine Gesch\u00e4ftsbedingungen - Richtlinien f\u00fcr die Nutzung der Website von Radiance Dental Tirana","og_description":"Alles, was Sie wissen m\u00fcssen, um die Radiance Dental-Website korrekt zu nutzen: Regeln, Haftung, Urheberrecht und Nutzung von Inhalten.","og_url":"https:\/\/www.radiance.al\/de\/bedingungen-und-konditionen\/","og_site_name":"RADIANCE.AL","article_publisher":"https:\/\/www.instagram.com\/radiance_al\/?hl=en","article_modified_time":"2025-07-11T14:31:50+00:00","twitter_card":"summary_large_image","twitter_title":"Nutzungsbedingungen Radiance Dental Tirana","twitter_description":"Siehe die Radiance Dental-Nutzungsbedingungen: Haftung, Zugang und Nutzung von Webinhalten.","twitter_misc":{"Gesch\u00e4tzte Lesezeit":"2\u00a0Minuten"},"schema":{"@context":"https:\/\/schema.org","@graph":[{"@type":"WebPage","@id":"https:\/\/www.radiance.al\/de\/bedingungen-und-konditionen\/","url":"https:\/\/www.radiance.al\/de\/bedingungen-und-konditionen\/","name":"Allgemeine Gesch\u00e4ftsbedingungen - Radiance Dental Tirana","isPartOf":{"@id":"https:\/\/www.radiance.al\/de\/#website"},"datePublished":"2025-05-27T07:20:18+00:00","dateModified":"2025-07-11T14:31:50+00:00","description":"Lesen Sie die Nutzungsbedingungen der Radiance Dental Hospital Tirana Website: Verantwortung, Zugang, Eigentum am Inhalt und Regeln f\u00fcr die sichere und vorschriftsm\u00e4\u00dfige Nutzung der Website.","breadcrumb":{"@id":"https:\/\/www.radiance.al\/de\/bedingungen-und-konditionen\/#breadcrumb"},"inLanguage":"de","potentialAction":[{"@type":"ReadAction","target":["https:\/\/www.radiance.al\/de\/bedingungen-und-konditionen\/"]}]},{"@type":"BreadcrumbList","@id":"https:\/\/www.radiance.al\/de\/bedingungen-und-konditionen\/#breadcrumb","itemListElement":[{"@type":"ListItem","position":1,"name":"Home","item":"https:\/\/www.radiance.al\/de\/"},{"@type":"ListItem","position":2,"name":"Bedingungen und Konditionen"}]},{"@type":"WebSite","@id":"https:\/\/www.radiance.al\/de\/#website","url":"https:\/\/www.radiance.al\/de\/","name":"RADIANCE.AL","description":"RADIANCE DENTAL HOSPITAL","publisher":{"@id":"https:\/\/www.radiance.al\/de\/#organization"},"potentialAction":[{"@type":"SearchAction","target":{"@type":"EntryPoint","urlTemplate":"https:\/\/www.radiance.al\/de\/?s={search_term_string}"},"query-input":{"@type":"PropertyValueSpecification","valueRequired":true,"valueName":"search_term_string"}}],"inLanguage":"de"},{"@type":"Organization","@id":"https:\/\/www.radiance.al\/de\/#organization","name":"RADIANCE.AL","alternateName":"Radiance Dental Hospital","url":"https:\/\/www.radiance.al\/de\/","logo":{"@type":"ImageObject","inLanguage":"de","@id":"https:\/\/www.radiance.al\/de\/#\/schema\/logo\/image\/","url":"https:\/\/www.radiance.al\/wp-content\/uploads\/2025\/05\/faviconn.jpeg","contentUrl":"https:\/\/www.radiance.al\/wp-content\/uploads\/2025\/05\/faviconn.jpeg","width":48,"height":48,"caption":"RADIANCE.AL"},"image":{"@id":"https:\/\/www.radiance.al\/de\/#\/schema\/logo\/image\/"},"sameAs":["https:\/\/www.instagram.com\/radiance_al\/?hl=en"],"description":"\"Radiance Dental Hospital n\u00eb Shqip\u00ebri: spital dentar modern me teknologji 3D, implantologji, estetik\u00eb dhe specialist\u00eb me mbi 15 vite p\u00ebrvoj\u00eb. Prenoto konsult\u00ebn falas!\"","email":"info@radiance.al","telephone":"+355694799949","legalName":"Radiance Dental Hospital","foundingDate":"2025-03-18","numberOfEmployees":{"@type":"QuantitativeValue","minValue":"11","maxValue":"50"}}]}},"_links":{"self":[{"href":"https:\/\/www.radiance.al\/de\/wp-json\/wp\/v2\/pages\/7564","targetHints":{"allow":["GET"]}}],"collection":[{"href":"https:\/\/www.radiance.al\/de\/wp-json\/wp\/v2\/pages"}],"about":[{"href":"https:\/\/www.radiance.al\/de\/wp-json\/wp\/v2\/types\/page"}],"author":[{"embeddable":true,"href":"https:\/\/www.radiance.al\/de\/wp-json\/wp\/v2\/users\/1"}],"replies":[{"embeddable":true,"href":"https:\/\/www.radiance.al\/de\/wp-json\/wp\/v2\/comments?post=7564"}],"version-history":[{"count":0,"href":"https:\/\/www.radiance.al\/de\/wp-json\/wp\/v2\/pages\/7564\/revisions"}],"wp:attachment":[{"href":"https:\/\/www.radiance.al\/de\/wp-json\/wp\/v2\/media?parent=7564"}],"curies":[{"name":"wp","href":"https:\/\/api.w.org\/{rel}","templated":true}]}}