{"id":7817,"date":"2025-05-04T22:53:11","date_gmt":"2025-05-04T22:53:11","guid":{"rendered":"https:\/\/www.radiance.al\/datenschutzbestimmungen\/"},"modified":"2025-10-06T08:42:22","modified_gmt":"2025-10-06T08:42:22","slug":"datenschutzbestimmungen","status":"publish","type":"page","link":"https:\/\/www.radiance.al\/de\/datenschutzbestimmungen\/","title":{"rendered":"Datenschutzbestimmungen"},"content":{"rendered":"\t\t<div data-elementor-type=\"wp-page\" data-elementor-id=\"7817\" class=\"elementor elementor-7817 elementor-3\">\n\t\t\t\t<div class=\"elementor-element elementor-element-292bc2fd e-flex e-con-boxed e-con e-parent\" data-id=\"292bc2fd\" data-element_type=\"container\" data-e-type=\"container\">\n\t\t\t\t\t<div class=\"e-con-inner\">\n\t\t\t\t<div class=\"elementor-element elementor-element-61b57586 elementor-widget elementor-widget-text-editor\" data-id=\"61b57586\" data-element_type=\"widget\" data-e-type=\"widget\" data-widget_type=\"text-editor.default\">\n\t\t\t\t<div class=\"elementor-widget-container\">\n\t\t\t\t\t\t\t\t\t<p class=\"wp-block-heading\">Radiance Dental Hospital<br>NIPT: M41528017G<br>Ismail Qemali 27, Tirana, Albanien<br>Tel: +355 68 66 88 888<br>E-mail: info@radiance.al<br>Web: www.radiance.al<br>G\u00fcltig ab: 29. Mai 2025  <\/p>\t\t\t\t\t\t\t\t<\/div>\n\t\t\t\t<\/div>\n\t\t\t\t<div class=\"elementor-element elementor-element-fda20e9 elementor-widget elementor-widget-heading\" data-id=\"fda20e9\" data-element_type=\"widget\" data-e-type=\"widget\" data-widget_type=\"heading.default\">\n\t\t\t\t<div class=\"elementor-widget-container\">\n\t\t\t\t\t<h2 class=\"elementor-heading-title elementor-size-default\"><span style=\"font-size: 30px\">1. Einf\u00fchrung<\/span><\/h2>\t\t\t\t<\/div>\n\t\t\t\t<\/div>\n\t\t\t\t<div class=\"elementor-element elementor-element-5f127d6 elementor-widget elementor-widget-text-editor\" data-id=\"5f127d6\" data-element_type=\"widget\" data-e-type=\"widget\" data-widget_type=\"text-editor.default\">\n\t\t\t\t<div class=\"elementor-widget-container\">\n\t\t\t\t\t\t\t\t\t<p class=\"wp-block-heading\">Radiance Dental Hospital (&#8222;wir&#8220;, &#8222;uns&#8220;, &#8222;unser&#8220;) verpflichtet sich, Ihre pers\u00f6nlichen Daten zu sch\u00fctzen und Ihre Privatsph\u00e4re zu respektieren. In dieser Datenschutzerkl\u00e4rung wird erl\u00e4utert, wie wir Ihre pers\u00f6nlichen Daten in \u00dcbereinstimmung mit dem albanischen Gesetz Nr. 124\/2024 &#8222;\u00dcber den Schutz personenbezogener Daten&#8220;, das vollst\u00e4ndig mit der EU-Datenschutzgrundverordnung (GDPR) \u00fcbereinstimmt, erfassen, verwenden, speichern und sch\u00fctzen. <\/p>\n<p><\/p>\t\t\t\t\t\t\t\t<\/div>\n\t\t\t\t<\/div>\n\t\t\t\t<div class=\"elementor-element elementor-element-be90be2 elementor-widget elementor-widget-heading\" data-id=\"be90be2\" data-element_type=\"widget\" data-e-type=\"widget\" data-widget_type=\"heading.default\">\n\t\t\t\t<div class=\"elementor-widget-container\">\n\t\t\t\t\t<h2 class=\"elementor-heading-title elementor-size-default\">2. Data Controller<\/h2>\t\t\t\t<\/div>\n\t\t\t\t<\/div>\n\t\t\t\t<div class=\"elementor-element elementor-element-1aefa64 elementor-widget elementor-widget-text-editor\" data-id=\"1aefa64\" data-element_type=\"widget\" data-e-type=\"widget\" data-widget_type=\"text-editor.default\">\n\t\t\t\t<div class=\"elementor-widget-container\">\n\t\t\t\t\t\t\t\t\t<p class=\"wp-block-heading\">Radiance Dental Hospital ist der Datenverantwortliche f\u00fcr Ihre pers\u00f6nlichen Daten, die \u00fcber diese Website und unsere Dienstleistungen verarbeitet werden.<\/p>\n<p><\/p>\t\t\t\t\t\t\t\t<\/div>\n\t\t\t\t<\/div>\n\t\t\t\t<div class=\"elementor-element elementor-element-8e8e07e elementor-widget elementor-widget-heading\" data-id=\"8e8e07e\" data-element_type=\"widget\" data-e-type=\"widget\" data-widget_type=\"heading.default\">\n\t\t\t\t<div class=\"elementor-widget-container\">\n\t\t\t\t\t<h2 class=\"elementor-heading-title elementor-size-default\">3. Welche Daten wir sammeln<\/h2>\t\t\t\t<\/div>\n\t\t\t\t<\/div>\n\t\t\t\t<div class=\"elementor-element elementor-element-15b1a77 elementor-widget elementor-widget-text-editor\" data-id=\"15b1a77\" data-element_type=\"widget\" data-e-type=\"widget\" data-widget_type=\"text-editor.default\">\n\t\t\t\t<div class=\"elementor-widget-container\">\n\t\t\t\t\t\t\t\t\t<p class=\"wp-block-heading\">Wir k\u00f6nnen die folgenden Arten von personenbezogenen Daten erfassen und verarbeiten:<br>&#8211; Identifikationsdaten (Name, Nachname)<br>&#8211; Kontaktdaten (Telefonnummer, E-Mail, Adresse)<br>&#8211; Termin- und Gesundheitsdaten (nur soweit f\u00fcr die Erbringung der Dienstleistung erforderlich)<br>&#8211; Technische Daten (IP-Adresse, Cookies, Browsertyp)<br>&#8211; Alle anderen Informationen, die Sie \u00fcber unsere Kontaktformulare oder Mitteilungen zur Verf\u00fcgung stellen.<\/p>\n<p><\/p>\t\t\t\t\t\t\t\t<\/div>\n\t\t\t\t<\/div>\n\t\t\t\t<div class=\"elementor-element elementor-element-dfa0fde elementor-widget elementor-widget-heading\" data-id=\"dfa0fde\" data-element_type=\"widget\" data-e-type=\"widget\" data-widget_type=\"heading.default\">\n\t\t\t\t<div class=\"elementor-widget-container\">\n\t\t\t\t\t<h2 class=\"elementor-heading-title elementor-size-default\">4. Zweck und Rechtsgrundlage f\u00fcr die Verarbeitung<\/h2>\t\t\t\t<\/div>\n\t\t\t\t<\/div>\n\t\t\t\t<div class=\"elementor-element elementor-element-fa7270c elementor-widget elementor-widget-text-editor\" data-id=\"fa7270c\" data-element_type=\"widget\" data-e-type=\"widget\" data-widget_type=\"text-editor.default\">\n\t\t\t\t<div class=\"elementor-widget-container\">\n\t\t\t\t\t\t\t\t\t<p class=\"wp-block-heading\">Wir verarbeiten Ihre personenbezogenen Daten zu folgenden Zwecken:<br>&#8211; Um zahn\u00e4rztliche Leistungen zu erbringen und zu verwalten<br>&#8211; Um mit Ihnen \u00fcber Termine oder Anfragen zu kommunizieren<br>&#8211; Um gesetzlichen Verpflichtungen nachzukommen<br>&#8211; F\u00fcr Sicherheit und Betrugspr\u00e4vention<br>&#8211; Mit Ihrer Zustimmung f\u00fcr Marketingkommunikation.<\/p>\n<p>Zu den Rechtsgrundlagen f\u00fcr die Verarbeitung geh\u00f6ren Ihre Einwilligung, die Notwendigkeit f\u00fcr die Erf\u00fcllung eines Vertrags, die Einhaltung rechtlicher Verpflichtungen und unsere berechtigten Interessen.<\/p>\n<p><\/p>\t\t\t\t\t\t\t\t<\/div>\n\t\t\t\t<\/div>\n\t\t\t\t<div class=\"elementor-element elementor-element-123e329 elementor-widget elementor-widget-heading\" data-id=\"123e329\" data-element_type=\"widget\" data-e-type=\"widget\" data-widget_type=\"heading.default\">\n\t\t\t\t<div class=\"elementor-widget-container\">\n\t\t\t\t\t<h2 class=\"elementor-heading-title elementor-size-default\">5. Rechte der betroffenen Person<\/h2>\t\t\t\t<\/div>\n\t\t\t\t<\/div>\n\t\t\t\t<div class=\"elementor-element elementor-element-b6f3a54 elementor-widget elementor-widget-text-editor\" data-id=\"b6f3a54\" data-element_type=\"widget\" data-e-type=\"widget\" data-widget_type=\"text-editor.default\">\n\t\t\t\t<div class=\"elementor-widget-container\">\n\t\t\t\t\t\t\t\t\t<p class=\"wp-block-heading\">Nach albanischem Recht und der DSGVO haben Sie die folgenden Rechte:<br>&#8211; Recht auf Zugang zu Ihren personenbezogenen Daten<br>&#8211; Recht auf Berichtigung unrichtiger Daten<br>&#8211; Recht auf L\u00f6schung (&#8222;Recht auf Vergessenwerden&#8220;)<br>&#8211; Recht auf Einschr\u00e4nkung der Verarbeitung<br>&#8211; Recht auf Daten\u00fcbertragbarkeit<br>&#8211; Recht auf Widerspruch gegen die Verarbeitung<br>&#8211; Recht auf jederzeitigen Widerruf der Einwilligung (wenn die Verarbeitung auf der Einwilligung beruht)<br>&#8211; Recht auf Beschwerde beim Beauftragten f\u00fcr das Recht auf Information und den Schutz personenbezogener Daten<\/p>\n<p><\/p>\t\t\t\t\t\t\t\t<\/div>\n\t\t\t\t<\/div>\n\t\t\t\t<div class=\"elementor-element elementor-element-f328216 elementor-widget elementor-widget-heading\" data-id=\"f328216\" data-element_type=\"widget\" data-e-type=\"widget\" data-widget_type=\"heading.default\">\n\t\t\t\t<div class=\"elementor-widget-container\">\n\t\t\t\t\t<h2 class=\"elementor-heading-title elementor-size-default\">6. Gemeinsame Nutzung von Daten und internationale \u00dcbertragungen<\/h2>\t\t\t\t<\/div>\n\t\t\t\t<\/div>\n\t\t\t\t<div class=\"elementor-element elementor-element-af1217b elementor-widget elementor-widget-text-editor\" data-id=\"af1217b\" data-element_type=\"widget\" data-e-type=\"widget\" data-widget_type=\"text-editor.default\">\n\t\t\t\t<div class=\"elementor-widget-container\">\n\t\t\t\t\t\t\t\t\t<p class=\"wp-block-heading\">Wir verkaufen Ihre pers\u00f6nlichen Daten nicht. <br>Wir k\u00f6nnen Ihre Daten weitergeben an:<br>&#8211; Dienstleister und Auftragsverarbeiter, die in unserem Namen handeln (z.B. IT-Support, Hosting)<br>&#8211; Beh\u00f6rden, wenn dies gesetzlich vorgeschrieben ist.<\/p>\n<p>Die internationale \u00dcbermittlung personenbezogener Daten au\u00dferhalb Albaniens oder der EU erfolgt nur dann, wenn angemessene Sicherheitsvorkehrungen getroffen wurden, z. B. durch Standardvertragsklauseln oder andere gesetzlich anerkannte Mechanismen.<\/p>\n<p><\/p>\t\t\t\t\t\t\t\t<\/div>\n\t\t\t\t<\/div>\n\t\t\t\t<div class=\"elementor-element elementor-element-b221007 elementor-widget elementor-widget-heading\" data-id=\"b221007\" data-element_type=\"widget\" data-e-type=\"widget\" data-widget_type=\"heading.default\">\n\t\t\t\t<div class=\"elementor-widget-container\">\n\t\t\t\t\t<h2 class=\"elementor-heading-title elementor-size-default\">7. Datensicherheit<\/h2>\t\t\t\t<\/div>\n\t\t\t\t<\/div>\n\t\t\t\t<div class=\"elementor-element elementor-element-3bb4a2c elementor-widget elementor-widget-text-editor\" data-id=\"3bb4a2c\" data-element_type=\"widget\" data-e-type=\"widget\" data-widget_type=\"text-editor.default\">\n\t\t\t\t<div class=\"elementor-widget-container\">\n\t\t\t\t\t\t\t\t\t<p class=\"wp-block-heading\">Wir setzen angemessene technische und organisatorische Ma\u00dfnahmen ein, um Ihre pers\u00f6nlichen Daten vor unbefugtem Zugriff, Verlust oder Missbrauch zu sch\u00fctzen, und zwar in \u00dcbereinstimmung mit den neuesten Sicherheitsstandards.<\/p>\n<p><\/p>\t\t\t\t\t\t\t\t<\/div>\n\t\t\t\t<\/div>\n\t\t\t\t<div class=\"elementor-element elementor-element-cfe802a elementor-widget elementor-widget-heading\" data-id=\"cfe802a\" data-element_type=\"widget\" data-e-type=\"widget\" data-widget_type=\"heading.default\">\n\t\t\t\t<div class=\"elementor-widget-container\">\n\t\t\t\t\t<h2 class=\"elementor-heading-title elementor-size-default\">8. Aufbewahrung von Daten<\/h2>\t\t\t\t<\/div>\n\t\t\t\t<\/div>\n\t\t\t\t<div class=\"elementor-element elementor-element-4247c89 elementor-widget elementor-widget-text-editor\" data-id=\"4247c89\" data-element_type=\"widget\" data-e-type=\"widget\" data-widget_type=\"text-editor.default\">\n\t\t\t\t<div class=\"elementor-widget-container\">\n\t\t\t\t\t\t\t\t\t<p class=\"wp-block-heading\">Ihre pers\u00f6nlichen Daten werden nur so lange aufbewahrt, wie es zur Erf\u00fcllung der oben beschriebenen Zwecke erforderlich ist oder wie es das Gesetz vorschreibt.<\/p>\n<p><\/p>\t\t\t\t\t\t\t\t<\/div>\n\t\t\t\t<\/div>\n\t\t\t\t<div class=\"elementor-element elementor-element-cefb51a elementor-widget elementor-widget-heading\" data-id=\"cefb51a\" data-element_type=\"widget\" data-e-type=\"widget\" data-widget_type=\"heading.default\">\n\t\t\t\t<div class=\"elementor-widget-container\">\n\t\t\t\t\t<h2 class=\"elementor-heading-title elementor-size-default\">9. Cookies<\/h2>\t\t\t\t<\/div>\n\t\t\t\t<\/div>\n\t\t\t\t<div class=\"elementor-element elementor-element-178da5c elementor-widget elementor-widget-text-editor\" data-id=\"178da5c\" data-element_type=\"widget\" data-e-type=\"widget\" data-widget_type=\"text-editor.default\">\n\t\t\t\t<div class=\"elementor-widget-container\">\n\t\t\t\t\t\t\t\t\t<p class=\"wp-block-heading\">Unsere Website verwendet Cookies, um Ihr Erlebnis zu verbessern und die Nutzung der Website zu analysieren. Sie k\u00f6nnen Ihre Cookie-Pr\u00e4ferenzen \u00fcber Ihre Browsereinstellungen verwalten. <\/p>\n<p><\/p>\t\t\t\t\t\t\t\t<\/div>\n\t\t\t\t<\/div>\n\t\t\t\t<div class=\"elementor-element elementor-element-3b0e4c2 elementor-widget elementor-widget-heading\" data-id=\"3b0e4c2\" data-element_type=\"widget\" data-e-type=\"widget\" data-widget_type=\"heading.default\">\n\t\t\t\t<div class=\"elementor-widget-container\">\n\t\t\t\t\t<h2 class=\"elementor-heading-title elementor-size-default\">10. \u00c4nderungen an dieser Richtlinie<\/h2>\t\t\t\t<\/div>\n\t\t\t\t<\/div>\n\t\t\t\t<div class=\"elementor-element elementor-element-d0cba07 elementor-widget elementor-widget-text-editor\" data-id=\"d0cba07\" data-element_type=\"widget\" data-e-type=\"widget\" data-widget_type=\"text-editor.default\">\n\t\t\t\t<div class=\"elementor-widget-container\">\n\t\t\t\t\t\t\t\t\t<p class=\"wp-block-heading\">Wir behalten uns das Recht vor, diese Datenschutzrichtlinie jederzeit zu aktualisieren. Alle \u00c4nderungen werden auf dieser Seite mit einem aktualisierten G\u00fcltigkeitsdatum ver\u00f6ffentlicht. <\/p>\n<p><\/p>\t\t\t\t\t\t\t\t<\/div>\n\t\t\t\t<\/div>\n\t\t\t\t<div class=\"elementor-element elementor-element-31c0217 elementor-widget elementor-widget-heading\" data-id=\"31c0217\" data-element_type=\"widget\" data-e-type=\"widget\" data-widget_type=\"heading.default\">\n\t\t\t\t<div class=\"elementor-widget-container\">\n\t\t\t\t\t<h2 class=\"elementor-heading-title elementor-size-default\">11. Kontakt<\/h2>\t\t\t\t<\/div>\n\t\t\t\t<\/div>\n\t\t\t\t<div class=\"elementor-element elementor-element-08a6190 elementor-widget elementor-widget-text-editor\" data-id=\"08a6190\" data-element_type=\"widget\" data-e-type=\"widget\" data-widget_type=\"text-editor.default\">\n\t\t\t\t<div class=\"elementor-widget-container\">\n\t\t\t\t\t\t\t\t\t<p>Wenn Sie Fragen haben oder Ihre Rechte aus\u00fcben m\u00f6chten, kontaktieren Sie uns bitte unter:<\/p>\n<p>Adresse: Ismail Qemali 27, Tirana, Albanien<br>Tel: +355 68 66 88 888<br>E-mail: info@radiance.al<\/p>\n<p>Durch die Nutzung unserer Website oder unserer Dienste best\u00e4tigen Sie, dass Sie diese Datenschutzrichtlinie gelesen und verstanden haben.<\/p>\n<p><\/p>\t\t\t\t\t\t\t\t<\/div>\n\t\t\t\t<\/div>\n\t\t\t\t\t<\/div>\n\t\t\t\t<\/div>\n\t\t\t\t<\/div>\n\t\t","protected":false},"excerpt":{"rendered":"<p>Radiance Dental HospitalNIPT: M41528017GIsmail Qemali 27, Tirana, AlbanienTel: +355 68 66 88 888E-mail: info@radiance.alWeb: www.radiance.alG\u00fcltig ab: 29. Mai 2025 1. Einf\u00fchrung Radiance Dental Hospital (&#8222;wir&#8220;, &#8222;uns&#8220;, &#8222;unser&#8220;) verpflichtet sich, Ihre pers\u00f6nlichen Daten zu sch\u00fctzen und Ihre Privatsph\u00e4re zu respektieren. In dieser Datenschutzerkl\u00e4rung wird erl\u00e4utert, wie wir Ihre pers\u00f6nlichen Daten in [&hellip;]<\/p>\n","protected":false},"author":1,"featured_media":7326,"parent":0,"menu_order":0,"comment_status":"closed","ping_status":"closed","template":"elementor_header_footer","meta":{"_acf_changed":false,"footnotes":""},"class_list":["post-7817","page","type-page","status-publish","has-post-thumbnail","hentry"],"acf":[],"yoast_head":"<!-- This site is optimized with the Yoast SEO Premium plugin v27.4 (Yoast SEO v27.4) - https:\/\/yoast.com\/product\/yoast-seo-premium-wordpress\/ -->\n<title>Radiance Dental Datenschutzbestimmungen<\/title>\n<meta name=\"description\" content=\"Lesen Sie die Datenschutzbestimmungen von Radiance Dental Hospital. Erfahren Sie, wie wir Ihre pers\u00f6nlichen Daten in \u00dcbereinstimmung mit der GDPR sammeln, sch\u00fctzen und verwalten.\" \/>\n<meta name=\"robots\" content=\"index, follow, max-snippet:-1, max-image-preview:large, max-video-preview:-1\" \/>\n<link rel=\"canonical\" href=\"https:\/\/www.radiance.al\/de\/datenschutzbestimmungen\/\" \/>\n<meta property=\"og:locale\" content=\"de_DE\" \/>\n<meta property=\"og:type\" content=\"article\" \/>\n<meta property=\"og:title\" content=\"Datenschutzrichtlinien | Radiance Dental Hospital Albanien\" \/>\n<meta property=\"og:description\" content=\"Lesen Sie die Datenschutzrichtlinien von Radiance Dental Hospital. Erfahren Sie, wie wir Ihre Daten durch die Einhaltung der GDPR und eine sichere Verarbeitung sch\u00fctzen.\" \/>\n<meta property=\"og:url\" content=\"https:\/\/www.radiance.al\/de\/datenschutzbestimmungen\/\" \/>\n<meta property=\"og:site_name\" content=\"RADIANCE.AL\" \/>\n<meta property=\"article:publisher\" content=\"https:\/\/www.instagram.com\/radiance_al\/?hl=en\" \/>\n<meta property=\"article:modified_time\" content=\"2025-10-06T08:42:22+00:00\" \/>\n<meta property=\"og:image\" content=\"https:\/\/www.radiance.al\/wp-content\/uploads\/2025\/05\/djb.png\" \/>\n\t<meta property=\"og:image:width\" content=\"651\" \/>\n\t<meta property=\"og:image:height\" content=\"410\" \/>\n\t<meta property=\"og:image:type\" content=\"image\/png\" \/>\n<meta name=\"twitter:card\" content=\"summary_large_image\" \/>\n<meta name=\"twitter:title\" content=\"Datenschutzrichtlinien | Radiance Dental Hospital Albanien\" \/>\n<meta name=\"twitter:description\" content=\"Lesen Sie die Datenschutzrichtlinien von Radiance Dental Hospital. Erfahren Sie, wie wir Ihre Daten durch die Einhaltung der GDPR und eine sichere Verarbeitung sch\u00fctzen.\" \/>\n<meta name=\"twitter:label1\" content=\"Gesch\u00e4tzte Lesezeit\" \/>\n\t<meta name=\"twitter:data1\" content=\"3\u00a0Minuten\" \/>\n<script type=\"application\/ld+json\" class=\"yoast-schema-graph\">{\"@context\":\"https:\\\/\\\/schema.org\",\"@graph\":[{\"@type\":\"WebPage\",\"@id\":\"https:\\\/\\\/www.radiance.al\\\/de\\\/datenschutzbestimmungen\\\/\",\"url\":\"https:\\\/\\\/www.radiance.al\\\/de\\\/datenschutzbestimmungen\\\/\",\"name\":\"Radiance Dental Datenschutzbestimmungen\",\"isPartOf\":{\"@id\":\"https:\\\/\\\/www.radiance.al\\\/de\\\/#website\"},\"primaryImageOfPage\":{\"@id\":\"https:\\\/\\\/www.radiance.al\\\/de\\\/datenschutzbestimmungen\\\/#primaryimage\"},\"image\":{\"@id\":\"https:\\\/\\\/www.radiance.al\\\/de\\\/datenschutzbestimmungen\\\/#primaryimage\"},\"thumbnailUrl\":\"https:\\\/\\\/www.radiance.al\\\/wp-content\\\/uploads\\\/2025\\\/05\\\/djb.png\",\"datePublished\":\"2025-05-04T22:53:11+00:00\",\"dateModified\":\"2025-10-06T08:42:22+00:00\",\"description\":\"Lesen Sie die Datenschutzbestimmungen von Radiance Dental Hospital. Erfahren Sie, wie wir Ihre pers\u00f6nlichen Daten in \u00dcbereinstimmung mit der GDPR sammeln, sch\u00fctzen und verwalten.\",\"breadcrumb\":{\"@id\":\"https:\\\/\\\/www.radiance.al\\\/de\\\/datenschutzbestimmungen\\\/#breadcrumb\"},\"inLanguage\":\"de\",\"potentialAction\":[{\"@type\":\"ReadAction\",\"target\":[\"https:\\\/\\\/www.radiance.al\\\/de\\\/datenschutzbestimmungen\\\/\"]}]},{\"@type\":\"ImageObject\",\"inLanguage\":\"de\",\"@id\":\"https:\\\/\\\/www.radiance.al\\\/de\\\/datenschutzbestimmungen\\\/#primaryimage\",\"url\":\"https:\\\/\\\/www.radiance.al\\\/wp-content\\\/uploads\\\/2025\\\/05\\\/djb.png\",\"contentUrl\":\"https:\\\/\\\/www.radiance.al\\\/wp-content\\\/uploads\\\/2025\\\/05\\\/djb.png\",\"width\":651,\"height\":410},{\"@type\":\"BreadcrumbList\",\"@id\":\"https:\\\/\\\/www.radiance.al\\\/de\\\/datenschutzbestimmungen\\\/#breadcrumb\",\"itemListElement\":[{\"@type\":\"ListItem\",\"position\":1,\"name\":\"Home\",\"item\":\"https:\\\/\\\/www.radiance.al\\\/de\\\/\"},{\"@type\":\"ListItem\",\"position\":2,\"name\":\"Datenschutzbestimmungen\"}]},{\"@type\":\"WebSite\",\"@id\":\"https:\\\/\\\/www.radiance.al\\\/de\\\/#website\",\"url\":\"https:\\\/\\\/www.radiance.al\\\/de\\\/\",\"name\":\"RADIANCE.AL\",\"description\":\"RADIANCE DENTAL HOSPITAL\",\"publisher\":{\"@id\":\"https:\\\/\\\/www.radiance.al\\\/de\\\/#organization\"},\"potentialAction\":[{\"@type\":\"SearchAction\",\"target\":{\"@type\":\"EntryPoint\",\"urlTemplate\":\"https:\\\/\\\/www.radiance.al\\\/de\\\/?s={search_term_string}\"},\"query-input\":{\"@type\":\"PropertyValueSpecification\",\"valueRequired\":true,\"valueName\":\"search_term_string\"}}],\"inLanguage\":\"de\"},{\"@type\":\"Organization\",\"@id\":\"https:\\\/\\\/www.radiance.al\\\/de\\\/#organization\",\"name\":\"RADIANCE.AL\",\"alternateName\":\"Radiance Dental Hospital\",\"url\":\"https:\\\/\\\/www.radiance.al\\\/de\\\/\",\"logo\":{\"@type\":\"ImageObject\",\"inLanguage\":\"de\",\"@id\":\"https:\\\/\\\/www.radiance.al\\\/de\\\/#\\\/schema\\\/logo\\\/image\\\/\",\"url\":\"https:\\\/\\\/www.radiance.al\\\/wp-content\\\/uploads\\\/2025\\\/05\\\/faviconn.jpeg\",\"contentUrl\":\"https:\\\/\\\/www.radiance.al\\\/wp-content\\\/uploads\\\/2025\\\/05\\\/faviconn.jpeg\",\"width\":48,\"height\":48,\"caption\":\"RADIANCE.AL\"},\"image\":{\"@id\":\"https:\\\/\\\/www.radiance.al\\\/de\\\/#\\\/schema\\\/logo\\\/image\\\/\"},\"sameAs\":[\"https:\\\/\\\/www.instagram.com\\\/radiance_al\\\/?hl=en\"],\"description\":\"\\\"Radiance Dental Hospital n\u00eb Shqip\u00ebri: spital dentar modern me teknologji 3D, implantologji, estetik\u00eb dhe specialist\u00eb me mbi 15 vite p\u00ebrvoj\u00eb. Prenoto konsult\u00ebn falas!\\\"\",\"email\":\"info@radiance.al\",\"telephone\":\"+355694799949\",\"legalName\":\"Radiance Dental Hospital\",\"foundingDate\":\"2025-03-18\",\"numberOfEmployees\":{\"@type\":\"QuantitativeValue\",\"minValue\":\"11\",\"maxValue\":\"50\"}}]}<\/script>\n<!-- \/ Yoast SEO Premium plugin. -->","yoast_head_json":{"title":"Radiance Dental Datenschutzbestimmungen","description":"Lesen Sie die Datenschutzbestimmungen von Radiance Dental Hospital. Erfahren Sie, wie wir Ihre pers\u00f6nlichen Daten in \u00dcbereinstimmung mit der GDPR sammeln, sch\u00fctzen und verwalten.","robots":{"index":"index","follow":"follow","max-snippet":"max-snippet:-1","max-image-preview":"max-image-preview:large","max-video-preview":"max-video-preview:-1"},"canonical":"https:\/\/www.radiance.al\/de\/datenschutzbestimmungen\/","og_locale":"de_DE","og_type":"article","og_title":"Datenschutzrichtlinien | Radiance Dental Hospital Albanien","og_description":"Lesen Sie die Datenschutzrichtlinien von Radiance Dental Hospital. Erfahren Sie, wie wir Ihre Daten durch die Einhaltung der GDPR und eine sichere Verarbeitung sch\u00fctzen.","og_url":"https:\/\/www.radiance.al\/de\/datenschutzbestimmungen\/","og_site_name":"RADIANCE.AL","article_publisher":"https:\/\/www.instagram.com\/radiance_al\/?hl=en","article_modified_time":"2025-10-06T08:42:22+00:00","og_image":[{"width":651,"height":410,"url":"https:\/\/www.radiance.al\/wp-content\/uploads\/2025\/05\/djb.png","type":"image\/png"}],"twitter_card":"summary_large_image","twitter_title":"Datenschutzrichtlinien | Radiance Dental Hospital Albanien","twitter_description":"Lesen Sie die Datenschutzrichtlinien von Radiance Dental Hospital. Erfahren Sie, wie wir Ihre Daten durch die Einhaltung der GDPR und eine sichere Verarbeitung sch\u00fctzen.","twitter_misc":{"Gesch\u00e4tzte Lesezeit":"3\u00a0Minuten"},"schema":{"@context":"https:\/\/schema.org","@graph":[{"@type":"WebPage","@id":"https:\/\/www.radiance.al\/de\/datenschutzbestimmungen\/","url":"https:\/\/www.radiance.al\/de\/datenschutzbestimmungen\/","name":"Radiance Dental Datenschutzbestimmungen","isPartOf":{"@id":"https:\/\/www.radiance.al\/de\/#website"},"primaryImageOfPage":{"@id":"https:\/\/www.radiance.al\/de\/datenschutzbestimmungen\/#primaryimage"},"image":{"@id":"https:\/\/www.radiance.al\/de\/datenschutzbestimmungen\/#primaryimage"},"thumbnailUrl":"https:\/\/www.radiance.al\/wp-content\/uploads\/2025\/05\/djb.png","datePublished":"2025-05-04T22:53:11+00:00","dateModified":"2025-10-06T08:42:22+00:00","description":"Lesen Sie die Datenschutzbestimmungen von Radiance Dental Hospital. Erfahren Sie, wie wir Ihre pers\u00f6nlichen Daten in \u00dcbereinstimmung mit der GDPR sammeln, sch\u00fctzen und verwalten.","breadcrumb":{"@id":"https:\/\/www.radiance.al\/de\/datenschutzbestimmungen\/#breadcrumb"},"inLanguage":"de","potentialAction":[{"@type":"ReadAction","target":["https:\/\/www.radiance.al\/de\/datenschutzbestimmungen\/"]}]},{"@type":"ImageObject","inLanguage":"de","@id":"https:\/\/www.radiance.al\/de\/datenschutzbestimmungen\/#primaryimage","url":"https:\/\/www.radiance.al\/wp-content\/uploads\/2025\/05\/djb.png","contentUrl":"https:\/\/www.radiance.al\/wp-content\/uploads\/2025\/05\/djb.png","width":651,"height":410},{"@type":"BreadcrumbList","@id":"https:\/\/www.radiance.al\/de\/datenschutzbestimmungen\/#breadcrumb","itemListElement":[{"@type":"ListItem","position":1,"name":"Home","item":"https:\/\/www.radiance.al\/de\/"},{"@type":"ListItem","position":2,"name":"Datenschutzbestimmungen"}]},{"@type":"WebSite","@id":"https:\/\/www.radiance.al\/de\/#website","url":"https:\/\/www.radiance.al\/de\/","name":"RADIANCE.AL","description":"RADIANCE DENTAL HOSPITAL","publisher":{"@id":"https:\/\/www.radiance.al\/de\/#organization"},"potentialAction":[{"@type":"SearchAction","target":{"@type":"EntryPoint","urlTemplate":"https:\/\/www.radiance.al\/de\/?s={search_term_string}"},"query-input":{"@type":"PropertyValueSpecification","valueRequired":true,"valueName":"search_term_string"}}],"inLanguage":"de"},{"@type":"Organization","@id":"https:\/\/www.radiance.al\/de\/#organization","name":"RADIANCE.AL","alternateName":"Radiance Dental Hospital","url":"https:\/\/www.radiance.al\/de\/","logo":{"@type":"ImageObject","inLanguage":"de","@id":"https:\/\/www.radiance.al\/de\/#\/schema\/logo\/image\/","url":"https:\/\/www.radiance.al\/wp-content\/uploads\/2025\/05\/faviconn.jpeg","contentUrl":"https:\/\/www.radiance.al\/wp-content\/uploads\/2025\/05\/faviconn.jpeg","width":48,"height":48,"caption":"RADIANCE.AL"},"image":{"@id":"https:\/\/www.radiance.al\/de\/#\/schema\/logo\/image\/"},"sameAs":["https:\/\/www.instagram.com\/radiance_al\/?hl=en"],"description":"\"Radiance Dental Hospital n\u00eb Shqip\u00ebri: spital dentar modern me teknologji 3D, implantologji, estetik\u00eb dhe specialist\u00eb me mbi 15 vite p\u00ebrvoj\u00eb. Prenoto konsult\u00ebn falas!\"","email":"info@radiance.al","telephone":"+355694799949","legalName":"Radiance Dental Hospital","foundingDate":"2025-03-18","numberOfEmployees":{"@type":"QuantitativeValue","minValue":"11","maxValue":"50"}}]}},"_links":{"self":[{"href":"https:\/\/www.radiance.al\/de\/wp-json\/wp\/v2\/pages\/7817","targetHints":{"allow":["GET"]}}],"collection":[{"href":"https:\/\/www.radiance.al\/de\/wp-json\/wp\/v2\/pages"}],"about":[{"href":"https:\/\/www.radiance.al\/de\/wp-json\/wp\/v2\/types\/page"}],"author":[{"embeddable":true,"href":"https:\/\/www.radiance.al\/de\/wp-json\/wp\/v2\/users\/1"}],"replies":[{"embeddable":true,"href":"https:\/\/www.radiance.al\/de\/wp-json\/wp\/v2\/comments?post=7817"}],"version-history":[{"count":2,"href":"https:\/\/www.radiance.al\/de\/wp-json\/wp\/v2\/pages\/7817\/revisions"}],"predecessor-version":[{"id":10340,"href":"https:\/\/www.radiance.al\/de\/wp-json\/wp\/v2\/pages\/7817\/revisions\/10340"}],"wp:featuredmedia":[{"embeddable":true,"href":"https:\/\/www.radiance.al\/de\/wp-json\/wp\/v2\/media\/7326"}],"wp:attachment":[{"href":"https:\/\/www.radiance.al\/de\/wp-json\/wp\/v2\/media?parent=7817"}],"curies":[{"name":"wp","href":"https:\/\/api.w.org\/{rel}","templated":true}]}}