{"id":7828,"date":"2025-05-16T11:18:35","date_gmt":"2025-05-16T11:18:35","guid":{"rendered":"https:\/\/www.radiance.al\/kristo-naska\/"},"modified":"2025-09-11T08:57:52","modified_gmt":"2025-09-11T08:57:52","slug":"kristo-naska","status":"publish","type":"page","link":"https:\/\/www.radiance.al\/de\/kristo-naska\/","title":{"rendered":"Kristo Naska"},"content":{"rendered":"\t\t<div data-elementor-type=\"wp-page\" data-elementor-id=\"7828\" class=\"elementor elementor-7828 elementor-1879\">\n\t\t\t\t<div class=\"elementor-element elementor-element-ee91e83 e-flex e-con-boxed e-con e-parent\" data-id=\"ee91e83\" data-element_type=\"container\" data-e-type=\"container\">\n\t\t\t\t\t<div class=\"e-con-inner\">\n\t\t<div class=\"elementor-element elementor-element-de1a327 e-con-full sticky-box e-flex e-con e-child\" data-id=\"de1a327\" data-element_type=\"container\" data-e-type=\"container\">\n\t\t\t\t<div class=\"elementor-element elementor-element-6863b4b elementor-widget elementor-widget-image\" data-id=\"6863b4b\" data-element_type=\"widget\" data-e-type=\"widget\" data-widget_type=\"image.default\">\n\t\t\t\t<div class=\"elementor-widget-container\">\n\t\t\t\t\t\t\t\t\t\t\t\t\t\t\t<img fetchpriority=\"high\" decoding=\"async\" width=\"300\" height=\"319\" src=\"https:\/\/www.radiance.al\/wp-content\/uploads\/2025\/05\/cjw.png\" class=\"attachment-full size-full wp-image-7832\" alt=\"\" srcset=\"https:\/\/www.radiance.al\/wp-content\/uploads\/2025\/05\/cjw.png 300w, https:\/\/www.radiance.al\/wp-content\/uploads\/2025\/05\/cjw-282x300.png 282w\" sizes=\"(max-width: 300px) 100vw, 300px\" \/>\t\t\t\t\t\t\t\t\t\t\t\t\t\t\t<\/div>\n\t\t\t\t<\/div>\n\t\t\t\t<div class=\"elementor-element elementor-element-588ccfc elementor-widget elementor-widget-heading\" data-id=\"588ccfc\" data-element_type=\"widget\" data-e-type=\"widget\" data-widget_type=\"heading.default\">\n\t\t\t\t<div class=\"elementor-widget-container\">\n\t\t\t\t\t<h2 class=\"elementor-heading-title elementor-size-default\">Dr. Kristo Naska\n<\/h2>\t\t\t\t<\/div>\n\t\t\t\t<\/div>\n\t\t\t\t<div class=\"elementor-element elementor-element-aaa8cb0 elementor-widget elementor-widget-text-editor\" data-id=\"aaa8cb0\" data-element_type=\"widget\" data-e-type=\"widget\" data-widget_type=\"text-editor.default\">\n\t\t\t\t<div class=\"elementor-widget-container\">\n\t\t\t\t\t\t\t\t\t<p>Zahnarzt<\/p>\t\t\t\t\t\t\t\t<\/div>\n\t\t\t\t<\/div>\n\t\t\t\t<\/div>\n\t\t<div class=\"elementor-element elementor-element-5dcaccd e-con-full e-flex e-con e-child\" data-id=\"5dcaccd\" data-element_type=\"container\" data-e-type=\"container\">\n\t\t\t\t<div class=\"elementor-element elementor-element-a780d28 elementor-widget elementor-widget-heading\" data-id=\"a780d28\" data-element_type=\"widget\" data-e-type=\"widget\" data-widget_type=\"heading.default\">\n\t\t\t\t<div class=\"elementor-widget-container\">\n\t\t\t\t\t<h2 class=\"elementor-heading-title elementor-size-default\">Pers\u00f6nliche Informationen<\/h2>\t\t\t\t<\/div>\n\t\t\t\t<\/div>\n\t\t\t\t<div class=\"elementor-element elementor-element-faa783e elementor-widget elementor-widget-text-editor\" data-id=\"faa783e\" data-element_type=\"widget\" data-e-type=\"widget\" data-widget_type=\"text-editor.default\">\n\t\t\t\t<div class=\"elementor-widget-container\">\n\t\t\t\t\t\t\t\t\t<ul><li data-start=\"141\" data-end=\"181\"><p data-start=\"143\" data-end=\"181\"><strong data-start=\"143\" data-end=\"166\">Vollst\u00e4ndiger Name:<\/strong> Kristo Naska<\/p><\/li><li data-start=\"182\" data-end=\"213\"><p data-start=\"184\" data-end=\"213\"><strong data-start=\"184\" data-end=\"201\">Nationalit\u00e4t:<\/strong> Albanisch<\/p><\/li><li data-start=\"214\" data-end=\"292\"><p data-start=\"216\" data-end=\"292\"><strong data-start=\"216\" data-end=\"241\">Gesprochene Sprachen:<\/strong> Albanisch (Muttersprache), Italienisch, Englisch<\/p><\/li><li data-start=\"293\" data-end=\"357\"><p data-start=\"295\" data-end=\"357\"><strong data-start=\"295\" data-end=\"310\">Ausbildung:<\/strong> Abschluss in Zahnmedizin \u2013 Aldent University<\/p><\/li><li data-start=\"358\" data-end=\"424\"><p data-start=\"360\" data-end=\"424\"><strong data-start=\"360\" data-end=\"382\">Spezialisierungen:<\/strong> Zahnprothetik, prothetische Zahnmedizin<\/p><\/li><li data-start=\"425\" data-end=\"524\"><p data-start=\"427\" data-end=\"524\"><strong data-start=\"427\" data-end=\"441\">Erfahrung:<\/strong> 5 Jahre klinische und p\u00e4dagogische T\u00e4tigkeit, mit internationaler Zusammenarbeit<\/p><\/li><\/ul>\t\t\t\t\t\t\t\t<\/div>\n\t\t\t\t<\/div>\n\t\t\t\t<div class=\"elementor-element elementor-element-3735ac8 elementor-widget elementor-widget-spacer\" data-id=\"3735ac8\" data-element_type=\"widget\" data-e-type=\"widget\" data-widget_type=\"spacer.default\">\n\t\t\t\t<div class=\"elementor-widget-container\">\n\t\t\t\t\t\t\t<div class=\"elementor-spacer\">\n\t\t\t<div class=\"elementor-spacer-inner\"><\/div>\n\t\t<\/div>\n\t\t\t\t\t\t<\/div>\n\t\t\t\t<\/div>\n\t\t\t\t<div class=\"elementor-element elementor-element-bb93b3a elementor-widget elementor-widget-heading\" data-id=\"bb93b3a\" data-element_type=\"widget\" data-e-type=\"widget\" data-widget_type=\"heading.default\">\n\t\t\t\t<div class=\"elementor-widget-container\">\n\t\t\t\t\t<h2 class=\"elementor-heading-title elementor-size-default\">Berufliches Profil<\/h2>\t\t\t\t<\/div>\n\t\t\t\t<\/div>\n\t\t\t\t<div class=\"elementor-element elementor-element-c5dd6d0 elementor-widget elementor-widget-text-editor\" data-id=\"c5dd6d0\" data-element_type=\"widget\" data-e-type=\"widget\" data-widget_type=\"text-editor.default\">\n\t\t\t\t<div class=\"elementor-widget-container\">\n\t\t\t\t\t\t\t\t\t<p data-start=\"149\" data-end=\"529\"><strong data-start=\"149\" data-end=\"169\">Dr. Kristo Naska<\/strong> ist <strong data-start=\"174\" data-end=\"186\">Zahnarzt<\/strong> mit einem Abschluss der <strong data-start=\"211\" data-end=\"233\">Aldent Universit\u00e4t<\/strong> und verf\u00fcgt \u00fcber <strong data-start=\"251\" data-end=\"283\">5 Jahre praktische Erfahrung<\/strong> im zahnmedizinischen Bereich.<br data-start=\"313\" data-end=\"316\" \/>Er hat sich insbesondere auf den Bereich der <strong data-start=\"361\" data-end=\"378\">Zahnprothetik<\/strong> spezialisiert.<br data-start=\"393\" data-end=\"396\" \/>Er arbeitet in verschiedenen klinischen Bereichen und entwickelt einen <strong data-start=\"467\" data-end=\"489\">multidisziplin\u00e4ren<\/strong> und <strong data-start=\"494\" data-end=\"526\">qualit\u00e4tsorientierten Ansatz<\/strong>.<\/p><p data-start=\"531\" data-end=\"952\">Er hat sich aktiv an zahlreichen <strong data-start=\"564\" data-end=\"606\">Initiativen im Bereich der Zahnmedizin<\/strong> beteiligt und zeichnet sich durch seinen <strong data-start=\"648\" data-end=\"668\">Einfallsreichtum<\/strong> und seinen <strong data-start=\"680\" data-end=\"700\">Innovationsgeist<\/strong> aus.<br data-start=\"705\" data-end=\"708\" \/>Seine <strong data-start=\"714\" data-end=\"740\">st\u00e4ndige Weiterbildung<\/strong> wird durch <strong data-start=\"752\" data-end=\"773\" data-is-only-node=\"\">Fortbildungskurse<\/strong> und die Zusammenarbeit mit <strong data-start=\"801\" data-end=\"860\">Fachleuten und Einrichtungen in Italien und Deutschland<\/strong> unterst\u00fctzt \u2013 mit dem Ziel, <strong data-start=\"889\" data-end=\"900\">moderne<\/strong> und <strong data-start=\"905\" data-end=\"938\">ma\u00dfgeschneiderte Behandlungen<\/strong> anzubieten.<\/p><p data-start=\"954\" data-end=\"1191\">Seine <strong data-start=\"960\" data-end=\"983\">F\u00e4higkeit zuzuh\u00f6ren<\/strong>, sein <strong data-start=\"990\" data-end=\"1013\">Einf\u00fchlungsverm\u00f6gen<\/strong> in die Bed\u00fcrfnisse der Patienten und seine <strong data-start=\"1057\" data-end=\"1077\">Liebe zum Detail<\/strong> machen ihn zu einem <strong data-start=\"1098\" data-end=\"1115\">zuverl\u00e4ssigen<\/strong> und <strong data-start=\"1120\" data-end=\"1147\">gesch\u00e4tzten Mitarbeiter<\/strong> im Team von <strong data-start=\"1160\" data-end=\"1188\">Radiance Dental Hospital<\/strong>.<\/p>\t\t\t\t\t\t\t\t<\/div>\n\t\t\t\t<\/div>\n\t\t\t\t<div class=\"elementor-element elementor-element-c7eca24 elementor-widget elementor-widget-spacer\" data-id=\"c7eca24\" data-element_type=\"widget\" data-e-type=\"widget\" data-widget_type=\"spacer.default\">\n\t\t\t\t<div class=\"elementor-widget-container\">\n\t\t\t\t\t\t\t<div class=\"elementor-spacer\">\n\t\t\t<div class=\"elementor-spacer-inner\"><\/div>\n\t\t<\/div>\n\t\t\t\t\t\t<\/div>\n\t\t\t\t<\/div>\n\t\t\t\t<div class=\"elementor-element elementor-element-d5f4d37 elementor-widget elementor-widget-heading\" data-id=\"d5f4d37\" data-element_type=\"widget\" data-e-type=\"widget\" data-widget_type=\"heading.default\">\n\t\t\t\t<div class=\"elementor-widget-container\">\n\t\t\t\t\t<h2 class=\"elementor-heading-title elementor-size-default\">Berufliche Erfahrung<\/h2>\t\t\t\t<\/div>\n\t\t\t\t<\/div>\n\t\t\t\t<div class=\"elementor-element elementor-element-5e18c30 elementor-widget elementor-widget-text-editor\" data-id=\"5e18c30\" data-element_type=\"widget\" data-e-type=\"widget\" data-widget_type=\"text-editor.default\">\n\t\t\t\t<div class=\"elementor-widget-container\">\n\t\t\t\t\t\t\t\t\t<p>Radiance Zahnklinik &#8211; Tirana<\/p>\t\t\t\t\t\t\t\t<\/div>\n\t\t\t\t<\/div>\n\t\t\t\t<div class=\"elementor-element elementor-element-e2f80e0 elementor-widget elementor-widget-text-editor\" data-id=\"e2f80e0\" data-element_type=\"widget\" data-e-type=\"widget\" data-widget_type=\"text-editor.default\">\n\t\t\t\t<div class=\"elementor-widget-container\">\n\t\t\t\t\t\t\t\t\t<p>Zahnarzt<\/p>\t\t\t\t\t\t\t\t<\/div>\n\t\t\t\t<\/div>\n\t\t\t\t<div class=\"elementor-element elementor-element-b938fd8 elementor-widget elementor-widget-text-editor\" data-id=\"b938fd8\" data-element_type=\"widget\" data-e-type=\"widget\" data-widget_type=\"text-editor.default\">\n\t\t\t\t<div class=\"elementor-widget-container\">\n\t\t\t\t\t\t\t\t\t<ul><li data-start=\"116\" data-end=\"186\"><p data-start=\"118\" data-end=\"186\"><strong data-start=\"118\" data-end=\"147\">Prothetische Behandlungen<\/strong> und <strong data-start=\"152\" data-end=\"184\">zahn\u00e4rztliche Rehabilitation<\/strong><\/p><\/li><li data-start=\"187\" data-end=\"255\"><p data-start=\"189\" data-end=\"255\"><strong data-start=\"189\" data-end=\"220\">Kontinuierliche Fortbildung<\/strong> mit <strong data-start=\"225\" data-end=\"253\">internationalen Ans\u00e4tzen<\/strong><\/p><\/li><li data-start=\"256\" data-end=\"327\"><p data-start=\"258\" data-end=\"327\"><strong data-start=\"258\" data-end=\"294\">Interdisziplin\u00e4re Zusammenarbeit<\/strong> mit dem <strong data-start=\"303\" data-end=\"325\">medizinischen Team<\/strong><\/p><\/li><li data-start=\"328\" data-end=\"390\"><p data-start=\"330\" data-end=\"390\"><strong data-start=\"330\" data-end=\"345\">Sorgf\u00e4ltige<\/strong> und <strong data-start=\"350\" data-end=\"372\">pr\u00e4zise Behandlung<\/strong> komplexer F\u00e4lle<\/p><\/li><\/ul>\t\t\t\t\t\t\t\t<\/div>\n\t\t\t\t<\/div>\n\t\t\t\t<div class=\"elementor-element elementor-element-56064fc elementor-widget elementor-widget-heading\" data-id=\"56064fc\" data-element_type=\"widget\" data-e-type=\"widget\" data-widget_type=\"heading.default\">\n\t\t\t\t<div class=\"elementor-widget-container\">\n\t\t\t\t\t<h2 class=\"elementor-heading-title elementor-size-default\">Akademische Ausbildung<\/h2>\t\t\t\t<\/div>\n\t\t\t\t<\/div>\n\t\t\t\t<div class=\"elementor-element elementor-element-e9077e0 elementor-widget elementor-widget-text-editor\" data-id=\"e9077e0\" data-element_type=\"widget\" data-e-type=\"widget\" data-widget_type=\"text-editor.default\">\n\t\t\t\t<div class=\"elementor-widget-container\">\n\t\t\t\t\t\t\t\t\t<p>Studienabschluss in Zahnmedizin<\/p>\t\t\t\t\t\t\t\t<\/div>\n\t\t\t\t<\/div>\n\t\t\t\t<div class=\"elementor-element elementor-element-620ab81 elementor-widget elementor-widget-text-editor\" data-id=\"620ab81\" data-element_type=\"widget\" data-e-type=\"widget\" data-widget_type=\"text-editor.default\">\n\t\t\t\t<div class=\"elementor-widget-container\">\n\t\t\t\t\t\t\t\t\t<p><strong>Aldent Universit\u00e4t &#8211; Tirana<\/strong><\/p>\t\t\t\t\t\t\t\t<\/div>\n\t\t\t\t<\/div>\n\t\t\t\t<\/div>\n\t\t\t\t\t<\/div>\n\t\t\t\t<\/div>\n\t\t\t\t<\/div>\n\t\t","protected":false},"excerpt":{"rendered":"<p>Dr. Kristo Naska Zahnarzt Pers\u00f6nliche Informationen Vollst\u00e4ndiger Name: Kristo Naska Nationalit\u00e4t: Albanisch Gesprochene Sprachen: Albanisch (Muttersprache), Italienisch, Englisch Ausbildung: Abschluss in Zahnmedizin \u2013 Aldent University Spezialisierungen: Zahnprothetik, prothetische Zahnmedizin Erfahrung: 5 Jahre klinische und p\u00e4dagogische T\u00e4tigkeit, mit internationaler Zusammenarbeit Berufliches Profil Dr. Kristo Naska ist Zahnarzt mit einem Abschluss der [&hellip;]<\/p>\n","protected":false},"author":1,"featured_media":0,"parent":0,"menu_order":0,"comment_status":"closed","ping_status":"closed","template":"elementor_header_footer","meta":{"_acf_changed":false,"footnotes":""},"class_list":["post-7828","page","type-page","status-publish","hentry"],"acf":[],"yoast_head":"<!-- This site is optimized with the Yoast SEO Premium plugin v27.4 (Yoast SEO v27.4) - https:\/\/yoast.com\/product\/yoast-seo-premium-wordpress\/ -->\n<title>Dr. Kristo Naska \u2013 Zahnarzt in Albanien | Radiance Dental Hospital<\/title>\n<meta name=\"description\" content=\"Dr. Kristo Naska, Zahnarzt in Albanien, spezialisiert auf Zahnprothetik und prothetische Zahnmedizin. 5 Jahre Erfahrung bei Radiance Dental Hospital Tirana.\" \/>\n<meta name=\"robots\" content=\"index, follow, max-snippet:-1, max-image-preview:large, max-video-preview:-1\" \/>\n<link rel=\"canonical\" href=\"https:\/\/www.radiance.al\/de\/kristo-naska\/\" \/>\n<meta property=\"og:locale\" content=\"de_DE\" \/>\n<meta property=\"og:type\" content=\"article\" \/>\n<meta property=\"og:title\" content=\"Kristo Naska\" \/>\n<meta property=\"og:description\" content=\"Dr. Kristo Naska, Zahnarzt in Albanien, spezialisiert auf Zahnprothetik und prothetische Zahnmedizin. 5 Jahre Erfahrung bei Radiance Dental Hospital Tirana.\" \/>\n<meta property=\"og:url\" content=\"https:\/\/www.radiance.al\/de\/kristo-naska\/\" \/>\n<meta property=\"og:site_name\" content=\"RADIANCE.AL\" \/>\n<meta property=\"article:publisher\" content=\"https:\/\/www.instagram.com\/radiance_al\/?hl=en\" \/>\n<meta property=\"article:modified_time\" content=\"2025-09-11T08:57:52+00:00\" \/>\n<meta property=\"og:image\" content=\"https:\/\/www.radiance.al\/wp-content\/uploads\/2025\/05\/cjw.png\" \/>\n<meta name=\"twitter:card\" content=\"summary_large_image\" \/>\n<meta name=\"twitter:label1\" content=\"Gesch\u00e4tzte Lesezeit\" \/>\n\t<meta name=\"twitter:data1\" content=\"2\u00a0Minuten\" \/>\n<script type=\"application\/ld+json\" class=\"yoast-schema-graph\">{\"@context\":\"https:\\\/\\\/schema.org\",\"@graph\":[{\"@type\":\"WebPage\",\"@id\":\"https:\\\/\\\/www.radiance.al\\\/de\\\/kristo-naska\\\/\",\"url\":\"https:\\\/\\\/www.radiance.al\\\/de\\\/kristo-naska\\\/\",\"name\":\"Dr. Kristo Naska \u2013 Zahnarzt in Albanien | Radiance Dental Hospital\",\"isPartOf\":{\"@id\":\"https:\\\/\\\/www.radiance.al\\\/de\\\/#website\"},\"primaryImageOfPage\":{\"@id\":\"https:\\\/\\\/www.radiance.al\\\/de\\\/kristo-naska\\\/#primaryimage\"},\"image\":{\"@id\":\"https:\\\/\\\/www.radiance.al\\\/de\\\/kristo-naska\\\/#primaryimage\"},\"thumbnailUrl\":\"https:\\\/\\\/www.radiance.al\\\/wp-content\\\/uploads\\\/2025\\\/05\\\/cjw.png\",\"datePublished\":\"2025-05-16T11:18:35+00:00\",\"dateModified\":\"2025-09-11T08:57:52+00:00\",\"description\":\"Dr. Kristo Naska, Zahnarzt in Albanien, spezialisiert auf Zahnprothetik und prothetische Zahnmedizin. 5 Jahre Erfahrung bei Radiance Dental Hospital Tirana.\",\"breadcrumb\":{\"@id\":\"https:\\\/\\\/www.radiance.al\\\/de\\\/kristo-naska\\\/#breadcrumb\"},\"inLanguage\":\"de\",\"potentialAction\":[{\"@type\":\"ReadAction\",\"target\":[\"https:\\\/\\\/www.radiance.al\\\/de\\\/kristo-naska\\\/\"]}]},{\"@type\":\"ImageObject\",\"inLanguage\":\"de\",\"@id\":\"https:\\\/\\\/www.radiance.al\\\/de\\\/kristo-naska\\\/#primaryimage\",\"url\":\"https:\\\/\\\/www.radiance.al\\\/wp-content\\\/uploads\\\/2025\\\/05\\\/cjw.png\",\"contentUrl\":\"https:\\\/\\\/www.radiance.al\\\/wp-content\\\/uploads\\\/2025\\\/05\\\/cjw.png\"},{\"@type\":\"BreadcrumbList\",\"@id\":\"https:\\\/\\\/www.radiance.al\\\/de\\\/kristo-naska\\\/#breadcrumb\",\"itemListElement\":[{\"@type\":\"ListItem\",\"position\":1,\"name\":\"Home\",\"item\":\"https:\\\/\\\/www.radiance.al\\\/de\\\/\"},{\"@type\":\"ListItem\",\"position\":2,\"name\":\"Kristo Naska\"}]},{\"@type\":\"WebSite\",\"@id\":\"https:\\\/\\\/www.radiance.al\\\/de\\\/#website\",\"url\":\"https:\\\/\\\/www.radiance.al\\\/de\\\/\",\"name\":\"RADIANCE.AL\",\"description\":\"RADIANCE DENTAL HOSPITAL\",\"publisher\":{\"@id\":\"https:\\\/\\\/www.radiance.al\\\/de\\\/#organization\"},\"potentialAction\":[{\"@type\":\"SearchAction\",\"target\":{\"@type\":\"EntryPoint\",\"urlTemplate\":\"https:\\\/\\\/www.radiance.al\\\/de\\\/?s={search_term_string}\"},\"query-input\":{\"@type\":\"PropertyValueSpecification\",\"valueRequired\":true,\"valueName\":\"search_term_string\"}}],\"inLanguage\":\"de\"},{\"@type\":\"Organization\",\"@id\":\"https:\\\/\\\/www.radiance.al\\\/de\\\/#organization\",\"name\":\"RADIANCE.AL\",\"alternateName\":\"Radiance Dental Hospital\",\"url\":\"https:\\\/\\\/www.radiance.al\\\/de\\\/\",\"logo\":{\"@type\":\"ImageObject\",\"inLanguage\":\"de\",\"@id\":\"https:\\\/\\\/www.radiance.al\\\/de\\\/#\\\/schema\\\/logo\\\/image\\\/\",\"url\":\"https:\\\/\\\/www.radiance.al\\\/wp-content\\\/uploads\\\/2025\\\/05\\\/faviconn.jpeg\",\"contentUrl\":\"https:\\\/\\\/www.radiance.al\\\/wp-content\\\/uploads\\\/2025\\\/05\\\/faviconn.jpeg\",\"width\":48,\"height\":48,\"caption\":\"RADIANCE.AL\"},\"image\":{\"@id\":\"https:\\\/\\\/www.radiance.al\\\/de\\\/#\\\/schema\\\/logo\\\/image\\\/\"},\"sameAs\":[\"https:\\\/\\\/www.instagram.com\\\/radiance_al\\\/?hl=en\"],\"description\":\"\\\"Radiance Dental Hospital n\u00eb Shqip\u00ebri: spital dentar modern me teknologji 3D, implantologji, estetik\u00eb dhe specialist\u00eb me mbi 15 vite p\u00ebrvoj\u00eb. Prenoto konsult\u00ebn falas!\\\"\",\"email\":\"info@radiance.al\",\"telephone\":\"+355694799949\",\"legalName\":\"Radiance Dental Hospital\",\"foundingDate\":\"2025-03-18\",\"numberOfEmployees\":{\"@type\":\"QuantitativeValue\",\"minValue\":\"11\",\"maxValue\":\"50\"}}]}<\/script>\n<!-- \/ Yoast SEO Premium plugin. -->","yoast_head_json":{"title":"Dr. Kristo Naska \u2013 Zahnarzt in Albanien | Radiance Dental Hospital","description":"Dr. Kristo Naska, Zahnarzt in Albanien, spezialisiert auf Zahnprothetik und prothetische Zahnmedizin. 5 Jahre Erfahrung bei Radiance Dental Hospital Tirana.","robots":{"index":"index","follow":"follow","max-snippet":"max-snippet:-1","max-image-preview":"max-image-preview:large","max-video-preview":"max-video-preview:-1"},"canonical":"https:\/\/www.radiance.al\/de\/kristo-naska\/","og_locale":"de_DE","og_type":"article","og_title":"Kristo Naska","og_description":"Dr. Kristo Naska, Zahnarzt in Albanien, spezialisiert auf Zahnprothetik und prothetische Zahnmedizin. 5 Jahre Erfahrung bei Radiance Dental Hospital Tirana.","og_url":"https:\/\/www.radiance.al\/de\/kristo-naska\/","og_site_name":"RADIANCE.AL","article_publisher":"https:\/\/www.instagram.com\/radiance_al\/?hl=en","article_modified_time":"2025-09-11T08:57:52+00:00","og_image":[{"url":"https:\/\/www.radiance.al\/wp-content\/uploads\/2025\/05\/cjw.png","type":"","width":"","height":""}],"twitter_card":"summary_large_image","twitter_misc":{"Gesch\u00e4tzte Lesezeit":"2\u00a0Minuten"},"schema":{"@context":"https:\/\/schema.org","@graph":[{"@type":"WebPage","@id":"https:\/\/www.radiance.al\/de\/kristo-naska\/","url":"https:\/\/www.radiance.al\/de\/kristo-naska\/","name":"Dr. Kristo Naska \u2013 Zahnarzt in Albanien | Radiance Dental Hospital","isPartOf":{"@id":"https:\/\/www.radiance.al\/de\/#website"},"primaryImageOfPage":{"@id":"https:\/\/www.radiance.al\/de\/kristo-naska\/#primaryimage"},"image":{"@id":"https:\/\/www.radiance.al\/de\/kristo-naska\/#primaryimage"},"thumbnailUrl":"https:\/\/www.radiance.al\/wp-content\/uploads\/2025\/05\/cjw.png","datePublished":"2025-05-16T11:18:35+00:00","dateModified":"2025-09-11T08:57:52+00:00","description":"Dr. Kristo Naska, Zahnarzt in Albanien, spezialisiert auf Zahnprothetik und prothetische Zahnmedizin. 5 Jahre Erfahrung bei Radiance Dental Hospital Tirana.","breadcrumb":{"@id":"https:\/\/www.radiance.al\/de\/kristo-naska\/#breadcrumb"},"inLanguage":"de","potentialAction":[{"@type":"ReadAction","target":["https:\/\/www.radiance.al\/de\/kristo-naska\/"]}]},{"@type":"ImageObject","inLanguage":"de","@id":"https:\/\/www.radiance.al\/de\/kristo-naska\/#primaryimage","url":"https:\/\/www.radiance.al\/wp-content\/uploads\/2025\/05\/cjw.png","contentUrl":"https:\/\/www.radiance.al\/wp-content\/uploads\/2025\/05\/cjw.png"},{"@type":"BreadcrumbList","@id":"https:\/\/www.radiance.al\/de\/kristo-naska\/#breadcrumb","itemListElement":[{"@type":"ListItem","position":1,"name":"Home","item":"https:\/\/www.radiance.al\/de\/"},{"@type":"ListItem","position":2,"name":"Kristo Naska"}]},{"@type":"WebSite","@id":"https:\/\/www.radiance.al\/de\/#website","url":"https:\/\/www.radiance.al\/de\/","name":"RADIANCE.AL","description":"RADIANCE DENTAL HOSPITAL","publisher":{"@id":"https:\/\/www.radiance.al\/de\/#organization"},"potentialAction":[{"@type":"SearchAction","target":{"@type":"EntryPoint","urlTemplate":"https:\/\/www.radiance.al\/de\/?s={search_term_string}"},"query-input":{"@type":"PropertyValueSpecification","valueRequired":true,"valueName":"search_term_string"}}],"inLanguage":"de"},{"@type":"Organization","@id":"https:\/\/www.radiance.al\/de\/#organization","name":"RADIANCE.AL","alternateName":"Radiance Dental Hospital","url":"https:\/\/www.radiance.al\/de\/","logo":{"@type":"ImageObject","inLanguage":"de","@id":"https:\/\/www.radiance.al\/de\/#\/schema\/logo\/image\/","url":"https:\/\/www.radiance.al\/wp-content\/uploads\/2025\/05\/faviconn.jpeg","contentUrl":"https:\/\/www.radiance.al\/wp-content\/uploads\/2025\/05\/faviconn.jpeg","width":48,"height":48,"caption":"RADIANCE.AL"},"image":{"@id":"https:\/\/www.radiance.al\/de\/#\/schema\/logo\/image\/"},"sameAs":["https:\/\/www.instagram.com\/radiance_al\/?hl=en"],"description":"\"Radiance Dental Hospital n\u00eb Shqip\u00ebri: spital dentar modern me teknologji 3D, implantologji, estetik\u00eb dhe specialist\u00eb me mbi 15 vite p\u00ebrvoj\u00eb. Prenoto konsult\u00ebn falas!\"","email":"info@radiance.al","telephone":"+355694799949","legalName":"Radiance Dental Hospital","foundingDate":"2025-03-18","numberOfEmployees":{"@type":"QuantitativeValue","minValue":"11","maxValue":"50"}}]}},"_links":{"self":[{"href":"https:\/\/www.radiance.al\/de\/wp-json\/wp\/v2\/pages\/7828","targetHints":{"allow":["GET"]}}],"collection":[{"href":"https:\/\/www.radiance.al\/de\/wp-json\/wp\/v2\/pages"}],"about":[{"href":"https:\/\/www.radiance.al\/de\/wp-json\/wp\/v2\/types\/page"}],"author":[{"embeddable":true,"href":"https:\/\/www.radiance.al\/de\/wp-json\/wp\/v2\/users\/1"}],"replies":[{"embeddable":true,"href":"https:\/\/www.radiance.al\/de\/wp-json\/wp\/v2\/comments?post=7828"}],"version-history":[{"count":0,"href":"https:\/\/www.radiance.al\/de\/wp-json\/wp\/v2\/pages\/7828\/revisions"}],"wp:attachment":[{"href":"https:\/\/www.radiance.al\/de\/wp-json\/wp\/v2\/media?parent=7828"}],"curies":[{"name":"wp","href":"https:\/\/api.w.org\/{rel}","templated":true}]}}