{"id":10321,"date":"2025-10-02T08:34:53","date_gmt":"2025-10-02T08:34:53","guid":{"rendered":"https:\/\/www.radiance.al\/all-on-4\/"},"modified":"2025-10-06T09:22:51","modified_gmt":"2025-10-06T09:22:51","slug":"all-on-4","status":"publish","type":"page","link":"https:\/\/www.radiance.al\/en\/all-on-4\/","title":{"rendered":"All on 4"},"content":{"rendered":"\t\t<div data-elementor-type=\"wp-page\" data-elementor-id=\"10321\" class=\"elementor elementor-10321 elementor-9823\">\n\t\t\t\t<div class=\"elementor-element elementor-element-7d36a52 e-con-full e-flex e-con e-parent\" data-id=\"7d36a52\" data-element_type=\"container\" data-e-type=\"container\">\n\t\t<div class=\"elementor-element elementor-element-b1c4fe6 e-con-full e-flex e-con e-child\" data-id=\"b1c4fe6\" data-element_type=\"container\" data-e-type=\"container\">\n\t\t\t\t<div class=\"elementor-element elementor-element-dbf6b82 elementor-widget elementor-widget-spacer\" data-id=\"dbf6b82\" data-element_type=\"widget\" data-e-type=\"widget\" data-widget_type=\"spacer.default\">\n\t\t\t\t<div class=\"elementor-widget-container\">\n\t\t\t\t\t\t\t<div class=\"elementor-spacer\">\n\t\t\t<div class=\"elementor-spacer-inner\"><\/div>\n\t\t<\/div>\n\t\t\t\t\t\t<\/div>\n\t\t\t\t<\/div>\n\t\t\t\t<div class=\"elementor-element elementor-element-cde9034 elementor-widget elementor-widget-html\" data-id=\"cde9034\" data-element_type=\"widget\" data-e-type=\"widget\" data-widget_type=\"html.default\">\n\t\t\t\t<div class=\"elementor-widget-container\">\n\t\t\t\t\t<video id=\"my_hls_video\" autoplay=\"\" muted=\"\" loop=\"\" playsinline=\"\" style=\"width:100%;height:auto;\"><\/video>\r\n<script src=\"https:\/\/cdn.jsdelivr.net\/npm\/hls.js@latest\"><\/script>\r\n<script>\r\n  var video = document.getElementById('my_hls_video');\r\n  var videoSrc = 'https:\/\/vz-eb18f8bd-faa.b-cdn.net\/d747575f-c74e-4dbc-a0cb-85de228548a9\/playlist.m3u8';\r\n\r\n  if (video.canPlayType('application\/vnd.apple.mpegurl')) {\r\n    \/\/ Native HLS support (Safari, iOS)\r\n    video.src = videoSrc;\r\n  } else if (Hls.isSupported()) {\r\n    \/\/ hls.js for other browsers (Chrome, Firefox, Edge)\r\n    var hls = new Hls();\r\n    hls.loadSource(videoSrc);\r\n    hls.attachMedia(video);\r\n  } else {\r\n    \/\/ HLS not supported in this browser\r\n    video.outerHTML = '<p>Your browser does not support HLS playback.<\/p>';\r\n  }\r\n<\/script>\t\t\t\t<\/div>\n\t\t\t\t<\/div>\n\t\t\t\t<\/div>\n\t\t<div class=\"elementor-element elementor-element-2209b26 e-con-full e-flex e-con e-child\" data-id=\"2209b26\" data-element_type=\"container\" data-e-type=\"container\">\n\t\t\t\t<div class=\"elementor-element elementor-element-479eb55 elementor-widget elementor-widget-heading\" data-id=\"479eb55\" data-element_type=\"widget\" data-e-type=\"widget\" data-widget_type=\"heading.default\">\n\t\t\t\t<div class=\"elementor-widget-container\">\n\t\t\t\t\t<h1 class=\"elementor-heading-title elementor-size-default\">All on 4<\/h1>\t\t\t\t<\/div>\n\t\t\t\t<\/div>\n\t\t\t\t<div class=\"elementor-element elementor-element-4922aa5 elementor-widget elementor-widget-text-editor\" data-id=\"4922aa5\" data-element_type=\"widget\" data-e-type=\"widget\" data-widget_type=\"text-editor.default\">\n\t\t\t\t<div class=\"elementor-widget-container\">\n\t\t\t\t\t\t\t\t\tThe <b data-start=\"413\" data-end=\"425\">All-on-4<\/b> technique represents one of the most innovative and reliable solutions in<b data-start=\"491\" data-end=\"524\">modern implant dentistry<\/b>. Ideal for those who have lost all the teeth in one arch (upper, lower, or both), it allows <b data-start=\"624\" data-end=\"686\">restoration of aesthetics and function with a fixed prosthesis<\/b> supported by only four dental implants.\t\t\t\t\t\t\t\t<\/div>\n\t\t\t\t<\/div>\n\t\t\t\t<div class=\"elementor-element elementor-element-2989f04 elementor-widget-divider--view-line elementor-widget elementor-widget-divider\" data-id=\"2989f04\" data-element_type=\"widget\" data-e-type=\"widget\" data-widget_type=\"divider.default\">\n\t\t\t\t<div class=\"elementor-widget-container\">\n\t\t\t\t\t\t\t<div class=\"elementor-divider\">\n\t\t\t<span class=\"elementor-divider-separator\">\n\t\t\t\t\t\t<\/span>\n\t\t<\/div>\n\t\t\t\t\t\t<\/div>\n\t\t\t\t<\/div>\n\t\t\t\t<div class=\"elementor-element elementor-element-82eff1c elementor-widget elementor-widget-heading\" data-id=\"82eff1c\" data-element_type=\"widget\" data-e-type=\"widget\" data-widget_type=\"heading.default\">\n\t\t\t\t<div class=\"elementor-widget-container\">\n\t\t\t\t\t<h2 class=\"elementor-heading-title elementor-size-default\"><b>Maximum stability with fewer implants<\/b><\/h2>\t\t\t\t<\/div>\n\t\t\t\t<\/div>\n\t\t\t\t<div class=\"elementor-element elementor-element-56069ff elementor-widget elementor-widget-text-editor\" data-id=\"56069ff\" data-element_type=\"widget\" data-e-type=\"widget\" data-widget_type=\"text-editor.default\">\n\t\t\t\t<div class=\"elementor-widget-container\">\n\t\t\t\t\t\t\t\t\t<p data-start=\"782\" data-end=\"967\">Only <b>four strategically placed implants<\/b> are sufficient to support an entire dental arch, reducing <b data-start=\"899\" data-end=\"928\">time, cost, and invasiveness<\/b> compared to traditional techniques.<\/p>\t\t\t\t\t\t\t\t<\/div>\n\t\t\t\t<\/div>\n\t\t\t\t<div class=\"elementor-element elementor-element-da73901 elementor-widget elementor-widget-spacer\" data-id=\"da73901\" data-element_type=\"widget\" data-e-type=\"widget\" data-widget_type=\"spacer.default\">\n\t\t\t\t<div class=\"elementor-widget-container\">\n\t\t\t\t\t\t\t<div class=\"elementor-spacer\">\n\t\t\t<div class=\"elementor-spacer-inner\"><\/div>\n\t\t<\/div>\n\t\t\t\t\t\t<\/div>\n\t\t\t\t<\/div>\n\t\t\t\t<div class=\"elementor-element elementor-element-d133deb elementor-widget elementor-widget-heading\" data-id=\"d133deb\" data-element_type=\"widget\" data-e-type=\"widget\" data-widget_type=\"heading.default\">\n\t\t\t\t<div class=\"elementor-widget-container\">\n\t\t\t\t\t<h2 class=\"elementor-heading-title elementor-size-default\"><b>Natural and immediate aesthetics<\/b><\/h2>\t\t\t\t<\/div>\n\t\t\t\t<\/div>\n\t\t\t\t<div class=\"elementor-element elementor-element-8ab2ff0 elementor-widget elementor-widget-text-editor\" data-id=\"8ab2ff0\" data-element_type=\"widget\" data-e-type=\"widget\" data-widget_type=\"text-editor.default\">\n\t\t\t\t<div class=\"elementor-widget-container\">\n\t\t\t\t\t\t\t\t\t<p data-start=\"1010\" data-end=\"1137\">The result is a <b data-start=\"1028\" data-end=\"1064\">fixed, beautiful, harmonious smile<\/b> that immediately improves the patient&#8217;s <b data-start=\"1094\" data-end=\"1121\">appearance and self-esteem<\/b>.<\/p>\t\t\t\t\t\t\t\t<\/div>\n\t\t\t\t<\/div>\n\t\t\t\t<div class=\"elementor-element elementor-element-5efe660 elementor-widget elementor-widget-spacer\" data-id=\"5efe660\" data-element_type=\"widget\" data-e-type=\"widget\" data-widget_type=\"spacer.default\">\n\t\t\t\t<div class=\"elementor-widget-container\">\n\t\t\t\t\t\t\t<div class=\"elementor-spacer\">\n\t\t\t<div class=\"elementor-spacer-inner\"><\/div>\n\t\t<\/div>\n\t\t\t\t\t\t<\/div>\n\t\t\t\t<\/div>\n\t\t\t\t<div class=\"elementor-element elementor-element-03feefa elementor-widget elementor-widget-heading\" data-id=\"03feefa\" data-element_type=\"widget\" data-e-type=\"widget\" data-widget_type=\"heading.default\">\n\t\t\t\t<div class=\"elementor-widget-container\">\n\t\t\t\t\t<h2 class=\"elementor-heading-title elementor-size-default\"><b>Minimally invasive surgery<\/b><\/h2>\t\t\t\t<\/div>\n\t\t\t\t<\/div>\n\t\t\t\t<div class=\"elementor-element elementor-element-f0b7c55 elementor-widget elementor-widget-text-editor\" data-id=\"f0b7c55\" data-element_type=\"widget\" data-e-type=\"widget\" data-widget_type=\"text-editor.default\">\n\t\t\t\t<div class=\"elementor-widget-container\">\n\t\t\t\t\t\t\t\t\t<p data-start=\"1181\" data-end=\"1335\">With <b data-start=\"1193\" data-end=\"1220\">digital planning<\/b> and <b data-start=\"1228\" data-end=\"1249\">guided surgery, the procedure is precise, quick and with a more comfortable postoperative recovery.<\/b><\/p>\t\t\t\t\t\t\t\t<\/div>\n\t\t\t\t<\/div>\n\t\t\t\t<div class=\"elementor-element elementor-element-f59f4e0 elementor-widget elementor-widget-spacer\" data-id=\"f59f4e0\" data-element_type=\"widget\" data-e-type=\"widget\" data-widget_type=\"spacer.default\">\n\t\t\t\t<div class=\"elementor-widget-container\">\n\t\t\t\t\t\t\t<div class=\"elementor-spacer\">\n\t\t\t<div class=\"elementor-spacer-inner\"><\/div>\n\t\t<\/div>\n\t\t\t\t\t\t<\/div>\n\t\t\t\t<\/div>\n\t\t\t\t<\/div>\n\t\t\t\t<\/div>\n\t\t<div class=\"elementor-element elementor-element-ab4c106 e-flex e-con-boxed e-con e-parent\" data-id=\"ab4c106\" data-element_type=\"container\" data-e-type=\"container\">\n\t\t\t\t\t<div class=\"e-con-inner\">\n\t\t\t\t<div class=\"elementor-element elementor-element-c4b4f40 elementor-align-center elementor-widget elementor-widget-button\" data-id=\"c4b4f40\" data-element_type=\"widget\" data-e-type=\"widget\" data-widget_type=\"button.default\">\n\t\t\t\t<div class=\"elementor-widget-container\">\n\t\t\t\t\t\t\t\t\t<div class=\"elementor-button-wrapper\">\n\t\t\t\t\t<a class=\"elementor-button elementor-button-link elementor-size-sm\" href=\"https:\/\/www.radiance.al\/en\/contact-us\/\">\n\t\t\t\t\t\t<span class=\"elementor-button-content-wrapper\">\n\t\t\t\t\t\t\t\t\t<span class=\"elementor-button-text\">Free visit<\/span>\n\t\t\t\t\t<\/span>\n\t\t\t\t\t<\/a>\n\t\t\t\t<\/div>\n\t\t\t\t\t\t\t\t<\/div>\n\t\t\t\t<\/div>\n\t\t\t\t<div class=\"elementor-element elementor-element-b6e8f3b elementor-widget elementor-widget-spacer\" data-id=\"b6e8f3b\" data-element_type=\"widget\" data-e-type=\"widget\" data-widget_type=\"spacer.default\">\n\t\t\t\t<div class=\"elementor-widget-container\">\n\t\t\t\t\t\t\t<div class=\"elementor-spacer\">\n\t\t\t<div class=\"elementor-spacer-inner\"><\/div>\n\t\t<\/div>\n\t\t\t\t\t\t<\/div>\n\t\t\t\t<\/div>\n\t\t\t\t\t<\/div>\n\t\t\t\t<\/div>\n\t\t\t\t<\/div>\n\t\t","protected":false},"excerpt":{"rendered":"<p>All on 4 The All-on-4 technique represents one of the most innovative and reliable solutions inmodern implant dentistry. Ideal for those who have lost all the teeth in one arch (upper, lower, or both), it allows restoration of aesthetics and function with a fixed prosthesis supported by only four dental [&hellip;]<\/p>\n","protected":false},"author":6,"featured_media":5103,"parent":0,"menu_order":1,"comment_status":"closed","ping_status":"closed","template":"elementor_header_footer","meta":{"_acf_changed":false,"footnotes":""},"class_list":["post-10321","page","type-page","status-publish","has-post-thumbnail","hentry"],"acf":[],"yoast_head":"<!-- This site is optimized with the Yoast SEO Premium plugin v27.4 (Yoast SEO v27.4) - https:\/\/yoast.com\/product\/yoast-seo-premium-wordpress\/ -->\n<title>All-on-4 in Tirana - 4 implants for a fixed smile at Radiance<\/title>\n<meta name=\"description\" content=\"All-on-4 with only 4 implants per full arch: fast treatment, immediate loading and fixed smile. Offered by Radiance Dental Tirana with free consultation and all-inclusive package.\" \/>\n<meta name=\"robots\" content=\"index, follow, max-snippet:-1, max-image-preview:large, max-video-preview:-1\" \/>\n<link rel=\"canonical\" href=\"https:\/\/www.radiance.al\/en\/all-on-4\/\" \/>\n<meta property=\"og:locale\" content=\"en_US\" \/>\n<meta property=\"og:type\" content=\"article\" \/>\n<meta property=\"og:title\" content=\"All-on-4 in Tirana - fixed solution with 4 dental implants\" \/>\n<meta property=\"og:description\" content=\"Radiance Dental offers the All-on-4: full arch with only 4 implants, advanced technology, natural results and international patient packages.\" \/>\n<meta property=\"og:url\" content=\"https:\/\/www.radiance.al\/en\/all-on-4\/\" \/>\n<meta property=\"og:site_name\" content=\"RADIANCE.AL\" \/>\n<meta property=\"article:publisher\" content=\"https:\/\/www.instagram.com\/radiance_al\/?hl=en\" \/>\n<meta property=\"article:modified_time\" content=\"2025-10-06T09:22:51+00:00\" \/>\n<meta property=\"og:image\" content=\"https:\/\/www.radiance.al\/wp-content\/uploads\/2025\/06\/All-on-4-Impianti-Dentali.png\" \/>\n\t<meta property=\"og:image:width\" content=\"1080\" \/>\n\t<meta property=\"og:image:height\" content=\"1080\" \/>\n\t<meta property=\"og:image:type\" content=\"image\/png\" \/>\n<meta name=\"twitter:card\" content=\"summary_large_image\" \/>\n<meta name=\"twitter:title\" content=\"All-on-4 in Tirana - 4 implants for a fixed smile at Radiance\" \/>\n<meta name=\"twitter:description\" content=\"Only 4 implants for a complete and stable arch. Discover All-on-4 at Radiance Dental Tirana: advanced technology and all-inclusive package.\" \/>\n<meta name=\"twitter:label1\" content=\"Est. reading time\" \/>\n\t<meta name=\"twitter:data1\" content=\"1 minute\" \/>\n<script type=\"application\/ld+json\" class=\"yoast-schema-graph\">{\"@context\":\"https:\\\/\\\/schema.org\",\"@graph\":[{\"@type\":\"WebPage\",\"@id\":\"https:\\\/\\\/www.radiance.al\\\/en\\\/all-on-4\\\/\",\"url\":\"https:\\\/\\\/www.radiance.al\\\/en\\\/all-on-4\\\/\",\"name\":\"All-on-4 in Tirana - 4 implants for a fixed smile at Radiance\",\"isPartOf\":{\"@id\":\"https:\\\/\\\/www.radiance.al\\\/en\\\/#website\"},\"primaryImageOfPage\":{\"@id\":\"https:\\\/\\\/www.radiance.al\\\/en\\\/all-on-4\\\/#primaryimage\"},\"image\":{\"@id\":\"https:\\\/\\\/www.radiance.al\\\/en\\\/all-on-4\\\/#primaryimage\"},\"thumbnailUrl\":\"https:\\\/\\\/www.radiance.al\\\/wp-content\\\/uploads\\\/2025\\\/06\\\/All-on-4-Impianti-Dentali.png\",\"datePublished\":\"2025-10-02T08:34:53+00:00\",\"dateModified\":\"2025-10-06T09:22:51+00:00\",\"description\":\"All-on-4 with only 4 implants per full arch: fast treatment, immediate loading and fixed smile. Offered by Radiance Dental Tirana with free consultation and all-inclusive package.\",\"breadcrumb\":{\"@id\":\"https:\\\/\\\/www.radiance.al\\\/en\\\/all-on-4\\\/#breadcrumb\"},\"inLanguage\":\"en-US\",\"potentialAction\":[{\"@type\":\"ReadAction\",\"target\":[\"https:\\\/\\\/www.radiance.al\\\/en\\\/all-on-4\\\/\"]}]},{\"@type\":\"ImageObject\",\"inLanguage\":\"en-US\",\"@id\":\"https:\\\/\\\/www.radiance.al\\\/en\\\/all-on-4\\\/#primaryimage\",\"url\":\"https:\\\/\\\/www.radiance.al\\\/wp-content\\\/uploads\\\/2025\\\/06\\\/All-on-4-Impianti-Dentali.png\",\"contentUrl\":\"https:\\\/\\\/www.radiance.al\\\/wp-content\\\/uploads\\\/2025\\\/06\\\/All-on-4-Impianti-Dentali.png\",\"width\":1080,\"height\":1080,\"caption\":\"Sorridi di nuovo con 12 impianti premium e 24 corone full zirconio \u2013 tutto incluso con Radiance Dental Hospital!\"},{\"@type\":\"BreadcrumbList\",\"@id\":\"https:\\\/\\\/www.radiance.al\\\/en\\\/all-on-4\\\/#breadcrumb\",\"itemListElement\":[{\"@type\":\"ListItem\",\"position\":1,\"name\":\"Home\",\"item\":\"https:\\\/\\\/www.radiance.al\\\/en\\\/\"},{\"@type\":\"ListItem\",\"position\":2,\"name\":\"All on 4\"}]},{\"@type\":\"WebSite\",\"@id\":\"https:\\\/\\\/www.radiance.al\\\/en\\\/#website\",\"url\":\"https:\\\/\\\/www.radiance.al\\\/en\\\/\",\"name\":\"RADIANCE.AL\",\"description\":\"RADIANCE DENTAL HOSPITAL\",\"publisher\":{\"@id\":\"https:\\\/\\\/www.radiance.al\\\/en\\\/#organization\"},\"potentialAction\":[{\"@type\":\"SearchAction\",\"target\":{\"@type\":\"EntryPoint\",\"urlTemplate\":\"https:\\\/\\\/www.radiance.al\\\/en\\\/?s={search_term_string}\"},\"query-input\":{\"@type\":\"PropertyValueSpecification\",\"valueRequired\":true,\"valueName\":\"search_term_string\"}}],\"inLanguage\":\"en-US\"},{\"@type\":\"Organization\",\"@id\":\"https:\\\/\\\/www.radiance.al\\\/en\\\/#organization\",\"name\":\"RADIANCE.AL\",\"alternateName\":\"Radiance Dental Hospital\",\"url\":\"https:\\\/\\\/www.radiance.al\\\/en\\\/\",\"logo\":{\"@type\":\"ImageObject\",\"inLanguage\":\"en-US\",\"@id\":\"https:\\\/\\\/www.radiance.al\\\/en\\\/#\\\/schema\\\/logo\\\/image\\\/\",\"url\":\"https:\\\/\\\/www.radiance.al\\\/wp-content\\\/uploads\\\/2025\\\/05\\\/faviconn.jpeg\",\"contentUrl\":\"https:\\\/\\\/www.radiance.al\\\/wp-content\\\/uploads\\\/2025\\\/05\\\/faviconn.jpeg\",\"width\":48,\"height\":48,\"caption\":\"RADIANCE.AL\"},\"image\":{\"@id\":\"https:\\\/\\\/www.radiance.al\\\/en\\\/#\\\/schema\\\/logo\\\/image\\\/\"},\"sameAs\":[\"https:\\\/\\\/www.instagram.com\\\/radiance_al\\\/?hl=en\"],\"description\":\"\\\"Radiance Dental Hospital n\u00eb Shqip\u00ebri: spital dentar modern me teknologji 3D, implantologji, estetik\u00eb dhe specialist\u00eb me mbi 15 vite p\u00ebrvoj\u00eb. Prenoto konsult\u00ebn falas!\\\"\",\"email\":\"info@radiance.al\",\"telephone\":\"+355694799949\",\"legalName\":\"Radiance Dental Hospital\",\"foundingDate\":\"2025-03-18\",\"numberOfEmployees\":{\"@type\":\"QuantitativeValue\",\"minValue\":\"11\",\"maxValue\":\"50\"}}]}<\/script>\n<!-- \/ Yoast SEO Premium plugin. -->","yoast_head_json":{"title":"All-on-4 in Tirana - 4 implants for a fixed smile at Radiance","description":"All-on-4 with only 4 implants per full arch: fast treatment, immediate loading and fixed smile. Offered by Radiance Dental Tirana with free consultation and all-inclusive package.","robots":{"index":"index","follow":"follow","max-snippet":"max-snippet:-1","max-image-preview":"max-image-preview:large","max-video-preview":"max-video-preview:-1"},"canonical":"https:\/\/www.radiance.al\/en\/all-on-4\/","og_locale":"en_US","og_type":"article","og_title":"All-on-4 in Tirana - fixed solution with 4 dental implants","og_description":"Radiance Dental offers the All-on-4: full arch with only 4 implants, advanced technology, natural results and international patient packages.","og_url":"https:\/\/www.radiance.al\/en\/all-on-4\/","og_site_name":"RADIANCE.AL","article_publisher":"https:\/\/www.instagram.com\/radiance_al\/?hl=en","article_modified_time":"2025-10-06T09:22:51+00:00","og_image":[{"width":1080,"height":1080,"url":"https:\/\/www.radiance.al\/wp-content\/uploads\/2025\/06\/All-on-4-Impianti-Dentali.png","type":"image\/png"}],"twitter_card":"summary_large_image","twitter_title":"All-on-4 in Tirana - 4 implants for a fixed smile at Radiance","twitter_description":"Only 4 implants for a complete and stable arch. Discover All-on-4 at Radiance Dental Tirana: advanced technology and all-inclusive package.","twitter_misc":{"Est. reading time":"1 minute"},"schema":{"@context":"https:\/\/schema.org","@graph":[{"@type":"WebPage","@id":"https:\/\/www.radiance.al\/en\/all-on-4\/","url":"https:\/\/www.radiance.al\/en\/all-on-4\/","name":"All-on-4 in Tirana - 4 implants for a fixed smile at Radiance","isPartOf":{"@id":"https:\/\/www.radiance.al\/en\/#website"},"primaryImageOfPage":{"@id":"https:\/\/www.radiance.al\/en\/all-on-4\/#primaryimage"},"image":{"@id":"https:\/\/www.radiance.al\/en\/all-on-4\/#primaryimage"},"thumbnailUrl":"https:\/\/www.radiance.al\/wp-content\/uploads\/2025\/06\/All-on-4-Impianti-Dentali.png","datePublished":"2025-10-02T08:34:53+00:00","dateModified":"2025-10-06T09:22:51+00:00","description":"All-on-4 with only 4 implants per full arch: fast treatment, immediate loading and fixed smile. Offered by Radiance Dental Tirana with free consultation and all-inclusive package.","breadcrumb":{"@id":"https:\/\/www.radiance.al\/en\/all-on-4\/#breadcrumb"},"inLanguage":"en-US","potentialAction":[{"@type":"ReadAction","target":["https:\/\/www.radiance.al\/en\/all-on-4\/"]}]},{"@type":"ImageObject","inLanguage":"en-US","@id":"https:\/\/www.radiance.al\/en\/all-on-4\/#primaryimage","url":"https:\/\/www.radiance.al\/wp-content\/uploads\/2025\/06\/All-on-4-Impianti-Dentali.png","contentUrl":"https:\/\/www.radiance.al\/wp-content\/uploads\/2025\/06\/All-on-4-Impianti-Dentali.png","width":1080,"height":1080,"caption":"Sorridi di nuovo con 12 impianti premium e 24 corone full zirconio \u2013 tutto incluso con Radiance Dental Hospital!"},{"@type":"BreadcrumbList","@id":"https:\/\/www.radiance.al\/en\/all-on-4\/#breadcrumb","itemListElement":[{"@type":"ListItem","position":1,"name":"Home","item":"https:\/\/www.radiance.al\/en\/"},{"@type":"ListItem","position":2,"name":"All on 4"}]},{"@type":"WebSite","@id":"https:\/\/www.radiance.al\/en\/#website","url":"https:\/\/www.radiance.al\/en\/","name":"RADIANCE.AL","description":"RADIANCE DENTAL HOSPITAL","publisher":{"@id":"https:\/\/www.radiance.al\/en\/#organization"},"potentialAction":[{"@type":"SearchAction","target":{"@type":"EntryPoint","urlTemplate":"https:\/\/www.radiance.al\/en\/?s={search_term_string}"},"query-input":{"@type":"PropertyValueSpecification","valueRequired":true,"valueName":"search_term_string"}}],"inLanguage":"en-US"},{"@type":"Organization","@id":"https:\/\/www.radiance.al\/en\/#organization","name":"RADIANCE.AL","alternateName":"Radiance Dental Hospital","url":"https:\/\/www.radiance.al\/en\/","logo":{"@type":"ImageObject","inLanguage":"en-US","@id":"https:\/\/www.radiance.al\/en\/#\/schema\/logo\/image\/","url":"https:\/\/www.radiance.al\/wp-content\/uploads\/2025\/05\/faviconn.jpeg","contentUrl":"https:\/\/www.radiance.al\/wp-content\/uploads\/2025\/05\/faviconn.jpeg","width":48,"height":48,"caption":"RADIANCE.AL"},"image":{"@id":"https:\/\/www.radiance.al\/en\/#\/schema\/logo\/image\/"},"sameAs":["https:\/\/www.instagram.com\/radiance_al\/?hl=en"],"description":"\"Radiance Dental Hospital n\u00eb Shqip\u00ebri: spital dentar modern me teknologji 3D, implantologji, estetik\u00eb dhe specialist\u00eb me mbi 15 vite p\u00ebrvoj\u00eb. Prenoto konsult\u00ebn falas!\"","email":"info@radiance.al","telephone":"+355694799949","legalName":"Radiance Dental Hospital","foundingDate":"2025-03-18","numberOfEmployees":{"@type":"QuantitativeValue","minValue":"11","maxValue":"50"}}]}},"_links":{"self":[{"href":"https:\/\/www.radiance.al\/en\/wp-json\/wp\/v2\/pages\/10321","targetHints":{"allow":["GET"]}}],"collection":[{"href":"https:\/\/www.radiance.al\/en\/wp-json\/wp\/v2\/pages"}],"about":[{"href":"https:\/\/www.radiance.al\/en\/wp-json\/wp\/v2\/types\/page"}],"author":[{"embeddable":true,"href":"https:\/\/www.radiance.al\/en\/wp-json\/wp\/v2\/users\/6"}],"replies":[{"embeddable":true,"href":"https:\/\/www.radiance.al\/en\/wp-json\/wp\/v2\/comments?post=10321"}],"version-history":[{"count":6,"href":"https:\/\/www.radiance.al\/en\/wp-json\/wp\/v2\/pages\/10321\/revisions"}],"predecessor-version":[{"id":10365,"href":"https:\/\/www.radiance.al\/en\/wp-json\/wp\/v2\/pages\/10321\/revisions\/10365"}],"wp:featuredmedia":[{"embeddable":true,"href":"https:\/\/www.radiance.al\/en\/wp-json\/wp\/v2\/media\/5103"}],"wp:attachment":[{"href":"https:\/\/www.radiance.al\/en\/wp-json\/wp\/v2\/media?parent=10321"}],"curies":[{"name":"wp","href":"https:\/\/api.w.org\/{rel}","templated":true}]}}