{"id":1871,"date":"2025-05-16T11:11:57","date_gmt":"2025-05-16T11:11:57","guid":{"rendered":"https:\/\/www.hayasagi.com\/?page_id=1871"},"modified":"2025-09-26T20:13:07","modified_gmt":"2025-09-26T20:13:07","slug":"ernela-lipo-dentist","status":"publish","type":"page","link":"https:\/\/www.radiance.al\/en\/ernela-lipo-dentist\/","title":{"rendered":"Ernela Lipo"},"content":{"rendered":"\t\t<div data-elementor-type=\"wp-page\" data-elementor-id=\"1871\" class=\"elementor elementor-1871\">\n\t\t\t\t<div class=\"elementor-element elementor-element-ee91e83 e-flex e-con-boxed e-con e-parent\" data-id=\"ee91e83\" data-element_type=\"container\" data-e-type=\"container\">\n\t\t\t\t\t<div class=\"e-con-inner\">\n\t\t<div class=\"elementor-element elementor-element-de1a327 e-con-full sticky-box e-flex e-con e-child\" data-id=\"de1a327\" data-element_type=\"container\" data-e-type=\"container\">\n\t\t\t\t<div class=\"elementor-element elementor-element-6863b4b elementor-widget elementor-widget-image\" data-id=\"6863b4b\" data-element_type=\"widget\" data-e-type=\"widget\" data-widget_type=\"image.default\">\n\t\t\t\t<div class=\"elementor-widget-container\">\n\t\t\t\t\t\t\t\t\t\t\t\t\t\t\t<img fetchpriority=\"high\" decoding=\"async\" width=\"300\" height=\"319\" src=\"https:\/\/www.radiance.al\/wp-content\/uploads\/2025\/05\/cjd.png\" class=\"attachment-full size-full wp-image-1691\" alt=\"d\" srcset=\"https:\/\/www.radiance.al\/wp-content\/uploads\/2025\/05\/cjd.png 300w, https:\/\/www.radiance.al\/wp-content\/uploads\/2025\/05\/cjd-282x300.png 282w\" sizes=\"(max-width: 300px) 100vw, 300px\" \/>\t\t\t\t\t\t\t\t\t\t\t\t\t\t\t<\/div>\n\t\t\t\t<\/div>\n\t\t\t\t<div class=\"elementor-element elementor-element-588ccfc elementor-widget elementor-widget-heading\" data-id=\"588ccfc\" data-element_type=\"widget\" data-e-type=\"widget\" data-widget_type=\"heading.default\">\n\t\t\t\t<div class=\"elementor-widget-container\">\n\t\t\t\t\t<h2 class=\"elementor-heading-title elementor-size-default\">Dr. Ernela Lipo\n<\/h2>\t\t\t\t<\/div>\n\t\t\t\t<\/div>\n\t\t\t\t<div class=\"elementor-element elementor-element-aaa8cb0 elementor-widget elementor-widget-text-editor\" data-id=\"aaa8cb0\" data-element_type=\"widget\" data-e-type=\"widget\" data-widget_type=\"text-editor.default\">\n\t\t\t\t<div class=\"elementor-widget-container\">\n\t\t\t\t\t\t\t\t\t<p>Dentist<\/p>\t\t\t\t\t\t\t\t<\/div>\n\t\t\t\t<\/div>\n\t\t\t\t<\/div>\n\t\t<div class=\"elementor-element elementor-element-5dcaccd e-con-full e-flex e-con e-child\" data-id=\"5dcaccd\" data-element_type=\"container\" data-e-type=\"container\">\n\t\t\t\t<div class=\"elementor-element elementor-element-a780d28 elementor-widget elementor-widget-heading\" data-id=\"a780d28\" data-element_type=\"widget\" data-e-type=\"widget\" data-widget_type=\"heading.default\">\n\t\t\t\t<div class=\"elementor-widget-container\">\n\t\t\t\t\t<h2 class=\"elementor-heading-title elementor-size-default\">Personal Information<\/h2>\t\t\t\t<\/div>\n\t\t\t\t<\/div>\n\t\t\t\t<div class=\"elementor-element elementor-element-faa783e elementor-widget elementor-widget-text-editor\" data-id=\"faa783e\" data-element_type=\"widget\" data-e-type=\"widget\" data-widget_type=\"text-editor.default\">\n\t\t\t\t<div class=\"elementor-widget-container\">\n\t\t\t\t\t\t\t\t\t<p>Name and Surname: Ernela Lipo<br \/>Nationality: Albanian<br \/>Languages spoken: Albanian (native), Italian, English<\/p><p>Education: Degree in Dentistry \u2013 Aldent University<br \/>Specializations: Conservative therapy, prosthetics<\/p><p>Experience: Dentist with clinical experience in various branches of dentistry\u00a0<\/p>\t\t\t\t\t\t\t\t<\/div>\n\t\t\t\t<\/div>\n\t\t\t\t<div class=\"elementor-element elementor-element-3735ac8 elementor-widget elementor-widget-spacer\" data-id=\"3735ac8\" data-element_type=\"widget\" data-e-type=\"widget\" data-widget_type=\"spacer.default\">\n\t\t\t\t<div class=\"elementor-widget-container\">\n\t\t\t\t\t\t\t<div class=\"elementor-spacer\">\n\t\t\t<div class=\"elementor-spacer-inner\"><\/div>\n\t\t<\/div>\n\t\t\t\t\t\t<\/div>\n\t\t\t\t<\/div>\n\t\t\t\t<div class=\"elementor-element elementor-element-bb93b3a elementor-widget elementor-widget-heading\" data-id=\"bb93b3a\" data-element_type=\"widget\" data-e-type=\"widget\" data-widget_type=\"heading.default\">\n\t\t\t\t<div class=\"elementor-widget-container\">\n\t\t\t\t\t<h2 class=\"elementor-heading-title elementor-size-default\">Professional Profile<\/h2>\t\t\t\t<\/div>\n\t\t\t\t<\/div>\n\t\t\t\t<div class=\"elementor-element elementor-element-c5dd6d0 elementor-widget elementor-widget-text-editor\" data-id=\"c5dd6d0\" data-element_type=\"widget\" data-e-type=\"widget\" data-widget_type=\"text-editor.default\">\n\t\t\t\t<div class=\"elementor-widget-container\">\n\t\t\t\t\t\t\t\t\t<p>Dr. Ernela Lipo is a dentist trained at Aldent University, with a solid academic and clinical background. Her skills span numerous areas of dentistry, including conservative therapy and prosthetics, allowing her to offer personalized and comprehensive care for each patient.<\/p><p><br \/>Throughout her professional career, she has demonstrated a strong commitment to patient care, with particular attention to well-being, listening and effective communication. Her ability to interact with international patients, thanks to her mastery of Italian and English, makes her an essential figure within the Radiance Dental Hospital team.<\/p><p>\u00a0<\/p><p>Her daily dedication, passion for the profession and collaborative spirit with the medical team complete her professional profile, ensuring high standards of quality and care.<\/p>\t\t\t\t\t\t\t\t<\/div>\n\t\t\t\t<\/div>\n\t\t\t\t<div class=\"elementor-element elementor-element-c7eca24 elementor-widget elementor-widget-spacer\" data-id=\"c7eca24\" data-element_type=\"widget\" data-e-type=\"widget\" data-widget_type=\"spacer.default\">\n\t\t\t\t<div class=\"elementor-widget-container\">\n\t\t\t\t\t\t\t<div class=\"elementor-spacer\">\n\t\t\t<div class=\"elementor-spacer-inner\"><\/div>\n\t\t<\/div>\n\t\t\t\t\t\t<\/div>\n\t\t\t\t<\/div>\n\t\t\t\t<div class=\"elementor-element elementor-element-d5f4d37 elementor-widget elementor-widget-heading\" data-id=\"d5f4d37\" data-element_type=\"widget\" data-e-type=\"widget\" data-widget_type=\"heading.default\">\n\t\t\t\t<div class=\"elementor-widget-container\">\n\t\t\t\t\t<h2 class=\"elementor-heading-title elementor-size-default\">Professional Experience<\/h2>\t\t\t\t<\/div>\n\t\t\t\t<\/div>\n\t\t\t\t<div class=\"elementor-element elementor-element-5e18c30 elementor-widget elementor-widget-text-editor\" data-id=\"5e18c30\" data-element_type=\"widget\" data-e-type=\"widget\" data-widget_type=\"text-editor.default\">\n\t\t\t\t<div class=\"elementor-widget-container\">\n\t\t\t\t\t\t\t\t\t<p>Radiance Dental Hospital \u2013 Tirana<\/p>\t\t\t\t\t\t\t\t<\/div>\n\t\t\t\t<\/div>\n\t\t\t\t<div class=\"elementor-element elementor-element-e2f80e0 elementor-widget elementor-widget-text-editor\" data-id=\"e2f80e0\" data-element_type=\"widget\" data-e-type=\"widget\" data-widget_type=\"text-editor.default\">\n\t\t\t\t<div class=\"elementor-widget-container\">\n\t\t\t\t\t\t\t\t\t<p>Dentist<\/p>\t\t\t\t\t\t\t\t<\/div>\n\t\t\t\t<\/div>\n\t\t\t\t<div class=\"elementor-element elementor-element-b938fd8 elementor-widget elementor-widget-text-editor\" data-id=\"b938fd8\" data-element_type=\"widget\" data-e-type=\"widget\" data-widget_type=\"text-editor.default\">\n\t\t\t\t<div class=\"elementor-widget-container\">\n\t\t\t\t\t\t\t\t\t<p>\u2022 Conservative and prosthetic dentistry treatments<br \/>\u2022 Communication with Italian and international patients<br \/>\u2022 Active participation in the management of treatment plans<br \/>\u2022 Multidisciplinary collaboration with the clinical team<\/p>\t\t\t\t\t\t\t\t<\/div>\n\t\t\t\t<\/div>\n\t\t\t\t<div class=\"elementor-element elementor-element-56064fc elementor-widget elementor-widget-heading\" data-id=\"56064fc\" data-element_type=\"widget\" data-e-type=\"widget\" data-widget_type=\"heading.default\">\n\t\t\t\t<div class=\"elementor-widget-container\">\n\t\t\t\t\t<h2 class=\"elementor-heading-title elementor-size-default\">Academic Education<\/h2>\t\t\t\t<\/div>\n\t\t\t\t<\/div>\n\t\t\t\t<div class=\"elementor-element elementor-element-e9077e0 elementor-widget elementor-widget-text-editor\" data-id=\"e9077e0\" data-element_type=\"widget\" data-e-type=\"widget\" data-widget_type=\"text-editor.default\">\n\t\t\t\t<div class=\"elementor-widget-container\">\n\t\t\t\t\t\t\t\t\t<p>Degree in Dentistry<\/p>\t\t\t\t\t\t\t\t<\/div>\n\t\t\t\t<\/div>\n\t\t\t\t<div class=\"elementor-element elementor-element-620ab81 elementor-widget elementor-widget-text-editor\" data-id=\"620ab81\" data-element_type=\"widget\" data-e-type=\"widget\" data-widget_type=\"text-editor.default\">\n\t\t\t\t<div class=\"elementor-widget-container\">\n\t\t\t\t\t\t\t\t\t<p>Aldent University \u2013 Tirana<\/p>\t\t\t\t\t\t\t\t<\/div>\n\t\t\t\t<\/div>\n\t\t\t\t<\/div>\n\t\t\t\t\t<\/div>\n\t\t\t\t<\/div>\n\t\t\t\t<\/div>\n\t\t","protected":false},"excerpt":{"rendered":"<p>Dr. Ernela Lipo Dentist Personal Information Name and Surname: Ernela LipoNationality: AlbanianLanguages spoken: Albanian (native), Italian, English Education: Degree in Dentistry \u2013 Aldent UniversitySpecializations: Conservative therapy, prosthetics Experience: Dentist with clinical experience in various branches of dentistry\u00a0 Professional Profile Dr. Ernela Lipo is a dentist trained at Aldent University, with [&hellip;]<\/p>\n","protected":false},"author":1,"featured_media":0,"parent":0,"menu_order":0,"comment_status":"closed","ping_status":"closed","template":"elementor_header_footer","meta":{"_acf_changed":false,"footnotes":""},"class_list":["post-1871","page","type-page","status-publish","hentry"],"acf":[],"yoast_head":"<!-- This site is optimized with the Yoast SEO Premium plugin v27.4 (Yoast SEO v27.4) - https:\/\/yoast.com\/product\/yoast-seo-premium-wordpress\/ -->\n<title>Ernela Lipo Dentist Albania \u2013 Radiance Dental Hospital<\/title>\n<meta name=\"description\" content=\"Dr. Ernela Lipo is a prosthetic dentist, offering expert care at Radiance Dental Hospital to both local and international patients.\" \/>\n<meta name=\"robots\" content=\"index, follow, max-snippet:-1, max-image-preview:large, max-video-preview:-1\" \/>\n<link rel=\"canonical\" href=\"https:\/\/www.radiance.al\/en\/ernela-lipo-dentist\/\" \/>\n<meta property=\"og:locale\" content=\"en_US\" \/>\n<meta property=\"og:type\" content=\"article\" \/>\n<meta property=\"og:title\" content=\"Ernela Lipo\" \/>\n<meta property=\"og:description\" content=\"Dr. Ernela Lipo is a prosthetic dentist, offering expert care at Radiance Dental Hospital to both local and international patients.\" \/>\n<meta property=\"og:url\" content=\"https:\/\/www.radiance.al\/en\/ernela-lipo-dentist\/\" \/>\n<meta property=\"og:site_name\" content=\"RADIANCE.AL\" \/>\n<meta property=\"article:publisher\" content=\"https:\/\/www.instagram.com\/radiance_al\/?hl=en\" \/>\n<meta property=\"article:modified_time\" content=\"2025-09-26T20:13:07+00:00\" \/>\n<meta property=\"og:image\" content=\"https:\/\/www.radiance.al\/wp-content\/uploads\/2025\/05\/cjd.png\" \/>\n\t<meta property=\"og:image:width\" content=\"300\" \/>\n\t<meta property=\"og:image:height\" content=\"319\" \/>\n\t<meta property=\"og:image:type\" content=\"image\/png\" \/>\n<meta name=\"twitter:card\" content=\"summary_large_image\" \/>\n<meta name=\"twitter:label1\" content=\"Est. reading time\" \/>\n\t<meta name=\"twitter:data1\" content=\"2 minutes\" \/>\n<script type=\"application\/ld+json\" class=\"yoast-schema-graph\">{\"@context\":\"https:\\\/\\\/schema.org\",\"@graph\":[{\"@type\":\"WebPage\",\"@id\":\"https:\\\/\\\/www.radiance.al\\\/en\\\/ernela-lipo-dentist\\\/\",\"url\":\"https:\\\/\\\/www.radiance.al\\\/en\\\/ernela-lipo-dentist\\\/\",\"name\":\"Ernela Lipo Dentist Albania \u2013 Radiance Dental Hospital\",\"isPartOf\":{\"@id\":\"https:\\\/\\\/www.radiance.al\\\/en\\\/#website\"},\"primaryImageOfPage\":{\"@id\":\"https:\\\/\\\/www.radiance.al\\\/en\\\/ernela-lipo-dentist\\\/#primaryimage\"},\"image\":{\"@id\":\"https:\\\/\\\/www.radiance.al\\\/en\\\/ernela-lipo-dentist\\\/#primaryimage\"},\"thumbnailUrl\":\"https:\\\/\\\/www.radiance.al\\\/wp-content\\\/uploads\\\/2025\\\/05\\\/cjd.png\",\"datePublished\":\"2025-05-16T11:11:57+00:00\",\"dateModified\":\"2025-09-26T20:13:07+00:00\",\"description\":\"Dr. Ernela Lipo is a prosthetic dentist, offering expert care at Radiance Dental Hospital to both local and international patients.\",\"breadcrumb\":{\"@id\":\"https:\\\/\\\/www.radiance.al\\\/en\\\/ernela-lipo-dentist\\\/#breadcrumb\"},\"inLanguage\":\"en-US\",\"potentialAction\":[{\"@type\":\"ReadAction\",\"target\":[\"https:\\\/\\\/www.radiance.al\\\/en\\\/ernela-lipo-dentist\\\/\"]}]},{\"@type\":\"ImageObject\",\"inLanguage\":\"en-US\",\"@id\":\"https:\\\/\\\/www.radiance.al\\\/en\\\/ernela-lipo-dentist\\\/#primaryimage\",\"url\":\"https:\\\/\\\/www.radiance.al\\\/wp-content\\\/uploads\\\/2025\\\/05\\\/cjd.png\",\"contentUrl\":\"https:\\\/\\\/www.radiance.al\\\/wp-content\\\/uploads\\\/2025\\\/05\\\/cjd.png\"},{\"@type\":\"BreadcrumbList\",\"@id\":\"https:\\\/\\\/www.radiance.al\\\/en\\\/ernela-lipo-dentist\\\/#breadcrumb\",\"itemListElement\":[{\"@type\":\"ListItem\",\"position\":1,\"name\":\"Home\",\"item\":\"https:\\\/\\\/www.radiance.al\\\/en\\\/\"},{\"@type\":\"ListItem\",\"position\":2,\"name\":\"Ernela Lipo\"}]},{\"@type\":\"WebSite\",\"@id\":\"https:\\\/\\\/www.radiance.al\\\/en\\\/#website\",\"url\":\"https:\\\/\\\/www.radiance.al\\\/en\\\/\",\"name\":\"RADIANCE.AL\",\"description\":\"RADIANCE DENTAL HOSPITAL\",\"publisher\":{\"@id\":\"https:\\\/\\\/www.radiance.al\\\/en\\\/#organization\"},\"potentialAction\":[{\"@type\":\"SearchAction\",\"target\":{\"@type\":\"EntryPoint\",\"urlTemplate\":\"https:\\\/\\\/www.radiance.al\\\/en\\\/?s={search_term_string}\"},\"query-input\":{\"@type\":\"PropertyValueSpecification\",\"valueRequired\":true,\"valueName\":\"search_term_string\"}}],\"inLanguage\":\"en-US\"},{\"@type\":\"Organization\",\"@id\":\"https:\\\/\\\/www.radiance.al\\\/en\\\/#organization\",\"name\":\"RADIANCE.AL\",\"alternateName\":\"Radiance Dental Hospital\",\"url\":\"https:\\\/\\\/www.radiance.al\\\/en\\\/\",\"logo\":{\"@type\":\"ImageObject\",\"inLanguage\":\"en-US\",\"@id\":\"https:\\\/\\\/www.radiance.al\\\/en\\\/#\\\/schema\\\/logo\\\/image\\\/\",\"url\":\"https:\\\/\\\/www.radiance.al\\\/wp-content\\\/uploads\\\/2025\\\/05\\\/faviconn.jpeg\",\"contentUrl\":\"https:\\\/\\\/www.radiance.al\\\/wp-content\\\/uploads\\\/2025\\\/05\\\/faviconn.jpeg\",\"width\":48,\"height\":48,\"caption\":\"RADIANCE.AL\"},\"image\":{\"@id\":\"https:\\\/\\\/www.radiance.al\\\/en\\\/#\\\/schema\\\/logo\\\/image\\\/\"},\"sameAs\":[\"https:\\\/\\\/www.instagram.com\\\/radiance_al\\\/?hl=en\"],\"description\":\"\\\"Radiance Dental Hospital n\u00eb Shqip\u00ebri: spital dentar modern me teknologji 3D, implantologji, estetik\u00eb dhe specialist\u00eb me mbi 15 vite p\u00ebrvoj\u00eb. Prenoto konsult\u00ebn falas!\\\"\",\"email\":\"info@radiance.al\",\"telephone\":\"+355694799949\",\"legalName\":\"Radiance Dental Hospital\",\"foundingDate\":\"2025-03-18\",\"numberOfEmployees\":{\"@type\":\"QuantitativeValue\",\"minValue\":\"11\",\"maxValue\":\"50\"}}]}<\/script>\n<!-- \/ Yoast SEO Premium plugin. -->","yoast_head_json":{"title":"Ernela Lipo Dentist Albania \u2013 Radiance Dental Hospital","description":"Dr. Ernela Lipo is a prosthetic dentist, offering expert care at Radiance Dental Hospital to both local and international patients.","robots":{"index":"index","follow":"follow","max-snippet":"max-snippet:-1","max-image-preview":"max-image-preview:large","max-video-preview":"max-video-preview:-1"},"canonical":"https:\/\/www.radiance.al\/en\/ernela-lipo-dentist\/","og_locale":"en_US","og_type":"article","og_title":"Ernela Lipo","og_description":"Dr. Ernela Lipo is a prosthetic dentist, offering expert care at Radiance Dental Hospital to both local and international patients.","og_url":"https:\/\/www.radiance.al\/en\/ernela-lipo-dentist\/","og_site_name":"RADIANCE.AL","article_publisher":"https:\/\/www.instagram.com\/radiance_al\/?hl=en","article_modified_time":"2025-09-26T20:13:07+00:00","og_image":[{"width":300,"height":319,"url":"https:\/\/www.radiance.al\/wp-content\/uploads\/2025\/05\/cjd.png","type":"image\/png"}],"twitter_card":"summary_large_image","twitter_misc":{"Est. reading time":"2 minutes"},"schema":{"@context":"https:\/\/schema.org","@graph":[{"@type":"WebPage","@id":"https:\/\/www.radiance.al\/en\/ernela-lipo-dentist\/","url":"https:\/\/www.radiance.al\/en\/ernela-lipo-dentist\/","name":"Ernela Lipo Dentist Albania \u2013 Radiance Dental Hospital","isPartOf":{"@id":"https:\/\/www.radiance.al\/en\/#website"},"primaryImageOfPage":{"@id":"https:\/\/www.radiance.al\/en\/ernela-lipo-dentist\/#primaryimage"},"image":{"@id":"https:\/\/www.radiance.al\/en\/ernela-lipo-dentist\/#primaryimage"},"thumbnailUrl":"https:\/\/www.radiance.al\/wp-content\/uploads\/2025\/05\/cjd.png","datePublished":"2025-05-16T11:11:57+00:00","dateModified":"2025-09-26T20:13:07+00:00","description":"Dr. Ernela Lipo is a prosthetic dentist, offering expert care at Radiance Dental Hospital to both local and international patients.","breadcrumb":{"@id":"https:\/\/www.radiance.al\/en\/ernela-lipo-dentist\/#breadcrumb"},"inLanguage":"en-US","potentialAction":[{"@type":"ReadAction","target":["https:\/\/www.radiance.al\/en\/ernela-lipo-dentist\/"]}]},{"@type":"ImageObject","inLanguage":"en-US","@id":"https:\/\/www.radiance.al\/en\/ernela-lipo-dentist\/#primaryimage","url":"https:\/\/www.radiance.al\/wp-content\/uploads\/2025\/05\/cjd.png","contentUrl":"https:\/\/www.radiance.al\/wp-content\/uploads\/2025\/05\/cjd.png"},{"@type":"BreadcrumbList","@id":"https:\/\/www.radiance.al\/en\/ernela-lipo-dentist\/#breadcrumb","itemListElement":[{"@type":"ListItem","position":1,"name":"Home","item":"https:\/\/www.radiance.al\/en\/"},{"@type":"ListItem","position":2,"name":"Ernela Lipo"}]},{"@type":"WebSite","@id":"https:\/\/www.radiance.al\/en\/#website","url":"https:\/\/www.radiance.al\/en\/","name":"RADIANCE.AL","description":"RADIANCE DENTAL HOSPITAL","publisher":{"@id":"https:\/\/www.radiance.al\/en\/#organization"},"potentialAction":[{"@type":"SearchAction","target":{"@type":"EntryPoint","urlTemplate":"https:\/\/www.radiance.al\/en\/?s={search_term_string}"},"query-input":{"@type":"PropertyValueSpecification","valueRequired":true,"valueName":"search_term_string"}}],"inLanguage":"en-US"},{"@type":"Organization","@id":"https:\/\/www.radiance.al\/en\/#organization","name":"RADIANCE.AL","alternateName":"Radiance Dental Hospital","url":"https:\/\/www.radiance.al\/en\/","logo":{"@type":"ImageObject","inLanguage":"en-US","@id":"https:\/\/www.radiance.al\/en\/#\/schema\/logo\/image\/","url":"https:\/\/www.radiance.al\/wp-content\/uploads\/2025\/05\/faviconn.jpeg","contentUrl":"https:\/\/www.radiance.al\/wp-content\/uploads\/2025\/05\/faviconn.jpeg","width":48,"height":48,"caption":"RADIANCE.AL"},"image":{"@id":"https:\/\/www.radiance.al\/en\/#\/schema\/logo\/image\/"},"sameAs":["https:\/\/www.instagram.com\/radiance_al\/?hl=en"],"description":"\"Radiance Dental Hospital n\u00eb Shqip\u00ebri: spital dentar modern me teknologji 3D, implantologji, estetik\u00eb dhe specialist\u00eb me mbi 15 vite p\u00ebrvoj\u00eb. Prenoto konsult\u00ebn falas!\"","email":"info@radiance.al","telephone":"+355694799949","legalName":"Radiance Dental Hospital","foundingDate":"2025-03-18","numberOfEmployees":{"@type":"QuantitativeValue","minValue":"11","maxValue":"50"}}]}},"_links":{"self":[{"href":"https:\/\/www.radiance.al\/en\/wp-json\/wp\/v2\/pages\/1871","targetHints":{"allow":["GET"]}}],"collection":[{"href":"https:\/\/www.radiance.al\/en\/wp-json\/wp\/v2\/pages"}],"about":[{"href":"https:\/\/www.radiance.al\/en\/wp-json\/wp\/v2\/types\/page"}],"author":[{"embeddable":true,"href":"https:\/\/www.radiance.al\/en\/wp-json\/wp\/v2\/users\/1"}],"replies":[{"embeddable":true,"href":"https:\/\/www.radiance.al\/en\/wp-json\/wp\/v2\/comments?post=1871"}],"version-history":[{"count":3,"href":"https:\/\/www.radiance.al\/en\/wp-json\/wp\/v2\/pages\/1871\/revisions"}],"predecessor-version":[{"id":9206,"href":"https:\/\/www.radiance.al\/en\/wp-json\/wp\/v2\/pages\/1871\/revisions\/9206"}],"wp:attachment":[{"href":"https:\/\/www.radiance.al\/en\/wp-json\/wp\/v2\/media?parent=1871"}],"curies":[{"name":"wp","href":"https:\/\/api.w.org\/{rel}","templated":true}]}}