{"id":7239,"date":"2025-06-30T09:27:17","date_gmt":"2025-06-30T09:27:17","guid":{"rendered":"https:\/\/www.radiance.al\/dental-implants\/all-on-6-2\/"},"modified":"2025-10-06T09:27:34","modified_gmt":"2025-10-06T09:27:34","slug":"all-on-6","status":"publish","type":"page","link":"https:\/\/www.radiance.al\/en\/dental-implants\/all-on-6\/","title":{"rendered":"All on 6"},"content":{"rendered":"\t\t<div data-elementor-type=\"wp-page\" data-elementor-id=\"7239\" class=\"elementor elementor-7239 elementor-6197\">\n\t\t\t\t<div class=\"elementor-element elementor-element-e5d9eaf e-con-full e-flex e-con e-parent\" data-id=\"e5d9eaf\" data-element_type=\"container\" data-e-type=\"container\">\n\t\t<div class=\"elementor-element elementor-element-dfcc58b e-con-full e-flex e-con e-child\" data-id=\"dfcc58b\" data-element_type=\"container\" data-e-type=\"container\">\n\t\t\t\t<div class=\"elementor-element elementor-element-2d3355d elementor-widget__width-initial elementor-widget-mobile__width-inherit elementor-widget elementor-widget-html\" data-id=\"2d3355d\" data-element_type=\"widget\" data-e-type=\"widget\" data-widget_type=\"html.default\">\n\t\t\t\t<div class=\"elementor-widget-container\">\n\t\t\t\t\t<video id=\"my_hls_video\" autoplay=\"\" muted=\"\" loop=\"\" playsinline=\"\" style=\"width:100%;height:auto;\"><\/video>\r\n<script src=\"https:\/\/cdn.jsdelivr.net\/npm\/hls.js@latest\"><\/script>\r\n<script>\r\n  var video = document.getElementById('my_hls_video');\r\n  var videoSrc = 'https:\/\/vz-eb18f8bd-faa.b-cdn.net\/6b6e2c6f-625b-4627-881b-ec24ee1ac7cd\/playlist.m3u8';\r\n\r\n  if (video.canPlayType('application\/vnd.apple.mpegurl')) {\r\n    \/\/ Native HLS support (Safari, iOS)\r\n    video.src = videoSrc;\r\n  } else if (Hls.isSupported()) {\r\n    \/\/ hls.js for other browsers (Chrome, Firefox, Edge)\r\n    var hls = new Hls();\r\n    hls.loadSource(videoSrc);\r\n    hls.attachMedia(video);\r\n  } else {\r\n    \/\/ HLS not supported in this browser\r\n    video.outerHTML = '<p>Your browser does not support HLS playback.<\/p>';\r\n  }\r\n<\/script>\t\t\t\t<\/div>\n\t\t\t\t<\/div>\n\t\t\t\t<\/div>\n\t\t<div class=\"elementor-element elementor-element-a0b0bd9 e-con-full e-flex e-con e-child\" data-id=\"a0b0bd9\" data-element_type=\"container\" data-e-type=\"container\">\n\t\t\t\t<div class=\"elementor-element elementor-element-ec71167 elementor-widget elementor-widget-heading\" data-id=\"ec71167\" data-element_type=\"widget\" data-e-type=\"widget\" data-widget_type=\"heading.default\">\n\t\t\t\t<div class=\"elementor-widget-container\">\n\t\t\t\t\t<h1 class=\"elementor-heading-title elementor-size-default\">All on 6<\/h1>\t\t\t\t<\/div>\n\t\t\t\t<\/div>\n\t\t\t\t<div class=\"elementor-element elementor-element-522e339 elementor-widget elementor-widget-text-editor\" data-id=\"522e339\" data-element_type=\"widget\" data-e-type=\"widget\" data-widget_type=\"text-editor.default\">\n\t\t\t\t<div class=\"elementor-widget-container\">\n\t\t\t\t\t\t\t\t\t<p><span style=\"font-weight: 400;\">The technique <\/span><b>All-on-6<\/b><span style=\"font-weight: 400;\"> is an advanced implantology treatment that allows to <\/span><b>replace all the teeth in an arch<\/b><span style=\"font-weight: 400;\"> with a fixed prosthesis supported by <\/span><b>six dental implants<\/b><span style=\"font-weight: 400;\">  strategically placed. An ideal choice for those who wish to   <\/span><b>Maximum stability, durability and an impeccable aesthetic result<\/b><span style=\"font-weight: 400;\">.<\/span><\/p>\t\t\t\t\t\t\t\t<\/div>\n\t\t\t\t<\/div>\n\t\t\t\t<div class=\"elementor-element elementor-element-88132a9 elementor-widget-divider--view-line elementor-widget elementor-widget-divider\" data-id=\"88132a9\" data-element_type=\"widget\" data-e-type=\"widget\" data-widget_type=\"divider.default\">\n\t\t\t\t<div class=\"elementor-widget-container\">\n\t\t\t\t\t\t\t<div class=\"elementor-divider\">\n\t\t\t<span class=\"elementor-divider-separator\">\n\t\t\t\t\t\t<\/span>\n\t\t<\/div>\n\t\t\t\t\t\t<\/div>\n\t\t\t\t<\/div>\n\t\t\t\t<div class=\"elementor-element elementor-element-85fc93b elementor-widget elementor-widget-heading\" data-id=\"85fc93b\" data-element_type=\"widget\" data-e-type=\"widget\" data-widget_type=\"heading.default\">\n\t\t\t\t<div class=\"elementor-widget-container\">\n\t\t\t\t\t<h2 class=\"elementor-heading-title elementor-size-default\"><b>Superior stability and optimal load distribution<\/b><\/h2>\t\t\t\t<\/div>\n\t\t\t\t<\/div>\n\t\t\t\t<div class=\"elementor-element elementor-element-cbb9a21 elementor-widget elementor-widget-text-editor\" data-id=\"cbb9a21\" data-element_type=\"widget\" data-e-type=\"widget\" data-widget_type=\"text-editor.default\">\n\t\t\t\t<div class=\"elementor-widget-container\">\n\t\t\t\t\t\t\t\t\t<p><span style=\"font-weight: 400;\">The insertion of <strong>six implants<\/strong> provides even <strong>stronger support<\/strong> for the prosthesis, which is also perfect for patients with <strong>greater bone loss<\/strong> or <strong>complex functional needs<\/strong>.<\/span><\/p>\t\t\t\t\t\t\t\t<\/div>\n\t\t\t\t<\/div>\n\t\t\t\t<div class=\"elementor-element elementor-element-cb33c40 elementor-widget elementor-widget-spacer\" data-id=\"cb33c40\" data-element_type=\"widget\" data-e-type=\"widget\" data-widget_type=\"spacer.default\">\n\t\t\t\t<div class=\"elementor-widget-container\">\n\t\t\t\t\t\t\t<div class=\"elementor-spacer\">\n\t\t\t<div class=\"elementor-spacer-inner\"><\/div>\n\t\t<\/div>\n\t\t\t\t\t\t<\/div>\n\t\t\t\t<\/div>\n\t\t\t\t<div class=\"elementor-element elementor-element-f4f7f77 elementor-widget elementor-widget-heading\" data-id=\"f4f7f77\" data-element_type=\"widget\" data-e-type=\"widget\" data-widget_type=\"heading.default\">\n\t\t\t\t<div class=\"elementor-widget-container\">\n\t\t\t\t\t<h2 class=\"elementor-heading-title elementor-size-default\"><b>Excellent and natural aesthetics<b \/><\/h2>\t\t\t\t<\/div>\n\t\t\t\t<\/div>\n\t\t\t\t<div class=\"elementor-element elementor-element-ee42000 elementor-widget elementor-widget-text-editor\" data-id=\"ee42000\" data-element_type=\"widget\" data-e-type=\"widget\" data-widget_type=\"text-editor.default\">\n\t\t\t\t<div class=\"elementor-widget-container\">\n\t\t\t\t\t\t\t\t\t<span style=\"font-weight: 400;\"><b>Fixed dentures<\/b> are <strong>custom-made<\/strong> to fit your face perfectly, providing a <b>beautiful, harmonious<\/b> and <b>natural-looking smile.<\/b><\/span>\t\t\t\t\t\t\t\t<\/div>\n\t\t\t\t<\/div>\n\t\t\t\t<div class=\"elementor-element elementor-element-8a391bc elementor-widget elementor-widget-spacer\" data-id=\"8a391bc\" data-element_type=\"widget\" data-e-type=\"widget\" data-widget_type=\"spacer.default\">\n\t\t\t\t<div class=\"elementor-widget-container\">\n\t\t\t\t\t\t\t<div class=\"elementor-spacer\">\n\t\t\t<div class=\"elementor-spacer-inner\"><\/div>\n\t\t<\/div>\n\t\t\t\t\t\t<\/div>\n\t\t\t\t<\/div>\n\t\t\t\t<div class=\"elementor-element elementor-element-e5b543b elementor-widget elementor-widget-heading\" data-id=\"e5b543b\" data-element_type=\"widget\" data-e-type=\"widget\" data-widget_type=\"heading.default\">\n\t\t\t\t<div class=\"elementor-widget-container\">\n\t\t\t\t\t<h2 class=\"elementor-heading-title elementor-size-default\"><b>Increased durability<b \/><\/h2>\t\t\t\t<\/div>\n\t\t\t\t<\/div>\n\t\t\t\t<div class=\"elementor-element elementor-element-79d625e elementor-widget elementor-widget-text-editor\" data-id=\"79d625e\" data-element_type=\"widget\" data-e-type=\"widget\" data-widget_type=\"text-editor.default\">\n\t\t\t\t<div class=\"elementor-widget-container\">\n\t\t\t\t\t\t\t\t\t<p><span style=\"font-weight: 400;\">The <strong>masticatory load<\/strong> is distributed more evenly, reducing <strong>wear and tear<\/strong> and increasing the <strong>longevity<\/strong> of the <strong>implant and prosthesis<\/strong>.<\/span><\/p>\t\t\t\t\t\t\t\t<\/div>\n\t\t\t\t<\/div>\n\t\t\t\t<div class=\"elementor-element elementor-element-f8551ae elementor-widget elementor-widget-spacer\" data-id=\"f8551ae\" data-element_type=\"widget\" data-e-type=\"widget\" data-widget_type=\"spacer.default\">\n\t\t\t\t<div class=\"elementor-widget-container\">\n\t\t\t\t\t\t\t<div class=\"elementor-spacer\">\n\t\t\t<div class=\"elementor-spacer-inner\"><\/div>\n\t\t<\/div>\n\t\t\t\t\t\t<\/div>\n\t\t\t\t<\/div>\n\t\t\t\t<div class=\"elementor-element elementor-element-81b082b elementor-widget elementor-widget-heading\" data-id=\"81b082b\" data-element_type=\"widget\" data-e-type=\"widget\" data-widget_type=\"heading.default\">\n\t\t\t\t<div class=\"elementor-widget-container\">\n\t\t\t\t\t<h2 class=\"elementor-heading-title elementor-size-default\"><b>Also suitable for complex cases<b \/><\/h2>\t\t\t\t<\/div>\n\t\t\t\t<\/div>\n\t\t\t\t<div class=\"elementor-element elementor-element-b6d4ea3 elementor-widget elementor-widget-text-editor\" data-id=\"b6d4ea3\" data-element_type=\"widget\" data-e-type=\"widget\" data-widget_type=\"text-editor.default\">\n\t\t\t\t<div class=\"elementor-widget-container\">\n\t\t\t\t\t\t\t\t\t<p><span style=\"font-weight: 400;\">All-on-6 is also indicated for patients with total edentulism and <\/span><b>moderate levels of bone resorption<\/b><span style=\"font-weight: 400;\">, offering a viable alternative to grafts.<\/span><\/p>\t\t\t\t\t\t\t\t<\/div>\n\t\t\t\t<\/div>\n\t\t\t\t<div class=\"elementor-element elementor-element-998a786 elementor-widget elementor-widget-spacer\" data-id=\"998a786\" data-element_type=\"widget\" data-e-type=\"widget\" data-widget_type=\"spacer.default\">\n\t\t\t\t<div class=\"elementor-widget-container\">\n\t\t\t\t\t\t\t<div class=\"elementor-spacer\">\n\t\t\t<div class=\"elementor-spacer-inner\"><\/div>\n\t\t<\/div>\n\t\t\t\t\t\t<\/div>\n\t\t\t\t<\/div>\n\t\t\t\t<\/div>\n\t\t\t\t<\/div>\n\t\t<div class=\"elementor-element elementor-element-b29bbf4 e-flex e-con-boxed e-con e-parent\" data-id=\"b29bbf4\" data-element_type=\"container\" data-e-type=\"container\">\n\t\t\t\t\t<div class=\"e-con-inner\">\n\t\t\t\t<div class=\"elementor-element elementor-element-5b8bee2 elementor-align-center elementor-widget elementor-widget-button\" data-id=\"5b8bee2\" data-element_type=\"widget\" data-e-type=\"widget\" data-widget_type=\"button.default\">\n\t\t\t\t<div class=\"elementor-widget-container\">\n\t\t\t\t\t\t\t\t\t<div class=\"elementor-button-wrapper\">\n\t\t\t\t\t<a class=\"elementor-button elementor-button-link elementor-size-sm\" href=\"https:\/\/www.radiance.al\/en\/contatto\/\">\n\t\t\t\t\t\t<span class=\"elementor-button-content-wrapper\">\n\t\t\t\t\t\t\t\t\t<span class=\"elementor-button-text\">Free visit<\/span>\n\t\t\t\t\t<\/span>\n\t\t\t\t\t<\/a>\n\t\t\t\t<\/div>\n\t\t\t\t\t\t\t\t<\/div>\n\t\t\t\t<\/div>\n\t\t\t\t<div class=\"elementor-element elementor-element-892299e elementor-widget elementor-widget-spacer\" data-id=\"892299e\" data-element_type=\"widget\" data-e-type=\"widget\" data-widget_type=\"spacer.default\">\n\t\t\t\t<div class=\"elementor-widget-container\">\n\t\t\t\t\t\t\t<div class=\"elementor-spacer\">\n\t\t\t<div class=\"elementor-spacer-inner\"><\/div>\n\t\t<\/div>\n\t\t\t\t\t\t<\/div>\n\t\t\t\t<\/div>\n\t\t\t\t\t<\/div>\n\t\t\t\t<\/div>\n\t\t\t\t<\/div>\n\t\t","protected":false},"excerpt":{"rendered":"<p>All on 6 The technique All-on-6 is an advanced implantology treatment that allows to replace all the teeth in an arch with a fixed prosthesis supported by six dental implants strategically placed. An ideal choice for those who wish to Maximum stability, durability and an impeccable aesthetic result. Superior stability [&hellip;]<\/p>\n","protected":false},"author":4,"featured_media":5103,"parent":7773,"menu_order":1,"comment_status":"closed","ping_status":"closed","template":"elementor_header_footer","meta":{"_acf_changed":false,"footnotes":""},"class_list":["post-7239","page","type-page","status-publish","has-post-thumbnail","hentry"],"acf":[],"yoast_head":"<!-- This site is optimized with the Yoast SEO Premium plugin v27.4 (Yoast SEO v27.4) - https:\/\/yoast.com\/product\/yoast-seo-premium-wordpress\/ -->\n<title>All-on-6 - 6 implants for a fixed smile at Radiance<\/title>\n<meta name=\"description\" content=\"All-on-6 Tirana: restore your smile with 6 implants for full-arch support. Fast, safe treatment with fixed teeth.\" \/>\n<meta name=\"robots\" content=\"index, follow, max-snippet:-1, max-image-preview:large, max-video-preview:-1\" \/>\n<link rel=\"canonical\" href=\"https:\/\/www.radiance.al\/en\/dental-implants\/all-on-6\/\" \/>\n<meta property=\"og:locale\" content=\"en_US\" \/>\n<meta property=\"og:type\" content=\"article\" \/>\n<meta property=\"og:title\" content=\"All-on-4 in Tirana - fixed solution with 4 dental implants\" \/>\n<meta property=\"og:description\" content=\"Radiance Dental offers the All-on-4: full arch with only 4 implants, advanced technology, natural results and international patient packages.\" \/>\n<meta property=\"og:url\" content=\"https:\/\/www.radiance.al\/en\/dental-implants\/all-on-6\/\" \/>\n<meta property=\"og:site_name\" content=\"RADIANCE.AL\" \/>\n<meta property=\"article:publisher\" content=\"https:\/\/www.instagram.com\/radiance_al\/?hl=en\" \/>\n<meta property=\"article:modified_time\" content=\"2025-10-06T09:27:34+00:00\" \/>\n<meta property=\"og:image\" content=\"https:\/\/www.radiance.al\/wp-content\/uploads\/2025\/06\/All-on-4-Impianti-Dentali.png\" \/>\n\t<meta property=\"og:image:width\" content=\"1080\" \/>\n\t<meta property=\"og:image:height\" content=\"1080\" \/>\n\t<meta property=\"og:image:type\" content=\"image\/png\" \/>\n<meta name=\"twitter:card\" content=\"summary_large_image\" \/>\n<meta name=\"twitter:title\" content=\"All-on-4 in Tirana - 4 implants for a fixed smile at Radiance\" \/>\n<meta name=\"twitter:description\" content=\"Only 4 implants for a complete and stable arch. Discover All-on-4 at Radiance Dental Tirana: advanced technology and all-inclusive package.\" \/>\n<meta name=\"twitter:label1\" content=\"Est. reading time\" \/>\n\t<meta name=\"twitter:data1\" content=\"1 minute\" \/>\n<script type=\"application\/ld+json\" class=\"yoast-schema-graph\">{\"@context\":\"https:\\\/\\\/schema.org\",\"@graph\":[{\"@type\":\"WebPage\",\"@id\":\"https:\\\/\\\/www.radiance.al\\\/en\\\/dental-implants\\\/all-on-6\\\/\",\"url\":\"https:\\\/\\\/www.radiance.al\\\/en\\\/dental-implants\\\/all-on-6\\\/\",\"name\":\"All-on-6 - 6 implants for a fixed smile at Radiance\",\"isPartOf\":{\"@id\":\"https:\\\/\\\/www.radiance.al\\\/en\\\/#website\"},\"primaryImageOfPage\":{\"@id\":\"https:\\\/\\\/www.radiance.al\\\/en\\\/dental-implants\\\/all-on-6\\\/#primaryimage\"},\"image\":{\"@id\":\"https:\\\/\\\/www.radiance.al\\\/en\\\/dental-implants\\\/all-on-6\\\/#primaryimage\"},\"thumbnailUrl\":\"https:\\\/\\\/www.radiance.al\\\/wp-content\\\/uploads\\\/2025\\\/06\\\/All-on-4-Impianti-Dentali.png\",\"datePublished\":\"2025-06-30T09:27:17+00:00\",\"dateModified\":\"2025-10-06T09:27:34+00:00\",\"description\":\"All-on-6 Tirana: restore your smile with 6 implants for full-arch support. Fast, safe treatment with fixed teeth.\",\"breadcrumb\":{\"@id\":\"https:\\\/\\\/www.radiance.al\\\/en\\\/dental-implants\\\/all-on-6\\\/#breadcrumb\"},\"inLanguage\":\"en-US\",\"potentialAction\":[{\"@type\":\"ReadAction\",\"target\":[\"https:\\\/\\\/www.radiance.al\\\/en\\\/dental-implants\\\/all-on-6\\\/\"]}]},{\"@type\":\"ImageObject\",\"inLanguage\":\"en-US\",\"@id\":\"https:\\\/\\\/www.radiance.al\\\/en\\\/dental-implants\\\/all-on-6\\\/#primaryimage\",\"url\":\"https:\\\/\\\/www.radiance.al\\\/wp-content\\\/uploads\\\/2025\\\/06\\\/All-on-4-Impianti-Dentali.png\",\"contentUrl\":\"https:\\\/\\\/www.radiance.al\\\/wp-content\\\/uploads\\\/2025\\\/06\\\/All-on-4-Impianti-Dentali.png\",\"width\":1080,\"height\":1080,\"caption\":\"Sorridi di nuovo con 12 impianti premium e 24 corone full zirconio \u2013 tutto incluso con Radiance Dental Hospital!\"},{\"@type\":\"BreadcrumbList\",\"@id\":\"https:\\\/\\\/www.radiance.al\\\/en\\\/dental-implants\\\/all-on-6\\\/#breadcrumb\",\"itemListElement\":[{\"@type\":\"ListItem\",\"position\":1,\"name\":\"Home\",\"item\":\"https:\\\/\\\/www.radiance.al\\\/en\\\/\"},{\"@type\":\"ListItem\",\"position\":2,\"name\":\"Dental implants\",\"item\":\"https:\\\/\\\/www.radiance.al\\\/en\\\/dental-implants\\\/\"},{\"@type\":\"ListItem\",\"position\":3,\"name\":\"All on 6\"}]},{\"@type\":\"WebSite\",\"@id\":\"https:\\\/\\\/www.radiance.al\\\/en\\\/#website\",\"url\":\"https:\\\/\\\/www.radiance.al\\\/en\\\/\",\"name\":\"RADIANCE.AL\",\"description\":\"RADIANCE DENTAL HOSPITAL\",\"publisher\":{\"@id\":\"https:\\\/\\\/www.radiance.al\\\/en\\\/#organization\"},\"potentialAction\":[{\"@type\":\"SearchAction\",\"target\":{\"@type\":\"EntryPoint\",\"urlTemplate\":\"https:\\\/\\\/www.radiance.al\\\/en\\\/?s={search_term_string}\"},\"query-input\":{\"@type\":\"PropertyValueSpecification\",\"valueRequired\":true,\"valueName\":\"search_term_string\"}}],\"inLanguage\":\"en-US\"},{\"@type\":\"Organization\",\"@id\":\"https:\\\/\\\/www.radiance.al\\\/en\\\/#organization\",\"name\":\"RADIANCE.AL\",\"alternateName\":\"Radiance Dental Hospital\",\"url\":\"https:\\\/\\\/www.radiance.al\\\/en\\\/\",\"logo\":{\"@type\":\"ImageObject\",\"inLanguage\":\"en-US\",\"@id\":\"https:\\\/\\\/www.radiance.al\\\/en\\\/#\\\/schema\\\/logo\\\/image\\\/\",\"url\":\"https:\\\/\\\/www.radiance.al\\\/wp-content\\\/uploads\\\/2025\\\/05\\\/faviconn.jpeg\",\"contentUrl\":\"https:\\\/\\\/www.radiance.al\\\/wp-content\\\/uploads\\\/2025\\\/05\\\/faviconn.jpeg\",\"width\":48,\"height\":48,\"caption\":\"RADIANCE.AL\"},\"image\":{\"@id\":\"https:\\\/\\\/www.radiance.al\\\/en\\\/#\\\/schema\\\/logo\\\/image\\\/\"},\"sameAs\":[\"https:\\\/\\\/www.instagram.com\\\/radiance_al\\\/?hl=en\"],\"description\":\"\\\"Radiance Dental Hospital n\u00eb Shqip\u00ebri: spital dentar modern me teknologji 3D, implantologji, estetik\u00eb dhe specialist\u00eb me mbi 15 vite p\u00ebrvoj\u00eb. Prenoto konsult\u00ebn falas!\\\"\",\"email\":\"info@radiance.al\",\"telephone\":\"+355694799949\",\"legalName\":\"Radiance Dental Hospital\",\"foundingDate\":\"2025-03-18\",\"numberOfEmployees\":{\"@type\":\"QuantitativeValue\",\"minValue\":\"11\",\"maxValue\":\"50\"}}]}<\/script>\n<!-- \/ Yoast SEO Premium plugin. -->","yoast_head_json":{"title":"All-on-6 - 6 implants for a fixed smile at Radiance","description":"All-on-6 Tirana: restore your smile with 6 implants for full-arch support. Fast, safe treatment with fixed teeth.","robots":{"index":"index","follow":"follow","max-snippet":"max-snippet:-1","max-image-preview":"max-image-preview:large","max-video-preview":"max-video-preview:-1"},"canonical":"https:\/\/www.radiance.al\/en\/dental-implants\/all-on-6\/","og_locale":"en_US","og_type":"article","og_title":"All-on-4 in Tirana - fixed solution with 4 dental implants","og_description":"Radiance Dental offers the All-on-4: full arch with only 4 implants, advanced technology, natural results and international patient packages.","og_url":"https:\/\/www.radiance.al\/en\/dental-implants\/all-on-6\/","og_site_name":"RADIANCE.AL","article_publisher":"https:\/\/www.instagram.com\/radiance_al\/?hl=en","article_modified_time":"2025-10-06T09:27:34+00:00","og_image":[{"width":1080,"height":1080,"url":"https:\/\/www.radiance.al\/wp-content\/uploads\/2025\/06\/All-on-4-Impianti-Dentali.png","type":"image\/png"}],"twitter_card":"summary_large_image","twitter_title":"All-on-4 in Tirana - 4 implants for a fixed smile at Radiance","twitter_description":"Only 4 implants for a complete and stable arch. Discover All-on-4 at Radiance Dental Tirana: advanced technology and all-inclusive package.","twitter_misc":{"Est. reading time":"1 minute"},"schema":{"@context":"https:\/\/schema.org","@graph":[{"@type":"WebPage","@id":"https:\/\/www.radiance.al\/en\/dental-implants\/all-on-6\/","url":"https:\/\/www.radiance.al\/en\/dental-implants\/all-on-6\/","name":"All-on-6 - 6 implants for a fixed smile at Radiance","isPartOf":{"@id":"https:\/\/www.radiance.al\/en\/#website"},"primaryImageOfPage":{"@id":"https:\/\/www.radiance.al\/en\/dental-implants\/all-on-6\/#primaryimage"},"image":{"@id":"https:\/\/www.radiance.al\/en\/dental-implants\/all-on-6\/#primaryimage"},"thumbnailUrl":"https:\/\/www.radiance.al\/wp-content\/uploads\/2025\/06\/All-on-4-Impianti-Dentali.png","datePublished":"2025-06-30T09:27:17+00:00","dateModified":"2025-10-06T09:27:34+00:00","description":"All-on-6 Tirana: restore your smile with 6 implants for full-arch support. Fast, safe treatment with fixed teeth.","breadcrumb":{"@id":"https:\/\/www.radiance.al\/en\/dental-implants\/all-on-6\/#breadcrumb"},"inLanguage":"en-US","potentialAction":[{"@type":"ReadAction","target":["https:\/\/www.radiance.al\/en\/dental-implants\/all-on-6\/"]}]},{"@type":"ImageObject","inLanguage":"en-US","@id":"https:\/\/www.radiance.al\/en\/dental-implants\/all-on-6\/#primaryimage","url":"https:\/\/www.radiance.al\/wp-content\/uploads\/2025\/06\/All-on-4-Impianti-Dentali.png","contentUrl":"https:\/\/www.radiance.al\/wp-content\/uploads\/2025\/06\/All-on-4-Impianti-Dentali.png","width":1080,"height":1080,"caption":"Sorridi di nuovo con 12 impianti premium e 24 corone full zirconio \u2013 tutto incluso con Radiance Dental Hospital!"},{"@type":"BreadcrumbList","@id":"https:\/\/www.radiance.al\/en\/dental-implants\/all-on-6\/#breadcrumb","itemListElement":[{"@type":"ListItem","position":1,"name":"Home","item":"https:\/\/www.radiance.al\/en\/"},{"@type":"ListItem","position":2,"name":"Dental implants","item":"https:\/\/www.radiance.al\/en\/dental-implants\/"},{"@type":"ListItem","position":3,"name":"All on 6"}]},{"@type":"WebSite","@id":"https:\/\/www.radiance.al\/en\/#website","url":"https:\/\/www.radiance.al\/en\/","name":"RADIANCE.AL","description":"RADIANCE DENTAL HOSPITAL","publisher":{"@id":"https:\/\/www.radiance.al\/en\/#organization"},"potentialAction":[{"@type":"SearchAction","target":{"@type":"EntryPoint","urlTemplate":"https:\/\/www.radiance.al\/en\/?s={search_term_string}"},"query-input":{"@type":"PropertyValueSpecification","valueRequired":true,"valueName":"search_term_string"}}],"inLanguage":"en-US"},{"@type":"Organization","@id":"https:\/\/www.radiance.al\/en\/#organization","name":"RADIANCE.AL","alternateName":"Radiance Dental Hospital","url":"https:\/\/www.radiance.al\/en\/","logo":{"@type":"ImageObject","inLanguage":"en-US","@id":"https:\/\/www.radiance.al\/en\/#\/schema\/logo\/image\/","url":"https:\/\/www.radiance.al\/wp-content\/uploads\/2025\/05\/faviconn.jpeg","contentUrl":"https:\/\/www.radiance.al\/wp-content\/uploads\/2025\/05\/faviconn.jpeg","width":48,"height":48,"caption":"RADIANCE.AL"},"image":{"@id":"https:\/\/www.radiance.al\/en\/#\/schema\/logo\/image\/"},"sameAs":["https:\/\/www.instagram.com\/radiance_al\/?hl=en"],"description":"\"Radiance Dental Hospital n\u00eb Shqip\u00ebri: spital dentar modern me teknologji 3D, implantologji, estetik\u00eb dhe specialist\u00eb me mbi 15 vite p\u00ebrvoj\u00eb. Prenoto konsult\u00ebn falas!\"","email":"info@radiance.al","telephone":"+355694799949","legalName":"Radiance Dental Hospital","foundingDate":"2025-03-18","numberOfEmployees":{"@type":"QuantitativeValue","minValue":"11","maxValue":"50"}}]}},"_links":{"self":[{"href":"https:\/\/www.radiance.al\/en\/wp-json\/wp\/v2\/pages\/7239","targetHints":{"allow":["GET"]}}],"collection":[{"href":"https:\/\/www.radiance.al\/en\/wp-json\/wp\/v2\/pages"}],"about":[{"href":"https:\/\/www.radiance.al\/en\/wp-json\/wp\/v2\/types\/page"}],"author":[{"embeddable":true,"href":"https:\/\/www.radiance.al\/en\/wp-json\/wp\/v2\/users\/4"}],"replies":[{"embeddable":true,"href":"https:\/\/www.radiance.al\/en\/wp-json\/wp\/v2\/comments?post=7239"}],"version-history":[{"count":3,"href":"https:\/\/www.radiance.al\/en\/wp-json\/wp\/v2\/pages\/7239\/revisions"}],"predecessor-version":[{"id":10368,"href":"https:\/\/www.radiance.al\/en\/wp-json\/wp\/v2\/pages\/7239\/revisions\/10368"}],"up":[{"embeddable":true,"href":"https:\/\/www.radiance.al\/en\/wp-json\/wp\/v2\/pages\/7773"}],"wp:featuredmedia":[{"embeddable":true,"href":"https:\/\/www.radiance.al\/en\/wp-json\/wp\/v2\/media\/5103"}],"wp:attachment":[{"href":"https:\/\/www.radiance.al\/en\/wp-json\/wp\/v2\/media?parent=7239"}],"curies":[{"name":"wp","href":"https:\/\/api.w.org\/{rel}","templated":true}]}}