{"id":11890,"date":"2025-06-12T13:32:47","date_gmt":"2025-06-12T13:32:47","guid":{"rendered":"https:\/\/www.radiance.al\/zigomatica\/"},"modified":"2026-04-21T18:53:19","modified_gmt":"2026-04-21T18:53:19","slug":"zigomatica","status":"publish","type":"page","link":"https:\/\/www.radiance.al\/es\/zigomatica\/","title":{"rendered":"Zigom\u00e1tica"},"content":{"rendered":"\t\t<div data-elementor-type=\"wp-page\" data-elementor-id=\"11890\" class=\"elementor elementor-11890 elementor-4881\">\n\t\t\t\t<div class=\"elementor-element elementor-element-e5d9eaf e-con-full e-flex e-con e-parent\" data-id=\"e5d9eaf\" data-element_type=\"container\" data-e-type=\"container\">\n\t\t<div class=\"elementor-element elementor-element-dfcc58b e-con-full e-flex e-con e-child\" data-id=\"dfcc58b\" data-element_type=\"container\" data-e-type=\"container\">\n\t\t\t\t<div class=\"elementor-element elementor-element-0a847e3 elementor-widget elementor-widget-html\" data-id=\"0a847e3\" data-element_type=\"widget\" data-e-type=\"widget\" data-widget_type=\"html.default\">\n\t\t\t\t<div class=\"elementor-widget-container\">\n\t\t\t\t\t<video id=\"my_hls_video\" autoplay=\"\" muted=\"\" loop=\"\" playsinline=\"\" style=\"width:100%;height:auto;\"><\/video>\r\n<script src=\"https:\/\/cdn.jsdelivr.net\/npm\/hls.js@latest\"><\/script>\r\n<script>\r\n  var video = document.getElementById('my_hls_video');\r\n  var videoSrc = 'https:\/\/vz-eb18f8bd-faa.b-cdn.net\/fb50dbe1-d512-4971-afdc-724aa7853eae\/playlist.m3u8';\r\n\r\n  if (video.canPlayType('application\/vnd.apple.mpegurl')) {\r\n    \/\/ Native HLS support (Safari, iOS)\r\n    video.src = videoSrc;\r\n  } else if (Hls.isSupported()) {\r\n    \/\/ hls.js for other browsers (Chrome, Firefox, Edge)\r\n    var hls = new Hls();\r\n    hls.loadSource(videoSrc);\r\n    hls.attachMedia(video);\r\n  } else {\r\n    \/\/ HLS not supported in this browser\r\n    video.outerHTML = '<p>Your browser does not support HLS playback.<\/p>';\r\n  }\r\n<\/script>\t\t\t\t<\/div>\n\t\t\t\t<\/div>\n\t\t\t\t<\/div>\n\t\t<div class=\"elementor-element elementor-element-a0b0bd9 e-con-full e-flex e-con e-child\" data-id=\"a0b0bd9\" data-element_type=\"container\" data-e-type=\"container\">\n\t\t\t\t<div class=\"elementor-element elementor-element-ec71167 elementor-widget elementor-widget-heading\" data-id=\"ec71167\" data-element_type=\"widget\" data-e-type=\"widget\" data-widget_type=\"heading.default\">\n\t\t\t\t<div class=\"elementor-widget-container\">\n\t\t\t\t\t<h1 class=\"elementor-heading-title elementor-size-default\">Implantes cigom\u00e1ticos\n<\/h1>\t\t\t\t<\/div>\n\t\t\t\t<\/div>\n\t\t\t\t<div class=\"elementor-element elementor-element-522e339 elementor-widget elementor-widget-text-editor\" data-id=\"522e339\" data-element_type=\"widget\" data-e-type=\"widget\" data-widget_type=\"text-editor.default\">\n\t\t\t\t<div class=\"elementor-widget-container\">\n\t\t\t\t\t\t\t\t\t<p><span style=\"font-weight: 400;\">Te han dicho que <\/span><b>no tienes suficiente hueso para recibir implantes dentales<\/b><span style=\"font-weight: 400;\">? En   <\/span><strong>implantes<\/strong><b> implantes cigom\u00e1ticos<\/b><span style=\"font-weight: 400;\"> son la soluci\u00f3n m\u00e1s innovadora y segura para quienes padecen <\/span><b>reabsorci\u00f3n \u00f3sea grave en el maxilar superior<\/b><span style=\"font-weight: 400;\">.<\/span><\/p><p><span style=\"font-weight: 400;\">Esta t\u00e9cnica avanzada permite <\/span><b>rehabilitar toda una arcada dental sin utilizar injertos \u00f3seos<\/b><span style=\"font-weight: 400;\">ofreciendo un resultado fijo, estable y est\u00e9ticamente excelente.<\/span><\/p>\t\t\t\t\t\t\t\t<\/div>\n\t\t\t\t<\/div>\n\t\t\t\t<div class=\"elementor-element elementor-element-b70b862 elementor-widget-divider--view-line elementor-widget elementor-widget-divider\" data-id=\"b70b862\" data-element_type=\"widget\" data-e-type=\"widget\" data-widget_type=\"divider.default\">\n\t\t\t\t<div class=\"elementor-widget-container\">\n\t\t\t\t\t\t\t<div class=\"elementor-divider\">\n\t\t\t<span class=\"elementor-divider-separator\">\n\t\t\t\t\t\t<\/span>\n\t\t<\/div>\n\t\t\t\t\t\t<\/div>\n\t\t\t\t<\/div>\n\t\t\t\t<div class=\"elementor-element elementor-element-85fc93b elementor-widget elementor-widget-heading\" data-id=\"85fc93b\" data-element_type=\"widget\" data-e-type=\"widget\" data-widget_type=\"heading.default\">\n\t\t\t\t<div class=\"elementor-widget-container\">\n\t\t\t\t\t<h2 class=\"elementor-heading-title elementor-size-default\"><b>Soluci\u00f3n ideal incluso en casos complejos<\/b><\/h2>\t\t\t\t<\/div>\n\t\t\t\t<\/div>\n\t\t\t\t<div class=\"elementor-element elementor-element-cbb9a21 elementor-widget elementor-widget-text-editor\" data-id=\"cbb9a21\" data-element_type=\"widget\" data-e-type=\"widget\" data-widget_type=\"text-editor.default\">\n\t\t\t\t<div class=\"elementor-widget-container\">\n\t\t\t\t\t\t\t\t\t<p><span style=\"font-weight: 400;\">Permiten la inserci\u00f3n de una <\/span><b>pr\u00f3tesis fija<\/b><span style=\"font-weight: 400;\"> incluso cuando <\/span><b>el hueso maxilar<\/b><span style=\"font-weight: 400;\">el hueso maxilar es demasiado pobre para<\/span><b> implantes<\/b><span style=\"font-weight: 400;\"> implantes tradicionales.<\/span><\/p>\t\t\t\t\t\t\t\t<\/div>\n\t\t\t\t<\/div>\n\t\t\t\t<div class=\"elementor-element elementor-element-cb33c40 elementor-widget elementor-widget-spacer\" data-id=\"cb33c40\" data-element_type=\"widget\" data-e-type=\"widget\" data-widget_type=\"spacer.default\">\n\t\t\t\t<div class=\"elementor-widget-container\">\n\t\t\t\t\t\t\t<div class=\"elementor-spacer\">\n\t\t\t<div class=\"elementor-spacer-inner\"><\/div>\n\t\t<\/div>\n\t\t\t\t\t\t<\/div>\n\t\t\t\t<\/div>\n\t\t\t\t<div class=\"elementor-element elementor-element-f4f7f77 elementor-widget elementor-widget-heading\" data-id=\"f4f7f77\" data-element_type=\"widget\" data-e-type=\"widget\" data-widget_type=\"heading.default\">\n\t\t\t\t<div class=\"elementor-widget-container\">\n\t\t\t\t\t<h2 class=\"elementor-heading-title elementor-size-default\"><b>Anclaje seguro al p\u00f3mulo<\/b><\/h2>\t\t\t\t<\/div>\n\t\t\t\t<\/div>\n\t\t\t\t<div class=\"elementor-element elementor-element-ee42000 elementor-widget elementor-widget-text-editor\" data-id=\"ee42000\" data-element_type=\"widget\" data-e-type=\"widget\" data-widget_type=\"text-editor.default\">\n\t\t\t\t<div class=\"elementor-widget-container\">\n\t\t\t\t\t\t\t\t\t<p><span style=\"font-weight: 400;\">Los implantes se fijan directamente al<\/span><b>hueso cigom\u00e1tico<\/b><span style=\"font-weight: 400;\">garantizando <\/span><b>estabilidad y durabilidad inmediatas<\/b><span style=\"font-weight: 400;\">.<\/span><\/p>\t\t\t\t\t\t\t\t<\/div>\n\t\t\t\t<\/div>\n\t\t\t\t<div class=\"elementor-element elementor-element-8a391bc elementor-widget elementor-widget-spacer\" data-id=\"8a391bc\" data-element_type=\"widget\" data-e-type=\"widget\" data-widget_type=\"spacer.default\">\n\t\t\t\t<div class=\"elementor-widget-container\">\n\t\t\t\t\t\t\t<div class=\"elementor-spacer\">\n\t\t\t<div class=\"elementor-spacer-inner\"><\/div>\n\t\t<\/div>\n\t\t\t\t\t\t<\/div>\n\t\t\t\t<\/div>\n\t\t\t\t<div class=\"elementor-element elementor-element-e5b543b elementor-widget elementor-widget-heading\" data-id=\"e5b543b\" data-element_type=\"widget\" data-e-type=\"widget\" data-widget_type=\"heading.default\">\n\t\t\t\t<div class=\"elementor-widget-container\">\n\t\t\t\t\t<h2 class=\"elementor-heading-title elementor-size-default\"><b>Est\u00e9tica y funcionalidad \u00f3ptimas<\/b><\/h2>\t\t\t\t<\/div>\n\t\t\t\t<\/div>\n\t\t\t\t<div class=\"elementor-element elementor-element-79d625e elementor-widget elementor-widget-text-editor\" data-id=\"79d625e\" data-element_type=\"widget\" data-e-type=\"widget\" data-widget_type=\"text-editor.default\">\n\t\t\t\t<div class=\"elementor-widget-container\">\n\t\t\t\t\t\t\t\t\t<p><span style=\"font-weight: 400;\">Gracias a <\/span><b>pr\u00f3tesis personalizadas y planificaci\u00f3n digital<\/b><span style=\"font-weight: 400;\">puedes recuperar una sonrisa natural, bella y totalmente funcional.<\/span><\/p>\t\t\t\t\t\t\t\t<\/div>\n\t\t\t\t<\/div>\n\t\t\t\t<div class=\"elementor-element elementor-element-998a786 elementor-widget elementor-widget-spacer\" data-id=\"998a786\" data-element_type=\"widget\" data-e-type=\"widget\" data-widget_type=\"spacer.default\">\n\t\t\t\t<div class=\"elementor-widget-container\">\n\t\t\t\t\t\t\t<div class=\"elementor-spacer\">\n\t\t\t<div class=\"elementor-spacer-inner\"><\/div>\n\t\t<\/div>\n\t\t\t\t\t\t<\/div>\n\t\t\t\t<\/div>\n\t\t\t\t<div class=\"elementor-element elementor-element-d7b2f7f elementor-widget elementor-widget-heading\" data-id=\"d7b2f7f\" data-element_type=\"widget\" data-e-type=\"widget\" data-widget_type=\"heading.default\">\n\t\t\t\t<div class=\"elementor-widget-container\">\n\t\t\t\t\t<h2 class=\"elementor-heading-title elementor-size-default\"><b>Intervenci\u00f3n m\u00ednimamente invasiva<\/b><\/h2>\t\t\t\t<\/div>\n\t\t\t\t<\/div>\n\t\t\t\t<div class=\"elementor-element elementor-element-6a68c50 elementor-widget elementor-widget-text-editor\" data-id=\"6a68c50\" data-element_type=\"widget\" data-e-type=\"widget\" data-widget_type=\"text-editor.default\">\n\t\t\t\t<div class=\"elementor-widget-container\">\n\t\t\t\t\t\t\t\t\t<p><span style=\"font-weight: 400;\">Con t\u00e9cnicas modernas y <\/span><b>cirug\u00eda guiada,<\/b><span style=\"font-weight: 400;\"> la cirug\u00eda es precisa, con tiempos de recuperaci\u00f3n m\u00e1s r\u00e1pidos que los m\u00e9todos tradicionales.<\/span><\/p>\t\t\t\t\t\t\t\t<\/div>\n\t\t\t\t<\/div>\n\t\t\t\t<div class=\"elementor-element elementor-element-4779eaa elementor-widget elementor-widget-spacer\" data-id=\"4779eaa\" data-element_type=\"widget\" data-e-type=\"widget\" data-widget_type=\"spacer.default\">\n\t\t\t\t<div class=\"elementor-widget-container\">\n\t\t\t\t\t\t\t<div class=\"elementor-spacer\">\n\t\t\t<div class=\"elementor-spacer-inner\"><\/div>\n\t\t<\/div>\n\t\t\t\t\t\t<\/div>\n\t\t\t\t<\/div>\n\t\t\t\t<div class=\"elementor-element elementor-element-fcdeb7e elementor-widget elementor-widget-heading\" data-id=\"fcdeb7e\" data-element_type=\"widget\" data-e-type=\"widget\" data-widget_type=\"heading.default\">\n\t\t\t\t<div class=\"elementor-widget-container\">\n\t\t\t\t\t<h2 class=\"elementor-heading-title elementor-size-default\"><b>No m\u00e1s pr\u00f3tesis m\u00f3viles<\/b><\/h2>\t\t\t\t<\/div>\n\t\t\t\t<\/div>\n\t\t\t\t<div class=\"elementor-element elementor-element-b7ffbbf elementor-widget elementor-widget-text-editor\" data-id=\"b7ffbbf\" data-element_type=\"widget\" data-e-type=\"widget\" data-widget_type=\"text-editor.default\">\n\t\t\t\t<div class=\"elementor-widget-container\">\n\t\t\t\t\t\t\t\t\t<p><span style=\"font-weight: 400;\">Olv\u00eddate de la incomodidad de las dentaduras postizas: con los <\/span><b>implantes cigom\u00e1ticos<\/b><span style=\"font-weight: 400;\"> volver\u00e1s a <\/span><b>comer, hablar y sonre\u00edr con confianza<\/b><span style=\"font-weight: 400;\">.<\/span><\/p>\t\t\t\t\t\t\t\t<\/div>\n\t\t\t\t<\/div>\n\t\t\t\t<div class=\"elementor-element elementor-element-c6b2fc8 elementor-widget elementor-widget-spacer\" data-id=\"c6b2fc8\" data-element_type=\"widget\" data-e-type=\"widget\" data-widget_type=\"spacer.default\">\n\t\t\t\t<div class=\"elementor-widget-container\">\n\t\t\t\t\t\t\t<div class=\"elementor-spacer\">\n\t\t\t<div class=\"elementor-spacer-inner\"><\/div>\n\t\t<\/div>\n\t\t\t\t\t\t<\/div>\n\t\t\t\t<\/div>\n\t\t\t\t<div class=\"elementor-element elementor-element-19e2c0f elementor-widget elementor-widget-spacer\" data-id=\"19e2c0f\" data-element_type=\"widget\" data-e-type=\"widget\" data-widget_type=\"spacer.default\">\n\t\t\t\t<div class=\"elementor-widget-container\">\n\t\t\t\t\t\t\t<div class=\"elementor-spacer\">\n\t\t\t<div class=\"elementor-spacer-inner\"><\/div>\n\t\t<\/div>\n\t\t\t\t\t\t<\/div>\n\t\t\t\t<\/div>\n\t\t\t\t<div class=\"elementor-element elementor-element-0b605c1 elementor-widget elementor-widget-spacer\" data-id=\"0b605c1\" data-element_type=\"widget\" data-e-type=\"widget\" data-widget_type=\"spacer.default\">\n\t\t\t\t<div class=\"elementor-widget-container\">\n\t\t\t\t\t\t\t<div class=\"elementor-spacer\">\n\t\t\t<div class=\"elementor-spacer-inner\"><\/div>\n\t\t<\/div>\n\t\t\t\t\t\t<\/div>\n\t\t\t\t<\/div>\n\t\t\t\t<\/div>\n\t\t\t\t<\/div>\n\t\t<div class=\"elementor-element elementor-element-b523df0 e-flex e-con-boxed e-con e-parent\" data-id=\"b523df0\" data-element_type=\"container\" data-e-type=\"container\">\n\t\t\t\t\t<div class=\"e-con-inner\">\n\t\t\t\t<div class=\"elementor-element elementor-element-0f746ba elementor-align-center elementor-widget elementor-widget-button\" data-id=\"0f746ba\" data-element_type=\"widget\" data-e-type=\"widget\" data-widget_type=\"button.default\">\n\t\t\t\t<div class=\"elementor-widget-container\">\n\t\t\t\t\t\t\t\t\t<div class=\"elementor-button-wrapper\">\n\t\t\t\t\t<a class=\"elementor-button elementor-button-link elementor-size-sm\" href=\"https:\/\/www.radiance.al\/contattaci\/\">\n\t\t\t\t\t\t<span class=\"elementor-button-content-wrapper\">\n\t\t\t\t\t\t\t\t\t<span class=\"elementor-button-text\">Visita gratuita<\/span>\n\t\t\t\t\t<\/span>\n\t\t\t\t\t<\/a>\n\t\t\t\t<\/div>\n\t\t\t\t\t\t\t\t<\/div>\n\t\t\t\t<\/div>\n\t\t\t\t<div class=\"elementor-element elementor-element-bb239e9 elementor-widget elementor-widget-spacer\" data-id=\"bb239e9\" data-element_type=\"widget\" data-e-type=\"widget\" data-widget_type=\"spacer.default\">\n\t\t\t\t<div class=\"elementor-widget-container\">\n\t\t\t\t\t\t\t<div class=\"elementor-spacer\">\n\t\t\t<div class=\"elementor-spacer-inner\"><\/div>\n\t\t<\/div>\n\t\t\t\t\t\t<\/div>\n\t\t\t\t<\/div>\n\t\t\t\t\t<\/div>\n\t\t\t\t<\/div>\n\t\t\t\t<\/div>\n\t\t","protected":false},"excerpt":{"rendered":"<p>Implantes cigom\u00e1ticos Te han dicho que no tienes suficiente hueso para recibir implantes dentales? En implantes implantes cigom\u00e1ticos son la soluci\u00f3n m\u00e1s innovadora y segura para quienes padecen reabsorci\u00f3n \u00f3sea grave en el maxilar superior. Esta t\u00e9cnica avanzada permite rehabilitar toda una arcada dental sin utilizar injertos \u00f3seosofreciendo un resultado [&hellip;]<\/p>\n","protected":false},"author":4,"featured_media":0,"parent":0,"menu_order":0,"comment_status":"closed","ping_status":"closed","template":"elementor_header_footer","meta":{"_acf_changed":false,"footnotes":""},"class_list":["post-11890","page","type-page","status-publish","hentry"],"acf":[],"yoast_head":"<!-- This site is optimized with the Yoast SEO Premium plugin v27.4 (Yoast SEO v27.4) - https:\/\/yoast.com\/product\/yoast-seo-premium-wordpress\/ -->\n<title>Implantes cigom\u00e1ticos Tirana: t\u00e9cnica avanzada para casos complejos<\/title>\n<meta name=\"description\" content=\"Descubre los implantes cigom\u00e1ticos en Tirana, ideales para quienes tienen poco hueso. Cirug\u00eda segura y r\u00e1pida. Reserva hoy mismo una consulta gratuita.\" \/>\n<meta name=\"robots\" content=\"index, follow, max-snippet:-1, max-image-preview:large, max-video-preview:-1\" \/>\n<link rel=\"canonical\" href=\"https:\/\/www.radiance.al\/es\/zigomatica\/\" \/>\n<meta property=\"og:locale\" content=\"es_ES\" \/>\n<meta property=\"og:type\" content=\"article\" \/>\n<meta property=\"og:title\" content=\"Implantes cigom\u00e1ticos en Tirana - alternativa estable sin injertos\" \/>\n<meta property=\"og:description\" content=\"\u00bfPacientes con atrofia grave? Los implantes cigom\u00e1ticos ofrecen estabilidad en el maxilar superior sin injertos. Eval\u00faa esta innovadora opci\u00f3n en Radiance Dental.\" \/>\n<meta property=\"og:url\" content=\"https:\/\/www.radiance.al\/es\/zigomatica\/\" \/>\n<meta property=\"og:site_name\" content=\"RADIANCE.AL\" \/>\n<meta property=\"article:publisher\" content=\"https:\/\/www.instagram.com\/radiance_al\/?hl=en\" \/>\n<meta property=\"article:modified_time\" content=\"2026-04-21T18:53:19+00:00\" \/>\n<meta name=\"twitter:card\" content=\"summary_large_image\" \/>\n<meta name=\"twitter:title\" content=\"Implantes cigom\u00e1ticos en Tirana - estabilidad sin injertos \u00f3seos\" \/>\n<meta name=\"twitter:description\" content=\"Soluci\u00f3n para la atrofia maxilar grave: implantes cigom\u00e1ticos con anclaje cigom\u00e1tico, carga inmediata y sin injertos. M\u00e1s informaci\u00f3n en Radiance Dental.\" \/>\n<meta name=\"twitter:label1\" content=\"Tiempo de lectura\" \/>\n\t<meta name=\"twitter:data1\" content=\"1 minuto\" \/>\n<script type=\"application\/ld+json\" class=\"yoast-schema-graph\">{\"@context\":\"https:\\\/\\\/schema.org\",\"@graph\":[{\"@type\":\"WebPage\",\"@id\":\"https:\\\/\\\/www.radiance.al\\\/es\\\/zigomatica\\\/\",\"url\":\"https:\\\/\\\/www.radiance.al\\\/es\\\/zigomatica\\\/\",\"name\":\"Implantes cigom\u00e1ticos Tirana: t\u00e9cnica avanzada para casos complejos\",\"isPartOf\":{\"@id\":\"https:\\\/\\\/www.radiance.al\\\/es\\\/#website\"},\"datePublished\":\"2025-06-12T13:32:47+00:00\",\"dateModified\":\"2026-04-21T18:53:19+00:00\",\"description\":\"Descubre los implantes cigom\u00e1ticos en Tirana, ideales para quienes tienen poco hueso. Cirug\u00eda segura y r\u00e1pida. Reserva hoy mismo una consulta gratuita.\",\"breadcrumb\":{\"@id\":\"https:\\\/\\\/www.radiance.al\\\/es\\\/zigomatica\\\/#breadcrumb\"},\"inLanguage\":\"es\",\"potentialAction\":[{\"@type\":\"ReadAction\",\"target\":[\"https:\\\/\\\/www.radiance.al\\\/es\\\/zigomatica\\\/\"]}]},{\"@type\":\"BreadcrumbList\",\"@id\":\"https:\\\/\\\/www.radiance.al\\\/es\\\/zigomatica\\\/#breadcrumb\",\"itemListElement\":[{\"@type\":\"ListItem\",\"position\":1,\"name\":\"Home\",\"item\":\"https:\\\/\\\/www.radiance.al\\\/es\\\/inicio\\\/\"},{\"@type\":\"ListItem\",\"position\":2,\"name\":\"Zigom\u00e1tica\"}]},{\"@type\":\"WebSite\",\"@id\":\"https:\\\/\\\/www.radiance.al\\\/es\\\/#website\",\"url\":\"https:\\\/\\\/www.radiance.al\\\/es\\\/\",\"name\":\"RADIANCE.AL\",\"description\":\"RADIANCE DENTAL HOSPITAL\",\"publisher\":{\"@id\":\"https:\\\/\\\/www.radiance.al\\\/es\\\/#organization\"},\"potentialAction\":[{\"@type\":\"SearchAction\",\"target\":{\"@type\":\"EntryPoint\",\"urlTemplate\":\"https:\\\/\\\/www.radiance.al\\\/es\\\/?s={search_term_string}\"},\"query-input\":{\"@type\":\"PropertyValueSpecification\",\"valueRequired\":true,\"valueName\":\"search_term_string\"}}],\"inLanguage\":\"es\"},{\"@type\":\"Organization\",\"@id\":\"https:\\\/\\\/www.radiance.al\\\/es\\\/#organization\",\"name\":\"RADIANCE.AL\",\"alternateName\":\"Radiance Dental Hospital\",\"url\":\"https:\\\/\\\/www.radiance.al\\\/es\\\/\",\"logo\":{\"@type\":\"ImageObject\",\"inLanguage\":\"es\",\"@id\":\"https:\\\/\\\/www.radiance.al\\\/es\\\/#\\\/schema\\\/logo\\\/image\\\/\",\"url\":\"https:\\\/\\\/www.radiance.al\\\/wp-content\\\/uploads\\\/2025\\\/05\\\/faviconn.jpeg\",\"contentUrl\":\"https:\\\/\\\/www.radiance.al\\\/wp-content\\\/uploads\\\/2025\\\/05\\\/faviconn.jpeg\",\"width\":48,\"height\":48,\"caption\":\"RADIANCE.AL\"},\"image\":{\"@id\":\"https:\\\/\\\/www.radiance.al\\\/es\\\/#\\\/schema\\\/logo\\\/image\\\/\"},\"sameAs\":[\"https:\\\/\\\/www.instagram.com\\\/radiance_al\\\/?hl=en\"],\"description\":\"\\\"Radiance Dental Hospital n\u00eb Shqip\u00ebri: spital dentar modern me teknologji 3D, implantologji, estetik\u00eb dhe specialist\u00eb me mbi 15 vite p\u00ebrvoj\u00eb. Prenoto konsult\u00ebn falas!\\\"\",\"email\":\"info@radiance.al\",\"telephone\":\"+355694799949\",\"legalName\":\"Radiance Dental Hospital\",\"foundingDate\":\"2025-03-18\",\"numberOfEmployees\":{\"@type\":\"QuantitativeValue\",\"minValue\":\"11\",\"maxValue\":\"50\"}}]}<\/script>\n<!-- \/ Yoast SEO Premium plugin. -->","yoast_head_json":{"title":"Implantes cigom\u00e1ticos Tirana: t\u00e9cnica avanzada para casos complejos","description":"Descubre los implantes cigom\u00e1ticos en Tirana, ideales para quienes tienen poco hueso. Cirug\u00eda segura y r\u00e1pida. Reserva hoy mismo una consulta gratuita.","robots":{"index":"index","follow":"follow","max-snippet":"max-snippet:-1","max-image-preview":"max-image-preview:large","max-video-preview":"max-video-preview:-1"},"canonical":"https:\/\/www.radiance.al\/es\/zigomatica\/","og_locale":"es_ES","og_type":"article","og_title":"Implantes cigom\u00e1ticos en Tirana - alternativa estable sin injertos","og_description":"\u00bfPacientes con atrofia grave? Los implantes cigom\u00e1ticos ofrecen estabilidad en el maxilar superior sin injertos. Eval\u00faa esta innovadora opci\u00f3n en Radiance Dental.","og_url":"https:\/\/www.radiance.al\/es\/zigomatica\/","og_site_name":"RADIANCE.AL","article_publisher":"https:\/\/www.instagram.com\/radiance_al\/?hl=en","article_modified_time":"2026-04-21T18:53:19+00:00","twitter_card":"summary_large_image","twitter_title":"Implantes cigom\u00e1ticos en Tirana - estabilidad sin injertos \u00f3seos","twitter_description":"Soluci\u00f3n para la atrofia maxilar grave: implantes cigom\u00e1ticos con anclaje cigom\u00e1tico, carga inmediata y sin injertos. M\u00e1s informaci\u00f3n en Radiance Dental.","twitter_misc":{"Tiempo de lectura":"1 minuto"},"schema":{"@context":"https:\/\/schema.org","@graph":[{"@type":"WebPage","@id":"https:\/\/www.radiance.al\/es\/zigomatica\/","url":"https:\/\/www.radiance.al\/es\/zigomatica\/","name":"Implantes cigom\u00e1ticos Tirana: t\u00e9cnica avanzada para casos complejos","isPartOf":{"@id":"https:\/\/www.radiance.al\/es\/#website"},"datePublished":"2025-06-12T13:32:47+00:00","dateModified":"2026-04-21T18:53:19+00:00","description":"Descubre los implantes cigom\u00e1ticos en Tirana, ideales para quienes tienen poco hueso. Cirug\u00eda segura y r\u00e1pida. Reserva hoy mismo una consulta gratuita.","breadcrumb":{"@id":"https:\/\/www.radiance.al\/es\/zigomatica\/#breadcrumb"},"inLanguage":"es","potentialAction":[{"@type":"ReadAction","target":["https:\/\/www.radiance.al\/es\/zigomatica\/"]}]},{"@type":"BreadcrumbList","@id":"https:\/\/www.radiance.al\/es\/zigomatica\/#breadcrumb","itemListElement":[{"@type":"ListItem","position":1,"name":"Home","item":"https:\/\/www.radiance.al\/es\/inicio\/"},{"@type":"ListItem","position":2,"name":"Zigom\u00e1tica"}]},{"@type":"WebSite","@id":"https:\/\/www.radiance.al\/es\/#website","url":"https:\/\/www.radiance.al\/es\/","name":"RADIANCE.AL","description":"RADIANCE DENTAL HOSPITAL","publisher":{"@id":"https:\/\/www.radiance.al\/es\/#organization"},"potentialAction":[{"@type":"SearchAction","target":{"@type":"EntryPoint","urlTemplate":"https:\/\/www.radiance.al\/es\/?s={search_term_string}"},"query-input":{"@type":"PropertyValueSpecification","valueRequired":true,"valueName":"search_term_string"}}],"inLanguage":"es"},{"@type":"Organization","@id":"https:\/\/www.radiance.al\/es\/#organization","name":"RADIANCE.AL","alternateName":"Radiance Dental Hospital","url":"https:\/\/www.radiance.al\/es\/","logo":{"@type":"ImageObject","inLanguage":"es","@id":"https:\/\/www.radiance.al\/es\/#\/schema\/logo\/image\/","url":"https:\/\/www.radiance.al\/wp-content\/uploads\/2025\/05\/faviconn.jpeg","contentUrl":"https:\/\/www.radiance.al\/wp-content\/uploads\/2025\/05\/faviconn.jpeg","width":48,"height":48,"caption":"RADIANCE.AL"},"image":{"@id":"https:\/\/www.radiance.al\/es\/#\/schema\/logo\/image\/"},"sameAs":["https:\/\/www.instagram.com\/radiance_al\/?hl=en"],"description":"\"Radiance Dental Hospital n\u00eb Shqip\u00ebri: spital dentar modern me teknologji 3D, implantologji, estetik\u00eb dhe specialist\u00eb me mbi 15 vite p\u00ebrvoj\u00eb. Prenoto konsult\u00ebn falas!\"","email":"info@radiance.al","telephone":"+355694799949","legalName":"Radiance Dental Hospital","foundingDate":"2025-03-18","numberOfEmployees":{"@type":"QuantitativeValue","minValue":"11","maxValue":"50"}}]}},"_links":{"self":[{"href":"https:\/\/www.radiance.al\/es\/wp-json\/wp\/v2\/pages\/11890","targetHints":{"allow":["GET"]}}],"collection":[{"href":"https:\/\/www.radiance.al\/es\/wp-json\/wp\/v2\/pages"}],"about":[{"href":"https:\/\/www.radiance.al\/es\/wp-json\/wp\/v2\/types\/page"}],"author":[{"embeddable":true,"href":"https:\/\/www.radiance.al\/es\/wp-json\/wp\/v2\/users\/4"}],"replies":[{"embeddable":true,"href":"https:\/\/www.radiance.al\/es\/wp-json\/wp\/v2\/comments?post=11890"}],"version-history":[{"count":3,"href":"https:\/\/www.radiance.al\/es\/wp-json\/wp\/v2\/pages\/11890\/revisions"}],"predecessor-version":[{"id":11905,"href":"https:\/\/www.radiance.al\/es\/wp-json\/wp\/v2\/pages\/11890\/revisions\/11905"}],"wp:attachment":[{"href":"https:\/\/www.radiance.al\/es\/wp-json\/wp\/v2\/media?parent=11890"}],"curies":[{"name":"wp","href":"https:\/\/api.w.org\/{rel}","templated":true}]}}