{"id":11908,"date":"2025-10-02T12:20:52","date_gmt":"2025-10-02T12:20:52","guid":{"rendered":"https:\/\/www.radiance.al\/ortodoncia\/"},"modified":"2026-04-21T19:08:59","modified_gmt":"2026-04-21T19:08:59","slug":"ortodoncia","status":"publish","type":"page","link":"https:\/\/www.radiance.al\/es\/ortodoncia\/","title":{"rendered":"Ortodoncia"},"content":{"rendered":"\t\t<div data-elementor-type=\"wp-page\" data-elementor-id=\"11908\" class=\"elementor elementor-11908 elementor-9834\">\n\t\t\t\t<div class=\"elementor-element elementor-element-4671549 e-con-full e-flex e-con e-parent\" data-id=\"4671549\" data-element_type=\"container\" data-e-type=\"container\">\n\t\t<div class=\"elementor-element elementor-element-995d458 e-con-full e-flex e-con e-child\" data-id=\"995d458\" data-element_type=\"container\" data-e-type=\"container\">\n\t\t\t\t<div class=\"elementor-element elementor-element-05fb65b elementor-widget elementor-widget-spacer\" data-id=\"05fb65b\" data-element_type=\"widget\" data-e-type=\"widget\" data-widget_type=\"spacer.default\">\n\t\t\t\t<div class=\"elementor-widget-container\">\n\t\t\t\t\t\t\t<div class=\"elementor-spacer\">\n\t\t\t<div class=\"elementor-spacer-inner\"><\/div>\n\t\t<\/div>\n\t\t\t\t\t\t<\/div>\n\t\t\t\t<\/div>\n\t\t\t\t<div class=\"elementor-element elementor-element-f19e86d elementor-widget elementor-widget-image\" data-id=\"f19e86d\" data-element_type=\"widget\" data-e-type=\"widget\" data-widget_type=\"image.default\">\n\t\t\t\t<div class=\"elementor-widget-container\">\n\t\t\t\t\t\t\t\t\t\t\t\t<figure class=\"wp-caption\">\n\t\t\t\t\t\t\t\t\t\t<img fetchpriority=\"high\" decoding=\"async\" width=\"700\" height=\"875\" src=\"https:\/\/www.radiance.al\/wp-content\/uploads\/2025\/06\/ortodonzia-1.jpg\" class=\"attachment-full size-full wp-image-11906\" alt=\"Alineador ortod\u00f3ncico transparente en aplicaci\u00f3n - tratamiento tambi\u00e9n indicado en presencia de bolsas periodontales, ligera reabsorci\u00f3n \u00f3sea o desalineaciones funcionales\" srcset=\"https:\/\/www.radiance.al\/wp-content\/uploads\/2025\/06\/ortodonzia-1.jpg 700w, https:\/\/www.radiance.al\/wp-content\/uploads\/2025\/06\/ortodonzia-1-240x300.jpg 240w\" sizes=\"(max-width: 700px) 100vw, 700px\" \/>\t\t\t\t\t\t\t\t\t\t\t<figcaption class=\"widget-image-caption wp-caption-text\">Los alineadores transparentes tambi\u00e9n pueden utilizarse en pacientes con signos difusos de periodontitis cr\u00f3nica o ligero descolgamiento de los m\u00e1rgenes alveolares, bajo supervisi\u00f3n cl\u00ednica experta.\n<\/figcaption>\n\t\t\t\t\t\t\t\t\t\t<\/figure>\n\t\t\t\t\t\t\t\t\t<\/div>\n\t\t\t\t<\/div>\n\t\t\t\t<\/div>\n\t\t<div class=\"elementor-element elementor-element-d2c0a24 e-con-full e-flex e-con e-child\" data-id=\"d2c0a24\" data-element_type=\"container\" data-e-type=\"container\">\n\t\t\t\t<div class=\"elementor-element elementor-element-dee8b1f elementor-widget elementor-widget-heading\" data-id=\"dee8b1f\" data-element_type=\"widget\" data-e-type=\"widget\" data-widget_type=\"heading.default\">\n\t\t\t\t<div class=\"elementor-widget-container\">\n\t\t\t\t\t<h1 class=\"elementor-heading-title elementor-size-default\">Ortodoncia <\/h1>\t\t\t\t<\/div>\n\t\t\t\t<\/div>\n\t\t\t\t<div class=\"elementor-element elementor-element-8647591 elementor-widget elementor-widget-text-editor\" data-id=\"8647591\" data-element_type=\"widget\" data-e-type=\"widget\" data-widget_type=\"text-editor.default\">\n\t\t\t\t<div class=\"elementor-widget-container\">\n\t\t\t\t\t\t\t\t\t<p><span style=\"font-weight: 400;\">Los dientes rectos no son s\u00f3lo una cuesti\u00f3n de est\u00e9tica: mejoran <\/span><b>la masticaci\u00f3n, la salud de las enc\u00edas y la postura de la mand\u00edbula<\/b><span style=\"font-weight: 400;\">.<\/span><span style=\"font-weight: 400;\"><br><\/span><span style=\"font-weight: 400;\">Con<\/span><b>ortodoncia moderna<\/b><span style=\"font-weight: 400;\"> de Radiance Dental Hospital puedes conseguir <\/span><b>una sonrisa perfecta<\/b><span style=\"font-weight: 400;\">sin sacrificar la comodidad ni la est\u00e9tica durante el tratamiento.<\/span><\/p>\t\t\t\t\t\t\t\t<\/div>\n\t\t\t\t<\/div>\n\t\t\t\t<div class=\"elementor-element elementor-element-8659c1b elementor-widget-divider--view-line elementor-widget elementor-widget-divider\" data-id=\"8659c1b\" data-element_type=\"widget\" data-e-type=\"widget\" data-widget_type=\"divider.default\">\n\t\t\t\t<div class=\"elementor-widget-container\">\n\t\t\t\t\t\t\t<div class=\"elementor-divider\">\n\t\t\t<span class=\"elementor-divider-separator\">\n\t\t\t\t\t\t<\/span>\n\t\t<\/div>\n\t\t\t\t\t\t<\/div>\n\t\t\t\t<\/div>\n\t\t\t\t<div class=\"elementor-element elementor-element-779288e elementor-widget elementor-widget-heading\" data-id=\"779288e\" data-element_type=\"widget\" data-e-type=\"widget\" data-widget_type=\"heading.default\">\n\t\t\t\t<div class=\"elementor-widget-container\">\n\t\t\t\t\t<h2 class=\"elementor-heading-title elementor-size-default\">Ortodoncia transparente (m\u00e1scaras invisibles)<\/h2>\t\t\t\t<\/div>\n\t\t\t\t<\/div>\n\t\t\t\t<div class=\"elementor-element elementor-element-5d1b5f5 elementor-widget elementor-widget-text-editor\" data-id=\"5d1b5f5\" data-element_type=\"widget\" data-e-type=\"widget\" data-widget_type=\"text-editor.default\">\n\t\t\t\t<div class=\"elementor-widget-container\">\n\t\t\t\t\t\t\t\t\t<p><span style=\"font-weight: 400;\">Alinea los dientes de forma <\/span><b>discreta y c\u00f3moda<\/b><span style=\"font-weight: 400;\">  con m\u00e1scaras transparentes hechas a medida. Ideal para adultos y adolescentes que desean resultados eficaces sin aparatos visibles. <\/span><\/p>\t\t\t\t\t\t\t\t<\/div>\n\t\t\t\t<\/div>\n\t\t\t\t<div class=\"elementor-element elementor-element-439b6ed elementor-widget elementor-widget-spacer\" data-id=\"439b6ed\" data-element_type=\"widget\" data-e-type=\"widget\" data-widget_type=\"spacer.default\">\n\t\t\t\t<div class=\"elementor-widget-container\">\n\t\t\t\t\t\t\t<div class=\"elementor-spacer\">\n\t\t\t<div class=\"elementor-spacer-inner\"><\/div>\n\t\t<\/div>\n\t\t\t\t\t\t<\/div>\n\t\t\t\t<\/div>\n\t\t\t\t<div class=\"elementor-element elementor-element-9393671 elementor-widget elementor-widget-heading\" data-id=\"9393671\" data-element_type=\"widget\" data-e-type=\"widget\" data-widget_type=\"heading.default\">\n\t\t\t\t<div class=\"elementor-widget-container\">\n\t\t\t\t\t<h2 class=\"elementor-heading-title elementor-size-default\">Aparatos fijos tradicionales y est\u00e9ticos<\/h2>\t\t\t\t<\/div>\n\t\t\t\t<\/div>\n\t\t\t\t<div class=\"elementor-element elementor-element-b40942c elementor-widget elementor-widget-text-editor\" data-id=\"b40942c\" data-element_type=\"widget\" data-e-type=\"widget\" data-widget_type=\"text-editor.default\">\n\t\t\t\t<div class=\"elementor-widget-container\">\n\t\t\t\t\t\t\t\t\t<p><span style=\"font-weight: 400;\">Soluciones fiables para movimientos dentales m\u00e1s complejos, tambi\u00e9n disponibles con <\/span><b>aditamentos cer\u00e1micos est\u00e9ticos<\/b><span style=\"font-weight: 400;\">m\u00e1s discretos que los met\u00e1licos.<\/span><\/p>\t\t\t\t\t\t\t\t<\/div>\n\t\t\t\t<\/div>\n\t\t\t\t<div class=\"elementor-element elementor-element-2574e80 elementor-widget elementor-widget-spacer\" data-id=\"2574e80\" data-element_type=\"widget\" data-e-type=\"widget\" data-widget_type=\"spacer.default\">\n\t\t\t\t<div class=\"elementor-widget-container\">\n\t\t\t\t\t\t\t<div class=\"elementor-spacer\">\n\t\t\t<div class=\"elementor-spacer-inner\"><\/div>\n\t\t<\/div>\n\t\t\t\t\t\t<\/div>\n\t\t\t\t<\/div>\n\t\t\t\t<div class=\"elementor-element elementor-element-e9fc9cf elementor-widget elementor-widget-heading\" data-id=\"e9fc9cf\" data-element_type=\"widget\" data-e-type=\"widget\" data-widget_type=\"heading.default\">\n\t\t\t\t<div class=\"elementor-widget-container\">\n\t\t\t\t\t<h2 class=\"elementor-heading-title elementor-size-default\">Ortodoncia interceptiva para ni\u00f1os<\/h2>\t\t\t\t<\/div>\n\t\t\t\t<\/div>\n\t\t\t\t<div class=\"elementor-element elementor-element-4da0430 elementor-widget elementor-widget-text-editor\" data-id=\"4da0430\" data-element_type=\"widget\" data-e-type=\"widget\" data-widget_type=\"text-editor.default\">\n\t\t\t\t<div class=\"elementor-widget-container\">\n\t\t\t\t\t\t\t\t\t<p><span style=\"font-weight: 400;\">Diagn\u00f3stico precoz y aparatos funcionales para <\/span><b>guiar el correcto desarrollo de la mand\u00edbula<\/b><span style=\"font-weight: 400;\"> y prevenir futuros problemas.<\/span><\/p>\t\t\t\t\t\t\t\t<\/div>\n\t\t\t\t<\/div>\n\t\t\t\t<div class=\"elementor-element elementor-element-3d16993 elementor-widget elementor-widget-spacer\" data-id=\"3d16993\" data-element_type=\"widget\" data-e-type=\"widget\" data-widget_type=\"spacer.default\">\n\t\t\t\t<div class=\"elementor-widget-container\">\n\t\t\t\t\t\t\t<div class=\"elementor-spacer\">\n\t\t\t<div class=\"elementor-spacer-inner\"><\/div>\n\t\t<\/div>\n\t\t\t\t\t\t<\/div>\n\t\t\t\t<\/div>\n\t\t\t\t<div class=\"elementor-element elementor-element-f5eced0 elementor-widget elementor-widget-heading\" data-id=\"f5eced0\" data-element_type=\"widget\" data-e-type=\"widget\" data-widget_type=\"heading.default\">\n\t\t\t\t<div class=\"elementor-widget-container\">\n\t\t\t\t\t<h2 class=\"elementor-heading-title elementor-size-default\">Tecnolog\u00eda digital y personalizaci\u00f3n<\/h2>\t\t\t\t<\/div>\n\t\t\t\t<\/div>\n\t\t\t\t<div class=\"elementor-element elementor-element-9a1c020 elementor-widget elementor-widget-text-editor\" data-id=\"9a1c020\" data-element_type=\"widget\" data-e-type=\"widget\" data-widget_type=\"text-editor.default\">\n\t\t\t\t<div class=\"elementor-widget-container\">\n\t\t\t\t\t\t\t\t\t<p><span style=\"font-weight: 400;\">Gracias a <\/span><b>esc\u00e1neres intraorales 3D<\/b><span style=\"font-weight: 400;\">software avanzado y <\/span><b>planificaci\u00f3n digital de los movimientos dentales<\/b><span style=\"font-weight: 400;\">podemos ofrecerte un itinerario ortod\u00f3ncico personalizado m\u00e1s r\u00e1pido, preciso y c\u00f3modo.<\/span><\/p>\t\t\t\t\t\t\t\t<\/div>\n\t\t\t\t<\/div>\n\t\t\t\t<div class=\"elementor-element elementor-element-757610c elementor-widget elementor-widget-spacer\" data-id=\"757610c\" data-element_type=\"widget\" data-e-type=\"widget\" data-widget_type=\"spacer.default\">\n\t\t\t\t<div class=\"elementor-widget-container\">\n\t\t\t\t\t\t\t<div class=\"elementor-spacer\">\n\t\t\t<div class=\"elementor-spacer-inner\"><\/div>\n\t\t<\/div>\n\t\t\t\t\t\t<\/div>\n\t\t\t\t<\/div>\n\t\t\t\t<div class=\"elementor-element elementor-element-0e8fafc elementor-widget elementor-widget-spacer\" data-id=\"0e8fafc\" data-element_type=\"widget\" data-e-type=\"widget\" data-widget_type=\"spacer.default\">\n\t\t\t\t<div class=\"elementor-widget-container\">\n\t\t\t\t\t\t\t<div class=\"elementor-spacer\">\n\t\t\t<div class=\"elementor-spacer-inner\"><\/div>\n\t\t<\/div>\n\t\t\t\t\t\t<\/div>\n\t\t\t\t<\/div>\n\t\t\t\t<\/div>\n\t\t\t\t<\/div>\n\t\t<div class=\"elementor-element elementor-element-37e889d e-flex e-con-boxed e-con e-parent\" data-id=\"37e889d\" data-element_type=\"container\" data-e-type=\"container\">\n\t\t\t\t\t<div class=\"e-con-inner\">\n\t\t\t\t<div class=\"elementor-element elementor-element-13452b7 elementor-align-center elementor-widget elementor-widget-button\" data-id=\"13452b7\" data-element_type=\"widget\" data-e-type=\"widget\" data-widget_type=\"button.default\">\n\t\t\t\t<div class=\"elementor-widget-container\">\n\t\t\t\t\t\t\t\t\t<div class=\"elementor-button-wrapper\">\n\t\t\t\t\t<a class=\"elementor-button elementor-button-link elementor-size-sm\" href=\"https:\/\/www.radiance.al\/contattaci\/\">\n\t\t\t\t\t\t<span class=\"elementor-button-content-wrapper\">\n\t\t\t\t\t\t\t\t\t<span class=\"elementor-button-text\">Visita gratuita<\/span>\n\t\t\t\t\t<\/span>\n\t\t\t\t\t<\/a>\n\t\t\t\t<\/div>\n\t\t\t\t\t\t\t\t<\/div>\n\t\t\t\t<\/div>\n\t\t\t\t<div class=\"elementor-element elementor-element-0272d98 elementor-widget elementor-widget-spacer\" data-id=\"0272d98\" data-element_type=\"widget\" data-e-type=\"widget\" data-widget_type=\"spacer.default\">\n\t\t\t\t<div class=\"elementor-widget-container\">\n\t\t\t\t\t\t\t<div class=\"elementor-spacer\">\n\t\t\t<div class=\"elementor-spacer-inner\"><\/div>\n\t\t<\/div>\n\t\t\t\t\t\t<\/div>\n\t\t\t\t<\/div>\n\t\t\t\t\t<\/div>\n\t\t\t\t<\/div>\n\t\t\t\t<\/div>\n\t\t","protected":false},"excerpt":{"rendered":"<p>Ortodoncia Los dientes rectos no son s\u00f3lo una cuesti\u00f3n de est\u00e9tica: mejoran la masticaci\u00f3n, la salud de las enc\u00edas y la postura de la mand\u00edbula.Conortodoncia moderna de Radiance Dental Hospital puedes conseguir una sonrisa perfectasin sacrificar la comodidad ni la est\u00e9tica durante el tratamiento. Ortodoncia transparente (m\u00e1scaras invisibles) Alinea los [&hellip;]<\/p>\n","protected":false},"author":6,"featured_media":11907,"parent":0,"menu_order":0,"comment_status":"closed","ping_status":"closed","template":"elementor_header_footer","meta":{"_acf_changed":false,"footnotes":""},"class_list":["post-11908","page","type-page","status-publish","has-post-thumbnail","hentry"],"acf":[],"yoast_head":"<!-- This site is optimized with the Yoast SEO Premium plugin v27.4 (Yoast SEO v27.4) - https:\/\/yoast.com\/product\/yoast-seo-premium-wordpress\/ -->\n<title>Tratamiento de la periodontitis en Albania: tratamientos eficaces para unas enc\u00edas sanas<\/title>\n<meta name=\"description\" content=\"Periodoncia en Radiance: cuidado de las enc\u00edas, tratamientos de gingivitis y periodontitis, limpiezas profundas y terapias l\u00e1ser.\" \/>\n<meta name=\"robots\" content=\"index, follow, max-snippet:-1, max-image-preview:large, max-video-preview:-1\" \/>\n<link rel=\"canonical\" href=\"https:\/\/www.radiance.al\/es\/ortodoncia\/\" \/>\n<meta property=\"og:locale\" content=\"es_ES\" \/>\n<meta property=\"og:type\" content=\"article\" \/>\n<meta property=\"og:title\" content=\"Ortodoncia\" \/>\n<meta property=\"og:description\" content=\"Periodoncia en Radiance: cuidado de las enc\u00edas, tratamientos de gingivitis y periodontitis, limpiezas profundas y terapias l\u00e1ser.\" \/>\n<meta property=\"og:url\" content=\"https:\/\/www.radiance.al\/es\/ortodoncia\/\" \/>\n<meta property=\"og:site_name\" content=\"RADIANCE.AL\" \/>\n<meta property=\"article:publisher\" content=\"https:\/\/www.instagram.com\/radiance_al\/?hl=en\" \/>\n<meta property=\"article:modified_time\" content=\"2026-04-21T19:08:59+00:00\" \/>\n<meta property=\"og:image\" content=\"https:\/\/www.radiance.al\/wp-content\/uploads\/2025\/06\/parodontologia.jpg\" \/>\n\t<meta property=\"og:image:width\" content=\"1080\" \/>\n\t<meta property=\"og:image:height\" content=\"1350\" \/>\n\t<meta property=\"og:image:type\" content=\"image\/jpeg\" \/>\n<meta name=\"twitter:card\" content=\"summary_large_image\" \/>\n<meta name=\"twitter:label1\" content=\"Tiempo de lectura\" \/>\n\t<meta name=\"twitter:data1\" content=\"1 minuto\" \/>\n<script type=\"application\/ld+json\" class=\"yoast-schema-graph\">{\"@context\":\"https:\\\/\\\/schema.org\",\"@graph\":[{\"@type\":\"WebPage\",\"@id\":\"https:\\\/\\\/www.radiance.al\\\/es\\\/ortodoncia\\\/\",\"url\":\"https:\\\/\\\/www.radiance.al\\\/es\\\/ortodoncia\\\/\",\"name\":\"Tratamiento de la periodontitis en Albania: tratamientos eficaces para unas enc\u00edas sanas\",\"isPartOf\":{\"@id\":\"https:\\\/\\\/www.radiance.al\\\/es\\\/#website\"},\"primaryImageOfPage\":{\"@id\":\"https:\\\/\\\/www.radiance.al\\\/es\\\/ortodoncia\\\/#primaryimage\"},\"image\":{\"@id\":\"https:\\\/\\\/www.radiance.al\\\/es\\\/ortodoncia\\\/#primaryimage\"},\"thumbnailUrl\":\"https:\\\/\\\/www.radiance.al\\\/wp-content\\\/uploads\\\/2025\\\/06\\\/parodontologia.jpg\",\"datePublished\":\"2025-10-02T12:20:52+00:00\",\"dateModified\":\"2026-04-21T19:08:59+00:00\",\"description\":\"Periodoncia en Radiance: cuidado de las enc\u00edas, tratamientos de gingivitis y periodontitis, limpiezas profundas y terapias l\u00e1ser.\",\"breadcrumb\":{\"@id\":\"https:\\\/\\\/www.radiance.al\\\/es\\\/ortodoncia\\\/#breadcrumb\"},\"inLanguage\":\"es\",\"potentialAction\":[{\"@type\":\"ReadAction\",\"target\":[\"https:\\\/\\\/www.radiance.al\\\/es\\\/ortodoncia\\\/\"]}]},{\"@type\":\"ImageObject\",\"inLanguage\":\"es\",\"@id\":\"https:\\\/\\\/www.radiance.al\\\/es\\\/ortodoncia\\\/#primaryimage\",\"url\":\"https:\\\/\\\/www.radiance.al\\\/wp-content\\\/uploads\\\/2025\\\/06\\\/parodontologia.jpg\",\"contentUrl\":\"https:\\\/\\\/www.radiance.al\\\/wp-content\\\/uploads\\\/2025\\\/06\\\/parodontologia.jpg\",\"width\":1080,\"height\":1350,\"caption\":\"Tratamiento de la gingivitis y la periodontitis con tecnolog\u00edas modernas\"},{\"@type\":\"BreadcrumbList\",\"@id\":\"https:\\\/\\\/www.radiance.al\\\/es\\\/ortodoncia\\\/#breadcrumb\",\"itemListElement\":[{\"@type\":\"ListItem\",\"position\":1,\"name\":\"Home\",\"item\":\"https:\\\/\\\/www.radiance.al\\\/es\\\/inicio\\\/\"},{\"@type\":\"ListItem\",\"position\":2,\"name\":\"Ortodoncia\"}]},{\"@type\":\"WebSite\",\"@id\":\"https:\\\/\\\/www.radiance.al\\\/es\\\/#website\",\"url\":\"https:\\\/\\\/www.radiance.al\\\/es\\\/\",\"name\":\"RADIANCE.AL\",\"description\":\"RADIANCE DENTAL HOSPITAL\",\"publisher\":{\"@id\":\"https:\\\/\\\/www.radiance.al\\\/es\\\/#organization\"},\"potentialAction\":[{\"@type\":\"SearchAction\",\"target\":{\"@type\":\"EntryPoint\",\"urlTemplate\":\"https:\\\/\\\/www.radiance.al\\\/es\\\/?s={search_term_string}\"},\"query-input\":{\"@type\":\"PropertyValueSpecification\",\"valueRequired\":true,\"valueName\":\"search_term_string\"}}],\"inLanguage\":\"es\"},{\"@type\":\"Organization\",\"@id\":\"https:\\\/\\\/www.radiance.al\\\/es\\\/#organization\",\"name\":\"RADIANCE.AL\",\"alternateName\":\"Radiance Dental Hospital\",\"url\":\"https:\\\/\\\/www.radiance.al\\\/es\\\/\",\"logo\":{\"@type\":\"ImageObject\",\"inLanguage\":\"es\",\"@id\":\"https:\\\/\\\/www.radiance.al\\\/es\\\/#\\\/schema\\\/logo\\\/image\\\/\",\"url\":\"https:\\\/\\\/www.radiance.al\\\/wp-content\\\/uploads\\\/2025\\\/05\\\/faviconn.jpeg\",\"contentUrl\":\"https:\\\/\\\/www.radiance.al\\\/wp-content\\\/uploads\\\/2025\\\/05\\\/faviconn.jpeg\",\"width\":48,\"height\":48,\"caption\":\"RADIANCE.AL\"},\"image\":{\"@id\":\"https:\\\/\\\/www.radiance.al\\\/es\\\/#\\\/schema\\\/logo\\\/image\\\/\"},\"sameAs\":[\"https:\\\/\\\/www.instagram.com\\\/radiance_al\\\/?hl=en\"],\"description\":\"\\\"Radiance Dental Hospital n\u00eb Shqip\u00ebri: spital dentar modern me teknologji 3D, implantologji, estetik\u00eb dhe specialist\u00eb me mbi 15 vite p\u00ebrvoj\u00eb. Prenoto konsult\u00ebn falas!\\\"\",\"email\":\"info@radiance.al\",\"telephone\":\"+355694799949\",\"legalName\":\"Radiance Dental Hospital\",\"foundingDate\":\"2025-03-18\",\"numberOfEmployees\":{\"@type\":\"QuantitativeValue\",\"minValue\":\"11\",\"maxValue\":\"50\"}}]}<\/script>\n<!-- \/ Yoast SEO Premium plugin. -->","yoast_head_json":{"title":"Tratamiento de la periodontitis en Albania: tratamientos eficaces para unas enc\u00edas sanas","description":"Periodoncia en Radiance: cuidado de las enc\u00edas, tratamientos de gingivitis y periodontitis, limpiezas profundas y terapias l\u00e1ser.","robots":{"index":"index","follow":"follow","max-snippet":"max-snippet:-1","max-image-preview":"max-image-preview:large","max-video-preview":"max-video-preview:-1"},"canonical":"https:\/\/www.radiance.al\/es\/ortodoncia\/","og_locale":"es_ES","og_type":"article","og_title":"Ortodoncia","og_description":"Periodoncia en Radiance: cuidado de las enc\u00edas, tratamientos de gingivitis y periodontitis, limpiezas profundas y terapias l\u00e1ser.","og_url":"https:\/\/www.radiance.al\/es\/ortodoncia\/","og_site_name":"RADIANCE.AL","article_publisher":"https:\/\/www.instagram.com\/radiance_al\/?hl=en","article_modified_time":"2026-04-21T19:08:59+00:00","og_image":[{"width":1080,"height":1350,"url":"https:\/\/www.radiance.al\/wp-content\/uploads\/2025\/06\/parodontologia.jpg","type":"image\/jpeg"}],"twitter_card":"summary_large_image","twitter_misc":{"Tiempo de lectura":"1 minuto"},"schema":{"@context":"https:\/\/schema.org","@graph":[{"@type":"WebPage","@id":"https:\/\/www.radiance.al\/es\/ortodoncia\/","url":"https:\/\/www.radiance.al\/es\/ortodoncia\/","name":"Tratamiento de la periodontitis en Albania: tratamientos eficaces para unas enc\u00edas sanas","isPartOf":{"@id":"https:\/\/www.radiance.al\/es\/#website"},"primaryImageOfPage":{"@id":"https:\/\/www.radiance.al\/es\/ortodoncia\/#primaryimage"},"image":{"@id":"https:\/\/www.radiance.al\/es\/ortodoncia\/#primaryimage"},"thumbnailUrl":"https:\/\/www.radiance.al\/wp-content\/uploads\/2025\/06\/parodontologia.jpg","datePublished":"2025-10-02T12:20:52+00:00","dateModified":"2026-04-21T19:08:59+00:00","description":"Periodoncia en Radiance: cuidado de las enc\u00edas, tratamientos de gingivitis y periodontitis, limpiezas profundas y terapias l\u00e1ser.","breadcrumb":{"@id":"https:\/\/www.radiance.al\/es\/ortodoncia\/#breadcrumb"},"inLanguage":"es","potentialAction":[{"@type":"ReadAction","target":["https:\/\/www.radiance.al\/es\/ortodoncia\/"]}]},{"@type":"ImageObject","inLanguage":"es","@id":"https:\/\/www.radiance.al\/es\/ortodoncia\/#primaryimage","url":"https:\/\/www.radiance.al\/wp-content\/uploads\/2025\/06\/parodontologia.jpg","contentUrl":"https:\/\/www.radiance.al\/wp-content\/uploads\/2025\/06\/parodontologia.jpg","width":1080,"height":1350,"caption":"Tratamiento de la gingivitis y la periodontitis con tecnolog\u00edas modernas"},{"@type":"BreadcrumbList","@id":"https:\/\/www.radiance.al\/es\/ortodoncia\/#breadcrumb","itemListElement":[{"@type":"ListItem","position":1,"name":"Home","item":"https:\/\/www.radiance.al\/es\/inicio\/"},{"@type":"ListItem","position":2,"name":"Ortodoncia"}]},{"@type":"WebSite","@id":"https:\/\/www.radiance.al\/es\/#website","url":"https:\/\/www.radiance.al\/es\/","name":"RADIANCE.AL","description":"RADIANCE DENTAL HOSPITAL","publisher":{"@id":"https:\/\/www.radiance.al\/es\/#organization"},"potentialAction":[{"@type":"SearchAction","target":{"@type":"EntryPoint","urlTemplate":"https:\/\/www.radiance.al\/es\/?s={search_term_string}"},"query-input":{"@type":"PropertyValueSpecification","valueRequired":true,"valueName":"search_term_string"}}],"inLanguage":"es"},{"@type":"Organization","@id":"https:\/\/www.radiance.al\/es\/#organization","name":"RADIANCE.AL","alternateName":"Radiance Dental Hospital","url":"https:\/\/www.radiance.al\/es\/","logo":{"@type":"ImageObject","inLanguage":"es","@id":"https:\/\/www.radiance.al\/es\/#\/schema\/logo\/image\/","url":"https:\/\/www.radiance.al\/wp-content\/uploads\/2025\/05\/faviconn.jpeg","contentUrl":"https:\/\/www.radiance.al\/wp-content\/uploads\/2025\/05\/faviconn.jpeg","width":48,"height":48,"caption":"RADIANCE.AL"},"image":{"@id":"https:\/\/www.radiance.al\/es\/#\/schema\/logo\/image\/"},"sameAs":["https:\/\/www.instagram.com\/radiance_al\/?hl=en"],"description":"\"Radiance Dental Hospital n\u00eb Shqip\u00ebri: spital dentar modern me teknologji 3D, implantologji, estetik\u00eb dhe specialist\u00eb me mbi 15 vite p\u00ebrvoj\u00eb. Prenoto konsult\u00ebn falas!\"","email":"info@radiance.al","telephone":"+355694799949","legalName":"Radiance Dental Hospital","foundingDate":"2025-03-18","numberOfEmployees":{"@type":"QuantitativeValue","minValue":"11","maxValue":"50"}}]}},"_links":{"self":[{"href":"https:\/\/www.radiance.al\/es\/wp-json\/wp\/v2\/pages\/11908","targetHints":{"allow":["GET"]}}],"collection":[{"href":"https:\/\/www.radiance.al\/es\/wp-json\/wp\/v2\/pages"}],"about":[{"href":"https:\/\/www.radiance.al\/es\/wp-json\/wp\/v2\/types\/page"}],"author":[{"embeddable":true,"href":"https:\/\/www.radiance.al\/es\/wp-json\/wp\/v2\/users\/6"}],"replies":[{"embeddable":true,"href":"https:\/\/www.radiance.al\/es\/wp-json\/wp\/v2\/comments?post=11908"}],"version-history":[{"count":7,"href":"https:\/\/www.radiance.al\/es\/wp-json\/wp\/v2\/pages\/11908\/revisions"}],"predecessor-version":[{"id":11926,"href":"https:\/\/www.radiance.al\/es\/wp-json\/wp\/v2\/pages\/11908\/revisions\/11926"}],"wp:featuredmedia":[{"embeddable":true,"href":"https:\/\/www.radiance.al\/es\/wp-json\/wp\/v2\/media\/11907"}],"wp:attachment":[{"href":"https:\/\/www.radiance.al\/es\/wp-json\/wp\/v2\/media?parent=11908"}],"curies":[{"name":"wp","href":"https:\/\/api.w.org\/{rel}","templated":true}]}}