{"id":12053,"date":"2025-05-20T13:15:23","date_gmt":"2025-05-20T13:15:23","guid":{"rendered":"https:\/\/www.radiance.al\/periodoncia\/"},"modified":"2026-04-21T19:18:20","modified_gmt":"2026-04-21T19:18:20","slug":"periodoncia","status":"publish","type":"page","link":"https:\/\/www.radiance.al\/es\/periodoncia\/","title":{"rendered":"Periodoncia"},"content":{"rendered":"\t\t<div data-elementor-type=\"wp-page\" data-elementor-id=\"12053\" class=\"elementor elementor-12053 elementor-3504\">\n\t\t\t\t<div class=\"elementor-element elementor-element-e5d9eaf e-con-full e-flex e-con e-parent\" data-id=\"e5d9eaf\" data-element_type=\"container\" data-e-type=\"container\">\n\t\t<div class=\"elementor-element elementor-element-dfcc58b e-con-full e-flex e-con e-child\" data-id=\"dfcc58b\" data-element_type=\"container\" data-e-type=\"container\">\n\t\t\t\t<div class=\"elementor-element elementor-element-49258eb elementor-widget elementor-widget-image\" data-id=\"49258eb\" data-element_type=\"widget\" data-e-type=\"widget\" data-widget_type=\"image.default\">\n\t\t\t\t<div class=\"elementor-widget-container\">\n\t\t\t\t\t\t\t\t\t\t\t\t<figure class=\"wp-caption\">\n\t\t\t\t\t\t\t\t\t\t<img decoding=\"async\" src=\"https:\/\/www.radiance.al\/wp-content\/uploads\/elementor\/thumbs\/parodontologia-rbkhosb6uymh5ynhmf7y5ah6qdwn0hgpt8be3svnwc.jpg\" title=\"Revisi\u00f3n gingival y diagn\u00f3stico periodontal en Radiance Dental Hospital\" alt=\"Periodoncia en el Radiance Dental Hospital de Albania\" loading=\"lazy\" \/>\t\t\t\t\t\t\t\t\t\t\t<figcaption class=\"widget-image-caption wp-caption-text\">Tratamiento de la gingivitis y la periodontitis con tecnolog\u00edas modernas\n<\/figcaption>\n\t\t\t\t\t\t\t\t\t\t<\/figure>\n\t\t\t\t\t\t\t\t\t<\/div>\n\t\t\t\t<\/div>\n\t\t\t\t<\/div>\n\t\t\t\t<div class=\"elementor-element elementor-element-35cb53b elementor-widget__width-initial elementor-widget elementor-widget-spacer\" data-id=\"35cb53b\" data-element_type=\"widget\" data-e-type=\"widget\" data-widget_type=\"spacer.default\">\n\t\t\t\t<div class=\"elementor-widget-container\">\n\t\t\t\t\t\t\t<div class=\"elementor-spacer\">\n\t\t\t<div class=\"elementor-spacer-inner\"><\/div>\n\t\t<\/div>\n\t\t\t\t\t\t<\/div>\n\t\t\t\t<\/div>\n\t\t<div class=\"elementor-element elementor-element-a0b0bd9 e-con-full e-flex e-con e-child\" data-id=\"a0b0bd9\" data-element_type=\"container\" data-e-type=\"container\">\n\t\t\t\t<div class=\"elementor-element elementor-element-ec71167 elementor-widget elementor-widget-heading\" data-id=\"ec71167\" data-element_type=\"widget\" data-e-type=\"widget\" data-widget_type=\"heading.default\">\n\t\t\t\t<div class=\"elementor-widget-container\">\n\t\t\t\t\t<h1 class=\"elementor-heading-title elementor-size-default\"><b>Periodoncia<\/b><\/h1>\t\t\t\t<\/div>\n\t\t\t\t<\/div>\n\t\t\t\t<div class=\"elementor-element elementor-element-522e339 elementor-widget elementor-widget-text-editor\" data-id=\"522e339\" data-element_type=\"widget\" data-e-type=\"widget\" data-widget_type=\"text-editor.default\">\n\t\t\t\t<div class=\"elementor-widget-container\">\n\t\t\t\t\t\t\t\t\t<p data-start=\"141\" data-end=\"202\"><strong data-start=\"141\" data-end=\"202\">Unas enc\u00edas sanas son la base de una sonrisa duradera.<\/strong><\/p><p data-start=\"204\" data-end=\"535\"><strong data-start=\"207\" data-end=\"225\">La periodoncia<\/strong> es la rama de <strong>la odontolog\u00eda<\/strong> que se ocupa de la prevenci\u00f3n, el <strong>diagn\u00f3stico <\/strong>y el <strong>tratamiento<\/strong> de las enfermedades que afectan a las <strong>enc\u00edas<\/strong> y los tejidos <strong>de soporte de los dientes<\/strong>.<\/p><p data-start=\"204\" data-end=\"535\">Si las <strong>enc\u00edas sangran<\/strong>, est\u00e1n enrojecidas, hinchadas o retra\u00eddas, podr\u00eda tratarse de una enfermedad periodontal que requiere atenci\u00f3n inmediata.<\/p>\t\t\t\t\t\t\t\t<\/div>\n\t\t\t\t<\/div>\n\t\t\t\t<div class=\"elementor-element elementor-element-68e897f elementor-widget-divider--view-line elementor-widget elementor-widget-divider\" data-id=\"68e897f\" data-element_type=\"widget\" data-e-type=\"widget\" data-widget_type=\"divider.default\">\n\t\t\t\t<div class=\"elementor-widget-container\">\n\t\t\t\t\t\t\t<div class=\"elementor-divider\">\n\t\t\t<span class=\"elementor-divider-separator\">\n\t\t\t\t\t\t<\/span>\n\t\t<\/div>\n\t\t\t\t\t\t<\/div>\n\t\t\t\t<\/div>\n\t\t\t\t<div class=\"elementor-element elementor-element-85fc93b elementor-widget elementor-widget-heading\" data-id=\"85fc93b\" data-element_type=\"widget\" data-e-type=\"widget\" data-widget_type=\"heading.default\">\n\t\t\t\t<div class=\"elementor-widget-container\">\n\t\t\t\t\t<h2 class=\"elementor-heading-title elementor-size-default\"><b>Las principales cuestiones abordadas:\n<\/b><\/h2>\t\t\t\t<\/div>\n\t\t\t\t<\/div>\n\t\t\t\t<div class=\"elementor-element elementor-element-2239a8a elementor-icon-list--layout-traditional elementor-list-item-link-full_width elementor-widget elementor-widget-icon-list\" data-id=\"2239a8a\" data-element_type=\"widget\" data-e-type=\"widget\" data-widget_type=\"icon-list.default\">\n\t\t\t\t<div class=\"elementor-widget-container\">\n\t\t\t\t\t\t\t<ul class=\"elementor-icon-list-items\">\n\t\t\t\t\t\t\t<li class=\"elementor-icon-list-item\">\n\t\t\t\t\t\t\t\t\t\t\t<span class=\"elementor-icon-list-icon\">\n\t\t\t\t\t\t\t<svg aria-hidden=\"true\" class=\"e-font-icon-svg e-fas-check\" viewBox=\"0 0 512 512\" xmlns=\"http:\/\/www.w3.org\/2000\/svg\"><path d=\"M173.898 439.404l-166.4-166.4c-9.997-9.997-9.997-26.206 0-36.204l36.203-36.204c9.997-9.998 26.207-9.998 36.204 0L192 312.69 432.095 72.596c9.997-9.997 26.207-9.997 36.204 0l36.203 36.204c9.997 9.997 9.997 26.206 0 36.204l-294.4 294.401c-9.998 9.997-26.207 9.997-36.204-.001z\"><\/path><\/svg>\t\t\t\t\t\t<\/span>\n\t\t\t\t\t\t\t\t\t\t<span class=\"elementor-icon-list-text\"><b>Gingivitis<\/b> (inflamaci\u00f3n superficial de las enc\u00edas)<\/span>\n\t\t\t\t\t\t\t\t\t<\/li>\n\t\t\t\t\t\t\t\t<li class=\"elementor-icon-list-item\">\n\t\t\t\t\t\t\t\t\t\t\t<span class=\"elementor-icon-list-icon\">\n\t\t\t\t\t\t\t<svg aria-hidden=\"true\" class=\"e-font-icon-svg e-fas-check\" viewBox=\"0 0 512 512\" xmlns=\"http:\/\/www.w3.org\/2000\/svg\"><path d=\"M173.898 439.404l-166.4-166.4c-9.997-9.997-9.997-26.206 0-36.204l36.203-36.204c9.997-9.998 26.207-9.998 36.204 0L192 312.69 432.095 72.596c9.997-9.997 26.207-9.997 36.204 0l36.203 36.204c9.997 9.997 9.997 26.206 0 36.204l-294.4 294.401c-9.998 9.997-26.207 9.997-36.204-.001z\"><\/path><\/svg>\t\t\t\t\t\t<\/span>\n\t\t\t\t\t\t\t\t\t\t<span class=\"elementor-icon-list-text\"><b>Periodontitis<\/b> (infecci\u00f3n m\u00e1s profunda que tambi\u00e9n afecta<b> al hueso<\/b>)<\/span>\n\t\t\t\t\t\t\t\t\t<\/li>\n\t\t\t\t\t\t\t\t<li class=\"elementor-icon-list-item\">\n\t\t\t\t\t\t\t\t\t\t\t<span class=\"elementor-icon-list-icon\">\n\t\t\t\t\t\t\t<svg aria-hidden=\"true\" class=\"e-font-icon-svg e-fas-check\" viewBox=\"0 0 512 512\" xmlns=\"http:\/\/www.w3.org\/2000\/svg\"><path d=\"M173.898 439.404l-166.4-166.4c-9.997-9.997-9.997-26.206 0-36.204l36.203-36.204c9.997-9.998 26.207-9.998 36.204 0L192 312.69 432.095 72.596c9.997-9.997 26.207-9.997 36.204 0l36.203 36.204c9.997 9.997 9.997 26.206 0 36.204l-294.4 294.401c-9.998 9.997-26.207 9.997-36.204-.001z\"><\/path><\/svg>\t\t\t\t\t\t<\/span>\n\t\t\t\t\t\t\t\t\t\t<span class=\"elementor-icon-list-text\">Recesi\u00f3n gingival<\/span>\n\t\t\t\t\t\t\t\t\t<\/li>\n\t\t\t\t\t\t\t\t<li class=\"elementor-icon-list-item\">\n\t\t\t\t\t\t\t\t\t\t\t<span class=\"elementor-icon-list-icon\">\n\t\t\t\t\t\t\t<svg aria-hidden=\"true\" class=\"e-font-icon-svg e-fas-check\" viewBox=\"0 0 512 512\" xmlns=\"http:\/\/www.w3.org\/2000\/svg\"><path d=\"M173.898 439.404l-166.4-166.4c-9.997-9.997-9.997-26.206 0-36.204l36.203-36.204c9.997-9.998 26.207-9.998 36.204 0L192 312.69 432.095 72.596c9.997-9.997 26.207-9.997 36.204 0l36.203 36.204c9.997 9.997 9.997 26.206 0 36.204l-294.4 294.401c-9.998 9.997-26.207 9.997-36.204-.001z\"><\/path><\/svg>\t\t\t\t\t\t<\/span>\n\t\t\t\t\t\t\t\t\t\t<span class=\"elementor-icon-list-text\"><b>Movilidad<\/b> dental o p\u00e9rdida de dientes<\/span>\n\t\t\t\t\t\t\t\t\t<\/li>\n\t\t\t\t\t\t\t\t<li class=\"elementor-icon-list-item\">\n\t\t\t\t\t\t\t\t\t\t\t<span class=\"elementor-icon-list-icon\">\n\t\t\t\t\t\t\t<svg aria-hidden=\"true\" class=\"e-font-icon-svg e-fas-check\" viewBox=\"0 0 512 512\" xmlns=\"http:\/\/www.w3.org\/2000\/svg\"><path d=\"M173.898 439.404l-166.4-166.4c-9.997-9.997-9.997-26.206 0-36.204l36.203-36.204c9.997-9.998 26.207-9.998 36.204 0L192 312.69 432.095 72.596c9.997-9.997 26.207-9.997 36.204 0l36.203 36.204c9.997 9.997 9.997 26.206 0 36.204l-294.4 294.401c-9.998 9.997-26.207 9.997-36.204-.001z\"><\/path><\/svg>\t\t\t\t\t\t<\/span>\n\t\t\t\t\t\t\t\t\t\t<span class=\"elementor-icon-list-text\">Acumulaci\u00f3n de placa y <b>sarro subgingival<\/b><br><\/span>\n\t\t\t\t\t\t\t\t\t<\/li>\n\t\t\t\t\t\t<\/ul>\n\t\t\t\t\t\t<\/div>\n\t\t\t\t<\/div>\n\t\t\t\t<div class=\"elementor-element elementor-element-4cec358 elementor-widget elementor-widget-heading\" data-id=\"4cec358\" data-element_type=\"widget\" data-e-type=\"widget\" data-widget_type=\"heading.default\">\n\t\t\t\t<div class=\"elementor-widget-container\">\n\t\t\t\t\t<h2 class=\"elementor-heading-title elementor-size-default\"><b>Nuestros tratamientos disponibles:\n<\/b><\/h2>\t\t\t\t<\/div>\n\t\t\t\t<\/div>\n\t\t\t\t<div class=\"elementor-element elementor-element-4e10eb8 elementor-icon-list--layout-traditional elementor-list-item-link-full_width elementor-widget elementor-widget-icon-list\" data-id=\"4e10eb8\" data-element_type=\"widget\" data-e-type=\"widget\" data-widget_type=\"icon-list.default\">\n\t\t\t\t<div class=\"elementor-widget-container\">\n\t\t\t\t\t\t\t<ul class=\"elementor-icon-list-items\">\n\t\t\t\t\t\t\t<li class=\"elementor-icon-list-item\">\n\t\t\t\t\t\t\t\t\t\t\t<span class=\"elementor-icon-list-icon\">\n\t\t\t\t\t\t\t<svg aria-hidden=\"true\" class=\"e-font-icon-svg e-fas-check\" viewBox=\"0 0 512 512\" xmlns=\"http:\/\/www.w3.org\/2000\/svg\"><path d=\"M173.898 439.404l-166.4-166.4c-9.997-9.997-9.997-26.206 0-36.204l36.203-36.204c9.997-9.998 26.207-9.998 36.204 0L192 312.69 432.095 72.596c9.997-9.997 26.207-9.997 36.204 0l36.203 36.204c9.997 9.997 9.997 26.206 0 36.204l-294.4 294.401c-9.998 9.997-26.207 9.997-36.204-.001z\"><\/path><\/svg>\t\t\t\t\t\t<\/span>\n\t\t\t\t\t\t\t\t\t\t<span class=\"elementor-icon-list-text\">Raspado y pulido radicular<b>(limpieza profunda<\/b>)<\/span>\n\t\t\t\t\t\t\t\t\t<\/li>\n\t\t\t\t\t\t\t\t<li class=\"elementor-icon-list-item\">\n\t\t\t\t\t\t\t\t\t\t\t<span class=\"elementor-icon-list-icon\">\n\t\t\t\t\t\t\t<svg aria-hidden=\"true\" class=\"e-font-icon-svg e-fas-check\" viewBox=\"0 0 512 512\" xmlns=\"http:\/\/www.w3.org\/2000\/svg\"><path d=\"M173.898 439.404l-166.4-166.4c-9.997-9.997-9.997-26.206 0-36.204l36.203-36.204c9.997-9.998 26.207-9.998 36.204 0L192 312.69 432.095 72.596c9.997-9.997 26.207-9.997 36.204 0l36.203 36.204c9.997 9.997 9.997 26.206 0 36.204l-294.4 294.401c-9.998 9.997-26.207 9.997-36.204-.001z\"><\/path><\/svg>\t\t\t\t\t\t<\/span>\n\t\t\t\t\t\t\t\t\t\t<span class=\"elementor-icon-list-text\"><b>Terapia l\u00e1ser<\/b> para reducir las bacterias y la inflamaci\u00f3n<\/span>\n\t\t\t\t\t\t\t\t\t<\/li>\n\t\t\t\t\t\t\t\t<li class=\"elementor-icon-list-item\">\n\t\t\t\t\t\t\t\t\t\t\t<span class=\"elementor-icon-list-icon\">\n\t\t\t\t\t\t\t<svg aria-hidden=\"true\" class=\"e-font-icon-svg e-fas-check\" viewBox=\"0 0 512 512\" xmlns=\"http:\/\/www.w3.org\/2000\/svg\"><path d=\"M173.898 439.404l-166.4-166.4c-9.997-9.997-9.997-26.206 0-36.204l36.203-36.204c9.997-9.998 26.207-9.998 36.204 0L192 312.69 432.095 72.596c9.997-9.997 26.207-9.997 36.204 0l36.203 36.204c9.997 9.997 9.997 26.206 0 36.204l-294.4 294.401c-9.998 9.997-26.207 9.997-36.204-.001z\"><\/path><\/svg>\t\t\t\t\t\t<\/span>\n\t\t\t\t\t\t\t\t\t\t<span class=\"elementor-icon-list-text\">Tratamiento de las<b>bolsas periodontales<\/b><\/span>\n\t\t\t\t\t\t\t\t\t<\/li>\n\t\t\t\t\t\t\t\t<li class=\"elementor-icon-list-item\">\n\t\t\t\t\t\t\t\t\t\t\t<span class=\"elementor-icon-list-icon\">\n\t\t\t\t\t\t\t<svg aria-hidden=\"true\" class=\"e-font-icon-svg e-fas-check\" viewBox=\"0 0 512 512\" xmlns=\"http:\/\/www.w3.org\/2000\/svg\"><path d=\"M173.898 439.404l-166.4-166.4c-9.997-9.997-9.997-26.206 0-36.204l36.203-36.204c9.997-9.998 26.207-9.998 36.204 0L192 312.69 432.095 72.596c9.997-9.997 26.207-9.997 36.204 0l36.203 36.204c9.997 9.997 9.997 26.206 0 36.204l-294.4 294.401c-9.998 9.997-26.207 9.997-36.204-.001z\"><\/path><\/svg>\t\t\t\t\t\t<\/span>\n\t\t\t\t\t\t\t\t\t\t<span class=\"elementor-icon-list-text\"><b>Tratamientos regeneradores de huesos<\/b>y enc\u00edas<\/span>\n\t\t\t\t\t\t\t\t\t<\/li>\n\t\t\t\t\t\t\t\t<li class=\"elementor-icon-list-item\">\n\t\t\t\t\t\t\t\t\t\t\t<span class=\"elementor-icon-list-icon\">\n\t\t\t\t\t\t\t<svg aria-hidden=\"true\" class=\"e-font-icon-svg e-fas-check\" viewBox=\"0 0 512 512\" xmlns=\"http:\/\/www.w3.org\/2000\/svg\"><path d=\"M173.898 439.404l-166.4-166.4c-9.997-9.997-9.997-26.206 0-36.204l36.203-36.204c9.997-9.998 26.207-9.998 36.204 0L192 312.69 432.095 72.596c9.997-9.997 26.207-9.997 36.204 0l36.203 36.204c9.997 9.997 9.997 26.206 0 36.204l-294.4 294.401c-9.998 9.997-26.207 9.997-36.204-.001z\"><\/path><\/svg>\t\t\t\t\t\t<\/span>\n\t\t\t\t\t\t\t\t\t\t<span class=\"elementor-icon-list-text\">Planes de <b>higiene<\/b> bucodental personalizados<\/span>\n\t\t\t\t\t\t\t\t\t<\/li>\n\t\t\t\t\t\t<\/ul>\n\t\t\t\t\t\t<\/div>\n\t\t\t\t<\/div>\n\t\t\t\t<div class=\"elementor-element elementor-element-0b605c1 elementor-widget elementor-widget-spacer\" data-id=\"0b605c1\" data-element_type=\"widget\" data-e-type=\"widget\" data-widget_type=\"spacer.default\">\n\t\t\t\t<div class=\"elementor-widget-container\">\n\t\t\t\t\t\t\t<div class=\"elementor-spacer\">\n\t\t\t<div class=\"elementor-spacer-inner\"><\/div>\n\t\t<\/div>\n\t\t\t\t\t\t<\/div>\n\t\t\t\t<\/div>\n\t\t\t\t<\/div>\n\t\t\t\t<\/div>\n\t\t<div class=\"elementor-element elementor-element-37e889d e-flex e-con-boxed e-con e-parent\" data-id=\"37e889d\" data-element_type=\"container\" data-e-type=\"container\">\n\t\t\t\t\t<div class=\"e-con-inner\">\n\t\t\t\t<div class=\"elementor-element elementor-element-13452b7 elementor-align-center elementor-widget elementor-widget-button\" data-id=\"13452b7\" data-element_type=\"widget\" data-e-type=\"widget\" data-widget_type=\"button.default\">\n\t\t\t\t<div class=\"elementor-widget-container\">\n\t\t\t\t\t\t\t\t\t<div class=\"elementor-button-wrapper\">\n\t\t\t\t\t<a class=\"elementor-button elementor-button-link elementor-size-sm\" href=\"https:\/\/www.radiance.al\/es\/contacta-con-nosotros\/\">\n\t\t\t\t\t\t<span class=\"elementor-button-content-wrapper\">\n\t\t\t\t\t\t\t\t\t<span class=\"elementor-button-text\">Visita gratuita<\/span>\n\t\t\t\t\t<\/span>\n\t\t\t\t\t<\/a>\n\t\t\t\t<\/div>\n\t\t\t\t\t\t\t\t<\/div>\n\t\t\t\t<\/div>\n\t\t\t\t<div class=\"elementor-element elementor-element-0272d98 elementor-widget elementor-widget-spacer\" data-id=\"0272d98\" data-element_type=\"widget\" data-e-type=\"widget\" data-widget_type=\"spacer.default\">\n\t\t\t\t<div class=\"elementor-widget-container\">\n\t\t\t\t\t\t\t<div class=\"elementor-spacer\">\n\t\t\t<div class=\"elementor-spacer-inner\"><\/div>\n\t\t<\/div>\n\t\t\t\t\t\t<\/div>\n\t\t\t\t<\/div>\n\t\t\t\t\t<\/div>\n\t\t\t\t<\/div>\n\t\t\t\t<\/div>\n\t\t","protected":false},"excerpt":{"rendered":"<p>Tratamiento de la gingivitis y la periodontitis con tecnolog\u00edas modernas Periodoncia Unas enc\u00edas sanas son la base de una sonrisa duradera. La periodoncia es la rama de la odontolog\u00eda que se ocupa de la prevenci\u00f3n, el diagn\u00f3stico y el tratamiento de las enfermedades que afectan a las enc\u00edas y los [&hellip;]<\/p>\n","protected":false},"author":1,"featured_media":11907,"parent":0,"menu_order":0,"comment_status":"closed","ping_status":"closed","template":"elementor_header_footer","meta":{"_acf_changed":false,"footnotes":""},"class_list":["post-12053","page","type-page","status-publish","has-post-thumbnail","hentry"],"acf":[],"yoast_head":"<!-- This site is optimized with the Yoast SEO Premium plugin v27.4 (Yoast SEO v27.4) - https:\/\/yoast.com\/product\/yoast-seo-premium-wordpress\/ -->\n<title>Tratamiento de la periodontitis en Albania: tratamientos eficaces para unas enc\u00edas sanas<\/title>\n<meta name=\"description\" content=\"Periodoncia en Radiance: cuidado de las enc\u00edas, tratamientos de gingivitis y periodontitis, limpiezas profundas y terapias l\u00e1ser.\" \/>\n<meta name=\"robots\" content=\"index, follow, max-snippet:-1, max-image-preview:large, max-video-preview:-1\" \/>\n<link rel=\"canonical\" href=\"https:\/\/www.radiance.al\/es\/periodoncia\/\" \/>\n<meta property=\"og:locale\" content=\"es_ES\" \/>\n<meta property=\"og:type\" content=\"article\" \/>\n<meta property=\"og:title\" content=\"Periodoncia\" \/>\n<meta property=\"og:description\" content=\"Periodoncia en Radiance: cuidado de las enc\u00edas, tratamientos de gingivitis y periodontitis, limpiezas profundas y terapias l\u00e1ser.\" \/>\n<meta property=\"og:url\" content=\"https:\/\/www.radiance.al\/es\/periodoncia\/\" \/>\n<meta property=\"og:site_name\" content=\"RADIANCE.AL\" \/>\n<meta property=\"article:publisher\" content=\"https:\/\/www.instagram.com\/radiance_al\/?hl=en\" \/>\n<meta property=\"article:modified_time\" content=\"2026-04-21T19:18:20+00:00\" \/>\n<meta property=\"og:image\" content=\"https:\/\/www.radiance.al\/wp-content\/uploads\/2025\/06\/parodontologia.jpg\" \/>\n\t<meta property=\"og:image:width\" content=\"1080\" \/>\n\t<meta property=\"og:image:height\" content=\"1350\" \/>\n\t<meta property=\"og:image:type\" content=\"image\/jpeg\" \/>\n<meta name=\"twitter:card\" content=\"summary_large_image\" \/>\n<meta name=\"twitter:label1\" content=\"Tiempo de lectura\" \/>\n\t<meta name=\"twitter:data1\" content=\"1 minuto\" \/>\n<script type=\"application\/ld+json\" class=\"yoast-schema-graph\">{\"@context\":\"https:\\\/\\\/schema.org\",\"@graph\":[{\"@type\":\"WebPage\",\"@id\":\"https:\\\/\\\/www.radiance.al\\\/es\\\/periodoncia\\\/\",\"url\":\"https:\\\/\\\/www.radiance.al\\\/es\\\/periodoncia\\\/\",\"name\":\"Tratamiento de la periodontitis en Albania: tratamientos eficaces para unas enc\u00edas sanas\",\"isPartOf\":{\"@id\":\"https:\\\/\\\/www.radiance.al\\\/es\\\/#website\"},\"primaryImageOfPage\":{\"@id\":\"https:\\\/\\\/www.radiance.al\\\/es\\\/periodoncia\\\/#primaryimage\"},\"image\":{\"@id\":\"https:\\\/\\\/www.radiance.al\\\/es\\\/periodoncia\\\/#primaryimage\"},\"thumbnailUrl\":\"https:\\\/\\\/www.radiance.al\\\/wp-content\\\/uploads\\\/2025\\\/06\\\/parodontologia.jpg\",\"datePublished\":\"2025-05-20T13:15:23+00:00\",\"dateModified\":\"2026-04-21T19:18:20+00:00\",\"description\":\"Periodoncia en Radiance: cuidado de las enc\u00edas, tratamientos de gingivitis y periodontitis, limpiezas profundas y terapias l\u00e1ser.\",\"breadcrumb\":{\"@id\":\"https:\\\/\\\/www.radiance.al\\\/es\\\/periodoncia\\\/#breadcrumb\"},\"inLanguage\":\"es\",\"potentialAction\":[{\"@type\":\"ReadAction\",\"target\":[\"https:\\\/\\\/www.radiance.al\\\/es\\\/periodoncia\\\/\"]}]},{\"@type\":\"ImageObject\",\"inLanguage\":\"es\",\"@id\":\"https:\\\/\\\/www.radiance.al\\\/es\\\/periodoncia\\\/#primaryimage\",\"url\":\"https:\\\/\\\/www.radiance.al\\\/wp-content\\\/uploads\\\/2025\\\/06\\\/parodontologia.jpg\",\"contentUrl\":\"https:\\\/\\\/www.radiance.al\\\/wp-content\\\/uploads\\\/2025\\\/06\\\/parodontologia.jpg\",\"width\":1080,\"height\":1350,\"caption\":\"Tratamiento de la gingivitis y la periodontitis con tecnolog\u00edas modernas\"},{\"@type\":\"BreadcrumbList\",\"@id\":\"https:\\\/\\\/www.radiance.al\\\/es\\\/periodoncia\\\/#breadcrumb\",\"itemListElement\":[{\"@type\":\"ListItem\",\"position\":1,\"name\":\"Home\",\"item\":\"https:\\\/\\\/www.radiance.al\\\/es\\\/inicio\\\/\"},{\"@type\":\"ListItem\",\"position\":2,\"name\":\"Periodoncia\"}]},{\"@type\":\"WebSite\",\"@id\":\"https:\\\/\\\/www.radiance.al\\\/es\\\/#website\",\"url\":\"https:\\\/\\\/www.radiance.al\\\/es\\\/\",\"name\":\"RADIANCE.AL\",\"description\":\"RADIANCE DENTAL HOSPITAL\",\"publisher\":{\"@id\":\"https:\\\/\\\/www.radiance.al\\\/es\\\/#organization\"},\"potentialAction\":[{\"@type\":\"SearchAction\",\"target\":{\"@type\":\"EntryPoint\",\"urlTemplate\":\"https:\\\/\\\/www.radiance.al\\\/es\\\/?s={search_term_string}\"},\"query-input\":{\"@type\":\"PropertyValueSpecification\",\"valueRequired\":true,\"valueName\":\"search_term_string\"}}],\"inLanguage\":\"es\"},{\"@type\":\"Organization\",\"@id\":\"https:\\\/\\\/www.radiance.al\\\/es\\\/#organization\",\"name\":\"RADIANCE.AL\",\"alternateName\":\"Radiance Dental Hospital\",\"url\":\"https:\\\/\\\/www.radiance.al\\\/es\\\/\",\"logo\":{\"@type\":\"ImageObject\",\"inLanguage\":\"es\",\"@id\":\"https:\\\/\\\/www.radiance.al\\\/es\\\/#\\\/schema\\\/logo\\\/image\\\/\",\"url\":\"https:\\\/\\\/www.radiance.al\\\/wp-content\\\/uploads\\\/2025\\\/05\\\/faviconn.jpeg\",\"contentUrl\":\"https:\\\/\\\/www.radiance.al\\\/wp-content\\\/uploads\\\/2025\\\/05\\\/faviconn.jpeg\",\"width\":48,\"height\":48,\"caption\":\"RADIANCE.AL\"},\"image\":{\"@id\":\"https:\\\/\\\/www.radiance.al\\\/es\\\/#\\\/schema\\\/logo\\\/image\\\/\"},\"sameAs\":[\"https:\\\/\\\/www.instagram.com\\\/radiance_al\\\/?hl=en\"],\"description\":\"\\\"Radiance Dental Hospital n\u00eb Shqip\u00ebri: spital dentar modern me teknologji 3D, implantologji, estetik\u00eb dhe specialist\u00eb me mbi 15 vite p\u00ebrvoj\u00eb. Prenoto konsult\u00ebn falas!\\\"\",\"email\":\"info@radiance.al\",\"telephone\":\"+355694799949\",\"legalName\":\"Radiance Dental Hospital\",\"foundingDate\":\"2025-03-18\",\"numberOfEmployees\":{\"@type\":\"QuantitativeValue\",\"minValue\":\"11\",\"maxValue\":\"50\"}}]}<\/script>\n<!-- \/ Yoast SEO Premium plugin. -->","yoast_head_json":{"title":"Tratamiento de la periodontitis en Albania: tratamientos eficaces para unas enc\u00edas sanas","description":"Periodoncia en Radiance: cuidado de las enc\u00edas, tratamientos de gingivitis y periodontitis, limpiezas profundas y terapias l\u00e1ser.","robots":{"index":"index","follow":"follow","max-snippet":"max-snippet:-1","max-image-preview":"max-image-preview:large","max-video-preview":"max-video-preview:-1"},"canonical":"https:\/\/www.radiance.al\/es\/periodoncia\/","og_locale":"es_ES","og_type":"article","og_title":"Periodoncia","og_description":"Periodoncia en Radiance: cuidado de las enc\u00edas, tratamientos de gingivitis y periodontitis, limpiezas profundas y terapias l\u00e1ser.","og_url":"https:\/\/www.radiance.al\/es\/periodoncia\/","og_site_name":"RADIANCE.AL","article_publisher":"https:\/\/www.instagram.com\/radiance_al\/?hl=en","article_modified_time":"2026-04-21T19:18:20+00:00","og_image":[{"width":1080,"height":1350,"url":"https:\/\/www.radiance.al\/wp-content\/uploads\/2025\/06\/parodontologia.jpg","type":"image\/jpeg"}],"twitter_card":"summary_large_image","twitter_misc":{"Tiempo de lectura":"1 minuto"},"schema":{"@context":"https:\/\/schema.org","@graph":[{"@type":"WebPage","@id":"https:\/\/www.radiance.al\/es\/periodoncia\/","url":"https:\/\/www.radiance.al\/es\/periodoncia\/","name":"Tratamiento de la periodontitis en Albania: tratamientos eficaces para unas enc\u00edas sanas","isPartOf":{"@id":"https:\/\/www.radiance.al\/es\/#website"},"primaryImageOfPage":{"@id":"https:\/\/www.radiance.al\/es\/periodoncia\/#primaryimage"},"image":{"@id":"https:\/\/www.radiance.al\/es\/periodoncia\/#primaryimage"},"thumbnailUrl":"https:\/\/www.radiance.al\/wp-content\/uploads\/2025\/06\/parodontologia.jpg","datePublished":"2025-05-20T13:15:23+00:00","dateModified":"2026-04-21T19:18:20+00:00","description":"Periodoncia en Radiance: cuidado de las enc\u00edas, tratamientos de gingivitis y periodontitis, limpiezas profundas y terapias l\u00e1ser.","breadcrumb":{"@id":"https:\/\/www.radiance.al\/es\/periodoncia\/#breadcrumb"},"inLanguage":"es","potentialAction":[{"@type":"ReadAction","target":["https:\/\/www.radiance.al\/es\/periodoncia\/"]}]},{"@type":"ImageObject","inLanguage":"es","@id":"https:\/\/www.radiance.al\/es\/periodoncia\/#primaryimage","url":"https:\/\/www.radiance.al\/wp-content\/uploads\/2025\/06\/parodontologia.jpg","contentUrl":"https:\/\/www.radiance.al\/wp-content\/uploads\/2025\/06\/parodontologia.jpg","width":1080,"height":1350,"caption":"Tratamiento de la gingivitis y la periodontitis con tecnolog\u00edas modernas"},{"@type":"BreadcrumbList","@id":"https:\/\/www.radiance.al\/es\/periodoncia\/#breadcrumb","itemListElement":[{"@type":"ListItem","position":1,"name":"Home","item":"https:\/\/www.radiance.al\/es\/inicio\/"},{"@type":"ListItem","position":2,"name":"Periodoncia"}]},{"@type":"WebSite","@id":"https:\/\/www.radiance.al\/es\/#website","url":"https:\/\/www.radiance.al\/es\/","name":"RADIANCE.AL","description":"RADIANCE DENTAL HOSPITAL","publisher":{"@id":"https:\/\/www.radiance.al\/es\/#organization"},"potentialAction":[{"@type":"SearchAction","target":{"@type":"EntryPoint","urlTemplate":"https:\/\/www.radiance.al\/es\/?s={search_term_string}"},"query-input":{"@type":"PropertyValueSpecification","valueRequired":true,"valueName":"search_term_string"}}],"inLanguage":"es"},{"@type":"Organization","@id":"https:\/\/www.radiance.al\/es\/#organization","name":"RADIANCE.AL","alternateName":"Radiance Dental Hospital","url":"https:\/\/www.radiance.al\/es\/","logo":{"@type":"ImageObject","inLanguage":"es","@id":"https:\/\/www.radiance.al\/es\/#\/schema\/logo\/image\/","url":"https:\/\/www.radiance.al\/wp-content\/uploads\/2025\/05\/faviconn.jpeg","contentUrl":"https:\/\/www.radiance.al\/wp-content\/uploads\/2025\/05\/faviconn.jpeg","width":48,"height":48,"caption":"RADIANCE.AL"},"image":{"@id":"https:\/\/www.radiance.al\/es\/#\/schema\/logo\/image\/"},"sameAs":["https:\/\/www.instagram.com\/radiance_al\/?hl=en"],"description":"\"Radiance Dental Hospital n\u00eb Shqip\u00ebri: spital dentar modern me teknologji 3D, implantologji, estetik\u00eb dhe specialist\u00eb me mbi 15 vite p\u00ebrvoj\u00eb. Prenoto konsult\u00ebn falas!\"","email":"info@radiance.al","telephone":"+355694799949","legalName":"Radiance Dental Hospital","foundingDate":"2025-03-18","numberOfEmployees":{"@type":"QuantitativeValue","minValue":"11","maxValue":"50"}}]}},"_links":{"self":[{"href":"https:\/\/www.radiance.al\/es\/wp-json\/wp\/v2\/pages\/12053","targetHints":{"allow":["GET"]}}],"collection":[{"href":"https:\/\/www.radiance.al\/es\/wp-json\/wp\/v2\/pages"}],"about":[{"href":"https:\/\/www.radiance.al\/es\/wp-json\/wp\/v2\/types\/page"}],"author":[{"embeddable":true,"href":"https:\/\/www.radiance.al\/es\/wp-json\/wp\/v2\/users\/1"}],"replies":[{"embeddable":true,"href":"https:\/\/www.radiance.al\/es\/wp-json\/wp\/v2\/comments?post=12053"}],"version-history":[{"count":5,"href":"https:\/\/www.radiance.al\/es\/wp-json\/wp\/v2\/pages\/12053\/revisions"}],"predecessor-version":[{"id":12209,"href":"https:\/\/www.radiance.al\/es\/wp-json\/wp\/v2\/pages\/12053\/revisions\/12209"}],"wp:featuredmedia":[{"embeddable":true,"href":"https:\/\/www.radiance.al\/es\/wp-json\/wp\/v2\/media\/11907"}],"wp:attachment":[{"href":"https:\/\/www.radiance.al\/es\/wp-json\/wp\/v2\/media?parent=12053"}],"curies":[{"name":"wp","href":"https:\/\/api.w.org\/{rel}","templated":true}]}}