{"id":12240,"date":"2025-05-16T11:03:16","date_gmt":"2025-05-16T11:03:16","guid":{"rendered":"https:\/\/www.radiance.al\/anxhela-naci\/"},"modified":"2026-04-21T21:01:16","modified_gmt":"2026-04-21T21:01:16","slug":"anxhela-naci","status":"publish","type":"page","link":"https:\/\/www.radiance.al\/es\/anxhela-naci\/","title":{"rendered":"Anxhela Na\u00e7i"},"content":{"rendered":"\t\t<div data-elementor-type=\"wp-page\" data-elementor-id=\"12240\" class=\"elementor elementor-12240 elementor-3286\">\n\t\t\t\t<div class=\"elementor-element elementor-element-ee91e83 e-flex e-con-boxed e-con e-parent\" data-id=\"ee91e83\" data-element_type=\"container\" data-e-type=\"container\">\n\t\t\t\t\t<div class=\"e-con-inner\">\n\t\t<div class=\"elementor-element elementor-element-de1a327 e-con-full sticky-box e-flex e-con e-child\" data-id=\"de1a327\" data-element_type=\"container\" data-e-type=\"container\">\n\t\t\t\t<div class=\"elementor-element elementor-element-6863b4b elementor-widget elementor-widget-image\" data-id=\"6863b4b\" data-element_type=\"widget\" data-e-type=\"widget\" data-widget_type=\"image.default\">\n\t\t\t\t<div class=\"elementor-widget-container\">\n\t\t\t\t\t\t\t\t\t\t\t\t\t\t\t<img fetchpriority=\"high\" decoding=\"async\" width=\"300\" height=\"319\" src=\"https:\/\/www.radiance.al\/wp-content\/uploads\/2025\/05\/cje.png\" class=\"attachment-full size-full wp-image-11984\" alt=\"\" srcset=\"https:\/\/www.radiance.al\/wp-content\/uploads\/2025\/05\/cje.png 300w, https:\/\/www.radiance.al\/wp-content\/uploads\/2025\/05\/cje-282x300.png 282w\" sizes=\"(max-width: 300px) 100vw, 300px\" \/>\t\t\t\t\t\t\t\t\t\t\t\t\t\t\t<\/div>\n\t\t\t\t<\/div>\n\t\t\t\t<div class=\"elementor-element elementor-element-588ccfc elementor-widget elementor-widget-heading\" data-id=\"588ccfc\" data-element_type=\"widget\" data-e-type=\"widget\" data-widget_type=\"heading.default\">\n\t\t\t\t<div class=\"elementor-widget-container\">\n\t\t\t\t\t<h2 class=\"elementor-heading-title elementor-size-default\">Anxhela Na\u00e7i<\/h2>\t\t\t\t<\/div>\n\t\t\t\t<\/div>\n\t\t\t\t<div class=\"elementor-element elementor-element-aaa8cb0 elementor-widget elementor-widget-text-editor\" data-id=\"aaa8cb0\" data-element_type=\"widget\" data-e-type=\"widget\" data-widget_type=\"text-editor.default\">\n\t\t\t\t<div class=\"elementor-widget-container\">\n\t\t\t\t\t\t\t\t\t<p><strong>Enfermera<\/strong><\/p>\t\t\t\t\t\t\t\t<\/div>\n\t\t\t\t<\/div>\n\t\t\t\t<\/div>\n\t\t<div class=\"elementor-element elementor-element-5dcaccd e-con-full e-flex e-con e-child\" data-id=\"5dcaccd\" data-element_type=\"container\" data-e-type=\"container\">\n\t\t\t\t<div class=\"elementor-element elementor-element-a780d28 elementor-widget elementor-widget-heading\" data-id=\"a780d28\" data-element_type=\"widget\" data-e-type=\"widget\" data-widget_type=\"heading.default\">\n\t\t\t\t<div class=\"elementor-widget-container\">\n\t\t\t\t\t<h2 class=\"elementor-heading-title elementor-size-default\">Informaci\u00f3n personal<\/h2>\t\t\t\t<\/div>\n\t\t\t\t<\/div>\n\t\t\t\t<div class=\"elementor-element elementor-element-faa783e elementor-widget elementor-widget-text-editor\" data-id=\"faa783e\" data-element_type=\"widget\" data-e-type=\"widget\" data-widget_type=\"text-editor.default\">\n\t\t\t\t<div class=\"elementor-widget-container\">\n\t\t\t\t\t\t\t\t\t<p><strong>Nombre completo<\/strong>: Anxhela Na\u00e7i<br><strong>Nacionalidad<\/strong>: albanesa<br><strong>Idiomas<\/strong> hablados: <strong>alban\u00e9s<\/strong> (lengua materna),<strong> italiano<\/strong> (b\u00e1sico), <strong>ingl\u00e9s<\/strong> (b\u00e1sico)<\/p><p><strong>Experiencia<\/strong>: Experiencia en el \u00e1mbito de la atenci\u00f3n <strong>odontol\u00f3gica y quir\u00fargica<\/strong><\/p>\t\t\t\t\t\t\t\t<\/div>\n\t\t\t\t<\/div>\n\t\t\t\t<div class=\"elementor-element elementor-element-3735ac8 elementor-widget elementor-widget-spacer\" data-id=\"3735ac8\" data-element_type=\"widget\" data-e-type=\"widget\" data-widget_type=\"spacer.default\">\n\t\t\t\t<div class=\"elementor-widget-container\">\n\t\t\t\t\t\t\t<div class=\"elementor-spacer\">\n\t\t\t<div class=\"elementor-spacer-inner\"><\/div>\n\t\t<\/div>\n\t\t\t\t\t\t<\/div>\n\t\t\t\t<\/div>\n\t\t\t\t<div class=\"elementor-element elementor-element-bb93b3a elementor-widget elementor-widget-heading\" data-id=\"bb93b3a\" data-element_type=\"widget\" data-e-type=\"widget\" data-widget_type=\"heading.default\">\n\t\t\t\t<div class=\"elementor-widget-container\">\n\t\t\t\t\t<h2 class=\"elementor-heading-title elementor-size-default\">Perfil profesional<\/h2>\t\t\t\t<\/div>\n\t\t\t\t<\/div>\n\t\t\t\t<div class=\"elementor-element elementor-element-c5dd6d0 elementor-widget elementor-widget-text-editor\" data-id=\"c5dd6d0\" data-element_type=\"widget\" data-e-type=\"widget\" data-widget_type=\"text-editor.default\">\n\t\t\t\t<div class=\"elementor-widget-container\">\n\t\t\t\t\t\t\t\t\t<p><strong>Anxhela Na\u00e7i<\/strong> es licenciada en <strong>Ciencias de la Salud<\/strong> por <strong>la Universidad \u00abIsmail Qemali\u00bb de Vlora<\/strong>, con especializaci\u00f3n en <strong>Enfermer\u00eda-Ostetricia<\/strong>. A lo largo de su carrera, ha adquirido una importante experiencia como auxiliar de <strong>odontolog\u00eda<\/strong>, apoyando de forma competente y precisa la cirug\u00eda, las pr\u00f3tesis y la <strong>terapia dental<\/strong>. Su atenci\u00f3n al detalle, combinada con excelentes habilidades de comunicaci\u00f3n y un fuerte esp\u00edritu de <strong>colaboraci\u00f3n<\/strong>, le permiten contribuir diariamente a crear un entorno acogedor y profesional para los pacientes en <strong>Radiance Dental Hospital<\/strong>.  <\/p><p><strong>Anxhela<\/strong> destaca por su servicialidad, amabilidad y dedicaci\u00f3n al bienestar del paciente, demostrando una gran fiabilidad en cada etapa del recorrido <strong>cl\u00ednico<\/strong>.<\/p>\t\t\t\t\t\t\t\t<\/div>\n\t\t\t\t<\/div>\n\t\t\t\t<div class=\"elementor-element elementor-element-c7eca24 elementor-widget elementor-widget-spacer\" data-id=\"c7eca24\" data-element_type=\"widget\" data-e-type=\"widget\" data-widget_type=\"spacer.default\">\n\t\t\t\t<div class=\"elementor-widget-container\">\n\t\t\t\t\t\t\t<div class=\"elementor-spacer\">\n\t\t\t<div class=\"elementor-spacer-inner\"><\/div>\n\t\t<\/div>\n\t\t\t\t\t\t<\/div>\n\t\t\t\t<\/div>\n\t\t\t\t<div class=\"elementor-element elementor-element-d5f4d37 elementor-widget elementor-widget-heading\" data-id=\"d5f4d37\" data-element_type=\"widget\" data-e-type=\"widget\" data-widget_type=\"heading.default\">\n\t\t\t\t<div class=\"elementor-widget-container\">\n\t\t\t\t\t<h2 class=\"elementor-heading-title elementor-size-default\">Experiencia profesional<\/h2>\t\t\t\t<\/div>\n\t\t\t\t<\/div>\n\t\t\t\t<div class=\"elementor-element elementor-element-5e18c30 elementor-widget elementor-widget-text-editor\" data-id=\"5e18c30\" data-element_type=\"widget\" data-e-type=\"widget\" data-widget_type=\"text-editor.default\">\n\t\t\t\t<div class=\"elementor-widget-container\">\n\t\t\t\t\t\t\t\t\t<p>Hospital Dental Radiance &#8211; Tirana<\/p>\t\t\t\t\t\t\t\t<\/div>\n\t\t\t\t<\/div>\n\t\t\t\t<div class=\"elementor-element elementor-element-e2f80e0 elementor-widget elementor-widget-text-editor\" data-id=\"e2f80e0\" data-element_type=\"widget\" data-e-type=\"widget\" data-widget_type=\"text-editor.default\">\n\t\t\t\t<div class=\"elementor-widget-container\">\n\t\t\t\t\t\t\t\t\t<p>Enfermera y Auxiliar de Odontolog\u00eda<\/p>\t\t\t\t\t\t\t\t<\/div>\n\t\t\t\t<\/div>\n\t\t\t\t<div class=\"elementor-element elementor-element-b938fd8 elementor-widget elementor-widget-text-editor\" data-id=\"b938fd8\" data-element_type=\"widget\" data-e-type=\"widget\" data-widget_type=\"text-editor.default\">\n\t\t\t\t<div class=\"elementor-widget-container\">\n\t\t\t\t\t\t\t\t\t<p>&#8211;<strong> Asistencia<\/strong> en intervenciones <strong>quir\u00fargicas<\/strong><br>&#8211; Apoyo en <strong>pr\u00f3tesis<\/strong> y <strong>terapias dentales<\/strong><br>&#8211; Gesti\u00f3n de las relaciones <strong>con los pacientes<\/strong> y de las fases <strong>pre y postoperatorias<\/strong><br>&#8211; <strong>Colaboraci\u00f3n<\/strong> continua con el equipo m\u00e9dico para garantizar un <strong>servicio de<\/strong> alta calidad<\/p>\t\t\t\t\t\t\t\t<\/div>\n\t\t\t\t<\/div>\n\t\t\t\t<div class=\"elementor-element elementor-element-56064fc elementor-widget elementor-widget-heading\" data-id=\"56064fc\" data-element_type=\"widget\" data-e-type=\"widget\" data-widget_type=\"heading.default\">\n\t\t\t\t<div class=\"elementor-widget-container\">\n\t\t\t\t\t<h2 class=\"elementor-heading-title elementor-size-default\">Formaci\u00f3n acad\u00e9mica<\/h2>\t\t\t\t<\/div>\n\t\t\t\t<\/div>\n\t\t\t\t<div class=\"elementor-element elementor-element-e9077e0 elementor-widget elementor-widget-text-editor\" data-id=\"e9077e0\" data-element_type=\"widget\" data-e-type=\"widget\" data-widget_type=\"text-editor.default\">\n\t\t\t\t<div class=\"elementor-widget-container\">\n\t\t\t\t\t\t\t\t\t<p>Licenciatura en Ciencias de la Salud<\/p>\t\t\t\t\t\t\t\t<\/div>\n\t\t\t\t<\/div>\n\t\t\t\t<div class=\"elementor-element elementor-element-620ab81 elementor-widget elementor-widget-text-editor\" data-id=\"620ab81\" data-element_type=\"widget\" data-e-type=\"widget\" data-widget_type=\"text-editor.default\">\n\t\t\t\t<div class=\"elementor-widget-container\">\n\t\t\t\t\t\t\t\t\t<p><strong>Enfermer\u00eda-Ostetricia Universidad \u00abIsmail Qemali\u00bb de Vlora<\/strong><\/p>\t\t\t\t\t\t\t\t<\/div>\n\t\t\t\t<\/div>\n\t\t\t\t<\/div>\n\t\t\t\t\t<\/div>\n\t\t\t\t<\/div>\n\t\t\t\t<\/div>\n\t\t","protected":false},"excerpt":{"rendered":"<p>Anxhela Na\u00e7i Enfermera Informaci\u00f3n personal Nombre completo: Anxhela Na\u00e7iNacionalidad: albanesaIdiomas hablados: alban\u00e9s (lengua materna), italiano (b\u00e1sico), ingl\u00e9s (b\u00e1sico) Experiencia: Experiencia en el \u00e1mbito de la atenci\u00f3n odontol\u00f3gica y quir\u00fargica Perfil profesional Anxhela Na\u00e7i es licenciada en Ciencias de la Salud por la Universidad \u00abIsmail Qemali\u00bb de Vlora, con especializaci\u00f3n en [&hellip;]<\/p>\n","protected":false},"author":1,"featured_media":11969,"parent":0,"menu_order":0,"comment_status":"closed","ping_status":"closed","template":"elementor_header_footer","meta":{"_acf_changed":false,"footnotes":""},"class_list":["post-12240","page","type-page","status-publish","has-post-thumbnail","hentry"],"acf":[],"yoast_head":"<!-- This site is optimized with the Yoast SEO Premium plugin v27.4 (Yoast SEO v27.4) - https:\/\/yoast.com\/product\/yoast-seo-premium-wordpress\/ -->\n<title>Anxhela Na\u00e7i - Enfermera dental en Radiance<\/title>\n<meta name=\"description\" content=\"Anxhela Na\u00e7i, enfermera dental y quir\u00fargica del Hospital Dental Radiance de Tirana. Habla italiano, ingl\u00e9s y alban\u00e9s.\" \/>\n<meta name=\"robots\" content=\"index, follow, max-snippet:-1, max-image-preview:large, max-video-preview:-1\" \/>\n<link rel=\"canonical\" href=\"https:\/\/www.radiance.al\/es\/anxhela-naci\/\" \/>\n<meta property=\"og:locale\" content=\"es_ES\" \/>\n<meta property=\"og:type\" content=\"article\" \/>\n<meta property=\"og:title\" content=\"Conoce a Anxhela Na\u00e7i, la enfermera que garantiza tu comodidad en Radiance Dental en Tirana\" \/>\n<meta property=\"og:description\" content=\"Anxhela Na\u00e7i: competencia y amabilidad en asistencia dental y quir\u00fargica. Habla alban\u00e9s, italiano e ingl\u00e9s, \u00a1dispuesta a hacer que tu experiencia en Radiance Dental sea a\u00fan m\u00e1s agradable!\" \/>\n<meta property=\"og:url\" content=\"https:\/\/www.radiance.al\/es\/anxhela-naci\/\" \/>\n<meta property=\"og:site_name\" content=\"RADIANCE.AL\" \/>\n<meta property=\"article:publisher\" content=\"https:\/\/www.instagram.com\/radiance_al\/?hl=en\" \/>\n<meta property=\"article:modified_time\" content=\"2026-04-21T21:01:16+00:00\" \/>\n<meta property=\"og:image\" content=\"https:\/\/www.radiance.al\/wp-content\/uploads\/2025\/06\/staff.jpg\" \/>\n\t<meta property=\"og:image:width\" content=\"945\" \/>\n\t<meta property=\"og:image:height\" content=\"1181\" \/>\n\t<meta property=\"og:image:type\" content=\"image\/jpeg\" \/>\n<meta name=\"twitter:card\" content=\"summary_large_image\" \/>\n<meta name=\"twitter:title\" content=\"Anxhela Na\u00e7i - enfermera experimentada de Radiance Dental Tirana\" \/>\n<meta name=\"twitter:description\" content=\"Experiencia, atenci\u00f3n e idioma: Anxhela te acompa\u00f1a en cada etapa de tu tratamiento dental en Radiance Dental de Tirana.\" \/>\n<meta name=\"twitter:label1\" content=\"Tiempo de lectura\" \/>\n\t<meta name=\"twitter:data1\" content=\"1 minuto\" \/>\n<script type=\"application\/ld+json\" class=\"yoast-schema-graph\">{\"@context\":\"https:\\\/\\\/schema.org\",\"@graph\":[{\"@type\":\"WebPage\",\"@id\":\"https:\\\/\\\/www.radiance.al\\\/es\\\/anxhela-naci\\\/\",\"url\":\"https:\\\/\\\/www.radiance.al\\\/es\\\/anxhela-naci\\\/\",\"name\":\"Anxhela Na\u00e7i - Enfermera dental en Radiance\",\"isPartOf\":{\"@id\":\"https:\\\/\\\/www.radiance.al\\\/es\\\/#website\"},\"primaryImageOfPage\":{\"@id\":\"https:\\\/\\\/www.radiance.al\\\/es\\\/anxhela-naci\\\/#primaryimage\"},\"image\":{\"@id\":\"https:\\\/\\\/www.radiance.al\\\/es\\\/anxhela-naci\\\/#primaryimage\"},\"thumbnailUrl\":\"https:\\\/\\\/www.radiance.al\\\/wp-content\\\/uploads\\\/2025\\\/06\\\/staff.jpg\",\"datePublished\":\"2025-05-16T11:03:16+00:00\",\"dateModified\":\"2026-04-21T21:01:16+00:00\",\"description\":\"Anxhela Na\u00e7i, enfermera dental y quir\u00fargica del Hospital Dental Radiance de Tirana. Habla italiano, ingl\u00e9s y alban\u00e9s.\",\"breadcrumb\":{\"@id\":\"https:\\\/\\\/www.radiance.al\\\/es\\\/anxhela-naci\\\/#breadcrumb\"},\"inLanguage\":\"es\",\"potentialAction\":[{\"@type\":\"ReadAction\",\"target\":[\"https:\\\/\\\/www.radiance.al\\\/es\\\/anxhela-naci\\\/\"]}]},{\"@type\":\"ImageObject\",\"inLanguage\":\"es\",\"@id\":\"https:\\\/\\\/www.radiance.al\\\/es\\\/anxhela-naci\\\/#primaryimage\",\"url\":\"https:\\\/\\\/www.radiance.al\\\/wp-content\\\/uploads\\\/2025\\\/06\\\/staff.jpg\",\"contentUrl\":\"https:\\\/\\\/www.radiance.al\\\/wp-content\\\/uploads\\\/2025\\\/06\\\/staff.jpg\",\"width\":945,\"height\":1181},{\"@type\":\"BreadcrumbList\",\"@id\":\"https:\\\/\\\/www.radiance.al\\\/es\\\/anxhela-naci\\\/#breadcrumb\",\"itemListElement\":[{\"@type\":\"ListItem\",\"position\":1,\"name\":\"Home\",\"item\":\"https:\\\/\\\/www.radiance.al\\\/es\\\/inicio\\\/\"},{\"@type\":\"ListItem\",\"position\":2,\"name\":\"Anxhela Na\u00e7i - Enfermera dental\"}]},{\"@type\":\"WebSite\",\"@id\":\"https:\\\/\\\/www.radiance.al\\\/es\\\/#website\",\"url\":\"https:\\\/\\\/www.radiance.al\\\/es\\\/\",\"name\":\"RADIANCE.AL\",\"description\":\"RADIANCE DENTAL HOSPITAL\",\"publisher\":{\"@id\":\"https:\\\/\\\/www.radiance.al\\\/es\\\/#organization\"},\"potentialAction\":[{\"@type\":\"SearchAction\",\"target\":{\"@type\":\"EntryPoint\",\"urlTemplate\":\"https:\\\/\\\/www.radiance.al\\\/es\\\/?s={search_term_string}\"},\"query-input\":{\"@type\":\"PropertyValueSpecification\",\"valueRequired\":true,\"valueName\":\"search_term_string\"}}],\"inLanguage\":\"es\"},{\"@type\":\"Organization\",\"@id\":\"https:\\\/\\\/www.radiance.al\\\/es\\\/#organization\",\"name\":\"RADIANCE.AL\",\"alternateName\":\"Radiance Dental Hospital\",\"url\":\"https:\\\/\\\/www.radiance.al\\\/es\\\/\",\"logo\":{\"@type\":\"ImageObject\",\"inLanguage\":\"es\",\"@id\":\"https:\\\/\\\/www.radiance.al\\\/es\\\/#\\\/schema\\\/logo\\\/image\\\/\",\"url\":\"https:\\\/\\\/www.radiance.al\\\/wp-content\\\/uploads\\\/2025\\\/05\\\/faviconn.jpeg\",\"contentUrl\":\"https:\\\/\\\/www.radiance.al\\\/wp-content\\\/uploads\\\/2025\\\/05\\\/faviconn.jpeg\",\"width\":48,\"height\":48,\"caption\":\"RADIANCE.AL\"},\"image\":{\"@id\":\"https:\\\/\\\/www.radiance.al\\\/es\\\/#\\\/schema\\\/logo\\\/image\\\/\"},\"sameAs\":[\"https:\\\/\\\/www.instagram.com\\\/radiance_al\\\/?hl=en\"],\"description\":\"\\\"Radiance Dental Hospital n\u00eb Shqip\u00ebri: spital dentar modern me teknologji 3D, implantologji, estetik\u00eb dhe specialist\u00eb me mbi 15 vite p\u00ebrvoj\u00eb. Prenoto konsult\u00ebn falas!\\\"\",\"email\":\"info@radiance.al\",\"telephone\":\"+355694799949\",\"legalName\":\"Radiance Dental Hospital\",\"foundingDate\":\"2025-03-18\",\"numberOfEmployees\":{\"@type\":\"QuantitativeValue\",\"minValue\":\"11\",\"maxValue\":\"50\"}}]}<\/script>\n<!-- \/ Yoast SEO Premium plugin. -->","yoast_head_json":{"title":"Anxhela Na\u00e7i - Enfermera dental en Radiance","description":"Anxhela Na\u00e7i, enfermera dental y quir\u00fargica del Hospital Dental Radiance de Tirana. Habla italiano, ingl\u00e9s y alban\u00e9s.","robots":{"index":"index","follow":"follow","max-snippet":"max-snippet:-1","max-image-preview":"max-image-preview:large","max-video-preview":"max-video-preview:-1"},"canonical":"https:\/\/www.radiance.al\/es\/anxhela-naci\/","og_locale":"es_ES","og_type":"article","og_title":"Conoce a Anxhela Na\u00e7i, la enfermera que garantiza tu comodidad en Radiance Dental en Tirana","og_description":"Anxhela Na\u00e7i: competencia y amabilidad en asistencia dental y quir\u00fargica. Habla alban\u00e9s, italiano e ingl\u00e9s, \u00a1dispuesta a hacer que tu experiencia en Radiance Dental sea a\u00fan m\u00e1s agradable!","og_url":"https:\/\/www.radiance.al\/es\/anxhela-naci\/","og_site_name":"RADIANCE.AL","article_publisher":"https:\/\/www.instagram.com\/radiance_al\/?hl=en","article_modified_time":"2026-04-21T21:01:16+00:00","og_image":[{"width":945,"height":1181,"url":"https:\/\/www.radiance.al\/wp-content\/uploads\/2025\/06\/staff.jpg","type":"image\/jpeg"}],"twitter_card":"summary_large_image","twitter_title":"Anxhela Na\u00e7i - enfermera experimentada de Radiance Dental Tirana","twitter_description":"Experiencia, atenci\u00f3n e idioma: Anxhela te acompa\u00f1a en cada etapa de tu tratamiento dental en Radiance Dental de Tirana.","twitter_misc":{"Tiempo de lectura":"1 minuto"},"schema":{"@context":"https:\/\/schema.org","@graph":[{"@type":"WebPage","@id":"https:\/\/www.radiance.al\/es\/anxhela-naci\/","url":"https:\/\/www.radiance.al\/es\/anxhela-naci\/","name":"Anxhela Na\u00e7i - Enfermera dental en Radiance","isPartOf":{"@id":"https:\/\/www.radiance.al\/es\/#website"},"primaryImageOfPage":{"@id":"https:\/\/www.radiance.al\/es\/anxhela-naci\/#primaryimage"},"image":{"@id":"https:\/\/www.radiance.al\/es\/anxhela-naci\/#primaryimage"},"thumbnailUrl":"https:\/\/www.radiance.al\/wp-content\/uploads\/2025\/06\/staff.jpg","datePublished":"2025-05-16T11:03:16+00:00","dateModified":"2026-04-21T21:01:16+00:00","description":"Anxhela Na\u00e7i, enfermera dental y quir\u00fargica del Hospital Dental Radiance de Tirana. Habla italiano, ingl\u00e9s y alban\u00e9s.","breadcrumb":{"@id":"https:\/\/www.radiance.al\/es\/anxhela-naci\/#breadcrumb"},"inLanguage":"es","potentialAction":[{"@type":"ReadAction","target":["https:\/\/www.radiance.al\/es\/anxhela-naci\/"]}]},{"@type":"ImageObject","inLanguage":"es","@id":"https:\/\/www.radiance.al\/es\/anxhela-naci\/#primaryimage","url":"https:\/\/www.radiance.al\/wp-content\/uploads\/2025\/06\/staff.jpg","contentUrl":"https:\/\/www.radiance.al\/wp-content\/uploads\/2025\/06\/staff.jpg","width":945,"height":1181},{"@type":"BreadcrumbList","@id":"https:\/\/www.radiance.al\/es\/anxhela-naci\/#breadcrumb","itemListElement":[{"@type":"ListItem","position":1,"name":"Home","item":"https:\/\/www.radiance.al\/es\/inicio\/"},{"@type":"ListItem","position":2,"name":"Anxhela Na\u00e7i - Enfermera dental"}]},{"@type":"WebSite","@id":"https:\/\/www.radiance.al\/es\/#website","url":"https:\/\/www.radiance.al\/es\/","name":"RADIANCE.AL","description":"RADIANCE DENTAL HOSPITAL","publisher":{"@id":"https:\/\/www.radiance.al\/es\/#organization"},"potentialAction":[{"@type":"SearchAction","target":{"@type":"EntryPoint","urlTemplate":"https:\/\/www.radiance.al\/es\/?s={search_term_string}"},"query-input":{"@type":"PropertyValueSpecification","valueRequired":true,"valueName":"search_term_string"}}],"inLanguage":"es"},{"@type":"Organization","@id":"https:\/\/www.radiance.al\/es\/#organization","name":"RADIANCE.AL","alternateName":"Radiance Dental Hospital","url":"https:\/\/www.radiance.al\/es\/","logo":{"@type":"ImageObject","inLanguage":"es","@id":"https:\/\/www.radiance.al\/es\/#\/schema\/logo\/image\/","url":"https:\/\/www.radiance.al\/wp-content\/uploads\/2025\/05\/faviconn.jpeg","contentUrl":"https:\/\/www.radiance.al\/wp-content\/uploads\/2025\/05\/faviconn.jpeg","width":48,"height":48,"caption":"RADIANCE.AL"},"image":{"@id":"https:\/\/www.radiance.al\/es\/#\/schema\/logo\/image\/"},"sameAs":["https:\/\/www.instagram.com\/radiance_al\/?hl=en"],"description":"\"Radiance Dental Hospital n\u00eb Shqip\u00ebri: spital dentar modern me teknologji 3D, implantologji, estetik\u00eb dhe specialist\u00eb me mbi 15 vite p\u00ebrvoj\u00eb. Prenoto konsult\u00ebn falas!\"","email":"info@radiance.al","telephone":"+355694799949","legalName":"Radiance Dental Hospital","foundingDate":"2025-03-18","numberOfEmployees":{"@type":"QuantitativeValue","minValue":"11","maxValue":"50"}}]}},"_links":{"self":[{"href":"https:\/\/www.radiance.al\/es\/wp-json\/wp\/v2\/pages\/12240","targetHints":{"allow":["GET"]}}],"collection":[{"href":"https:\/\/www.radiance.al\/es\/wp-json\/wp\/v2\/pages"}],"about":[{"href":"https:\/\/www.radiance.al\/es\/wp-json\/wp\/v2\/types\/page"}],"author":[{"embeddable":true,"href":"https:\/\/www.radiance.al\/es\/wp-json\/wp\/v2\/users\/1"}],"replies":[{"embeddable":true,"href":"https:\/\/www.radiance.al\/es\/wp-json\/wp\/v2\/comments?post=12240"}],"version-history":[{"count":10,"href":"https:\/\/www.radiance.al\/es\/wp-json\/wp\/v2\/pages\/12240\/revisions"}],"predecessor-version":[{"id":12263,"href":"https:\/\/www.radiance.al\/es\/wp-json\/wp\/v2\/pages\/12240\/revisions\/12263"}],"wp:featuredmedia":[{"embeddable":true,"href":"https:\/\/www.radiance.al\/es\/wp-json\/wp\/v2\/media\/11969"}],"wp:attachment":[{"href":"https:\/\/www.radiance.al\/es\/wp-json\/wp\/v2\/media?parent=12240"}],"curies":[{"name":"wp","href":"https:\/\/api.w.org\/{rel}","templated":true}]}}