{"id":12303,"date":"2025-07-23T10:21:43","date_gmt":"2025-07-23T10:21:43","guid":{"rendered":"https:\/\/www.radiance.al\/dra-ernela-lipo\/"},"modified":"2026-04-21T21:03:35","modified_gmt":"2026-04-21T21:03:35","slug":"dra-ernela-lipo","status":"publish","type":"page","link":"https:\/\/www.radiance.al\/es\/dra-ernela-lipo\/","title":{"rendered":"Dra. Ernela Lipo"},"content":{"rendered":"\t\t<div data-elementor-type=\"wp-page\" data-elementor-id=\"12303\" class=\"elementor elementor-12303 elementor-7920\">\n\t\t\t\t<div class=\"elementor-element elementor-element-ee91e83 sticky_sec e-flex e-con-boxed e-con e-parent\" data-id=\"ee91e83\" data-element_type=\"container\" data-e-type=\"container\">\n\t\t\t\t\t<div class=\"e-con-inner\">\n\t\t<div class=\"elementor-element elementor-element-de1a327 e-con-full sticky-box e-flex e-con e-child\" data-id=\"de1a327\" data-element_type=\"container\" data-e-type=\"container\">\n\t\t\t\t<div class=\"elementor-element elementor-element-6863b4b elementor-widget elementor-widget-image\" data-id=\"6863b4b\" data-element_type=\"widget\" data-e-type=\"widget\" data-widget_type=\"image.default\">\n\t\t\t\t<div class=\"elementor-widget-container\">\n\t\t\t\t\t\t\t\t\t\t\t\t\t\t\t<img fetchpriority=\"high\" decoding=\"async\" width=\"945\" height=\"1181\" src=\"https:\/\/www.radiance.al\/wp-content\/uploads\/2025\/06\/staff10.jpg\" class=\"attachment-full size-full wp-image-11847\" alt=\"Doctor en Pr\u00f3tesis - Experto en Rehabilitaci\u00f3n Dental Est\u00e9tica y Funcional\" srcset=\"https:\/\/www.radiance.al\/wp-content\/uploads\/2025\/06\/staff10.jpg 945w, https:\/\/www.radiance.al\/wp-content\/uploads\/2025\/06\/staff10-240x300.jpg 240w, https:\/\/www.radiance.al\/wp-content\/uploads\/2025\/06\/staff10-819x1024.jpg 819w, https:\/\/www.radiance.al\/wp-content\/uploads\/2025\/06\/staff10-768x960.jpg 768w\" sizes=\"(max-width: 945px) 100vw, 945px\" \/>\t\t\t\t\t\t\t\t\t\t\t\t\t\t\t<\/div>\n\t\t\t\t<\/div>\n\t\t\t\t<div class=\"elementor-element elementor-element-588ccfc elementor-widget elementor-widget-heading\" data-id=\"588ccfc\" data-element_type=\"widget\" data-e-type=\"widget\" data-widget_type=\"heading.default\">\n\t\t\t\t<div class=\"elementor-widget-container\">\n\t\t\t\t\t<h2 class=\"elementor-heading-title elementor-size-default\">Dra. Ernela Lipo<\/h2>\t\t\t\t<\/div>\n\t\t\t\t<\/div>\n\t\t\t\t<div class=\"elementor-element elementor-element-aaa8cb0 elementor-widget elementor-widget-text-editor\" data-id=\"aaa8cb0\" data-element_type=\"widget\" data-e-type=\"widget\" data-widget_type=\"text-editor.default\">\n\t\t\t\t<div class=\"elementor-widget-container\">\n\t\t\t\t\t\t\t\t\t<p>Dentist<\/p>\t\t\t\t\t\t\t\t<\/div>\n\t\t\t\t<\/div>\n\t\t\t\t<\/div>\n\t\t<div class=\"elementor-element elementor-element-5dcaccd e-con-full e-flex e-con e-child\" data-id=\"5dcaccd\" data-element_type=\"container\" data-e-type=\"container\">\n\t\t\t\t<div class=\"elementor-element elementor-element-a780d28 elementor-widget elementor-widget-heading\" data-id=\"a780d28\" data-element_type=\"widget\" data-e-type=\"widget\" data-widget_type=\"heading.default\">\n\t\t\t\t<div class=\"elementor-widget-container\">\n\t\t\t\t\t<h2 class=\"elementor-heading-title elementor-size-default\"><b>Informaci\u00f3n personal<\/b><\/h2>\t\t\t\t<\/div>\n\t\t\t\t<\/div>\n\t\t\t\t<div class=\"elementor-element elementor-element-faa783e elementor-widget elementor-widget-text-editor\" data-id=\"faa783e\" data-element_type=\"widget\" data-e-type=\"widget\" data-widget_type=\"text-editor.default\">\n\t\t\t\t<div class=\"elementor-widget-container\">\n\t\t\t\t\t\t\t\t\t<p>Nombre y apellidos: Ernela Lipo<br>Nacionalidad: albanesa<br>Lenguas habladas: alban\u00e9s (nativo), italiano, ingl\u00e9s<\/p><p>Formaci\u00f3n: Licenciado en Odontolog\u00eda &#8211; Universidad Aldent<br>Especialidades: terapia conservadora, pr\u00f3tesis<\/p><p>Experiencia: odont\u00f3logo con experiencia cl\u00ednica en diversas ramas de la odontolog\u00eda<\/p>\t\t\t\t\t\t\t\t<\/div>\n\t\t\t\t<\/div>\n\t\t\t\t<div class=\"elementor-element elementor-element-3735ac8 elementor-widget elementor-widget-spacer\" data-id=\"3735ac8\" data-element_type=\"widget\" data-e-type=\"widget\" data-widget_type=\"spacer.default\">\n\t\t\t\t<div class=\"elementor-widget-container\">\n\t\t\t\t\t\t\t<div class=\"elementor-spacer\">\n\t\t\t<div class=\"elementor-spacer-inner\"><\/div>\n\t\t<\/div>\n\t\t\t\t\t\t<\/div>\n\t\t\t\t<\/div>\n\t\t\t\t<div class=\"elementor-element elementor-element-bb93b3a elementor-widget elementor-widget-heading\" data-id=\"bb93b3a\" data-element_type=\"widget\" data-e-type=\"widget\" data-widget_type=\"heading.default\">\n\t\t\t\t<div class=\"elementor-widget-container\">\n\t\t\t\t\t<h2 class=\"elementor-heading-title elementor-size-default\"><b>Perfil profesional<\/b><\/h2>\t\t\t\t<\/div>\n\t\t\t\t<\/div>\n\t\t\t\t<div class=\"elementor-element elementor-element-eebf357 elementor-widget elementor-widget-text-editor\" data-id=\"eebf357\" data-element_type=\"widget\" data-e-type=\"widget\" data-widget_type=\"text-editor.default\">\n\t\t\t\t<div class=\"elementor-widget-container\">\n\t\t\t\t\t\t\t\t\t<p>La Dra. Ernela Lipo es una odont\u00f3loga formada en la Universidad Aldent con una s\u00f3lida formaci\u00f3n acad\u00e9mica y cl\u00ednica. Su experiencia abarca muchas \u00e1reas de la odontolog\u00eda, incluida la terapia conservadora y la prot\u00e9sica, lo que le permite ofrecer una atenci\u00f3n personalizada e integral a cada paciente. <\/p><p><br>A lo largo de su carrera profesional, ha demostrado un fuerte compromiso con la atenci\u00f3n al paciente, centr\u00e1ndose en el bienestar, la escucha y la comunicaci\u00f3n eficaz. Su capacidad para interactuar con pacientes internacionales, gracias a su fluidez en italiano e ingl\u00e9s, la convierte en una figura esencial dentro del equipo de Radiance Dental Hospital. <\/p><p> <\/p><p>Su dedicaci\u00f3n diaria, su pasi\u00f3n por la profesi\u00f3n y su esp\u00edritu de colaboraci\u00f3n con el equipo m\u00e9dico completan su perfil profesional, garantizando altos niveles de calidad y atenci\u00f3n.<\/p>\t\t\t\t\t\t\t\t<\/div>\n\t\t\t\t<\/div>\n\t\t\t\t<div class=\"elementor-element elementor-element-c7eca24 elementor-widget elementor-widget-spacer\" data-id=\"c7eca24\" data-element_type=\"widget\" data-e-type=\"widget\" data-widget_type=\"spacer.default\">\n\t\t\t\t<div class=\"elementor-widget-container\">\n\t\t\t\t\t\t\t<div class=\"elementor-spacer\">\n\t\t\t<div class=\"elementor-spacer-inner\"><\/div>\n\t\t<\/div>\n\t\t\t\t\t\t<\/div>\n\t\t\t\t<\/div>\n\t\t\t\t<div class=\"elementor-element elementor-element-d5f4d37 elementor-widget elementor-widget-heading\" data-id=\"d5f4d37\" data-element_type=\"widget\" data-e-type=\"widget\" data-widget_type=\"heading.default\">\n\t\t\t\t<div class=\"elementor-widget-container\">\n\t\t\t\t\t<h2 class=\"elementor-heading-title elementor-size-default\"><b>Experiencia profesional<\/b><\/h2>\t\t\t\t<\/div>\n\t\t\t\t<\/div>\n\t\t\t\t<div class=\"elementor-element elementor-element-5e18c30 elementor-widget elementor-widget-text-editor\" data-id=\"5e18c30\" data-element_type=\"widget\" data-e-type=\"widget\" data-widget_type=\"text-editor.default\">\n\t\t\t\t<div class=\"elementor-widget-container\">\n\t\t\t\t\t\t\t\t\t<div class=\"elementor-element elementor-element-5e18c30 elementor-widget elementor-widget-text-editor\" data-id=\"5e18c30\" data-element_type=\"widget\" data-widget_type=\"text-editor.default\"><div class=\"elementor-widget-container\"><p><strong>Hospital Dental Radiance &#8211; Tirana<\/strong><\/p><\/div><\/div>\t\t\t\t\t\t\t\t<\/div>\n\t\t\t\t<\/div>\n\t\t\t\t<div class=\"elementor-element elementor-element-e2f80e0 elementor-widget elementor-widget-text-editor\" data-id=\"e2f80e0\" data-element_type=\"widget\" data-e-type=\"widget\" data-widget_type=\"text-editor.default\">\n\t\t\t\t<div class=\"elementor-widget-container\">\n\t\t\t\t\t\t\t\t\t<p>Dentist<\/p>\t\t\t\t\t\t\t\t<\/div>\n\t\t\t\t<\/div>\n\t\t\t\t<div class=\"elementor-element elementor-element-b938fd8 elementor-widget elementor-widget-text-editor\" data-id=\"b938fd8\" data-element_type=\"widget\" data-e-type=\"widget\" data-widget_type=\"text-editor.default\">\n\t\t\t\t<div class=\"elementor-widget-container\">\n\t\t\t\t\t\t\t\t\t<p>&#8211; Tratamientos dentales conservadores y prot\u00e9sicos<br>&#8211; Comunicaci\u00f3n con pacientes italianos e internacionales<br>&#8211; Participaci\u00f3n activa en la gesti\u00f3n de los planes de tratamiento<br>&#8211; Colaboraci\u00f3n multidisciplinar con el equipo cl\u00ednico<\/p>\t\t\t\t\t\t\t\t<\/div>\n\t\t\t\t<\/div>\n\t\t\t\t<div class=\"elementor-element elementor-element-5be8dfd elementor-widget elementor-widget-spacer\" data-id=\"5be8dfd\" data-element_type=\"widget\" data-e-type=\"widget\" data-widget_type=\"spacer.default\">\n\t\t\t\t<div class=\"elementor-widget-container\">\n\t\t\t\t\t\t\t<div class=\"elementor-spacer\">\n\t\t\t<div class=\"elementor-spacer-inner\"><\/div>\n\t\t<\/div>\n\t\t\t\t\t\t<\/div>\n\t\t\t\t<\/div>\n\t\t\t\t<div class=\"elementor-element elementor-element-56064fc elementor-widget elementor-widget-heading\" data-id=\"56064fc\" data-element_type=\"widget\" data-e-type=\"widget\" data-widget_type=\"heading.default\">\n\t\t\t\t<div class=\"elementor-widget-container\">\n\t\t\t\t\t<h2 class=\"elementor-heading-title elementor-size-default\">Formaci\u00f3n acad\u00e9mica<\/h2>\t\t\t\t<\/div>\n\t\t\t\t<\/div>\n\t\t\t\t<div class=\"elementor-element elementor-element-3ae7d52 elementor-widget elementor-widget-text-editor\" data-id=\"3ae7d52\" data-element_type=\"widget\" data-e-type=\"widget\" data-widget_type=\"text-editor.default\">\n\t\t\t\t<div class=\"elementor-widget-container\">\n\t\t\t\t\t\t\t\t\t<div class=\"elementor-element elementor-element-3ae7d52 elementor-widget elementor-widget-text-editor\" data-id=\"3ae7d52\" data-element_type=\"widget\" data-widget_type=\"text-editor.default\"><div class=\"elementor-widget-container\"><p><strong>Licenciatura en Odontolog\u00eda<\/strong><\/p><\/div><\/div><div class=\"elementor-element elementor-element-c9550ce elementor-widget elementor-widget-text-editor\" data-id=\"c9550ce\" data-element_type=\"widget\" data-widget_type=\"text-editor.default\"><div class=\"elementor-widget-container\"><div class=\"elementor-element elementor-element-c9550ce elementor-widget elementor-widget-text-editor\" data-id=\"c9550ce\" data-element_type=\"widget\" data-widget_type=\"text-editor.default\"><div class=\"elementor-widget-container\"><p>Universidad Aldent &#8211; Tirana<\/p><\/div><\/div><\/div><\/div>\t\t\t\t\t\t\t\t<\/div>\n\t\t\t\t<\/div>\n\t\t\t\t<div class=\"elementor-element elementor-element-c25333e elementor-widget elementor-widget-spacer\" data-id=\"c25333e\" data-element_type=\"widget\" data-e-type=\"widget\" data-widget_type=\"spacer.default\">\n\t\t\t\t<div class=\"elementor-widget-container\">\n\t\t\t\t\t\t\t<div class=\"elementor-spacer\">\n\t\t\t<div class=\"elementor-spacer-inner\"><\/div>\n\t\t<\/div>\n\t\t\t\t\t\t<\/div>\n\t\t\t\t<\/div>\n\t\t\t\t<\/div>\n\t\t\t\t\t<\/div>\n\t\t\t\t<\/div>\n\t\t\t\t<\/div>\n\t\t","protected":false},"excerpt":{"rendered":"<p>Dra. Ernela Lipo Dentist Informaci\u00f3n personal Nombre y apellidos: Ernela LipoNacionalidad: albanesaLenguas habladas: alban\u00e9s (nativo), italiano, ingl\u00e9s Formaci\u00f3n: Licenciado en Odontolog\u00eda &#8211; Universidad AldentEspecialidades: terapia conservadora, pr\u00f3tesis Experiencia: odont\u00f3logo con experiencia cl\u00ednica en diversas ramas de la odontolog\u00eda Perfil profesional La Dra. Ernela Lipo es una odont\u00f3loga formada en la [&hellip;]<\/p>\n","protected":false},"author":4,"featured_media":11847,"parent":0,"menu_order":0,"comment_status":"closed","ping_status":"closed","template":"elementor_header_footer","meta":{"_acf_changed":false,"footnotes":""},"class_list":["post-12303","page","type-page","status-publish","has-post-thumbnail","hentry"],"acf":[],"yoast_head":"<!-- This site is optimized with the Yoast SEO Premium plugin v27.4 (Yoast SEO v27.6) - https:\/\/yoast.com\/product\/yoast-seo-premium-wordpress\/ -->\n<title>Dra. Ernela Lipo: Tu Experta Dental de Confianza<\/title>\n<meta name=\"description\" content=\"Conoce a la Dra. Ernela Lipo, dentista experimentada especializada en terapia conservadora y pr\u00f3tesis para una atenci\u00f3n personalizada del paciente.\" \/>\n<meta name=\"robots\" content=\"index, follow, max-snippet:-1, max-image-preview:large, max-video-preview:-1\" \/>\n<link rel=\"canonical\" href=\"https:\/\/www.radiance.al\/es\/dra-ernela-lipo\/\" \/>\n<meta property=\"og:locale\" content=\"es_ES\" \/>\n<meta property=\"og:type\" content=\"article\" \/>\n<meta property=\"og:title\" content=\"Dr. Ardit Kuqi - garantiza anestesia segura y confort en Radiance Dental Tirana\" \/>\n<meta property=\"og:description\" content=\"El Dr. Kuqi aporta tranquilidad en el quir\u00f3fano con su experiencia en anestesia y reanimaci\u00f3n: multiling\u00fce y centrado en el paciente.\" \/>\n<meta property=\"og:url\" content=\"https:\/\/www.radiance.al\/es\/dra-ernela-lipo\/\" \/>\n<meta property=\"og:site_name\" content=\"RADIANCE.AL\" \/>\n<meta property=\"article:publisher\" content=\"https:\/\/www.instagram.com\/radiance_al\/?hl=en\" \/>\n<meta property=\"article:modified_time\" content=\"2026-04-21T21:03:35+00:00\" \/>\n<meta property=\"og:image\" content=\"https:\/\/www.radiance.al\/wp-content\/uploads\/2025\/06\/staff10.jpg\" \/>\n\t<meta property=\"og:image:width\" content=\"945\" \/>\n\t<meta property=\"og:image:height\" content=\"1181\" \/>\n\t<meta property=\"og:image:type\" content=\"image\/jpeg\" \/>\n<meta name=\"twitter:card\" content=\"summary_large_image\" \/>\n<meta name=\"twitter:title\" content=\"Dr. Ardit Kuqi - anestesista experimentado en Radiance Dental Tirana\" \/>\n<meta name=\"twitter:description\" content=\"Experiencia y profesionalidad en anestesia y reanimaci\u00f3n dental con el Dr. Kuqi en Tirana.\" \/>\n<meta name=\"twitter:label1\" content=\"Tiempo de lectura\" \/>\n\t<meta name=\"twitter:data1\" content=\"1 minuto\" \/>\n<script type=\"application\/ld+json\" class=\"yoast-schema-graph\">{\"@context\":\"https:\\\/\\\/schema.org\",\"@graph\":[{\"@type\":\"WebPage\",\"@id\":\"https:\\\/\\\/www.radiance.al\\\/es\\\/dra-ernela-lipo\\\/\",\"url\":\"https:\\\/\\\/www.radiance.al\\\/es\\\/dra-ernela-lipo\\\/\",\"name\":\"Dra. Ernela Lipo: Tu Experta Dental de Confianza\",\"isPartOf\":{\"@id\":\"https:\\\/\\\/www.radiance.al\\\/es\\\/#website\"},\"primaryImageOfPage\":{\"@id\":\"https:\\\/\\\/www.radiance.al\\\/es\\\/dra-ernela-lipo\\\/#primaryimage\"},\"image\":{\"@id\":\"https:\\\/\\\/www.radiance.al\\\/es\\\/dra-ernela-lipo\\\/#primaryimage\"},\"thumbnailUrl\":\"https:\\\/\\\/www.radiance.al\\\/wp-content\\\/uploads\\\/2025\\\/06\\\/staff10.jpg\",\"datePublished\":\"2025-07-23T10:21:43+00:00\",\"dateModified\":\"2026-04-21T21:03:35+00:00\",\"description\":\"Conoce a la Dra. Ernela Lipo, dentista experimentada especializada en terapia conservadora y pr\u00f3tesis para una atenci\u00f3n personalizada del paciente.\",\"breadcrumb\":{\"@id\":\"https:\\\/\\\/www.radiance.al\\\/es\\\/dra-ernela-lipo\\\/#breadcrumb\"},\"inLanguage\":\"es\",\"potentialAction\":[{\"@type\":\"ReadAction\",\"target\":[\"https:\\\/\\\/www.radiance.al\\\/es\\\/dra-ernela-lipo\\\/\"]}]},{\"@type\":\"ImageObject\",\"inLanguage\":\"es\",\"@id\":\"https:\\\/\\\/www.radiance.al\\\/es\\\/dra-ernela-lipo\\\/#primaryimage\",\"url\":\"https:\\\/\\\/www.radiance.al\\\/wp-content\\\/uploads\\\/2025\\\/06\\\/staff10.jpg\",\"contentUrl\":\"https:\\\/\\\/www.radiance.al\\\/wp-content\\\/uploads\\\/2025\\\/06\\\/staff10.jpg\",\"width\":945,\"height\":1181,\"caption\":\"Especialista en pr\u00f3tesis fijas, m\u00f3viles e implantosoportadas, con tecnolog\u00eda avanzada para sonrisas perfectas y funcionales.\"},{\"@type\":\"BreadcrumbList\",\"@id\":\"https:\\\/\\\/www.radiance.al\\\/es\\\/dra-ernela-lipo\\\/#breadcrumb\",\"itemListElement\":[{\"@type\":\"ListItem\",\"position\":1,\"name\":\"Home\",\"item\":\"https:\\\/\\\/www.radiance.al\\\/es\\\/\"},{\"@type\":\"ListItem\",\"position\":2,\"name\":\"Dra. Ernela Lipo\"}]},{\"@type\":\"WebSite\",\"@id\":\"https:\\\/\\\/www.radiance.al\\\/es\\\/#website\",\"url\":\"https:\\\/\\\/www.radiance.al\\\/es\\\/\",\"name\":\"RADIANCE.AL\",\"description\":\"RADIANCE DENTAL HOSPITAL\",\"publisher\":{\"@id\":\"https:\\\/\\\/www.radiance.al\\\/es\\\/#organization\"},\"potentialAction\":[{\"@type\":\"SearchAction\",\"target\":{\"@type\":\"EntryPoint\",\"urlTemplate\":\"https:\\\/\\\/www.radiance.al\\\/es\\\/?s={search_term_string}\"},\"query-input\":{\"@type\":\"PropertyValueSpecification\",\"valueRequired\":true,\"valueName\":\"search_term_string\"}}],\"inLanguage\":\"es\"},{\"@type\":\"Organization\",\"@id\":\"https:\\\/\\\/www.radiance.al\\\/es\\\/#organization\",\"name\":\"RADIANCE.AL\",\"alternateName\":\"Radiance Dental Hospital\",\"url\":\"https:\\\/\\\/www.radiance.al\\\/es\\\/\",\"logo\":{\"@type\":\"ImageObject\",\"inLanguage\":\"es\",\"@id\":\"https:\\\/\\\/www.radiance.al\\\/es\\\/#\\\/schema\\\/logo\\\/image\\\/\",\"url\":\"https:\\\/\\\/www.radiance.al\\\/wp-content\\\/uploads\\\/2025\\\/05\\\/faviconn.jpeg\",\"contentUrl\":\"https:\\\/\\\/www.radiance.al\\\/wp-content\\\/uploads\\\/2025\\\/05\\\/faviconn.jpeg\",\"width\":48,\"height\":48,\"caption\":\"RADIANCE.AL\"},\"image\":{\"@id\":\"https:\\\/\\\/www.radiance.al\\\/es\\\/#\\\/schema\\\/logo\\\/image\\\/\"},\"sameAs\":[\"https:\\\/\\\/www.instagram.com\\\/radiance_al\\\/?hl=en\"],\"description\":\"\\\"Radiance Dental Hospital n\u00eb Shqip\u00ebri: spital dentar modern me teknologji 3D, implantologji, estetik\u00eb dhe specialist\u00eb me mbi 15 vite p\u00ebrvoj\u00eb. Prenoto konsult\u00ebn falas!\\\"\",\"email\":\"info@radiance.al\",\"telephone\":\"+355694799949\",\"legalName\":\"Radiance Dental Hospital\",\"foundingDate\":\"2025-03-18\",\"numberOfEmployees\":{\"@type\":\"QuantitativeValue\",\"minValue\":\"11\",\"maxValue\":\"50\"}}]}<\/script>\n<!-- \/ Yoast SEO Premium plugin. -->","yoast_head_json":{"title":"Dra. Ernela Lipo: Tu Experta Dental de Confianza","description":"Conoce a la Dra. Ernela Lipo, dentista experimentada especializada en terapia conservadora y pr\u00f3tesis para una atenci\u00f3n personalizada del paciente.","robots":{"index":"index","follow":"follow","max-snippet":"max-snippet:-1","max-image-preview":"max-image-preview:large","max-video-preview":"max-video-preview:-1"},"canonical":"https:\/\/www.radiance.al\/es\/dra-ernela-lipo\/","og_locale":"es_ES","og_type":"article","og_title":"Dr. Ardit Kuqi - garantiza anestesia segura y confort en Radiance Dental Tirana","og_description":"El Dr. Kuqi aporta tranquilidad en el quir\u00f3fano con su experiencia en anestesia y reanimaci\u00f3n: multiling\u00fce y centrado en el paciente.","og_url":"https:\/\/www.radiance.al\/es\/dra-ernela-lipo\/","og_site_name":"RADIANCE.AL","article_publisher":"https:\/\/www.instagram.com\/radiance_al\/?hl=en","article_modified_time":"2026-04-21T21:03:35+00:00","og_image":[{"width":945,"height":1181,"url":"https:\/\/www.radiance.al\/wp-content\/uploads\/2025\/06\/staff10.jpg","type":"image\/jpeg"}],"twitter_card":"summary_large_image","twitter_title":"Dr. Ardit Kuqi - anestesista experimentado en Radiance Dental Tirana","twitter_description":"Experiencia y profesionalidad en anestesia y reanimaci\u00f3n dental con el Dr. Kuqi en Tirana.","twitter_misc":{"Tiempo de lectura":"1 minuto"},"schema":{"@context":"https:\/\/schema.org","@graph":[{"@type":"WebPage","@id":"https:\/\/www.radiance.al\/es\/dra-ernela-lipo\/","url":"https:\/\/www.radiance.al\/es\/dra-ernela-lipo\/","name":"Dra. Ernela Lipo: Tu Experta Dental de Confianza","isPartOf":{"@id":"https:\/\/www.radiance.al\/es\/#website"},"primaryImageOfPage":{"@id":"https:\/\/www.radiance.al\/es\/dra-ernela-lipo\/#primaryimage"},"image":{"@id":"https:\/\/www.radiance.al\/es\/dra-ernela-lipo\/#primaryimage"},"thumbnailUrl":"https:\/\/www.radiance.al\/wp-content\/uploads\/2025\/06\/staff10.jpg","datePublished":"2025-07-23T10:21:43+00:00","dateModified":"2026-04-21T21:03:35+00:00","description":"Conoce a la Dra. Ernela Lipo, dentista experimentada especializada en terapia conservadora y pr\u00f3tesis para una atenci\u00f3n personalizada del paciente.","breadcrumb":{"@id":"https:\/\/www.radiance.al\/es\/dra-ernela-lipo\/#breadcrumb"},"inLanguage":"es","potentialAction":[{"@type":"ReadAction","target":["https:\/\/www.radiance.al\/es\/dra-ernela-lipo\/"]}]},{"@type":"ImageObject","inLanguage":"es","@id":"https:\/\/www.radiance.al\/es\/dra-ernela-lipo\/#primaryimage","url":"https:\/\/www.radiance.al\/wp-content\/uploads\/2025\/06\/staff10.jpg","contentUrl":"https:\/\/www.radiance.al\/wp-content\/uploads\/2025\/06\/staff10.jpg","width":945,"height":1181,"caption":"Especialista en pr\u00f3tesis fijas, m\u00f3viles e implantosoportadas, con tecnolog\u00eda avanzada para sonrisas perfectas y funcionales."},{"@type":"BreadcrumbList","@id":"https:\/\/www.radiance.al\/es\/dra-ernela-lipo\/#breadcrumb","itemListElement":[{"@type":"ListItem","position":1,"name":"Home","item":"https:\/\/www.radiance.al\/es\/"},{"@type":"ListItem","position":2,"name":"Dra. Ernela Lipo"}]},{"@type":"WebSite","@id":"https:\/\/www.radiance.al\/es\/#website","url":"https:\/\/www.radiance.al\/es\/","name":"RADIANCE.AL","description":"RADIANCE DENTAL HOSPITAL","publisher":{"@id":"https:\/\/www.radiance.al\/es\/#organization"},"potentialAction":[{"@type":"SearchAction","target":{"@type":"EntryPoint","urlTemplate":"https:\/\/www.radiance.al\/es\/?s={search_term_string}"},"query-input":{"@type":"PropertyValueSpecification","valueRequired":true,"valueName":"search_term_string"}}],"inLanguage":"es"},{"@type":"Organization","@id":"https:\/\/www.radiance.al\/es\/#organization","name":"RADIANCE.AL","alternateName":"Radiance Dental Hospital","url":"https:\/\/www.radiance.al\/es\/","logo":{"@type":"ImageObject","inLanguage":"es","@id":"https:\/\/www.radiance.al\/es\/#\/schema\/logo\/image\/","url":"https:\/\/www.radiance.al\/wp-content\/uploads\/2025\/05\/faviconn.jpeg","contentUrl":"https:\/\/www.radiance.al\/wp-content\/uploads\/2025\/05\/faviconn.jpeg","width":48,"height":48,"caption":"RADIANCE.AL"},"image":{"@id":"https:\/\/www.radiance.al\/es\/#\/schema\/logo\/image\/"},"sameAs":["https:\/\/www.instagram.com\/radiance_al\/?hl=en"],"description":"\"Radiance Dental Hospital n\u00eb Shqip\u00ebri: spital dentar modern me teknologji 3D, implantologji, estetik\u00eb dhe specialist\u00eb me mbi 15 vite p\u00ebrvoj\u00eb. Prenoto konsult\u00ebn falas!\"","email":"info@radiance.al","telephone":"+355694799949","legalName":"Radiance Dental Hospital","foundingDate":"2025-03-18","numberOfEmployees":{"@type":"QuantitativeValue","minValue":"11","maxValue":"50"}}]}},"_links":{"self":[{"href":"https:\/\/www.radiance.al\/es\/wp-json\/wp\/v2\/pages\/12303","targetHints":{"allow":["GET"]}}],"collection":[{"href":"https:\/\/www.radiance.al\/es\/wp-json\/wp\/v2\/pages"}],"about":[{"href":"https:\/\/www.radiance.al\/es\/wp-json\/wp\/v2\/types\/page"}],"author":[{"embeddable":true,"href":"https:\/\/www.radiance.al\/es\/wp-json\/wp\/v2\/users\/4"}],"replies":[{"embeddable":true,"href":"https:\/\/www.radiance.al\/es\/wp-json\/wp\/v2\/comments?post=12303"}],"version-history":[{"count":3,"href":"https:\/\/www.radiance.al\/es\/wp-json\/wp\/v2\/pages\/12303\/revisions"}],"predecessor-version":[{"id":12317,"href":"https:\/\/www.radiance.al\/es\/wp-json\/wp\/v2\/pages\/12303\/revisions\/12317"}],"wp:featuredmedia":[{"embeddable":true,"href":"https:\/\/www.radiance.al\/es\/wp-json\/wp\/v2\/media\/11847"}],"wp:attachment":[{"href":"https:\/\/www.radiance.al\/es\/wp-json\/wp\/v2\/media?parent=12303"}],"curies":[{"name":"wp","href":"https:\/\/api.w.org\/{rel}","templated":true}]}}