{"id":12431,"date":"2025-05-04T22:53:11","date_gmt":"2025-05-04T22:53:11","guid":{"rendered":"https:\/\/www.radiance.al\/politica-de-privacidad\/"},"modified":"2026-04-21T21:11:03","modified_gmt":"2026-04-21T21:11:03","slug":"politica-de-privacidad","status":"publish","type":"page","link":"https:\/\/www.radiance.al\/es\/politica-de-privacidad\/","title":{"rendered":"Pol\u00edtica de privacidad"},"content":{"rendered":"\t\t<div data-elementor-type=\"wp-page\" data-elementor-id=\"12431\" class=\"elementor elementor-12431 elementor-3616\">\n\t\t\t\t<div class=\"elementor-element elementor-element-292bc2fd e-flex e-con-boxed e-con e-parent\" data-id=\"292bc2fd\" data-element_type=\"container\" data-e-type=\"container\">\n\t\t\t\t\t<div class=\"e-con-inner\">\n\t\t\t\t<div class=\"elementor-element elementor-element-61b57586 elementor-widget elementor-widget-text-editor\" data-id=\"61b57586\" data-element_type=\"widget\" data-e-type=\"widget\" data-widget_type=\"text-editor.default\">\n\t\t\t\t<div class=\"elementor-widget-container\">\n\t\t\t\t\t\t\t\t\t<p class=\"wp-block-heading\">Radiance Dental Hospital<br>NIPT: M41528017G<br>Ismail Qemali 27, Tirana, Albania<br>Tel: +355 68 66 88 888<br>E-mail: info@radiance.al<br>Web: www.radiance.al<br>Fecha de entrada en vigor: 29 de mayo de 2025<\/p>\n<p><\/p>\t\t\t\t\t\t\t\t<\/div>\n\t\t\t\t<\/div>\n\t\t\t\t<div class=\"elementor-element elementor-element-fda20e9 elementor-widget elementor-widget-heading\" data-id=\"fda20e9\" data-element_type=\"widget\" data-e-type=\"widget\" data-widget_type=\"heading.default\">\n\t\t\t\t<div class=\"elementor-widget-container\">\n\t\t\t\t\t<h2 class=\"elementor-heading-title elementor-size-default\"><span style=\"font-size: 30px\">1. Introducci\u00f3n<\/span><\/h2>\t\t\t\t<\/div>\n\t\t\t\t<\/div>\n\t\t\t\t<div class=\"elementor-element elementor-element-5f127d6 elementor-widget elementor-widget-text-editor\" data-id=\"5f127d6\" data-element_type=\"widget\" data-e-type=\"widget\" data-widget_type=\"text-editor.default\">\n\t\t\t\t<div class=\"elementor-widget-container\">\n\t\t\t\t\t\t\t\t\t<p class=\"wp-block-heading\">Radiance Dental Hospital (\u00abnosotros\u00bb, \u00abnos\u00bb, \u00abnuestro\u00bb) se compromete a proteger tus datos personales y a respetar tu privacidad. Esta Pol\u00edtica de Privacidad explica c\u00f3mo recopilamos, utilizamos, almacenamos y protegemos tus datos personales de acuerdo con la Ley n\u00ba 124\/2024 \u00abde Protecci\u00f3n de Datos Personales\u00bb de Albania, en plena consonancia con el Reglamento General de Protecci\u00f3n de Datos (RGPD) de la Uni\u00f3n Europea.\u00bb    <\/p>\n<p><\/p>\t\t\t\t\t\t\t\t<\/div>\n\t\t\t\t<\/div>\n\t\t\t\t<div class=\"elementor-element elementor-element-be90be2 elementor-widget elementor-widget-heading\" data-id=\"be90be2\" data-element_type=\"widget\" data-e-type=\"widget\" data-widget_type=\"heading.default\">\n\t\t\t\t<div class=\"elementor-widget-container\">\n\t\t\t\t\t<h2 class=\"elementor-heading-title elementor-size-default\">2. Controlador de datos<\/h2>\t\t\t\t<\/div>\n\t\t\t\t<\/div>\n\t\t\t\t<div class=\"elementor-element elementor-element-1aefa64 elementor-widget elementor-widget-text-editor\" data-id=\"1aefa64\" data-element_type=\"widget\" data-e-type=\"widget\" data-widget_type=\"text-editor.default\">\n\t\t\t\t<div class=\"elementor-widget-container\">\n\t\t\t\t\t\t\t\t\t<p class=\"wp-block-heading\">Radiance Dental Hospital es el responsable del tratamiento de tus datos personales procesados a trav\u00e9s de este sitio web y de nuestros servicios.<\/p>\n<p><\/p>\t\t\t\t\t\t\t\t<\/div>\n\t\t\t\t<\/div>\n\t\t\t\t<div class=\"elementor-element elementor-element-8e8e07e elementor-widget elementor-widget-heading\" data-id=\"8e8e07e\" data-element_type=\"widget\" data-e-type=\"widget\" data-widget_type=\"heading.default\">\n\t\t\t\t<div class=\"elementor-widget-container\">\n\t\t\t\t\t<h2 class=\"elementor-heading-title elementor-size-default\">3. Qu\u00e9 datos recogemos<\/h2>\t\t\t\t<\/div>\n\t\t\t\t<\/div>\n\t\t\t\t<div class=\"elementor-element elementor-element-15b1a77 elementor-widget elementor-widget-text-editor\" data-id=\"15b1a77\" data-element_type=\"widget\" data-e-type=\"widget\" data-widget_type=\"text-editor.default\">\n\t\t\t\t<div class=\"elementor-widget-container\">\n\t\t\t\t\t\t\t\t\t<p class=\"wp-block-heading\">Podemos recoger y tratar los siguientes tipos de datos personales:<br>&#8211; Datos de identificaci\u00f3n (nombre, apellidos)<br>&#8211; Datos de contacto (n\u00famero de tel\u00e9fono, correo electr\u00f3nico, direcci\u00f3n)<br>&#8211; Datos de citas y salud (s\u00f3lo si son necesarios para la prestaci\u00f3n del servicio)<br>&#8211; Datos t\u00e9cnicos (direcci\u00f3n IP, cookies, tipo de navegador)<br>&#8211; Cualquier otra informaci\u00f3n que nos proporciones a trav\u00e9s de nuestros formularios de contacto o comunicaciones.<\/p>\n<p><\/p>\t\t\t\t\t\t\t\t<\/div>\n\t\t\t\t<\/div>\n\t\t\t\t<div class=\"elementor-element elementor-element-dfa0fde elementor-widget elementor-widget-heading\" data-id=\"dfa0fde\" data-element_type=\"widget\" data-e-type=\"widget\" data-widget_type=\"heading.default\">\n\t\t\t\t<div class=\"elementor-widget-container\">\n\t\t\t\t\t<h2 class=\"elementor-heading-title elementor-size-default\">4. Finalidad y base jur\u00eddica del tratamiento<\/h2>\t\t\t\t<\/div>\n\t\t\t\t<\/div>\n\t\t\t\t<div class=\"elementor-element elementor-element-fa7270c elementor-widget elementor-widget-text-editor\" data-id=\"fa7270c\" data-element_type=\"widget\" data-e-type=\"widget\" data-widget_type=\"text-editor.default\">\n\t\t\t\t<div class=\"elementor-widget-container\">\n\t\t\t\t\t\t\t\t\t<p class=\"wp-block-heading\">Tratamos tus datos personales para los siguientes fines:<br>&#8211; Para prestar y gestionar servicios dentales<br>&#8211; Para comunicarnos contigo sobre citas o consultas<br>&#8211; Para cumplir obligaciones legales<br>&#8211; Para seguridad y prevenci\u00f3n del fraude<br>&#8211; Con tu consentimiento, para comunicaciones de marketing.<\/p>\n<p>Las bases jur\u00eddicas para el tratamiento incluyen tu consentimiento, la necesidad de ejecutar un contrato, el cumplimiento de obligaciones legales y nuestros intereses leg\u00edtimos.<\/p>\n<p><\/p>\t\t\t\t\t\t\t\t<\/div>\n\t\t\t\t<\/div>\n\t\t\t\t<div class=\"elementor-element elementor-element-123e329 elementor-widget elementor-widget-heading\" data-id=\"123e329\" data-element_type=\"widget\" data-e-type=\"widget\" data-widget_type=\"heading.default\">\n\t\t\t\t<div class=\"elementor-widget-container\">\n\t\t\t\t\t<h2 class=\"elementor-heading-title elementor-size-default\">5. Derechos del interesado<\/h2>\t\t\t\t<\/div>\n\t\t\t\t<\/div>\n\t\t\t\t<div class=\"elementor-element elementor-element-b6f3a54 elementor-widget elementor-widget-text-editor\" data-id=\"b6f3a54\" data-element_type=\"widget\" data-e-type=\"widget\" data-widget_type=\"text-editor.default\">\n\t\t\t\t<div class=\"elementor-widget-container\">\n\t\t\t\t\t\t\t\t\t<p class=\"wp-block-heading\">De conformidad con la legislaci\u00f3n albanesa y el GDPR, tienes los siguientes derechos:<br>&#8211; Derecho de acceso a tus datos personales<br>&#8211; Derecho de rectificaci\u00f3n de los datos inexactos<br>&#8211; Derecho de supresi\u00f3n (\u00abderecho al olvido\u00bb)<br>&#8211; Derecho a la limitaci\u00f3n del tratamiento<br>&#8211; Derecho a la portabilidad de los datos<br>&#8211; Derecho a oponerte al tratamiento<br>&#8211; Derecho a retirar el consentimiento en cualquier momento (cuando el tratamiento se base en el consentimiento)<br>&#8211; Derecho a presentar una reclamaci\u00f3n ante el Comisionado para el Derecho a la Informaci\u00f3n y la Protecci\u00f3n de Datos Personales.<\/p>\n<p><\/p>\t\t\t\t\t\t\t\t<\/div>\n\t\t\t\t<\/div>\n\t\t\t\t<div class=\"elementor-element elementor-element-f328216 elementor-widget elementor-widget-heading\" data-id=\"f328216\" data-element_type=\"widget\" data-e-type=\"widget\" data-widget_type=\"heading.default\">\n\t\t\t\t<div class=\"elementor-widget-container\">\n\t\t\t\t\t<h2 class=\"elementor-heading-title elementor-size-default\">6. Intercambio de datos y transferencias internacionales<\/h2>\t\t\t\t<\/div>\n\t\t\t\t<\/div>\n\t\t\t\t<div class=\"elementor-element elementor-element-af1217b elementor-widget elementor-widget-text-editor\" data-id=\"af1217b\" data-element_type=\"widget\" data-e-type=\"widget\" data-widget_type=\"text-editor.default\">\n\t\t\t\t<div class=\"elementor-widget-container\">\n\t\t\t\t\t\t\t\t\t<p class=\"wp-block-heading\">No vendemos tus datos personales. <br>Podemos compartir tus datos con:<br>&#8211; Proveedores de servicios y procesadores que act\u00faen en nuestro nombre (por ejemplo, soporte inform\u00e1tico, alojamiento)<br>&#8211; Autoridades, si as\u00ed lo exige la ley.<\/p>\n<p>Las transferencias internacionales de datos personales fuera de Albania o de la UE s\u00f3lo tendr\u00e1n lugar si existen garant\u00edas adecuadas, como cl\u00e1usulas contractuales tipo u otros mecanismos reconocidos por la ley.<\/p>\n<p><\/p>\t\t\t\t\t\t\t\t<\/div>\n\t\t\t\t<\/div>\n\t\t\t\t<div class=\"elementor-element elementor-element-b221007 elementor-widget elementor-widget-heading\" data-id=\"b221007\" data-element_type=\"widget\" data-e-type=\"widget\" data-widget_type=\"heading.default\">\n\t\t\t\t<div class=\"elementor-widget-container\">\n\t\t\t\t\t<h2 class=\"elementor-heading-title elementor-size-default\">7. Seguridad de los datos<\/h2>\t\t\t\t<\/div>\n\t\t\t\t<\/div>\n\t\t\t\t<div class=\"elementor-element elementor-element-3bb4a2c elementor-widget elementor-widget-text-editor\" data-id=\"3bb4a2c\" data-element_type=\"widget\" data-e-type=\"widget\" data-widget_type=\"text-editor.default\">\n\t\t\t\t<div class=\"elementor-widget-container\">\n\t\t\t\t\t\t\t\t\t<p class=\"wp-block-heading\">Aplicamos las medidas t\u00e9cnicas y organizativas adecuadas para proteger tus datos personales contra el acceso no autorizado, la p\u00e9rdida o el uso indebido, de conformidad con las normas de seguridad m\u00e1s recientes.<\/p>\n<p><\/p>\t\t\t\t\t\t\t\t<\/div>\n\t\t\t\t<\/div>\n\t\t\t\t<div class=\"elementor-element elementor-element-cfe802a elementor-widget elementor-widget-heading\" data-id=\"cfe802a\" data-element_type=\"widget\" data-e-type=\"widget\" data-widget_type=\"heading.default\">\n\t\t\t\t<div class=\"elementor-widget-container\">\n\t\t\t\t\t<h2 class=\"elementor-heading-title elementor-size-default\">8. Conservaci\u00f3n de datos<\/h2>\t\t\t\t<\/div>\n\t\t\t\t<\/div>\n\t\t\t\t<div class=\"elementor-element elementor-element-4247c89 elementor-widget elementor-widget-text-editor\" data-id=\"4247c89\" data-element_type=\"widget\" data-e-type=\"widget\" data-widget_type=\"text-editor.default\">\n\t\t\t\t<div class=\"elementor-widget-container\">\n\t\t\t\t\t\t\t\t\t<p class=\"wp-block-heading\">Tus datos personales s\u00f3lo se almacenar\u00e1n durante el tiempo necesario para cumplir los fines descritos anteriormente o seg\u00fan lo exija la ley.<\/p>\n<p><\/p>\t\t\t\t\t\t\t\t<\/div>\n\t\t\t\t<\/div>\n\t\t\t\t<div class=\"elementor-element elementor-element-cefb51a elementor-widget elementor-widget-heading\" data-id=\"cefb51a\" data-element_type=\"widget\" data-e-type=\"widget\" data-widget_type=\"heading.default\">\n\t\t\t\t<div class=\"elementor-widget-container\">\n\t\t\t\t\t<h2 class=\"elementor-heading-title elementor-size-default\">9. Cookies<\/h2>\t\t\t\t<\/div>\n\t\t\t\t<\/div>\n\t\t\t\t<div class=\"elementor-element elementor-element-178da5c elementor-widget elementor-widget-text-editor\" data-id=\"178da5c\" data-element_type=\"widget\" data-e-type=\"widget\" data-widget_type=\"text-editor.default\">\n\t\t\t\t<div class=\"elementor-widget-container\">\n\t\t\t\t\t\t\t\t\t<p class=\"wp-block-heading\">Nuestro sitio web utiliza cookies para mejorar tu experiencia y analizar el uso del sitio. Puedes gestionar tus preferencias de cookies a trav\u00e9s de la configuraci\u00f3n de tu navegador.   <\/p>\n<p><\/p>\t\t\t\t\t\t\t\t<\/div>\n\t\t\t\t<\/div>\n\t\t\t\t<div class=\"elementor-element elementor-element-3b0e4c2 elementor-widget elementor-widget-heading\" data-id=\"3b0e4c2\" data-element_type=\"widget\" data-e-type=\"widget\" data-widget_type=\"heading.default\">\n\t\t\t\t<div class=\"elementor-widget-container\">\n\t\t\t\t\t<h2 class=\"elementor-heading-title elementor-size-default\">10. Modificaciones de esta Pol\u00edtica<\/h2>\t\t\t\t<\/div>\n\t\t\t\t<\/div>\n\t\t\t\t<div class=\"elementor-element elementor-element-d0cba07 elementor-widget elementor-widget-text-editor\" data-id=\"d0cba07\" data-element_type=\"widget\" data-e-type=\"widget\" data-widget_type=\"text-editor.default\">\n\t\t\t\t<div class=\"elementor-widget-container\">\n\t\t\t\t\t\t\t\t\t<p class=\"wp-block-heading\">Nos reservamos el derecho a actualizar esta Pol\u00edtica de Privacidad en cualquier momento. Cualquier cambio se publicar\u00e1 en esta p\u00e1gina con una fecha de entrada en vigor actualizada.   <\/p>\n<p><\/p>\t\t\t\t\t\t\t\t<\/div>\n\t\t\t\t<\/div>\n\t\t\t\t<div class=\"elementor-element elementor-element-31c0217 elementor-widget elementor-widget-heading\" data-id=\"31c0217\" data-element_type=\"widget\" data-e-type=\"widget\" data-widget_type=\"heading.default\">\n\t\t\t\t<div class=\"elementor-widget-container\">\n\t\t\t\t\t<h2 class=\"elementor-heading-title elementor-size-default\">11. Contacta con<\/h2>\t\t\t\t<\/div>\n\t\t\t\t<\/div>\n\t\t\t\t<div class=\"elementor-element elementor-element-08a6190 elementor-widget elementor-widget-text-editor\" data-id=\"08a6190\" data-element_type=\"widget\" data-e-type=\"widget\" data-widget_type=\"text-editor.default\">\n\t\t\t\t<div class=\"elementor-widget-container\">\n\t\t\t\t\t\t\t\t\t<p>Si tienes preguntas o quieres ejercer tus derechos, ponte en contacto con nosotros en<\/p>\n<p>Direcci\u00f3n: Ismail Qemali 27, Tirana, Albania<br>Tel: +355 68 66 88 888<br>E-mail: info@radiance.al<\/p>\n<p>Al utilizar nuestro sitio web o nuestros servicios, reconoces que has le\u00eddo y comprendido esta Pol\u00edtica de privacidad.<\/p>\n<p><\/p>\t\t\t\t\t\t\t\t<\/div>\n\t\t\t\t<\/div>\n\t\t\t\t\t<\/div>\n\t\t\t\t<\/div>\n\t\t\t\t<\/div>\n\t\t","protected":false},"excerpt":{"rendered":"<p>Radiance Dental HospitalNIPT: M41528017GIsmail Qemali 27, Tirana, AlbaniaTel: +355 68 66 88 888E-mail: info@radiance.alWeb: www.radiance.alFecha de entrada en vigor: 29 de mayo de 2025 1. Introducci\u00f3n Radiance Dental Hospital (\u00abnosotros\u00bb, \u00abnos\u00bb, \u00abnuestro\u00bb) se compromete a proteger tus datos personales y a respetar tu privacidad. Esta Pol\u00edtica de Privacidad explica c\u00f3mo [&hellip;]<\/p>\n","protected":false},"author":1,"featured_media":12081,"parent":0,"menu_order":0,"comment_status":"closed","ping_status":"closed","template":"elementor_header_footer","meta":{"_acf_changed":false,"footnotes":""},"class_list":["post-12431","page","type-page","status-publish","has-post-thumbnail","hentry"],"acf":[],"yoast_head":"<!-- This site is optimized with the Yoast SEO Premium plugin v27.4 (Yoast SEO v27.4) - https:\/\/yoast.com\/product\/yoast-seo-premium-wordpress\/ -->\n<title>Pol\u00edtica de privacidad - Protege tus datos<\/title>\n<meta name=\"description\" content=\"Descubre c\u00f3mo gestiona y protege tus datos personales el Hospital Dental Radiance de Tirana: cumplimiento del GDPR, seguridad, almacenamiento responsable y derechos garantizados.\" \/>\n<meta name=\"robots\" content=\"index, follow, max-snippet:-1, max-image-preview:large, max-video-preview:-1\" \/>\n<link rel=\"canonical\" href=\"https:\/\/www.radiance.al\/es\/politica-de-privacidad\/\" \/>\n<meta property=\"og:locale\" content=\"es_ES\" \/>\n<meta property=\"og:type\" content=\"article\" \/>\n<meta property=\"og:title\" content=\"Radiance Dental - Pol\u00edtica de privacidad transparente y conforme al GDPR\" \/>\n<meta property=\"og:description\" content=\"Lee nuestra pol\u00edtica de privacidad: protegemos tus datos de acuerdo con la GDPR, garantizando la transparencia, la seguridad y el derecho a la privacidad.\" \/>\n<meta property=\"og:url\" content=\"https:\/\/www.radiance.al\/es\/politica-de-privacidad\/\" \/>\n<meta property=\"og:site_name\" content=\"RADIANCE.AL\" \/>\n<meta property=\"article:publisher\" content=\"https:\/\/www.instagram.com\/radiance_al\/?hl=en\" \/>\n<meta property=\"article:modified_time\" content=\"2026-04-21T21:11:03+00:00\" \/>\n<meta property=\"og:image\" content=\"https:\/\/www.radiance.al\/wp-content\/uploads\/2025\/05\/djb.png\" \/>\n\t<meta property=\"og:image:width\" content=\"651\" \/>\n\t<meta property=\"og:image:height\" content=\"410\" \/>\n\t<meta property=\"og:image:type\" content=\"image\/png\" \/>\n<meta name=\"twitter:card\" content=\"summary_large_image\" \/>\n<meta name=\"twitter:title\" content=\"Pol\u00edtica de privacidad de Radiance Dental Tirana\" \/>\n<meta name=\"twitter:description\" content=\"Radiance Dental protege tus datos personales: descubre c\u00f3mo actuamos en cumplimiento del GDPR y de tus derechos.\" \/>\n<meta name=\"twitter:label1\" content=\"Tiempo de lectura\" \/>\n\t<meta name=\"twitter:data1\" content=\"3 minutos\" \/>\n<script type=\"application\/ld+json\" class=\"yoast-schema-graph\">{\"@context\":\"https:\\\/\\\/schema.org\",\"@graph\":[{\"@type\":\"WebPage\",\"@id\":\"https:\\\/\\\/www.radiance.al\\\/es\\\/politica-de-privacidad\\\/\",\"url\":\"https:\\\/\\\/www.radiance.al\\\/es\\\/politica-de-privacidad\\\/\",\"name\":\"Pol\u00edtica de privacidad - Protege tus datos\",\"isPartOf\":{\"@id\":\"https:\\\/\\\/www.radiance.al\\\/es\\\/#website\"},\"primaryImageOfPage\":{\"@id\":\"https:\\\/\\\/www.radiance.al\\\/es\\\/politica-de-privacidad\\\/#primaryimage\"},\"image\":{\"@id\":\"https:\\\/\\\/www.radiance.al\\\/es\\\/politica-de-privacidad\\\/#primaryimage\"},\"thumbnailUrl\":\"https:\\\/\\\/www.radiance.al\\\/wp-content\\\/uploads\\\/2025\\\/05\\\/djb.png\",\"datePublished\":\"2025-05-04T22:53:11+00:00\",\"dateModified\":\"2026-04-21T21:11:03+00:00\",\"description\":\"Descubre c\u00f3mo gestiona y protege tus datos personales el Hospital Dental Radiance de Tirana: cumplimiento del GDPR, seguridad, almacenamiento responsable y derechos garantizados.\",\"breadcrumb\":{\"@id\":\"https:\\\/\\\/www.radiance.al\\\/es\\\/politica-de-privacidad\\\/#breadcrumb\"},\"inLanguage\":\"es\",\"potentialAction\":[{\"@type\":\"ReadAction\",\"target\":[\"https:\\\/\\\/www.radiance.al\\\/es\\\/politica-de-privacidad\\\/\"]}]},{\"@type\":\"ImageObject\",\"inLanguage\":\"es\",\"@id\":\"https:\\\/\\\/www.radiance.al\\\/es\\\/politica-de-privacidad\\\/#primaryimage\",\"url\":\"https:\\\/\\\/www.radiance.al\\\/wp-content\\\/uploads\\\/2025\\\/05\\\/djb.png\",\"contentUrl\":\"https:\\\/\\\/www.radiance.al\\\/wp-content\\\/uploads\\\/2025\\\/05\\\/djb.png\",\"width\":651,\"height\":410},{\"@type\":\"BreadcrumbList\",\"@id\":\"https:\\\/\\\/www.radiance.al\\\/es\\\/politica-de-privacidad\\\/#breadcrumb\",\"itemListElement\":[{\"@type\":\"ListItem\",\"position\":1,\"name\":\"Home\",\"item\":\"https:\\\/\\\/www.radiance.al\\\/es\\\/inicio\\\/\"},{\"@type\":\"ListItem\",\"position\":2,\"name\":\"Pol\u00edtica de privacidad\"}]},{\"@type\":\"WebSite\",\"@id\":\"https:\\\/\\\/www.radiance.al\\\/es\\\/#website\",\"url\":\"https:\\\/\\\/www.radiance.al\\\/es\\\/\",\"name\":\"RADIANCE.AL\",\"description\":\"RADIANCE DENTAL HOSPITAL\",\"publisher\":{\"@id\":\"https:\\\/\\\/www.radiance.al\\\/es\\\/#organization\"},\"potentialAction\":[{\"@type\":\"SearchAction\",\"target\":{\"@type\":\"EntryPoint\",\"urlTemplate\":\"https:\\\/\\\/www.radiance.al\\\/es\\\/?s={search_term_string}\"},\"query-input\":{\"@type\":\"PropertyValueSpecification\",\"valueRequired\":true,\"valueName\":\"search_term_string\"}}],\"inLanguage\":\"es\"},{\"@type\":\"Organization\",\"@id\":\"https:\\\/\\\/www.radiance.al\\\/es\\\/#organization\",\"name\":\"RADIANCE.AL\",\"alternateName\":\"Radiance Dental Hospital\",\"url\":\"https:\\\/\\\/www.radiance.al\\\/es\\\/\",\"logo\":{\"@type\":\"ImageObject\",\"inLanguage\":\"es\",\"@id\":\"https:\\\/\\\/www.radiance.al\\\/es\\\/#\\\/schema\\\/logo\\\/image\\\/\",\"url\":\"https:\\\/\\\/www.radiance.al\\\/wp-content\\\/uploads\\\/2025\\\/05\\\/faviconn.jpeg\",\"contentUrl\":\"https:\\\/\\\/www.radiance.al\\\/wp-content\\\/uploads\\\/2025\\\/05\\\/faviconn.jpeg\",\"width\":48,\"height\":48,\"caption\":\"RADIANCE.AL\"},\"image\":{\"@id\":\"https:\\\/\\\/www.radiance.al\\\/es\\\/#\\\/schema\\\/logo\\\/image\\\/\"},\"sameAs\":[\"https:\\\/\\\/www.instagram.com\\\/radiance_al\\\/?hl=en\"],\"description\":\"\\\"Radiance Dental Hospital n\u00eb Shqip\u00ebri: spital dentar modern me teknologji 3D, implantologji, estetik\u00eb dhe specialist\u00eb me mbi 15 vite p\u00ebrvoj\u00eb. Prenoto konsult\u00ebn falas!\\\"\",\"email\":\"info@radiance.al\",\"telephone\":\"+355694799949\",\"legalName\":\"Radiance Dental Hospital\",\"foundingDate\":\"2025-03-18\",\"numberOfEmployees\":{\"@type\":\"QuantitativeValue\",\"minValue\":\"11\",\"maxValue\":\"50\"}}]}<\/script>\n<!-- \/ Yoast SEO Premium plugin. -->","yoast_head_json":{"title":"Pol\u00edtica de privacidad - Protege tus datos","description":"Descubre c\u00f3mo gestiona y protege tus datos personales el Hospital Dental Radiance de Tirana: cumplimiento del GDPR, seguridad, almacenamiento responsable y derechos garantizados.","robots":{"index":"index","follow":"follow","max-snippet":"max-snippet:-1","max-image-preview":"max-image-preview:large","max-video-preview":"max-video-preview:-1"},"canonical":"https:\/\/www.radiance.al\/es\/politica-de-privacidad\/","og_locale":"es_ES","og_type":"article","og_title":"Radiance Dental - Pol\u00edtica de privacidad transparente y conforme al GDPR","og_description":"Lee nuestra pol\u00edtica de privacidad: protegemos tus datos de acuerdo con la GDPR, garantizando la transparencia, la seguridad y el derecho a la privacidad.","og_url":"https:\/\/www.radiance.al\/es\/politica-de-privacidad\/","og_site_name":"RADIANCE.AL","article_publisher":"https:\/\/www.instagram.com\/radiance_al\/?hl=en","article_modified_time":"2026-04-21T21:11:03+00:00","og_image":[{"width":651,"height":410,"url":"https:\/\/www.radiance.al\/wp-content\/uploads\/2025\/05\/djb.png","type":"image\/png"}],"twitter_card":"summary_large_image","twitter_title":"Pol\u00edtica de privacidad de Radiance Dental Tirana","twitter_description":"Radiance Dental protege tus datos personales: descubre c\u00f3mo actuamos en cumplimiento del GDPR y de tus derechos.","twitter_misc":{"Tiempo de lectura":"3 minutos"},"schema":{"@context":"https:\/\/schema.org","@graph":[{"@type":"WebPage","@id":"https:\/\/www.radiance.al\/es\/politica-de-privacidad\/","url":"https:\/\/www.radiance.al\/es\/politica-de-privacidad\/","name":"Pol\u00edtica de privacidad - Protege tus datos","isPartOf":{"@id":"https:\/\/www.radiance.al\/es\/#website"},"primaryImageOfPage":{"@id":"https:\/\/www.radiance.al\/es\/politica-de-privacidad\/#primaryimage"},"image":{"@id":"https:\/\/www.radiance.al\/es\/politica-de-privacidad\/#primaryimage"},"thumbnailUrl":"https:\/\/www.radiance.al\/wp-content\/uploads\/2025\/05\/djb.png","datePublished":"2025-05-04T22:53:11+00:00","dateModified":"2026-04-21T21:11:03+00:00","description":"Descubre c\u00f3mo gestiona y protege tus datos personales el Hospital Dental Radiance de Tirana: cumplimiento del GDPR, seguridad, almacenamiento responsable y derechos garantizados.","breadcrumb":{"@id":"https:\/\/www.radiance.al\/es\/politica-de-privacidad\/#breadcrumb"},"inLanguage":"es","potentialAction":[{"@type":"ReadAction","target":["https:\/\/www.radiance.al\/es\/politica-de-privacidad\/"]}]},{"@type":"ImageObject","inLanguage":"es","@id":"https:\/\/www.radiance.al\/es\/politica-de-privacidad\/#primaryimage","url":"https:\/\/www.radiance.al\/wp-content\/uploads\/2025\/05\/djb.png","contentUrl":"https:\/\/www.radiance.al\/wp-content\/uploads\/2025\/05\/djb.png","width":651,"height":410},{"@type":"BreadcrumbList","@id":"https:\/\/www.radiance.al\/es\/politica-de-privacidad\/#breadcrumb","itemListElement":[{"@type":"ListItem","position":1,"name":"Home","item":"https:\/\/www.radiance.al\/es\/inicio\/"},{"@type":"ListItem","position":2,"name":"Pol\u00edtica de privacidad"}]},{"@type":"WebSite","@id":"https:\/\/www.radiance.al\/es\/#website","url":"https:\/\/www.radiance.al\/es\/","name":"RADIANCE.AL","description":"RADIANCE DENTAL HOSPITAL","publisher":{"@id":"https:\/\/www.radiance.al\/es\/#organization"},"potentialAction":[{"@type":"SearchAction","target":{"@type":"EntryPoint","urlTemplate":"https:\/\/www.radiance.al\/es\/?s={search_term_string}"},"query-input":{"@type":"PropertyValueSpecification","valueRequired":true,"valueName":"search_term_string"}}],"inLanguage":"es"},{"@type":"Organization","@id":"https:\/\/www.radiance.al\/es\/#organization","name":"RADIANCE.AL","alternateName":"Radiance Dental Hospital","url":"https:\/\/www.radiance.al\/es\/","logo":{"@type":"ImageObject","inLanguage":"es","@id":"https:\/\/www.radiance.al\/es\/#\/schema\/logo\/image\/","url":"https:\/\/www.radiance.al\/wp-content\/uploads\/2025\/05\/faviconn.jpeg","contentUrl":"https:\/\/www.radiance.al\/wp-content\/uploads\/2025\/05\/faviconn.jpeg","width":48,"height":48,"caption":"RADIANCE.AL"},"image":{"@id":"https:\/\/www.radiance.al\/es\/#\/schema\/logo\/image\/"},"sameAs":["https:\/\/www.instagram.com\/radiance_al\/?hl=en"],"description":"\"Radiance Dental Hospital n\u00eb Shqip\u00ebri: spital dentar modern me teknologji 3D, implantologji, estetik\u00eb dhe specialist\u00eb me mbi 15 vite p\u00ebrvoj\u00eb. Prenoto konsult\u00ebn falas!\"","email":"info@radiance.al","telephone":"+355694799949","legalName":"Radiance Dental Hospital","foundingDate":"2025-03-18","numberOfEmployees":{"@type":"QuantitativeValue","minValue":"11","maxValue":"50"}}]}},"_links":{"self":[{"href":"https:\/\/www.radiance.al\/es\/wp-json\/wp\/v2\/pages\/12431","targetHints":{"allow":["GET"]}}],"collection":[{"href":"https:\/\/www.radiance.al\/es\/wp-json\/wp\/v2\/pages"}],"about":[{"href":"https:\/\/www.radiance.al\/es\/wp-json\/wp\/v2\/types\/page"}],"author":[{"embeddable":true,"href":"https:\/\/www.radiance.al\/es\/wp-json\/wp\/v2\/users\/1"}],"replies":[{"embeddable":true,"href":"https:\/\/www.radiance.al\/es\/wp-json\/wp\/v2\/comments?post=12431"}],"version-history":[{"count":3,"href":"https:\/\/www.radiance.al\/es\/wp-json\/wp\/v2\/pages\/12431\/revisions"}],"predecessor-version":[{"id":12445,"href":"https:\/\/www.radiance.al\/es\/wp-json\/wp\/v2\/pages\/12431\/revisions\/12445"}],"wp:featuredmedia":[{"embeddable":true,"href":"https:\/\/www.radiance.al\/es\/wp-json\/wp\/v2\/media\/12081"}],"wp:attachment":[{"href":"https:\/\/www.radiance.al\/es\/wp-json\/wp\/v2\/media?parent=12431"}],"curies":[{"name":"wp","href":"https:\/\/api.w.org\/{rel}","templated":true}]}}