{"id":10369,"date":"2025-07-23T10:21:43","date_gmt":"2025-07-23T10:21:43","guid":{"rendered":"https:\/\/www.radiance.al\/dr-ernela-lipo\/"},"modified":"2025-10-06T09:56:51","modified_gmt":"2025-10-06T09:56:51","slug":"dr-ernela-lipo","status":"publish","type":"page","link":"https:\/\/www.radiance.al\/fr\/dr-ernela-lipo\/","title":{"rendered":"Dr Ernela Lipo"},"content":{"rendered":"\t\t<div data-elementor-type=\"wp-page\" data-elementor-id=\"10369\" class=\"elementor elementor-10369 elementor-7920\">\n\t\t\t\t<div class=\"elementor-element elementor-element-ee91e83 sticky_sec e-flex e-con-boxed e-con e-parent\" data-id=\"ee91e83\" data-element_type=\"container\" data-e-type=\"container\">\n\t\t\t\t\t<div class=\"e-con-inner\">\n\t\t<div class=\"elementor-element elementor-element-de1a327 e-con-full sticky-box e-flex e-con e-child\" data-id=\"de1a327\" data-element_type=\"container\" data-e-type=\"container\">\n\t\t\t\t<div class=\"elementor-element elementor-element-6863b4b elementor-widget elementor-widget-image\" data-id=\"6863b4b\" data-element_type=\"widget\" data-e-type=\"widget\" data-widget_type=\"image.default\">\n\t\t\t\t<div class=\"elementor-widget-container\">\n\t\t\t\t\t\t\t\t\t\t\t\t\t\t\t<img fetchpriority=\"high\" decoding=\"async\" width=\"945\" height=\"1181\" src=\"https:\/\/www.radiance.al\/wp-content\/uploads\/2025\/06\/staff10.jpg\" class=\"attachment-full size-full wp-image-10380\" alt=\"Dottoressa Protesista \u2013 Esperta in Riabilitazione Dentale Estetica e Funzionale\" srcset=\"https:\/\/www.radiance.al\/wp-content\/uploads\/2025\/06\/staff10.jpg 945w, https:\/\/www.radiance.al\/wp-content\/uploads\/2025\/06\/staff10-240x300.jpg 240w, https:\/\/www.radiance.al\/wp-content\/uploads\/2025\/06\/staff10-819x1024.jpg 819w, https:\/\/www.radiance.al\/wp-content\/uploads\/2025\/06\/staff10-768x960.jpg 768w\" sizes=\"(max-width: 945px) 100vw, 945px\" \/>\t\t\t\t\t\t\t\t\t\t\t\t\t\t\t<\/div>\n\t\t\t\t<\/div>\n\t\t\t\t<div class=\"elementor-element elementor-element-588ccfc elementor-widget elementor-widget-heading\" data-id=\"588ccfc\" data-element_type=\"widget\" data-e-type=\"widget\" data-widget_type=\"heading.default\">\n\t\t\t\t<div class=\"elementor-widget-container\">\n\t\t\t\t\t<h2 class=\"elementor-heading-title elementor-size-default\">Dr Ernela Lipo<\/h2>\t\t\t\t<\/div>\n\t\t\t\t<\/div>\n\t\t\t\t<div class=\"elementor-element elementor-element-aaa8cb0 elementor-widget elementor-widget-text-editor\" data-id=\"aaa8cb0\" data-element_type=\"widget\" data-e-type=\"widget\" data-widget_type=\"text-editor.default\">\n\t\t\t\t<div class=\"elementor-widget-container\">\n\t\t\t\t\t\t\t\t\t<p>Dentiste<\/p>\t\t\t\t\t\t\t\t<\/div>\n\t\t\t\t<\/div>\n\t\t\t\t<\/div>\n\t\t<div class=\"elementor-element elementor-element-5dcaccd e-con-full e-flex e-con e-child\" data-id=\"5dcaccd\" data-element_type=\"container\" data-e-type=\"container\">\n\t\t\t\t<div class=\"elementor-element elementor-element-a780d28 elementor-widget elementor-widget-heading\" data-id=\"a780d28\" data-element_type=\"widget\" data-e-type=\"widget\" data-widget_type=\"heading.default\">\n\t\t\t\t<div class=\"elementor-widget-container\">\n\t\t\t\t\t<h2 class=\"elementor-heading-title elementor-size-default\"><b>Informations personnelles<\/b><\/h2>\t\t\t\t<\/div>\n\t\t\t\t<\/div>\n\t\t\t\t<div class=\"elementor-element elementor-element-faa783e elementor-widget elementor-widget-text-editor\" data-id=\"faa783e\" data-element_type=\"widget\" data-e-type=\"widget\" data-widget_type=\"text-editor.default\">\n\t\t\t\t<div class=\"elementor-widget-container\">\n\t\t\t\t\t\t\t\t\t<p>Nom et pr\u00e9nom : Ernela Lipo<br>Nationalit\u00e9 : albanaise<br>Langues parl\u00e9es : albanais (langue maternelle), italien, anglais<\/p><p>Formation : dipl\u00f4me de dentiste &#8211; Universit\u00e9 Aldent<br>Sp\u00e9cialisations : th\u00e9rapie conservatrice, proth\u00e8ses<\/p><p>Exp\u00e9rience : dentiste ayant une exp\u00e9rience clinique dans diff\u00e9rentes branches de l&rsquo;odontologie.<\/p>\t\t\t\t\t\t\t\t<\/div>\n\t\t\t\t<\/div>\n\t\t\t\t<div class=\"elementor-element elementor-element-3735ac8 elementor-widget elementor-widget-spacer\" data-id=\"3735ac8\" data-element_type=\"widget\" data-e-type=\"widget\" data-widget_type=\"spacer.default\">\n\t\t\t\t<div class=\"elementor-widget-container\">\n\t\t\t\t\t\t\t<div class=\"elementor-spacer\">\n\t\t\t<div class=\"elementor-spacer-inner\"><\/div>\n\t\t<\/div>\n\t\t\t\t\t\t<\/div>\n\t\t\t\t<\/div>\n\t\t\t\t<div class=\"elementor-element elementor-element-bb93b3a elementor-widget elementor-widget-heading\" data-id=\"bb93b3a\" data-element_type=\"widget\" data-e-type=\"widget\" data-widget_type=\"heading.default\">\n\t\t\t\t<div class=\"elementor-widget-container\">\n\t\t\t\t\t<h2 class=\"elementor-heading-title elementor-size-default\"><b>Profil professionnel<\/b><\/h2>\t\t\t\t<\/div>\n\t\t\t\t<\/div>\n\t\t\t\t<div class=\"elementor-element elementor-element-eebf357 elementor-widget elementor-widget-text-editor\" data-id=\"eebf357\" data-element_type=\"widget\" data-e-type=\"widget\" data-widget_type=\"text-editor.default\">\n\t\t\t\t<div class=\"elementor-widget-container\">\n\t\t\t\t\t\t\t\t\t<p>Le Dr Ernela Lipo est une dentiste form\u00e9e \u00e0 l&rsquo;universit\u00e9 Aldent et poss\u00e8de une solide exp\u00e9rience universitaire et clinique. Son expertise couvre de nombreux domaines de la dentisterie, y compris la th\u00e9rapie conservatrice et les proth\u00e8ses, ce qui lui permet d&rsquo;offrir des soins personnalis\u00e9s et complets \u00e0 chaque patient. <\/p><p><br>Tout au long de sa carri\u00e8re professionnelle, elle a fait preuve d&rsquo;un engagement fort dans les soins aux patients, en mettant l&rsquo;accent sur le bien-\u00eatre, l&rsquo;\u00e9coute et une communication efficace. Sa capacit\u00e9 \u00e0 interagir avec des patients internationaux, gr\u00e2ce \u00e0 sa ma\u00eetrise de l&rsquo;italien et de l&rsquo;anglais, fait d&rsquo;elle une figure essentielle au sein de l&rsquo;\u00e9quipe de l&rsquo;h\u00f4pital dentaire Radiance. <\/p><p> <\/p><p>Son d\u00e9vouement quotidien, sa passion pour la profession et son esprit de collaboration avec l&rsquo;\u00e9quipe m\u00e9dicale compl\u00e8tent son profil professionnel, garantissant des normes \u00e9lev\u00e9es de qualit\u00e9 et de soins.<\/p>\t\t\t\t\t\t\t\t<\/div>\n\t\t\t\t<\/div>\n\t\t\t\t<div class=\"elementor-element elementor-element-c7eca24 elementor-widget elementor-widget-spacer\" data-id=\"c7eca24\" data-element_type=\"widget\" data-e-type=\"widget\" data-widget_type=\"spacer.default\">\n\t\t\t\t<div class=\"elementor-widget-container\">\n\t\t\t\t\t\t\t<div class=\"elementor-spacer\">\n\t\t\t<div class=\"elementor-spacer-inner\"><\/div>\n\t\t<\/div>\n\t\t\t\t\t\t<\/div>\n\t\t\t\t<\/div>\n\t\t\t\t<div class=\"elementor-element elementor-element-d5f4d37 elementor-widget elementor-widget-heading\" data-id=\"d5f4d37\" data-element_type=\"widget\" data-e-type=\"widget\" data-widget_type=\"heading.default\">\n\t\t\t\t<div class=\"elementor-widget-container\">\n\t\t\t\t\t<h2 class=\"elementor-heading-title elementor-size-default\"><b>Exp\u00e9rience professionnelle<\/b><\/h2>\t\t\t\t<\/div>\n\t\t\t\t<\/div>\n\t\t\t\t<div class=\"elementor-element elementor-element-5e18c30 elementor-widget elementor-widget-text-editor\" data-id=\"5e18c30\" data-element_type=\"widget\" data-e-type=\"widget\" data-widget_type=\"text-editor.default\">\n\t\t\t\t<div class=\"elementor-widget-container\">\n\t\t\t\t\t\t\t\t\t<div class=\"elementor-element elementor-element-5e18c30 elementor-widget elementor-widget-text-editor\" data-id=\"5e18c30\" data-element_type=\"widget\" data-widget_type=\"text-editor.default\"><div class=\"elementor-widget-container\"><p><strong>H\u00f4pital dentaire Radiance &#8211; Tirana<\/strong><\/p><\/div><\/div>\t\t\t\t\t\t\t\t<\/div>\n\t\t\t\t<\/div>\n\t\t\t\t<div class=\"elementor-element elementor-element-e2f80e0 elementor-widget elementor-widget-text-editor\" data-id=\"e2f80e0\" data-element_type=\"widget\" data-e-type=\"widget\" data-widget_type=\"text-editor.default\">\n\t\t\t\t<div class=\"elementor-widget-container\">\n\t\t\t\t\t\t\t\t\t<p>Dentiste<\/p>\t\t\t\t\t\t\t\t<\/div>\n\t\t\t\t<\/div>\n\t\t\t\t<div class=\"elementor-element elementor-element-b938fd8 elementor-widget elementor-widget-text-editor\" data-id=\"b938fd8\" data-element_type=\"widget\" data-e-type=\"widget\" data-widget_type=\"text-editor.default\">\n\t\t\t\t<div class=\"elementor-widget-container\">\n\t\t\t\t\t\t\t\t\t<p>&#8211; Traitements dentaires conservateurs et proth\u00e9tiques<br>&#8211; Communication avec les patients italiens et internationaux<br>&#8211; Participation active \u00e0 la gestion des plans de traitement<br>&#8211; Collaboration multidisciplinaire avec l&rsquo;\u00e9quipe clinique<\/p>\t\t\t\t\t\t\t\t<\/div>\n\t\t\t\t<\/div>\n\t\t\t\t<div class=\"elementor-element elementor-element-5be8dfd elementor-widget elementor-widget-spacer\" data-id=\"5be8dfd\" data-element_type=\"widget\" data-e-type=\"widget\" data-widget_type=\"spacer.default\">\n\t\t\t\t<div class=\"elementor-widget-container\">\n\t\t\t\t\t\t\t<div class=\"elementor-spacer\">\n\t\t\t<div class=\"elementor-spacer-inner\"><\/div>\n\t\t<\/div>\n\t\t\t\t\t\t<\/div>\n\t\t\t\t<\/div>\n\t\t\t\t<div class=\"elementor-element elementor-element-56064fc elementor-widget elementor-widget-heading\" data-id=\"56064fc\" data-element_type=\"widget\" data-e-type=\"widget\" data-widget_type=\"heading.default\">\n\t\t\t\t<div class=\"elementor-widget-container\">\n\t\t\t\t\t<h2 class=\"elementor-heading-title elementor-size-default\">Enseignement acad\u00e9mique<\/h2>\t\t\t\t<\/div>\n\t\t\t\t<\/div>\n\t\t\t\t<div class=\"elementor-element elementor-element-3ae7d52 elementor-widget elementor-widget-text-editor\" data-id=\"3ae7d52\" data-element_type=\"widget\" data-e-type=\"widget\" data-widget_type=\"text-editor.default\">\n\t\t\t\t<div class=\"elementor-widget-container\">\n\t\t\t\t\t\t\t\t\t<div class=\"elementor-element elementor-element-3ae7d52 elementor-widget elementor-widget-text-editor\" data-id=\"3ae7d52\" data-element_type=\"widget\" data-widget_type=\"text-editor.default\"><div class=\"elementor-widget-container\"><p><strong>Dipl\u00f4me de dentiste<\/strong><\/p><\/div><\/div><div class=\"elementor-element elementor-element-c9550ce elementor-widget elementor-widget-text-editor\" data-id=\"c9550ce\" data-element_type=\"widget\" data-widget_type=\"text-editor.default\"><div class=\"elementor-widget-container\"><div class=\"elementor-element elementor-element-c9550ce elementor-widget elementor-widget-text-editor\" data-id=\"c9550ce\" data-element_type=\"widget\" data-widget_type=\"text-editor.default\"><div class=\"elementor-widget-container\"><p>Universit\u00e9 Aldent &#8211; Tirana<\/p><\/div><\/div><\/div><\/div>\t\t\t\t\t\t\t\t<\/div>\n\t\t\t\t<\/div>\n\t\t\t\t<div class=\"elementor-element elementor-element-c25333e elementor-widget elementor-widget-spacer\" data-id=\"c25333e\" data-element_type=\"widget\" data-e-type=\"widget\" data-widget_type=\"spacer.default\">\n\t\t\t\t<div class=\"elementor-widget-container\">\n\t\t\t\t\t\t\t<div class=\"elementor-spacer\">\n\t\t\t<div class=\"elementor-spacer-inner\"><\/div>\n\t\t<\/div>\n\t\t\t\t\t\t<\/div>\n\t\t\t\t<\/div>\n\t\t\t\t<\/div>\n\t\t\t\t\t<\/div>\n\t\t\t\t<\/div>\n\t\t\t\t<\/div>\n\t\t","protected":false},"excerpt":{"rendered":"<p>Dr Ernela Lipo Dentiste Informations personnelles Nom et pr\u00e9nom : Ernela LipoNationalit\u00e9 : albanaiseLangues parl\u00e9es : albanais (langue maternelle), italien, anglais Formation : dipl\u00f4me de dentiste &#8211; Universit\u00e9 AldentSp\u00e9cialisations : th\u00e9rapie conservatrice, proth\u00e8ses Exp\u00e9rience : dentiste ayant une exp\u00e9rience clinique dans diff\u00e9rentes branches de l&rsquo;odontologie. Profil professionnel Le Dr Ernela [&hellip;]<\/p>\n","protected":false},"author":4,"featured_media":10380,"parent":0,"menu_order":0,"comment_status":"closed","ping_status":"closed","template":"elementor_header_footer","meta":{"_acf_changed":false,"footnotes":""},"class_list":["post-10369","page","type-page","status-publish","has-post-thumbnail","hentry"],"acf":[],"yoast_head":"<!-- This site is optimized with the Yoast SEO Premium plugin v27.4 (Yoast SEO v27.6) - https:\/\/yoast.com\/product\/yoast-seo-premium-wordpress\/ -->\n<title>Dr. Ernela Lipo : votre expert dentaire de confiance<\/title>\n<meta name=\"description\" content=\"Rencontrez le Dr Ernela Lipo, un dentiste exp\u00e9riment\u00e9 sp\u00e9cialis\u00e9 dans les th\u00e9rapies conservatrices et les proth\u00e8ses pour des soins personnalis\u00e9s.\" \/>\n<meta name=\"robots\" content=\"index, follow, max-snippet:-1, max-image-preview:large, max-video-preview:-1\" \/>\n<link rel=\"canonical\" href=\"https:\/\/www.radiance.al\/fr\/dr-ernela-lipo\/\" \/>\n<meta property=\"og:locale\" content=\"fr_FR\" \/>\n<meta property=\"og:type\" content=\"article\" \/>\n<meta property=\"og:title\" content=\"Dr. Ernela Lipo : votre expert dentaire de confiance- assure une anesth\u00e9sie s\u00fbre et un confort \u00e0 Radiance Dental Tirana\" \/>\n<meta property=\"og:description\" content=\"Le Dr Ernela vous apporte la tranquillit\u00e9 d&#039;esprit dans la salle d&#039;op\u00e9ration gr\u00e2ce \u00e0 son exp\u00e9rience en mati\u00e8re d&#039;anesth\u00e9sie et de r\u00e9animation. Il est multilingue et ax\u00e9 sur le patient.\" \/>\n<meta property=\"og:url\" content=\"https:\/\/www.radiance.al\/fr\/dr-ernela-lipo\/\" \/>\n<meta property=\"og:site_name\" content=\"RADIANCE.AL\" \/>\n<meta property=\"article:publisher\" content=\"https:\/\/www.instagram.com\/radiance_al\/?hl=en\" \/>\n<meta property=\"article:modified_time\" content=\"2025-10-06T09:56:51+00:00\" \/>\n<meta property=\"og:image\" content=\"https:\/\/www.radiance.al\/wp-content\/uploads\/2025\/06\/staff10.jpg\" \/>\n\t<meta property=\"og:image:width\" content=\"945\" \/>\n\t<meta property=\"og:image:height\" content=\"1181\" \/>\n\t<meta property=\"og:image:type\" content=\"image\/jpeg\" \/>\n<meta name=\"twitter:card\" content=\"summary_large_image\" \/>\n<meta name=\"twitter:title\" content=\"Dr. Ernela Lipo : votre expert dentaire de confiance\" \/>\n<meta name=\"twitter:description\" content=\"Exp\u00e9rience et professionnalisme en anesth\u00e9sie et r\u00e9animation dentaire avec le Dr Kuqi \u00e0 Tirana.\" \/>\n<meta name=\"twitter:label1\" content=\"Dur\u00e9e de lecture estim\u00e9e\" \/>\n\t<meta name=\"twitter:data1\" content=\"1 minute\" \/>\n<script type=\"application\/ld+json\" class=\"yoast-schema-graph\">{\"@context\":\"https:\\\/\\\/schema.org\",\"@graph\":[{\"@type\":\"WebPage\",\"@id\":\"https:\\\/\\\/www.radiance.al\\\/fr\\\/dr-ernela-lipo\\\/\",\"url\":\"https:\\\/\\\/www.radiance.al\\\/fr\\\/dr-ernela-lipo\\\/\",\"name\":\"Dr. Ernela Lipo : votre expert dentaire de confiance\",\"isPartOf\":{\"@id\":\"https:\\\/\\\/www.radiance.al\\\/fr\\\/#website\"},\"primaryImageOfPage\":{\"@id\":\"https:\\\/\\\/www.radiance.al\\\/fr\\\/dr-ernela-lipo\\\/#primaryimage\"},\"image\":{\"@id\":\"https:\\\/\\\/www.radiance.al\\\/fr\\\/dr-ernela-lipo\\\/#primaryimage\"},\"thumbnailUrl\":\"https:\\\/\\\/www.radiance.al\\\/wp-content\\\/uploads\\\/2025\\\/06\\\/staff10.jpg\",\"datePublished\":\"2025-07-23T10:21:43+00:00\",\"dateModified\":\"2025-10-06T09:56:51+00:00\",\"description\":\"Rencontrez le Dr Ernela Lipo, un dentiste exp\u00e9riment\u00e9 sp\u00e9cialis\u00e9 dans les th\u00e9rapies conservatrices et les proth\u00e8ses pour des soins personnalis\u00e9s.\",\"breadcrumb\":{\"@id\":\"https:\\\/\\\/www.radiance.al\\\/fr\\\/dr-ernela-lipo\\\/#breadcrumb\"},\"inLanguage\":\"fr-FR\",\"potentialAction\":[{\"@type\":\"ReadAction\",\"target\":[\"https:\\\/\\\/www.radiance.al\\\/fr\\\/dr-ernela-lipo\\\/\"]}]},{\"@type\":\"ImageObject\",\"inLanguage\":\"fr-FR\",\"@id\":\"https:\\\/\\\/www.radiance.al\\\/fr\\\/dr-ernela-lipo\\\/#primaryimage\",\"url\":\"https:\\\/\\\/www.radiance.al\\\/wp-content\\\/uploads\\\/2025\\\/06\\\/staff10.jpg\",\"contentUrl\":\"https:\\\/\\\/www.radiance.al\\\/wp-content\\\/uploads\\\/2025\\\/06\\\/staff10.jpg\",\"width\":945,\"height\":1181,\"caption\":\"Specialista in protesi fisse, mobili e su impianti, con tecnologie avanzate per sorrisi perfetti e funzionali.\"},{\"@type\":\"BreadcrumbList\",\"@id\":\"https:\\\/\\\/www.radiance.al\\\/fr\\\/dr-ernela-lipo\\\/#breadcrumb\",\"itemListElement\":[{\"@type\":\"ListItem\",\"position\":1,\"name\":\"Home\",\"item\":\"https:\\\/\\\/www.radiance.al\\\/fr\\\/\"},{\"@type\":\"ListItem\",\"position\":2,\"name\":\"Dr Ernela Lipo\"}]},{\"@type\":\"WebSite\",\"@id\":\"https:\\\/\\\/www.radiance.al\\\/fr\\\/#website\",\"url\":\"https:\\\/\\\/www.radiance.al\\\/fr\\\/\",\"name\":\"RADIANCE.AL\",\"description\":\"RADIANCE DENTAL HOSPITAL\",\"publisher\":{\"@id\":\"https:\\\/\\\/www.radiance.al\\\/fr\\\/#organization\"},\"potentialAction\":[{\"@type\":\"SearchAction\",\"target\":{\"@type\":\"EntryPoint\",\"urlTemplate\":\"https:\\\/\\\/www.radiance.al\\\/fr\\\/?s={search_term_string}\"},\"query-input\":{\"@type\":\"PropertyValueSpecification\",\"valueRequired\":true,\"valueName\":\"search_term_string\"}}],\"inLanguage\":\"fr-FR\"},{\"@type\":\"Organization\",\"@id\":\"https:\\\/\\\/www.radiance.al\\\/fr\\\/#organization\",\"name\":\"RADIANCE.AL\",\"alternateName\":\"Radiance Dental Hospital\",\"url\":\"https:\\\/\\\/www.radiance.al\\\/fr\\\/\",\"logo\":{\"@type\":\"ImageObject\",\"inLanguage\":\"fr-FR\",\"@id\":\"https:\\\/\\\/www.radiance.al\\\/fr\\\/#\\\/schema\\\/logo\\\/image\\\/\",\"url\":\"https:\\\/\\\/www.radiance.al\\\/wp-content\\\/uploads\\\/2025\\\/05\\\/faviconn.jpeg\",\"contentUrl\":\"https:\\\/\\\/www.radiance.al\\\/wp-content\\\/uploads\\\/2025\\\/05\\\/faviconn.jpeg\",\"width\":48,\"height\":48,\"caption\":\"RADIANCE.AL\"},\"image\":{\"@id\":\"https:\\\/\\\/www.radiance.al\\\/fr\\\/#\\\/schema\\\/logo\\\/image\\\/\"},\"sameAs\":[\"https:\\\/\\\/www.instagram.com\\\/radiance_al\\\/?hl=en\"],\"description\":\"\\\"Radiance Dental Hospital n\u00eb Shqip\u00ebri: spital dentar modern me teknologji 3D, implantologji, estetik\u00eb dhe specialist\u00eb me mbi 15 vite p\u00ebrvoj\u00eb. Prenoto konsult\u00ebn falas!\\\"\",\"email\":\"info@radiance.al\",\"telephone\":\"+355694799949\",\"legalName\":\"Radiance Dental Hospital\",\"foundingDate\":\"2025-03-18\",\"numberOfEmployees\":{\"@type\":\"QuantitativeValue\",\"minValue\":\"11\",\"maxValue\":\"50\"}}]}<\/script>\n<!-- \/ Yoast SEO Premium plugin. -->","yoast_head_json":{"title":"Dr. Ernela Lipo : votre expert dentaire de confiance","description":"Rencontrez le Dr Ernela Lipo, un dentiste exp\u00e9riment\u00e9 sp\u00e9cialis\u00e9 dans les th\u00e9rapies conservatrices et les proth\u00e8ses pour des soins personnalis\u00e9s.","robots":{"index":"index","follow":"follow","max-snippet":"max-snippet:-1","max-image-preview":"max-image-preview:large","max-video-preview":"max-video-preview:-1"},"canonical":"https:\/\/www.radiance.al\/fr\/dr-ernela-lipo\/","og_locale":"fr_FR","og_type":"article","og_title":"Dr. Ernela Lipo : votre expert dentaire de confiance- assure une anesth\u00e9sie s\u00fbre et un confort \u00e0 Radiance Dental Tirana","og_description":"Le Dr Ernela vous apporte la tranquillit\u00e9 d'esprit dans la salle d'op\u00e9ration gr\u00e2ce \u00e0 son exp\u00e9rience en mati\u00e8re d'anesth\u00e9sie et de r\u00e9animation. Il est multilingue et ax\u00e9 sur le patient.","og_url":"https:\/\/www.radiance.al\/fr\/dr-ernela-lipo\/","og_site_name":"RADIANCE.AL","article_publisher":"https:\/\/www.instagram.com\/radiance_al\/?hl=en","article_modified_time":"2025-10-06T09:56:51+00:00","og_image":[{"width":945,"height":1181,"url":"https:\/\/www.radiance.al\/wp-content\/uploads\/2025\/06\/staff10.jpg","type":"image\/jpeg"}],"twitter_card":"summary_large_image","twitter_title":"Dr. Ernela Lipo : votre expert dentaire de confiance","twitter_description":"Exp\u00e9rience et professionnalisme en anesth\u00e9sie et r\u00e9animation dentaire avec le Dr Kuqi \u00e0 Tirana.","twitter_misc":{"Dur\u00e9e de lecture estim\u00e9e":"1 minute"},"schema":{"@context":"https:\/\/schema.org","@graph":[{"@type":"WebPage","@id":"https:\/\/www.radiance.al\/fr\/dr-ernela-lipo\/","url":"https:\/\/www.radiance.al\/fr\/dr-ernela-lipo\/","name":"Dr. Ernela Lipo : votre expert dentaire de confiance","isPartOf":{"@id":"https:\/\/www.radiance.al\/fr\/#website"},"primaryImageOfPage":{"@id":"https:\/\/www.radiance.al\/fr\/dr-ernela-lipo\/#primaryimage"},"image":{"@id":"https:\/\/www.radiance.al\/fr\/dr-ernela-lipo\/#primaryimage"},"thumbnailUrl":"https:\/\/www.radiance.al\/wp-content\/uploads\/2025\/06\/staff10.jpg","datePublished":"2025-07-23T10:21:43+00:00","dateModified":"2025-10-06T09:56:51+00:00","description":"Rencontrez le Dr Ernela Lipo, un dentiste exp\u00e9riment\u00e9 sp\u00e9cialis\u00e9 dans les th\u00e9rapies conservatrices et les proth\u00e8ses pour des soins personnalis\u00e9s.","breadcrumb":{"@id":"https:\/\/www.radiance.al\/fr\/dr-ernela-lipo\/#breadcrumb"},"inLanguage":"fr-FR","potentialAction":[{"@type":"ReadAction","target":["https:\/\/www.radiance.al\/fr\/dr-ernela-lipo\/"]}]},{"@type":"ImageObject","inLanguage":"fr-FR","@id":"https:\/\/www.radiance.al\/fr\/dr-ernela-lipo\/#primaryimage","url":"https:\/\/www.radiance.al\/wp-content\/uploads\/2025\/06\/staff10.jpg","contentUrl":"https:\/\/www.radiance.al\/wp-content\/uploads\/2025\/06\/staff10.jpg","width":945,"height":1181,"caption":"Specialista in protesi fisse, mobili e su impianti, con tecnologie avanzate per sorrisi perfetti e funzionali."},{"@type":"BreadcrumbList","@id":"https:\/\/www.radiance.al\/fr\/dr-ernela-lipo\/#breadcrumb","itemListElement":[{"@type":"ListItem","position":1,"name":"Home","item":"https:\/\/www.radiance.al\/fr\/"},{"@type":"ListItem","position":2,"name":"Dr Ernela Lipo"}]},{"@type":"WebSite","@id":"https:\/\/www.radiance.al\/fr\/#website","url":"https:\/\/www.radiance.al\/fr\/","name":"RADIANCE.AL","description":"RADIANCE DENTAL HOSPITAL","publisher":{"@id":"https:\/\/www.radiance.al\/fr\/#organization"},"potentialAction":[{"@type":"SearchAction","target":{"@type":"EntryPoint","urlTemplate":"https:\/\/www.radiance.al\/fr\/?s={search_term_string}"},"query-input":{"@type":"PropertyValueSpecification","valueRequired":true,"valueName":"search_term_string"}}],"inLanguage":"fr-FR"},{"@type":"Organization","@id":"https:\/\/www.radiance.al\/fr\/#organization","name":"RADIANCE.AL","alternateName":"Radiance Dental Hospital","url":"https:\/\/www.radiance.al\/fr\/","logo":{"@type":"ImageObject","inLanguage":"fr-FR","@id":"https:\/\/www.radiance.al\/fr\/#\/schema\/logo\/image\/","url":"https:\/\/www.radiance.al\/wp-content\/uploads\/2025\/05\/faviconn.jpeg","contentUrl":"https:\/\/www.radiance.al\/wp-content\/uploads\/2025\/05\/faviconn.jpeg","width":48,"height":48,"caption":"RADIANCE.AL"},"image":{"@id":"https:\/\/www.radiance.al\/fr\/#\/schema\/logo\/image\/"},"sameAs":["https:\/\/www.instagram.com\/radiance_al\/?hl=en"],"description":"\"Radiance Dental Hospital n\u00eb Shqip\u00ebri: spital dentar modern me teknologji 3D, implantologji, estetik\u00eb dhe specialist\u00eb me mbi 15 vite p\u00ebrvoj\u00eb. Prenoto konsult\u00ebn falas!\"","email":"info@radiance.al","telephone":"+355694799949","legalName":"Radiance Dental Hospital","foundingDate":"2025-03-18","numberOfEmployees":{"@type":"QuantitativeValue","minValue":"11","maxValue":"50"}}]}},"_links":{"self":[{"href":"https:\/\/www.radiance.al\/fr\/wp-json\/wp\/v2\/pages\/10369","targetHints":{"allow":["GET"]}}],"collection":[{"href":"https:\/\/www.radiance.al\/fr\/wp-json\/wp\/v2\/pages"}],"about":[{"href":"https:\/\/www.radiance.al\/fr\/wp-json\/wp\/v2\/types\/page"}],"author":[{"embeddable":true,"href":"https:\/\/www.radiance.al\/fr\/wp-json\/wp\/v2\/users\/4"}],"replies":[{"embeddable":true,"href":"https:\/\/www.radiance.al\/fr\/wp-json\/wp\/v2\/comments?post=10369"}],"version-history":[{"count":4,"href":"https:\/\/www.radiance.al\/fr\/wp-json\/wp\/v2\/pages\/10369\/revisions"}],"predecessor-version":[{"id":10384,"href":"https:\/\/www.radiance.al\/fr\/wp-json\/wp\/v2\/pages\/10369\/revisions\/10384"}],"wp:featuredmedia":[{"embeddable":true,"href":"https:\/\/www.radiance.al\/fr\/wp-json\/wp\/v2\/media\/10380"}],"wp:attachment":[{"href":"https:\/\/www.radiance.al\/fr\/wp-json\/wp\/v2\/media?parent=10369"}],"curies":[{"name":"wp","href":"https:\/\/api.w.org\/{rel}","templated":true}]}}