{"id":7292,"date":"2025-05-16T11:03:16","date_gmt":"2025-05-16T11:03:16","guid":{"rendered":"https:\/\/www.radiance.al\/anxhela-naci\/"},"modified":"2025-09-15T12:12:25","modified_gmt":"2025-09-15T12:12:25","slug":"anxhela-naci-infirmiere-dentaire","status":"publish","type":"page","link":"https:\/\/www.radiance.al\/fr\/anxhela-naci-infirmiere-dentaire\/","title":{"rendered":"Anxhela Na\u00e7i"},"content":{"rendered":"\t\t<div data-elementor-type=\"wp-page\" data-elementor-id=\"7292\" class=\"elementor elementor-7292 elementor-1862\">\n\t\t\t\t<div class=\"elementor-element elementor-element-ee91e83 e-flex e-con-boxed e-con e-parent\" data-id=\"ee91e83\" data-element_type=\"container\" data-e-type=\"container\">\n\t\t\t\t\t<div class=\"e-con-inner\">\n\t\t<div class=\"elementor-element elementor-element-de1a327 e-con-full sticky-box e-flex e-con e-child\" data-id=\"de1a327\" data-element_type=\"container\" data-e-type=\"container\">\n\t\t\t\t<div class=\"elementor-element elementor-element-6863b4b elementor-widget elementor-widget-image\" data-id=\"6863b4b\" data-element_type=\"widget\" data-e-type=\"widget\" data-widget_type=\"image.default\">\n\t\t\t\t<div class=\"elementor-widget-container\">\n\t\t\t\t\t\t\t\t\t\t\t\t\t\t\t<img fetchpriority=\"high\" decoding=\"async\" width=\"300\" height=\"319\" src=\"https:\/\/www.radiance.al\/wp-content\/uploads\/2025\/05\/cje.png\" class=\"attachment-full size-full wp-image-7404\" alt=\"\" srcset=\"https:\/\/www.radiance.al\/wp-content\/uploads\/2025\/05\/cje.png 300w, https:\/\/www.radiance.al\/wp-content\/uploads\/2025\/05\/cje-282x300.png 282w\" sizes=\"(max-width: 300px) 100vw, 300px\" \/>\t\t\t\t\t\t\t\t\t\t\t\t\t\t\t<\/div>\n\t\t\t\t<\/div>\n\t\t\t\t<div class=\"elementor-element elementor-element-588ccfc elementor-widget elementor-widget-heading\" data-id=\"588ccfc\" data-element_type=\"widget\" data-e-type=\"widget\" data-widget_type=\"heading.default\">\n\t\t\t\t<div class=\"elementor-widget-container\">\n\t\t\t\t\t<h2 class=\"elementor-heading-title elementor-size-default\">Anxhela Na\u00e7i<\/h2>\t\t\t\t<\/div>\n\t\t\t\t<\/div>\n\t\t\t\t<div class=\"elementor-element elementor-element-aaa8cb0 elementor-widget elementor-widget-text-editor\" data-id=\"aaa8cb0\" data-element_type=\"widget\" data-e-type=\"widget\" data-widget_type=\"text-editor.default\">\n\t\t\t\t<div class=\"elementor-widget-container\">\n\t\t\t\t\t\t\t\t\t<p><strong>Infirmi\u00e8re<\/strong><\/p>\t\t\t\t\t\t\t\t<\/div>\n\t\t\t\t<\/div>\n\t\t\t\t<\/div>\n\t\t<div class=\"elementor-element elementor-element-5dcaccd e-con-full e-flex e-con e-child\" data-id=\"5dcaccd\" data-element_type=\"container\" data-e-type=\"container\">\n\t\t\t\t<div class=\"elementor-element elementor-element-a780d28 elementor-widget elementor-widget-heading\" data-id=\"a780d28\" data-element_type=\"widget\" data-e-type=\"widget\" data-widget_type=\"heading.default\">\n\t\t\t\t<div class=\"elementor-widget-container\">\n\t\t\t\t\t<h2 class=\"elementor-heading-title elementor-size-default\">Informations personnelles<\/h2>\t\t\t\t<\/div>\n\t\t\t\t<\/div>\n\t\t\t\t<div class=\"elementor-element elementor-element-faa783e elementor-widget elementor-widget-text-editor\" data-id=\"faa783e\" data-element_type=\"widget\" data-e-type=\"widget\" data-widget_type=\"text-editor.default\">\n\t\t\t\t<div class=\"elementor-widget-container\">\n\t\t\t\t\t\t\t\t\t<p><strong>Nom complet<\/strong>: Anxhela Na\u00e7i<br><strong>Nationalit\u00e9<\/strong>: albanaise<br><strong>Langues<\/strong> parl\u00e9es : <strong>albanais<\/strong> (langue maternelle),<strong> italien<\/strong> (notions), <strong>anglais<\/strong> (notions)<\/p><p><strong>Exp\u00e9rience<\/strong>: exp\u00e9rience dans le domaine des soins <strong>dentaires et chirurgicaux<\/strong><\/p>\t\t\t\t\t\t\t\t<\/div>\n\t\t\t\t<\/div>\n\t\t\t\t<div class=\"elementor-element elementor-element-3735ac8 elementor-widget elementor-widget-spacer\" data-id=\"3735ac8\" data-element_type=\"widget\" data-e-type=\"widget\" data-widget_type=\"spacer.default\">\n\t\t\t\t<div class=\"elementor-widget-container\">\n\t\t\t\t\t\t\t<div class=\"elementor-spacer\">\n\t\t\t<div class=\"elementor-spacer-inner\"><\/div>\n\t\t<\/div>\n\t\t\t\t\t\t<\/div>\n\t\t\t\t<\/div>\n\t\t\t\t<div class=\"elementor-element elementor-element-bb93b3a elementor-widget elementor-widget-heading\" data-id=\"bb93b3a\" data-element_type=\"widget\" data-e-type=\"widget\" data-widget_type=\"heading.default\">\n\t\t\t\t<div class=\"elementor-widget-container\">\n\t\t\t\t\t<h2 class=\"elementor-heading-title elementor-size-default\">Profil professionnel<\/h2>\t\t\t\t<\/div>\n\t\t\t\t<\/div>\n\t\t\t\t<div class=\"elementor-element elementor-element-c5dd6d0 elementor-widget elementor-widget-text-editor\" data-id=\"c5dd6d0\" data-element_type=\"widget\" data-e-type=\"widget\" data-widget_type=\"text-editor.default\">\n\t\t\t\t<div class=\"elementor-widget-container\">\n\t\t\t\t\t\t\t\t\t<p><strong>Anxhela Na\u00e7i<\/strong> est dipl\u00f4m\u00e9e en <strong>sciences de la sant\u00e9<\/strong> de l&rsquo;<strong>universit\u00e9 \u00ab\u00a0Ismail Qemali\u00a0\u00bb de Vlora<\/strong>, avec une sp\u00e9cialisation en <strong>soins infirmiers et obst\u00e9triques<\/strong>. Tout au long de sa carri\u00e8re, elle a acquis une exp\u00e9rience significative en tant qu&rsquo;assistante <strong>dentaire<\/strong>, soutenant avec comp\u00e9tence et pr\u00e9cision les activit\u00e9s de chirurgie, de proth\u00e8se et de <strong>th\u00e9rapie dentaire<\/strong>. Son souci du d\u00e9tail, alli\u00e9 \u00e0 d&rsquo;excellentes comp\u00e9tences en communication et \u00e0 un fort esprit de <strong>collaboration<\/strong>, lui permet de contribuer quotidiennement \u00e0 la cr\u00e9ation d&rsquo;un environnement accueillant et professionnel pour les patients de l&rsquo;<strong>h\u00f4pital dentaire Radiance<\/strong>.<\/p><p><strong>Anxhela<\/strong> se distingue par sa serviabilit\u00e9, sa gentillesse et son d\u00e9vouement au bien-\u00eatre du patient, faisant preuve d&rsquo;une grande fiabilit\u00e9 \u00e0 chaque \u00e9tape du parcours <strong>clinique<\/strong>.<\/p>\t\t\t\t\t\t\t\t<\/div>\n\t\t\t\t<\/div>\n\t\t\t\t<div class=\"elementor-element elementor-element-c7eca24 elementor-widget elementor-widget-spacer\" data-id=\"c7eca24\" data-element_type=\"widget\" data-e-type=\"widget\" data-widget_type=\"spacer.default\">\n\t\t\t\t<div class=\"elementor-widget-container\">\n\t\t\t\t\t\t\t<div class=\"elementor-spacer\">\n\t\t\t<div class=\"elementor-spacer-inner\"><\/div>\n\t\t<\/div>\n\t\t\t\t\t\t<\/div>\n\t\t\t\t<\/div>\n\t\t\t\t<div class=\"elementor-element elementor-element-d5f4d37 elementor-widget elementor-widget-heading\" data-id=\"d5f4d37\" data-element_type=\"widget\" data-e-type=\"widget\" data-widget_type=\"heading.default\">\n\t\t\t\t<div class=\"elementor-widget-container\">\n\t\t\t\t\t<h2 class=\"elementor-heading-title elementor-size-default\">Exp\u00e9rience professionnelle<\/h2>\t\t\t\t<\/div>\n\t\t\t\t<\/div>\n\t\t\t\t<div class=\"elementor-element elementor-element-5e18c30 elementor-widget elementor-widget-text-editor\" data-id=\"5e18c30\" data-element_type=\"widget\" data-e-type=\"widget\" data-widget_type=\"text-editor.default\">\n\t\t\t\t<div class=\"elementor-widget-container\">\n\t\t\t\t\t\t\t\t\t<p>H\u00f4pital dentaire Radiance &#8211; Tirana<\/p>\t\t\t\t\t\t\t\t<\/div>\n\t\t\t\t<\/div>\n\t\t\t\t<div class=\"elementor-element elementor-element-e2f80e0 elementor-widget elementor-widget-text-editor\" data-id=\"e2f80e0\" data-element_type=\"widget\" data-e-type=\"widget\" data-widget_type=\"text-editor.default\">\n\t\t\t\t<div class=\"elementor-widget-container\">\n\t\t\t\t\t\t\t\t\t<p>Infirmi\u00e8re et assistante dentaire<\/p>\t\t\t\t\t\t\t\t<\/div>\n\t\t\t\t<\/div>\n\t\t\t\t<div class=\"elementor-element elementor-element-b938fd8 elementor-widget elementor-widget-text-editor\" data-id=\"b938fd8\" data-element_type=\"widget\" data-e-type=\"widget\" data-widget_type=\"text-editor.default\">\n\t\t\t\t<div class=\"elementor-widget-container\">\n\t\t\t\t\t\t\t\t\t<p>&#8211;<strong> Assistance aux<\/strong> interventions <strong>chirurgicales<\/strong><br \/>&#8211; Prise en charge des <strong>proth\u00e8ses<\/strong> <strong>dentaires<\/strong> et des <strong>th\u00e9rapies dentaires<\/strong><br \/>&#8211; Gestion des relations avec les <strong>patients<\/strong> et des phases <strong>pr\u00e9\/post-op\u00e9ratoires<\/strong><br \/>&#8211; <strong>Collaboration<\/strong> continue avec l&rsquo;\u00e9quipe m\u00e9dicale pour assurer un <strong>service de<\/strong> haute qualit\u00e9<\/p>\t\t\t\t\t\t\t\t<\/div>\n\t\t\t\t<\/div>\n\t\t\t\t<div class=\"elementor-element elementor-element-56064fc elementor-widget elementor-widget-heading\" data-id=\"56064fc\" data-element_type=\"widget\" data-e-type=\"widget\" data-widget_type=\"heading.default\">\n\t\t\t\t<div class=\"elementor-widget-container\">\n\t\t\t\t\t<h2 class=\"elementor-heading-title elementor-size-default\">Enseignement acad\u00e9mique<\/h2>\t\t\t\t<\/div>\n\t\t\t\t<\/div>\n\t\t\t\t<div class=\"elementor-element elementor-element-e9077e0 elementor-widget elementor-widget-text-editor\" data-id=\"e9077e0\" data-element_type=\"widget\" data-e-type=\"widget\" data-widget_type=\"text-editor.default\">\n\t\t\t\t<div class=\"elementor-widget-container\">\n\t\t\t\t\t\t\t\t\t<p>Dipl\u00f4me en sciences de la sant\u00e9<\/p>\t\t\t\t\t\t\t\t<\/div>\n\t\t\t\t<\/div>\n\t\t\t\t<div class=\"elementor-element elementor-element-620ab81 elementor-widget elementor-widget-text-editor\" data-id=\"620ab81\" data-element_type=\"widget\" data-e-type=\"widget\" data-widget_type=\"text-editor.default\">\n\t\t\t\t<div class=\"elementor-widget-container\">\n\t\t\t\t\t\t\t\t\t<p><strong>Soins infirmiers et obst\u00e9triques Universit\u00e9 \u00ab\u00a0Ismail Qemali\u00a0\u00bb de Vlora<\/strong><\/p>\t\t\t\t\t\t\t\t<\/div>\n\t\t\t\t<\/div>\n\t\t\t\t<\/div>\n\t\t\t\t\t<\/div>\n\t\t\t\t<\/div>\n\t\t\t\t<\/div>\n\t\t","protected":false},"excerpt":{"rendered":"<p>Anxhela Na\u00e7i Infirmi\u00e8re Informations personnelles Nom complet: Anxhela Na\u00e7iNationalit\u00e9: albanaiseLangues parl\u00e9es : albanais (langue maternelle), italien (notions), anglais (notions) Exp\u00e9rience: exp\u00e9rience dans le domaine des soins dentaires et chirurgicaux Profil professionnel Anxhela Na\u00e7i est dipl\u00f4m\u00e9e en sciences de la sant\u00e9 de l&rsquo;universit\u00e9 \u00ab\u00a0Ismail Qemali\u00a0\u00bb de Vlora, avec une sp\u00e9cialisation en [&hellip;]<\/p>\n","protected":false},"author":1,"featured_media":7294,"parent":0,"menu_order":0,"comment_status":"closed","ping_status":"closed","template":"elementor_header_footer","meta":{"_acf_changed":false,"footnotes":""},"class_list":["post-7292","page","type-page","status-publish","has-post-thumbnail","hentry"],"acf":[],"yoast_head":"<!-- This site is optimized with the Yoast SEO Premium plugin v27.4 (Yoast SEO v27.6) - https:\/\/yoast.com\/product\/yoast-seo-premium-wordpress\/ -->\n<title>Anxhela Na\u00e7i - Infirmi\u00e8re praticienne dentaire \u00e0 Radiance<\/title>\n<meta name=\"description\" content=\"Anxhela Na\u00e7i, infirmi\u00e8re dentaire en Albanie \u00e0 Radiance. Soins dentaires et chirurgicaux s\u00fbrs et modernes pour patients internationaux.\" \/>\n<meta name=\"robots\" content=\"index, follow, max-snippet:-1, max-image-preview:large, max-video-preview:-1\" \/>\n<link rel=\"canonical\" href=\"https:\/\/www.radiance.al\/fr\/anxhela-naci-infirmiere-dentaire\/\" \/>\n<meta property=\"og:locale\" content=\"fr_FR\" \/>\n<meta property=\"og:type\" content=\"article\" \/>\n<meta property=\"og:title\" content=\"Rencontrez Anxhela Na\u00e7i - l&#039;infirmi\u00e8re qui veille \u00e0 votre confort chez Radiance Dental \u00e0 Tirana\" \/>\n<meta property=\"og:description\" content=\"Anxhela Na\u00e7i : comp\u00e9tence et gentillesse dans l&#039;assistance dentaire et chirurgicale. Elle parle l&#039;albanais, l&#039;italien et l&#039;anglais. Elle est pr\u00eate \u00e0 rendre votre exp\u00e9rience chez Radiance Dental encore plus agr\u00e9able !\" \/>\n<meta property=\"og:url\" content=\"https:\/\/www.radiance.al\/fr\/anxhela-naci-infirmiere-dentaire\/\" \/>\n<meta property=\"og:site_name\" content=\"RADIANCE.AL\" \/>\n<meta property=\"article:publisher\" content=\"https:\/\/www.instagram.com\/radiance_al\/?hl=en\" \/>\n<meta property=\"article:modified_time\" content=\"2025-09-15T12:12:25+00:00\" \/>\n<meta property=\"og:image\" content=\"https:\/\/www.radiance.al\/wp-content\/uploads\/2025\/06\/staff.jpg\" \/>\n\t<meta property=\"og:image:width\" content=\"945\" \/>\n\t<meta property=\"og:image:height\" content=\"1181\" \/>\n\t<meta property=\"og:image:type\" content=\"image\/jpeg\" \/>\n<meta name=\"twitter:card\" content=\"summary_large_image\" \/>\n<meta name=\"twitter:title\" content=\"Anxhela Na\u00e7i - infirmi\u00e8re exp\u00e9riment\u00e9e de Radiance Dental Tirana\" \/>\n<meta name=\"twitter:description\" content=\"Expertise, attention et langue : Anxhela vous accompagne \u00e0 chaque \u00e9tape de votre traitement dentaire chez Radiance Dental \u00e0 Tirana.\" \/>\n<meta name=\"twitter:label1\" content=\"Dur\u00e9e de lecture estim\u00e9e\" \/>\n\t<meta name=\"twitter:data1\" content=\"2 minutes\" \/>\n<script type=\"application\/ld+json\" class=\"yoast-schema-graph\">{\"@context\":\"https:\\\/\\\/schema.org\",\"@graph\":[{\"@type\":\"WebPage\",\"@id\":\"https:\\\/\\\/www.radiance.al\\\/fr\\\/anxhela-naci-infirmiere-dentaire\\\/\",\"url\":\"https:\\\/\\\/www.radiance.al\\\/fr\\\/anxhela-naci-infirmiere-dentaire\\\/\",\"name\":\"Anxhela Na\u00e7i - Infirmi\u00e8re praticienne dentaire \u00e0 Radiance\",\"isPartOf\":{\"@id\":\"https:\\\/\\\/www.radiance.al\\\/fr\\\/#website\"},\"primaryImageOfPage\":{\"@id\":\"https:\\\/\\\/www.radiance.al\\\/fr\\\/anxhela-naci-infirmiere-dentaire\\\/#primaryimage\"},\"image\":{\"@id\":\"https:\\\/\\\/www.radiance.al\\\/fr\\\/anxhela-naci-infirmiere-dentaire\\\/#primaryimage\"},\"thumbnailUrl\":\"https:\\\/\\\/www.radiance.al\\\/wp-content\\\/uploads\\\/2025\\\/06\\\/staff.jpg\",\"datePublished\":\"2025-05-16T11:03:16+00:00\",\"dateModified\":\"2025-09-15T12:12:25+00:00\",\"description\":\"Anxhela Na\u00e7i, infirmi\u00e8re dentaire en Albanie \u00e0 Radiance. Soins dentaires et chirurgicaux s\u00fbrs et modernes pour patients internationaux.\",\"breadcrumb\":{\"@id\":\"https:\\\/\\\/www.radiance.al\\\/fr\\\/anxhela-naci-infirmiere-dentaire\\\/#breadcrumb\"},\"inLanguage\":\"fr-FR\",\"potentialAction\":[{\"@type\":\"ReadAction\",\"target\":[\"https:\\\/\\\/www.radiance.al\\\/fr\\\/anxhela-naci-infirmiere-dentaire\\\/\"]}]},{\"@type\":\"ImageObject\",\"inLanguage\":\"fr-FR\",\"@id\":\"https:\\\/\\\/www.radiance.al\\\/fr\\\/anxhela-naci-infirmiere-dentaire\\\/#primaryimage\",\"url\":\"https:\\\/\\\/www.radiance.al\\\/wp-content\\\/uploads\\\/2025\\\/06\\\/staff.jpg\",\"contentUrl\":\"https:\\\/\\\/www.radiance.al\\\/wp-content\\\/uploads\\\/2025\\\/06\\\/staff.jpg\",\"width\":945,\"height\":1181,\"caption\":\"Il nostro team clinico \u00e8 composto da professionisti altamente qualificati. Infermiera specializzata in supporto chirurgico, implantologia e parodontologia.\"},{\"@type\":\"BreadcrumbList\",\"@id\":\"https:\\\/\\\/www.radiance.al\\\/fr\\\/anxhela-naci-infirmiere-dentaire\\\/#breadcrumb\",\"itemListElement\":[{\"@type\":\"ListItem\",\"position\":1,\"name\":\"Home\",\"item\":\"https:\\\/\\\/www.radiance.al\\\/fr\\\/\"},{\"@type\":\"ListItem\",\"position\":2,\"name\":\"Anxhela Na\u00e7i - Infirmi\u00e8re dentaire\"}]},{\"@type\":\"WebSite\",\"@id\":\"https:\\\/\\\/www.radiance.al\\\/fr\\\/#website\",\"url\":\"https:\\\/\\\/www.radiance.al\\\/fr\\\/\",\"name\":\"RADIANCE.AL\",\"description\":\"RADIANCE DENTAL HOSPITAL\",\"publisher\":{\"@id\":\"https:\\\/\\\/www.radiance.al\\\/fr\\\/#organization\"},\"potentialAction\":[{\"@type\":\"SearchAction\",\"target\":{\"@type\":\"EntryPoint\",\"urlTemplate\":\"https:\\\/\\\/www.radiance.al\\\/fr\\\/?s={search_term_string}\"},\"query-input\":{\"@type\":\"PropertyValueSpecification\",\"valueRequired\":true,\"valueName\":\"search_term_string\"}}],\"inLanguage\":\"fr-FR\"},{\"@type\":\"Organization\",\"@id\":\"https:\\\/\\\/www.radiance.al\\\/fr\\\/#organization\",\"name\":\"RADIANCE.AL\",\"alternateName\":\"Radiance Dental Hospital\",\"url\":\"https:\\\/\\\/www.radiance.al\\\/fr\\\/\",\"logo\":{\"@type\":\"ImageObject\",\"inLanguage\":\"fr-FR\",\"@id\":\"https:\\\/\\\/www.radiance.al\\\/fr\\\/#\\\/schema\\\/logo\\\/image\\\/\",\"url\":\"https:\\\/\\\/www.radiance.al\\\/wp-content\\\/uploads\\\/2025\\\/05\\\/faviconn.jpeg\",\"contentUrl\":\"https:\\\/\\\/www.radiance.al\\\/wp-content\\\/uploads\\\/2025\\\/05\\\/faviconn.jpeg\",\"width\":48,\"height\":48,\"caption\":\"RADIANCE.AL\"},\"image\":{\"@id\":\"https:\\\/\\\/www.radiance.al\\\/fr\\\/#\\\/schema\\\/logo\\\/image\\\/\"},\"sameAs\":[\"https:\\\/\\\/www.instagram.com\\\/radiance_al\\\/?hl=en\"],\"description\":\"\\\"Radiance Dental Hospital n\u00eb Shqip\u00ebri: spital dentar modern me teknologji 3D, implantologji, estetik\u00eb dhe specialist\u00eb me mbi 15 vite p\u00ebrvoj\u00eb. Prenoto konsult\u00ebn falas!\\\"\",\"email\":\"info@radiance.al\",\"telephone\":\"+355694799949\",\"legalName\":\"Radiance Dental Hospital\",\"foundingDate\":\"2025-03-18\",\"numberOfEmployees\":{\"@type\":\"QuantitativeValue\",\"minValue\":\"11\",\"maxValue\":\"50\"}}]}<\/script>\n<!-- \/ Yoast SEO Premium plugin. -->","yoast_head_json":{"title":"Anxhela Na\u00e7i - Infirmi\u00e8re praticienne dentaire \u00e0 Radiance","description":"Anxhela Na\u00e7i, infirmi\u00e8re dentaire en Albanie \u00e0 Radiance. Soins dentaires et chirurgicaux s\u00fbrs et modernes pour patients internationaux.","robots":{"index":"index","follow":"follow","max-snippet":"max-snippet:-1","max-image-preview":"max-image-preview:large","max-video-preview":"max-video-preview:-1"},"canonical":"https:\/\/www.radiance.al\/fr\/anxhela-naci-infirmiere-dentaire\/","og_locale":"fr_FR","og_type":"article","og_title":"Rencontrez Anxhela Na\u00e7i - l'infirmi\u00e8re qui veille \u00e0 votre confort chez Radiance Dental \u00e0 Tirana","og_description":"Anxhela Na\u00e7i : comp\u00e9tence et gentillesse dans l'assistance dentaire et chirurgicale. Elle parle l'albanais, l'italien et l'anglais. Elle est pr\u00eate \u00e0 rendre votre exp\u00e9rience chez Radiance Dental encore plus agr\u00e9able !","og_url":"https:\/\/www.radiance.al\/fr\/anxhela-naci-infirmiere-dentaire\/","og_site_name":"RADIANCE.AL","article_publisher":"https:\/\/www.instagram.com\/radiance_al\/?hl=en","article_modified_time":"2025-09-15T12:12:25+00:00","og_image":[{"width":945,"height":1181,"url":"https:\/\/www.radiance.al\/wp-content\/uploads\/2025\/06\/staff.jpg","type":"image\/jpeg"}],"twitter_card":"summary_large_image","twitter_title":"Anxhela Na\u00e7i - infirmi\u00e8re exp\u00e9riment\u00e9e de Radiance Dental Tirana","twitter_description":"Expertise, attention et langue : Anxhela vous accompagne \u00e0 chaque \u00e9tape de votre traitement dentaire chez Radiance Dental \u00e0 Tirana.","twitter_misc":{"Dur\u00e9e de lecture estim\u00e9e":"2 minutes"},"schema":{"@context":"https:\/\/schema.org","@graph":[{"@type":"WebPage","@id":"https:\/\/www.radiance.al\/fr\/anxhela-naci-infirmiere-dentaire\/","url":"https:\/\/www.radiance.al\/fr\/anxhela-naci-infirmiere-dentaire\/","name":"Anxhela Na\u00e7i - Infirmi\u00e8re praticienne dentaire \u00e0 Radiance","isPartOf":{"@id":"https:\/\/www.radiance.al\/fr\/#website"},"primaryImageOfPage":{"@id":"https:\/\/www.radiance.al\/fr\/anxhela-naci-infirmiere-dentaire\/#primaryimage"},"image":{"@id":"https:\/\/www.radiance.al\/fr\/anxhela-naci-infirmiere-dentaire\/#primaryimage"},"thumbnailUrl":"https:\/\/www.radiance.al\/wp-content\/uploads\/2025\/06\/staff.jpg","datePublished":"2025-05-16T11:03:16+00:00","dateModified":"2025-09-15T12:12:25+00:00","description":"Anxhela Na\u00e7i, infirmi\u00e8re dentaire en Albanie \u00e0 Radiance. Soins dentaires et chirurgicaux s\u00fbrs et modernes pour patients internationaux.","breadcrumb":{"@id":"https:\/\/www.radiance.al\/fr\/anxhela-naci-infirmiere-dentaire\/#breadcrumb"},"inLanguage":"fr-FR","potentialAction":[{"@type":"ReadAction","target":["https:\/\/www.radiance.al\/fr\/anxhela-naci-infirmiere-dentaire\/"]}]},{"@type":"ImageObject","inLanguage":"fr-FR","@id":"https:\/\/www.radiance.al\/fr\/anxhela-naci-infirmiere-dentaire\/#primaryimage","url":"https:\/\/www.radiance.al\/wp-content\/uploads\/2025\/06\/staff.jpg","contentUrl":"https:\/\/www.radiance.al\/wp-content\/uploads\/2025\/06\/staff.jpg","width":945,"height":1181,"caption":"Il nostro team clinico \u00e8 composto da professionisti altamente qualificati. Infermiera specializzata in supporto chirurgico, implantologia e parodontologia."},{"@type":"BreadcrumbList","@id":"https:\/\/www.radiance.al\/fr\/anxhela-naci-infirmiere-dentaire\/#breadcrumb","itemListElement":[{"@type":"ListItem","position":1,"name":"Home","item":"https:\/\/www.radiance.al\/fr\/"},{"@type":"ListItem","position":2,"name":"Anxhela Na\u00e7i - Infirmi\u00e8re dentaire"}]},{"@type":"WebSite","@id":"https:\/\/www.radiance.al\/fr\/#website","url":"https:\/\/www.radiance.al\/fr\/","name":"RADIANCE.AL","description":"RADIANCE DENTAL HOSPITAL","publisher":{"@id":"https:\/\/www.radiance.al\/fr\/#organization"},"potentialAction":[{"@type":"SearchAction","target":{"@type":"EntryPoint","urlTemplate":"https:\/\/www.radiance.al\/fr\/?s={search_term_string}"},"query-input":{"@type":"PropertyValueSpecification","valueRequired":true,"valueName":"search_term_string"}}],"inLanguage":"fr-FR"},{"@type":"Organization","@id":"https:\/\/www.radiance.al\/fr\/#organization","name":"RADIANCE.AL","alternateName":"Radiance Dental Hospital","url":"https:\/\/www.radiance.al\/fr\/","logo":{"@type":"ImageObject","inLanguage":"fr-FR","@id":"https:\/\/www.radiance.al\/fr\/#\/schema\/logo\/image\/","url":"https:\/\/www.radiance.al\/wp-content\/uploads\/2025\/05\/faviconn.jpeg","contentUrl":"https:\/\/www.radiance.al\/wp-content\/uploads\/2025\/05\/faviconn.jpeg","width":48,"height":48,"caption":"RADIANCE.AL"},"image":{"@id":"https:\/\/www.radiance.al\/fr\/#\/schema\/logo\/image\/"},"sameAs":["https:\/\/www.instagram.com\/radiance_al\/?hl=en"],"description":"\"Radiance Dental Hospital n\u00eb Shqip\u00ebri: spital dentar modern me teknologji 3D, implantologji, estetik\u00eb dhe specialist\u00eb me mbi 15 vite p\u00ebrvoj\u00eb. Prenoto konsult\u00ebn falas!\"","email":"info@radiance.al","telephone":"+355694799949","legalName":"Radiance Dental Hospital","foundingDate":"2025-03-18","numberOfEmployees":{"@type":"QuantitativeValue","minValue":"11","maxValue":"50"}}]}},"_links":{"self":[{"href":"https:\/\/www.radiance.al\/fr\/wp-json\/wp\/v2\/pages\/7292","targetHints":{"allow":["GET"]}}],"collection":[{"href":"https:\/\/www.radiance.al\/fr\/wp-json\/wp\/v2\/pages"}],"about":[{"href":"https:\/\/www.radiance.al\/fr\/wp-json\/wp\/v2\/types\/page"}],"author":[{"embeddable":true,"href":"https:\/\/www.radiance.al\/fr\/wp-json\/wp\/v2\/users\/1"}],"replies":[{"embeddable":true,"href":"https:\/\/www.radiance.al\/fr\/wp-json\/wp\/v2\/comments?post=7292"}],"version-history":[{"count":0,"href":"https:\/\/www.radiance.al\/fr\/wp-json\/wp\/v2\/pages\/7292\/revisions"}],"wp:featuredmedia":[{"embeddable":true,"href":"https:\/\/www.radiance.al\/fr\/wp-json\/wp\/v2\/media\/7294"}],"wp:attachment":[{"href":"https:\/\/www.radiance.al\/fr\/wp-json\/wp\/v2\/media?parent=7292"}],"curies":[{"name":"wp","href":"https:\/\/api.w.org\/{rel}","templated":true}]}}