{"id":7320,"date":"2025-06-12T13:14:35","date_gmt":"2025-06-12T13:14:35","guid":{"rendered":"https:\/\/www.radiance.al\/tous-sur-4\/"},"modified":"2025-10-08T14:41:59","modified_gmt":"2025-10-08T14:41:59","slug":"all-on-4-in-tirana","status":"publish","type":"page","link":"https:\/\/www.radiance.al\/fr\/all-on-4-in-tirana\/","title":{"rendered":"Tous sur 4"},"content":{"rendered":"\t\t<div data-elementor-type=\"wp-page\" data-elementor-id=\"7320\" class=\"elementor elementor-7320\">\n\t\t\t\t<div class=\"elementor-element elementor-element-e5d9eaf e-con-full e-flex e-con e-parent\" data-id=\"e5d9eaf\" data-element_type=\"container\" data-e-type=\"container\">\n\t\t<div class=\"elementor-element elementor-element-dfcc58b e-con-full e-flex e-con e-child\" data-id=\"dfcc58b\" data-element_type=\"container\" data-e-type=\"container\">\n\t\t\t\t<div class=\"elementor-element elementor-element-e84dfe8 elementor-widget elementor-widget-spacer\" data-id=\"e84dfe8\" data-element_type=\"widget\" data-e-type=\"widget\" data-widget_type=\"spacer.default\">\n\t\t\t\t<div class=\"elementor-widget-container\">\n\t\t\t\t\t\t\t<div class=\"elementor-spacer\">\n\t\t\t<div class=\"elementor-spacer-inner\"><\/div>\n\t\t<\/div>\n\t\t\t\t\t\t<\/div>\n\t\t\t\t<\/div>\n\t\t\t\t<div class=\"elementor-element elementor-element-f1e8498 elementor-widget elementor-widget-html\" data-id=\"f1e8498\" data-element_type=\"widget\" data-e-type=\"widget\" data-widget_type=\"html.default\">\n\t\t\t\t<div class=\"elementor-widget-container\">\n\t\t\t\t\t<video\r\n  id=\"my_hls_video\"\r\n  autoplay\r\n  muted\r\n  loop\r\n  playsinline\r\n  style=\"width:100%;height:auto;\"\r\n><\/video>\r\n<script src=\"https:\/\/cdn.jsdelivr.net\/npm\/hls.js@latest\"><\/script>\r\n<script>\r\n  var video = document.getElementById('my_hls_video');\r\n  var videoSrc = 'https:\/\/vz-eb18f8bd-faa.b-cdn.net\/d747575f-c74e-4dbc-a0cb-85de228548a9\/playlist.m3u8';\r\n\r\n  if (video.canPlayType('application\/vnd.apple.mpegurl')) {\r\n    \/\/ Native HLS support (Safari, iOS)\r\n    video.src = videoSrc;\r\n  } else if (Hls.isSupported()) {\r\n    \/\/ hls.js for other browsers (Chrome, Firefox, Edge)\r\n    var hls = new Hls();\r\n    hls.loadSource(videoSrc);\r\n    hls.attachMedia(video);\r\n  } else {\r\n    \/\/ HLS not supported in this browser\r\n    video.outerHTML = '<p>Your browser does not support HLS playback.<\/p>';\r\n  }\r\n<\/script>\t\t\t\t<\/div>\n\t\t\t\t<\/div>\n\t\t\t\t<\/div>\n\t\t<div class=\"elementor-element elementor-element-a0b0bd9 e-con-full e-flex e-con e-child\" data-id=\"a0b0bd9\" data-element_type=\"container\" data-e-type=\"container\">\n\t\t\t\t<div class=\"elementor-element elementor-element-ec71167 elementor-widget elementor-widget-heading\" data-id=\"ec71167\" data-element_type=\"widget\" data-e-type=\"widget\" data-widget_type=\"heading.default\">\n\t\t\t\t<div class=\"elementor-widget-container\">\n\t\t\t\t\t<h1 class=\"elementor-heading-title elementor-size-default\">All on 4<\/h1>\t\t\t\t<\/div>\n\t\t\t\t<\/div>\n\t\t\t\t<div class=\"elementor-element elementor-element-522e339 elementor-widget elementor-widget-text-editor\" data-id=\"522e339\" data-element_type=\"widget\" data-e-type=\"widget\" data-widget_type=\"text-editor.default\">\n\t\t\t\t<div class=\"elementor-widget-container\">\n\t\t\t\t\t\t\t\t\t<p>La technique <b data-start=\"413\" data-end=\"425\">All-on-4<\/b> repr\u00e9sente l&rsquo;une des solutions les plus innovantes et fiables dans le domaine de\u00a0 l&rsquo;<b data-start=\"\u201c491\u201d\" data-end=\"524 \">implantologie dentaire moderne<\/b>. Id\u00e9ale pour les personnes ayant perdu toutes les dents d&rsquo;une arcade (sup\u00e9rieure, inf\u00e9rieure ou les deux), elle permet de <b data-start=\"624\" data-end=\" 686\">restaurer l&rsquo;esth\u00e9tique et la fonctionnalit\u00e9 gr\u00e2ce \u00e0 une proth\u00e8se fixe<\/b> soutenue par seulement quatre implants dentaires.<\/p><p>Traduit avec DeepL.com (version gratuite)<\/p>\t\t\t\t\t\t\t\t<\/div>\n\t\t\t\t<\/div>\n\t\t\t\t<div class=\"elementor-element elementor-element-88132a9 elementor-widget-divider--view-line elementor-widget elementor-widget-divider\" data-id=\"88132a9\" data-element_type=\"widget\" data-e-type=\"widget\" data-widget_type=\"divider.default\">\n\t\t\t\t<div class=\"elementor-widget-container\">\n\t\t\t\t\t\t\t<div class=\"elementor-divider\">\n\t\t\t<span class=\"elementor-divider-separator\">\n\t\t\t\t\t\t<\/span>\n\t\t<\/div>\n\t\t\t\t\t\t<\/div>\n\t\t\t\t<\/div>\n\t\t\t\t<div class=\"elementor-element elementor-element-85fc93b elementor-widget elementor-widget-heading\" data-id=\"85fc93b\" data-element_type=\"widget\" data-e-type=\"widget\" data-widget_type=\"heading.default\">\n\t\t\t\t<div class=\"elementor-widget-container\">\n\t\t\t\t\t<h2 class=\"elementor-heading-title elementor-size-default\"><b>Stabilit\u00e9 maximale avec moins d'installations<\/b><\/h2>\t\t\t\t<\/div>\n\t\t\t\t<\/div>\n\t\t\t\t<div class=\"elementor-element elementor-element-cbb9a21 elementor-widget elementor-widget-text-editor\" data-id=\"cbb9a21\" data-element_type=\"widget\" data-e-type=\"widget\" data-widget_type=\"text-editor.default\">\n\t\t\t\t<div class=\"elementor-widget-container\">\n\t\t\t\t\t\t\t\t\t<p data-start=\"782\" data-end=\" 967\">Seules quatre implants strat\u00e9giquement positionn\u00e9s suffisent pour soutenir toute une arcade dentaire, ce qui r\u00e9duit <b data-start=\u201c899\u201d data-end=\"28\">les d\u00e9lais, les co\u00fbts et l&rsquo;invasivit\u00e9<\/b> par rapport aux techniques traditionnelles.\t\t\t\t\t\t\t\t<\/div>\n\t\t\t\t<\/div>\n\t\t\t\t<div class=\"elementor-element elementor-element-cb33c40 elementor-widget elementor-widget-spacer\" data-id=\"cb33c40\" data-element_type=\"widget\" data-e-type=\"widget\" data-widget_type=\"spacer.default\">\n\t\t\t\t<div class=\"elementor-widget-container\">\n\t\t\t\t\t\t\t<div class=\"elementor-spacer\">\n\t\t\t<div class=\"elementor-spacer-inner\"><\/div>\n\t\t<\/div>\n\t\t\t\t\t\t<\/div>\n\t\t\t\t<\/div>\n\t\t\t\t<div class=\"elementor-element elementor-element-f4f7f77 elementor-widget elementor-widget-heading\" data-id=\"f4f7f77\" data-element_type=\"widget\" data-e-type=\"widget\" data-widget_type=\"heading.default\">\n\t\t\t\t<div class=\"elementor-widget-container\">\n\t\t\t\t\t<h2 class=\"elementor-heading-title elementor-size-default\"><b>Esth\u00e9tique naturelle et imm\u00e9diate<\/b><\/h2>\t\t\t\t<\/div>\n\t\t\t\t<\/div>\n\t\t\t\t<div class=\"elementor-element elementor-element-ee42000 elementor-widget elementor-widget-text-editor\" data-id=\"ee42000\" data-element_type=\"widget\" data-e-type=\"widget\" data-widget_type=\"text-editor.default\">\n\t\t\t\t<div class=\"elementor-widget-container\">\n\t\t\t\t\t\t\t\t\t<p data-start=\"1010\" data-end= \"1137\">Le r\u00e9sultat est un <b data-start=\"1028\" data-end=\"1064\">sourire fixe, beau et harmonieux<\/b>, qui am\u00e9liore imm\u00e9diatement <b data-start=\"1094\" data-end=\"1121\">l&rsquo;apparence et l&rsquo;estime de soi<\/b> du patient.\t\t\t\t\t\t\t\t<\/div>\n\t\t\t\t<\/div>\n\t\t\t\t<div class=\"elementor-element elementor-element-8a391bc elementor-widget elementor-widget-spacer\" data-id=\"8a391bc\" data-element_type=\"widget\" data-e-type=\"widget\" data-widget_type=\"spacer.default\">\n\t\t\t\t<div class=\"elementor-widget-container\">\n\t\t\t\t\t\t\t<div class=\"elementor-spacer\">\n\t\t\t<div class=\"elementor-spacer-inner\"><\/div>\n\t\t<\/div>\n\t\t\t\t\t\t<\/div>\n\t\t\t\t<\/div>\n\t\t\t\t<div class=\"elementor-element elementor-element-e5b543b elementor-widget elementor-widget-heading\" data-id=\"e5b543b\" data-element_type=\"widget\" data-e-type=\"widget\" data-widget_type=\"heading.default\">\n\t\t\t\t<div class=\"elementor-widget-container\">\n\t\t\t\t\t<h2 class=\"elementor-heading-title elementor-size-default\"><b>Chirurgie mini-invasive<\/b><\/h2>\t\t\t\t<\/div>\n\t\t\t\t<\/div>\n\t\t\t\t<div class=\"elementor-element elementor-element-79d625e elementor-widget elementor-widget-text-editor\" data-id=\"79d625e\" data-element_type=\"widget\" data-e-type=\"widget\" data-widget_type=\"text-editor.default\">\n\t\t\t\t<div class=\"elementor-widget-container\">\n\t\t\t\t\t\t\t\t\t<p data-start=\"1181\" data-end=\"1335\">Gr\u00e2ce \u00e0 la <b data-start=\"1193\" data-end=\"1220\">planification num\u00e9rique<\/b> et \u00e0 la <b data-start=\u201c1228\u201d data-end=\"1249\">chirurgie guid\u00e9e<\/b>, l&rsquo;intervention est pr\u00e9cise, rapide et la convalescence postop\u00e9ratoire plus confortable.\t\t\t\t\t\t\t\t<\/div>\n\t\t\t\t<\/div>\n\t\t\t\t<div class=\"elementor-element elementor-element-998a786 elementor-widget elementor-widget-spacer\" data-id=\"998a786\" data-element_type=\"widget\" data-e-type=\"widget\" data-widget_type=\"spacer.default\">\n\t\t\t\t<div class=\"elementor-widget-container\">\n\t\t\t\t\t\t\t<div class=\"elementor-spacer\">\n\t\t\t<div class=\"elementor-spacer-inner\"><\/div>\n\t\t<\/div>\n\t\t\t\t\t\t<\/div>\n\t\t\t\t<\/div>\n\t\t\t\t<\/div>\n\t\t\t\t<\/div>\n\t\t<div class=\"elementor-element elementor-element-1d31a21 e-flex e-con-boxed e-con e-parent\" data-id=\"1d31a21\" data-element_type=\"container\" data-e-type=\"container\">\n\t\t\t\t\t<div class=\"e-con-inner\">\n\t\t\t\t<div class=\"elementor-element elementor-element-a73d011 elementor-align-center elementor-widget elementor-widget-button\" data-id=\"a73d011\" data-element_type=\"widget\" data-e-type=\"widget\" data-widget_type=\"button.default\">\n\t\t\t\t<div class=\"elementor-widget-container\">\n\t\t\t\t\t\t\t\t\t<div class=\"elementor-button-wrapper\">\n\t\t\t\t\t<a class=\"elementor-button elementor-button-link elementor-size-sm\" href=\"https:\/\/www.radiance.al\/fr\/contactez-nous\/\">\n\t\t\t\t\t\t<span class=\"elementor-button-content-wrapper\">\n\t\t\t\t\t\t\t\t\t<span class=\"elementor-button-text\">Visite gratuite<\/span>\n\t\t\t\t\t<\/span>\n\t\t\t\t\t<\/a>\n\t\t\t\t<\/div>\n\t\t\t\t\t\t\t\t<\/div>\n\t\t\t\t<\/div>\n\t\t\t\t<div class=\"elementor-element elementor-element-58fe44e elementor-widget elementor-widget-spacer\" data-id=\"58fe44e\" data-element_type=\"widget\" data-e-type=\"widget\" data-widget_type=\"spacer.default\">\n\t\t\t\t<div class=\"elementor-widget-container\">\n\t\t\t\t\t\t\t<div class=\"elementor-spacer\">\n\t\t\t<div class=\"elementor-spacer-inner\"><\/div>\n\t\t<\/div>\n\t\t\t\t\t\t<\/div>\n\t\t\t\t<\/div>\n\t\t\t\t\t<\/div>\n\t\t\t\t<\/div>\n\t\t\t\t<\/div>\n\t\t","protected":false},"excerpt":{"rendered":"<p>All on 4 La technique All-on-4 repr\u00e9sente l&rsquo;une des solutions les plus innovantes et fiables dans le domaine de\u00a0 l&rsquo;implantologie dentaire moderne. Id\u00e9ale pour les personnes ayant perdu toutes les dents d&rsquo;une arcade (sup\u00e9rieure, inf\u00e9rieure ou les deux), elle permet de restaurer l&rsquo;esth\u00e9tique et la fonctionnalit\u00e9 gr\u00e2ce \u00e0 une proth\u00e8se [&hellip;]<\/p>\n","protected":false},"author":4,"featured_media":7208,"parent":0,"menu_order":1,"comment_status":"closed","ping_status":"closed","template":"elementor_header_footer","meta":{"_acf_changed":false,"footnotes":""},"class_list":["post-7320","page","type-page","status-publish","has-post-thumbnail","hentry"],"acf":[],"yoast_head":"<!-- This site is optimized with the Yoast SEO Premium plugin v27.4 (Yoast SEO v27.6) - https:\/\/yoast.com\/product\/yoast-seo-premium-wordpress\/ -->\n<title>All-on-4 \u00e0 Tirana - 4 implants pour un sourire fixe \u00e0 Radiance<\/title>\n<meta name=\"description\" content=\"D\u00e9couvrez le traitement All-on-4 \u00e0 Tirana : proth\u00e8se fixe en 24 heures avec 4 implants. Une solution s\u00fbre, esth\u00e9tique et rapide. Visite gratuite\" \/>\n<meta name=\"robots\" content=\"index, follow, max-snippet:-1, max-image-preview:large, max-video-preview:-1\" \/>\n<link rel=\"canonical\" href=\"https:\/\/www.radiance.al\/fr\/all-on-4-in-tirana\/\" \/>\n<meta property=\"og:locale\" content=\"fr_FR\" \/>\n<meta property=\"og:type\" content=\"article\" \/>\n<meta property=\"og:title\" content=\"All-on-4 \u00e0 Tirana - solution fixe avec 4 implants dentaires\" \/>\n<meta property=\"og:description\" content=\"Radiance Dental propose le All-on-4 : une arcade compl\u00e8te avec seulement 4 implants, une technologie de pointe, des r\u00e9sultats naturels et des forfaits pour les patients internationaux.\" \/>\n<meta property=\"og:url\" content=\"https:\/\/www.radiance.al\/fr\/all-on-4-in-tirana\/\" \/>\n<meta property=\"og:site_name\" content=\"RADIANCE.AL\" \/>\n<meta property=\"article:publisher\" content=\"https:\/\/www.instagram.com\/radiance_al\/?hl=en\" \/>\n<meta property=\"article:modified_time\" content=\"2025-10-08T14:41:59+00:00\" \/>\n<meta property=\"og:image\" content=\"https:\/\/www.radiance.al\/wp-content\/uploads\/2025\/06\/All-on-4-Impianti-Dentali.png\" \/>\n\t<meta property=\"og:image:width\" content=\"1080\" \/>\n\t<meta property=\"og:image:height\" content=\"1080\" \/>\n\t<meta property=\"og:image:type\" content=\"image\/png\" \/>\n<meta name=\"twitter:card\" content=\"summary_large_image\" \/>\n<meta name=\"twitter:title\" content=\"All-on-4 \u00e0 Tirana - 4 implants pour un sourire fixe \u00e0 Radiance\" \/>\n<meta name=\"twitter:description\" content=\"Seulement 4 implants pour une arcade compl\u00e8te et stable. D\u00e9couvrez le All-on-4 chez Radiance Dental Tirana : une technologie de pointe et une formule tout compris.\" \/>\n<meta name=\"twitter:label1\" content=\"Dur\u00e9e de lecture estim\u00e9e\" \/>\n\t<meta name=\"twitter:data1\" content=\"1 minute\" \/>\n<script type=\"application\/ld+json\" class=\"yoast-schema-graph\">{\"@context\":\"https:\\\/\\\/schema.org\",\"@graph\":[{\"@type\":\"WebPage\",\"@id\":\"https:\\\/\\\/www.radiance.al\\\/fr\\\/all-on-4-in-tirana\\\/\",\"url\":\"https:\\\/\\\/www.radiance.al\\\/fr\\\/all-on-4-in-tirana\\\/\",\"name\":\"All-on-4 \u00e0 Tirana - 4 implants pour un sourire fixe \u00e0 Radiance\",\"isPartOf\":{\"@id\":\"https:\\\/\\\/www.radiance.al\\\/fr\\\/#website\"},\"primaryImageOfPage\":{\"@id\":\"https:\\\/\\\/www.radiance.al\\\/fr\\\/all-on-4-in-tirana\\\/#primaryimage\"},\"image\":{\"@id\":\"https:\\\/\\\/www.radiance.al\\\/fr\\\/all-on-4-in-tirana\\\/#primaryimage\"},\"thumbnailUrl\":\"https:\\\/\\\/www.radiance.al\\\/wp-content\\\/uploads\\\/2025\\\/06\\\/All-on-4-Impianti-Dentali.png\",\"datePublished\":\"2025-06-12T13:14:35+00:00\",\"dateModified\":\"2025-10-08T14:41:59+00:00\",\"description\":\"D\u00e9couvrez le traitement All-on-4 \u00e0 Tirana : proth\u00e8se fixe en 24 heures avec 4 implants. Une solution s\u00fbre, esth\u00e9tique et rapide. Visite gratuite\",\"breadcrumb\":{\"@id\":\"https:\\\/\\\/www.radiance.al\\\/fr\\\/all-on-4-in-tirana\\\/#breadcrumb\"},\"inLanguage\":\"fr-FR\",\"potentialAction\":[{\"@type\":\"ReadAction\",\"target\":[\"https:\\\/\\\/www.radiance.al\\\/fr\\\/all-on-4-in-tirana\\\/\"]}]},{\"@type\":\"ImageObject\",\"inLanguage\":\"fr-FR\",\"@id\":\"https:\\\/\\\/www.radiance.al\\\/fr\\\/all-on-4-in-tirana\\\/#primaryimage\",\"url\":\"https:\\\/\\\/www.radiance.al\\\/wp-content\\\/uploads\\\/2025\\\/06\\\/All-on-4-Impianti-Dentali.png\",\"contentUrl\":\"https:\\\/\\\/www.radiance.al\\\/wp-content\\\/uploads\\\/2025\\\/06\\\/All-on-4-Impianti-Dentali.png\",\"width\":1080,\"height\":1080,\"caption\":\"Sorridi di nuovo con 12 impianti premium e 24 corone full zirconio \u2013 tutto incluso con Radiance Dental Hospital!\"},{\"@type\":\"BreadcrumbList\",\"@id\":\"https:\\\/\\\/www.radiance.al\\\/fr\\\/all-on-4-in-tirana\\\/#breadcrumb\",\"itemListElement\":[{\"@type\":\"ListItem\",\"position\":1,\"name\":\"Home\",\"item\":\"https:\\\/\\\/www.radiance.al\\\/fr\\\/\"},{\"@type\":\"ListItem\",\"position\":2,\"name\":\"Tous sur 4\"}]},{\"@type\":\"WebSite\",\"@id\":\"https:\\\/\\\/www.radiance.al\\\/fr\\\/#website\",\"url\":\"https:\\\/\\\/www.radiance.al\\\/fr\\\/\",\"name\":\"RADIANCE.AL\",\"description\":\"RADIANCE DENTAL HOSPITAL\",\"publisher\":{\"@id\":\"https:\\\/\\\/www.radiance.al\\\/fr\\\/#organization\"},\"potentialAction\":[{\"@type\":\"SearchAction\",\"target\":{\"@type\":\"EntryPoint\",\"urlTemplate\":\"https:\\\/\\\/www.radiance.al\\\/fr\\\/?s={search_term_string}\"},\"query-input\":{\"@type\":\"PropertyValueSpecification\",\"valueRequired\":true,\"valueName\":\"search_term_string\"}}],\"inLanguage\":\"fr-FR\"},{\"@type\":\"Organization\",\"@id\":\"https:\\\/\\\/www.radiance.al\\\/fr\\\/#organization\",\"name\":\"RADIANCE.AL\",\"alternateName\":\"Radiance Dental Hospital\",\"url\":\"https:\\\/\\\/www.radiance.al\\\/fr\\\/\",\"logo\":{\"@type\":\"ImageObject\",\"inLanguage\":\"fr-FR\",\"@id\":\"https:\\\/\\\/www.radiance.al\\\/fr\\\/#\\\/schema\\\/logo\\\/image\\\/\",\"url\":\"https:\\\/\\\/www.radiance.al\\\/wp-content\\\/uploads\\\/2025\\\/05\\\/faviconn.jpeg\",\"contentUrl\":\"https:\\\/\\\/www.radiance.al\\\/wp-content\\\/uploads\\\/2025\\\/05\\\/faviconn.jpeg\",\"width\":48,\"height\":48,\"caption\":\"RADIANCE.AL\"},\"image\":{\"@id\":\"https:\\\/\\\/www.radiance.al\\\/fr\\\/#\\\/schema\\\/logo\\\/image\\\/\"},\"sameAs\":[\"https:\\\/\\\/www.instagram.com\\\/radiance_al\\\/?hl=en\"],\"description\":\"\\\"Radiance Dental Hospital n\u00eb Shqip\u00ebri: spital dentar modern me teknologji 3D, implantologji, estetik\u00eb dhe specialist\u00eb me mbi 15 vite p\u00ebrvoj\u00eb. Prenoto konsult\u00ebn falas!\\\"\",\"email\":\"info@radiance.al\",\"telephone\":\"+355694799949\",\"legalName\":\"Radiance Dental Hospital\",\"foundingDate\":\"2025-03-18\",\"numberOfEmployees\":{\"@type\":\"QuantitativeValue\",\"minValue\":\"11\",\"maxValue\":\"50\"}}]}<\/script>\n<!-- \/ Yoast SEO Premium plugin. -->","yoast_head_json":{"title":"All-on-4 \u00e0 Tirana - 4 implants pour un sourire fixe \u00e0 Radiance","description":"D\u00e9couvrez le traitement All-on-4 \u00e0 Tirana : proth\u00e8se fixe en 24 heures avec 4 implants. Une solution s\u00fbre, esth\u00e9tique et rapide. Visite gratuite","robots":{"index":"index","follow":"follow","max-snippet":"max-snippet:-1","max-image-preview":"max-image-preview:large","max-video-preview":"max-video-preview:-1"},"canonical":"https:\/\/www.radiance.al\/fr\/all-on-4-in-tirana\/","og_locale":"fr_FR","og_type":"article","og_title":"All-on-4 \u00e0 Tirana - solution fixe avec 4 implants dentaires","og_description":"Radiance Dental propose le All-on-4 : une arcade compl\u00e8te avec seulement 4 implants, une technologie de pointe, des r\u00e9sultats naturels et des forfaits pour les patients internationaux.","og_url":"https:\/\/www.radiance.al\/fr\/all-on-4-in-tirana\/","og_site_name":"RADIANCE.AL","article_publisher":"https:\/\/www.instagram.com\/radiance_al\/?hl=en","article_modified_time":"2025-10-08T14:41:59+00:00","og_image":[{"width":1080,"height":1080,"url":"https:\/\/www.radiance.al\/wp-content\/uploads\/2025\/06\/All-on-4-Impianti-Dentali.png","type":"image\/png"}],"twitter_card":"summary_large_image","twitter_title":"All-on-4 \u00e0 Tirana - 4 implants pour un sourire fixe \u00e0 Radiance","twitter_description":"Seulement 4 implants pour une arcade compl\u00e8te et stable. D\u00e9couvrez le All-on-4 chez Radiance Dental Tirana : une technologie de pointe et une formule tout compris.","twitter_misc":{"Dur\u00e9e de lecture estim\u00e9e":"1 minute"},"schema":{"@context":"https:\/\/schema.org","@graph":[{"@type":"WebPage","@id":"https:\/\/www.radiance.al\/fr\/all-on-4-in-tirana\/","url":"https:\/\/www.radiance.al\/fr\/all-on-4-in-tirana\/","name":"All-on-4 \u00e0 Tirana - 4 implants pour un sourire fixe \u00e0 Radiance","isPartOf":{"@id":"https:\/\/www.radiance.al\/fr\/#website"},"primaryImageOfPage":{"@id":"https:\/\/www.radiance.al\/fr\/all-on-4-in-tirana\/#primaryimage"},"image":{"@id":"https:\/\/www.radiance.al\/fr\/all-on-4-in-tirana\/#primaryimage"},"thumbnailUrl":"https:\/\/www.radiance.al\/wp-content\/uploads\/2025\/06\/All-on-4-Impianti-Dentali.png","datePublished":"2025-06-12T13:14:35+00:00","dateModified":"2025-10-08T14:41:59+00:00","description":"D\u00e9couvrez le traitement All-on-4 \u00e0 Tirana : proth\u00e8se fixe en 24 heures avec 4 implants. Une solution s\u00fbre, esth\u00e9tique et rapide. Visite gratuite","breadcrumb":{"@id":"https:\/\/www.radiance.al\/fr\/all-on-4-in-tirana\/#breadcrumb"},"inLanguage":"fr-FR","potentialAction":[{"@type":"ReadAction","target":["https:\/\/www.radiance.al\/fr\/all-on-4-in-tirana\/"]}]},{"@type":"ImageObject","inLanguage":"fr-FR","@id":"https:\/\/www.radiance.al\/fr\/all-on-4-in-tirana\/#primaryimage","url":"https:\/\/www.radiance.al\/wp-content\/uploads\/2025\/06\/All-on-4-Impianti-Dentali.png","contentUrl":"https:\/\/www.radiance.al\/wp-content\/uploads\/2025\/06\/All-on-4-Impianti-Dentali.png","width":1080,"height":1080,"caption":"Sorridi di nuovo con 12 impianti premium e 24 corone full zirconio \u2013 tutto incluso con Radiance Dental Hospital!"},{"@type":"BreadcrumbList","@id":"https:\/\/www.radiance.al\/fr\/all-on-4-in-tirana\/#breadcrumb","itemListElement":[{"@type":"ListItem","position":1,"name":"Home","item":"https:\/\/www.radiance.al\/fr\/"},{"@type":"ListItem","position":2,"name":"Tous sur 4"}]},{"@type":"WebSite","@id":"https:\/\/www.radiance.al\/fr\/#website","url":"https:\/\/www.radiance.al\/fr\/","name":"RADIANCE.AL","description":"RADIANCE DENTAL HOSPITAL","publisher":{"@id":"https:\/\/www.radiance.al\/fr\/#organization"},"potentialAction":[{"@type":"SearchAction","target":{"@type":"EntryPoint","urlTemplate":"https:\/\/www.radiance.al\/fr\/?s={search_term_string}"},"query-input":{"@type":"PropertyValueSpecification","valueRequired":true,"valueName":"search_term_string"}}],"inLanguage":"fr-FR"},{"@type":"Organization","@id":"https:\/\/www.radiance.al\/fr\/#organization","name":"RADIANCE.AL","alternateName":"Radiance Dental Hospital","url":"https:\/\/www.radiance.al\/fr\/","logo":{"@type":"ImageObject","inLanguage":"fr-FR","@id":"https:\/\/www.radiance.al\/fr\/#\/schema\/logo\/image\/","url":"https:\/\/www.radiance.al\/wp-content\/uploads\/2025\/05\/faviconn.jpeg","contentUrl":"https:\/\/www.radiance.al\/wp-content\/uploads\/2025\/05\/faviconn.jpeg","width":48,"height":48,"caption":"RADIANCE.AL"},"image":{"@id":"https:\/\/www.radiance.al\/fr\/#\/schema\/logo\/image\/"},"sameAs":["https:\/\/www.instagram.com\/radiance_al\/?hl=en"],"description":"\"Radiance Dental Hospital n\u00eb Shqip\u00ebri: spital dentar modern me teknologji 3D, implantologji, estetik\u00eb dhe specialist\u00eb me mbi 15 vite p\u00ebrvoj\u00eb. Prenoto konsult\u00ebn falas!\"","email":"info@radiance.al","telephone":"+355694799949","legalName":"Radiance Dental Hospital","foundingDate":"2025-03-18","numberOfEmployees":{"@type":"QuantitativeValue","minValue":"11","maxValue":"50"}}]}},"_links":{"self":[{"href":"https:\/\/www.radiance.al\/fr\/wp-json\/wp\/v2\/pages\/7320","targetHints":{"allow":["GET"]}}],"collection":[{"href":"https:\/\/www.radiance.al\/fr\/wp-json\/wp\/v2\/pages"}],"about":[{"href":"https:\/\/www.radiance.al\/fr\/wp-json\/wp\/v2\/types\/page"}],"author":[{"embeddable":true,"href":"https:\/\/www.radiance.al\/fr\/wp-json\/wp\/v2\/users\/4"}],"replies":[{"embeddable":true,"href":"https:\/\/www.radiance.al\/fr\/wp-json\/wp\/v2\/comments?post=7320"}],"version-history":[{"count":9,"href":"https:\/\/www.radiance.al\/fr\/wp-json\/wp\/v2\/pages\/7320\/revisions"}],"predecessor-version":[{"id":11086,"href":"https:\/\/www.radiance.al\/fr\/wp-json\/wp\/v2\/pages\/7320\/revisions\/11086"}],"wp:featuredmedia":[{"embeddable":true,"href":"https:\/\/www.radiance.al\/fr\/wp-json\/wp\/v2\/media\/7208"}],"wp:attachment":[{"href":"https:\/\/www.radiance.al\/fr\/wp-json\/wp\/v2\/media?parent=7320"}],"curies":[{"name":"wp","href":"https:\/\/api.w.org\/{rel}","templated":true}]}}