{"id":7496,"date":"2025-05-20T13:15:23","date_gmt":"2025-05-20T13:15:23","guid":{"rendered":"https:\/\/www.radiance.al\/parodontologie\/"},"modified":"2025-10-09T11:16:15","modified_gmt":"2025-10-09T11:16:15","slug":"parodontologie","status":"publish","type":"page","link":"https:\/\/www.radiance.al\/fr\/parodontologie\/","title":{"rendered":"Parodontologie"},"content":{"rendered":"\t\t<div data-elementor-type=\"wp-page\" data-elementor-id=\"7496\" class=\"elementor elementor-7496 elementor-2764\">\n\t\t\t\t<div class=\"elementor-element elementor-element-e5d9eaf e-con-full e-flex e-con e-parent\" data-id=\"e5d9eaf\" data-element_type=\"container\" data-e-type=\"container\">\n\t\t<div class=\"elementor-element elementor-element-dfcc58b e-con-full e-flex e-con e-child\" data-id=\"dfcc58b\" data-element_type=\"container\" data-e-type=\"container\">\n\t\t\t\t<div class=\"elementor-element elementor-element-49258eb elementor-widget elementor-widget-image\" data-id=\"49258eb\" data-element_type=\"widget\" data-e-type=\"widget\" data-widget_type=\"image.default\">\n\t\t\t\t<div class=\"elementor-widget-container\">\n\t\t\t\t\t\t\t\t\t\t\t\t<figure class=\"wp-caption\">\n\t\t\t\t\t\t\t\t\t\t<img decoding=\"async\" src=\"https:\/\/www.radiance.al\/wp-content\/uploads\/elementor\/thumbs\/parodontologia-rbkhosb6uymh5ynhmf7y5ah6qdwn0hgpt8be3svnwc.jpg\" title=\"Controllo gengivale e diagnosi parodontale da Radiance Dental Hospital\" alt=\"Parodontologia presso Radiance Dental Hospital in Albania\" loading=\"lazy\" \/>\t\t\t\t\t\t\t\t\t\t\t<figcaption class=\"widget-image-caption wp-caption-text\">Trattamento di gengivite e parodontite con tecnologie moderne\n<\/figcaption>\n\t\t\t\t\t\t\t\t\t\t<\/figure>\n\t\t\t\t\t\t\t\t\t<\/div>\n\t\t\t\t<\/div>\n\t\t\t\t<\/div>\n\t\t\t\t<div class=\"elementor-element elementor-element-35cb53b elementor-widget__width-initial elementor-widget elementor-widget-spacer\" data-id=\"35cb53b\" data-element_type=\"widget\" data-e-type=\"widget\" data-widget_type=\"spacer.default\">\n\t\t\t\t<div class=\"elementor-widget-container\">\n\t\t\t\t\t\t\t<div class=\"elementor-spacer\">\n\t\t\t<div class=\"elementor-spacer-inner\"><\/div>\n\t\t<\/div>\n\t\t\t\t\t\t<\/div>\n\t\t\t\t<\/div>\n\t\t<div class=\"elementor-element elementor-element-a0b0bd9 e-con-full e-flex e-con e-child\" data-id=\"a0b0bd9\" data-element_type=\"container\" data-e-type=\"container\">\n\t\t\t\t<div class=\"elementor-element elementor-element-ec71167 elementor-widget elementor-widget-heading\" data-id=\"ec71167\" data-element_type=\"widget\" data-e-type=\"widget\" data-widget_type=\"heading.default\">\n\t\t\t\t<div class=\"elementor-widget-container\">\n\t\t\t\t\t<h1 class=\"elementor-heading-title elementor-size-default\"><b>Parodontologie<\/b><\/h1>\t\t\t\t<\/div>\n\t\t\t\t<\/div>\n\t\t\t\t<div class=\"elementor-element elementor-element-522e339 elementor-widget elementor-widget-text-editor\" data-id=\"522e339\" data-element_type=\"widget\" data-e-type=\"widget\" data-widget_type=\"text-editor.default\">\n\t\t\t\t<div class=\"elementor-widget-container\">\n\t\t\t\t\t\t\t\t\t<p data-start=\"141\" data-end=\"202\"><strong data-start=\"141\" data-end=\"202\">Des gencives saines sont la base d&rsquo;un sourire durable.<\/strong><\/p><p data-start=\"204\" data-end=\"535\">La <strong data-start=\"207\" data-end=\"225\">parodontologie<\/strong> est la branche de l&rsquo;<strong>odontologie<\/strong> qui s&rsquo;occupe de la pr\u00e9vention, du diagnostic et du <strong>traitement<\/strong> des maladies affectant les <strong>gencives<\/strong> et les tissus de <strong>soutien des dents<\/strong>.<\/p><p data-start=\"204\" data-end=\"535\"><br data-start=\"387\" data-end=\"390\" \/>Si les <strong>gencives saignent<\/strong>, rougissent, gonflent ou se r\u00e9tractent, il peut s&rsquo;agir d&rsquo;une maladie parodontale qui n\u00e9cessite une attention imm\u00e9diate.<\/p>\t\t\t\t\t\t\t\t<\/div>\n\t\t\t\t<\/div>\n\t\t\t\t<div class=\"elementor-element elementor-element-68e897f elementor-widget-divider--view-line elementor-widget elementor-widget-divider\" data-id=\"68e897f\" data-element_type=\"widget\" data-e-type=\"widget\" data-widget_type=\"divider.default\">\n\t\t\t\t<div class=\"elementor-widget-container\">\n\t\t\t\t\t\t\t<div class=\"elementor-divider\">\n\t\t\t<span class=\"elementor-divider-separator\">\n\t\t\t\t\t\t<\/span>\n\t\t<\/div>\n\t\t\t\t\t\t<\/div>\n\t\t\t\t<\/div>\n\t\t\t\t<div class=\"elementor-element elementor-element-85fc93b elementor-widget elementor-widget-heading\" data-id=\"85fc93b\" data-element_type=\"widget\" data-e-type=\"widget\" data-widget_type=\"heading.default\">\n\t\t\t\t<div class=\"elementor-widget-container\">\n\t\t\t\t\t<h2 class=\"elementor-heading-title elementor-size-default\"><b>Les principales questions abord\u00e9es :\n<\/b><\/h2>\t\t\t\t<\/div>\n\t\t\t\t<\/div>\n\t\t\t\t<div class=\"elementor-element elementor-element-2239a8a elementor-icon-list--layout-traditional elementor-list-item-link-full_width elementor-widget elementor-widget-icon-list\" data-id=\"2239a8a\" data-element_type=\"widget\" data-e-type=\"widget\" data-widget_type=\"icon-list.default\">\n\t\t\t\t<div class=\"elementor-widget-container\">\n\t\t\t\t\t\t\t<ul class=\"elementor-icon-list-items\">\n\t\t\t\t\t\t\t<li class=\"elementor-icon-list-item\">\n\t\t\t\t\t\t\t\t\t\t\t<span class=\"elementor-icon-list-icon\">\n\t\t\t\t\t\t\t<svg aria-hidden=\"true\" class=\"e-font-icon-svg e-fas-check\" viewBox=\"0 0 512 512\" xmlns=\"http:\/\/www.w3.org\/2000\/svg\"><path d=\"M173.898 439.404l-166.4-166.4c-9.997-9.997-9.997-26.206 0-36.204l36.203-36.204c9.997-9.998 26.207-9.998 36.204 0L192 312.69 432.095 72.596c9.997-9.997 26.207-9.997 36.204 0l36.203 36.204c9.997 9.997 9.997 26.206 0 36.204l-294.4 294.401c-9.998 9.997-26.207 9.997-36.204-.001z\"><\/path><\/svg>\t\t\t\t\t\t<\/span>\n\t\t\t\t\t\t\t\t\t\t<span class=\"elementor-icon-list-text\"><b>Gingivite<\/b> (inflammation superficielle des gencives)<\/span>\n\t\t\t\t\t\t\t\t\t<\/li>\n\t\t\t\t\t\t\t\t<li class=\"elementor-icon-list-item\">\n\t\t\t\t\t\t\t\t\t\t\t<span class=\"elementor-icon-list-icon\">\n\t\t\t\t\t\t\t<svg aria-hidden=\"true\" class=\"e-font-icon-svg e-fas-check\" viewBox=\"0 0 512 512\" xmlns=\"http:\/\/www.w3.org\/2000\/svg\"><path d=\"M173.898 439.404l-166.4-166.4c-9.997-9.997-9.997-26.206 0-36.204l36.203-36.204c9.997-9.998 26.207-9.998 36.204 0L192 312.69 432.095 72.596c9.997-9.997 26.207-9.997 36.204 0l36.203 36.204c9.997 9.997 9.997 26.206 0 36.204l-294.4 294.401c-9.998 9.997-26.207 9.997-36.204-.001z\"><\/path><\/svg>\t\t\t\t\t\t<\/span>\n\t\t\t\t\t\t\t\t\t\t<span class=\"elementor-icon-list-text\"><b>Parodontite<\/b> (infection plus profonde qui affecte \u00e9galement<b> l'os<\/b>)<\/span>\n\t\t\t\t\t\t\t\t\t<\/li>\n\t\t\t\t\t\t\t\t<li class=\"elementor-icon-list-item\">\n\t\t\t\t\t\t\t\t\t\t\t<span class=\"elementor-icon-list-icon\">\n\t\t\t\t\t\t\t<svg aria-hidden=\"true\" class=\"e-font-icon-svg e-fas-check\" viewBox=\"0 0 512 512\" xmlns=\"http:\/\/www.w3.org\/2000\/svg\"><path d=\"M173.898 439.404l-166.4-166.4c-9.997-9.997-9.997-26.206 0-36.204l36.203-36.204c9.997-9.998 26.207-9.998 36.204 0L192 312.69 432.095 72.596c9.997-9.997 26.207-9.997 36.204 0l36.203 36.204c9.997 9.997 9.997 26.206 0 36.204l-294.4 294.401c-9.998 9.997-26.207 9.997-36.204-.001z\"><\/path><\/svg>\t\t\t\t\t\t<\/span>\n\t\t\t\t\t\t\t\t\t\t<span class=\"elementor-icon-list-text\">R\u00e9cession gingivale<\/span>\n\t\t\t\t\t\t\t\t\t<\/li>\n\t\t\t\t\t\t\t\t<li class=\"elementor-icon-list-item\">\n\t\t\t\t\t\t\t\t\t\t\t<span class=\"elementor-icon-list-icon\">\n\t\t\t\t\t\t\t<svg aria-hidden=\"true\" class=\"e-font-icon-svg e-fas-check\" viewBox=\"0 0 512 512\" xmlns=\"http:\/\/www.w3.org\/2000\/svg\"><path d=\"M173.898 439.404l-166.4-166.4c-9.997-9.997-9.997-26.206 0-36.204l36.203-36.204c9.997-9.998 26.207-9.998 36.204 0L192 312.69 432.095 72.596c9.997-9.997 26.207-9.997 36.204 0l36.203 36.204c9.997 9.997 9.997 26.206 0 36.204l-294.4 294.401c-9.998 9.997-26.207 9.997-36.204-.001z\"><\/path><\/svg>\t\t\t\t\t\t<\/span>\n\t\t\t\t\t\t\t\t\t\t<span class=\"elementor-icon-list-text\"><b>Mobilit\u00e9<\/b> dentaire ou perte de dents<\/span>\n\t\t\t\t\t\t\t\t\t<\/li>\n\t\t\t\t\t\t\t\t<li class=\"elementor-icon-list-item\">\n\t\t\t\t\t\t\t\t\t\t\t<span class=\"elementor-icon-list-icon\">\n\t\t\t\t\t\t\t<svg aria-hidden=\"true\" class=\"e-font-icon-svg e-fas-check\" viewBox=\"0 0 512 512\" xmlns=\"http:\/\/www.w3.org\/2000\/svg\"><path d=\"M173.898 439.404l-166.4-166.4c-9.997-9.997-9.997-26.206 0-36.204l36.203-36.204c9.997-9.998 26.207-9.998 36.204 0L192 312.69 432.095 72.596c9.997-9.997 26.207-9.997 36.204 0l36.203 36.204c9.997 9.997 9.997 26.206 0 36.204l-294.4 294.401c-9.998 9.997-26.207 9.997-36.204-.001z\"><\/path><\/svg>\t\t\t\t\t\t<\/span>\n\t\t\t\t\t\t\t\t\t\t<span class=\"elementor-icon-list-text\">Accumulation de plaque et de <b>tartre sous-gingival<\/b><br><\/span>\n\t\t\t\t\t\t\t\t\t<\/li>\n\t\t\t\t\t\t<\/ul>\n\t\t\t\t\t\t<\/div>\n\t\t\t\t<\/div>\n\t\t\t\t<div class=\"elementor-element elementor-element-4cec358 elementor-widget elementor-widget-heading\" data-id=\"4cec358\" data-element_type=\"widget\" data-e-type=\"widget\" data-widget_type=\"heading.default\">\n\t\t\t\t<div class=\"elementor-widget-container\">\n\t\t\t\t\t<h2 class=\"elementor-heading-title elementor-size-default\"><b>Nos traitements disponibles :\n<\/b><\/h2>\t\t\t\t<\/div>\n\t\t\t\t<\/div>\n\t\t\t\t<div class=\"elementor-element elementor-element-4e10eb8 elementor-icon-list--layout-traditional elementor-list-item-link-full_width elementor-widget elementor-widget-icon-list\" data-id=\"4e10eb8\" data-element_type=\"widget\" data-e-type=\"widget\" data-widget_type=\"icon-list.default\">\n\t\t\t\t<div class=\"elementor-widget-container\">\n\t\t\t\t\t\t\t<ul class=\"elementor-icon-list-items\">\n\t\t\t\t\t\t\t<li class=\"elementor-icon-list-item\">\n\t\t\t\t\t\t\t\t\t\t\t<span class=\"elementor-icon-list-icon\">\n\t\t\t\t\t\t\t<svg aria-hidden=\"true\" class=\"e-font-icon-svg e-fas-check\" viewBox=\"0 0 512 512\" xmlns=\"http:\/\/www.w3.org\/2000\/svg\"><path d=\"M173.898 439.404l-166.4-166.4c-9.997-9.997-9.997-26.206 0-36.204l36.203-36.204c9.997-9.998 26.207-9.998 36.204 0L192 312.69 432.095 72.596c9.997-9.997 26.207-9.997 36.204 0l36.203 36.204c9.997 9.997 9.997 26.206 0 36.204l-294.4 294.401c-9.998 9.997-26.207 9.997-36.204-.001z\"><\/path><\/svg>\t\t\t\t\t\t<\/span>\n\t\t\t\t\t\t\t\t\t\t<span class=\"elementor-icon-list-text\">D\u00e9tartrage et polissage des racines<b>(nettoyage en profondeur)<\/b><\/span>\n\t\t\t\t\t\t\t\t\t<\/li>\n\t\t\t\t\t\t\t\t<li class=\"elementor-icon-list-item\">\n\t\t\t\t\t\t\t\t\t\t\t<span class=\"elementor-icon-list-icon\">\n\t\t\t\t\t\t\t<svg aria-hidden=\"true\" class=\"e-font-icon-svg e-fas-check\" viewBox=\"0 0 512 512\" xmlns=\"http:\/\/www.w3.org\/2000\/svg\"><path d=\"M173.898 439.404l-166.4-166.4c-9.997-9.997-9.997-26.206 0-36.204l36.203-36.204c9.997-9.998 26.207-9.998 36.204 0L192 312.69 432.095 72.596c9.997-9.997 26.207-9.997 36.204 0l36.203 36.204c9.997 9.997 9.997 26.206 0 36.204l-294.4 294.401c-9.998 9.997-26.207 9.997-36.204-.001z\"><\/path><\/svg>\t\t\t\t\t\t<\/span>\n\t\t\t\t\t\t\t\t\t\t<span class=\"elementor-icon-list-text\"><b>Th\u00e9rapie au laser<\/b> pour r\u00e9duire les bact\u00e9ries et l'inflammation<\/span>\n\t\t\t\t\t\t\t\t\t<\/li>\n\t\t\t\t\t\t\t\t<li class=\"elementor-icon-list-item\">\n\t\t\t\t\t\t\t\t\t\t\t<span class=\"elementor-icon-list-icon\">\n\t\t\t\t\t\t\t<svg aria-hidden=\"true\" class=\"e-font-icon-svg e-fas-check\" viewBox=\"0 0 512 512\" xmlns=\"http:\/\/www.w3.org\/2000\/svg\"><path d=\"M173.898 439.404l-166.4-166.4c-9.997-9.997-9.997-26.206 0-36.204l36.203-36.204c9.997-9.998 26.207-9.998 36.204 0L192 312.69 432.095 72.596c9.997-9.997 26.207-9.997 36.204 0l36.203 36.204c9.997 9.997 9.997 26.206 0 36.204l-294.4 294.401c-9.998 9.997-26.207 9.997-36.204-.001z\"><\/path><\/svg>\t\t\t\t\t\t<\/span>\n\t\t\t\t\t\t\t\t\t\t<span class=\"elementor-icon-list-text\">Traitement des<b>poches parodontales<\/b><\/span>\n\t\t\t\t\t\t\t\t\t<\/li>\n\t\t\t\t\t\t\t\t<li class=\"elementor-icon-list-item\">\n\t\t\t\t\t\t\t\t\t\t\t<span class=\"elementor-icon-list-icon\">\n\t\t\t\t\t\t\t<svg aria-hidden=\"true\" class=\"e-font-icon-svg e-fas-check\" viewBox=\"0 0 512 512\" xmlns=\"http:\/\/www.w3.org\/2000\/svg\"><path d=\"M173.898 439.404l-166.4-166.4c-9.997-9.997-9.997-26.206 0-36.204l36.203-36.204c9.997-9.998 26.207-9.998 36.204 0L192 312.69 432.095 72.596c9.997-9.997 26.207-9.997 36.204 0l36.203 36.204c9.997 9.997 9.997 26.206 0 36.204l-294.4 294.401c-9.998 9.997-26.207 9.997-36.204-.001z\"><\/path><\/svg>\t\t\t\t\t\t<\/span>\n\t\t\t\t\t\t\t\t\t\t<span class=\"elementor-icon-list-text\"><b>Traitements de r\u00e9g\u00e9n\u00e9ration osseuse<\/b>et gingivale<\/span>\n\t\t\t\t\t\t\t\t\t<\/li>\n\t\t\t\t\t\t\t\t<li class=\"elementor-icon-list-item\">\n\t\t\t\t\t\t\t\t\t\t\t<span class=\"elementor-icon-list-icon\">\n\t\t\t\t\t\t\t<svg aria-hidden=\"true\" class=\"e-font-icon-svg e-fas-check\" viewBox=\"0 0 512 512\" xmlns=\"http:\/\/www.w3.org\/2000\/svg\"><path d=\"M173.898 439.404l-166.4-166.4c-9.997-9.997-9.997-26.206 0-36.204l36.203-36.204c9.997-9.998 26.207-9.998 36.204 0L192 312.69 432.095 72.596c9.997-9.997 26.207-9.997 36.204 0l36.203 36.204c9.997 9.997 9.997 26.206 0 36.204l-294.4 294.401c-9.998 9.997-26.207 9.997-36.204-.001z\"><\/path><\/svg>\t\t\t\t\t\t<\/span>\n\t\t\t\t\t\t\t\t\t\t<span class=\"elementor-icon-list-text\">Plans d'<b>hygi\u00e8ne<\/b> bucco-dentaire personnalis\u00e9s<\/span>\n\t\t\t\t\t\t\t\t\t<\/li>\n\t\t\t\t\t\t<\/ul>\n\t\t\t\t\t\t<\/div>\n\t\t\t\t<\/div>\n\t\t\t\t<div class=\"elementor-element elementor-element-0b605c1 elementor-widget elementor-widget-spacer\" data-id=\"0b605c1\" data-element_type=\"widget\" data-e-type=\"widget\" data-widget_type=\"spacer.default\">\n\t\t\t\t<div class=\"elementor-widget-container\">\n\t\t\t\t\t\t\t<div class=\"elementor-spacer\">\n\t\t\t<div class=\"elementor-spacer-inner\"><\/div>\n\t\t<\/div>\n\t\t\t\t\t\t<\/div>\n\t\t\t\t<\/div>\n\t\t\t\t<\/div>\n\t\t\t\t<\/div>\n\t\t<div class=\"elementor-element elementor-element-37e889d e-flex e-con-boxed e-con e-parent\" data-id=\"37e889d\" data-element_type=\"container\" data-e-type=\"container\">\n\t\t\t\t\t<div class=\"e-con-inner\">\n\t\t\t\t<div class=\"elementor-element elementor-element-13452b7 elementor-align-center elementor-widget elementor-widget-button\" data-id=\"13452b7\" data-element_type=\"widget\" data-e-type=\"widget\" data-widget_type=\"button.default\">\n\t\t\t\t<div class=\"elementor-widget-container\">\n\t\t\t\t\t\t\t\t\t<div class=\"elementor-button-wrapper\">\n\t\t\t\t\t<a class=\"elementor-button elementor-button-link elementor-size-sm\" href=\"https:\/\/www.radiance.al\/fr\/contactez-nous\/\">\n\t\t\t\t\t\t<span class=\"elementor-button-content-wrapper\">\n\t\t\t\t\t\t\t\t\t<span class=\"elementor-button-text\">Visite gratuite<\/span>\n\t\t\t\t\t<\/span>\n\t\t\t\t\t<\/a>\n\t\t\t\t<\/div>\n\t\t\t\t\t\t\t\t<\/div>\n\t\t\t\t<\/div>\n\t\t\t\t<div class=\"elementor-element elementor-element-0272d98 elementor-widget elementor-widget-spacer\" data-id=\"0272d98\" data-element_type=\"widget\" data-e-type=\"widget\" data-widget_type=\"spacer.default\">\n\t\t\t\t<div class=\"elementor-widget-container\">\n\t\t\t\t\t\t\t<div class=\"elementor-spacer\">\n\t\t\t<div class=\"elementor-spacer-inner\"><\/div>\n\t\t<\/div>\n\t\t\t\t\t\t<\/div>\n\t\t\t\t<\/div>\n\t\t\t\t\t<\/div>\n\t\t\t\t<\/div>\n\t\t\t\t<\/div>\n\t\t","protected":false},"excerpt":{"rendered":"<p>Parodontologie Des gencives saines sont la base d&rsquo;un sourire durable. La parodontologie est la branche de l&rsquo;odontologie qui s&rsquo;occupe de la pr\u00e9vention, du diagnostic et du traitement des maladies affectant les gencives et les tissus de soutien des dents. Si les gencives saignent, rougissent, gonflent ou se r\u00e9tractent, il peut [&hellip;]<\/p>\n","protected":false},"author":1,"featured_media":8859,"parent":0,"menu_order":0,"comment_status":"closed","ping_status":"closed","template":"elementor_header_footer","meta":{"_acf_changed":false,"footnotes":""},"class_list":["post-7496","page","type-page","status-publish","has-post-thumbnail","hentry"],"acf":[],"yoast_head":"<!-- This site is optimized with the Yoast SEO Premium plugin v27.4 (Yoast SEO v27.4) - https:\/\/yoast.com\/product\/yoast-seo-premium-wordpress\/ -->\n<title>Traitement parodontite en Albanie \u2013 Soins efficaces | Radiance<\/title>\n<meta name=\"description\" content=\"Parodontologie \u00e0 Radiance : soins des gencives, traitements de la gingivite et de la parodontite, nettoyage en profondeur et th\u00e9rapies au laser. R\u00e9servez d\u00e8s maintenant.\" \/>\n<meta name=\"robots\" content=\"index, follow, max-snippet:-1, max-image-preview:large, max-video-preview:-1\" \/>\n<link rel=\"canonical\" href=\"https:\/\/www.radiance.al\/fr\/parodontologie\/\" \/>\n<meta property=\"og:locale\" content=\"fr_FR\" \/>\n<meta property=\"og:type\" content=\"article\" \/>\n<meta property=\"og:title\" content=\"Parodontologie\" \/>\n<meta property=\"og:description\" content=\"Parodontologie \u00e0 Radiance : soins des gencives, traitements de la gingivite et de la parodontite, nettoyage en profondeur et th\u00e9rapies au laser. R\u00e9servez d\u00e8s maintenant.\" \/>\n<meta property=\"og:url\" content=\"https:\/\/www.radiance.al\/fr\/parodontologie\/\" \/>\n<meta property=\"og:site_name\" content=\"RADIANCE.AL\" \/>\n<meta property=\"article:publisher\" content=\"https:\/\/www.instagram.com\/radiance_al\/?hl=en\" \/>\n<meta property=\"article:modified_time\" content=\"2025-10-09T11:16:15+00:00\" \/>\n<meta property=\"og:image\" content=\"https:\/\/www.radiance.al\/wp-content\/uploads\/2025\/06\/parodontologia.jpg\" \/>\n\t<meta property=\"og:image:width\" content=\"1080\" \/>\n\t<meta property=\"og:image:height\" content=\"1350\" \/>\n\t<meta property=\"og:image:type\" content=\"image\/jpeg\" \/>\n<meta name=\"twitter:card\" content=\"summary_large_image\" \/>\n<meta name=\"twitter:label1\" content=\"Dur\u00e9e de lecture estim\u00e9e\" \/>\n\t<meta name=\"twitter:data1\" content=\"1 minute\" \/>\n<script type=\"application\/ld+json\" class=\"yoast-schema-graph\">{\"@context\":\"https:\\\/\\\/schema.org\",\"@graph\":[{\"@type\":\"WebPage\",\"@id\":\"https:\\\/\\\/www.radiance.al\\\/fr\\\/parodontologie\\\/\",\"url\":\"https:\\\/\\\/www.radiance.al\\\/fr\\\/parodontologie\\\/\",\"name\":\"Traitement parodontite en Albanie \u2013 Soins efficaces | Radiance\",\"isPartOf\":{\"@id\":\"https:\\\/\\\/www.radiance.al\\\/fr\\\/#website\"},\"primaryImageOfPage\":{\"@id\":\"https:\\\/\\\/www.radiance.al\\\/fr\\\/parodontologie\\\/#primaryimage\"},\"image\":{\"@id\":\"https:\\\/\\\/www.radiance.al\\\/fr\\\/parodontologie\\\/#primaryimage\"},\"thumbnailUrl\":\"https:\\\/\\\/www.radiance.al\\\/wp-content\\\/uploads\\\/2025\\\/06\\\/parodontologia.jpg\",\"datePublished\":\"2025-05-20T13:15:23+00:00\",\"dateModified\":\"2025-10-09T11:16:15+00:00\",\"description\":\"Parodontologie \u00e0 Radiance : soins des gencives, traitements de la gingivite et de la parodontite, nettoyage en profondeur et th\u00e9rapies au laser. R\u00e9servez d\u00e8s maintenant.\",\"breadcrumb\":{\"@id\":\"https:\\\/\\\/www.radiance.al\\\/fr\\\/parodontologie\\\/#breadcrumb\"},\"inLanguage\":\"fr-FR\",\"potentialAction\":[{\"@type\":\"ReadAction\",\"target\":[\"https:\\\/\\\/www.radiance.al\\\/fr\\\/parodontologie\\\/\"]}]},{\"@type\":\"ImageObject\",\"inLanguage\":\"fr-FR\",\"@id\":\"https:\\\/\\\/www.radiance.al\\\/fr\\\/parodontologie\\\/#primaryimage\",\"url\":\"https:\\\/\\\/www.radiance.al\\\/wp-content\\\/uploads\\\/2025\\\/06\\\/parodontologia.jpg\",\"contentUrl\":\"https:\\\/\\\/www.radiance.al\\\/wp-content\\\/uploads\\\/2025\\\/06\\\/parodontologia.jpg\",\"width\":1080,\"height\":1350,\"caption\":\"Trattamento di gengivite e parodontite con tecnologie moderne\"},{\"@type\":\"BreadcrumbList\",\"@id\":\"https:\\\/\\\/www.radiance.al\\\/fr\\\/parodontologie\\\/#breadcrumb\",\"itemListElement\":[{\"@type\":\"ListItem\",\"position\":1,\"name\":\"Home\",\"item\":\"https:\\\/\\\/www.radiance.al\\\/fr\\\/\"},{\"@type\":\"ListItem\",\"position\":2,\"name\":\"Parodontologie\"}]},{\"@type\":\"WebSite\",\"@id\":\"https:\\\/\\\/www.radiance.al\\\/fr\\\/#website\",\"url\":\"https:\\\/\\\/www.radiance.al\\\/fr\\\/\",\"name\":\"RADIANCE.AL\",\"description\":\"RADIANCE DENTAL HOSPITAL\",\"publisher\":{\"@id\":\"https:\\\/\\\/www.radiance.al\\\/fr\\\/#organization\"},\"potentialAction\":[{\"@type\":\"SearchAction\",\"target\":{\"@type\":\"EntryPoint\",\"urlTemplate\":\"https:\\\/\\\/www.radiance.al\\\/fr\\\/?s={search_term_string}\"},\"query-input\":{\"@type\":\"PropertyValueSpecification\",\"valueRequired\":true,\"valueName\":\"search_term_string\"}}],\"inLanguage\":\"fr-FR\"},{\"@type\":\"Organization\",\"@id\":\"https:\\\/\\\/www.radiance.al\\\/fr\\\/#organization\",\"name\":\"RADIANCE.AL\",\"alternateName\":\"Radiance Dental Hospital\",\"url\":\"https:\\\/\\\/www.radiance.al\\\/fr\\\/\",\"logo\":{\"@type\":\"ImageObject\",\"inLanguage\":\"fr-FR\",\"@id\":\"https:\\\/\\\/www.radiance.al\\\/fr\\\/#\\\/schema\\\/logo\\\/image\\\/\",\"url\":\"https:\\\/\\\/www.radiance.al\\\/wp-content\\\/uploads\\\/2025\\\/05\\\/faviconn.jpeg\",\"contentUrl\":\"https:\\\/\\\/www.radiance.al\\\/wp-content\\\/uploads\\\/2025\\\/05\\\/faviconn.jpeg\",\"width\":48,\"height\":48,\"caption\":\"RADIANCE.AL\"},\"image\":{\"@id\":\"https:\\\/\\\/www.radiance.al\\\/fr\\\/#\\\/schema\\\/logo\\\/image\\\/\"},\"sameAs\":[\"https:\\\/\\\/www.instagram.com\\\/radiance_al\\\/?hl=en\"],\"description\":\"\\\"Radiance Dental Hospital n\u00eb Shqip\u00ebri: spital dentar modern me teknologji 3D, implantologji, estetik\u00eb dhe specialist\u00eb me mbi 15 vite p\u00ebrvoj\u00eb. Prenoto konsult\u00ebn falas!\\\"\",\"email\":\"info@radiance.al\",\"telephone\":\"+355694799949\",\"legalName\":\"Radiance Dental Hospital\",\"foundingDate\":\"2025-03-18\",\"numberOfEmployees\":{\"@type\":\"QuantitativeValue\",\"minValue\":\"11\",\"maxValue\":\"50\"}}]}<\/script>\n<!-- \/ Yoast SEO Premium plugin. -->","yoast_head_json":{"title":"Traitement parodontite en Albanie \u2013 Soins efficaces | Radiance","description":"Parodontologie \u00e0 Radiance : soins des gencives, traitements de la gingivite et de la parodontite, nettoyage en profondeur et th\u00e9rapies au laser. R\u00e9servez d\u00e8s maintenant.","robots":{"index":"index","follow":"follow","max-snippet":"max-snippet:-1","max-image-preview":"max-image-preview:large","max-video-preview":"max-video-preview:-1"},"canonical":"https:\/\/www.radiance.al\/fr\/parodontologie\/","og_locale":"fr_FR","og_type":"article","og_title":"Parodontologie","og_description":"Parodontologie \u00e0 Radiance : soins des gencives, traitements de la gingivite et de la parodontite, nettoyage en profondeur et th\u00e9rapies au laser. R\u00e9servez d\u00e8s maintenant.","og_url":"https:\/\/www.radiance.al\/fr\/parodontologie\/","og_site_name":"RADIANCE.AL","article_publisher":"https:\/\/www.instagram.com\/radiance_al\/?hl=en","article_modified_time":"2025-10-09T11:16:15+00:00","og_image":[{"width":1080,"height":1350,"url":"https:\/\/www.radiance.al\/wp-content\/uploads\/2025\/06\/parodontologia.jpg","type":"image\/jpeg"}],"twitter_card":"summary_large_image","twitter_misc":{"Dur\u00e9e de lecture estim\u00e9e":"1 minute"},"schema":{"@context":"https:\/\/schema.org","@graph":[{"@type":"WebPage","@id":"https:\/\/www.radiance.al\/fr\/parodontologie\/","url":"https:\/\/www.radiance.al\/fr\/parodontologie\/","name":"Traitement parodontite en Albanie \u2013 Soins efficaces | Radiance","isPartOf":{"@id":"https:\/\/www.radiance.al\/fr\/#website"},"primaryImageOfPage":{"@id":"https:\/\/www.radiance.al\/fr\/parodontologie\/#primaryimage"},"image":{"@id":"https:\/\/www.radiance.al\/fr\/parodontologie\/#primaryimage"},"thumbnailUrl":"https:\/\/www.radiance.al\/wp-content\/uploads\/2025\/06\/parodontologia.jpg","datePublished":"2025-05-20T13:15:23+00:00","dateModified":"2025-10-09T11:16:15+00:00","description":"Parodontologie \u00e0 Radiance : soins des gencives, traitements de la gingivite et de la parodontite, nettoyage en profondeur et th\u00e9rapies au laser. R\u00e9servez d\u00e8s maintenant.","breadcrumb":{"@id":"https:\/\/www.radiance.al\/fr\/parodontologie\/#breadcrumb"},"inLanguage":"fr-FR","potentialAction":[{"@type":"ReadAction","target":["https:\/\/www.radiance.al\/fr\/parodontologie\/"]}]},{"@type":"ImageObject","inLanguage":"fr-FR","@id":"https:\/\/www.radiance.al\/fr\/parodontologie\/#primaryimage","url":"https:\/\/www.radiance.al\/wp-content\/uploads\/2025\/06\/parodontologia.jpg","contentUrl":"https:\/\/www.radiance.al\/wp-content\/uploads\/2025\/06\/parodontologia.jpg","width":1080,"height":1350,"caption":"Trattamento di gengivite e parodontite con tecnologie moderne"},{"@type":"BreadcrumbList","@id":"https:\/\/www.radiance.al\/fr\/parodontologie\/#breadcrumb","itemListElement":[{"@type":"ListItem","position":1,"name":"Home","item":"https:\/\/www.radiance.al\/fr\/"},{"@type":"ListItem","position":2,"name":"Parodontologie"}]},{"@type":"WebSite","@id":"https:\/\/www.radiance.al\/fr\/#website","url":"https:\/\/www.radiance.al\/fr\/","name":"RADIANCE.AL","description":"RADIANCE DENTAL HOSPITAL","publisher":{"@id":"https:\/\/www.radiance.al\/fr\/#organization"},"potentialAction":[{"@type":"SearchAction","target":{"@type":"EntryPoint","urlTemplate":"https:\/\/www.radiance.al\/fr\/?s={search_term_string}"},"query-input":{"@type":"PropertyValueSpecification","valueRequired":true,"valueName":"search_term_string"}}],"inLanguage":"fr-FR"},{"@type":"Organization","@id":"https:\/\/www.radiance.al\/fr\/#organization","name":"RADIANCE.AL","alternateName":"Radiance Dental Hospital","url":"https:\/\/www.radiance.al\/fr\/","logo":{"@type":"ImageObject","inLanguage":"fr-FR","@id":"https:\/\/www.radiance.al\/fr\/#\/schema\/logo\/image\/","url":"https:\/\/www.radiance.al\/wp-content\/uploads\/2025\/05\/faviconn.jpeg","contentUrl":"https:\/\/www.radiance.al\/wp-content\/uploads\/2025\/05\/faviconn.jpeg","width":48,"height":48,"caption":"RADIANCE.AL"},"image":{"@id":"https:\/\/www.radiance.al\/fr\/#\/schema\/logo\/image\/"},"sameAs":["https:\/\/www.instagram.com\/radiance_al\/?hl=en"],"description":"\"Radiance Dental Hospital n\u00eb Shqip\u00ebri: spital dentar modern me teknologji 3D, implantologji, estetik\u00eb dhe specialist\u00eb me mbi 15 vite p\u00ebrvoj\u00eb. Prenoto konsult\u00ebn falas!\"","email":"info@radiance.al","telephone":"+355694799949","legalName":"Radiance Dental Hospital","foundingDate":"2025-03-18","numberOfEmployees":{"@type":"QuantitativeValue","minValue":"11","maxValue":"50"}}]}},"_links":{"self":[{"href":"https:\/\/www.radiance.al\/fr\/wp-json\/wp\/v2\/pages\/7496","targetHints":{"allow":["GET"]}}],"collection":[{"href":"https:\/\/www.radiance.al\/fr\/wp-json\/wp\/v2\/pages"}],"about":[{"href":"https:\/\/www.radiance.al\/fr\/wp-json\/wp\/v2\/types\/page"}],"author":[{"embeddable":true,"href":"https:\/\/www.radiance.al\/fr\/wp-json\/wp\/v2\/users\/1"}],"replies":[{"embeddable":true,"href":"https:\/\/www.radiance.al\/fr\/wp-json\/wp\/v2\/comments?post=7496"}],"version-history":[{"count":12,"href":"https:\/\/www.radiance.al\/fr\/wp-json\/wp\/v2\/pages\/7496\/revisions"}],"predecessor-version":[{"id":11285,"href":"https:\/\/www.radiance.al\/fr\/wp-json\/wp\/v2\/pages\/7496\/revisions\/11285"}],"wp:featuredmedia":[{"embeddable":true,"href":"https:\/\/www.radiance.al\/fr\/wp-json\/wp\/v2\/media\/8859"}],"wp:attachment":[{"href":"https:\/\/www.radiance.al\/fr\/wp-json\/wp\/v2\/media?parent=7496"}],"curies":[{"name":"wp","href":"https:\/\/api.w.org\/{rel}","templated":true}]}}