{"id":7510,"date":"2025-05-19T06:59:22","date_gmt":"2025-05-19T06:59:22","guid":{"rendered":"https:\/\/www.radiance.al\/dentisterie-generale\/"},"modified":"2025-10-09T11:14:48","modified_gmt":"2025-10-09T11:14:48","slug":"dentisterie-generale","status":"publish","type":"page","link":"https:\/\/www.radiance.al\/fr\/dentisterie-generale\/","title":{"rendered":"Dentisterie g\u00e9n\u00e9rale"},"content":{"rendered":"\t\t<div data-elementor-type=\"wp-page\" data-elementor-id=\"7510\" class=\"elementor elementor-7510 elementor-7781\">\n\t\t\t\t<div class=\"elementor-element elementor-element-142aa4b6 e-con-full e-flex e-con e-parent\" data-id=\"142aa4b6\" data-element_type=\"container\" data-e-type=\"container\">\n\t\t<div class=\"elementor-element elementor-element-254f7d5a e-con-full e-flex e-con e-child\" data-id=\"254f7d5a\" data-element_type=\"container\" data-e-type=\"container\">\n\t\t\t\t<div class=\"elementor-element elementor-element-39e519e elementor-widget elementor-widget-spacer\" data-id=\"39e519e\" data-element_type=\"widget\" data-e-type=\"widget\" data-widget_type=\"spacer.default\">\n\t\t\t\t<div class=\"elementor-widget-container\">\n\t\t\t\t\t\t\t<div class=\"elementor-spacer\">\n\t\t\t<div class=\"elementor-spacer-inner\"><\/div>\n\t\t<\/div>\n\t\t\t\t\t\t<\/div>\n\t\t\t\t<\/div>\n\t\t\t\t<div class=\"elementor-element elementor-element-0b2e833 elementor-widget elementor-widget-image\" data-id=\"0b2e833\" data-element_type=\"widget\" data-e-type=\"widget\" data-widget_type=\"image.default\">\n\t\t\t\t<div class=\"elementor-widget-container\">\n\t\t\t\t\t\t\t\t\t\t\t\t\t\t\t<img fetchpriority=\"high\" decoding=\"async\" width=\"640\" height=\"800\" src=\"https:\/\/www.radiance.al\/wp-content\/uploads\/2025\/06\/odontoiatria-generale\u200b-819x1024.jpg\" class=\"attachment-large size-large wp-image-8262\" alt=\"Sorriso estetico con guida colore dentale \u2013 trattamento odontoiatrico estetico\" srcset=\"https:\/\/www.radiance.al\/wp-content\/uploads\/2025\/06\/odontoiatria-generale\u200b-819x1024.jpg 819w, https:\/\/www.radiance.al\/wp-content\/uploads\/2025\/06\/odontoiatria-generale\u200b-240x300.jpg 240w, https:\/\/www.radiance.al\/wp-content\/uploads\/2025\/06\/odontoiatria-generale\u200b-768x960.jpg 768w, https:\/\/www.radiance.al\/wp-content\/uploads\/2025\/06\/odontoiatria-generale\u200b.jpg 1080w\" sizes=\"(max-width: 640px) 100vw, 640px\" \/>\t\t\t\t\t\t\t\t\t\t\t\t\t\t\t<\/div>\n\t\t\t\t<\/div>\n\t\t\t\t<\/div>\n\t\t<div class=\"elementor-element elementor-element-442d2b42 e-con-full e-flex e-con e-child\" data-id=\"442d2b42\" data-element_type=\"container\" data-e-type=\"container\" data-settings=\"{&quot;background_background&quot;:&quot;classic&quot;}\">\n\t\t\t\t<div class=\"elementor-element elementor-element-55cd3dee elementor-widget elementor-widget-heading\" data-id=\"55cd3dee\" data-element_type=\"widget\" data-e-type=\"widget\" data-widget_type=\"heading.default\">\n\t\t\t\t<div class=\"elementor-widget-container\">\n\t\t\t\t\t<h1 class=\"elementor-heading-title elementor-size-default\">Dentisterie g\u00e9n\u00e9rale<\/h1>\t\t\t\t<\/div>\n\t\t\t\t<\/div>\n\t\t\t\t<div class=\"elementor-element elementor-element-65bcf7b8 elementor-widget elementor-widget-text-editor\" data-id=\"65bcf7b8\" data-element_type=\"widget\" data-e-type=\"widget\" data-widget_type=\"text-editor.default\">\n\t\t\t\t<div class=\"elementor-widget-container\">\n\t\t\t\t\t\t\t\t\t<p><span style=\"font-weight: 400;\">\u00c0 <\/span><b>H\u00f4pital dentaire Radiance<\/b><span style=\"font-weight: 400;\">  nous prenons soin de votre sourire \u00e0 chaque \u00e9tape de votre vie, avec des <strong>traitements dentaires<\/strong> de pointe, s\u00fbrs et personnalis\u00e9s. Notre objectif est de vous offrir une exp\u00e9rience sereine et des r\u00e9sultats durables dans un <strong>environnement professionnel<\/strong> et accueillant. <\/span><\/p>\t\t\t\t\t\t\t\t<\/div>\n\t\t\t\t<\/div>\n\t\t\t\t<div class=\"elementor-element elementor-element-2fa5977 elementor-widget-divider--view-line elementor-widget elementor-widget-divider\" data-id=\"2fa5977\" data-element_type=\"widget\" data-e-type=\"widget\" data-widget_type=\"divider.default\">\n\t\t\t\t<div class=\"elementor-widget-container\">\n\t\t\t\t\t\t\t<div class=\"elementor-divider\">\n\t\t\t<span class=\"elementor-divider-separator\">\n\t\t\t\t\t\t<\/span>\n\t\t<\/div>\n\t\t\t\t\t\t<\/div>\n\t\t\t\t<\/div>\n\t\t<div class=\"elementor-element elementor-element-cdb4951 e-flex e-con-boxed e-con e-child\" data-id=\"cdb4951\" data-element_type=\"container\" data-e-type=\"container\">\n\t\t\t\t\t<div class=\"e-con-inner\">\n\t\t\t\t<div class=\"elementor-element elementor-element-d8d38a0 elementor-widget__width-inherit elementor-widget elementor-widget-heading\" data-id=\"d8d38a0\" data-element_type=\"widget\" data-e-type=\"widget\" data-widget_type=\"heading.default\">\n\t\t\t\t<div class=\"elementor-widget-container\">\n\t\t\t\t\t<h3 class=\"elementor-heading-title elementor-size-default\"><b>Pr\u00e9vention et hygi\u00e8ne bucco-dentaire<\/b><\/h3>\t\t\t\t<\/div>\n\t\t\t\t<\/div>\n\t\t\t\t<div class=\"elementor-element elementor-element-dc3d08e elementor-widget elementor-widget-text-editor\" data-id=\"dc3d08e\" data-element_type=\"widget\" data-e-type=\"widget\" data-widget_type=\"text-editor.default\">\n\t\t\t\t<div class=\"elementor-widget-container\">\n\t\t\t\t\t\t\t\t\t<p class=\"peragraf\"><span style=\"font-weight: 400;\">Des <strong>contr\u00f4les r\u00e9guliers<\/strong> et des nettoyages professionnels pour maintenir les dents et les gencives en bonne sant\u00e9, <strong>pr\u00e9venir les caries<\/strong> et les inflammations.<\/span><\/p>\t\t\t\t\t\t\t\t<\/div>\n\t\t\t\t<\/div>\n\t\t\t\t<div class=\"elementor-element elementor-element-9ad0791 elementor-widget elementor-widget-spacer\" data-id=\"9ad0791\" data-element_type=\"widget\" data-e-type=\"widget\" data-widget_type=\"spacer.default\">\n\t\t\t\t<div class=\"elementor-widget-container\">\n\t\t\t\t\t\t\t<div class=\"elementor-spacer\">\n\t\t\t<div class=\"elementor-spacer-inner\"><\/div>\n\t\t<\/div>\n\t\t\t\t\t\t<\/div>\n\t\t\t\t<\/div>\n\t\t\t\t<div class=\"elementor-element elementor-element-68caba2 elementor-widget__width-inherit elementor-widget elementor-widget-heading\" data-id=\"68caba2\" data-element_type=\"widget\" data-e-type=\"widget\" data-widget_type=\"heading.default\">\n\t\t\t\t<div class=\"elementor-widget-container\">\n\t\t\t\t\t<h3 class=\"elementor-heading-title elementor-size-default\"><b>Des soins complets pour tous les besoins<\/b><\/h3>\t\t\t\t<\/div>\n\t\t\t\t<\/div>\n\t\t\t\t<div class=\"elementor-element elementor-element-edd6251 elementor-widget elementor-widget-text-editor\" data-id=\"edd6251\" data-element_type=\"widget\" data-e-type=\"widget\" data-widget_type=\"text-editor.default\">\n\t\t\t\t<div class=\"elementor-widget-container\">\n\t\t\t\t\t\t\t\t\t<p class=\"peragraf\"><span style=\"font-weight: 400;\"><strong>Les traitements d&rsquo;odontologie<\/strong> conservatrice, d&rsquo;<strong> endodontie, de<\/strong> parodontie et de chirurgie buccale permettent de r\u00e9soudre efficacement tous les <strong>probl\u00e8mes dentaires<\/strong>.<\/span><\/p>\t\t\t\t\t\t\t\t<\/div>\n\t\t\t\t<\/div>\n\t\t\t\t<div class=\"elementor-element elementor-element-0d4e5a4 elementor-widget elementor-widget-spacer\" data-id=\"0d4e5a4\" data-element_type=\"widget\" data-e-type=\"widget\" data-widget_type=\"spacer.default\">\n\t\t\t\t<div class=\"elementor-widget-container\">\n\t\t\t\t\t\t\t<div class=\"elementor-spacer\">\n\t\t\t<div class=\"elementor-spacer-inner\"><\/div>\n\t\t<\/div>\n\t\t\t\t\t\t<\/div>\n\t\t\t\t<\/div>\n\t\t\t\t<div class=\"elementor-element elementor-element-d52d561 elementor-widget__width-inherit elementor-widget elementor-widget-heading\" data-id=\"d52d561\" data-element_type=\"widget\" data-e-type=\"widget\" data-widget_type=\"heading.default\">\n\t\t\t\t<div class=\"elementor-widget-container\">\n\t\t\t\t\t<h3 class=\"elementor-heading-title elementor-size-default\"><b>Technologies num\u00e9riques avanc\u00e9es<\/b><\/h3>\t\t\t\t<\/div>\n\t\t\t\t<\/div>\n\t\t\t\t<div class=\"elementor-element elementor-element-51ad8e6 elementor-widget elementor-widget-text-editor\" data-id=\"51ad8e6\" data-element_type=\"widget\" data-e-type=\"widget\" data-widget_type=\"text-editor.default\">\n\t\t\t\t<div class=\"elementor-widget-container\">\n\t\t\t\t\t\t\t\t\t<p class=\"peragraf\"><span style=\"font-weight: 400;\"><strong>Des diagnostics rapides<\/strong> et pr\u00e9cis gr\u00e2ce \u00e0 des instruments de pointe, qui rendent chaque<strong> traitement<\/strong> plus confortable et moins invasif.<\/span><\/p>\t\t\t\t\t\t\t\t<\/div>\n\t\t\t\t<\/div>\n\t\t\t\t<div class=\"elementor-element elementor-element-10c6241 elementor-widget elementor-widget-spacer\" data-id=\"10c6241\" data-element_type=\"widget\" data-e-type=\"widget\" data-widget_type=\"spacer.default\">\n\t\t\t\t<div class=\"elementor-widget-container\">\n\t\t\t\t\t\t\t<div class=\"elementor-spacer\">\n\t\t\t<div class=\"elementor-spacer-inner\"><\/div>\n\t\t<\/div>\n\t\t\t\t\t\t<\/div>\n\t\t\t\t<\/div>\n\t\t\t\t<div class=\"elementor-element elementor-element-4df4b12 elementor-widget__width-inherit elementor-widget elementor-widget-heading\" data-id=\"4df4b12\" data-element_type=\"widget\" data-e-type=\"widget\" data-widget_type=\"heading.default\">\n\t\t\t\t<div class=\"elementor-widget-container\">\n\t\t\t\t\t<h3 class=\"elementor-heading-title elementor-size-default\"><b>Esth\u00e9tique du sourire<\/b><\/h3>\t\t\t\t<\/div>\n\t\t\t\t<\/div>\n\t\t\t\t<div class=\"elementor-element elementor-element-5057ffc elementor-widget elementor-widget-text-editor\" data-id=\"5057ffc\" data-element_type=\"widget\" data-e-type=\"widget\" data-widget_type=\"text-editor.default\">\n\t\t\t\t<div class=\"elementor-widget-container\">\n\t\t\t\t\t\t\t\t\t<p class=\"peragraf\"><span style=\"font-weight: 400;\"><strong>Blanchiment, facettes<\/strong> et restaurations <strong>esth\u00e9tiques<\/strong> pour am\u00e9liorer l&rsquo;apparence de votre sourire de mani\u00e8re naturelle et harmonieuse.<\/span><\/p>\t\t\t\t\t\t\t\t<\/div>\n\t\t\t\t<\/div>\n\t\t\t\t<div class=\"elementor-element elementor-element-7cb6760 elementor-widget elementor-widget-spacer\" data-id=\"7cb6760\" data-element_type=\"widget\" data-e-type=\"widget\" data-widget_type=\"spacer.default\">\n\t\t\t\t<div class=\"elementor-widget-container\">\n\t\t\t\t\t\t\t<div class=\"elementor-spacer\">\n\t\t\t<div class=\"elementor-spacer-inner\"><\/div>\n\t\t<\/div>\n\t\t\t\t\t\t<\/div>\n\t\t\t\t<\/div>\n\t\t\t\t<div class=\"elementor-element elementor-element-dca3be4 elementor-widget__width-inherit elementor-widget elementor-widget-heading\" data-id=\"dca3be4\" data-element_type=\"widget\" data-e-type=\"widget\" data-widget_type=\"heading.default\">\n\t\t\t\t<div class=\"elementor-widget-container\">\n\t\t\t\t\t<h3 class=\"elementor-heading-title elementor-size-default\"><b>Assistance pour toute la famille<\/b><\/h3>\t\t\t\t<\/div>\n\t\t\t\t<\/div>\n\t\t\t\t<div class=\"elementor-element elementor-element-241f4bb elementor-widget elementor-widget-text-editor\" data-id=\"241f4bb\" data-element_type=\"widget\" data-e-type=\"widget\" data-widget_type=\"text-editor.default\">\n\t\t\t\t<div class=\"elementor-widget-container\">\n\t\t\t\t\t\t\t\t\t<p class=\"peragraf\"><span style=\"font-weight: 400;\">De l&rsquo;enfant \u00e0 l&rsquo;adulte, nous suivons chaque <strong>patient<\/strong> avec attention, \u00e9coute et <strong>professionnalisme<\/strong>.<\/span><\/p>\t\t\t\t\t\t\t\t<\/div>\n\t\t\t\t<\/div>\n\t\t\t\t<div class=\"elementor-element elementor-element-d24e995 elementor-widget elementor-widget-spacer\" data-id=\"d24e995\" data-element_type=\"widget\" data-e-type=\"widget\" data-widget_type=\"spacer.default\">\n\t\t\t\t<div class=\"elementor-widget-container\">\n\t\t\t\t\t\t\t<div class=\"elementor-spacer\">\n\t\t\t<div class=\"elementor-spacer-inner\"><\/div>\n\t\t<\/div>\n\t\t\t\t\t\t<\/div>\n\t\t\t\t<\/div>\n\t\t\t\t\t<\/div>\n\t\t\t\t<\/div>\n\t\t\t\t<\/div>\n\t\t\t\t<\/div>\n\t\t<div class=\"elementor-element elementor-element-97a3ea0 e-flex e-con-boxed e-con e-parent\" data-id=\"97a3ea0\" data-element_type=\"container\" data-e-type=\"container\">\n\t\t\t\t\t<div class=\"e-con-inner\">\n\t\t\t\t<div class=\"elementor-element elementor-element-3ac7a3c elementor-align-center elementor-widget elementor-widget-button\" data-id=\"3ac7a3c\" data-element_type=\"widget\" data-e-type=\"widget\" data-widget_type=\"button.default\">\n\t\t\t\t<div class=\"elementor-widget-container\">\n\t\t\t\t\t\t\t\t\t<div class=\"elementor-button-wrapper\">\n\t\t\t\t\t<a class=\"elementor-button elementor-button-link elementor-size-sm\" href=\"https:\/\/www.radiance.al\/fr\/contactez-nous\/\">\n\t\t\t\t\t\t<span class=\"elementor-button-content-wrapper\">\n\t\t\t\t\t\t\t\t\t<span class=\"elementor-button-text\">Visite gratuite<\/span>\n\t\t\t\t\t<\/span>\n\t\t\t\t\t<\/a>\n\t\t\t\t<\/div>\n\t\t\t\t\t\t\t\t<\/div>\n\t\t\t\t<\/div>\n\t\t\t\t<div class=\"elementor-element elementor-element-34cb29e elementor-widget elementor-widget-spacer\" data-id=\"34cb29e\" data-element_type=\"widget\" data-e-type=\"widget\" data-widget_type=\"spacer.default\">\n\t\t\t\t<div class=\"elementor-widget-container\">\n\t\t\t\t\t\t\t<div class=\"elementor-spacer\">\n\t\t\t<div class=\"elementor-spacer-inner\"><\/div>\n\t\t<\/div>\n\t\t\t\t\t\t<\/div>\n\t\t\t\t<\/div>\n\t\t\t\t\t<\/div>\n\t\t\t\t<\/div>\n\t\t\t\t<\/div>\n\t\t","protected":false},"excerpt":{"rendered":"<p>Dentisterie g\u00e9n\u00e9rale \u00c0 H\u00f4pital dentaire Radiance nous prenons soin de votre sourire \u00e0 chaque \u00e9tape de votre vie, avec des traitements dentaires de pointe, s\u00fbrs et personnalis\u00e9s. Notre objectif est de vous offrir une exp\u00e9rience sereine et des r\u00e9sultats durables dans un environnement professionnel et accueillant. Pr\u00e9vention et hygi\u00e8ne bucco-dentaire [&hellip;]<\/p>\n","protected":false},"author":1,"featured_media":8262,"parent":0,"menu_order":0,"comment_status":"closed","ping_status":"closed","template":"elementor_header_footer","meta":{"_acf_changed":false,"footnotes":""},"class_list":["post-7510","page","type-page","status-publish","has-post-thumbnail","hentry"],"acf":[],"yoast_head":"<!-- This site is optimized with the Yoast SEO Premium plugin v27.1 (Yoast SEO v27.4) - https:\/\/yoast.com\/product\/yoast-seo-premium-wordpress\/ -->\n<title>Dentisterie g\u00e9n\u00e9rale Tirana - Traitements dentaires personnalis\u00e9s<\/title>\n<meta name=\"description\" content=\"Vous cherchez un dentiste g\u00e9n\u00e9raliste \u00e0 Tirana ? Radiance vous propose un diagnostic en 3D, de la pr\u00e9vention et des traitements sur mesure. Premi\u00e8re visite gratuite !\" \/>\n<meta name=\"robots\" content=\"index, follow, max-snippet:-1, max-image-preview:large, max-video-preview:-1\" \/>\n<link rel=\"canonical\" href=\"https:\/\/www.radiance.al\/fr\/dentisterie-generale\/\" \/>\n<meta property=\"og:locale\" content=\"fr_FR\" \/>\n<meta property=\"og:type\" content=\"article\" \/>\n<meta property=\"og:title\" content=\"Dentisterie g\u00e9n\u00e9rale \u00e0 Tirana - soins dentaires personnalis\u00e9s \u00e0 Radiance\" \/>\n<meta property=\"og:description\" content=\"Services complets de dentisterie g\u00e9n\u00e9rale chez Radiance Dental : pr\u00e9vention, diagnostic 3D et traitements sur mesure pour votre sourire. Consultation gratuite !\" \/>\n<meta property=\"og:url\" content=\"https:\/\/www.radiance.al\/fr\/dentisterie-generale\/\" \/>\n<meta property=\"og:site_name\" content=\"RADIANCE.AL\" \/>\n<meta property=\"article:publisher\" content=\"https:\/\/www.instagram.com\/radiance_al\/?hl=en\" \/>\n<meta property=\"article:modified_time\" content=\"2025-10-09T11:14:48+00:00\" \/>\n<meta property=\"og:image\" content=\"https:\/\/www.radiance.al\/wp-content\/uploads\/2025\/06\/odontoiatria-generale\u200b.jpg\" \/>\n\t<meta property=\"og:image:width\" content=\"1080\" \/>\n\t<meta property=\"og:image:height\" content=\"1350\" \/>\n\t<meta property=\"og:image:type\" content=\"image\/jpeg\" \/>\n<meta name=\"twitter:card\" content=\"summary_large_image\" \/>\n<meta name=\"twitter:title\" content=\"Dentisterie g\u00e9n\u00e9rale Tirana - pr\u00e9vention et traitement sur mesure\" \/>\n<meta name=\"twitter:description\" content=\"Diagnostic 3D, pr\u00e9vention et soins dentaires personnalis\u00e9s : d\u00e9couvrez les services de dentisterie g\u00e9n\u00e9rale de Radiance Dental Tirana !\" \/>\n<meta name=\"twitter:label1\" content=\"Dur\u00e9e de lecture estim\u00e9e\" \/>\n\t<meta name=\"twitter:data1\" content=\"2 minutes\" \/>\n<script type=\"application\/ld+json\" class=\"yoast-schema-graph\">{\"@context\":\"https:\\\/\\\/schema.org\",\"@graph\":[{\"@type\":\"WebPage\",\"@id\":\"https:\\\/\\\/www.radiance.al\\\/fr\\\/dentisterie-generale\\\/\",\"url\":\"https:\\\/\\\/www.radiance.al\\\/fr\\\/dentisterie-generale\\\/\",\"name\":\"Dentisterie g\u00e9n\u00e9rale Tirana - Traitements dentaires personnalis\u00e9s\",\"isPartOf\":{\"@id\":\"https:\\\/\\\/www.radiance.al\\\/fr\\\/#website\"},\"primaryImageOfPage\":{\"@id\":\"https:\\\/\\\/www.radiance.al\\\/fr\\\/dentisterie-generale\\\/#primaryimage\"},\"image\":{\"@id\":\"https:\\\/\\\/www.radiance.al\\\/fr\\\/dentisterie-generale\\\/#primaryimage\"},\"thumbnailUrl\":\"https:\\\/\\\/www.radiance.al\\\/wp-content\\\/uploads\\\/2025\\\/06\\\/odontoiatria-generale\u200b.jpg\",\"datePublished\":\"2025-05-19T06:59:22+00:00\",\"dateModified\":\"2025-10-09T11:14:48+00:00\",\"description\":\"Vous cherchez un dentiste g\u00e9n\u00e9raliste \u00e0 Tirana ? Radiance vous propose un diagnostic en 3D, de la pr\u00e9vention et des traitements sur mesure. Premi\u00e8re visite gratuite !\",\"breadcrumb\":{\"@id\":\"https:\\\/\\\/www.radiance.al\\\/fr\\\/dentisterie-generale\\\/#breadcrumb\"},\"inLanguage\":\"fr-FR\",\"potentialAction\":[{\"@type\":\"ReadAction\",\"target\":[\"https:\\\/\\\/www.radiance.al\\\/fr\\\/dentisterie-generale\\\/\"]}]},{\"@type\":\"ImageObject\",\"inLanguage\":\"fr-FR\",\"@id\":\"https:\\\/\\\/www.radiance.al\\\/fr\\\/dentisterie-generale\\\/#primaryimage\",\"url\":\"https:\\\/\\\/www.radiance.al\\\/wp-content\\\/uploads\\\/2025\\\/06\\\/odontoiatria-generale\u200b.jpg\",\"contentUrl\":\"https:\\\/\\\/www.radiance.al\\\/wp-content\\\/uploads\\\/2025\\\/06\\\/odontoiatria-generale\u200b.jpg\",\"width\":1080,\"height\":1350,\"caption\":\"Apparecchiature dentistiche moderne utilizzate in trattamenti come otturazioni, igiene orale professionale, ablazione del tartaro e cura della carie.\"},{\"@type\":\"BreadcrumbList\",\"@id\":\"https:\\\/\\\/www.radiance.al\\\/fr\\\/dentisterie-generale\\\/#breadcrumb\",\"itemListElement\":[{\"@type\":\"ListItem\",\"position\":1,\"name\":\"Home\",\"item\":\"https:\\\/\\\/www.radiance.al\\\/fr\\\/\"},{\"@type\":\"ListItem\",\"position\":2,\"name\":\"Dentisterie g\u00e9n\u00e9rale\"}]},{\"@type\":\"WebSite\",\"@id\":\"https:\\\/\\\/www.radiance.al\\\/fr\\\/#website\",\"url\":\"https:\\\/\\\/www.radiance.al\\\/fr\\\/\",\"name\":\"RADIANCE.AL\",\"description\":\"RADIANCE DENTAL HOSPITAL\",\"publisher\":{\"@id\":\"https:\\\/\\\/www.radiance.al\\\/fr\\\/#organization\"},\"potentialAction\":[{\"@type\":\"SearchAction\",\"target\":{\"@type\":\"EntryPoint\",\"urlTemplate\":\"https:\\\/\\\/www.radiance.al\\\/fr\\\/?s={search_term_string}\"},\"query-input\":{\"@type\":\"PropertyValueSpecification\",\"valueRequired\":true,\"valueName\":\"search_term_string\"}}],\"inLanguage\":\"fr-FR\"},{\"@type\":\"Organization\",\"@id\":\"https:\\\/\\\/www.radiance.al\\\/fr\\\/#organization\",\"name\":\"RADIANCE.AL\",\"alternateName\":\"Radiance Dental Hospital\",\"url\":\"https:\\\/\\\/www.radiance.al\\\/fr\\\/\",\"logo\":{\"@type\":\"ImageObject\",\"inLanguage\":\"fr-FR\",\"@id\":\"https:\\\/\\\/www.radiance.al\\\/fr\\\/#\\\/schema\\\/logo\\\/image\\\/\",\"url\":\"https:\\\/\\\/www.radiance.al\\\/wp-content\\\/uploads\\\/2025\\\/05\\\/faviconn.jpeg\",\"contentUrl\":\"https:\\\/\\\/www.radiance.al\\\/wp-content\\\/uploads\\\/2025\\\/05\\\/faviconn.jpeg\",\"width\":48,\"height\":48,\"caption\":\"RADIANCE.AL\"},\"image\":{\"@id\":\"https:\\\/\\\/www.radiance.al\\\/fr\\\/#\\\/schema\\\/logo\\\/image\\\/\"},\"sameAs\":[\"https:\\\/\\\/www.instagram.com\\\/radiance_al\\\/?hl=en\"],\"description\":\"\\\"Radiance Dental Hospital n\u00eb Shqip\u00ebri: spital dentar modern me teknologji 3D, implantologji, estetik\u00eb dhe specialist\u00eb me mbi 15 vite p\u00ebrvoj\u00eb. Prenoto konsult\u00ebn falas!\\\"\",\"email\":\"info@radiance.al\",\"telephone\":\"+355694799949\",\"legalName\":\"Radiance Dental Hospital\",\"foundingDate\":\"2025-03-18\",\"numberOfEmployees\":{\"@type\":\"QuantitativeValue\",\"minValue\":\"11\",\"maxValue\":\"50\"}}]}<\/script>\n<!-- \/ Yoast SEO Premium plugin. -->","yoast_head_json":{"title":"Dentisterie g\u00e9n\u00e9rale Tirana - Traitements dentaires personnalis\u00e9s","description":"Vous cherchez un dentiste g\u00e9n\u00e9raliste \u00e0 Tirana ? Radiance vous propose un diagnostic en 3D, de la pr\u00e9vention et des traitements sur mesure. Premi\u00e8re visite gratuite !","robots":{"index":"index","follow":"follow","max-snippet":"max-snippet:-1","max-image-preview":"max-image-preview:large","max-video-preview":"max-video-preview:-1"},"canonical":"https:\/\/www.radiance.al\/fr\/dentisterie-generale\/","og_locale":"fr_FR","og_type":"article","og_title":"Dentisterie g\u00e9n\u00e9rale \u00e0 Tirana - soins dentaires personnalis\u00e9s \u00e0 Radiance","og_description":"Services complets de dentisterie g\u00e9n\u00e9rale chez Radiance Dental : pr\u00e9vention, diagnostic 3D et traitements sur mesure pour votre sourire. Consultation gratuite !","og_url":"https:\/\/www.radiance.al\/fr\/dentisterie-generale\/","og_site_name":"RADIANCE.AL","article_publisher":"https:\/\/www.instagram.com\/radiance_al\/?hl=en","article_modified_time":"2025-10-09T11:14:48+00:00","og_image":[{"width":1080,"height":1350,"url":"https:\/\/www.radiance.al\/wp-content\/uploads\/2025\/06\/odontoiatria-generale\u200b.jpg","type":"image\/jpeg"}],"twitter_card":"summary_large_image","twitter_title":"Dentisterie g\u00e9n\u00e9rale Tirana - pr\u00e9vention et traitement sur mesure","twitter_description":"Diagnostic 3D, pr\u00e9vention et soins dentaires personnalis\u00e9s : d\u00e9couvrez les services de dentisterie g\u00e9n\u00e9rale de Radiance Dental Tirana !","twitter_misc":{"Dur\u00e9e de lecture estim\u00e9e":"2 minutes"},"schema":{"@context":"https:\/\/schema.org","@graph":[{"@type":"WebPage","@id":"https:\/\/www.radiance.al\/fr\/dentisterie-generale\/","url":"https:\/\/www.radiance.al\/fr\/dentisterie-generale\/","name":"Dentisterie g\u00e9n\u00e9rale Tirana - Traitements dentaires personnalis\u00e9s","isPartOf":{"@id":"https:\/\/www.radiance.al\/fr\/#website"},"primaryImageOfPage":{"@id":"https:\/\/www.radiance.al\/fr\/dentisterie-generale\/#primaryimage"},"image":{"@id":"https:\/\/www.radiance.al\/fr\/dentisterie-generale\/#primaryimage"},"thumbnailUrl":"https:\/\/www.radiance.al\/wp-content\/uploads\/2025\/06\/odontoiatria-generale\u200b.jpg","datePublished":"2025-05-19T06:59:22+00:00","dateModified":"2025-10-09T11:14:48+00:00","description":"Vous cherchez un dentiste g\u00e9n\u00e9raliste \u00e0 Tirana ? Radiance vous propose un diagnostic en 3D, de la pr\u00e9vention et des traitements sur mesure. Premi\u00e8re visite gratuite !","breadcrumb":{"@id":"https:\/\/www.radiance.al\/fr\/dentisterie-generale\/#breadcrumb"},"inLanguage":"fr-FR","potentialAction":[{"@type":"ReadAction","target":["https:\/\/www.radiance.al\/fr\/dentisterie-generale\/"]}]},{"@type":"ImageObject","inLanguage":"fr-FR","@id":"https:\/\/www.radiance.al\/fr\/dentisterie-generale\/#primaryimage","url":"https:\/\/www.radiance.al\/wp-content\/uploads\/2025\/06\/odontoiatria-generale\u200b.jpg","contentUrl":"https:\/\/www.radiance.al\/wp-content\/uploads\/2025\/06\/odontoiatria-generale\u200b.jpg","width":1080,"height":1350,"caption":"Apparecchiature dentistiche moderne utilizzate in trattamenti come otturazioni, igiene orale professionale, ablazione del tartaro e cura della carie."},{"@type":"BreadcrumbList","@id":"https:\/\/www.radiance.al\/fr\/dentisterie-generale\/#breadcrumb","itemListElement":[{"@type":"ListItem","position":1,"name":"Home","item":"https:\/\/www.radiance.al\/fr\/"},{"@type":"ListItem","position":2,"name":"Dentisterie g\u00e9n\u00e9rale"}]},{"@type":"WebSite","@id":"https:\/\/www.radiance.al\/fr\/#website","url":"https:\/\/www.radiance.al\/fr\/","name":"RADIANCE.AL","description":"RADIANCE DENTAL HOSPITAL","publisher":{"@id":"https:\/\/www.radiance.al\/fr\/#organization"},"potentialAction":[{"@type":"SearchAction","target":{"@type":"EntryPoint","urlTemplate":"https:\/\/www.radiance.al\/fr\/?s={search_term_string}"},"query-input":{"@type":"PropertyValueSpecification","valueRequired":true,"valueName":"search_term_string"}}],"inLanguage":"fr-FR"},{"@type":"Organization","@id":"https:\/\/www.radiance.al\/fr\/#organization","name":"RADIANCE.AL","alternateName":"Radiance Dental Hospital","url":"https:\/\/www.radiance.al\/fr\/","logo":{"@type":"ImageObject","inLanguage":"fr-FR","@id":"https:\/\/www.radiance.al\/fr\/#\/schema\/logo\/image\/","url":"https:\/\/www.radiance.al\/wp-content\/uploads\/2025\/05\/faviconn.jpeg","contentUrl":"https:\/\/www.radiance.al\/wp-content\/uploads\/2025\/05\/faviconn.jpeg","width":48,"height":48,"caption":"RADIANCE.AL"},"image":{"@id":"https:\/\/www.radiance.al\/fr\/#\/schema\/logo\/image\/"},"sameAs":["https:\/\/www.instagram.com\/radiance_al\/?hl=en"],"description":"\"Radiance Dental Hospital n\u00eb Shqip\u00ebri: spital dentar modern me teknologji 3D, implantologji, estetik\u00eb dhe specialist\u00eb me mbi 15 vite p\u00ebrvoj\u00eb. Prenoto konsult\u00ebn falas!\"","email":"info@radiance.al","telephone":"+355694799949","legalName":"Radiance Dental Hospital","foundingDate":"2025-03-18","numberOfEmployees":{"@type":"QuantitativeValue","minValue":"11","maxValue":"50"}}]}},"_links":{"self":[{"href":"https:\/\/www.radiance.al\/fr\/wp-json\/wp\/v2\/pages\/7510","targetHints":{"allow":["GET"]}}],"collection":[{"href":"https:\/\/www.radiance.al\/fr\/wp-json\/wp\/v2\/pages"}],"about":[{"href":"https:\/\/www.radiance.al\/fr\/wp-json\/wp\/v2\/types\/page"}],"author":[{"embeddable":true,"href":"https:\/\/www.radiance.al\/fr\/wp-json\/wp\/v2\/users\/1"}],"replies":[{"embeddable":true,"href":"https:\/\/www.radiance.al\/fr\/wp-json\/wp\/v2\/comments?post=7510"}],"version-history":[{"count":3,"href":"https:\/\/www.radiance.al\/fr\/wp-json\/wp\/v2\/pages\/7510\/revisions"}],"predecessor-version":[{"id":11279,"href":"https:\/\/www.radiance.al\/fr\/wp-json\/wp\/v2\/pages\/7510\/revisions\/11279"}],"wp:featuredmedia":[{"embeddable":true,"href":"https:\/\/www.radiance.al\/fr\/wp-json\/wp\/v2\/media\/8262"}],"wp:attachment":[{"href":"https:\/\/www.radiance.al\/fr\/wp-json\/wp\/v2\/media?parent=7510"}],"curies":[{"name":"wp","href":"https:\/\/api.w.org\/{rel}","templated":true}]}}