{"id":7531,"date":"2025-05-19T09:37:50","date_gmt":"2025-05-19T09:37:50","guid":{"rendered":"https:\/\/www.radiance.al\/notre-environnement\/"},"modified":"2025-09-15T11:16:33","modified_gmt":"2025-09-15T11:16:33","slug":"notre-environnement","status":"publish","type":"page","link":"https:\/\/www.radiance.al\/fr\/notre-environnement\/","title":{"rendered":"Notre environnement"},"content":{"rendered":"\t\t<div data-elementor-type=\"wp-page\" data-elementor-id=\"7531\" class=\"elementor elementor-7531 elementor-2350\">\n\t\t\t\t<div class=\"elementor-element elementor-element-ed6c448 e-con-full video_p e-flex e-con e-parent\" data-id=\"ed6c448\" data-element_type=\"container\" data-e-type=\"container\">\n\t\t\t\t<div class=\"elementor-element elementor-element-b02ca57 elementor-widget__width-inherit video_sec elementor-widget elementor-widget-video\" data-id=\"b02ca57\" data-element_type=\"widget\" data-e-type=\"widget\" data-settings=\"{&quot;start&quot;:0,&quot;autoplay&quot;:&quot;yes&quot;,&quot;loop&quot;:&quot;yes&quot;,&quot;video_type&quot;:&quot;hosted&quot;,&quot;play_on_mobile&quot;:&quot;yes&quot;,&quot;mute&quot;:&quot;yes&quot;}\" data-widget_type=\"video.default\">\n\t\t\t\t<div class=\"elementor-widget-container\">\n\t\t\t\t\t\t\t<div class=\"e-hosted-video elementor-wrapper elementor-open-inline\">\n\t\t\t\t\t<video class=\"elementor-video\" src=\"https:\/\/www.radiance.al\/wp-content\/uploads\/2025\/07\/Nostri-ambienti.mp4\" autoplay=\"\" loop=\"\" muted=\"muted\" playsinline=\"\" controlsList=\"nodownload\"><\/video>\n\t\t\t\t<\/div>\n\t\t\t\t\t\t<\/div>\n\t\t\t\t<\/div>\n\t\t\t\t<\/div>\n\t\t<div class=\"elementor-element elementor-element-f723938 e-flex e-con-boxed e-con e-parent\" data-id=\"f723938\" data-element_type=\"container\" data-e-type=\"container\">\n\t\t\t\t\t<div class=\"e-con-inner\">\n\t\t\t\t<div class=\"elementor-element elementor-element-0337ad3 elementor-widget elementor-widget-heading\" data-id=\"0337ad3\" data-element_type=\"widget\" data-e-type=\"widget\" data-widget_type=\"heading.default\">\n\t\t\t\t<div class=\"elementor-widget-container\">\n\t\t\t\t\t<h2 class=\"elementor-heading-title elementor-size-default\">Nos environnements<\/h2>\t\t\t\t<\/div>\n\t\t\t\t<\/div>\n\t\t\t\t<div class=\"elementor-element elementor-element-d311133 elementor-widget elementor-widget-text-editor\" data-id=\"d311133\" data-element_type=\"widget\" data-e-type=\"widget\" data-widget_type=\"text-editor.default\">\n\t\t\t\t<div class=\"elementor-widget-container\">\n\t\t\t\t\t\t\t\t\t<p>Nous nous effor\u00e7ons d&rsquo;offrir une exp\u00e9rience confortable et unique dans des <strong>environnements modernes<\/strong> et <br \/>cosy con\u00e7us pour votre bien-\u00eatre. Chaque d\u00e9tail refl\u00e8te notre attachement \u00e0 la <strong>qualit\u00e9<\/strong>.<\/p>\t\t\t\t\t\t\t\t<\/div>\n\t\t\t\t<\/div>\n\t\t\t\t\t<\/div>\n\t\t\t\t<\/div>\n\t\t<div class=\"elementor-element elementor-element-670e219 e-flex e-con-boxed e-con e-parent\" data-id=\"670e219\" data-element_type=\"container\" data-e-type=\"container\">\n\t\t\t\t\t<div class=\"e-con-inner\">\n\t\t<div class=\"elementor-element elementor-element-609b742 e-grid e-con-boxed e-con e-child\" data-id=\"609b742\" data-element_type=\"container\" data-e-type=\"container\">\n\t\t\t\t\t<div class=\"e-con-inner\">\n\t\t\t\t<div class=\"elementor-element elementor-element-0aa97aa elementor-widget elementor-widget-image\" data-id=\"0aa97aa\" data-element_type=\"widget\" data-e-type=\"widget\" data-widget_type=\"image.default\">\n\t\t\t\t<div class=\"elementor-widget-container\">\n\t\t\t\t\t\t\t\t\t\t\t\t\t\t\t<img fetchpriority=\"high\" decoding=\"async\" width=\"362\" height=\"400\" src=\"https:\/\/www.radiance.al\/wp-content\/uploads\/2025\/05\/envroment-1.png\" class=\"attachment-full size-full wp-image-7541\" alt=\"Stanza di coordinamento moderna e professionale di Radiance Dental Hospital per la gestione dei pazienti\" srcset=\"https:\/\/www.radiance.al\/wp-content\/uploads\/2025\/05\/envroment-1.png 362w, https:\/\/www.radiance.al\/wp-content\/uploads\/2025\/05\/envroment-1-272x300.png 272w\" sizes=\"(max-width: 362px) 100vw, 362px\" \/>\t\t\t\t\t\t\t\t\t\t\t\t\t\t\t<\/div>\n\t\t\t\t<\/div>\n\t\t\t\t<div class=\"elementor-element elementor-element-39141c0 elementor-widget elementor-widget-image\" data-id=\"39141c0\" data-element_type=\"widget\" data-e-type=\"widget\" data-widget_type=\"image.default\">\n\t\t\t\t<div class=\"elementor-widget-container\">\n\t\t\t\t\t\t\t\t\t\t\t\t\t\t\t<img decoding=\"async\" width=\"362\" height=\"400\" src=\"https:\/\/www.radiance.al\/wp-content\/uploads\/2025\/05\/envroment-2.png\" class=\"attachment-full size-full wp-image-7540\" alt=\"Interno moderno e accogliente di Radiance Dental Hospital con arredi di design e ambienti curati\" srcset=\"https:\/\/www.radiance.al\/wp-content\/uploads\/2025\/05\/envroment-2.png 362w, https:\/\/www.radiance.al\/wp-content\/uploads\/2025\/05\/envroment-2-272x300.png 272w\" sizes=\"(max-width: 362px) 100vw, 362px\" \/>\t\t\t\t\t\t\t\t\t\t\t\t\t\t\t<\/div>\n\t\t\t\t<\/div>\n\t\t\t\t<div class=\"elementor-element elementor-element-f3fc6c5 elementor-widget elementor-widget-image\" data-id=\"f3fc6c5\" data-element_type=\"widget\" data-e-type=\"widget\" data-widget_type=\"image.default\">\n\t\t\t\t<div class=\"elementor-widget-container\">\n\t\t\t\t\t\t\t\t\t\t\t\t\t\t\t<img decoding=\"async\" width=\"362\" height=\"400\" src=\"https:\/\/www.radiance.al\/wp-content\/uploads\/2025\/05\/envroment-3.png\" class=\"attachment-full size-full wp-image-7539\" alt=\"Sala operativa moderna di Radiance Dental Hospital con strumenti odontoiatrici e arredi di alta qualit\u00e0\" srcset=\"https:\/\/www.radiance.al\/wp-content\/uploads\/2025\/05\/envroment-3.png 362w, https:\/\/www.radiance.al\/wp-content\/uploads\/2025\/05\/envroment-3-272x300.png 272w\" sizes=\"(max-width: 362px) 100vw, 362px\" \/>\t\t\t\t\t\t\t\t\t\t\t\t\t\t\t<\/div>\n\t\t\t\t<\/div>\n\t\t\t\t\t<\/div>\n\t\t\t\t<\/div>\n\t\t<div class=\"elementor-element elementor-element-ada707d e-grid e-con-full e-con e-child\" data-id=\"ada707d\" data-element_type=\"container\" data-e-type=\"container\">\n\t\t\t\t<div class=\"elementor-element elementor-element-f53d7d7 elementor-widget elementor-widget-image\" data-id=\"f53d7d7\" data-element_type=\"widget\" data-e-type=\"widget\" data-widget_type=\"image.default\">\n\t\t\t\t<div class=\"elementor-widget-container\">\n\t\t\t\t\t\t\t\t\t\t\t\t\t\t\t<img loading=\"lazy\" decoding=\"async\" width=\"362\" height=\"400\" src=\"https:\/\/www.radiance.al\/wp-content\/uploads\/2025\/05\/envroment-4.png\" class=\"attachment-full size-full wp-image-7538\" alt=\"Sala d\u2019attesa moderna e confortevole di Radiance Dental Hospital con divani eleganti e arredi raffinati\" srcset=\"https:\/\/www.radiance.al\/wp-content\/uploads\/2025\/05\/envroment-4.png 362w, https:\/\/www.radiance.al\/wp-content\/uploads\/2025\/05\/envroment-4-272x300.png 272w\" sizes=\"(max-width: 362px) 100vw, 362px\" \/>\t\t\t\t\t\t\t\t\t\t\t\t\t\t\t<\/div>\n\t\t\t\t<\/div>\n\t\t\t\t<div class=\"elementor-element elementor-element-f777f95 elementor-widget elementor-widget-image\" data-id=\"f777f95\" data-element_type=\"widget\" data-e-type=\"widget\" data-widget_type=\"image.default\">\n\t\t\t\t<div class=\"elementor-widget-container\">\n\t\t\t\t\t\t\t\t\t\t\t\t\t\t\t<img loading=\"lazy\" decoding=\"async\" width=\"362\" height=\"400\" src=\"https:\/\/www.radiance.al\/wp-content\/uploads\/2025\/05\/envroment-5.png\" class=\"attachment-full size-full wp-image-7537\" alt=\"stanza di coordinamento radiance dental hospital ambiente moderno per gestione trattamenti odontoiatrici e pianificazione cure dentali\" srcset=\"https:\/\/www.radiance.al\/wp-content\/uploads\/2025\/05\/envroment-5.png 362w, https:\/\/www.radiance.al\/wp-content\/uploads\/2025\/05\/envroment-5-272x300.png 272w\" sizes=\"(max-width: 362px) 100vw, 362px\" \/>\t\t\t\t\t\t\t\t\t\t\t\t\t\t\t<\/div>\n\t\t\t\t<\/div>\n\t\t\t\t<div class=\"elementor-element elementor-element-09fd641 elementor-widget elementor-widget-image\" data-id=\"09fd641\" data-element_type=\"widget\" data-e-type=\"widget\" data-widget_type=\"image.default\">\n\t\t\t\t<div class=\"elementor-widget-container\">\n\t\t\t\t\t\t\t\t\t\t\t\t\t\t\t<img loading=\"lazy\" decoding=\"async\" width=\"362\" height=\"400\" src=\"https:\/\/www.radiance.al\/wp-content\/uploads\/2025\/05\/envroment-6.png\" class=\"attachment-full size-full wp-image-7536\" alt=\"\" srcset=\"https:\/\/www.radiance.al\/wp-content\/uploads\/2025\/05\/envroment-6.png 362w, https:\/\/www.radiance.al\/wp-content\/uploads\/2025\/05\/envroment-6-272x300.png 272w\" sizes=\"(max-width: 362px) 100vw, 362px\" \/>\t\t\t\t\t\t\t\t\t\t\t\t\t\t\t<\/div>\n\t\t\t\t<\/div>\n\t\t\t\t<\/div>\n\t\t<div class=\"elementor-element elementor-element-9a08ce4 e-grid e-con-full e-con e-child\" data-id=\"9a08ce4\" data-element_type=\"container\" data-e-type=\"container\">\n\t\t\t\t<div class=\"elementor-element elementor-element-9351cad elementor-widget elementor-widget-image\" data-id=\"9351cad\" data-element_type=\"widget\" data-e-type=\"widget\" data-widget_type=\"image.default\">\n\t\t\t\t<div class=\"elementor-widget-container\">\n\t\t\t\t\t\t\t\t\t\t\t\t\t\t\t<img loading=\"lazy\" decoding=\"async\" width=\"362\" height=\"400\" src=\"https:\/\/www.radiance.al\/wp-content\/uploads\/2025\/05\/envroment-7.png\" class=\"attachment-full size-full wp-image-7535\" alt=\"\" srcset=\"https:\/\/www.radiance.al\/wp-content\/uploads\/2025\/05\/envroment-7.png 362w, https:\/\/www.radiance.al\/wp-content\/uploads\/2025\/05\/envroment-7-272x300.png 272w\" sizes=\"(max-width: 362px) 100vw, 362px\" \/>\t\t\t\t\t\t\t\t\t\t\t\t\t\t\t<\/div>\n\t\t\t\t<\/div>\n\t\t\t\t<div class=\"elementor-element elementor-element-f70d77f elementor-widget elementor-widget-image\" data-id=\"f70d77f\" data-element_type=\"widget\" data-e-type=\"widget\" data-widget_type=\"image.default\">\n\t\t\t\t<div class=\"elementor-widget-container\">\n\t\t\t\t\t\t\t\t\t\t\t\t\t\t\t<img loading=\"lazy\" decoding=\"async\" width=\"362\" height=\"400\" src=\"https:\/\/www.radiance.al\/wp-content\/uploads\/2025\/05\/envroment-8.png\" class=\"attachment-full size-full wp-image-7534\" alt=\"\" srcset=\"https:\/\/www.radiance.al\/wp-content\/uploads\/2025\/05\/envroment-8.png 362w, https:\/\/www.radiance.al\/wp-content\/uploads\/2025\/05\/envroment-8-272x300.png 272w\" sizes=\"(max-width: 362px) 100vw, 362px\" \/>\t\t\t\t\t\t\t\t\t\t\t\t\t\t\t<\/div>\n\t\t\t\t<\/div>\n\t\t\t\t<div class=\"elementor-element elementor-element-5578e86 elementor-widget elementor-widget-image\" data-id=\"5578e86\" data-element_type=\"widget\" data-e-type=\"widget\" data-widget_type=\"image.default\">\n\t\t\t\t<div class=\"elementor-widget-container\">\n\t\t\t\t\t\t\t\t\t\t\t\t\t\t\t<img loading=\"lazy\" decoding=\"async\" width=\"362\" height=\"400\" src=\"https:\/\/www.radiance.al\/wp-content\/uploads\/2025\/05\/envroment-9.png\" class=\"attachment-full size-full wp-image-7533\" alt=\"\" srcset=\"https:\/\/www.radiance.al\/wp-content\/uploads\/2025\/05\/envroment-9.png 362w, https:\/\/www.radiance.al\/wp-content\/uploads\/2025\/05\/envroment-9-272x300.png 272w\" sizes=\"(max-width: 362px) 100vw, 362px\" \/>\t\t\t\t\t\t\t\t\t\t\t\t\t\t\t<\/div>\n\t\t\t\t<\/div>\n\t\t\t\t<\/div>\n\t\t\t\t\t<\/div>\n\t\t\t\t<\/div>\n\t\t\t\t<\/div>\n\t\t","protected":false},"excerpt":{"rendered":"<p>https:\/\/www.radiance.al\/wp-content\/uploads\/2025\/07\/Nostri-ambienti.mp4 Nos environnements Nous nous effor\u00e7ons d&rsquo;offrir une exp\u00e9rience confortable et unique dans des environnements modernes et cosy con\u00e7us pour votre bien-\u00eatre. Chaque d\u00e9tail refl\u00e8te notre attachement \u00e0 la qualit\u00e9.<\/p>\n","protected":false},"author":1,"featured_media":7539,"parent":0,"menu_order":0,"comment_status":"closed","ping_status":"closed","template":"elementor_header_footer","meta":{"_acf_changed":false,"footnotes":""},"class_list":["post-7531","page","type-page","status-publish","has-post-thumbnail","hentry"],"acf":[],"yoast_head":"<!-- This site is optimized with the Yoast SEO Premium plugin v27.4 (Yoast SEO v27.4) - https:\/\/yoast.com\/product\/yoast-seo-premium-wordpress\/ -->\n<title>Centre dentaire de niveau europ\u00e9en en Albanie - Qualit\u00e9 et confort<\/title>\n<meta name=\"description\" content=\"Des environnements modernes et relaxants con\u00e7us pour que vous vous sentiez vraiment \u00e0 l&#039;aise. Centre dentaire moderne en Albanie\" \/>\n<meta name=\"robots\" content=\"index, follow, max-snippet:-1, max-image-preview:large, max-video-preview:-1\" \/>\n<link rel=\"canonical\" href=\"https:\/\/www.radiance.al\/fr\/notre-environnement\/\" \/>\n<meta property=\"og:locale\" content=\"fr_FR\" \/>\n<meta property=\"og:type\" content=\"article\" \/>\n<meta property=\"og:title\" content=\"Notre environnement\" \/>\n<meta property=\"og:description\" content=\"Des environnements modernes et relaxants con\u00e7us pour que vous vous sentiez vraiment \u00e0 l&#039;aise. Centre dentaire moderne en Albanie\" \/>\n<meta property=\"og:url\" content=\"https:\/\/www.radiance.al\/fr\/notre-environnement\/\" \/>\n<meta property=\"og:site_name\" content=\"RADIANCE.AL\" \/>\n<meta property=\"article:publisher\" content=\"https:\/\/www.instagram.com\/radiance_al\/?hl=en\" \/>\n<meta property=\"article:modified_time\" content=\"2025-09-15T11:16:33+00:00\" \/>\n<meta property=\"og:image\" content=\"https:\/\/www.radiance.al\/wp-content\/uploads\/2025\/05\/envroment-3.png\" \/>\n\t<meta property=\"og:image:width\" content=\"362\" \/>\n\t<meta property=\"og:image:height\" content=\"400\" \/>\n\t<meta property=\"og:image:type\" content=\"image\/png\" \/>\n<meta name=\"twitter:card\" content=\"summary_large_image\" \/>\n<meta name=\"twitter:label1\" content=\"Dur\u00e9e de lecture estim\u00e9e\" \/>\n\t<meta name=\"twitter:data1\" content=\"2 minutes\" \/>\n<script type=\"application\/ld+json\" class=\"yoast-schema-graph\">{\"@context\":\"https:\\\/\\\/schema.org\",\"@graph\":[{\"@type\":\"WebPage\",\"@id\":\"https:\\\/\\\/www.radiance.al\\\/fr\\\/notre-environnement\\\/\",\"url\":\"https:\\\/\\\/www.radiance.al\\\/fr\\\/notre-environnement\\\/\",\"name\":\"Centre dentaire de niveau europ\u00e9en en Albanie - Qualit\u00e9 et confort\",\"isPartOf\":{\"@id\":\"https:\\\/\\\/www.radiance.al\\\/fr\\\/#website\"},\"primaryImageOfPage\":{\"@id\":\"https:\\\/\\\/www.radiance.al\\\/fr\\\/notre-environnement\\\/#primaryimage\"},\"image\":{\"@id\":\"https:\\\/\\\/www.radiance.al\\\/fr\\\/notre-environnement\\\/#primaryimage\"},\"thumbnailUrl\":\"https:\\\/\\\/www.radiance.al\\\/wp-content\\\/uploads\\\/2025\\\/05\\\/envroment-3.png\",\"datePublished\":\"2025-05-19T09:37:50+00:00\",\"dateModified\":\"2025-09-15T11:16:33+00:00\",\"description\":\"Des environnements modernes et relaxants con\u00e7us pour que vous vous sentiez vraiment \u00e0 l'aise. Centre dentaire moderne en Albanie\",\"breadcrumb\":{\"@id\":\"https:\\\/\\\/www.radiance.al\\\/fr\\\/notre-environnement\\\/#breadcrumb\"},\"inLanguage\":\"fr-FR\",\"potentialAction\":[{\"@type\":\"ReadAction\",\"target\":[\"https:\\\/\\\/www.radiance.al\\\/fr\\\/notre-environnement\\\/\"]}]},{\"@type\":\"ImageObject\",\"inLanguage\":\"fr-FR\",\"@id\":\"https:\\\/\\\/www.radiance.al\\\/fr\\\/notre-environnement\\\/#primaryimage\",\"url\":\"https:\\\/\\\/www.radiance.al\\\/wp-content\\\/uploads\\\/2025\\\/05\\\/envroment-3.png\",\"contentUrl\":\"https:\\\/\\\/www.radiance.al\\\/wp-content\\\/uploads\\\/2025\\\/05\\\/envroment-3.png\",\"width\":362,\"height\":400,\"caption\":\"Interno di una sala operativa di Radiance Dental Hospital, attrezzata con strumenti odontoiatrici moderni per garantire trattamenti sicuri e di alta qualit\u00e0.\"},{\"@type\":\"BreadcrumbList\",\"@id\":\"https:\\\/\\\/www.radiance.al\\\/fr\\\/notre-environnement\\\/#breadcrumb\",\"itemListElement\":[{\"@type\":\"ListItem\",\"position\":1,\"name\":\"Home\",\"item\":\"https:\\\/\\\/www.radiance.al\\\/fr\\\/\"},{\"@type\":\"ListItem\",\"position\":2,\"name\":\"Notre environnement\"}]},{\"@type\":\"WebSite\",\"@id\":\"https:\\\/\\\/www.radiance.al\\\/fr\\\/#website\",\"url\":\"https:\\\/\\\/www.radiance.al\\\/fr\\\/\",\"name\":\"RADIANCE.AL\",\"description\":\"RADIANCE DENTAL HOSPITAL\",\"publisher\":{\"@id\":\"https:\\\/\\\/www.radiance.al\\\/fr\\\/#organization\"},\"potentialAction\":[{\"@type\":\"SearchAction\",\"target\":{\"@type\":\"EntryPoint\",\"urlTemplate\":\"https:\\\/\\\/www.radiance.al\\\/fr\\\/?s={search_term_string}\"},\"query-input\":{\"@type\":\"PropertyValueSpecification\",\"valueRequired\":true,\"valueName\":\"search_term_string\"}}],\"inLanguage\":\"fr-FR\"},{\"@type\":\"Organization\",\"@id\":\"https:\\\/\\\/www.radiance.al\\\/fr\\\/#organization\",\"name\":\"RADIANCE.AL\",\"alternateName\":\"Radiance Dental Hospital\",\"url\":\"https:\\\/\\\/www.radiance.al\\\/fr\\\/\",\"logo\":{\"@type\":\"ImageObject\",\"inLanguage\":\"fr-FR\",\"@id\":\"https:\\\/\\\/www.radiance.al\\\/fr\\\/#\\\/schema\\\/logo\\\/image\\\/\",\"url\":\"https:\\\/\\\/www.radiance.al\\\/wp-content\\\/uploads\\\/2025\\\/05\\\/faviconn.jpeg\",\"contentUrl\":\"https:\\\/\\\/www.radiance.al\\\/wp-content\\\/uploads\\\/2025\\\/05\\\/faviconn.jpeg\",\"width\":48,\"height\":48,\"caption\":\"RADIANCE.AL\"},\"image\":{\"@id\":\"https:\\\/\\\/www.radiance.al\\\/fr\\\/#\\\/schema\\\/logo\\\/image\\\/\"},\"sameAs\":[\"https:\\\/\\\/www.instagram.com\\\/radiance_al\\\/?hl=en\"],\"description\":\"\\\"Radiance Dental Hospital n\u00eb Shqip\u00ebri: spital dentar modern me teknologji 3D, implantologji, estetik\u00eb dhe specialist\u00eb me mbi 15 vite p\u00ebrvoj\u00eb. Prenoto konsult\u00ebn falas!\\\"\",\"email\":\"info@radiance.al\",\"telephone\":\"+355694799949\",\"legalName\":\"Radiance Dental Hospital\",\"foundingDate\":\"2025-03-18\",\"numberOfEmployees\":{\"@type\":\"QuantitativeValue\",\"minValue\":\"11\",\"maxValue\":\"50\"}}]}<\/script>\n<!-- \/ Yoast SEO Premium plugin. -->","yoast_head_json":{"title":"Centre dentaire de niveau europ\u00e9en en Albanie - Qualit\u00e9 et confort","description":"Des environnements modernes et relaxants con\u00e7us pour que vous vous sentiez vraiment \u00e0 l'aise. Centre dentaire moderne en Albanie","robots":{"index":"index","follow":"follow","max-snippet":"max-snippet:-1","max-image-preview":"max-image-preview:large","max-video-preview":"max-video-preview:-1"},"canonical":"https:\/\/www.radiance.al\/fr\/notre-environnement\/","og_locale":"fr_FR","og_type":"article","og_title":"Notre environnement","og_description":"Des environnements modernes et relaxants con\u00e7us pour que vous vous sentiez vraiment \u00e0 l'aise. Centre dentaire moderne en Albanie","og_url":"https:\/\/www.radiance.al\/fr\/notre-environnement\/","og_site_name":"RADIANCE.AL","article_publisher":"https:\/\/www.instagram.com\/radiance_al\/?hl=en","article_modified_time":"2025-09-15T11:16:33+00:00","og_image":[{"width":362,"height":400,"url":"https:\/\/www.radiance.al\/wp-content\/uploads\/2025\/05\/envroment-3.png","type":"image\/png"}],"twitter_card":"summary_large_image","twitter_misc":{"Dur\u00e9e de lecture estim\u00e9e":"2 minutes"},"schema":{"@context":"https:\/\/schema.org","@graph":[{"@type":"WebPage","@id":"https:\/\/www.radiance.al\/fr\/notre-environnement\/","url":"https:\/\/www.radiance.al\/fr\/notre-environnement\/","name":"Centre dentaire de niveau europ\u00e9en en Albanie - Qualit\u00e9 et confort","isPartOf":{"@id":"https:\/\/www.radiance.al\/fr\/#website"},"primaryImageOfPage":{"@id":"https:\/\/www.radiance.al\/fr\/notre-environnement\/#primaryimage"},"image":{"@id":"https:\/\/www.radiance.al\/fr\/notre-environnement\/#primaryimage"},"thumbnailUrl":"https:\/\/www.radiance.al\/wp-content\/uploads\/2025\/05\/envroment-3.png","datePublished":"2025-05-19T09:37:50+00:00","dateModified":"2025-09-15T11:16:33+00:00","description":"Des environnements modernes et relaxants con\u00e7us pour que vous vous sentiez vraiment \u00e0 l'aise. Centre dentaire moderne en Albanie","breadcrumb":{"@id":"https:\/\/www.radiance.al\/fr\/notre-environnement\/#breadcrumb"},"inLanguage":"fr-FR","potentialAction":[{"@type":"ReadAction","target":["https:\/\/www.radiance.al\/fr\/notre-environnement\/"]}]},{"@type":"ImageObject","inLanguage":"fr-FR","@id":"https:\/\/www.radiance.al\/fr\/notre-environnement\/#primaryimage","url":"https:\/\/www.radiance.al\/wp-content\/uploads\/2025\/05\/envroment-3.png","contentUrl":"https:\/\/www.radiance.al\/wp-content\/uploads\/2025\/05\/envroment-3.png","width":362,"height":400,"caption":"Interno di una sala operativa di Radiance Dental Hospital, attrezzata con strumenti odontoiatrici moderni per garantire trattamenti sicuri e di alta qualit\u00e0."},{"@type":"BreadcrumbList","@id":"https:\/\/www.radiance.al\/fr\/notre-environnement\/#breadcrumb","itemListElement":[{"@type":"ListItem","position":1,"name":"Home","item":"https:\/\/www.radiance.al\/fr\/"},{"@type":"ListItem","position":2,"name":"Notre environnement"}]},{"@type":"WebSite","@id":"https:\/\/www.radiance.al\/fr\/#website","url":"https:\/\/www.radiance.al\/fr\/","name":"RADIANCE.AL","description":"RADIANCE DENTAL HOSPITAL","publisher":{"@id":"https:\/\/www.radiance.al\/fr\/#organization"},"potentialAction":[{"@type":"SearchAction","target":{"@type":"EntryPoint","urlTemplate":"https:\/\/www.radiance.al\/fr\/?s={search_term_string}"},"query-input":{"@type":"PropertyValueSpecification","valueRequired":true,"valueName":"search_term_string"}}],"inLanguage":"fr-FR"},{"@type":"Organization","@id":"https:\/\/www.radiance.al\/fr\/#organization","name":"RADIANCE.AL","alternateName":"Radiance Dental Hospital","url":"https:\/\/www.radiance.al\/fr\/","logo":{"@type":"ImageObject","inLanguage":"fr-FR","@id":"https:\/\/www.radiance.al\/fr\/#\/schema\/logo\/image\/","url":"https:\/\/www.radiance.al\/wp-content\/uploads\/2025\/05\/faviconn.jpeg","contentUrl":"https:\/\/www.radiance.al\/wp-content\/uploads\/2025\/05\/faviconn.jpeg","width":48,"height":48,"caption":"RADIANCE.AL"},"image":{"@id":"https:\/\/www.radiance.al\/fr\/#\/schema\/logo\/image\/"},"sameAs":["https:\/\/www.instagram.com\/radiance_al\/?hl=en"],"description":"\"Radiance Dental Hospital n\u00eb Shqip\u00ebri: spital dentar modern me teknologji 3D, implantologji, estetik\u00eb dhe specialist\u00eb me mbi 15 vite p\u00ebrvoj\u00eb. Prenoto konsult\u00ebn falas!\"","email":"info@radiance.al","telephone":"+355694799949","legalName":"Radiance Dental Hospital","foundingDate":"2025-03-18","numberOfEmployees":{"@type":"QuantitativeValue","minValue":"11","maxValue":"50"}}]}},"_links":{"self":[{"href":"https:\/\/www.radiance.al\/fr\/wp-json\/wp\/v2\/pages\/7531","targetHints":{"allow":["GET"]}}],"collection":[{"href":"https:\/\/www.radiance.al\/fr\/wp-json\/wp\/v2\/pages"}],"about":[{"href":"https:\/\/www.radiance.al\/fr\/wp-json\/wp\/v2\/types\/page"}],"author":[{"embeddable":true,"href":"https:\/\/www.radiance.al\/fr\/wp-json\/wp\/v2\/users\/1"}],"replies":[{"embeddable":true,"href":"https:\/\/www.radiance.al\/fr\/wp-json\/wp\/v2\/comments?post=7531"}],"version-history":[{"count":0,"href":"https:\/\/www.radiance.al\/fr\/wp-json\/wp\/v2\/pages\/7531\/revisions"}],"wp:featuredmedia":[{"embeddable":true,"href":"https:\/\/www.radiance.al\/fr\/wp-json\/wp\/v2\/media\/7539"}],"wp:attachment":[{"href":"https:\/\/www.radiance.al\/fr\/wp-json\/wp\/v2\/media?parent=7531"}],"curies":[{"name":"wp","href":"https:\/\/api.w.org\/{rel}","templated":true}]}}