{"id":7767,"date":"2025-05-16T11:18:35","date_gmt":"2025-05-16T11:18:35","guid":{"rendered":"https:\/\/www.radiance.al\/kristo-naska\/"},"modified":"2025-09-15T09:37:08","modified_gmt":"2025-09-15T09:37:08","slug":"dr-kristo-naska-dentiste-albanie","status":"publish","type":"page","link":"https:\/\/www.radiance.al\/fr\/dr-kristo-naska-dentiste-albanie\/","title":{"rendered":"Kristo Naska"},"content":{"rendered":"\t\t<div data-elementor-type=\"wp-page\" data-elementor-id=\"7767\" class=\"elementor elementor-7767 elementor-1879\">\n\t\t\t\t<div class=\"elementor-element elementor-element-ee91e83 e-flex e-con-boxed e-con e-parent\" data-id=\"ee91e83\" data-element_type=\"container\" data-e-type=\"container\">\n\t\t\t\t\t<div class=\"e-con-inner\">\n\t\t<div class=\"elementor-element elementor-element-de1a327 e-con-full sticky-box e-flex e-con e-child\" data-id=\"de1a327\" data-element_type=\"container\" data-e-type=\"container\">\n\t\t\t\t<div class=\"elementor-element elementor-element-6863b4b elementor-widget elementor-widget-image\" data-id=\"6863b4b\" data-element_type=\"widget\" data-e-type=\"widget\" data-widget_type=\"image.default\">\n\t\t\t\t<div class=\"elementor-widget-container\">\n\t\t\t\t\t\t\t\t\t\t\t\t\t\t\t<img fetchpriority=\"high\" decoding=\"async\" width=\"300\" height=\"319\" src=\"https:\/\/www.radiance.al\/wp-content\/uploads\/2025\/05\/cjw.png\" class=\"attachment-full size-full wp-image-7398\" alt=\"\" srcset=\"https:\/\/www.radiance.al\/wp-content\/uploads\/2025\/05\/cjw.png 300w, https:\/\/www.radiance.al\/wp-content\/uploads\/2025\/05\/cjw-282x300.png 282w\" sizes=\"(max-width: 300px) 100vw, 300px\" \/>\t\t\t\t\t\t\t\t\t\t\t\t\t\t\t<\/div>\n\t\t\t\t<\/div>\n\t\t\t\t<div class=\"elementor-element elementor-element-588ccfc elementor-widget elementor-widget-heading\" data-id=\"588ccfc\" data-element_type=\"widget\" data-e-type=\"widget\" data-widget_type=\"heading.default\">\n\t\t\t\t<div class=\"elementor-widget-container\">\n\t\t\t\t\t<h2 class=\"elementor-heading-title elementor-size-default\">Dr. Kristo Naska\n<\/h2>\t\t\t\t<\/div>\n\t\t\t\t<\/div>\n\t\t\t\t<div class=\"elementor-element elementor-element-aaa8cb0 elementor-widget elementor-widget-text-editor\" data-id=\"aaa8cb0\" data-element_type=\"widget\" data-e-type=\"widget\" data-widget_type=\"text-editor.default\">\n\t\t\t\t<div class=\"elementor-widget-container\">\n\t\t\t\t\t\t\t\t\t<p>Dentiste<\/p>\t\t\t\t\t\t\t\t<\/div>\n\t\t\t\t<\/div>\n\t\t\t\t<\/div>\n\t\t<div class=\"elementor-element elementor-element-5dcaccd e-con-full e-flex e-con e-child\" data-id=\"5dcaccd\" data-element_type=\"container\" data-e-type=\"container\">\n\t\t\t\t<div class=\"elementor-element elementor-element-a780d28 elementor-widget elementor-widget-heading\" data-id=\"a780d28\" data-element_type=\"widget\" data-e-type=\"widget\" data-widget_type=\"heading.default\">\n\t\t\t\t<div class=\"elementor-widget-container\">\n\t\t\t\t\t<h2 class=\"elementor-heading-title elementor-size-default\">Informations personnelles<\/h2>\t\t\t\t<\/div>\n\t\t\t\t<\/div>\n\t\t\t\t<div class=\"elementor-element elementor-element-faa783e elementor-widget elementor-widget-text-editor\" data-id=\"faa783e\" data-element_type=\"widget\" data-e-type=\"widget\" data-widget_type=\"text-editor.default\">\n\t\t\t\t<div class=\"elementor-widget-container\">\n\t\t\t\t\t\t\t\t\t<p><strong data-start=\"204\" data-end=\"221\">Nom complet :<\/strong> Kristo Naska<br data-start=\"234\" data-end=\"237\" \/><strong data-start=\"237\" data-end=\"254\">Nationalit\u00e9 :<\/strong> Albanaise<br data-start=\"264\" data-end=\"267\" \/><strong data-start=\"267\" data-end=\"288\">Langues parl\u00e9es :<\/strong> <strong data-start=\"289\" data-end=\"301\">Albanais<\/strong> (langue maternelle), <strong data-start=\"323\" data-end=\"334\">Italien<\/strong>, <strong data-start=\"336\" data-end=\"347\" data-is-only-node=\"\">Anglais<\/strong><br data-start=\"347\" data-end=\"350\" \/><strong data-start=\"350\" data-end=\"365\">Formation :<\/strong> <strong data-start=\"366\" data-end=\"409\">Dipl\u00f4me de dentiste \u2013 Universit\u00e9 Aldent<\/strong><br data-start=\"409\" data-end=\"412\" \/><strong data-start=\"412\" data-end=\"433\">Sp\u00e9cialisations :<\/strong> <strong data-start=\"434\" data-end=\"457\">Proth\u00e8ses dentaires<\/strong>, <strong data-start=\"459\" data-end=\"486\">dentisterie proth\u00e9tique<\/strong><br data-start=\"486\" data-end=\"489\" \/><strong data-start=\"489\" data-end=\"505\">Exp\u00e9rience :<\/strong> <strong data-start=\"506\" data-end=\"548\">5 ans d\u2019activit\u00e9 clinique et \u00e9ducative<\/strong>, avec des <strong data-start=\"559\" data-end=\"593\">collaborations internationales<\/strong><\/p>\t\t\t\t\t\t\t\t<\/div>\n\t\t\t\t<\/div>\n\t\t\t\t<div class=\"elementor-element elementor-element-3735ac8 elementor-widget elementor-widget-spacer\" data-id=\"3735ac8\" data-element_type=\"widget\" data-e-type=\"widget\" data-widget_type=\"spacer.default\">\n\t\t\t\t<div class=\"elementor-widget-container\">\n\t\t\t\t\t\t\t<div class=\"elementor-spacer\">\n\t\t\t<div class=\"elementor-spacer-inner\"><\/div>\n\t\t<\/div>\n\t\t\t\t\t\t<\/div>\n\t\t\t\t<\/div>\n\t\t\t\t<div class=\"elementor-element elementor-element-bb93b3a elementor-widget elementor-widget-heading\" data-id=\"bb93b3a\" data-element_type=\"widget\" data-e-type=\"widget\" data-widget_type=\"heading.default\">\n\t\t\t\t<div class=\"elementor-widget-container\">\n\t\t\t\t\t<h2 class=\"elementor-heading-title elementor-size-default\">Profil professionnel<\/h2>\t\t\t\t<\/div>\n\t\t\t\t<\/div>\n\t\t\t\t<div class=\"elementor-element elementor-element-c5dd6d0 elementor-widget elementor-widget-text-editor\" data-id=\"c5dd6d0\" data-element_type=\"widget\" data-e-type=\"widget\" data-widget_type=\"text-editor.default\">\n\t\t\t\t<div class=\"elementor-widget-container\">\n\t\t\t\t\t\t\t\t\t<p data-start=\"628\" data-end=\"780\">Le <strong data-start=\"631\" data-end=\"650\">Dr Kristo Naska<\/strong> est un <strong data-start=\"658\" data-end=\"701\">dentiste dipl\u00f4m\u00e9 de l\u2019Universit\u00e9 Aldent<\/strong>, avec <strong data-start=\"708\" data-end=\"739\">5 ans d\u2019exp\u00e9rience pratique<\/strong> dans le domaine de la <strong data-start=\"762\" data-end=\"777\">dentisterie<\/strong>.<\/p><p data-start=\"782\" data-end=\"1003\">Il se sp\u00e9cialise particuli\u00e8rement dans le domaine des <strong data-start=\"836\" data-end=\"859\">proth\u00e8ses dentaires<\/strong>, travaillant dans diff\u00e9rents <strong data-start=\"889\" data-end=\"912\">contextes cliniques<\/strong> et d\u00e9veloppant une <strong data-start=\"932\" data-end=\"963\">approche multidisciplinaire<\/strong> et ax\u00e9e sur la <strong data-start=\"979\" data-end=\"1000\">qualit\u00e9 des soins<\/strong>.<\/p><p data-start=\"1005\" data-end=\"1391\">Il a particip\u00e9 activement \u00e0 de nombreuses <strong data-start=\"1047\" data-end=\"1079\">initiatives professionnelles<\/strong> dans le domaine de la dentisterie, se distinguant par son <strong data-start=\"1138\" data-end=\"1153\">ing\u00e9niosit\u00e9<\/strong> et son <strong data-start=\"1161\" data-end=\"1184\">esprit d\u2019innovation<\/strong>. Sa <strong data-start=\"1189\" data-end=\"1211\">formation continue<\/strong>, soutenue par des <strong data-start=\"1230\" data-end=\"1259\">cours de perfectionnement<\/strong> et des <strong data-start=\"1267\" data-end=\"1301\">collaborations internationales<\/strong> (Italie, Allemagne), lui permet d\u2019offrir des <strong data-start=\"1347\" data-end=\"1388\">traitements modernes et personnalis\u00e9s<\/strong>.<\/p><p data-start=\"1393\" data-end=\"1600\">Ses <strong data-start=\"1397\" data-end=\"1418\">qualit\u00e9s d\u2019\u00e9coute<\/strong>, sa <strong data-start=\"1423\" data-end=\"1463\">sensibilit\u00e9 aux besoins des patients<\/strong> et son <strong data-start=\"1471\" data-end=\"1490\">souci du d\u00e9tail<\/strong> font de lui un <strong data-start=\"1506\" data-end=\"1542\">professionnel fiable et appr\u00e9ci\u00e9<\/strong> au sein de l\u2019\u00e9quipe de l\u2019<strong data-start=\"1568\" data-end=\"1597\">H\u00f4pital Dentaire Radiance<\/strong>.<\/p>\t\t\t\t\t\t\t\t<\/div>\n\t\t\t\t<\/div>\n\t\t\t\t<div class=\"elementor-element elementor-element-c7eca24 elementor-widget elementor-widget-spacer\" data-id=\"c7eca24\" data-element_type=\"widget\" data-e-type=\"widget\" data-widget_type=\"spacer.default\">\n\t\t\t\t<div class=\"elementor-widget-container\">\n\t\t\t\t\t\t\t<div class=\"elementor-spacer\">\n\t\t\t<div class=\"elementor-spacer-inner\"><\/div>\n\t\t<\/div>\n\t\t\t\t\t\t<\/div>\n\t\t\t\t<\/div>\n\t\t\t\t<div class=\"elementor-element elementor-element-d5f4d37 elementor-widget elementor-widget-heading\" data-id=\"d5f4d37\" data-element_type=\"widget\" data-e-type=\"widget\" data-widget_type=\"heading.default\">\n\t\t\t\t<div class=\"elementor-widget-container\">\n\t\t\t\t\t<h2 class=\"elementor-heading-title elementor-size-default\">Exp\u00e9rience professionnelle<\/h2>\t\t\t\t<\/div>\n\t\t\t\t<\/div>\n\t\t\t\t<div class=\"elementor-element elementor-element-5e18c30 elementor-widget elementor-widget-text-editor\" data-id=\"5e18c30\" data-element_type=\"widget\" data-e-type=\"widget\" data-widget_type=\"text-editor.default\">\n\t\t\t\t<div class=\"elementor-widget-container\">\n\t\t\t\t\t\t\t\t\t<p>H\u00f4pital dentaire Radiance &#8211; Tirana<\/p>\t\t\t\t\t\t\t\t<\/div>\n\t\t\t\t<\/div>\n\t\t\t\t<div class=\"elementor-element elementor-element-e2f80e0 elementor-widget elementor-widget-text-editor\" data-id=\"e2f80e0\" data-element_type=\"widget\" data-e-type=\"widget\" data-widget_type=\"text-editor.default\">\n\t\t\t\t<div class=\"elementor-widget-container\">\n\t\t\t\t\t\t\t\t\t<p>Dentiste<\/p>\t\t\t\t\t\t\t\t<\/div>\n\t\t\t\t<\/div>\n\t\t\t\t<div class=\"elementor-element elementor-element-b938fd8 elementor-widget elementor-widget-text-editor\" data-id=\"b938fd8\" data-element_type=\"widget\" data-e-type=\"widget\" data-widget_type=\"text-editor.default\">\n\t\t\t\t<div class=\"elementor-widget-container\">\n\t\t\t\t\t\t\t\t\t<ul><li data-start=\"1693\" data-end=\"1756\"><p data-start=\"1695\" data-end=\"1756\"><strong data-start=\"1695\" data-end=\"1723\">Traitements proth\u00e9tiques<\/strong> et <strong data-start=\"1727\" data-end=\"1754\">r\u00e9habilitation dentaire<\/strong><\/p><\/li><li data-start=\"1757\" data-end=\"1822\"><p data-start=\"1759\" data-end=\"1822\"><strong data-start=\"1759\" data-end=\"1781\">Formation continue<\/strong> avec des <strong data-start=\"1791\" data-end=\"1820\">approches internationales<\/strong><\/p><\/li><li data-start=\"1823\" data-end=\"1886\"><p data-start=\"1825\" data-end=\"1886\"><strong data-start=\"1825\" data-end=\"1861\">Collaboration interdisciplinaire<\/strong> avec l\u2019\u00e9quipe m\u00e9dicale<\/p><\/li><li data-start=\"1887\" data-end=\"1950\"><p data-start=\"1889\" data-end=\"1950\">Gestion de <strong data-start=\"1900\" data-end=\"1917\">cas complexes<\/strong> avec <strong data-start=\"1923\" data-end=\"1931\">soin<\/strong> et <strong data-start=\"1935\" data-end=\"1948\">pr\u00e9cision<\/strong><\/p><\/li><\/ul>\t\t\t\t\t\t\t\t<\/div>\n\t\t\t\t<\/div>\n\t\t\t\t<div class=\"elementor-element elementor-element-56064fc elementor-widget elementor-widget-heading\" data-id=\"56064fc\" data-element_type=\"widget\" data-e-type=\"widget\" data-widget_type=\"heading.default\">\n\t\t\t\t<div class=\"elementor-widget-container\">\n\t\t\t\t\t<h2 class=\"elementor-heading-title elementor-size-default\">Enseignement acad\u00e9mique<\/h2>\t\t\t\t<\/div>\n\t\t\t\t<\/div>\n\t\t\t\t<div class=\"elementor-element elementor-element-e9077e0 elementor-widget elementor-widget-text-editor\" data-id=\"e9077e0\" data-element_type=\"widget\" data-e-type=\"widget\" data-widget_type=\"text-editor.default\">\n\t\t\t\t<div class=\"elementor-widget-container\">\n\t\t\t\t\t\t\t\t\t<p>Dipl\u00f4me de dentiste<\/p>\t\t\t\t\t\t\t\t<\/div>\n\t\t\t\t<\/div>\n\t\t\t\t<div class=\"elementor-element elementor-element-620ab81 elementor-widget elementor-widget-text-editor\" data-id=\"620ab81\" data-element_type=\"widget\" data-e-type=\"widget\" data-widget_type=\"text-editor.default\">\n\t\t\t\t<div class=\"elementor-widget-container\">\n\t\t\t\t\t\t\t\t\t<p>Universit\u00e9<strong> Aldent &#8211; Tirana<\/strong><\/p>\t\t\t\t\t\t\t\t<\/div>\n\t\t\t\t<\/div>\n\t\t\t\t<\/div>\n\t\t\t\t\t<\/div>\n\t\t\t\t<\/div>\n\t\t\t\t<\/div>\n\t\t","protected":false},"excerpt":{"rendered":"<p>Dr. Kristo Naska Dentiste Informations personnelles Nom complet : Kristo NaskaNationalit\u00e9 : AlbanaiseLangues parl\u00e9es : Albanais (langue maternelle), Italien, AnglaisFormation : Dipl\u00f4me de dentiste \u2013 Universit\u00e9 AldentSp\u00e9cialisations : Proth\u00e8ses dentaires, dentisterie proth\u00e9tiqueExp\u00e9rience : 5 ans d\u2019activit\u00e9 clinique et \u00e9ducative, avec des collaborations internationales Profil professionnel Le Dr Kristo Naska est [&hellip;]<\/p>\n","protected":false},"author":1,"featured_media":0,"parent":0,"menu_order":0,"comment_status":"closed","ping_status":"closed","template":"elementor_header_footer","meta":{"_acf_changed":false,"footnotes":""},"class_list":["post-7767","page","type-page","status-publish","hentry"],"acf":[],"yoast_head":"<!-- This site is optimized with the Yoast SEO Premium plugin v27.4 (Yoast SEO v27.4) - https:\/\/yoast.com\/product\/yoast-seo-premium-wordpress\/ -->\n<title>Dr Kristo Naska \u2013 Dentiste proth\u00e8ses dentaires Albanie<\/title>\n<meta name=\"description\" content=\"D\u00e9couvrez le Dr Kristo Naska, dentiste sp\u00e9cialis\u00e9 en proth\u00e8ses dentaires \u00e0 l\u2019H\u00f4pital Dentaire Radiance en Albanie. 5 ans d\u2019exp\u00e9rience, soins modernes et personnalis\u00e9s.\" \/>\n<meta name=\"robots\" content=\"index, follow, max-snippet:-1, max-image-preview:large, max-video-preview:-1\" \/>\n<link rel=\"canonical\" href=\"https:\/\/www.radiance.al\/fr\/dr-kristo-naska-dentiste-albanie\/\" \/>\n<meta property=\"og:locale\" content=\"fr_FR\" \/>\n<meta property=\"og:type\" content=\"article\" \/>\n<meta property=\"og:title\" content=\"Kristo Naska\" \/>\n<meta property=\"og:description\" content=\"D\u00e9couvrez le Dr Kristo Naska, dentiste sp\u00e9cialis\u00e9 en proth\u00e8ses dentaires \u00e0 l\u2019H\u00f4pital Dentaire Radiance en Albanie. 5 ans d\u2019exp\u00e9rience, soins modernes et personnalis\u00e9s.\" \/>\n<meta property=\"og:url\" content=\"https:\/\/www.radiance.al\/fr\/dr-kristo-naska-dentiste-albanie\/\" \/>\n<meta property=\"og:site_name\" content=\"RADIANCE.AL\" \/>\n<meta property=\"article:publisher\" content=\"https:\/\/www.instagram.com\/radiance_al\/?hl=en\" \/>\n<meta property=\"article:modified_time\" content=\"2025-09-15T09:37:08+00:00\" \/>\n<meta property=\"og:image\" content=\"https:\/\/www.radiance.al\/wp-content\/uploads\/2025\/05\/cjw.png\" \/>\n<meta name=\"twitter:card\" content=\"summary_large_image\" \/>\n<meta name=\"twitter:label1\" content=\"Dur\u00e9e de lecture estim\u00e9e\" \/>\n\t<meta name=\"twitter:data1\" content=\"2 minutes\" \/>\n<script type=\"application\/ld+json\" class=\"yoast-schema-graph\">{\"@context\":\"https:\\\/\\\/schema.org\",\"@graph\":[{\"@type\":\"WebPage\",\"@id\":\"https:\\\/\\\/www.radiance.al\\\/fr\\\/dr-kristo-naska-dentiste-albanie\\\/\",\"url\":\"https:\\\/\\\/www.radiance.al\\\/fr\\\/dr-kristo-naska-dentiste-albanie\\\/\",\"name\":\"Dr Kristo Naska \u2013 Dentiste proth\u00e8ses dentaires Albanie\",\"isPartOf\":{\"@id\":\"https:\\\/\\\/www.radiance.al\\\/fr\\\/#website\"},\"primaryImageOfPage\":{\"@id\":\"https:\\\/\\\/www.radiance.al\\\/fr\\\/dr-kristo-naska-dentiste-albanie\\\/#primaryimage\"},\"image\":{\"@id\":\"https:\\\/\\\/www.radiance.al\\\/fr\\\/dr-kristo-naska-dentiste-albanie\\\/#primaryimage\"},\"thumbnailUrl\":\"https:\\\/\\\/www.radiance.al\\\/wp-content\\\/uploads\\\/2025\\\/05\\\/cjw.png\",\"datePublished\":\"2025-05-16T11:18:35+00:00\",\"dateModified\":\"2025-09-15T09:37:08+00:00\",\"description\":\"D\u00e9couvrez le Dr Kristo Naska, dentiste sp\u00e9cialis\u00e9 en proth\u00e8ses dentaires \u00e0 l\u2019H\u00f4pital Dentaire Radiance en Albanie. 5 ans d\u2019exp\u00e9rience, soins modernes et personnalis\u00e9s.\",\"breadcrumb\":{\"@id\":\"https:\\\/\\\/www.radiance.al\\\/fr\\\/dr-kristo-naska-dentiste-albanie\\\/#breadcrumb\"},\"inLanguage\":\"fr-FR\",\"potentialAction\":[{\"@type\":\"ReadAction\",\"target\":[\"https:\\\/\\\/www.radiance.al\\\/fr\\\/dr-kristo-naska-dentiste-albanie\\\/\"]}]},{\"@type\":\"ImageObject\",\"inLanguage\":\"fr-FR\",\"@id\":\"https:\\\/\\\/www.radiance.al\\\/fr\\\/dr-kristo-naska-dentiste-albanie\\\/#primaryimage\",\"url\":\"https:\\\/\\\/www.radiance.al\\\/wp-content\\\/uploads\\\/2025\\\/05\\\/cjw.png\",\"contentUrl\":\"https:\\\/\\\/www.radiance.al\\\/wp-content\\\/uploads\\\/2025\\\/05\\\/cjw.png\"},{\"@type\":\"BreadcrumbList\",\"@id\":\"https:\\\/\\\/www.radiance.al\\\/fr\\\/dr-kristo-naska-dentiste-albanie\\\/#breadcrumb\",\"itemListElement\":[{\"@type\":\"ListItem\",\"position\":1,\"name\":\"Home\",\"item\":\"https:\\\/\\\/www.radiance.al\\\/fr\\\/\"},{\"@type\":\"ListItem\",\"position\":2,\"name\":\"Kristo Naska\"}]},{\"@type\":\"WebSite\",\"@id\":\"https:\\\/\\\/www.radiance.al\\\/fr\\\/#website\",\"url\":\"https:\\\/\\\/www.radiance.al\\\/fr\\\/\",\"name\":\"RADIANCE.AL\",\"description\":\"RADIANCE DENTAL HOSPITAL\",\"publisher\":{\"@id\":\"https:\\\/\\\/www.radiance.al\\\/fr\\\/#organization\"},\"potentialAction\":[{\"@type\":\"SearchAction\",\"target\":{\"@type\":\"EntryPoint\",\"urlTemplate\":\"https:\\\/\\\/www.radiance.al\\\/fr\\\/?s={search_term_string}\"},\"query-input\":{\"@type\":\"PropertyValueSpecification\",\"valueRequired\":true,\"valueName\":\"search_term_string\"}}],\"inLanguage\":\"fr-FR\"},{\"@type\":\"Organization\",\"@id\":\"https:\\\/\\\/www.radiance.al\\\/fr\\\/#organization\",\"name\":\"RADIANCE.AL\",\"alternateName\":\"Radiance Dental Hospital\",\"url\":\"https:\\\/\\\/www.radiance.al\\\/fr\\\/\",\"logo\":{\"@type\":\"ImageObject\",\"inLanguage\":\"fr-FR\",\"@id\":\"https:\\\/\\\/www.radiance.al\\\/fr\\\/#\\\/schema\\\/logo\\\/image\\\/\",\"url\":\"https:\\\/\\\/www.radiance.al\\\/wp-content\\\/uploads\\\/2025\\\/05\\\/faviconn.jpeg\",\"contentUrl\":\"https:\\\/\\\/www.radiance.al\\\/wp-content\\\/uploads\\\/2025\\\/05\\\/faviconn.jpeg\",\"width\":48,\"height\":48,\"caption\":\"RADIANCE.AL\"},\"image\":{\"@id\":\"https:\\\/\\\/www.radiance.al\\\/fr\\\/#\\\/schema\\\/logo\\\/image\\\/\"},\"sameAs\":[\"https:\\\/\\\/www.instagram.com\\\/radiance_al\\\/?hl=en\"],\"description\":\"\\\"Radiance Dental Hospital n\u00eb Shqip\u00ebri: spital dentar modern me teknologji 3D, implantologji, estetik\u00eb dhe specialist\u00eb me mbi 15 vite p\u00ebrvoj\u00eb. Prenoto konsult\u00ebn falas!\\\"\",\"email\":\"info@radiance.al\",\"telephone\":\"+355694799949\",\"legalName\":\"Radiance Dental Hospital\",\"foundingDate\":\"2025-03-18\",\"numberOfEmployees\":{\"@type\":\"QuantitativeValue\",\"minValue\":\"11\",\"maxValue\":\"50\"}}]}<\/script>\n<!-- \/ Yoast SEO Premium plugin. -->","yoast_head_json":{"title":"Dr Kristo Naska \u2013 Dentiste proth\u00e8ses dentaires Albanie","description":"D\u00e9couvrez le Dr Kristo Naska, dentiste sp\u00e9cialis\u00e9 en proth\u00e8ses dentaires \u00e0 l\u2019H\u00f4pital Dentaire Radiance en Albanie. 5 ans d\u2019exp\u00e9rience, soins modernes et personnalis\u00e9s.","robots":{"index":"index","follow":"follow","max-snippet":"max-snippet:-1","max-image-preview":"max-image-preview:large","max-video-preview":"max-video-preview:-1"},"canonical":"https:\/\/www.radiance.al\/fr\/dr-kristo-naska-dentiste-albanie\/","og_locale":"fr_FR","og_type":"article","og_title":"Kristo Naska","og_description":"D\u00e9couvrez le Dr Kristo Naska, dentiste sp\u00e9cialis\u00e9 en proth\u00e8ses dentaires \u00e0 l\u2019H\u00f4pital Dentaire Radiance en Albanie. 5 ans d\u2019exp\u00e9rience, soins modernes et personnalis\u00e9s.","og_url":"https:\/\/www.radiance.al\/fr\/dr-kristo-naska-dentiste-albanie\/","og_site_name":"RADIANCE.AL","article_publisher":"https:\/\/www.instagram.com\/radiance_al\/?hl=en","article_modified_time":"2025-09-15T09:37:08+00:00","og_image":[{"url":"https:\/\/www.radiance.al\/wp-content\/uploads\/2025\/05\/cjw.png","type":"","width":"","height":""}],"twitter_card":"summary_large_image","twitter_misc":{"Dur\u00e9e de lecture estim\u00e9e":"2 minutes"},"schema":{"@context":"https:\/\/schema.org","@graph":[{"@type":"WebPage","@id":"https:\/\/www.radiance.al\/fr\/dr-kristo-naska-dentiste-albanie\/","url":"https:\/\/www.radiance.al\/fr\/dr-kristo-naska-dentiste-albanie\/","name":"Dr Kristo Naska \u2013 Dentiste proth\u00e8ses dentaires Albanie","isPartOf":{"@id":"https:\/\/www.radiance.al\/fr\/#website"},"primaryImageOfPage":{"@id":"https:\/\/www.radiance.al\/fr\/dr-kristo-naska-dentiste-albanie\/#primaryimage"},"image":{"@id":"https:\/\/www.radiance.al\/fr\/dr-kristo-naska-dentiste-albanie\/#primaryimage"},"thumbnailUrl":"https:\/\/www.radiance.al\/wp-content\/uploads\/2025\/05\/cjw.png","datePublished":"2025-05-16T11:18:35+00:00","dateModified":"2025-09-15T09:37:08+00:00","description":"D\u00e9couvrez le Dr Kristo Naska, dentiste sp\u00e9cialis\u00e9 en proth\u00e8ses dentaires \u00e0 l\u2019H\u00f4pital Dentaire Radiance en Albanie. 5 ans d\u2019exp\u00e9rience, soins modernes et personnalis\u00e9s.","breadcrumb":{"@id":"https:\/\/www.radiance.al\/fr\/dr-kristo-naska-dentiste-albanie\/#breadcrumb"},"inLanguage":"fr-FR","potentialAction":[{"@type":"ReadAction","target":["https:\/\/www.radiance.al\/fr\/dr-kristo-naska-dentiste-albanie\/"]}]},{"@type":"ImageObject","inLanguage":"fr-FR","@id":"https:\/\/www.radiance.al\/fr\/dr-kristo-naska-dentiste-albanie\/#primaryimage","url":"https:\/\/www.radiance.al\/wp-content\/uploads\/2025\/05\/cjw.png","contentUrl":"https:\/\/www.radiance.al\/wp-content\/uploads\/2025\/05\/cjw.png"},{"@type":"BreadcrumbList","@id":"https:\/\/www.radiance.al\/fr\/dr-kristo-naska-dentiste-albanie\/#breadcrumb","itemListElement":[{"@type":"ListItem","position":1,"name":"Home","item":"https:\/\/www.radiance.al\/fr\/"},{"@type":"ListItem","position":2,"name":"Kristo Naska"}]},{"@type":"WebSite","@id":"https:\/\/www.radiance.al\/fr\/#website","url":"https:\/\/www.radiance.al\/fr\/","name":"RADIANCE.AL","description":"RADIANCE DENTAL HOSPITAL","publisher":{"@id":"https:\/\/www.radiance.al\/fr\/#organization"},"potentialAction":[{"@type":"SearchAction","target":{"@type":"EntryPoint","urlTemplate":"https:\/\/www.radiance.al\/fr\/?s={search_term_string}"},"query-input":{"@type":"PropertyValueSpecification","valueRequired":true,"valueName":"search_term_string"}}],"inLanguage":"fr-FR"},{"@type":"Organization","@id":"https:\/\/www.radiance.al\/fr\/#organization","name":"RADIANCE.AL","alternateName":"Radiance Dental Hospital","url":"https:\/\/www.radiance.al\/fr\/","logo":{"@type":"ImageObject","inLanguage":"fr-FR","@id":"https:\/\/www.radiance.al\/fr\/#\/schema\/logo\/image\/","url":"https:\/\/www.radiance.al\/wp-content\/uploads\/2025\/05\/faviconn.jpeg","contentUrl":"https:\/\/www.radiance.al\/wp-content\/uploads\/2025\/05\/faviconn.jpeg","width":48,"height":48,"caption":"RADIANCE.AL"},"image":{"@id":"https:\/\/www.radiance.al\/fr\/#\/schema\/logo\/image\/"},"sameAs":["https:\/\/www.instagram.com\/radiance_al\/?hl=en"],"description":"\"Radiance Dental Hospital n\u00eb Shqip\u00ebri: spital dentar modern me teknologji 3D, implantologji, estetik\u00eb dhe specialist\u00eb me mbi 15 vite p\u00ebrvoj\u00eb. Prenoto konsult\u00ebn falas!\"","email":"info@radiance.al","telephone":"+355694799949","legalName":"Radiance Dental Hospital","foundingDate":"2025-03-18","numberOfEmployees":{"@type":"QuantitativeValue","minValue":"11","maxValue":"50"}}]}},"_links":{"self":[{"href":"https:\/\/www.radiance.al\/fr\/wp-json\/wp\/v2\/pages\/7767","targetHints":{"allow":["GET"]}}],"collection":[{"href":"https:\/\/www.radiance.al\/fr\/wp-json\/wp\/v2\/pages"}],"about":[{"href":"https:\/\/www.radiance.al\/fr\/wp-json\/wp\/v2\/types\/page"}],"author":[{"embeddable":true,"href":"https:\/\/www.radiance.al\/fr\/wp-json\/wp\/v2\/users\/1"}],"replies":[{"embeddable":true,"href":"https:\/\/www.radiance.al\/fr\/wp-json\/wp\/v2\/comments?post=7767"}],"version-history":[{"count":0,"href":"https:\/\/www.radiance.al\/fr\/wp-json\/wp\/v2\/pages\/7767\/revisions"}],"wp:attachment":[{"href":"https:\/\/www.radiance.al\/fr\/wp-json\/wp\/v2\/media?parent=7767"}],"curies":[{"name":"wp","href":"https:\/\/api.w.org\/{rel}","templated":true}]}}