{"id":10058,"date":"2025-10-02T12:20:52","date_gmt":"2025-10-02T12:20:52","guid":{"rendered":"https:\/\/www.radiance.al\/ortodoncia\/"},"modified":"2025-10-09T10:43:03","modified_gmt":"2025-10-09T10:43:03","slug":"ortodoncia","status":"publish","type":"page","link":"https:\/\/www.radiance.al\/sq\/ortodoncia\/","title":{"rendered":"Ortodoncia"},"content":{"rendered":"\t\t<div data-elementor-type=\"wp-page\" data-elementor-id=\"10058\" class=\"elementor elementor-10058 elementor-9834\">\n\t\t\t\t<div class=\"elementor-element elementor-element-4671549 e-con-full e-flex e-con e-parent\" data-id=\"4671549\" data-element_type=\"container\" data-e-type=\"container\">\n\t\t<div class=\"elementor-element elementor-element-995d458 e-con-full e-flex e-con e-child\" data-id=\"995d458\" data-element_type=\"container\" data-e-type=\"container\">\n\t\t\t\t<div class=\"elementor-element elementor-element-05fb65b elementor-widget elementor-widget-spacer\" data-id=\"05fb65b\" data-element_type=\"widget\" data-e-type=\"widget\" data-widget_type=\"spacer.default\">\n\t\t\t\t<div class=\"elementor-widget-container\">\n\t\t\t\t\t\t\t<div class=\"elementor-spacer\">\n\t\t\t<div class=\"elementor-spacer-inner\"><\/div>\n\t\t<\/div>\n\t\t\t\t\t\t<\/div>\n\t\t\t\t<\/div>\n\t\t\t\t<div class=\"elementor-element elementor-element-f19e86d elementor-widget elementor-widget-image\" data-id=\"f19e86d\" data-element_type=\"widget\" data-e-type=\"widget\" data-widget_type=\"image.default\">\n\t\t\t\t<div class=\"elementor-widget-container\">\n\t\t\t\t\t\t\t\t\t\t\t\t<figure class=\"wp-caption\">\n\t\t\t\t\t\t\t\t\t\t<img fetchpriority=\"high\" decoding=\"async\" width=\"700\" height=\"875\" src=\"https:\/\/www.radiance.al\/wp-content\/uploads\/2025\/06\/ortodonzia-1.jpg\" class=\"attachment-full size-full wp-image-5818\" alt=\"Allineatore trasparente ortodontico in fase di applicazione \u2013 trattamento indicato anche in presenza di tasche parodontali, lieve riassorbimento osseo o disallineamenti funzionali\" srcset=\"https:\/\/www.radiance.al\/wp-content\/uploads\/2025\/06\/ortodonzia-1.jpg 700w, https:\/\/www.radiance.al\/wp-content\/uploads\/2025\/06\/ortodonzia-1-240x300.jpg 240w\" sizes=\"(max-width: 700px) 100vw, 700px\" \/>\t\t\t\t\t\t\t\t\t\t\t<figcaption class=\"widget-image-caption wp-caption-text\">Gli allineatori trasparenti possono essere utilizzati anche nei pazienti con segni diffusi di parodontite cronica o con lieve abbassamento dei bordi alveolari, sotto supervisione clinica esperta.\n<\/figcaption>\n\t\t\t\t\t\t\t\t\t\t<\/figure>\n\t\t\t\t\t\t\t\t\t<\/div>\n\t\t\t\t<\/div>\n\t\t\t\t<\/div>\n\t\t<div class=\"elementor-element elementor-element-d2c0a24 e-con-full e-flex e-con e-child\" data-id=\"d2c0a24\" data-element_type=\"container\" data-e-type=\"container\">\n\t\t\t\t<div class=\"elementor-element elementor-element-dee8b1f elementor-widget elementor-widget-heading\" data-id=\"dee8b1f\" data-element_type=\"widget\" data-e-type=\"widget\" data-widget_type=\"heading.default\">\n\t\t\t\t<div class=\"elementor-widget-container\">\n\t\t\t\t\t<h1 class=\"elementor-heading-title elementor-size-default\">Ortodoncia <\/h1>\t\t\t\t<\/div>\n\t\t\t\t<\/div>\n\t\t\t\t<div class=\"elementor-element elementor-element-8647591 elementor-widget elementor-widget-text-editor\" data-id=\"8647591\" data-element_type=\"widget\" data-e-type=\"widget\" data-widget_type=\"text-editor.default\">\n\t\t\t\t<div class=\"elementor-widget-container\">\n\t\t\t\t\t\t\t\t\t<p><span style=\"font-weight: 400;\">Dh\u00ebmb\u00ebt e drejt\u00eb nuk jan\u00eb vet\u00ebm nj\u00eb \u00e7\u00ebshtje estetike: ata p\u00ebrmir\u00ebsojn\u00eb<\/span><b> p\u00ebrtypjen, sh\u00ebndetin e mishrave t\u00eb dh\u00ebmb\u00ebve dhe q\u00ebndrimin e nofull\u00eb<\/b><span style=\"font-weight: 400;\">s<\/span><span style=\"font-weight: 400;\">.<\/span><br>\n  <span style=\"font-weight: 400;\">Me <\/span>\n  <b>ortodoncin\u00eb moderne <\/b>\n  <span style=\"font-weight: 400;\">t\u00eb Radiance Dental Hospital, mund t\u00eb arrish <\/span>\n  <b>nj\u00eb buz\u00ebqeshje perfekte <\/b>\n  <span style=\"font-weight: 400;\">pa b\u00ebr\u00eb kompromis me komoditetin apo estetik\u00ebn gjat\u00eb trajtimit.<\/span>\n<\/p>\t\t\t\t\t\t\t\t<\/div>\n\t\t\t\t<\/div>\n\t\t\t\t<div class=\"elementor-element elementor-element-8659c1b elementor-widget-divider--view-line elementor-widget elementor-widget-divider\" data-id=\"8659c1b\" data-element_type=\"widget\" data-e-type=\"widget\" data-widget_type=\"divider.default\">\n\t\t\t\t<div class=\"elementor-widget-container\">\n\t\t\t\t\t\t\t<div class=\"elementor-divider\">\n\t\t\t<span class=\"elementor-divider-separator\">\n\t\t\t\t\t\t<\/span>\n\t\t<\/div>\n\t\t\t\t\t\t<\/div>\n\t\t\t\t<\/div>\n\t\t\t\t<div class=\"elementor-element elementor-element-779288e elementor-widget elementor-widget-heading\" data-id=\"779288e\" data-element_type=\"widget\" data-e-type=\"widget\" data-widget_type=\"heading.default\">\n\t\t\t\t<div class=\"elementor-widget-container\">\n\t\t\t\t\t<h2 class=\"elementor-heading-title elementor-size-default\">Ortodonc\u00eb transparente (maskat e padukshme)<\/h2>\t\t\t\t<\/div>\n\t\t\t\t<\/div>\n\t\t\t\t<div class=\"elementor-element elementor-element-5d1b5f5 elementor-widget elementor-widget-text-editor\" data-id=\"5d1b5f5\" data-element_type=\"widget\" data-e-type=\"widget\" data-widget_type=\"text-editor.default\">\n\t\t\t\t<div class=\"elementor-widget-container\">\n\t\t\t\t\t\t\t\t\t<p><span style=\"font-weight: 400;\">Rreshtimi i dh\u00ebmb\u00ebve n\u00eb m\u00ebnyr\u00eb <\/span><b>diskrete dhe t\u00eb rehatshme<\/b><span style=\"font-weight: 400;\"> me maska transparente t\u00eb personalizuara. Ideale p\u00ebr t\u00eb rritur dhe adoleshent\u00eb q\u00eb duan rezultate efektive pa aparate t\u00eb dukshme. <\/span><\/p>\t\t\t\t\t\t\t\t<\/div>\n\t\t\t\t<\/div>\n\t\t\t\t<div class=\"elementor-element elementor-element-439b6ed elementor-widget elementor-widget-spacer\" data-id=\"439b6ed\" data-element_type=\"widget\" data-e-type=\"widget\" data-widget_type=\"spacer.default\">\n\t\t\t\t<div class=\"elementor-widget-container\">\n\t\t\t\t\t\t\t<div class=\"elementor-spacer\">\n\t\t\t<div class=\"elementor-spacer-inner\"><\/div>\n\t\t<\/div>\n\t\t\t\t\t\t<\/div>\n\t\t\t\t<\/div>\n\t\t\t\t<div class=\"elementor-element elementor-element-9393671 elementor-widget elementor-widget-heading\" data-id=\"9393671\" data-element_type=\"widget\" data-e-type=\"widget\" data-widget_type=\"heading.default\">\n\t\t\t\t<div class=\"elementor-widget-container\">\n\t\t\t\t\t<h2 class=\"elementor-heading-title elementor-size-default\">Aparate tradicionale dhe estetike t\u00eb fiksuara<\/h2>\t\t\t\t<\/div>\n\t\t\t\t<\/div>\n\t\t\t\t<div class=\"elementor-element elementor-element-b40942c elementor-widget elementor-widget-text-editor\" data-id=\"b40942c\" data-element_type=\"widget\" data-e-type=\"widget\" data-widget_type=\"text-editor.default\">\n\t\t\t\t<div class=\"elementor-widget-container\">\n\t\t\t\t\t\t\t\t\t<p><span style=\"font-weight: 400;\">Zgjidhje t\u00eb besueshme p\u00ebr l\u00ebvizje dentare m\u00eb komplekse, t\u00eb disponueshme edhe me <\/span><b>braketa estetike prej qeramike<\/b><span style=\"font-weight: 400;\">, m\u00eb diskrete se ato metalike.<\/span><\/p>\t\t\t\t\t\t\t\t<\/div>\n\t\t\t\t<\/div>\n\t\t\t\t<div class=\"elementor-element elementor-element-2574e80 elementor-widget elementor-widget-spacer\" data-id=\"2574e80\" data-element_type=\"widget\" data-e-type=\"widget\" data-widget_type=\"spacer.default\">\n\t\t\t\t<div class=\"elementor-widget-container\">\n\t\t\t\t\t\t\t<div class=\"elementor-spacer\">\n\t\t\t<div class=\"elementor-spacer-inner\"><\/div>\n\t\t<\/div>\n\t\t\t\t\t\t<\/div>\n\t\t\t\t<\/div>\n\t\t\t\t<div class=\"elementor-element elementor-element-e9fc9cf elementor-widget elementor-widget-heading\" data-id=\"e9fc9cf\" data-element_type=\"widget\" data-e-type=\"widget\" data-widget_type=\"heading.default\">\n\t\t\t\t<div class=\"elementor-widget-container\">\n\t\t\t\t\t<h2 class=\"elementor-heading-title elementor-size-default\">Ortodonc\u00eb parandaluese p\u00ebr f\u00ebmij\u00eb<\/h2>\t\t\t\t<\/div>\n\t\t\t\t<\/div>\n\t\t\t\t<div class=\"elementor-element elementor-element-4da0430 elementor-widget elementor-widget-text-editor\" data-id=\"4da0430\" data-element_type=\"widget\" data-e-type=\"widget\" data-widget_type=\"text-editor.default\">\n\t\t\t\t<div class=\"elementor-widget-container\">\n\t\t\t\t\t\t\t\t\t<p><span style=\"font-weight: 400;\">Diagnostikim i hersh\u00ebm dhe aparate funksionale p\u00ebr <\/span><b>t\u00eb udh\u00ebhequr zhvillimin e duhur t\u00eb nofull\u00ebs<\/b><span style=\"font-weight: 400;\"> dhe p\u00ebr t\u00eb parandaluar probleme n\u00eb t\u00eb ardhmen.<\/span><\/p>\t\t\t\t\t\t\t\t<\/div>\n\t\t\t\t<\/div>\n\t\t\t\t<div class=\"elementor-element elementor-element-3d16993 elementor-widget elementor-widget-spacer\" data-id=\"3d16993\" data-element_type=\"widget\" data-e-type=\"widget\" data-widget_type=\"spacer.default\">\n\t\t\t\t<div class=\"elementor-widget-container\">\n\t\t\t\t\t\t\t<div class=\"elementor-spacer\">\n\t\t\t<div class=\"elementor-spacer-inner\"><\/div>\n\t\t<\/div>\n\t\t\t\t\t\t<\/div>\n\t\t\t\t<\/div>\n\t\t\t\t<div class=\"elementor-element elementor-element-f5eced0 elementor-widget elementor-widget-heading\" data-id=\"f5eced0\" data-element_type=\"widget\" data-e-type=\"widget\" data-widget_type=\"heading.default\">\n\t\t\t\t<div class=\"elementor-widget-container\">\n\t\t\t\t\t<h2 class=\"elementor-heading-title elementor-size-default\">Teknologji dixhitale dhe personalizim<\/h2>\t\t\t\t<\/div>\n\t\t\t\t<\/div>\n\t\t\t\t<div class=\"elementor-element elementor-element-9a1c020 elementor-widget elementor-widget-text-editor\" data-id=\"9a1c020\" data-element_type=\"widget\" data-e-type=\"widget\" data-widget_type=\"text-editor.default\">\n\t\t\t\t<div class=\"elementor-widget-container\">\n\t\t\t\t\t\t\t\t\t<p><span style=\"font-weight: 400;\">Fal\u00eb <\/span><b>skaner\u00ebve 3D intraoral\u00eb<\/b><span style=\"font-weight: 400;\">, softuer\u00ebve t\u00eb avancuar dhe <\/span><b>planifikimit dixhital t\u00eb l\u00ebvizjeve dentare<\/b><span style=\"font-weight: 400;\">, mund t\u00eb ofrojm\u00eb nj\u00eb trajtim ortodontik t\u00eb personalizuar, m\u00eb t\u00eb shpejt\u00eb, m\u00eb preciz dhe m\u00eb t\u00eb rehatsh\u00ebm.<\/span><\/p>\t\t\t\t\t\t\t\t<\/div>\n\t\t\t\t<\/div>\n\t\t\t\t<div class=\"elementor-element elementor-element-757610c elementor-widget elementor-widget-spacer\" data-id=\"757610c\" data-element_type=\"widget\" data-e-type=\"widget\" data-widget_type=\"spacer.default\">\n\t\t\t\t<div class=\"elementor-widget-container\">\n\t\t\t\t\t\t\t<div class=\"elementor-spacer\">\n\t\t\t<div class=\"elementor-spacer-inner\"><\/div>\n\t\t<\/div>\n\t\t\t\t\t\t<\/div>\n\t\t\t\t<\/div>\n\t\t\t\t<div class=\"elementor-element elementor-element-0e8fafc elementor-widget elementor-widget-spacer\" data-id=\"0e8fafc\" data-element_type=\"widget\" data-e-type=\"widget\" data-widget_type=\"spacer.default\">\n\t\t\t\t<div class=\"elementor-widget-container\">\n\t\t\t\t\t\t\t<div class=\"elementor-spacer\">\n\t\t\t<div class=\"elementor-spacer-inner\"><\/div>\n\t\t<\/div>\n\t\t\t\t\t\t<\/div>\n\t\t\t\t<\/div>\n\t\t\t\t<\/div>\n\t\t\t\t<\/div>\n\t\t<div class=\"elementor-element elementor-element-37e889d e-flex e-con-boxed e-con e-parent\" data-id=\"37e889d\" data-element_type=\"container\" data-e-type=\"container\">\n\t\t\t\t\t<div class=\"e-con-inner\">\n\t\t\t\t<div class=\"elementor-element elementor-element-13452b7 elementor-align-center elementor-widget elementor-widget-button\" data-id=\"13452b7\" data-element_type=\"widget\" data-e-type=\"widget\" data-widget_type=\"button.default\">\n\t\t\t\t<div class=\"elementor-widget-container\">\n\t\t\t\t\t\t\t\t\t<div class=\"elementor-button-wrapper\">\n\t\t\t\t\t<a class=\"elementor-button elementor-button-link elementor-size-sm\" href=\"https:\/\/www.radiance.al\/sq\/na-kontaktoni\/\">\n\t\t\t\t\t\t<span class=\"elementor-button-content-wrapper\">\n\t\t\t\t\t\t\t\t\t<span class=\"elementor-button-text\">Vizit\u00eb falas<\/span>\n\t\t\t\t\t<\/span>\n\t\t\t\t\t<\/a>\n\t\t\t\t<\/div>\n\t\t\t\t\t\t\t\t<\/div>\n\t\t\t\t<\/div>\n\t\t\t\t<div class=\"elementor-element elementor-element-0272d98 elementor-widget elementor-widget-spacer\" data-id=\"0272d98\" data-element_type=\"widget\" data-e-type=\"widget\" data-widget_type=\"spacer.default\">\n\t\t\t\t<div class=\"elementor-widget-container\">\n\t\t\t\t\t\t\t<div class=\"elementor-spacer\">\n\t\t\t<div class=\"elementor-spacer-inner\"><\/div>\n\t\t<\/div>\n\t\t\t\t\t\t<\/div>\n\t\t\t\t<\/div>\n\t\t\t\t\t<\/div>\n\t\t\t\t<\/div>\n\t\t\t\t<\/div>\n\t\t","protected":false},"excerpt":{"rendered":"<p>Ortodoncia Dh\u00ebmb\u00ebt e drejt\u00eb nuk jan\u00eb vet\u00ebm nj\u00eb \u00e7\u00ebshtje estetike: ata p\u00ebrmir\u00ebsojn\u00eb p\u00ebrtypjen, sh\u00ebndetin e mishrave t\u00eb dh\u00ebmb\u00ebve dhe q\u00ebndrimin e nofull\u00ebs. Me ortodoncin\u00eb moderne t\u00eb Radiance Dental Hospital, mund t\u00eb arrish nj\u00eb buz\u00ebqeshje perfekte pa b\u00ebr\u00eb kompromis me komoditetin apo estetik\u00ebn gjat\u00eb trajtimit. Ortodonc\u00eb transparente (maskat e padukshme) Rreshtimi [&hellip;]<\/p>\n","protected":false},"author":6,"featured_media":4844,"parent":0,"menu_order":0,"comment_status":"closed","ping_status":"closed","template":"elementor_header_footer","meta":{"_acf_changed":false,"footnotes":""},"class_list":["post-10058","page","type-page","status-publish","has-post-thumbnail","hentry"],"acf":[],"yoast_head":"<!-- This site is optimized with the Yoast SEO Premium plugin v27.4 (Yoast SEO v27.4) - https:\/\/yoast.com\/product\/yoast-seo-premium-wordpress\/ -->\n<title>Trajtimi i periodontitit n\u00eb Shqip\u00ebri: trajtime efektive p\u00ebr mishrat e dh\u00ebmb\u00ebve t\u00eb sh\u00ebndetsh\u00ebm<\/title>\n<meta name=\"description\" content=\"Periodontologji te Radiance: kujdes p\u00ebr mishrat e dh\u00ebmb\u00ebve, trajtime p\u00ebr gingivitin dhe periodontitin, pastrime t\u00eb thella dhe terapi me lazer.\" \/>\n<meta name=\"robots\" content=\"index, follow, max-snippet:-1, max-image-preview:large, max-video-preview:-1\" \/>\n<link rel=\"canonical\" href=\"https:\/\/www.radiance.al\/sq\/ortodoncia\/\" \/>\n<meta property=\"og:locale\" content=\"sq_AL\" \/>\n<meta property=\"og:type\" content=\"article\" \/>\n<meta property=\"og:title\" content=\"Ortodoncia\" \/>\n<meta property=\"og:description\" content=\"Periodontologji te Radiance: kujdes p\u00ebr mishrat e dh\u00ebmb\u00ebve, trajtime p\u00ebr gingivitin dhe periodontitin, pastrime t\u00eb thella dhe terapi me lazer.\" \/>\n<meta property=\"og:url\" content=\"https:\/\/www.radiance.al\/sq\/ortodoncia\/\" \/>\n<meta property=\"og:site_name\" content=\"RADIANCE.AL\" \/>\n<meta property=\"article:publisher\" content=\"https:\/\/www.instagram.com\/radiance_al\/?hl=en\" \/>\n<meta property=\"article:modified_time\" content=\"2025-10-09T10:43:03+00:00\" \/>\n<meta property=\"og:image\" content=\"https:\/\/www.radiance.al\/wp-content\/uploads\/2025\/06\/parodontologia.jpg\" \/>\n\t<meta property=\"og:image:width\" content=\"1080\" \/>\n\t<meta property=\"og:image:height\" content=\"1350\" \/>\n\t<meta property=\"og:image:type\" content=\"image\/jpeg\" \/>\n<meta name=\"twitter:card\" content=\"summary_large_image\" \/>\n<meta name=\"twitter:label1\" content=\"Est. reading time\" \/>\n\t<meta name=\"twitter:data1\" content=\"2 minutes\" \/>\n<script type=\"application\/ld+json\" class=\"yoast-schema-graph\">{\"@context\":\"https:\\\/\\\/schema.org\",\"@graph\":[{\"@type\":\"WebPage\",\"@id\":\"https:\\\/\\\/www.radiance.al\\\/sq\\\/ortodoncia\\\/\",\"url\":\"https:\\\/\\\/www.radiance.al\\\/sq\\\/ortodoncia\\\/\",\"name\":\"Trajtimi i periodontitit n\u00eb Shqip\u00ebri: trajtime efektive p\u00ebr mishrat e dh\u00ebmb\u00ebve t\u00eb sh\u00ebndetsh\u00ebm\",\"isPartOf\":{\"@id\":\"https:\\\/\\\/www.radiance.al\\\/sq\\\/#website\"},\"primaryImageOfPage\":{\"@id\":\"https:\\\/\\\/www.radiance.al\\\/sq\\\/ortodoncia\\\/#primaryimage\"},\"image\":{\"@id\":\"https:\\\/\\\/www.radiance.al\\\/sq\\\/ortodoncia\\\/#primaryimage\"},\"thumbnailUrl\":\"https:\\\/\\\/www.radiance.al\\\/wp-content\\\/uploads\\\/2025\\\/06\\\/parodontologia.jpg\",\"datePublished\":\"2025-10-02T12:20:52+00:00\",\"dateModified\":\"2025-10-09T10:43:03+00:00\",\"description\":\"Periodontologji te Radiance: kujdes p\u00ebr mishrat e dh\u00ebmb\u00ebve, trajtime p\u00ebr gingivitin dhe periodontitin, pastrime t\u00eb thella dhe terapi me lazer.\",\"breadcrumb\":{\"@id\":\"https:\\\/\\\/www.radiance.al\\\/sq\\\/ortodoncia\\\/#breadcrumb\"},\"inLanguage\":\"sq-AL\",\"potentialAction\":[{\"@type\":\"ReadAction\",\"target\":[\"https:\\\/\\\/www.radiance.al\\\/sq\\\/ortodoncia\\\/\"]}]},{\"@type\":\"ImageObject\",\"inLanguage\":\"sq-AL\",\"@id\":\"https:\\\/\\\/www.radiance.al\\\/sq\\\/ortodoncia\\\/#primaryimage\",\"url\":\"https:\\\/\\\/www.radiance.al\\\/wp-content\\\/uploads\\\/2025\\\/06\\\/parodontologia.jpg\",\"contentUrl\":\"https:\\\/\\\/www.radiance.al\\\/wp-content\\\/uploads\\\/2025\\\/06\\\/parodontologia.jpg\",\"width\":1080,\"height\":1350,\"caption\":\"Eliminazione del tartaro e placca batterica per la prevenzione e cura della parodontite cronica e gengive infiammate\"},{\"@type\":\"BreadcrumbList\",\"@id\":\"https:\\\/\\\/www.radiance.al\\\/sq\\\/ortodoncia\\\/#breadcrumb\",\"itemListElement\":[{\"@type\":\"ListItem\",\"position\":1,\"name\":\"Home\",\"item\":\"https:\\\/\\\/www.radiance.al\\\/sq\\\/\"},{\"@type\":\"ListItem\",\"position\":2,\"name\":\"Ortodoncia\"}]},{\"@type\":\"WebSite\",\"@id\":\"https:\\\/\\\/www.radiance.al\\\/sq\\\/#website\",\"url\":\"https:\\\/\\\/www.radiance.al\\\/sq\\\/\",\"name\":\"RADIANCE.AL\",\"description\":\"RADIANCE DENTAL HOSPITAL\",\"publisher\":{\"@id\":\"https:\\\/\\\/www.radiance.al\\\/sq\\\/#organization\"},\"potentialAction\":[{\"@type\":\"SearchAction\",\"target\":{\"@type\":\"EntryPoint\",\"urlTemplate\":\"https:\\\/\\\/www.radiance.al\\\/sq\\\/?s={search_term_string}\"},\"query-input\":{\"@type\":\"PropertyValueSpecification\",\"valueRequired\":true,\"valueName\":\"search_term_string\"}}],\"inLanguage\":\"sq-AL\"},{\"@type\":\"Organization\",\"@id\":\"https:\\\/\\\/www.radiance.al\\\/sq\\\/#organization\",\"name\":\"RADIANCE.AL\",\"alternateName\":\"Radiance Dental Hospital\",\"url\":\"https:\\\/\\\/www.radiance.al\\\/sq\\\/\",\"logo\":{\"@type\":\"ImageObject\",\"inLanguage\":\"sq-AL\",\"@id\":\"https:\\\/\\\/www.radiance.al\\\/sq\\\/#\\\/schema\\\/logo\\\/image\\\/\",\"url\":\"https:\\\/\\\/www.radiance.al\\\/wp-content\\\/uploads\\\/2025\\\/05\\\/faviconn.jpeg\",\"contentUrl\":\"https:\\\/\\\/www.radiance.al\\\/wp-content\\\/uploads\\\/2025\\\/05\\\/faviconn.jpeg\",\"width\":48,\"height\":48,\"caption\":\"RADIANCE.AL\"},\"image\":{\"@id\":\"https:\\\/\\\/www.radiance.al\\\/sq\\\/#\\\/schema\\\/logo\\\/image\\\/\"},\"sameAs\":[\"https:\\\/\\\/www.instagram.com\\\/radiance_al\\\/?hl=en\"],\"description\":\"\\\"Radiance Dental Hospital n\u00eb Shqip\u00ebri: spital dentar modern me teknologji 3D, implantologji, estetik\u00eb dhe specialist\u00eb me mbi 15 vite p\u00ebrvoj\u00eb. Prenoto konsult\u00ebn falas!\\\"\",\"email\":\"info@radiance.al\",\"telephone\":\"+355694799949\",\"legalName\":\"Radiance Dental Hospital\",\"foundingDate\":\"2025-03-18\",\"numberOfEmployees\":{\"@type\":\"QuantitativeValue\",\"minValue\":\"11\",\"maxValue\":\"50\"}}]}<\/script>\n<!-- \/ Yoast SEO Premium plugin. -->","yoast_head_json":{"title":"Trajtimi i periodontitit n\u00eb Shqip\u00ebri: trajtime efektive p\u00ebr mishrat e dh\u00ebmb\u00ebve t\u00eb sh\u00ebndetsh\u00ebm","description":"Periodontologji te Radiance: kujdes p\u00ebr mishrat e dh\u00ebmb\u00ebve, trajtime p\u00ebr gingivitin dhe periodontitin, pastrime t\u00eb thella dhe terapi me lazer.","robots":{"index":"index","follow":"follow","max-snippet":"max-snippet:-1","max-image-preview":"max-image-preview:large","max-video-preview":"max-video-preview:-1"},"canonical":"https:\/\/www.radiance.al\/sq\/ortodoncia\/","og_locale":"sq_AL","og_type":"article","og_title":"Ortodoncia","og_description":"Periodontologji te Radiance: kujdes p\u00ebr mishrat e dh\u00ebmb\u00ebve, trajtime p\u00ebr gingivitin dhe periodontitin, pastrime t\u00eb thella dhe terapi me lazer.","og_url":"https:\/\/www.radiance.al\/sq\/ortodoncia\/","og_site_name":"RADIANCE.AL","article_publisher":"https:\/\/www.instagram.com\/radiance_al\/?hl=en","article_modified_time":"2025-10-09T10:43:03+00:00","og_image":[{"width":1080,"height":1350,"url":"https:\/\/www.radiance.al\/wp-content\/uploads\/2025\/06\/parodontologia.jpg","type":"image\/jpeg"}],"twitter_card":"summary_large_image","twitter_misc":{"Est. reading time":"2 minutes"},"schema":{"@context":"https:\/\/schema.org","@graph":[{"@type":"WebPage","@id":"https:\/\/www.radiance.al\/sq\/ortodoncia\/","url":"https:\/\/www.radiance.al\/sq\/ortodoncia\/","name":"Trajtimi i periodontitit n\u00eb Shqip\u00ebri: trajtime efektive p\u00ebr mishrat e dh\u00ebmb\u00ebve t\u00eb sh\u00ebndetsh\u00ebm","isPartOf":{"@id":"https:\/\/www.radiance.al\/sq\/#website"},"primaryImageOfPage":{"@id":"https:\/\/www.radiance.al\/sq\/ortodoncia\/#primaryimage"},"image":{"@id":"https:\/\/www.radiance.al\/sq\/ortodoncia\/#primaryimage"},"thumbnailUrl":"https:\/\/www.radiance.al\/wp-content\/uploads\/2025\/06\/parodontologia.jpg","datePublished":"2025-10-02T12:20:52+00:00","dateModified":"2025-10-09T10:43:03+00:00","description":"Periodontologji te Radiance: kujdes p\u00ebr mishrat e dh\u00ebmb\u00ebve, trajtime p\u00ebr gingivitin dhe periodontitin, pastrime t\u00eb thella dhe terapi me lazer.","breadcrumb":{"@id":"https:\/\/www.radiance.al\/sq\/ortodoncia\/#breadcrumb"},"inLanguage":"sq-AL","potentialAction":[{"@type":"ReadAction","target":["https:\/\/www.radiance.al\/sq\/ortodoncia\/"]}]},{"@type":"ImageObject","inLanguage":"sq-AL","@id":"https:\/\/www.radiance.al\/sq\/ortodoncia\/#primaryimage","url":"https:\/\/www.radiance.al\/wp-content\/uploads\/2025\/06\/parodontologia.jpg","contentUrl":"https:\/\/www.radiance.al\/wp-content\/uploads\/2025\/06\/parodontologia.jpg","width":1080,"height":1350,"caption":"Eliminazione del tartaro e placca batterica per la prevenzione e cura della parodontite cronica e gengive infiammate"},{"@type":"BreadcrumbList","@id":"https:\/\/www.radiance.al\/sq\/ortodoncia\/#breadcrumb","itemListElement":[{"@type":"ListItem","position":1,"name":"Home","item":"https:\/\/www.radiance.al\/sq\/"},{"@type":"ListItem","position":2,"name":"Ortodoncia"}]},{"@type":"WebSite","@id":"https:\/\/www.radiance.al\/sq\/#website","url":"https:\/\/www.radiance.al\/sq\/","name":"RADIANCE.AL","description":"RADIANCE DENTAL HOSPITAL","publisher":{"@id":"https:\/\/www.radiance.al\/sq\/#organization"},"potentialAction":[{"@type":"SearchAction","target":{"@type":"EntryPoint","urlTemplate":"https:\/\/www.radiance.al\/sq\/?s={search_term_string}"},"query-input":{"@type":"PropertyValueSpecification","valueRequired":true,"valueName":"search_term_string"}}],"inLanguage":"sq-AL"},{"@type":"Organization","@id":"https:\/\/www.radiance.al\/sq\/#organization","name":"RADIANCE.AL","alternateName":"Radiance Dental Hospital","url":"https:\/\/www.radiance.al\/sq\/","logo":{"@type":"ImageObject","inLanguage":"sq-AL","@id":"https:\/\/www.radiance.al\/sq\/#\/schema\/logo\/image\/","url":"https:\/\/www.radiance.al\/wp-content\/uploads\/2025\/05\/faviconn.jpeg","contentUrl":"https:\/\/www.radiance.al\/wp-content\/uploads\/2025\/05\/faviconn.jpeg","width":48,"height":48,"caption":"RADIANCE.AL"},"image":{"@id":"https:\/\/www.radiance.al\/sq\/#\/schema\/logo\/image\/"},"sameAs":["https:\/\/www.instagram.com\/radiance_al\/?hl=en"],"description":"\"Radiance Dental Hospital n\u00eb Shqip\u00ebri: spital dentar modern me teknologji 3D, implantologji, estetik\u00eb dhe specialist\u00eb me mbi 15 vite p\u00ebrvoj\u00eb. Prenoto konsult\u00ebn falas!\"","email":"info@radiance.al","telephone":"+355694799949","legalName":"Radiance Dental Hospital","foundingDate":"2025-03-18","numberOfEmployees":{"@type":"QuantitativeValue","minValue":"11","maxValue":"50"}}]}},"_links":{"self":[{"href":"https:\/\/www.radiance.al\/sq\/wp-json\/wp\/v2\/pages\/10058","targetHints":{"allow":["GET"]}}],"collection":[{"href":"https:\/\/www.radiance.al\/sq\/wp-json\/wp\/v2\/pages"}],"about":[{"href":"https:\/\/www.radiance.al\/sq\/wp-json\/wp\/v2\/types\/page"}],"author":[{"embeddable":true,"href":"https:\/\/www.radiance.al\/sq\/wp-json\/wp\/v2\/users\/6"}],"replies":[{"embeddable":true,"href":"https:\/\/www.radiance.al\/sq\/wp-json\/wp\/v2\/comments?post=10058"}],"version-history":[{"count":13,"href":"https:\/\/www.radiance.al\/sq\/wp-json\/wp\/v2\/pages\/10058\/revisions"}],"predecessor-version":[{"id":11250,"href":"https:\/\/www.radiance.al\/sq\/wp-json\/wp\/v2\/pages\/10058\/revisions\/11250"}],"wp:featuredmedia":[{"embeddable":true,"href":"https:\/\/www.radiance.al\/sq\/wp-json\/wp\/v2\/media\/4844"}],"wp:attachment":[{"href":"https:\/\/www.radiance.al\/sq\/wp-json\/wp\/v2\/media?parent=10058"}],"curies":[{"name":"wp","href":"https:\/\/api.w.org\/{rel}","templated":true}]}}