{"id":10091,"date":"2025-10-02T08:34:53","date_gmt":"2025-10-02T08:34:53","guid":{"rendered":"https:\/\/www.radiance.al\/all-on-4\/"},"modified":"2025-10-05T14:30:29","modified_gmt":"2025-10-05T14:30:29","slug":"all-on-4","status":"publish","type":"page","link":"https:\/\/www.radiance.al\/sq\/all-on-4\/","title":{"rendered":"All on 4"},"content":{"rendered":"\t\t<div data-elementor-type=\"wp-page\" data-elementor-id=\"10091\" class=\"elementor elementor-10091 elementor-9823\">\n\t\t\t\t<div class=\"elementor-element elementor-element-7d36a52 e-con-full e-flex e-con e-parent\" data-id=\"7d36a52\" data-element_type=\"container\" data-e-type=\"container\">\n\t\t<div class=\"elementor-element elementor-element-b1c4fe6 e-con-full e-flex e-con e-child\" data-id=\"b1c4fe6\" data-element_type=\"container\" data-e-type=\"container\">\n\t\t\t\t<div class=\"elementor-element elementor-element-dbf6b82 elementor-widget elementor-widget-spacer\" data-id=\"dbf6b82\" data-element_type=\"widget\" data-e-type=\"widget\" data-widget_type=\"spacer.default\">\n\t\t\t\t<div class=\"elementor-widget-container\">\n\t\t\t\t\t\t\t<div class=\"elementor-spacer\">\n\t\t\t<div class=\"elementor-spacer-inner\"><\/div>\n\t\t<\/div>\n\t\t\t\t\t\t<\/div>\n\t\t\t\t<\/div>\n\t\t\t\t<div class=\"elementor-element elementor-element-cde9034 elementor-widget elementor-widget-html\" data-id=\"cde9034\" data-element_type=\"widget\" data-e-type=\"widget\" data-widget_type=\"html.default\">\n\t\t\t\t<div class=\"elementor-widget-container\">\n\t\t\t\t\t<video id=\"my_hls_video\" autoplay=\"\" muted=\"\" loop=\"\" playsinline=\"\" style=\"width:100%;height:auto;\"><\/video>\r\n<script src=\"https:\/\/cdn.jsdelivr.net\/npm\/hls.js@latest\"><\/script>\r\n<script>\r\n  var video = document.getElementById('my_hls_video');\r\n  var videoSrc = 'https:\/\/vz-eb18f8bd-faa.b-cdn.net\/d747575f-c74e-4dbc-a0cb-85de228548a9\/playlist.m3u8';\r\n\r\n  if (video.canPlayType('application\/vnd.apple.mpegurl')) {\r\n    \/\/ Native HLS support (Safari, iOS)\r\n    video.src = videoSrc;\r\n  } else if (Hls.isSupported()) {\r\n    \/\/ hls.js for other browsers (Chrome, Firefox, Edge)\r\n    var hls = new Hls();\r\n    hls.loadSource(videoSrc);\r\n    hls.attachMedia(video);\r\n  } else {\r\n    \/\/ HLS not supported in this browser\r\n    video.outerHTML = '<p>Your browser does not support HLS playback.<\/p>';\r\n  }\r\n<\/script>\t\t\t\t<\/div>\n\t\t\t\t<\/div>\n\t\t\t\t<\/div>\n\t\t<div class=\"elementor-element elementor-element-2209b26 e-con-full e-flex e-con e-child\" data-id=\"2209b26\" data-element_type=\"container\" data-e-type=\"container\">\n\t\t\t\t<div class=\"elementor-element elementor-element-479eb55 elementor-widget elementor-widget-heading\" data-id=\"479eb55\" data-element_type=\"widget\" data-e-type=\"widget\" data-widget_type=\"heading.default\">\n\t\t\t\t<div class=\"elementor-widget-container\">\n\t\t\t\t\t<h1 class=\"elementor-heading-title elementor-size-default\">All on 4<\/h1>\t\t\t\t<\/div>\n\t\t\t\t<\/div>\n\t\t\t\t<div class=\"elementor-element elementor-element-4922aa5 elementor-widget elementor-widget-text-editor\" data-id=\"4922aa5\" data-element_type=\"widget\" data-e-type=\"widget\" data-widget_type=\"text-editor.default\">\n\t\t\t\t<div class=\"elementor-widget-container\">\n\t\t\t\t\t\t\t\t\t<p>Teknika <strong data-start=\"413\" data-end=\"425\">All-on-4<\/strong> p\u00ebrfaq\u00ebson nj\u00eb nga zgjidhjet m\u00eb inovative dhe t\u00eb besueshme n\u00eb <strong data-start=\"491\" data-end=\"524\">implantologjin\u00eb moderne dentare<\/strong> . Ideale p\u00ebr ata q\u00eb kan\u00eb humbur t\u00eb gjith\u00eb dh\u00ebmb\u00ebt n\u00eb nj\u00eb hark (sip\u00ebrm, t\u00eb posht\u00ebm ose t\u00eb dy), ajo ju lejon t\u00eb <strong data-start=\"624\" data-end=\"686\">riktheni estetik\u00ebn dhe funksionalitetin me nj\u00eb protez\u00eb fikse<\/strong> t\u00eb mb\u00ebshtetur nga vet\u00ebm kat\u00ebr implante dentare. <\/p>\t\t\t\t\t\t\t\t<\/div>\n\t\t\t\t<\/div>\n\t\t\t\t<div class=\"elementor-element elementor-element-2989f04 elementor-widget-divider--view-line elementor-widget elementor-widget-divider\" data-id=\"2989f04\" data-element_type=\"widget\" data-e-type=\"widget\" data-widget_type=\"divider.default\">\n\t\t\t\t<div class=\"elementor-widget-container\">\n\t\t\t\t\t\t\t<div class=\"elementor-divider\">\n\t\t\t<span class=\"elementor-divider-separator\">\n\t\t\t\t\t\t<\/span>\n\t\t<\/div>\n\t\t\t\t\t\t<\/div>\n\t\t\t\t<\/div>\n\t\t\t\t<div class=\"elementor-element elementor-element-82eff1c elementor-widget elementor-widget-heading\" data-id=\"82eff1c\" data-element_type=\"widget\" data-e-type=\"widget\" data-widget_type=\"heading.default\">\n\t\t\t\t<div class=\"elementor-widget-container\">\n\t\t\t\t\t<h2 class=\"elementor-heading-title elementor-size-default\"><b>Stabilitet maksimal me m\u00eb pak implante<\/b><\/h2>\t\t\t\t<\/div>\n\t\t\t\t<\/div>\n\t\t\t\t<div class=\"elementor-element elementor-element-56069ff elementor-widget elementor-widget-text-editor\" data-id=\"56069ff\" data-element_type=\"widget\" data-e-type=\"widget\" data-widget_type=\"text-editor.default\">\n\t\t\t\t<div class=\"elementor-widget-container\">\n\t\t\t\t\t\t\t\t\t<p data-start=\"782\" data-end=\"967\">Vet\u00ebm kat\u00ebr implante t\u00eb vendosura strategjikisht jan\u00eb t\u00eb mjaftueshme p\u00ebr t\u00eb mb\u00ebshtetur nj\u00eb hark t\u00eb t\u00ebr\u00eb dentar, duke zvog\u00ebluar <strong data-start=\"899\" data-end=\"928\">koh\u00ebn, kostot dhe invazivitetin<\/strong> krahasuar me teknikat tradicionale.<\/p>\t\t\t\t\t\t\t\t<\/div>\n\t\t\t\t<\/div>\n\t\t\t\t<div class=\"elementor-element elementor-element-da73901 elementor-widget elementor-widget-spacer\" data-id=\"da73901\" data-element_type=\"widget\" data-e-type=\"widget\" data-widget_type=\"spacer.default\">\n\t\t\t\t<div class=\"elementor-widget-container\">\n\t\t\t\t\t\t\t<div class=\"elementor-spacer\">\n\t\t\t<div class=\"elementor-spacer-inner\"><\/div>\n\t\t<\/div>\n\t\t\t\t\t\t<\/div>\n\t\t\t\t<\/div>\n\t\t\t\t<div class=\"elementor-element elementor-element-d133deb elementor-widget elementor-widget-heading\" data-id=\"d133deb\" data-element_type=\"widget\" data-e-type=\"widget\" data-widget_type=\"heading.default\">\n\t\t\t\t<div class=\"elementor-widget-container\">\n\t\t\t\t\t<h2 class=\"elementor-heading-title elementor-size-default\"><b>Estetik\u00eb natyrale dhe e menj\u00ebhershme<\/b><\/h2>\t\t\t\t<\/div>\n\t\t\t\t<\/div>\n\t\t\t\t<div class=\"elementor-element elementor-element-8ab2ff0 elementor-widget elementor-widget-text-editor\" data-id=\"8ab2ff0\" data-element_type=\"widget\" data-e-type=\"widget\" data-widget_type=\"text-editor.default\">\n\t\t\t\t<div class=\"elementor-widget-container\">\n\t\t\t\t\t\t\t\t\t<p data-start=\"1010\" data-end=\"1137\">Rezultati \u00ebsht\u00eb nj\u00eb <strong data-start=\"1028\" data-end=\"1064\">buz\u00ebqeshje e fiksuar, e bukur dhe harmonike<\/strong> , e cila p\u00ebrmir\u00ebson menj\u00ebher\u00eb <strong data-start=\"1094\" data-end=\"1121\">pamjen dhe vet\u00ebvler\u00ebsimin e pacientit<\/strong> .<\/p>\t\t\t\t\t\t\t\t<\/div>\n\t\t\t\t<\/div>\n\t\t\t\t<div class=\"elementor-element elementor-element-5efe660 elementor-widget elementor-widget-spacer\" data-id=\"5efe660\" data-element_type=\"widget\" data-e-type=\"widget\" data-widget_type=\"spacer.default\">\n\t\t\t\t<div class=\"elementor-widget-container\">\n\t\t\t\t\t\t\t<div class=\"elementor-spacer\">\n\t\t\t<div class=\"elementor-spacer-inner\"><\/div>\n\t\t<\/div>\n\t\t\t\t\t\t<\/div>\n\t\t\t\t<\/div>\n\t\t\t\t<div class=\"elementor-element elementor-element-03feefa elementor-widget elementor-widget-heading\" data-id=\"03feefa\" data-element_type=\"widget\" data-e-type=\"widget\" data-widget_type=\"heading.default\">\n\t\t\t\t<div class=\"elementor-widget-container\">\n\t\t\t\t\t<h2 class=\"elementor-heading-title elementor-size-default\"><b>Kirurgji minimalisht invazive<\/b><\/h2>\t\t\t\t<\/div>\n\t\t\t\t<\/div>\n\t\t\t\t<div class=\"elementor-element elementor-element-f0b7c55 elementor-widget elementor-widget-text-editor\" data-id=\"f0b7c55\" data-element_type=\"widget\" data-e-type=\"widget\" data-widget_type=\"text-editor.default\">\n\t\t\t\t<div class=\"elementor-widget-container\">\n\t\t\t\t\t\t\t\t\t<p data-start=\"1181\" data-end=\"1335\">Fal\u00eb <strong data-start=\"1193\" data-end=\"1220\">planifikimit dixhital<\/strong> dhe <strong data-start=\"1228\" data-end=\"1249\">kirurgjis\u00eb s\u00eb udh\u00ebhequr<\/strong> , procedura \u00ebsht\u00eb e sakt\u00eb, e shpejt\u00eb dhe ofron nj\u00eb rikuperim m\u00eb t\u00eb rehatsh\u00ebm pas operacionit.<\/p>\t\t\t\t\t\t\t\t<\/div>\n\t\t\t\t<\/div>\n\t\t\t\t<div class=\"elementor-element elementor-element-f59f4e0 elementor-widget elementor-widget-spacer\" data-id=\"f59f4e0\" data-element_type=\"widget\" data-e-type=\"widget\" data-widget_type=\"spacer.default\">\n\t\t\t\t<div class=\"elementor-widget-container\">\n\t\t\t\t\t\t\t<div class=\"elementor-spacer\">\n\t\t\t<div class=\"elementor-spacer-inner\"><\/div>\n\t\t<\/div>\n\t\t\t\t\t\t<\/div>\n\t\t\t\t<\/div>\n\t\t\t\t<\/div>\n\t\t\t\t<\/div>\n\t\t<div class=\"elementor-element elementor-element-ab4c106 e-flex e-con-boxed e-con e-parent\" data-id=\"ab4c106\" data-element_type=\"container\" data-e-type=\"container\">\n\t\t\t\t\t<div class=\"e-con-inner\">\n\t\t\t\t<div class=\"elementor-element elementor-element-c4b4f40 elementor-align-center elementor-widget elementor-widget-button\" data-id=\"c4b4f40\" data-element_type=\"widget\" data-e-type=\"widget\" data-widget_type=\"button.default\">\n\t\t\t\t<div class=\"elementor-widget-container\">\n\t\t\t\t\t\t\t\t\t<div class=\"elementor-button-wrapper\">\n\t\t\t\t\t<a class=\"elementor-button elementor-button-link elementor-size-sm\" href=\"https:\/\/www.radiance.al\/sq\/na-kontaktoni\/\">\n\t\t\t\t\t\t<span class=\"elementor-button-content-wrapper\">\n\t\t\t\t\t\t\t\t\t<span class=\"elementor-button-text\">Vizit\u00eb falas<\/span>\n\t\t\t\t\t<\/span>\n\t\t\t\t\t<\/a>\n\t\t\t\t<\/div>\n\t\t\t\t\t\t\t\t<\/div>\n\t\t\t\t<\/div>\n\t\t\t\t<div class=\"elementor-element elementor-element-b6e8f3b elementor-widget elementor-widget-spacer\" data-id=\"b6e8f3b\" data-element_type=\"widget\" data-e-type=\"widget\" data-widget_type=\"spacer.default\">\n\t\t\t\t<div class=\"elementor-widget-container\">\n\t\t\t\t\t\t\t<div class=\"elementor-spacer\">\n\t\t\t<div class=\"elementor-spacer-inner\"><\/div>\n\t\t<\/div>\n\t\t\t\t\t\t<\/div>\n\t\t\t\t<\/div>\n\t\t\t\t\t<\/div>\n\t\t\t\t<\/div>\n\t\t\t\t<\/div>\n\t\t","protected":false},"excerpt":{"rendered":"<p>All on 4 Teknika All-on-4 p\u00ebrfaq\u00ebson nj\u00eb nga zgjidhjet m\u00eb inovative dhe t\u00eb besueshme n\u00eb implantologjin\u00eb moderne dentare . Ideale p\u00ebr ata q\u00eb kan\u00eb humbur t\u00eb gjith\u00eb dh\u00ebmb\u00ebt n\u00eb nj\u00eb hark (sip\u00ebrm, t\u00eb posht\u00ebm ose t\u00eb dy), ajo ju lejon t\u00eb riktheni estetik\u00ebn dhe funksionalitetin me nj\u00eb protez\u00eb fikse t\u00eb [&hellip;]<\/p>\n","protected":false},"author":6,"featured_media":5102,"parent":0,"menu_order":1,"comment_status":"closed","ping_status":"closed","template":"elementor_header_footer","meta":{"_acf_changed":false,"footnotes":""},"class_list":["post-10091","page","type-page","status-publish","has-post-thumbnail","hentry"],"acf":[],"yoast_head":"<!-- This site is optimized with the Yoast SEO Premium plugin v27.4 (Yoast SEO v27.4) - https:\/\/yoast.com\/product\/yoast-seo-premium-wordpress\/ -->\n<title>All-on-4 n\u00eb Tiran\u00eb \u2013 4 implante p\u00ebr nj\u00eb buz\u00ebqeshje fikse nga Radiance<\/title>\n<meta name=\"description\" content=\"All-on-4 me vet\u00ebm 4 implante p\u00ebr hark t\u00eb plot\u00eb: trajtim i shpejt\u00eb, mbushje e menj\u00ebhershme dhe buz\u00ebqeshje fikse. Ofrohet nga Radiance Dental Tirana me vizit\u00eb falas dhe paket\u00eb gjith\u00ebp\u00ebrfshir\u00ebse.\" \/>\n<meta name=\"robots\" content=\"index, follow, max-snippet:-1, max-image-preview:large, max-video-preview:-1\" \/>\n<link rel=\"canonical\" href=\"https:\/\/www.radiance.al\/sq\/all-on-4\/\" \/>\n<meta property=\"og:locale\" content=\"sq_AL\" \/>\n<meta property=\"og:type\" content=\"article\" \/>\n<meta property=\"og:title\" content=\"All-on-4 n\u00eb Tiran\u00eb \u2013 zgjidhje fikse me 4 implante dentare\" \/>\n<meta property=\"og:description\" content=\"Radiance Dental ofron teknik\u00ebn All-on-4: hark i plot\u00eb dentar me vet\u00ebm 4 implante, teknologji t\u00eb p\u00ebrparuar, rezultate natyrale dhe paketa p\u00ebr pacient\u00eb nd\u00ebrkomb\u00ebtar\u00eb.\" \/>\n<meta property=\"og:url\" content=\"https:\/\/www.radiance.al\/sq\/all-on-4\/\" \/>\n<meta property=\"og:site_name\" content=\"RADIANCE.AL\" \/>\n<meta property=\"article:publisher\" content=\"https:\/\/www.instagram.com\/radiance_al\/?hl=en\" \/>\n<meta property=\"article:modified_time\" content=\"2025-10-05T14:30:29+00:00\" \/>\n<meta property=\"og:image\" content=\"https:\/\/www.radiance.al\/wp-content\/uploads\/2025\/06\/All-on-4-Impianti-Dentali.png\" \/>\n\t<meta property=\"og:image:width\" content=\"1080\" \/>\n\t<meta property=\"og:image:height\" content=\"1080\" \/>\n\t<meta property=\"og:image:type\" content=\"image\/png\" \/>\n<meta name=\"twitter:card\" content=\"summary_large_image\" \/>\n<meta name=\"twitter:title\" content=\"All-on-4 n\u00eb Tiran\u00eb \u2013 4 implante p\u00ebr nj\u00eb buz\u00ebqeshje fikse nga Radiance\" \/>\n<meta name=\"twitter:description\" content=\"Vet\u00ebm 4 implante p\u00ebr nj\u00eb hark t\u00eb plot\u00eb dhe t\u00eb q\u00ebndruesh\u00ebm. Zbuloni All-on-4 nga Radiance Dental Tirana: teknologji e p\u00ebrparuar dhe paket\u00eb gjith\u00ebp\u00ebrfshir\u00ebse.\" \/>\n<meta name=\"twitter:label1\" content=\"Est. reading time\" \/>\n\t<meta name=\"twitter:data1\" content=\"1 minute\" \/>\n<script type=\"application\/ld+json\" class=\"yoast-schema-graph\">{\"@context\":\"https:\\\/\\\/schema.org\",\"@graph\":[{\"@type\":\"WebPage\",\"@id\":\"https:\\\/\\\/www.radiance.al\\\/sq\\\/all-on-4\\\/\",\"url\":\"https:\\\/\\\/www.radiance.al\\\/sq\\\/all-on-4\\\/\",\"name\":\"All-on-4 n\u00eb Tiran\u00eb \u2013 4 implante p\u00ebr nj\u00eb buz\u00ebqeshje fikse nga Radiance\",\"isPartOf\":{\"@id\":\"https:\\\/\\\/www.radiance.al\\\/sq\\\/#website\"},\"primaryImageOfPage\":{\"@id\":\"https:\\\/\\\/www.radiance.al\\\/sq\\\/all-on-4\\\/#primaryimage\"},\"image\":{\"@id\":\"https:\\\/\\\/www.radiance.al\\\/sq\\\/all-on-4\\\/#primaryimage\"},\"thumbnailUrl\":\"https:\\\/\\\/www.radiance.al\\\/wp-content\\\/uploads\\\/2025\\\/06\\\/All-on-4-Impianti-Dentali.png\",\"datePublished\":\"2025-10-02T08:34:53+00:00\",\"dateModified\":\"2025-10-05T14:30:29+00:00\",\"description\":\"All-on-4 me vet\u00ebm 4 implante p\u00ebr hark t\u00eb plot\u00eb: trajtim i shpejt\u00eb, mbushje e menj\u00ebhershme dhe buz\u00ebqeshje fikse. Ofrohet nga Radiance Dental Tirana me vizit\u00eb falas dhe paket\u00eb gjith\u00ebp\u00ebrfshir\u00ebse.\",\"breadcrumb\":{\"@id\":\"https:\\\/\\\/www.radiance.al\\\/sq\\\/all-on-4\\\/#breadcrumb\"},\"inLanguage\":\"sq-AL\",\"potentialAction\":[{\"@type\":\"ReadAction\",\"target\":[\"https:\\\/\\\/www.radiance.al\\\/sq\\\/all-on-4\\\/\"]}]},{\"@type\":\"ImageObject\",\"inLanguage\":\"sq-AL\",\"@id\":\"https:\\\/\\\/www.radiance.al\\\/sq\\\/all-on-4\\\/#primaryimage\",\"url\":\"https:\\\/\\\/www.radiance.al\\\/wp-content\\\/uploads\\\/2025\\\/06\\\/All-on-4-Impianti-Dentali.png\",\"contentUrl\":\"https:\\\/\\\/www.radiance.al\\\/wp-content\\\/uploads\\\/2025\\\/06\\\/All-on-4-Impianti-Dentali.png\",\"width\":1080,\"height\":1080,\"caption\":\"Sorridi di nuovo con 12 impianti premium e 24 corone full zirconio \u2013 tutto incluso con Radiance Dental Hospital!\"},{\"@type\":\"BreadcrumbList\",\"@id\":\"https:\\\/\\\/www.radiance.al\\\/sq\\\/all-on-4\\\/#breadcrumb\",\"itemListElement\":[{\"@type\":\"ListItem\",\"position\":1,\"name\":\"Home\",\"item\":\"https:\\\/\\\/www.radiance.al\\\/sq\\\/\"},{\"@type\":\"ListItem\",\"position\":2,\"name\":\"All on 4\"}]},{\"@type\":\"WebSite\",\"@id\":\"https:\\\/\\\/www.radiance.al\\\/sq\\\/#website\",\"url\":\"https:\\\/\\\/www.radiance.al\\\/sq\\\/\",\"name\":\"RADIANCE.AL\",\"description\":\"RADIANCE DENTAL HOSPITAL\",\"publisher\":{\"@id\":\"https:\\\/\\\/www.radiance.al\\\/sq\\\/#organization\"},\"potentialAction\":[{\"@type\":\"SearchAction\",\"target\":{\"@type\":\"EntryPoint\",\"urlTemplate\":\"https:\\\/\\\/www.radiance.al\\\/sq\\\/?s={search_term_string}\"},\"query-input\":{\"@type\":\"PropertyValueSpecification\",\"valueRequired\":true,\"valueName\":\"search_term_string\"}}],\"inLanguage\":\"sq-AL\"},{\"@type\":\"Organization\",\"@id\":\"https:\\\/\\\/www.radiance.al\\\/sq\\\/#organization\",\"name\":\"RADIANCE.AL\",\"alternateName\":\"Radiance Dental Hospital\",\"url\":\"https:\\\/\\\/www.radiance.al\\\/sq\\\/\",\"logo\":{\"@type\":\"ImageObject\",\"inLanguage\":\"sq-AL\",\"@id\":\"https:\\\/\\\/www.radiance.al\\\/sq\\\/#\\\/schema\\\/logo\\\/image\\\/\",\"url\":\"https:\\\/\\\/www.radiance.al\\\/wp-content\\\/uploads\\\/2025\\\/05\\\/faviconn.jpeg\",\"contentUrl\":\"https:\\\/\\\/www.radiance.al\\\/wp-content\\\/uploads\\\/2025\\\/05\\\/faviconn.jpeg\",\"width\":48,\"height\":48,\"caption\":\"RADIANCE.AL\"},\"image\":{\"@id\":\"https:\\\/\\\/www.radiance.al\\\/sq\\\/#\\\/schema\\\/logo\\\/image\\\/\"},\"sameAs\":[\"https:\\\/\\\/www.instagram.com\\\/radiance_al\\\/?hl=en\"],\"description\":\"\\\"Radiance Dental Hospital n\u00eb Shqip\u00ebri: spital dentar modern me teknologji 3D, implantologji, estetik\u00eb dhe specialist\u00eb me mbi 15 vite p\u00ebrvoj\u00eb. Prenoto konsult\u00ebn falas!\\\"\",\"email\":\"info@radiance.al\",\"telephone\":\"+355694799949\",\"legalName\":\"Radiance Dental Hospital\",\"foundingDate\":\"2025-03-18\",\"numberOfEmployees\":{\"@type\":\"QuantitativeValue\",\"minValue\":\"11\",\"maxValue\":\"50\"}}]}<\/script>\n<!-- \/ Yoast SEO Premium plugin. -->","yoast_head_json":{"title":"All-on-4 n\u00eb Tiran\u00eb \u2013 4 implante p\u00ebr nj\u00eb buz\u00ebqeshje fikse nga Radiance","description":"All-on-4 me vet\u00ebm 4 implante p\u00ebr hark t\u00eb plot\u00eb: trajtim i shpejt\u00eb, mbushje e menj\u00ebhershme dhe buz\u00ebqeshje fikse. Ofrohet nga Radiance Dental Tirana me vizit\u00eb falas dhe paket\u00eb gjith\u00ebp\u00ebrfshir\u00ebse.","robots":{"index":"index","follow":"follow","max-snippet":"max-snippet:-1","max-image-preview":"max-image-preview:large","max-video-preview":"max-video-preview:-1"},"canonical":"https:\/\/www.radiance.al\/sq\/all-on-4\/","og_locale":"sq_AL","og_type":"article","og_title":"All-on-4 n\u00eb Tiran\u00eb \u2013 zgjidhje fikse me 4 implante dentare","og_description":"Radiance Dental ofron teknik\u00ebn All-on-4: hark i plot\u00eb dentar me vet\u00ebm 4 implante, teknologji t\u00eb p\u00ebrparuar, rezultate natyrale dhe paketa p\u00ebr pacient\u00eb nd\u00ebrkomb\u00ebtar\u00eb.","og_url":"https:\/\/www.radiance.al\/sq\/all-on-4\/","og_site_name":"RADIANCE.AL","article_publisher":"https:\/\/www.instagram.com\/radiance_al\/?hl=en","article_modified_time":"2025-10-05T14:30:29+00:00","og_image":[{"width":1080,"height":1080,"url":"https:\/\/www.radiance.al\/wp-content\/uploads\/2025\/06\/All-on-4-Impianti-Dentali.png","type":"image\/png"}],"twitter_card":"summary_large_image","twitter_title":"All-on-4 n\u00eb Tiran\u00eb \u2013 4 implante p\u00ebr nj\u00eb buz\u00ebqeshje fikse nga Radiance","twitter_description":"Vet\u00ebm 4 implante p\u00ebr nj\u00eb hark t\u00eb plot\u00eb dhe t\u00eb q\u00ebndruesh\u00ebm. Zbuloni All-on-4 nga Radiance Dental Tirana: teknologji e p\u00ebrparuar dhe paket\u00eb gjith\u00ebp\u00ebrfshir\u00ebse.","twitter_misc":{"Est. reading time":"1 minute"},"schema":{"@context":"https:\/\/schema.org","@graph":[{"@type":"WebPage","@id":"https:\/\/www.radiance.al\/sq\/all-on-4\/","url":"https:\/\/www.radiance.al\/sq\/all-on-4\/","name":"All-on-4 n\u00eb Tiran\u00eb \u2013 4 implante p\u00ebr nj\u00eb buz\u00ebqeshje fikse nga Radiance","isPartOf":{"@id":"https:\/\/www.radiance.al\/sq\/#website"},"primaryImageOfPage":{"@id":"https:\/\/www.radiance.al\/sq\/all-on-4\/#primaryimage"},"image":{"@id":"https:\/\/www.radiance.al\/sq\/all-on-4\/#primaryimage"},"thumbnailUrl":"https:\/\/www.radiance.al\/wp-content\/uploads\/2025\/06\/All-on-4-Impianti-Dentali.png","datePublished":"2025-10-02T08:34:53+00:00","dateModified":"2025-10-05T14:30:29+00:00","description":"All-on-4 me vet\u00ebm 4 implante p\u00ebr hark t\u00eb plot\u00eb: trajtim i shpejt\u00eb, mbushje e menj\u00ebhershme dhe buz\u00ebqeshje fikse. Ofrohet nga Radiance Dental Tirana me vizit\u00eb falas dhe paket\u00eb gjith\u00ebp\u00ebrfshir\u00ebse.","breadcrumb":{"@id":"https:\/\/www.radiance.al\/sq\/all-on-4\/#breadcrumb"},"inLanguage":"sq-AL","potentialAction":[{"@type":"ReadAction","target":["https:\/\/www.radiance.al\/sq\/all-on-4\/"]}]},{"@type":"ImageObject","inLanguage":"sq-AL","@id":"https:\/\/www.radiance.al\/sq\/all-on-4\/#primaryimage","url":"https:\/\/www.radiance.al\/wp-content\/uploads\/2025\/06\/All-on-4-Impianti-Dentali.png","contentUrl":"https:\/\/www.radiance.al\/wp-content\/uploads\/2025\/06\/All-on-4-Impianti-Dentali.png","width":1080,"height":1080,"caption":"Sorridi di nuovo con 12 impianti premium e 24 corone full zirconio \u2013 tutto incluso con Radiance Dental Hospital!"},{"@type":"BreadcrumbList","@id":"https:\/\/www.radiance.al\/sq\/all-on-4\/#breadcrumb","itemListElement":[{"@type":"ListItem","position":1,"name":"Home","item":"https:\/\/www.radiance.al\/sq\/"},{"@type":"ListItem","position":2,"name":"All on 4"}]},{"@type":"WebSite","@id":"https:\/\/www.radiance.al\/sq\/#website","url":"https:\/\/www.radiance.al\/sq\/","name":"RADIANCE.AL","description":"RADIANCE DENTAL HOSPITAL","publisher":{"@id":"https:\/\/www.radiance.al\/sq\/#organization"},"potentialAction":[{"@type":"SearchAction","target":{"@type":"EntryPoint","urlTemplate":"https:\/\/www.radiance.al\/sq\/?s={search_term_string}"},"query-input":{"@type":"PropertyValueSpecification","valueRequired":true,"valueName":"search_term_string"}}],"inLanguage":"sq-AL"},{"@type":"Organization","@id":"https:\/\/www.radiance.al\/sq\/#organization","name":"RADIANCE.AL","alternateName":"Radiance Dental Hospital","url":"https:\/\/www.radiance.al\/sq\/","logo":{"@type":"ImageObject","inLanguage":"sq-AL","@id":"https:\/\/www.radiance.al\/sq\/#\/schema\/logo\/image\/","url":"https:\/\/www.radiance.al\/wp-content\/uploads\/2025\/05\/faviconn.jpeg","contentUrl":"https:\/\/www.radiance.al\/wp-content\/uploads\/2025\/05\/faviconn.jpeg","width":48,"height":48,"caption":"RADIANCE.AL"},"image":{"@id":"https:\/\/www.radiance.al\/sq\/#\/schema\/logo\/image\/"},"sameAs":["https:\/\/www.instagram.com\/radiance_al\/?hl=en"],"description":"\"Radiance Dental Hospital n\u00eb Shqip\u00ebri: spital dentar modern me teknologji 3D, implantologji, estetik\u00eb dhe specialist\u00eb me mbi 15 vite p\u00ebrvoj\u00eb. Prenoto konsult\u00ebn falas!\"","email":"info@radiance.al","telephone":"+355694799949","legalName":"Radiance Dental Hospital","foundingDate":"2025-03-18","numberOfEmployees":{"@type":"QuantitativeValue","minValue":"11","maxValue":"50"}}]}},"_links":{"self":[{"href":"https:\/\/www.radiance.al\/sq\/wp-json\/wp\/v2\/pages\/10091","targetHints":{"allow":["GET"]}}],"collection":[{"href":"https:\/\/www.radiance.al\/sq\/wp-json\/wp\/v2\/pages"}],"about":[{"href":"https:\/\/www.radiance.al\/sq\/wp-json\/wp\/v2\/types\/page"}],"author":[{"embeddable":true,"href":"https:\/\/www.radiance.al\/sq\/wp-json\/wp\/v2\/users\/6"}],"replies":[{"embeddable":true,"href":"https:\/\/www.radiance.al\/sq\/wp-json\/wp\/v2\/comments?post=10091"}],"version-history":[{"count":3,"href":"https:\/\/www.radiance.al\/sq\/wp-json\/wp\/v2\/pages\/10091\/revisions"}],"predecessor-version":[{"id":10104,"href":"https:\/\/www.radiance.al\/sq\/wp-json\/wp\/v2\/pages\/10091\/revisions\/10104"}],"wp:featuredmedia":[{"embeddable":true,"href":"https:\/\/www.radiance.al\/sq\/wp-json\/wp\/v2\/media\/5102"}],"wp:attachment":[{"href":"https:\/\/www.radiance.al\/sq\/wp-json\/wp\/v2\/media?parent=10091"}],"curies":[{"name":"wp","href":"https:\/\/api.w.org\/{rel}","templated":true}]}}