{"id":3236,"date":"2025-05-19T13:40:45","date_gmt":"2025-05-19T13:40:45","guid":{"rendered":"https:\/\/www.hayasagi.com\/na-kontaktoni\/"},"modified":"2025-10-05T14:46:09","modified_gmt":"2025-10-05T14:46:09","slug":"na-kontaktoni","status":"publish","type":"page","link":"https:\/\/www.radiance.al\/sq\/na-kontaktoni\/","title":{"rendered":"Na Kontaktoni"},"content":{"rendered":"\t\t<div data-elementor-type=\"wp-page\" data-elementor-id=\"3236\" class=\"elementor elementor-3236 elementor-2629\">\n\t\t\t\t<div class=\"elementor-element elementor-element-c52c3bc e-flex e-con-boxed e-con e-parent\" data-id=\"c52c3bc\" data-element_type=\"container\" data-e-type=\"container\">\n\t\t\t\t\t<div class=\"e-con-inner\">\n\t\t<div class=\"elementor-element elementor-element-2abb9de e-con-full e-flex e-con e-child\" data-id=\"2abb9de\" data-element_type=\"container\" data-e-type=\"container\">\n\t\t\t\t<div class=\"elementor-element elementor-element-cea9060 elementor-widget elementor-widget-heading\" data-id=\"cea9060\" data-element_type=\"widget\" data-e-type=\"widget\" data-widget_type=\"heading.default\">\n\t\t\t\t<div class=\"elementor-widget-container\">\n\t\t\t\t\t<h2 class=\"elementor-heading-title elementor-size-default\">Na kontaktoni<\/h2>\t\t\t\t<\/div>\n\t\t\t\t<\/div>\n\t\t\t\t<div class=\"elementor-element elementor-element-fa1cf83 elementor-widget elementor-widget-text-editor\" data-id=\"fa1cf83\" data-element_type=\"widget\" data-e-type=\"widget\" data-widget_type=\"text-editor.default\">\n\t\t\t\t<div class=\"elementor-widget-container\">\n\t\t\t\t\t\t\t\t\t<p>Na kontaktoni n\u00eb zyr\u00ebn ton\u00eb dhe ne do t&#8217;ju kontaktojm\u00eb n\u00eb lidhje me nd\u00ebrhyrjen q\u00eb ju nevojitet. Rritni organikisht vizionin holistik t\u00eb inovacionit shkat\u00ebrrues p\u00ebrmes diversitetit dhe fuqizimit n\u00eb vendin e pun\u00ebs.<\/p>\t\t\t\t\t\t\t\t<\/div>\n\t\t\t\t<\/div>\n\t\t\t\t<\/div>\n\t\t\t\t<div class=\"elementor-element elementor-element-043240c collabration_form elementor-widget elementor-widget-shortcode\" data-id=\"043240c\" data-element_type=\"widget\" data-e-type=\"widget\" data-widget_type=\"shortcode.default\">\n\t\t\t\t<div class=\"elementor-widget-container\">\n\t\t\t\t\t\t\t<div class=\"elementor-shortcode\">\n<div class=\"wpcf7 no-js\" id=\"wpcf7-f4211-o1\" lang=\"sq-AL\" dir=\"ltr\" data-wpcf7-id=\"4211\">\n<div class=\"screen-reader-response\"><p role=\"status\" aria-live=\"polite\" aria-atomic=\"true\"><\/p> <ul><\/ul><\/div>\n<form action=\"\/sq\/wp-json\/wp\/v2\/pages\/3236#wpcf7-f4211-o1\" method=\"post\" class=\"wpcf7-form init\" aria-label=\"Contact form\" enctype=\"multipart\/form-data\" novalidate=\"novalidate\" data-status=\"init\">\n<fieldset class=\"hidden-fields-container\"><input type=\"hidden\" name=\"_wpcf7\" value=\"4211\" \/><input type=\"hidden\" name=\"_wpcf7_version\" value=\"6.1.5\" \/><input type=\"hidden\" name=\"_wpcf7_locale\" value=\"sq_AL\" \/><input type=\"hidden\" name=\"_wpcf7_unit_tag\" value=\"wpcf7-f4211-o1\" \/><input type=\"hidden\" name=\"_wpcf7_container_post\" value=\"0\" \/><input type=\"hidden\" name=\"_wpcf7_posted_data_hash\" value=\"\" \/>\n<\/fieldset>\n<div class=\"contact_form_wrapper\">\n\t<div class=\"input_global\">\n\t\t<p><label for=\"your-name\">Emri dhe mbiemri<\/label><br \/>\n<span class=\"wpcf7-form-control-wrap\" data-name=\"your-name\"><input size=\"40\" maxlength=\"400\" class=\"wpcf7-form-control wpcf7-text wpcf7-validates-as-required\" id=\"your-name\" autocomplete=\"name\" aria-required=\"true\" aria-invalid=\"false\" value=\"\" type=\"text\" name=\"your-name\" \/><\/span>\n\t\t<\/p>\n\t<\/div>\n\t<div class=\"input_global\">\n\t\t<p><label for=\"your-email\">Adresa e email-it<\/label><br \/>\n<span class=\"wpcf7-form-control-wrap\" data-name=\"your-email\"><input size=\"40\" maxlength=\"400\" class=\"wpcf7-form-control wpcf7-email wpcf7-validates-as-required wpcf7-text wpcf7-validates-as-email\" id=\"your-email\" autocomplete=\"email\" aria-required=\"true\" aria-invalid=\"false\" value=\"\" type=\"email\" name=\"your-email\" \/><\/span>\n\t\t<\/p>\n\t<\/div>\n\t<div class=\"input_global\">\n\t\t<p><label for=\"tel-590\">Numri i telefonit<\/label><br \/>\n<span class=\"wpcf7-form-control-wrap\" data-name=\"tel-590\"><input size=\"40\" maxlength=\"400\" class=\"wpcf7-form-control wpcf7-tel wpcf7-validates-as-required wpcf7-text wpcf7-validates-as-tel\" id=\"tel-590\" aria-required=\"true\" aria-invalid=\"false\" value=\"\" type=\"tel\" name=\"tel-590\" \/><\/span>\n\t\t<\/p>\n\t<\/div>\n\t<div class=\"radio_button\">\n\t\t<p>P\u00ebr cilin sh\u00ebrbim oral jeni t\u00eb interesuar?\n\t\t<\/p>\n\t\t<p><span class=\"wpcf7-form-control-wrap\" data-name=\"radio-648\"><span class=\"wpcf7-form-control wpcf7-radio\"><span class=\"wpcf7-list-item first\"><label><input type=\"radio\" name=\"radio-648\" value=\"Implantet dentare\" \/><span class=\"wpcf7-list-item-label\">Implantet dentare<\/span><\/label><\/span><span class=\"wpcf7-list-item\"><label><input type=\"radio\" name=\"radio-648\" value=\"Fytyrat Dentare\" \/><span class=\"wpcf7-list-item-label\">Fytyrat Dentare<\/span><\/label><\/span><span class=\"wpcf7-list-item last\"><label><input type=\"radio\" name=\"radio-648\" value=\"Ortodonci\" \/><span class=\"wpcf7-list-item-label\">Ortodonci<\/span><\/label><\/span><\/span><\/span>\n\t\t<\/p>\n\t<\/div>\n\t<div class=\"radio_button\">\n\t\t<p>Cila \u00ebsht\u00eb koha m\u00eb e mir\u00eb p\u00ebr t'ju kontaktuar?\n\t\t<\/p>\n\t\t<p><span class=\"wpcf7-form-control-wrap\" data-name=\"radio-333\"><span class=\"wpcf7-form-control wpcf7-radio\"><span class=\"wpcf7-list-item first\"><label><input type=\"radio\" name=\"radio-333\" value=\"9:00 - 12:00\" \/><span class=\"wpcf7-list-item-label\">9:00 - 12:00<\/span><\/label><\/span><span class=\"wpcf7-list-item\"><label><input type=\"radio\" name=\"radio-333\" value=\"12:00 - 17:00\" \/><span class=\"wpcf7-list-item-label\">12:00 - 17:00<\/span><\/label><\/span><span class=\"wpcf7-list-item last\"><label><input type=\"radio\" name=\"radio-333\" value=\"17:00 - 20:00\" \/><span class=\"wpcf7-list-item-label\">17:00 - 20:00<\/span><\/label><\/span><\/span><\/span>\n\t\t<\/p>\n\t<\/div>\n\t<div class=\"upload_section\">\n\t\t<p><label for=\"file-487\">Rezultatet e Ngarkimit<\/label>\n\t\t<\/p>\n\t\t<div class=\"upload_input_wrapper\">\n\t\t\t<p><span class=\"wpcf7-form-control-wrap\" data-name=\"file-487\"><input size=\"40\" class=\"wpcf7-form-control wpcf7-file wpcf7-validates-as-required\" id=\"file-487\" accept=\"audio\/*,video\/*,image\/*\" aria-required=\"true\" aria-invalid=\"false\" type=\"file\" name=\"file-487\" \/><\/span>\n\t\t\t<\/p>\n\t\t<\/div>\n\t\t<div class=\"consent\">\n\t\t\t<p><span class=\"wpcf7-form-control-wrap\" data-name=\"acceptance-735\"><span class=\"wpcf7-form-control wpcf7-acceptance\"><span class=\"wpcf7-list-item\"><label><input type=\"checkbox\" name=\"acceptance-735\" value=\"1\" aria-invalid=\"false\" \/><span class=\"wpcf7-list-item-label\">Un\u00eb pranoj kushtet e sh\u00ebrbimit dhe t\u00eb privat\u00ebsis\u00eb p\u00ebr t\u00eb dh\u00ebn\u00eb kontaktet e mia.<\/span><\/label><\/span><\/span><\/span>\n\t\t\t<\/p>\n\t\t<\/div>\n\t<\/div>\n\t<div class=\"sub_btn\">\n\t\t<p><input class=\"wpcf7-form-control wpcf7-submit has-spinner\" type=\"submit\" value=\"Rezervoni nj\u00eb vizit\u00eb\" \/>\n\t\t<\/p>\n\t<\/div>\n<\/div><div class=\"wpcf7-response-output\" aria-hidden=\"true\"><\/div>\n<\/form>\n<\/div>\n<\/div>\n\t\t\t\t\t\t<\/div>\n\t\t\t\t<\/div>\n\t\t\t\t\t<\/div>\n\t\t\t\t<\/div>\n\t\t\t\t<\/div>\n\t\t","protected":false},"excerpt":{"rendered":"<p>Na kontaktoni Na kontaktoni n\u00eb zyr\u00ebn ton\u00eb dhe ne do t&#8217;ju kontaktojm\u00eb n\u00eb lidhje me nd\u00ebrhyrjen q\u00eb ju nevojitet. Rritni organikisht vizionin holistik t\u00eb inovacionit shkat\u00ebrrues p\u00ebrmes diversitetit dhe fuqizimit n\u00eb vendin e pun\u00ebs.<\/p>\n","protected":false},"author":1,"featured_media":1375,"parent":0,"menu_order":0,"comment_status":"closed","ping_status":"closed","template":"elementor_header_footer","meta":{"_acf_changed":false,"footnotes":""},"class_list":["post-3236","page","type-page","status-publish","has-post-thumbnail","hentry"],"acf":[],"yoast_head":"<!-- This site is optimized with the Yoast SEO Premium plugin v27.4 (Yoast SEO v27.4) - https:\/\/yoast.com\/product\/yoast-seo-premium-wordpress\/ -->\n<title>Kontaktoni Spitalin Dentar Radiance | Rezervoni Konsult\u00ebn Tuaj Falas<\/title>\n<meta name=\"description\" content=\"Kontaktoni sot Spitalin Dentar Radiance n\u00eb Tiran\u00eb. Rezervoni konsult\u00ebn tuaj falas dhe merrni udh\u00ebzime t\u00eb qarta p\u00ebr trajtimin tuaj dentar.\" \/>\n<meta name=\"robots\" content=\"index, follow, max-snippet:-1, max-image-preview:large, max-video-preview:-1\" \/>\n<link rel=\"canonical\" href=\"https:\/\/www.radiance.al\/sq\/na-kontaktoni\/\" \/>\n<meta property=\"og:locale\" content=\"sq_AL\" \/>\n<meta property=\"og:type\" content=\"article\" \/>\n<meta property=\"og:title\" content=\"Kontaktoni Spitalin Dentar Radiance | Rezervoni nj\u00eb Konsultim Falas Sot\" \/>\n<meta property=\"og:description\" content=\"Keni nevoj\u00eb p\u00ebr kujdes Dentar profesional n\u00eb Tiran\u00eb? Kontaktoni Spitalin Dentar Radiance p\u00ebr t\u00eb rezervuar konsult\u00ebn tuaj falas. Shijoni teknologji t\u00eb p\u00ebrparuar dhe trajtime t\u00eb personalizuara.\" \/>\n<meta property=\"og:url\" content=\"https:\/\/www.radiance.al\/sq\/na-kontaktoni\/\" \/>\n<meta property=\"og:site_name\" content=\"RADIANCE.AL\" \/>\n<meta property=\"article:publisher\" content=\"https:\/\/www.instagram.com\/radiance_al\/?hl=en\" \/>\n<meta property=\"article:modified_time\" content=\"2025-10-05T14:46:09+00:00\" \/>\n<meta property=\"og:image\" content=\"https:\/\/www.radiance.al\/wp-content\/uploads\/2025\/05\/C6A7112.jpg\" \/>\n\t<meta property=\"og:image:width\" content=\"1440\" \/>\n\t<meta property=\"og:image:height\" content=\"605\" \/>\n\t<meta property=\"og:image:type\" content=\"image\/jpeg\" \/>\n<meta name=\"twitter:card\" content=\"summary_large_image\" \/>\n<meta name=\"twitter:title\" content=\"Kontaktoni Spitalin Dentar Radiance | Rezervoni nj\u00eb Konsultim Falas Sot\" \/>\n<meta name=\"twitter:description\" content=\"Keni nevoj\u00eb p\u00ebr kujdes dentar profesional n\u00eb Tiran\u00eb? Kontaktoni Spitalin Dentar Radiance p\u00ebr t\u00eb rezervuar konsult\u00ebn tuaj falas. Shijoni teknologji t\u00eb p\u00ebrparuar dhe trajtime t\u00eb personalizuara.\" \/>\n<meta name=\"twitter:label1\" content=\"Est. reading time\" \/>\n\t<meta name=\"twitter:data1\" content=\"1 minute\" \/>\n<script type=\"application\/ld+json\" class=\"yoast-schema-graph\">{\"@context\":\"https:\\\/\\\/schema.org\",\"@graph\":[{\"@type\":\"WebPage\",\"@id\":\"https:\\\/\\\/www.radiance.al\\\/sq\\\/na-kontaktoni\\\/\",\"url\":\"https:\\\/\\\/www.radiance.al\\\/sq\\\/na-kontaktoni\\\/\",\"name\":\"Kontaktoni Spitalin Dentar Radiance | Rezervoni Konsult\u00ebn Tuaj Falas\",\"isPartOf\":{\"@id\":\"https:\\\/\\\/www.radiance.al\\\/sq\\\/#website\"},\"primaryImageOfPage\":{\"@id\":\"https:\\\/\\\/www.radiance.al\\\/sq\\\/na-kontaktoni\\\/#primaryimage\"},\"image\":{\"@id\":\"https:\\\/\\\/www.radiance.al\\\/sq\\\/na-kontaktoni\\\/#primaryimage\"},\"thumbnailUrl\":\"https:\\\/\\\/www.radiance.al\\\/wp-content\\\/uploads\\\/2025\\\/05\\\/C6A7112.jpg\",\"datePublished\":\"2025-05-19T13:40:45+00:00\",\"dateModified\":\"2025-10-05T14:46:09+00:00\",\"description\":\"Kontaktoni sot Spitalin Dentar Radiance n\u00eb Tiran\u00eb. Rezervoni konsult\u00ebn tuaj falas dhe merrni udh\u00ebzime t\u00eb qarta p\u00ebr trajtimin tuaj dentar.\",\"breadcrumb\":{\"@id\":\"https:\\\/\\\/www.radiance.al\\\/sq\\\/na-kontaktoni\\\/#breadcrumb\"},\"inLanguage\":\"sq-AL\",\"potentialAction\":[{\"@type\":\"ReadAction\",\"target\":[\"https:\\\/\\\/www.radiance.al\\\/sq\\\/na-kontaktoni\\\/\"]}]},{\"@type\":\"ImageObject\",\"inLanguage\":\"sq-AL\",\"@id\":\"https:\\\/\\\/www.radiance.al\\\/sq\\\/na-kontaktoni\\\/#primaryimage\",\"url\":\"https:\\\/\\\/www.radiance.al\\\/wp-content\\\/uploads\\\/2025\\\/05\\\/C6A7112.jpg\",\"contentUrl\":\"https:\\\/\\\/www.radiance.al\\\/wp-content\\\/uploads\\\/2025\\\/05\\\/C6A7112.jpg\",\"width\":1440,\"height\":605},{\"@type\":\"BreadcrumbList\",\"@id\":\"https:\\\/\\\/www.radiance.al\\\/sq\\\/na-kontaktoni\\\/#breadcrumb\",\"itemListElement\":[{\"@type\":\"ListItem\",\"position\":1,\"name\":\"Home\",\"item\":\"https:\\\/\\\/www.radiance.al\\\/sq\\\/\"},{\"@type\":\"ListItem\",\"position\":2,\"name\":\"Kryefaqja > Stomatologji > Implant i Buz\u00ebqeshjes Perfekte\"}]},{\"@type\":\"WebSite\",\"@id\":\"https:\\\/\\\/www.radiance.al\\\/sq\\\/#website\",\"url\":\"https:\\\/\\\/www.radiance.al\\\/sq\\\/\",\"name\":\"RADIANCE.AL\",\"description\":\"RADIANCE DENTAL HOSPITAL\",\"publisher\":{\"@id\":\"https:\\\/\\\/www.radiance.al\\\/sq\\\/#organization\"},\"potentialAction\":[{\"@type\":\"SearchAction\",\"target\":{\"@type\":\"EntryPoint\",\"urlTemplate\":\"https:\\\/\\\/www.radiance.al\\\/sq\\\/?s={search_term_string}\"},\"query-input\":{\"@type\":\"PropertyValueSpecification\",\"valueRequired\":true,\"valueName\":\"search_term_string\"}}],\"inLanguage\":\"sq-AL\"},{\"@type\":\"Organization\",\"@id\":\"https:\\\/\\\/www.radiance.al\\\/sq\\\/#organization\",\"name\":\"RADIANCE.AL\",\"alternateName\":\"Radiance Dental Hospital\",\"url\":\"https:\\\/\\\/www.radiance.al\\\/sq\\\/\",\"logo\":{\"@type\":\"ImageObject\",\"inLanguage\":\"sq-AL\",\"@id\":\"https:\\\/\\\/www.radiance.al\\\/sq\\\/#\\\/schema\\\/logo\\\/image\\\/\",\"url\":\"https:\\\/\\\/www.radiance.al\\\/wp-content\\\/uploads\\\/2025\\\/05\\\/faviconn.jpeg\",\"contentUrl\":\"https:\\\/\\\/www.radiance.al\\\/wp-content\\\/uploads\\\/2025\\\/05\\\/faviconn.jpeg\",\"width\":48,\"height\":48,\"caption\":\"RADIANCE.AL\"},\"image\":{\"@id\":\"https:\\\/\\\/www.radiance.al\\\/sq\\\/#\\\/schema\\\/logo\\\/image\\\/\"},\"sameAs\":[\"https:\\\/\\\/www.instagram.com\\\/radiance_al\\\/?hl=en\"],\"description\":\"\\\"Radiance Dental Hospital n\u00eb Shqip\u00ebri: spital dentar modern me teknologji 3D, implantologji, estetik\u00eb dhe specialist\u00eb me mbi 15 vite p\u00ebrvoj\u00eb. Prenoto konsult\u00ebn falas!\\\"\",\"email\":\"info@radiance.al\",\"telephone\":\"+355694799949\",\"legalName\":\"Radiance Dental Hospital\",\"foundingDate\":\"2025-03-18\",\"numberOfEmployees\":{\"@type\":\"QuantitativeValue\",\"minValue\":\"11\",\"maxValue\":\"50\"}}]}<\/script>\n<!-- \/ Yoast SEO Premium plugin. -->","yoast_head_json":{"title":"Kontaktoni Spitalin Dentar Radiance | Rezervoni Konsult\u00ebn Tuaj Falas","description":"Kontaktoni sot Spitalin Dentar Radiance n\u00eb Tiran\u00eb. Rezervoni konsult\u00ebn tuaj falas dhe merrni udh\u00ebzime t\u00eb qarta p\u00ebr trajtimin tuaj dentar.","robots":{"index":"index","follow":"follow","max-snippet":"max-snippet:-1","max-image-preview":"max-image-preview:large","max-video-preview":"max-video-preview:-1"},"canonical":"https:\/\/www.radiance.al\/sq\/na-kontaktoni\/","og_locale":"sq_AL","og_type":"article","og_title":"Kontaktoni Spitalin Dentar Radiance | Rezervoni nj\u00eb Konsultim Falas Sot","og_description":"Keni nevoj\u00eb p\u00ebr kujdes Dentar profesional n\u00eb Tiran\u00eb? Kontaktoni Spitalin Dentar Radiance p\u00ebr t\u00eb rezervuar konsult\u00ebn tuaj falas. Shijoni teknologji t\u00eb p\u00ebrparuar dhe trajtime t\u00eb personalizuara.","og_url":"https:\/\/www.radiance.al\/sq\/na-kontaktoni\/","og_site_name":"RADIANCE.AL","article_publisher":"https:\/\/www.instagram.com\/radiance_al\/?hl=en","article_modified_time":"2025-10-05T14:46:09+00:00","og_image":[{"width":1440,"height":605,"url":"https:\/\/www.radiance.al\/wp-content\/uploads\/2025\/05\/C6A7112.jpg","type":"image\/jpeg"}],"twitter_card":"summary_large_image","twitter_title":"Kontaktoni Spitalin Dentar Radiance | Rezervoni nj\u00eb Konsultim Falas Sot","twitter_description":"Keni nevoj\u00eb p\u00ebr kujdes dentar profesional n\u00eb Tiran\u00eb? Kontaktoni Spitalin Dentar Radiance p\u00ebr t\u00eb rezervuar konsult\u00ebn tuaj falas. Shijoni teknologji t\u00eb p\u00ebrparuar dhe trajtime t\u00eb personalizuara.","twitter_misc":{"Est. reading time":"1 minute"},"schema":{"@context":"https:\/\/schema.org","@graph":[{"@type":"WebPage","@id":"https:\/\/www.radiance.al\/sq\/na-kontaktoni\/","url":"https:\/\/www.radiance.al\/sq\/na-kontaktoni\/","name":"Kontaktoni Spitalin Dentar Radiance | Rezervoni Konsult\u00ebn Tuaj Falas","isPartOf":{"@id":"https:\/\/www.radiance.al\/sq\/#website"},"primaryImageOfPage":{"@id":"https:\/\/www.radiance.al\/sq\/na-kontaktoni\/#primaryimage"},"image":{"@id":"https:\/\/www.radiance.al\/sq\/na-kontaktoni\/#primaryimage"},"thumbnailUrl":"https:\/\/www.radiance.al\/wp-content\/uploads\/2025\/05\/C6A7112.jpg","datePublished":"2025-05-19T13:40:45+00:00","dateModified":"2025-10-05T14:46:09+00:00","description":"Kontaktoni sot Spitalin Dentar Radiance n\u00eb Tiran\u00eb. Rezervoni konsult\u00ebn tuaj falas dhe merrni udh\u00ebzime t\u00eb qarta p\u00ebr trajtimin tuaj dentar.","breadcrumb":{"@id":"https:\/\/www.radiance.al\/sq\/na-kontaktoni\/#breadcrumb"},"inLanguage":"sq-AL","potentialAction":[{"@type":"ReadAction","target":["https:\/\/www.radiance.al\/sq\/na-kontaktoni\/"]}]},{"@type":"ImageObject","inLanguage":"sq-AL","@id":"https:\/\/www.radiance.al\/sq\/na-kontaktoni\/#primaryimage","url":"https:\/\/www.radiance.al\/wp-content\/uploads\/2025\/05\/C6A7112.jpg","contentUrl":"https:\/\/www.radiance.al\/wp-content\/uploads\/2025\/05\/C6A7112.jpg","width":1440,"height":605},{"@type":"BreadcrumbList","@id":"https:\/\/www.radiance.al\/sq\/na-kontaktoni\/#breadcrumb","itemListElement":[{"@type":"ListItem","position":1,"name":"Home","item":"https:\/\/www.radiance.al\/sq\/"},{"@type":"ListItem","position":2,"name":"Kryefaqja > Stomatologji > Implant i Buz\u00ebqeshjes Perfekte"}]},{"@type":"WebSite","@id":"https:\/\/www.radiance.al\/sq\/#website","url":"https:\/\/www.radiance.al\/sq\/","name":"RADIANCE.AL","description":"RADIANCE DENTAL HOSPITAL","publisher":{"@id":"https:\/\/www.radiance.al\/sq\/#organization"},"potentialAction":[{"@type":"SearchAction","target":{"@type":"EntryPoint","urlTemplate":"https:\/\/www.radiance.al\/sq\/?s={search_term_string}"},"query-input":{"@type":"PropertyValueSpecification","valueRequired":true,"valueName":"search_term_string"}}],"inLanguage":"sq-AL"},{"@type":"Organization","@id":"https:\/\/www.radiance.al\/sq\/#organization","name":"RADIANCE.AL","alternateName":"Radiance Dental Hospital","url":"https:\/\/www.radiance.al\/sq\/","logo":{"@type":"ImageObject","inLanguage":"sq-AL","@id":"https:\/\/www.radiance.al\/sq\/#\/schema\/logo\/image\/","url":"https:\/\/www.radiance.al\/wp-content\/uploads\/2025\/05\/faviconn.jpeg","contentUrl":"https:\/\/www.radiance.al\/wp-content\/uploads\/2025\/05\/faviconn.jpeg","width":48,"height":48,"caption":"RADIANCE.AL"},"image":{"@id":"https:\/\/www.radiance.al\/sq\/#\/schema\/logo\/image\/"},"sameAs":["https:\/\/www.instagram.com\/radiance_al\/?hl=en"],"description":"\"Radiance Dental Hospital n\u00eb Shqip\u00ebri: spital dentar modern me teknologji 3D, implantologji, estetik\u00eb dhe specialist\u00eb me mbi 15 vite p\u00ebrvoj\u00eb. Prenoto konsult\u00ebn falas!\"","email":"info@radiance.al","telephone":"+355694799949","legalName":"Radiance Dental Hospital","foundingDate":"2025-03-18","numberOfEmployees":{"@type":"QuantitativeValue","minValue":"11","maxValue":"50"}}]}},"_links":{"self":[{"href":"https:\/\/www.radiance.al\/sq\/wp-json\/wp\/v2\/pages\/3236","targetHints":{"allow":["GET"]}}],"collection":[{"href":"https:\/\/www.radiance.al\/sq\/wp-json\/wp\/v2\/pages"}],"about":[{"href":"https:\/\/www.radiance.al\/sq\/wp-json\/wp\/v2\/types\/page"}],"author":[{"embeddable":true,"href":"https:\/\/www.radiance.al\/sq\/wp-json\/wp\/v2\/users\/1"}],"replies":[{"embeddable":true,"href":"https:\/\/www.radiance.al\/sq\/wp-json\/wp\/v2\/comments?post=3236"}],"version-history":[{"count":9,"href":"https:\/\/www.radiance.al\/sq\/wp-json\/wp\/v2\/pages\/3236\/revisions"}],"predecessor-version":[{"id":10120,"href":"https:\/\/www.radiance.al\/sq\/wp-json\/wp\/v2\/pages\/3236\/revisions\/10120"}],"wp:featuredmedia":[{"embeddable":true,"href":"https:\/\/www.radiance.al\/sq\/wp-json\/wp\/v2\/media\/1375"}],"wp:attachment":[{"href":"https:\/\/www.radiance.al\/sq\/wp-json\/wp\/v2\/media?parent=3236"}],"curies":[{"name":"wp","href":"https:\/\/api.w.org\/{rel}","templated":true}]}}