{"id":3492,"date":"2025-05-19T06:59:22","date_gmt":"2025-05-19T06:59:22","guid":{"rendered":"https:\/\/www.hayasagi.com\/stomatologji-e-pergjithshme\/"},"modified":"2025-07-11T14:29:12","modified_gmt":"2025-07-11T14:29:12","slug":"stomatologji-e-pergjithshme","status":"publish","type":"page","link":"https:\/\/www.radiance.al\/sq\/stomatologji-e-pergjithshme\/","title":{"rendered":"Stomatologji e p\u00ebrgjithshme"},"content":{"rendered":"\t\t<div data-elementor-type=\"wp-page\" data-elementor-id=\"3492\" class=\"elementor elementor-3492 elementor-3490\">\n\t\t\t\t<div class=\"elementor-element elementor-element-142aa4b6 e-con-full e-flex e-con e-parent\" data-id=\"142aa4b6\" data-element_type=\"container\" data-e-type=\"container\">\n\t\t<div class=\"elementor-element elementor-element-254f7d5a e-con-full e-flex e-con e-child\" data-id=\"254f7d5a\" data-element_type=\"container\" data-e-type=\"container\">\n\t\t\t\t<div class=\"elementor-element elementor-element-39e519e elementor-widget elementor-widget-spacer\" data-id=\"39e519e\" data-element_type=\"widget\" data-e-type=\"widget\" data-widget_type=\"spacer.default\">\n\t\t\t\t<div class=\"elementor-widget-container\">\n\t\t\t\t\t\t\t<div class=\"elementor-spacer\">\n\t\t\t<div class=\"elementor-spacer-inner\"><\/div>\n\t\t<\/div>\n\t\t\t\t\t\t<\/div>\n\t\t\t\t<\/div>\n\t\t\t\t<div class=\"elementor-element elementor-element-0b2e833 elementor-widget elementor-widget-image\" data-id=\"0b2e833\" data-element_type=\"widget\" data-e-type=\"widget\" data-widget_type=\"image.default\">\n\t\t\t\t<div class=\"elementor-widget-container\">\n\t\t\t\t\t\t\t\t\t\t\t\t\t\t\t<img fetchpriority=\"high\" decoding=\"async\" width=\"640\" height=\"800\" src=\"https:\/\/www.radiance.al\/wp-content\/uploads\/2025\/06\/odontoiatria-generale\u200b-819x1024.jpg\" class=\"attachment-large size-large wp-image-4605\" alt=\"Sorriso estetico con guida colore dentale \u2013 trattamento odontoiatrico estetico\" srcset=\"https:\/\/www.radiance.al\/wp-content\/uploads\/2025\/06\/odontoiatria-generale\u200b-819x1024.jpg 819w, https:\/\/www.radiance.al\/wp-content\/uploads\/2025\/06\/odontoiatria-generale\u200b-240x300.jpg 240w, https:\/\/www.radiance.al\/wp-content\/uploads\/2025\/06\/odontoiatria-generale\u200b-768x960.jpg 768w, https:\/\/www.radiance.al\/wp-content\/uploads\/2025\/06\/odontoiatria-generale\u200b.jpg 1080w\" sizes=\"(max-width: 640px) 100vw, 640px\" \/>\t\t\t\t\t\t\t\t\t\t\t\t\t\t\t<\/div>\n\t\t\t\t<\/div>\n\t\t\t\t<\/div>\n\t\t<div class=\"elementor-element elementor-element-442d2b42 e-con-full e-flex e-con e-child\" data-id=\"442d2b42\" data-element_type=\"container\" data-e-type=\"container\" data-settings=\"{&quot;background_background&quot;:&quot;classic&quot;}\">\n\t\t\t\t<div class=\"elementor-element elementor-element-55cd3dee elementor-widget elementor-widget-heading\" data-id=\"55cd3dee\" data-element_type=\"widget\" data-e-type=\"widget\" data-widget_type=\"heading.default\">\n\t\t\t\t<div class=\"elementor-widget-container\">\n\t\t\t\t\t<h1 class=\"elementor-heading-title elementor-size-default\">Stomatologji e p\u00ebrgjithshme<\/h1>\t\t\t\t<\/div>\n\t\t\t\t<\/div>\n\t\t\t\t<div class=\"elementor-element elementor-element-65bcf7b8 elementor-widget elementor-widget-text-editor\" data-id=\"65bcf7b8\" data-element_type=\"widget\" data-e-type=\"widget\" data-widget_type=\"text-editor.default\">\n\t\t\t\t<div class=\"elementor-widget-container\">\n\t\t\t\t\t\t\t\t\t<p><span style=\"font-weight: 400;\">N\u00eb<\/span> <b>Spitalin Dentar Radiance<\/b><span style=\"font-weight: 400;\">  Ne kujdesemi p\u00ebr buz\u00ebqeshjen tuaj n\u00eb \u00e7do faz\u00eb t\u00eb jet\u00ebs suaj, me <strong>trajtime dentare t\u00eb<\/strong> teknologjis\u00eb s\u00eb fundit, t\u00eb sigurta dhe t\u00eb personalizuara. Q\u00ebllimi yn\u00eb \u00ebsht\u00eb t&#8217;ju ofrojm\u00eb nj\u00eb p\u00ebrvoj\u00eb t\u00eb qet\u00eb dhe rezultate afatgjata, n\u00eb nj\u00eb <strong>mjedis profesional dhe mikprit\u00ebs<\/strong> . <\/span><\/p>\t\t\t\t\t\t\t\t<\/div>\n\t\t\t\t<\/div>\n\t\t\t\t<div class=\"elementor-element elementor-element-2fa5977 elementor-widget-divider--view-line elementor-widget elementor-widget-divider\" data-id=\"2fa5977\" data-element_type=\"widget\" data-e-type=\"widget\" data-widget_type=\"divider.default\">\n\t\t\t\t<div class=\"elementor-widget-container\">\n\t\t\t\t\t\t\t<div class=\"elementor-divider\">\n\t\t\t<span class=\"elementor-divider-separator\">\n\t\t\t\t\t\t<\/span>\n\t\t<\/div>\n\t\t\t\t\t\t<\/div>\n\t\t\t\t<\/div>\n\t\t<div class=\"elementor-element elementor-element-cdb4951 e-flex e-con-boxed e-con e-child\" data-id=\"cdb4951\" data-element_type=\"container\" data-e-type=\"container\">\n\t\t\t\t\t<div class=\"e-con-inner\">\n\t\t\t\t<div class=\"elementor-element elementor-element-d8d38a0 elementor-widget__width-inherit elementor-widget elementor-widget-heading\" data-id=\"d8d38a0\" data-element_type=\"widget\" data-e-type=\"widget\" data-widget_type=\"heading.default\">\n\t\t\t\t<div class=\"elementor-widget-container\">\n\t\t\t\t\t<h3 class=\"elementor-heading-title elementor-size-default\"><b>Parandalimi dhe higjiena orale<\/b><\/h3>\t\t\t\t<\/div>\n\t\t\t\t<\/div>\n\t\t\t\t<div class=\"elementor-element elementor-element-dc3d08e elementor-widget elementor-widget-text-editor\" data-id=\"dc3d08e\" data-element_type=\"widget\" data-e-type=\"widget\" data-widget_type=\"text-editor.default\">\n\t\t\t\t<div class=\"elementor-widget-container\">\n\t\t\t\t\t\t\t\t\t<p class=\"peragraf\"><span style=\"font-weight: 400;\"><strong>Kontrolle t\u00eb rregullta<\/strong> dhe pastrime profesionale p\u00ebr t\u00eb mbajtur dh\u00ebmb\u00ebt dhe mishrat e dh\u00ebmb\u00ebve t\u00eb sh\u00ebndetsh\u00ebm, <strong>duke parandaluar kariesin<\/strong> dhe inflamacionin.<\/span><\/p>\t\t\t\t\t\t\t\t<\/div>\n\t\t\t\t<\/div>\n\t\t\t\t<div class=\"elementor-element elementor-element-9ad0791 elementor-widget elementor-widget-spacer\" data-id=\"9ad0791\" data-element_type=\"widget\" data-e-type=\"widget\" data-widget_type=\"spacer.default\">\n\t\t\t\t<div class=\"elementor-widget-container\">\n\t\t\t\t\t\t\t<div class=\"elementor-spacer\">\n\t\t\t<div class=\"elementor-spacer-inner\"><\/div>\n\t\t<\/div>\n\t\t\t\t\t\t<\/div>\n\t\t\t\t<\/div>\n\t\t\t\t<div class=\"elementor-element elementor-element-68caba2 elementor-widget__width-inherit elementor-widget elementor-widget-heading\" data-id=\"68caba2\" data-element_type=\"widget\" data-e-type=\"widget\" data-widget_type=\"heading.default\">\n\t\t\t\t<div class=\"elementor-widget-container\">\n\t\t\t\t\t<h3 class=\"elementor-heading-title elementor-size-default\"><b>Kujdes i plot\u00eb p\u00ebr \u00e7do nevoj\u00eb<\/b><\/h3>\t\t\t\t<\/div>\n\t\t\t\t<\/div>\n\t\t\t\t<div class=\"elementor-element elementor-element-edd6251 elementor-widget elementor-widget-text-editor\" data-id=\"edd6251\" data-element_type=\"widget\" data-e-type=\"widget\" data-widget_type=\"text-editor.default\">\n\t\t\t\t<div class=\"elementor-widget-container\">\n\t\t\t\t\t\t\t\t\t<p class=\"peragraf\"><span style=\"font-weight: 400;\">Stomatologji konservative, <strong>endodonci,<\/strong> periodontologji dhe <strong>trajtime<\/strong> kirurgjikale orale p\u00ebr t\u00eb zgjidhur n\u00eb m\u00ebnyr\u00eb efektive \u00e7do <strong>problem dentar<\/strong> .<\/span><\/p>\t\t\t\t\t\t\t\t<\/div>\n\t\t\t\t<\/div>\n\t\t\t\t<div class=\"elementor-element elementor-element-0d4e5a4 elementor-widget elementor-widget-spacer\" data-id=\"0d4e5a4\" data-element_type=\"widget\" data-e-type=\"widget\" data-widget_type=\"spacer.default\">\n\t\t\t\t<div class=\"elementor-widget-container\">\n\t\t\t\t\t\t\t<div class=\"elementor-spacer\">\n\t\t\t<div class=\"elementor-spacer-inner\"><\/div>\n\t\t<\/div>\n\t\t\t\t\t\t<\/div>\n\t\t\t\t<\/div>\n\t\t\t\t<div class=\"elementor-element elementor-element-d52d561 elementor-widget__width-inherit elementor-widget elementor-widget-heading\" data-id=\"d52d561\" data-element_type=\"widget\" data-e-type=\"widget\" data-widget_type=\"heading.default\">\n\t\t\t\t<div class=\"elementor-widget-container\">\n\t\t\t\t\t<h3 class=\"elementor-heading-title elementor-size-default\"><b>Teknologjit\u00eb dixhitale t\u00eb p\u00ebrparuara<\/b><\/h3>\t\t\t\t<\/div>\n\t\t\t\t<\/div>\n\t\t\t\t<div class=\"elementor-element elementor-element-51ad8e6 elementor-widget elementor-widget-text-editor\" data-id=\"51ad8e6\" data-element_type=\"widget\" data-e-type=\"widget\" data-widget_type=\"text-editor.default\">\n\t\t\t\t<div class=\"elementor-widget-container\">\n\t\t\t\t\t\t\t\t\t<p class=\"peragraf\"><span style=\"font-weight: 400;\"><strong>Diagnoza t\u00eb shpejta dhe t\u00eb sakta<\/strong> fal\u00eb mjeteve t\u00eb teknologjis\u00eb s\u00eb fundit, t\u00eb cilat e b\u00ebjn\u00eb \u00e7do <strong>trajtim<\/strong> m\u00eb t\u00eb rehatsh\u00ebm dhe m\u00eb pak invaziv.<\/span><\/p>\t\t\t\t\t\t\t\t<\/div>\n\t\t\t\t<\/div>\n\t\t\t\t<div class=\"elementor-element elementor-element-10c6241 elementor-widget elementor-widget-spacer\" data-id=\"10c6241\" data-element_type=\"widget\" data-e-type=\"widget\" data-widget_type=\"spacer.default\">\n\t\t\t\t<div class=\"elementor-widget-container\">\n\t\t\t\t\t\t\t<div class=\"elementor-spacer\">\n\t\t\t<div class=\"elementor-spacer-inner\"><\/div>\n\t\t<\/div>\n\t\t\t\t\t\t<\/div>\n\t\t\t\t<\/div>\n\t\t\t\t<div class=\"elementor-element elementor-element-4df4b12 elementor-widget__width-inherit elementor-widget elementor-widget-heading\" data-id=\"4df4b12\" data-element_type=\"widget\" data-e-type=\"widget\" data-widget_type=\"heading.default\">\n\t\t\t\t<div class=\"elementor-widget-container\">\n\t\t\t\t\t<h3 class=\"elementor-heading-title elementor-size-default\"><b>Estetika e buz\u00ebqeshjes<\/b><\/h3>\t\t\t\t<\/div>\n\t\t\t\t<\/div>\n\t\t\t\t<div class=\"elementor-element elementor-element-5057ffc elementor-widget elementor-widget-text-editor\" data-id=\"5057ffc\" data-element_type=\"widget\" data-e-type=\"widget\" data-widget_type=\"text-editor.default\">\n\t\t\t\t<div class=\"elementor-widget-container\">\n\t\t\t\t\t\t\t\t\t<p class=\"peragraf\"><span style=\"font-weight: 400;\"><strong>Zbardhim, faseta<\/strong> dhe restaurime <strong>kozmetike<\/strong> p\u00ebr t\u00eb p\u00ebrmir\u00ebsuar pamjen e buz\u00ebqeshjes suaj n\u00eb nj\u00eb m\u00ebnyr\u00eb natyrale dhe harmonike.<\/span><\/p>\t\t\t\t\t\t\t\t<\/div>\n\t\t\t\t<\/div>\n\t\t\t\t<div class=\"elementor-element elementor-element-7cb6760 elementor-widget elementor-widget-spacer\" data-id=\"7cb6760\" data-element_type=\"widget\" data-e-type=\"widget\" data-widget_type=\"spacer.default\">\n\t\t\t\t<div class=\"elementor-widget-container\">\n\t\t\t\t\t\t\t<div class=\"elementor-spacer\">\n\t\t\t<div class=\"elementor-spacer-inner\"><\/div>\n\t\t<\/div>\n\t\t\t\t\t\t<\/div>\n\t\t\t\t<\/div>\n\t\t\t\t<div class=\"elementor-element elementor-element-dca3be4 elementor-widget__width-inherit elementor-widget elementor-widget-heading\" data-id=\"dca3be4\" data-element_type=\"widget\" data-e-type=\"widget\" data-widget_type=\"heading.default\">\n\t\t\t\t<div class=\"elementor-widget-container\">\n\t\t\t\t\t<h3 class=\"elementor-heading-title elementor-size-default\"><b>Kujdes p\u00ebr t\u00eb gjith\u00eb familjen<\/b><\/h3>\t\t\t\t<\/div>\n\t\t\t\t<\/div>\n\t\t\t\t<div class=\"elementor-element elementor-element-241f4bb elementor-widget elementor-widget-text-editor\" data-id=\"241f4bb\" data-element_type=\"widget\" data-e-type=\"widget\" data-widget_type=\"text-editor.default\">\n\t\t\t\t<div class=\"elementor-widget-container\">\n\t\t\t\t\t\t\t\t\t<p class=\"peragraf\"><span style=\"font-weight: 400;\">Nga f\u00ebmij\u00ebt tek t\u00eb rriturit, ne trajtojm\u00eb \u00e7do <strong>pacient<\/strong> me kujdes, v\u00ebmendje dhe <strong>profesionaliz\u00ebm<\/strong> .<\/span><\/p>\t\t\t\t\t\t\t\t<\/div>\n\t\t\t\t<\/div>\n\t\t\t\t<div class=\"elementor-element elementor-element-d24e995 elementor-widget elementor-widget-spacer\" data-id=\"d24e995\" data-element_type=\"widget\" data-e-type=\"widget\" data-widget_type=\"spacer.default\">\n\t\t\t\t<div class=\"elementor-widget-container\">\n\t\t\t\t\t\t\t<div class=\"elementor-spacer\">\n\t\t\t<div class=\"elementor-spacer-inner\"><\/div>\n\t\t<\/div>\n\t\t\t\t\t\t<\/div>\n\t\t\t\t<\/div>\n\t\t\t\t\t<\/div>\n\t\t\t\t<\/div>\n\t\t\t\t<\/div>\n\t\t\t\t<\/div>\n\t\t<div class=\"elementor-element elementor-element-97a3ea0 e-flex e-con-boxed e-con e-parent\" data-id=\"97a3ea0\" data-element_type=\"container\" data-e-type=\"container\">\n\t\t\t\t\t<div class=\"e-con-inner\">\n\t\t\t\t<div class=\"elementor-element elementor-element-3ac7a3c elementor-align-center elementor-widget elementor-widget-button\" data-id=\"3ac7a3c\" data-element_type=\"widget\" data-e-type=\"widget\" data-widget_type=\"button.default\">\n\t\t\t\t<div class=\"elementor-widget-container\">\n\t\t\t\t\t\t\t\t\t<div class=\"elementor-button-wrapper\">\n\t\t\t\t\t<a class=\"elementor-button elementor-button-link elementor-size-sm\" href=\"https:\/\/www.radiance.al\/sq\/na-kontaktoni\/\">\n\t\t\t\t\t\t<span class=\"elementor-button-content-wrapper\">\n\t\t\t\t\t\t\t\t\t<span class=\"elementor-button-text\">Vizit\u00eb falas<\/span>\n\t\t\t\t\t<\/span>\n\t\t\t\t\t<\/a>\n\t\t\t\t<\/div>\n\t\t\t\t\t\t\t\t<\/div>\n\t\t\t\t<\/div>\n\t\t\t\t<div class=\"elementor-element elementor-element-34cb29e elementor-widget elementor-widget-spacer\" data-id=\"34cb29e\" data-element_type=\"widget\" data-e-type=\"widget\" data-widget_type=\"spacer.default\">\n\t\t\t\t<div class=\"elementor-widget-container\">\n\t\t\t\t\t\t\t<div class=\"elementor-spacer\">\n\t\t\t<div class=\"elementor-spacer-inner\"><\/div>\n\t\t<\/div>\n\t\t\t\t\t\t<\/div>\n\t\t\t\t<\/div>\n\t\t\t\t\t<\/div>\n\t\t\t\t<\/div>\n\t\t\t\t<\/div>\n\t\t","protected":false},"excerpt":{"rendered":"<p>Stomatologji e p\u00ebrgjithshme N\u00eb Spitalin Dentar Radiance Ne kujdesemi p\u00ebr buz\u00ebqeshjen tuaj n\u00eb \u00e7do faz\u00eb t\u00eb jet\u00ebs suaj, me trajtime dentare t\u00eb teknologjis\u00eb s\u00eb fundit, t\u00eb sigurta dhe t\u00eb personalizuara. Q\u00ebllimi yn\u00eb \u00ebsht\u00eb t&#8217;ju ofrojm\u00eb nj\u00eb p\u00ebrvoj\u00eb t\u00eb qet\u00eb dhe rezultate afatgjata, n\u00eb nj\u00eb mjedis profesional dhe mikprit\u00ebs . Parandalimi [&hellip;]<\/p>\n","protected":false},"author":1,"featured_media":4605,"parent":0,"menu_order":0,"comment_status":"closed","ping_status":"closed","template":"elementor_header_footer","meta":{"_acf_changed":false,"footnotes":""},"class_list":["post-3492","page","type-page","status-publish","has-post-thumbnail","hentry"],"acf":[],"yoast_head":"<!-- This site is optimized with the Yoast SEO Premium plugin v27.4 (Yoast SEO v27.4) - https:\/\/yoast.com\/product\/yoast-seo-premium-wordpress\/ -->\n<title>Stomatologji e P\u00ebrgjithshme n\u00eb Tiran\u00eb \u2013 Trajtime Dentare t\u00eb Personalizuara<\/title>\n<meta name=\"description\" content=\"Po k\u00ebrkoni stomatologji t\u00eb p\u00ebrgjithshme n\u00eb Tiran\u00eb? Radiance ofron diagnostikim 3D, kujdes parandalues \u200b\u200bdhe trajtime t\u00eb personalizuara. Vizita juaj e par\u00eb \u00ebsht\u00eb falas!\" \/>\n<meta name=\"robots\" content=\"index, follow, max-snippet:-1, max-image-preview:large, max-video-preview:-1\" \/>\n<link rel=\"canonical\" href=\"https:\/\/www.radiance.al\/sq\/stomatologji-e-pergjithshme\/\" \/>\n<meta property=\"og:locale\" content=\"sq_AL\" \/>\n<meta property=\"og:type\" content=\"article\" \/>\n<meta property=\"og:title\" content=\"Stomatologji e P\u00ebrgjithshme n\u00eb Tiran\u00eb \u2013 kujdes dentar i personalizuar nga Radiance\" \/>\n<meta property=\"og:description\" content=\"Radiance Dental ofron sh\u00ebrbime gjith\u00ebp\u00ebrfshir\u00ebse t\u00eb stomatologjis\u00eb s\u00eb p\u00ebrgjithshme: kujdes parandalues, diagnostikim 3D dhe trajtime t\u00eb personalizuara p\u00ebr buz\u00ebqeshjen tuaj. Konsult\u00eb falas!\" \/>\n<meta property=\"og:url\" content=\"https:\/\/www.radiance.al\/sq\/stomatologji-e-pergjithshme\/\" \/>\n<meta property=\"og:site_name\" content=\"RADIANCE.AL\" \/>\n<meta property=\"article:publisher\" content=\"https:\/\/www.instagram.com\/radiance_al\/?hl=en\" \/>\n<meta property=\"article:modified_time\" content=\"2025-07-11T14:29:12+00:00\" \/>\n<meta property=\"og:image\" content=\"https:\/\/www.radiance.al\/wp-content\/uploads\/2025\/06\/odontoiatria-generale\u200b.jpg\" \/>\n\t<meta property=\"og:image:width\" content=\"1080\" \/>\n\t<meta property=\"og:image:height\" content=\"1350\" \/>\n\t<meta property=\"og:image:type\" content=\"image\/jpeg\" \/>\n<meta name=\"twitter:card\" content=\"summary_large_image\" \/>\n<meta name=\"twitter:title\" content=\"Stomatologji e P\u00ebrgjithshme n\u00eb Tiran\u00eb \u2013 Parandalimi dhe Trajtimi i Personalizuar\" \/>\n<meta name=\"twitter:description\" content=\"Diagnostik\u00eb 3D, parandalim dhe kujdes dentar i personalizuar: zbuloni sh\u00ebrbimet e stomatologjis\u00eb s\u00eb p\u00ebrgjithshme n\u00eb Radiance Dental Tirana!\" \/>\n<meta name=\"twitter:label1\" content=\"Est. reading time\" \/>\n\t<meta name=\"twitter:data1\" content=\"1 minute\" \/>\n<script type=\"application\/ld+json\" class=\"yoast-schema-graph\">{\"@context\":\"https:\\\/\\\/schema.org\",\"@graph\":[{\"@type\":\"WebPage\",\"@id\":\"https:\\\/\\\/www.radiance.al\\\/sq\\\/stomatologji-e-pergjithshme\\\/\",\"url\":\"https:\\\/\\\/www.radiance.al\\\/sq\\\/stomatologji-e-pergjithshme\\\/\",\"name\":\"Stomatologji e P\u00ebrgjithshme n\u00eb Tiran\u00eb \u2013 Trajtime Dentare t\u00eb Personalizuara\",\"isPartOf\":{\"@id\":\"https:\\\/\\\/www.radiance.al\\\/sq\\\/#website\"},\"primaryImageOfPage\":{\"@id\":\"https:\\\/\\\/www.radiance.al\\\/sq\\\/stomatologji-e-pergjithshme\\\/#primaryimage\"},\"image\":{\"@id\":\"https:\\\/\\\/www.radiance.al\\\/sq\\\/stomatologji-e-pergjithshme\\\/#primaryimage\"},\"thumbnailUrl\":\"https:\\\/\\\/www.radiance.al\\\/wp-content\\\/uploads\\\/2025\\\/06\\\/odontoiatria-generale\u200b.jpg\",\"datePublished\":\"2025-05-19T06:59:22+00:00\",\"dateModified\":\"2025-07-11T14:29:12+00:00\",\"description\":\"Po k\u00ebrkoni stomatologji t\u00eb p\u00ebrgjithshme n\u00eb Tiran\u00eb? Radiance ofron diagnostikim 3D, kujdes parandalues \u200b\u200bdhe trajtime t\u00eb personalizuara. Vizita juaj e par\u00eb \u00ebsht\u00eb falas!\",\"breadcrumb\":{\"@id\":\"https:\\\/\\\/www.radiance.al\\\/sq\\\/stomatologji-e-pergjithshme\\\/#breadcrumb\"},\"inLanguage\":\"sq-AL\",\"potentialAction\":[{\"@type\":\"ReadAction\",\"target\":[\"https:\\\/\\\/www.radiance.al\\\/sq\\\/stomatologji-e-pergjithshme\\\/\"]}]},{\"@type\":\"ImageObject\",\"inLanguage\":\"sq-AL\",\"@id\":\"https:\\\/\\\/www.radiance.al\\\/sq\\\/stomatologji-e-pergjithshme\\\/#primaryimage\",\"url\":\"https:\\\/\\\/www.radiance.al\\\/wp-content\\\/uploads\\\/2025\\\/06\\\/odontoiatria-generale\u200b.jpg\",\"contentUrl\":\"https:\\\/\\\/www.radiance.al\\\/wp-content\\\/uploads\\\/2025\\\/06\\\/odontoiatria-generale\u200b.jpg\",\"width\":1080,\"height\":1350,\"caption\":\"Apparecchiature dentistiche moderne utilizzate in trattamenti come otturazioni, igiene orale professionale, ablazione del tartaro e cura della carie.\"},{\"@type\":\"BreadcrumbList\",\"@id\":\"https:\\\/\\\/www.radiance.al\\\/sq\\\/stomatologji-e-pergjithshme\\\/#breadcrumb\",\"itemListElement\":[{\"@type\":\"ListItem\",\"position\":1,\"name\":\"Home\",\"item\":\"https:\\\/\\\/www.radiance.al\\\/sq\\\/\"},{\"@type\":\"ListItem\",\"position\":2,\"name\":\"Stomatologji e p\u00ebrgjithshme\"}]},{\"@type\":\"WebSite\",\"@id\":\"https:\\\/\\\/www.radiance.al\\\/sq\\\/#website\",\"url\":\"https:\\\/\\\/www.radiance.al\\\/sq\\\/\",\"name\":\"RADIANCE.AL\",\"description\":\"RADIANCE DENTAL HOSPITAL\",\"publisher\":{\"@id\":\"https:\\\/\\\/www.radiance.al\\\/sq\\\/#organization\"},\"potentialAction\":[{\"@type\":\"SearchAction\",\"target\":{\"@type\":\"EntryPoint\",\"urlTemplate\":\"https:\\\/\\\/www.radiance.al\\\/sq\\\/?s={search_term_string}\"},\"query-input\":{\"@type\":\"PropertyValueSpecification\",\"valueRequired\":true,\"valueName\":\"search_term_string\"}}],\"inLanguage\":\"sq-AL\"},{\"@type\":\"Organization\",\"@id\":\"https:\\\/\\\/www.radiance.al\\\/sq\\\/#organization\",\"name\":\"RADIANCE.AL\",\"alternateName\":\"Radiance Dental Hospital\",\"url\":\"https:\\\/\\\/www.radiance.al\\\/sq\\\/\",\"logo\":{\"@type\":\"ImageObject\",\"inLanguage\":\"sq-AL\",\"@id\":\"https:\\\/\\\/www.radiance.al\\\/sq\\\/#\\\/schema\\\/logo\\\/image\\\/\",\"url\":\"https:\\\/\\\/www.radiance.al\\\/wp-content\\\/uploads\\\/2025\\\/05\\\/faviconn.jpeg\",\"contentUrl\":\"https:\\\/\\\/www.radiance.al\\\/wp-content\\\/uploads\\\/2025\\\/05\\\/faviconn.jpeg\",\"width\":48,\"height\":48,\"caption\":\"RADIANCE.AL\"},\"image\":{\"@id\":\"https:\\\/\\\/www.radiance.al\\\/sq\\\/#\\\/schema\\\/logo\\\/image\\\/\"},\"sameAs\":[\"https:\\\/\\\/www.instagram.com\\\/radiance_al\\\/?hl=en\"],\"description\":\"\\\"Radiance Dental Hospital n\u00eb Shqip\u00ebri: spital dentar modern me teknologji 3D, implantologji, estetik\u00eb dhe specialist\u00eb me mbi 15 vite p\u00ebrvoj\u00eb. Prenoto konsult\u00ebn falas!\\\"\",\"email\":\"info@radiance.al\",\"telephone\":\"+355694799949\",\"legalName\":\"Radiance Dental Hospital\",\"foundingDate\":\"2025-03-18\",\"numberOfEmployees\":{\"@type\":\"QuantitativeValue\",\"minValue\":\"11\",\"maxValue\":\"50\"}}]}<\/script>\n<!-- \/ Yoast SEO Premium plugin. -->","yoast_head_json":{"title":"Stomatologji e P\u00ebrgjithshme n\u00eb Tiran\u00eb \u2013 Trajtime Dentare t\u00eb Personalizuara","description":"Po k\u00ebrkoni stomatologji t\u00eb p\u00ebrgjithshme n\u00eb Tiran\u00eb? Radiance ofron diagnostikim 3D, kujdes parandalues \u200b\u200bdhe trajtime t\u00eb personalizuara. Vizita juaj e par\u00eb \u00ebsht\u00eb falas!","robots":{"index":"index","follow":"follow","max-snippet":"max-snippet:-1","max-image-preview":"max-image-preview:large","max-video-preview":"max-video-preview:-1"},"canonical":"https:\/\/www.radiance.al\/sq\/stomatologji-e-pergjithshme\/","og_locale":"sq_AL","og_type":"article","og_title":"Stomatologji e P\u00ebrgjithshme n\u00eb Tiran\u00eb \u2013 kujdes dentar i personalizuar nga Radiance","og_description":"Radiance Dental ofron sh\u00ebrbime gjith\u00ebp\u00ebrfshir\u00ebse t\u00eb stomatologjis\u00eb s\u00eb p\u00ebrgjithshme: kujdes parandalues, diagnostikim 3D dhe trajtime t\u00eb personalizuara p\u00ebr buz\u00ebqeshjen tuaj. Konsult\u00eb falas!","og_url":"https:\/\/www.radiance.al\/sq\/stomatologji-e-pergjithshme\/","og_site_name":"RADIANCE.AL","article_publisher":"https:\/\/www.instagram.com\/radiance_al\/?hl=en","article_modified_time":"2025-07-11T14:29:12+00:00","og_image":[{"width":1080,"height":1350,"url":"https:\/\/www.radiance.al\/wp-content\/uploads\/2025\/06\/odontoiatria-generale\u200b.jpg","type":"image\/jpeg"}],"twitter_card":"summary_large_image","twitter_title":"Stomatologji e P\u00ebrgjithshme n\u00eb Tiran\u00eb \u2013 Parandalimi dhe Trajtimi i Personalizuar","twitter_description":"Diagnostik\u00eb 3D, parandalim dhe kujdes dentar i personalizuar: zbuloni sh\u00ebrbimet e stomatologjis\u00eb s\u00eb p\u00ebrgjithshme n\u00eb Radiance Dental Tirana!","twitter_misc":{"Est. reading time":"1 minute"},"schema":{"@context":"https:\/\/schema.org","@graph":[{"@type":"WebPage","@id":"https:\/\/www.radiance.al\/sq\/stomatologji-e-pergjithshme\/","url":"https:\/\/www.radiance.al\/sq\/stomatologji-e-pergjithshme\/","name":"Stomatologji e P\u00ebrgjithshme n\u00eb Tiran\u00eb \u2013 Trajtime Dentare t\u00eb Personalizuara","isPartOf":{"@id":"https:\/\/www.radiance.al\/sq\/#website"},"primaryImageOfPage":{"@id":"https:\/\/www.radiance.al\/sq\/stomatologji-e-pergjithshme\/#primaryimage"},"image":{"@id":"https:\/\/www.radiance.al\/sq\/stomatologji-e-pergjithshme\/#primaryimage"},"thumbnailUrl":"https:\/\/www.radiance.al\/wp-content\/uploads\/2025\/06\/odontoiatria-generale\u200b.jpg","datePublished":"2025-05-19T06:59:22+00:00","dateModified":"2025-07-11T14:29:12+00:00","description":"Po k\u00ebrkoni stomatologji t\u00eb p\u00ebrgjithshme n\u00eb Tiran\u00eb? Radiance ofron diagnostikim 3D, kujdes parandalues \u200b\u200bdhe trajtime t\u00eb personalizuara. Vizita juaj e par\u00eb \u00ebsht\u00eb falas!","breadcrumb":{"@id":"https:\/\/www.radiance.al\/sq\/stomatologji-e-pergjithshme\/#breadcrumb"},"inLanguage":"sq-AL","potentialAction":[{"@type":"ReadAction","target":["https:\/\/www.radiance.al\/sq\/stomatologji-e-pergjithshme\/"]}]},{"@type":"ImageObject","inLanguage":"sq-AL","@id":"https:\/\/www.radiance.al\/sq\/stomatologji-e-pergjithshme\/#primaryimage","url":"https:\/\/www.radiance.al\/wp-content\/uploads\/2025\/06\/odontoiatria-generale\u200b.jpg","contentUrl":"https:\/\/www.radiance.al\/wp-content\/uploads\/2025\/06\/odontoiatria-generale\u200b.jpg","width":1080,"height":1350,"caption":"Apparecchiature dentistiche moderne utilizzate in trattamenti come otturazioni, igiene orale professionale, ablazione del tartaro e cura della carie."},{"@type":"BreadcrumbList","@id":"https:\/\/www.radiance.al\/sq\/stomatologji-e-pergjithshme\/#breadcrumb","itemListElement":[{"@type":"ListItem","position":1,"name":"Home","item":"https:\/\/www.radiance.al\/sq\/"},{"@type":"ListItem","position":2,"name":"Stomatologji e p\u00ebrgjithshme"}]},{"@type":"WebSite","@id":"https:\/\/www.radiance.al\/sq\/#website","url":"https:\/\/www.radiance.al\/sq\/","name":"RADIANCE.AL","description":"RADIANCE DENTAL HOSPITAL","publisher":{"@id":"https:\/\/www.radiance.al\/sq\/#organization"},"potentialAction":[{"@type":"SearchAction","target":{"@type":"EntryPoint","urlTemplate":"https:\/\/www.radiance.al\/sq\/?s={search_term_string}"},"query-input":{"@type":"PropertyValueSpecification","valueRequired":true,"valueName":"search_term_string"}}],"inLanguage":"sq-AL"},{"@type":"Organization","@id":"https:\/\/www.radiance.al\/sq\/#organization","name":"RADIANCE.AL","alternateName":"Radiance Dental Hospital","url":"https:\/\/www.radiance.al\/sq\/","logo":{"@type":"ImageObject","inLanguage":"sq-AL","@id":"https:\/\/www.radiance.al\/sq\/#\/schema\/logo\/image\/","url":"https:\/\/www.radiance.al\/wp-content\/uploads\/2025\/05\/faviconn.jpeg","contentUrl":"https:\/\/www.radiance.al\/wp-content\/uploads\/2025\/05\/faviconn.jpeg","width":48,"height":48,"caption":"RADIANCE.AL"},"image":{"@id":"https:\/\/www.radiance.al\/sq\/#\/schema\/logo\/image\/"},"sameAs":["https:\/\/www.instagram.com\/radiance_al\/?hl=en"],"description":"\"Radiance Dental Hospital n\u00eb Shqip\u00ebri: spital dentar modern me teknologji 3D, implantologji, estetik\u00eb dhe specialist\u00eb me mbi 15 vite p\u00ebrvoj\u00eb. Prenoto konsult\u00ebn falas!\"","email":"info@radiance.al","telephone":"+355694799949","legalName":"Radiance Dental Hospital","foundingDate":"2025-03-18","numberOfEmployees":{"@type":"QuantitativeValue","minValue":"11","maxValue":"50"}}]}},"_links":{"self":[{"href":"https:\/\/www.radiance.al\/sq\/wp-json\/wp\/v2\/pages\/3492","targetHints":{"allow":["GET"]}}],"collection":[{"href":"https:\/\/www.radiance.al\/sq\/wp-json\/wp\/v2\/pages"}],"about":[{"href":"https:\/\/www.radiance.al\/sq\/wp-json\/wp\/v2\/types\/page"}],"author":[{"embeddable":true,"href":"https:\/\/www.radiance.al\/sq\/wp-json\/wp\/v2\/users\/1"}],"replies":[{"embeddable":true,"href":"https:\/\/www.radiance.al\/sq\/wp-json\/wp\/v2\/comments?post=3492"}],"version-history":[{"count":0,"href":"https:\/\/www.radiance.al\/sq\/wp-json\/wp\/v2\/pages\/3492\/revisions"}],"wp:featuredmedia":[{"embeddable":true,"href":"https:\/\/www.radiance.al\/sq\/wp-json\/wp\/v2\/media\/4605"}],"wp:attachment":[{"href":"https:\/\/www.radiance.al\/sq\/wp-json\/wp\/v2\/media?parent=3492"}],"curies":[{"name":"wp","href":"https:\/\/api.w.org\/{rel}","templated":true}]}}