{"id":3507,"date":"2025-05-20T13:14:32","date_gmt":"2025-05-20T13:14:32","guid":{"rendered":"https:\/\/www.hayasagi.com\/ortodonci\/"},"modified":"2025-10-05T15:05:18","modified_gmt":"2025-10-05T15:05:18","slug":"ortodonci","status":"publish","type":"page","link":"https:\/\/www.radiance.al\/sq\/ortodonci\/","title":{"rendered":"Ortodonci"},"content":{"rendered":"\t\t<div data-elementor-type=\"wp-page\" data-elementor-id=\"3507\" class=\"elementor elementor-3507\">\n\t\t\t\t<div class=\"elementor-element elementor-element-8336e7e e-con-full e-flex e-con e-parent\" data-id=\"8336e7e\" data-element_type=\"container\" data-e-type=\"container\">\n\t\t<div class=\"elementor-element elementor-element-c949a15 e-con-full e-flex e-con e-child\" data-id=\"c949a15\" data-element_type=\"container\" data-e-type=\"container\">\n\t\t\t\t<div class=\"elementor-element elementor-element-35d5d6f elementor-widget elementor-widget-spacer\" data-id=\"35d5d6f\" data-element_type=\"widget\" data-e-type=\"widget\" data-widget_type=\"spacer.default\">\n\t\t\t\t<div class=\"elementor-widget-container\">\n\t\t\t\t\t\t\t<div class=\"elementor-spacer\">\n\t\t\t<div class=\"elementor-spacer-inner\"><\/div>\n\t\t<\/div>\n\t\t\t\t\t\t<\/div>\n\t\t\t\t<\/div>\n\t\t\t\t<div class=\"elementor-element elementor-element-a5a1c8b elementor-widget elementor-widget-image\" data-id=\"a5a1c8b\" data-element_type=\"widget\" data-e-type=\"widget\" data-widget_type=\"image.default\">\n\t\t\t\t<div class=\"elementor-widget-container\">\n\t\t\t\t\t\t\t\t\t\t\t\t<figure class=\"wp-caption\">\n\t\t\t\t\t\t\t\t\t\t<img fetchpriority=\"high\" decoding=\"async\" width=\"700\" height=\"875\" src=\"https:\/\/www.radiance.al\/wp-content\/uploads\/2025\/06\/ortodonzia-1.jpg\" class=\"attachment-full size-full wp-image-5818\" alt=\"Allineatore trasparente ortodontico in fase di applicazione \u2013 trattamento indicato anche in presenza di tasche parodontali, lieve riassorbimento osseo o disallineamenti funzionali\" srcset=\"https:\/\/www.radiance.al\/wp-content\/uploads\/2025\/06\/ortodonzia-1.jpg 700w, https:\/\/www.radiance.al\/wp-content\/uploads\/2025\/06\/ortodonzia-1-240x300.jpg 240w\" sizes=\"(max-width: 700px) 100vw, 700px\" \/>\t\t\t\t\t\t\t\t\t\t\t<figcaption class=\"widget-image-caption wp-caption-text\"><\/figcaption>\n\t\t\t\t\t\t\t\t\t\t<\/figure>\n\t\t\t\t\t\t\t\t\t<\/div>\n\t\t\t\t<\/div>\n\t\t\t\t<\/div>\n\t\t<div class=\"elementor-element elementor-element-f7444cc e-con-full e-flex e-con e-child\" data-id=\"f7444cc\" data-element_type=\"container\" data-e-type=\"container\">\n\t\t\t\t<div class=\"elementor-element elementor-element-864573a elementor-widget elementor-widget-heading\" data-id=\"864573a\" data-element_type=\"widget\" data-e-type=\"widget\" data-widget_type=\"heading.default\">\n\t\t\t\t<div class=\"elementor-widget-container\">\n\t\t\t\t\t<h1 class=\"elementor-heading-title elementor-size-default\">Ortodoncia<\/h1>\t\t\t\t<\/div>\n\t\t\t\t<\/div>\n\t\t\t\t<div class=\"elementor-element elementor-element-6bc25c3 elementor-widget elementor-widget-text-editor\" data-id=\"6bc25c3\" data-element_type=\"widget\" data-e-type=\"widget\" data-widget_type=\"text-editor.default\">\n\t\t\t\t<div class=\"elementor-widget-container\">\n\t\t\t\t\t\t\t\t\t<p>Dh\u00ebmb\u00ebt e drejt\u00eb nuk jan\u00eb vet\u00ebm \u00e7\u00ebshtje estetike: ato p\u00ebrmir\u00ebsojn\u00eb p\u00ebrtypjen, sh\u00ebndetin e mishrave t\u00eb dh\u00ebmb\u00ebve dhe q\u00ebndrimin e nofull\u00ebs.<br \/>Me ortodoncin\u00eb moderne t\u00eb Spitalit Dentar Radiance, mund t\u00eb arrini nj\u00eb buz\u00ebqeshje t\u00eb p\u00ebrsosur pa sakrifikuar rehatin\u00eb ose estetik\u00ebn gjat\u00eb trajtimit.<\/p>\t\t\t\t\t\t\t\t<\/div>\n\t\t\t\t<\/div>\n\t\t\t\t<div class=\"elementor-element elementor-element-8b8146c elementor-widget-divider--view-line elementor-widget elementor-widget-divider\" data-id=\"8b8146c\" data-element_type=\"widget\" data-e-type=\"widget\" data-widget_type=\"divider.default\">\n\t\t\t\t<div class=\"elementor-widget-container\">\n\t\t\t\t\t\t\t<div class=\"elementor-divider\">\n\t\t\t<span class=\"elementor-divider-separator\">\n\t\t\t\t\t\t<\/span>\n\t\t<\/div>\n\t\t\t\t\t\t<\/div>\n\t\t\t\t<\/div>\n\t\t\t\t<div class=\"elementor-element elementor-element-9709b8e elementor-widget elementor-widget-heading\" data-id=\"9709b8e\" data-element_type=\"widget\" data-e-type=\"widget\" data-widget_type=\"heading.default\">\n\t\t\t\t<div class=\"elementor-widget-container\">\n\t\t\t\t\t<h2 class=\"elementor-heading-title elementor-size-default\">Ortodonci transparente (lidh\u00ebs t\u00eb paduksh\u00ebm)<\/h2>\t\t\t\t<\/div>\n\t\t\t\t<\/div>\n\t\t\t\t<div class=\"elementor-element elementor-element-19645a0 elementor-widget elementor-widget-text-editor\" data-id=\"19645a0\" data-element_type=\"widget\" data-e-type=\"widget\" data-widget_type=\"text-editor.default\">\n\t\t\t\t<div class=\"elementor-widget-container\">\n\t\t\t\t\t\t\t\t\t<p>Drejtoni dh\u00ebmb\u00ebt tuaj diskret dhe n\u00eb m\u00ebnyr\u00eb t\u00eb rehatshme me aparate dh\u00ebmb\u00ebsh transparent\u00eb t\u00eb prodhuar me porosi. Ideale p\u00ebr t\u00eb rriturit dhe adoleshent\u00ebt q\u00eb duan rezultate efektive pa aparate dh\u00ebmb\u00ebsh t\u00eb duksh\u00ebm.<\/p>\t\t\t\t\t\t\t\t<\/div>\n\t\t\t\t<\/div>\n\t\t\t\t<div class=\"elementor-element elementor-element-528a63b elementor-widget elementor-widget-spacer\" data-id=\"528a63b\" data-element_type=\"widget\" data-e-type=\"widget\" data-widget_type=\"spacer.default\">\n\t\t\t\t<div class=\"elementor-widget-container\">\n\t\t\t\t\t\t\t<div class=\"elementor-spacer\">\n\t\t\t<div class=\"elementor-spacer-inner\"><\/div>\n\t\t<\/div>\n\t\t\t\t\t\t<\/div>\n\t\t\t\t<\/div>\n\t\t\t\t<div class=\"elementor-element elementor-element-7d9be86 elementor-widget elementor-widget-heading\" data-id=\"7d9be86\" data-element_type=\"widget\" data-e-type=\"widget\" data-widget_type=\"heading.default\">\n\t\t\t\t<div class=\"elementor-widget-container\">\n\t\t\t\t\t<h2 class=\"elementor-heading-title elementor-size-default\">Pajisje fikse tradicionale dhe estetike<\/h2>\t\t\t\t<\/div>\n\t\t\t\t<\/div>\n\t\t\t\t<div class=\"elementor-element elementor-element-f1a203b elementor-widget elementor-widget-text-editor\" data-id=\"f1a203b\" data-element_type=\"widget\" data-e-type=\"widget\" data-widget_type=\"text-editor.default\">\n\t\t\t\t<div class=\"elementor-widget-container\">\n\t\t\t\t\t\t\t\t\t<p>Zgjidhje t\u00eb besueshme p\u00ebr l\u00ebvizje m\u00eb komplekse t\u00eb dh\u00ebmb\u00ebve, t\u00eb disponueshme edhe me bashkangjitje estetike qeramike, m\u00eb diskrete se metali.<\/p>\t\t\t\t\t\t\t\t<\/div>\n\t\t\t\t<\/div>\n\t\t\t\t<div class=\"elementor-element elementor-element-887e7a0 elementor-widget elementor-widget-spacer\" data-id=\"887e7a0\" data-element_type=\"widget\" data-e-type=\"widget\" data-widget_type=\"spacer.default\">\n\t\t\t\t<div class=\"elementor-widget-container\">\n\t\t\t\t\t\t\t<div class=\"elementor-spacer\">\n\t\t\t<div class=\"elementor-spacer-inner\"><\/div>\n\t\t<\/div>\n\t\t\t\t\t\t<\/div>\n\t\t\t\t<\/div>\n\t\t\t\t<div class=\"elementor-element elementor-element-5c235c4 elementor-widget elementor-widget-heading\" data-id=\"5c235c4\" data-element_type=\"widget\" data-e-type=\"widget\" data-widget_type=\"heading.default\">\n\t\t\t\t<div class=\"elementor-widget-container\">\n\t\t\t\t\t<h2 class=\"elementor-heading-title elementor-size-default\">Ortodonci interceptive p\u00ebr f\u00ebmij\u00eb<\/h2>\t\t\t\t<\/div>\n\t\t\t\t<\/div>\n\t\t\t\t<div class=\"elementor-element elementor-element-13a8b78 elementor-widget elementor-widget-text-editor\" data-id=\"13a8b78\" data-element_type=\"widget\" data-e-type=\"widget\" data-widget_type=\"text-editor.default\">\n\t\t\t\t<div class=\"elementor-widget-container\">\n\t\t\t\t\t\t\t\t\t<p>Diagnostikim i hersh\u00ebm dhe pajisje funksionale p\u00ebr t\u00eb udh\u00ebhequr zhvillimin e duhur t\u00eb nofull\u00ebs dhe p\u00ebr t\u00eb parandaluar problemet e ardhshme.<\/p>\t\t\t\t\t\t\t\t<\/div>\n\t\t\t\t<\/div>\n\t\t\t\t<div class=\"elementor-element elementor-element-f54b797 elementor-widget elementor-widget-spacer\" data-id=\"f54b797\" data-element_type=\"widget\" data-e-type=\"widget\" data-widget_type=\"spacer.default\">\n\t\t\t\t<div class=\"elementor-widget-container\">\n\t\t\t\t\t\t\t<div class=\"elementor-spacer\">\n\t\t\t<div class=\"elementor-spacer-inner\"><\/div>\n\t\t<\/div>\n\t\t\t\t\t\t<\/div>\n\t\t\t\t<\/div>\n\t\t\t\t<div class=\"elementor-element elementor-element-34cdf1a elementor-widget elementor-widget-heading\" data-id=\"34cdf1a\" data-element_type=\"widget\" data-e-type=\"widget\" data-widget_type=\"heading.default\">\n\t\t\t\t<div class=\"elementor-widget-container\">\n\t\t\t\t\t<h2 class=\"elementor-heading-title elementor-size-default\">Teknologjia dixhitale dhe personalizimi<\/h2>\t\t\t\t<\/div>\n\t\t\t\t<\/div>\n\t\t\t\t<div class=\"elementor-element elementor-element-964f28a elementor-widget elementor-widget-text-editor\" data-id=\"964f28a\" data-element_type=\"widget\" data-e-type=\"widget\" data-widget_type=\"text-editor.default\">\n\t\t\t\t<div class=\"elementor-widget-container\">\n\t\t\t\t\t\t\t\t\t<p>Fal\u00eb skaner\u00ebve 3D intraoral\u00eb, softuer\u00ebve t\u00eb p\u00ebrparuar dhe planifikimit dixhital t\u00eb l\u00ebvizjes s\u00eb dh\u00ebmb\u00ebve, ne mund t&#8217;ju ofrojm\u00eb nj\u00eb plan trajtimi ortodontik t\u00eb personalizuar q\u00eb \u00ebsht\u00eb m\u00eb i shpejt\u00eb, m\u00eb i sakt\u00eb dhe m\u00eb i rehatsh\u00ebm.<\/p>\t\t\t\t\t\t\t\t<\/div>\n\t\t\t\t<\/div>\n\t\t\t\t<div class=\"elementor-element elementor-element-adb2fa1 elementor-widget elementor-widget-spacer\" data-id=\"adb2fa1\" data-element_type=\"widget\" data-e-type=\"widget\" data-widget_type=\"spacer.default\">\n\t\t\t\t<div class=\"elementor-widget-container\">\n\t\t\t\t\t\t\t<div class=\"elementor-spacer\">\n\t\t\t<div class=\"elementor-spacer-inner\"><\/div>\n\t\t<\/div>\n\t\t\t\t\t\t<\/div>\n\t\t\t\t<\/div>\n\t\t\t\t<div class=\"elementor-element elementor-element-c7927bf elementor-widget elementor-widget-spacer\" data-id=\"c7927bf\" data-element_type=\"widget\" data-e-type=\"widget\" data-widget_type=\"spacer.default\">\n\t\t\t\t<div class=\"elementor-widget-container\">\n\t\t\t\t\t\t\t<div class=\"elementor-spacer\">\n\t\t\t<div class=\"elementor-spacer-inner\"><\/div>\n\t\t<\/div>\n\t\t\t\t\t\t<\/div>\n\t\t\t\t<\/div>\n\t\t\t\t<\/div>\n\t\t\t\t<\/div>\n\t\t<div class=\"elementor-element elementor-element-d466a6b e-flex e-con-boxed e-con e-parent\" data-id=\"d466a6b\" data-element_type=\"container\" data-e-type=\"container\">\n\t\t\t\t\t<div class=\"e-con-inner\">\n\t\t\t\t<div class=\"elementor-element elementor-element-426e922 elementor-align-center elementor-widget elementor-widget-button\" data-id=\"426e922\" data-element_type=\"widget\" data-e-type=\"widget\" data-widget_type=\"button.default\">\n\t\t\t\t<div class=\"elementor-widget-container\">\n\t\t\t\t\t\t\t\t\t<div class=\"elementor-button-wrapper\">\n\t\t\t\t\t<a class=\"elementor-button elementor-button-link elementor-size-sm\" href=\"https:\/\/www.radiance.al\/sq\/na-kontaktoni\/%20\">\n\t\t\t\t\t\t<span class=\"elementor-button-content-wrapper\">\n\t\t\t\t\t\t\t\t\t<span class=\"elementor-button-text\">Vizit\u00eb falas<\/span>\n\t\t\t\t\t<\/span>\n\t\t\t\t\t<\/a>\n\t\t\t\t<\/div>\n\t\t\t\t\t\t\t\t<\/div>\n\t\t\t\t<\/div>\n\t\t\t\t<div class=\"elementor-element elementor-element-7db6c5d elementor-widget elementor-widget-spacer\" data-id=\"7db6c5d\" data-element_type=\"widget\" data-e-type=\"widget\" data-widget_type=\"spacer.default\">\n\t\t\t\t<div class=\"elementor-widget-container\">\n\t\t\t\t\t\t\t<div class=\"elementor-spacer\">\n\t\t\t<div class=\"elementor-spacer-inner\"><\/div>\n\t\t<\/div>\n\t\t\t\t\t\t<\/div>\n\t\t\t\t<\/div>\n\t\t\t\t\t<\/div>\n\t\t\t\t<\/div>\n\t\t\t\t<\/div>\n\t\t","protected":false},"excerpt":{"rendered":"<p>Ortodoncia Dh\u00ebmb\u00ebt e drejt\u00eb nuk jan\u00eb vet\u00ebm \u00e7\u00ebshtje estetike: ato p\u00ebrmir\u00ebsojn\u00eb p\u00ebrtypjen, sh\u00ebndetin e mishrave t\u00eb dh\u00ebmb\u00ebve dhe q\u00ebndrimin e nofull\u00ebs.Me ortodoncin\u00eb moderne t\u00eb Spitalit Dentar Radiance, mund t\u00eb arrini nj\u00eb buz\u00ebqeshje t\u00eb p\u00ebrsosur pa sakrifikuar rehatin\u00eb ose estetik\u00ebn gjat\u00eb trajtimit. Ortodonci transparente (lidh\u00ebs t\u00eb paduksh\u00ebm) Drejtoni dh\u00ebmb\u00ebt tuaj diskret [&hellip;]<\/p>\n","protected":false},"author":1,"featured_media":0,"parent":0,"menu_order":0,"comment_status":"closed","ping_status":"closed","template":"elementor_header_footer","meta":{"_acf_changed":false,"footnotes":""},"class_list":["post-3507","page","type-page","status-publish","hentry"],"acf":[],"yoast_head":"<!-- This site is optimized with the Yoast SEO Premium plugin v27.4 (Yoast SEO v27.4) - https:\/\/yoast.com\/product\/yoast-seo-premium-wordpress\/ -->\n<title>Ortodonci - RADIANCE.AL<\/title>\n<meta name=\"robots\" content=\"index, follow, max-snippet:-1, max-image-preview:large, max-video-preview:-1\" \/>\n<link rel=\"canonical\" href=\"https:\/\/www.radiance.al\/sq\/ortodonci\/\" \/>\n<meta property=\"og:locale\" content=\"sq_AL\" \/>\n<meta property=\"og:type\" content=\"article\" \/>\n<meta property=\"og:title\" content=\"Ortodonci\" \/>\n<meta property=\"og:description\" content=\"Ortodoncia Dh\u00ebmb\u00ebt e drejt\u00eb nuk jan\u00eb vet\u00ebm \u00e7\u00ebshtje estetike: ato p\u00ebrmir\u00ebsojn\u00eb p\u00ebrtypjen, sh\u00ebndetin e mishrave t\u00eb dh\u00ebmb\u00ebve dhe q\u00ebndrimin e nofull\u00ebs.Me ortodoncin\u00eb moderne t\u00eb Spitalit Dentar Radiance, mund t\u00eb arrini nj\u00eb buz\u00ebqeshje t\u00eb p\u00ebrsosur pa sakrifikuar rehatin\u00eb ose estetik\u00ebn gjat\u00eb trajtimit. Ortodonci transparente (lidh\u00ebs t\u00eb paduksh\u00ebm) Drejtoni dh\u00ebmb\u00ebt tuaj diskret [&hellip;]\" \/>\n<meta property=\"og:url\" content=\"https:\/\/www.radiance.al\/sq\/ortodonci\/\" \/>\n<meta property=\"og:site_name\" content=\"RADIANCE.AL\" \/>\n<meta property=\"article:publisher\" content=\"https:\/\/www.instagram.com\/radiance_al\/?hl=en\" \/>\n<meta property=\"article:modified_time\" content=\"2025-10-05T15:05:18+00:00\" \/>\n<meta property=\"og:image\" content=\"https:\/\/www.radiance.al\/wp-content\/uploads\/2025\/06\/ortodonzia-1.jpg\" \/>\n\t<meta property=\"og:image:width\" content=\"700\" \/>\n\t<meta property=\"og:image:height\" content=\"875\" \/>\n\t<meta property=\"og:image:type\" content=\"image\/jpeg\" \/>\n<meta name=\"twitter:card\" content=\"summary_large_image\" \/>\n<meta name=\"twitter:label1\" content=\"Est. reading time\" \/>\n\t<meta name=\"twitter:data1\" content=\"2 minutes\" \/>\n<script type=\"application\/ld+json\" class=\"yoast-schema-graph\">{\"@context\":\"https:\\\/\\\/schema.org\",\"@graph\":[{\"@type\":\"WebPage\",\"@id\":\"https:\\\/\\\/www.radiance.al\\\/sq\\\/ortodonci\\\/\",\"url\":\"https:\\\/\\\/www.radiance.al\\\/sq\\\/ortodonci\\\/\",\"name\":\"Ortodonci - RADIANCE.AL\",\"isPartOf\":{\"@id\":\"https:\\\/\\\/www.radiance.al\\\/sq\\\/#website\"},\"primaryImageOfPage\":{\"@id\":\"https:\\\/\\\/www.radiance.al\\\/sq\\\/ortodonci\\\/#primaryimage\"},\"image\":{\"@id\":\"https:\\\/\\\/www.radiance.al\\\/sq\\\/ortodonci\\\/#primaryimage\"},\"thumbnailUrl\":\"https:\\\/\\\/www.radiance.al\\\/wp-content\\\/uploads\\\/2025\\\/06\\\/ortodonzia-1.jpg\",\"datePublished\":\"2025-05-20T13:14:32+00:00\",\"dateModified\":\"2025-10-05T15:05:18+00:00\",\"breadcrumb\":{\"@id\":\"https:\\\/\\\/www.radiance.al\\\/sq\\\/ortodonci\\\/#breadcrumb\"},\"inLanguage\":\"sq-AL\",\"potentialAction\":[{\"@type\":\"ReadAction\",\"target\":[\"https:\\\/\\\/www.radiance.al\\\/sq\\\/ortodonci\\\/\"]}]},{\"@type\":\"ImageObject\",\"inLanguage\":\"sq-AL\",\"@id\":\"https:\\\/\\\/www.radiance.al\\\/sq\\\/ortodonci\\\/#primaryimage\",\"url\":\"https:\\\/\\\/www.radiance.al\\\/wp-content\\\/uploads\\\/2025\\\/06\\\/ortodonzia-1.jpg\",\"contentUrl\":\"https:\\\/\\\/www.radiance.al\\\/wp-content\\\/uploads\\\/2025\\\/06\\\/ortodonzia-1.jpg\"},{\"@type\":\"BreadcrumbList\",\"@id\":\"https:\\\/\\\/www.radiance.al\\\/sq\\\/ortodonci\\\/#breadcrumb\",\"itemListElement\":[{\"@type\":\"ListItem\",\"position\":1,\"name\":\"Home\",\"item\":\"https:\\\/\\\/www.radiance.al\\\/sq\\\/\"},{\"@type\":\"ListItem\",\"position\":2,\"name\":\"Ortodonci\"}]},{\"@type\":\"WebSite\",\"@id\":\"https:\\\/\\\/www.radiance.al\\\/sq\\\/#website\",\"url\":\"https:\\\/\\\/www.radiance.al\\\/sq\\\/\",\"name\":\"RADIANCE.AL\",\"description\":\"RADIANCE DENTAL HOSPITAL\",\"publisher\":{\"@id\":\"https:\\\/\\\/www.radiance.al\\\/sq\\\/#organization\"},\"potentialAction\":[{\"@type\":\"SearchAction\",\"target\":{\"@type\":\"EntryPoint\",\"urlTemplate\":\"https:\\\/\\\/www.radiance.al\\\/sq\\\/?s={search_term_string}\"},\"query-input\":{\"@type\":\"PropertyValueSpecification\",\"valueRequired\":true,\"valueName\":\"search_term_string\"}}],\"inLanguage\":\"sq-AL\"},{\"@type\":\"Organization\",\"@id\":\"https:\\\/\\\/www.radiance.al\\\/sq\\\/#organization\",\"name\":\"RADIANCE.AL\",\"alternateName\":\"Radiance Dental Hospital\",\"url\":\"https:\\\/\\\/www.radiance.al\\\/sq\\\/\",\"logo\":{\"@type\":\"ImageObject\",\"inLanguage\":\"sq-AL\",\"@id\":\"https:\\\/\\\/www.radiance.al\\\/sq\\\/#\\\/schema\\\/logo\\\/image\\\/\",\"url\":\"https:\\\/\\\/www.radiance.al\\\/wp-content\\\/uploads\\\/2025\\\/05\\\/faviconn.jpeg\",\"contentUrl\":\"https:\\\/\\\/www.radiance.al\\\/wp-content\\\/uploads\\\/2025\\\/05\\\/faviconn.jpeg\",\"width\":48,\"height\":48,\"caption\":\"RADIANCE.AL\"},\"image\":{\"@id\":\"https:\\\/\\\/www.radiance.al\\\/sq\\\/#\\\/schema\\\/logo\\\/image\\\/\"},\"sameAs\":[\"https:\\\/\\\/www.instagram.com\\\/radiance_al\\\/?hl=en\"],\"description\":\"\\\"Radiance Dental Hospital n\u00eb Shqip\u00ebri: spital dentar modern me teknologji 3D, implantologji, estetik\u00eb dhe specialist\u00eb me mbi 15 vite p\u00ebrvoj\u00eb. Prenoto konsult\u00ebn falas!\\\"\",\"email\":\"info@radiance.al\",\"telephone\":\"+355694799949\",\"legalName\":\"Radiance Dental Hospital\",\"foundingDate\":\"2025-03-18\",\"numberOfEmployees\":{\"@type\":\"QuantitativeValue\",\"minValue\":\"11\",\"maxValue\":\"50\"}}]}<\/script>\n<!-- \/ Yoast SEO Premium plugin. -->","yoast_head_json":{"title":"Ortodonci - RADIANCE.AL","robots":{"index":"index","follow":"follow","max-snippet":"max-snippet:-1","max-image-preview":"max-image-preview:large","max-video-preview":"max-video-preview:-1"},"canonical":"https:\/\/www.radiance.al\/sq\/ortodonci\/","og_locale":"sq_AL","og_type":"article","og_title":"Ortodonci","og_description":"Ortodoncia Dh\u00ebmb\u00ebt e drejt\u00eb nuk jan\u00eb vet\u00ebm \u00e7\u00ebshtje estetike: ato p\u00ebrmir\u00ebsojn\u00eb p\u00ebrtypjen, sh\u00ebndetin e mishrave t\u00eb dh\u00ebmb\u00ebve dhe q\u00ebndrimin e nofull\u00ebs.Me ortodoncin\u00eb moderne t\u00eb Spitalit Dentar Radiance, mund t\u00eb arrini nj\u00eb buz\u00ebqeshje t\u00eb p\u00ebrsosur pa sakrifikuar rehatin\u00eb ose estetik\u00ebn gjat\u00eb trajtimit. Ortodonci transparente (lidh\u00ebs t\u00eb paduksh\u00ebm) Drejtoni dh\u00ebmb\u00ebt tuaj diskret [&hellip;]","og_url":"https:\/\/www.radiance.al\/sq\/ortodonci\/","og_site_name":"RADIANCE.AL","article_publisher":"https:\/\/www.instagram.com\/radiance_al\/?hl=en","article_modified_time":"2025-10-05T15:05:18+00:00","og_image":[{"width":700,"height":875,"url":"https:\/\/www.radiance.al\/wp-content\/uploads\/2025\/06\/ortodonzia-1.jpg","type":"image\/jpeg"}],"twitter_card":"summary_large_image","twitter_misc":{"Est. reading time":"2 minutes"},"schema":{"@context":"https:\/\/schema.org","@graph":[{"@type":"WebPage","@id":"https:\/\/www.radiance.al\/sq\/ortodonci\/","url":"https:\/\/www.radiance.al\/sq\/ortodonci\/","name":"Ortodonci - RADIANCE.AL","isPartOf":{"@id":"https:\/\/www.radiance.al\/sq\/#website"},"primaryImageOfPage":{"@id":"https:\/\/www.radiance.al\/sq\/ortodonci\/#primaryimage"},"image":{"@id":"https:\/\/www.radiance.al\/sq\/ortodonci\/#primaryimage"},"thumbnailUrl":"https:\/\/www.radiance.al\/wp-content\/uploads\/2025\/06\/ortodonzia-1.jpg","datePublished":"2025-05-20T13:14:32+00:00","dateModified":"2025-10-05T15:05:18+00:00","breadcrumb":{"@id":"https:\/\/www.radiance.al\/sq\/ortodonci\/#breadcrumb"},"inLanguage":"sq-AL","potentialAction":[{"@type":"ReadAction","target":["https:\/\/www.radiance.al\/sq\/ortodonci\/"]}]},{"@type":"ImageObject","inLanguage":"sq-AL","@id":"https:\/\/www.radiance.al\/sq\/ortodonci\/#primaryimage","url":"https:\/\/www.radiance.al\/wp-content\/uploads\/2025\/06\/ortodonzia-1.jpg","contentUrl":"https:\/\/www.radiance.al\/wp-content\/uploads\/2025\/06\/ortodonzia-1.jpg"},{"@type":"BreadcrumbList","@id":"https:\/\/www.radiance.al\/sq\/ortodonci\/#breadcrumb","itemListElement":[{"@type":"ListItem","position":1,"name":"Home","item":"https:\/\/www.radiance.al\/sq\/"},{"@type":"ListItem","position":2,"name":"Ortodonci"}]},{"@type":"WebSite","@id":"https:\/\/www.radiance.al\/sq\/#website","url":"https:\/\/www.radiance.al\/sq\/","name":"RADIANCE.AL","description":"RADIANCE DENTAL HOSPITAL","publisher":{"@id":"https:\/\/www.radiance.al\/sq\/#organization"},"potentialAction":[{"@type":"SearchAction","target":{"@type":"EntryPoint","urlTemplate":"https:\/\/www.radiance.al\/sq\/?s={search_term_string}"},"query-input":{"@type":"PropertyValueSpecification","valueRequired":true,"valueName":"search_term_string"}}],"inLanguage":"sq-AL"},{"@type":"Organization","@id":"https:\/\/www.radiance.al\/sq\/#organization","name":"RADIANCE.AL","alternateName":"Radiance Dental Hospital","url":"https:\/\/www.radiance.al\/sq\/","logo":{"@type":"ImageObject","inLanguage":"sq-AL","@id":"https:\/\/www.radiance.al\/sq\/#\/schema\/logo\/image\/","url":"https:\/\/www.radiance.al\/wp-content\/uploads\/2025\/05\/faviconn.jpeg","contentUrl":"https:\/\/www.radiance.al\/wp-content\/uploads\/2025\/05\/faviconn.jpeg","width":48,"height":48,"caption":"RADIANCE.AL"},"image":{"@id":"https:\/\/www.radiance.al\/sq\/#\/schema\/logo\/image\/"},"sameAs":["https:\/\/www.instagram.com\/radiance_al\/?hl=en"],"description":"\"Radiance Dental Hospital n\u00eb Shqip\u00ebri: spital dentar modern me teknologji 3D, implantologji, estetik\u00eb dhe specialist\u00eb me mbi 15 vite p\u00ebrvoj\u00eb. Prenoto konsult\u00ebn falas!\"","email":"info@radiance.al","telephone":"+355694799949","legalName":"Radiance Dental Hospital","foundingDate":"2025-03-18","numberOfEmployees":{"@type":"QuantitativeValue","minValue":"11","maxValue":"50"}}]}},"_links":{"self":[{"href":"https:\/\/www.radiance.al\/sq\/wp-json\/wp\/v2\/pages\/3507","targetHints":{"allow":["GET"]}}],"collection":[{"href":"https:\/\/www.radiance.al\/sq\/wp-json\/wp\/v2\/pages"}],"about":[{"href":"https:\/\/www.radiance.al\/sq\/wp-json\/wp\/v2\/types\/page"}],"author":[{"embeddable":true,"href":"https:\/\/www.radiance.al\/sq\/wp-json\/wp\/v2\/users\/1"}],"replies":[{"embeddable":true,"href":"https:\/\/www.radiance.al\/sq\/wp-json\/wp\/v2\/comments?post=3507"}],"version-history":[{"count":3,"href":"https:\/\/www.radiance.al\/sq\/wp-json\/wp\/v2\/pages\/3507\/revisions"}],"predecessor-version":[{"id":10126,"href":"https:\/\/www.radiance.al\/sq\/wp-json\/wp\/v2\/pages\/3507\/revisions\/10126"}],"wp:attachment":[{"href":"https:\/\/www.radiance.al\/sq\/wp-json\/wp\/v2\/media?parent=3507"}],"curies":[{"name":"wp","href":"https:\/\/api.w.org\/{rel}","templated":true}]}}