{"id":3613,"date":"2025-05-04T22:53:11","date_gmt":"2025-05-04T22:53:11","guid":{"rendered":"https:\/\/www.hayasagi.com\/politika-e-privatesise\/"},"modified":"2025-09-26T19:59:40","modified_gmt":"2025-09-26T19:59:40","slug":"politika-e-privatesise","status":"publish","type":"page","link":"https:\/\/www.radiance.al\/sq\/politika-e-privatesise\/","title":{"rendered":"Politika e Privat\u00ebsis\u00eb"},"content":{"rendered":"\t\t<div data-elementor-type=\"wp-page\" data-elementor-id=\"3613\" class=\"elementor elementor-3613 elementor-3\">\n\t\t\t\t<div class=\"elementor-element elementor-element-292bc2fd e-flex e-con-boxed e-con e-parent\" data-id=\"292bc2fd\" data-element_type=\"container\" data-e-type=\"container\">\n\t\t\t\t\t<div class=\"e-con-inner\">\n\t\t\t\t<div class=\"elementor-element elementor-element-61b57586 elementor-widget elementor-widget-text-editor\" data-id=\"61b57586\" data-element_type=\"widget\" data-e-type=\"widget\" data-widget_type=\"text-editor.default\">\n\t\t\t\t<div class=\"elementor-widget-container\">\n\t\t\t\t\t\t\t\t\t<p class=\"wp-block-heading\">Spitali Dentar Radiance<br> NIPT: M41528017G<br> Ismail Qemali 27, Tiran\u00eb, Shqip\u00ebri<br> Tel: +355 68 66 88 888<br> Email: info@radiance.al<br> Uebfaqja: www.radiance.al<br> Data e hyrjes n\u00eb fuqi: 29 maj 2025<\/p>\n<p><\/p>\t\t\t\t\t\t\t\t<\/div>\n\t\t\t\t<\/div>\n\t\t\t\t<div class=\"elementor-element elementor-element-fda20e9 elementor-widget elementor-widget-heading\" data-id=\"fda20e9\" data-element_type=\"widget\" data-e-type=\"widget\" data-widget_type=\"heading.default\">\n\t\t\t\t<div class=\"elementor-widget-container\">\n\t\t\t\t\t<h2 class=\"elementor-heading-title elementor-size-default\"><span style=\"font-size: 30px\">1. Hyrje<\/span><\/h2>\t\t\t\t<\/div>\n\t\t\t\t<\/div>\n\t\t\t\t<div class=\"elementor-element elementor-element-5f127d6 elementor-widget elementor-widget-text-editor\" data-id=\"5f127d6\" data-element_type=\"widget\" data-e-type=\"widget\" data-widget_type=\"text-editor.default\">\n\t\t\t\t<div class=\"elementor-widget-container\">\n\t\t\t\t\t\t\t\t\t<p class=\"wp-block-heading\">Spitali Dentar Radiance (\u201ene\u201c, \u201ena\u201c, \u201etona\u201c) \u00ebsht\u00eb i p\u00ebrkushtuar p\u00ebr t\u00eb mbrojtur t\u00eb dh\u00ebnat tuaja personale dhe p\u00ebr t\u00eb respektuar privat\u00ebsin\u00eb tuaj. Kjo Politik\u00eb Privat\u00ebsie shpjegon se si ne mbledhim, p\u00ebrdorim, ruajm\u00eb dhe mbrojm\u00eb t\u00eb dh\u00ebnat tuaja personale n\u00eb p\u00ebrputhje me Ligjin Nr. 124\/2024 \u201eP\u00ebr Mbrojtjen e t\u00eb Dh\u00ebnave Personale\u201c t\u00eb Shqip\u00ebris\u00eb, i harmonizuar plot\u00ebsisht me Rregulloren e P\u00ebrgjithshme t\u00eb BE-s\u00eb p\u00ebr Mbrojtjen e t\u00eb Dh\u00ebnave (GDPR). <\/p>\n<p><\/p>\t\t\t\t\t\t\t\t<\/div>\n\t\t\t\t<\/div>\n\t\t\t\t<div class=\"elementor-element elementor-element-be90be2 elementor-widget elementor-widget-heading\" data-id=\"be90be2\" data-element_type=\"widget\" data-e-type=\"widget\" data-widget_type=\"heading.default\">\n\t\t\t\t<div class=\"elementor-widget-container\">\n\t\t\t\t\t<h2 class=\"elementor-heading-title elementor-size-default\">2. Kontrolluesi i t\u00eb Dh\u00ebnave<\/h2>\t\t\t\t<\/div>\n\t\t\t\t<\/div>\n\t\t\t\t<div class=\"elementor-element elementor-element-1aefa64 elementor-widget elementor-widget-text-editor\" data-id=\"1aefa64\" data-element_type=\"widget\" data-e-type=\"widget\" data-widget_type=\"text-editor.default\">\n\t\t\t\t<div class=\"elementor-widget-container\">\n\t\t\t\t\t\t\t\t\t<p class=\"wp-block-heading\">Spitali Dentar Radiance \u00ebsht\u00eb kontrolluesi i t\u00eb dh\u00ebnave p\u00ebr t\u00eb dh\u00ebnat tuaja personale t\u00eb p\u00ebrpunuara p\u00ebrmes k\u00ebsaj faqeje interneti dhe sh\u00ebrbimeve tona.<\/p>\n<p><\/p>\t\t\t\t\t\t\t\t<\/div>\n\t\t\t\t<\/div>\n\t\t\t\t<div class=\"elementor-element elementor-element-8e8e07e elementor-widget elementor-widget-heading\" data-id=\"8e8e07e\" data-element_type=\"widget\" data-e-type=\"widget\" data-widget_type=\"heading.default\">\n\t\t\t\t<div class=\"elementor-widget-container\">\n\t\t\t\t\t<h2 class=\"elementor-heading-title elementor-size-default\">3. \u00c7far\u00eb t\u00eb dh\u00ebnash mbledhim<\/h2>\t\t\t\t<\/div>\n\t\t\t\t<\/div>\n\t\t\t\t<div class=\"elementor-element elementor-element-15b1a77 elementor-widget elementor-widget-text-editor\" data-id=\"15b1a77\" data-element_type=\"widget\" data-e-type=\"widget\" data-widget_type=\"text-editor.default\">\n\t\t\t\t<div class=\"elementor-widget-container\">\n\t\t\t\t\t\t\t\t\t<p class=\"wp-block-heading\">Ne mund t\u00eb mbledhim dhe p\u00ebrpunojm\u00eb llojet e m\u00ebposhtme t\u00eb t\u00eb dh\u00ebnave personale:<br> &#8211; T\u00eb dh\u00ebnat e identifikimit (emri, mbiemri)<br> &#8211; T\u00eb dh\u00ebnat e kontaktit (numri i telefonit, adresa, emaili)<br> &#8211; T\u00eb dh\u00ebna t\u00eb takimit dhe t\u00eb dh\u00ebna sh\u00ebndet\u00ebsore (vet\u00ebm sipas nevoj\u00ebs p\u00ebr ofrimin e sh\u00ebrbimit)<br> &#8211; T\u00eb dh\u00ebna teknike (adresa IP, cookie-t, lloji i shfletuesit)<br> &#8211; \u00c7do informacion tjet\u00ebr q\u00eb ju jepni n\u00ebp\u00ebrmjet formular\u00ebve tan\u00eb t\u00eb kontaktit ose komunikimeve.<\/p>\n<p><\/p>\t\t\t\t\t\t\t\t<\/div>\n\t\t\t\t<\/div>\n\t\t\t\t<div class=\"elementor-element elementor-element-dfa0fde elementor-widget elementor-widget-heading\" data-id=\"dfa0fde\" data-element_type=\"widget\" data-e-type=\"widget\" data-widget_type=\"heading.default\">\n\t\t\t\t<div class=\"elementor-widget-container\">\n\t\t\t\t\t<h2 class=\"elementor-heading-title elementor-size-default\">4. Q\u00ebllimi dhe Baza Ligjore p\u00ebr P\u00ebrpunimin<\/h2>\t\t\t\t<\/div>\n\t\t\t\t<\/div>\n\t\t\t\t<div class=\"elementor-element elementor-element-fa7270c elementor-widget elementor-widget-text-editor\" data-id=\"fa7270c\" data-element_type=\"widget\" data-e-type=\"widget\" data-widget_type=\"text-editor.default\">\n\t\t\t\t<div class=\"elementor-widget-container\">\n\t\t\t\t\t\t\t\t\t<p class=\"wp-block-heading\">Ne p\u00ebrpunojm\u00eb t\u00eb dh\u00ebnat tuaja personale p\u00ebr q\u00ebllimet e m\u00ebposhtme:<br> &#8211; T\u00eb ofroj\u00eb dhe menaxhoj\u00eb sh\u00ebrbime dentare<br> &#8211; P\u00ebr t\u00eb komunikuar me ju n\u00eb lidhje me takime ose pyetje<br> &#8211; P\u00ebr t\u00eb p\u00ebrmbushur detyrimet ligjore<br> &#8211; P\u00ebr sigurin\u00eb dhe parandalimin e mashtrimit<br> &#8211; Me p\u00eblqimin tuaj, p\u00ebr komunikime marketingu.<\/p>\n<p>Bazat ligjore p\u00ebr p\u00ebrpunim p\u00ebrfshijn\u00eb p\u00eblqimin tuaj, domosdoshm\u00ebrin\u00eb p\u00ebr p\u00ebrmbushjen e nj\u00eb kontrate, pajtueshm\u00ebrin\u00eb me detyrimet ligjore dhe interesat tona legjitime.<\/p>\n<p><\/p>\t\t\t\t\t\t\t\t<\/div>\n\t\t\t\t<\/div>\n\t\t\t\t<div class=\"elementor-element elementor-element-123e329 elementor-widget elementor-widget-heading\" data-id=\"123e329\" data-element_type=\"widget\" data-e-type=\"widget\" data-widget_type=\"heading.default\">\n\t\t\t\t<div class=\"elementor-widget-container\">\n\t\t\t\t\t<h2 class=\"elementor-heading-title elementor-size-default\">5. T\u00eb drejtat e subjektit t\u00eb t\u00eb dh\u00ebnave<\/h2>\t\t\t\t<\/div>\n\t\t\t\t<\/div>\n\t\t\t\t<div class=\"elementor-element elementor-element-b6f3a54 elementor-widget elementor-widget-text-editor\" data-id=\"b6f3a54\" data-element_type=\"widget\" data-e-type=\"widget\" data-widget_type=\"text-editor.default\">\n\t\t\t\t<div class=\"elementor-widget-container\">\n\t\t\t\t\t\t\t\t\t<p class=\"wp-block-heading\">Sipas ligjit shqiptar dhe GDPR-s\u00eb, ju keni t\u00eb drejtat e m\u00ebposhtme:<br> &#8211; E drejta p\u00ebr t\u00eb aksesuar t\u00eb dh\u00ebnat tuaja personale<br> &#8211; E drejta p\u00ebr korrigjimin e t\u00eb dh\u00ebnave t\u00eb pasakta<br> &#8211; E drejta p\u00ebr fshirje (&#8220;e drejta p\u00ebr t&#8217;u harruar&#8221;)<br> &#8211; E drejta p\u00ebr t\u00eb kufizuar p\u00ebrpunimin<br> &#8211; E drejta p\u00ebr transportueshm\u00ebri t\u00eb t\u00eb dh\u00ebnave<br> &#8211; E drejta p\u00ebr t\u00eb kund\u00ebrshtuar p\u00ebrpunimin<br> &#8211; E drejta p\u00ebr t\u00eb t\u00ebrhequr p\u00eblqimin n\u00eb \u00e7do koh\u00eb (kur p\u00ebrpunimi bazohet n\u00eb p\u00eblqim)<br> &#8211; E drejta p\u00ebr t\u00eb paraqitur ankes\u00eb te Komisioneri p\u00ebr t\u00eb Drejt\u00ebn e Informimit dhe Mbrojtjen e t\u00eb Dh\u00ebnave Personale<\/p>\n<p><\/p>\t\t\t\t\t\t\t\t<\/div>\n\t\t\t\t<\/div>\n\t\t\t\t<div class=\"elementor-element elementor-element-f328216 elementor-widget elementor-widget-heading\" data-id=\"f328216\" data-element_type=\"widget\" data-e-type=\"widget\" data-widget_type=\"heading.default\">\n\t\t\t\t<div class=\"elementor-widget-container\">\n\t\t\t\t\t<h2 class=\"elementor-heading-title elementor-size-default\">6. Ndarja e t\u00eb Dh\u00ebnave dhe Transferimet Nd\u00ebrkomb\u00ebtare<\/h2>\t\t\t\t<\/div>\n\t\t\t\t<\/div>\n\t\t\t\t<div class=\"elementor-element elementor-element-af1217b elementor-widget elementor-widget-text-editor\" data-id=\"af1217b\" data-element_type=\"widget\" data-e-type=\"widget\" data-widget_type=\"text-editor.default\">\n\t\t\t\t<div class=\"elementor-widget-container\">\n\t\t\t\t\t\t\t\t\t<p class=\"wp-block-heading\">Ne nuk i shesim t\u00eb dh\u00ebnat tuaja personale.<br> Ne mund t&#8217;i ndajm\u00eb t\u00eb dh\u00ebnat tuaja me:<br> &#8211; Ofruesit e sh\u00ebrbimeve dhe p\u00ebrpunuesit q\u00eb veprojn\u00eb n\u00eb emrin ton\u00eb (p.sh., mb\u00ebshtetje IT, hosting)<br> &#8211; Autoritetet, n\u00ebse k\u00ebrkohet me ligj.<\/p>\n<p>Transferimet nd\u00ebrkomb\u00ebtare t\u00eb t\u00eb dh\u00ebnave personale jasht\u00eb Shqip\u00ebris\u00eb ose BE-s\u00eb do t\u00eb ndodhin vet\u00ebm aty ku jan\u00eb n\u00eb fuqi masa mbrojt\u00ebse t\u00eb p\u00ebrshtatshme, si\u00e7 jan\u00eb Klauzolat Standarde Kontraktuale ose mekanizma t\u00eb tjer\u00eb t\u00eb njohur me ligj.<\/p>\n<p><\/p>\t\t\t\t\t\t\t\t<\/div>\n\t\t\t\t<\/div>\n\t\t\t\t<div class=\"elementor-element elementor-element-b221007 elementor-widget elementor-widget-heading\" data-id=\"b221007\" data-element_type=\"widget\" data-e-type=\"widget\" data-widget_type=\"heading.default\">\n\t\t\t\t<div class=\"elementor-widget-container\">\n\t\t\t\t\t<h2 class=\"elementor-heading-title elementor-size-default\">7. Siguria e t\u00eb dh\u00ebnave<\/h2>\t\t\t\t<\/div>\n\t\t\t\t<\/div>\n\t\t\t\t<div class=\"elementor-element elementor-element-3bb4a2c elementor-widget elementor-widget-text-editor\" data-id=\"3bb4a2c\" data-element_type=\"widget\" data-e-type=\"widget\" data-widget_type=\"text-editor.default\">\n\t\t\t\t<div class=\"elementor-widget-container\">\n\t\t\t\t\t\t\t\t\t<p class=\"wp-block-heading\">Ne zbatojm\u00eb masa t\u00eb p\u00ebrshtatshme teknike dhe organizative p\u00ebr t\u00eb mbrojtur t\u00eb dh\u00ebnat tuaja personale nga qasja, humbja ose keqp\u00ebrdorimi i paautorizuar, n\u00eb p\u00ebrputhje me standardet m\u00eb t\u00eb fundit t\u00eb siguris\u00eb.<\/p>\n<p><\/p>\t\t\t\t\t\t\t\t<\/div>\n\t\t\t\t<\/div>\n\t\t\t\t<div class=\"elementor-element elementor-element-cfe802a elementor-widget elementor-widget-heading\" data-id=\"cfe802a\" data-element_type=\"widget\" data-e-type=\"widget\" data-widget_type=\"heading.default\">\n\t\t\t\t<div class=\"elementor-widget-container\">\n\t\t\t\t\t<h2 class=\"elementor-heading-title elementor-size-default\">8. Ruajtja e t\u00eb dh\u00ebnave<\/h2>\t\t\t\t<\/div>\n\t\t\t\t<\/div>\n\t\t\t\t<div class=\"elementor-element elementor-element-4247c89 elementor-widget elementor-widget-text-editor\" data-id=\"4247c89\" data-element_type=\"widget\" data-e-type=\"widget\" data-widget_type=\"text-editor.default\">\n\t\t\t\t<div class=\"elementor-widget-container\">\n\t\t\t\t\t\t\t\t\t<p class=\"wp-block-heading\">T\u00eb dh\u00ebnat tuaja personale do t\u00eb ruhen vet\u00ebm p\u00ebr aq koh\u00eb sa \u00ebsht\u00eb e nevojshme p\u00ebr t\u00eb p\u00ebrmbushur q\u00ebllimet e p\u00ebrshkruara m\u00eb sip\u00ebr ose si\u00e7 k\u00ebrkohet me ligj.<\/p>\n<p><\/p>\t\t\t\t\t\t\t\t<\/div>\n\t\t\t\t<\/div>\n\t\t\t\t<div class=\"elementor-element elementor-element-cefb51a elementor-widget elementor-widget-heading\" data-id=\"cefb51a\" data-element_type=\"widget\" data-e-type=\"widget\" data-widget_type=\"heading.default\">\n\t\t\t\t<div class=\"elementor-widget-container\">\n\t\t\t\t\t<h2 class=\"elementor-heading-title elementor-size-default\">9. Cookies - Skedar\u00eb<\/h2>\t\t\t\t<\/div>\n\t\t\t\t<\/div>\n\t\t\t\t<div class=\"elementor-element elementor-element-178da5c elementor-widget elementor-widget-text-editor\" data-id=\"178da5c\" data-element_type=\"widget\" data-e-type=\"widget\" data-widget_type=\"text-editor.default\">\n\t\t\t\t<div class=\"elementor-widget-container\">\n\t\t\t\t\t\t\t\t\t<p class=\"wp-block-heading\">Uebsajti yn\u00eb p\u00ebrdor cookie-t p\u00ebr t\u00eb p\u00ebrmir\u00ebsuar p\u00ebrvoj\u00ebn tuaj dhe p\u00ebr t\u00eb analizuar p\u00ebrdorimin e faqes s\u00eb internetit. Ju mund t\u00eb menaxhoni preferencat tuaja p\u00ebr cookie-t p\u00ebrmes cil\u00ebsimeve t\u00eb shfletuesit tuaj. <\/p>\n<p><\/p>\t\t\t\t\t\t\t\t<\/div>\n\t\t\t\t<\/div>\n\t\t\t\t<div class=\"elementor-element elementor-element-3b0e4c2 elementor-widget elementor-widget-heading\" data-id=\"3b0e4c2\" data-element_type=\"widget\" data-e-type=\"widget\" data-widget_type=\"heading.default\">\n\t\t\t\t<div class=\"elementor-widget-container\">\n\t\t\t\t\t<h2 class=\"elementor-heading-title elementor-size-default\">10. Ndryshime n\u00eb k\u00ebt\u00eb Politik\u00eb<\/h2>\t\t\t\t<\/div>\n\t\t\t\t<\/div>\n\t\t\t\t<div class=\"elementor-element elementor-element-d0cba07 elementor-widget elementor-widget-text-editor\" data-id=\"d0cba07\" data-element_type=\"widget\" data-e-type=\"widget\" data-widget_type=\"text-editor.default\">\n\t\t\t\t<div class=\"elementor-widget-container\">\n\t\t\t\t\t\t\t\t\t<p class=\"wp-block-heading\">Ne rezervojm\u00eb t\u00eb drejt\u00ebn p\u00ebr t\u00eb p\u00ebrdit\u00ebsuar k\u00ebt\u00eb Politik\u00eb Privat\u00ebsie n\u00eb \u00e7do koh\u00eb. \u00c7do ndryshim do t\u00eb postohet n\u00eb k\u00ebt\u00eb faqe me nj\u00eb dat\u00eb t\u00eb p\u00ebrdit\u00ebsuar t\u00eb hyrjes n\u00eb fuqi. <\/p>\n<p><\/p>\t\t\t\t\t\t\t\t<\/div>\n\t\t\t\t<\/div>\n\t\t\t\t<div class=\"elementor-element elementor-element-31c0217 elementor-widget elementor-widget-heading\" data-id=\"31c0217\" data-element_type=\"widget\" data-e-type=\"widget\" data-widget_type=\"heading.default\">\n\t\t\t\t<div class=\"elementor-widget-container\">\n\t\t\t\t\t<h2 class=\"elementor-heading-title elementor-size-default\">11. Kontakti<\/h2>\t\t\t\t<\/div>\n\t\t\t\t<\/div>\n\t\t\t\t<div class=\"elementor-element elementor-element-08a6190 elementor-widget elementor-widget-text-editor\" data-id=\"08a6190\" data-element_type=\"widget\" data-e-type=\"widget\" data-widget_type=\"text-editor.default\">\n\t\t\t\t<div class=\"elementor-widget-container\">\n\t\t\t\t\t\t\t\t\t<p>P\u00ebr pyetje ose p\u00ebr t\u00eb ushtruar t\u00eb drejtat tuaja, ju lutemi na kontaktoni n\u00eb:<\/p>\n<p>Adresa: Ismail Qemali 27, Tiran\u00eb, Shqip\u00ebri<br> Tel: +355 68 66 88 888<br> Email: info@radiance.al<\/p>\n<p>Duke p\u00ebrdorur faqen ton\u00eb t\u00eb internetit ose sh\u00ebrbimet tona, ju pranoni se e keni lexuar dhe kuptuar k\u00ebt\u00eb Politik\u00eb Privat\u00ebsie.<\/p>\n<p><\/p>\t\t\t\t\t\t\t\t<\/div>\n\t\t\t\t<\/div>\n\t\t\t\t\t<\/div>\n\t\t\t\t<\/div>\n\t\t\t\t<\/div>\n\t\t","protected":false},"excerpt":{"rendered":"<p>Data e hyrjes n\u00eb fuqi: 29 maj 2025 Emri i kompanis\u00eb: Radiance Dental Hospital NIPT: M41528017G Adresa: Rruga Ismail Qemali 27, Tiran\u00eb, Shqip\u00ebri Telefoni: +355 68 66 88 888 Email: info@radiance.al Uebfaqja: www.radiance.al 1. Hyrje n\u00eb Politik\u00ebn ton\u00eb t\u00eb Privat\u00ebsis\u00eb Kjo Politik\u00eb Privat\u00ebsie p\u00ebrshkruan se si Spitali Dentar Radiance mbledh, [&hellip;]<\/p>\n","protected":false},"author":1,"featured_media":0,"parent":0,"menu_order":0,"comment_status":"closed","ping_status":"closed","template":"elementor_header_footer","meta":{"_acf_changed":false,"footnotes":""},"class_list":["post-3613","page","type-page","status-publish","hentry"],"acf":[],"yoast_head":"<!-- This site is optimized with the Yoast SEO Premium plugin v27.4 (Yoast SEO v27.4) - https:\/\/yoast.com\/product\/yoast-seo-premium-wordpress\/ -->\n<title>Politika e privat\u00ebsis\u00eb s\u00eb Radiance Dental<\/title>\n<meta name=\"description\" content=\"Lexoni Politik\u00ebn e Privat\u00ebsis\u00eb s\u00eb Spitalit Dentar Radiance. M\u00ebsoni se si i mbledhim, mbrojm\u00eb dhe menaxhojm\u00eb t\u00eb dh\u00ebnat tuaja personale n\u00eb p\u00ebrputhje me GDPR-n\u00eb.\" \/>\n<meta name=\"robots\" content=\"index, follow, max-snippet:-1, max-image-preview:large, max-video-preview:-1\" \/>\n<link rel=\"canonical\" href=\"https:\/\/www.radiance.al\/sq\/politika-e-privatesise\/\" \/>\n<meta property=\"og:locale\" content=\"sq_AL\" \/>\n<meta property=\"og:type\" content=\"article\" \/>\n<meta property=\"og:title\" content=\"Politika e Privat\u00ebsis\u00eb | Spitali Dentar Radiance n\u00eb Shqip\u00ebri\" \/>\n<meta property=\"og:description\" content=\"Lexoni Politik\u00ebn e Privat\u00ebsis\u00eb s\u00eb Spitalit Dentar Radiance. M\u00ebsoni se si i mbrojm\u00eb t\u00eb dh\u00ebnat tuaja me pajtueshm\u00ebrin\u00eb me GDPR dhe p\u00ebrpunimin e sigurt.\" \/>\n<meta property=\"og:url\" content=\"https:\/\/www.radiance.al\/sq\/politika-e-privatesise\/\" \/>\n<meta property=\"og:site_name\" content=\"RADIANCE.AL\" \/>\n<meta property=\"article:publisher\" content=\"https:\/\/www.instagram.com\/radiance_al\/?hl=en\" \/>\n<meta property=\"article:modified_time\" content=\"2025-09-26T19:59:40+00:00\" \/>\n<meta name=\"twitter:card\" content=\"summary_large_image\" \/>\n<meta name=\"twitter:title\" content=\"Politika e Privat\u00ebsis\u00eb | Spitali Dentar Radiance n\u00eb Shqip\u00ebri\" \/>\n<meta name=\"twitter:description\" content=\"Lexoni Politik\u00ebn e Privat\u00ebsis\u00eb s\u00eb Spitalit Dentar Radiance. M\u00ebsoni se si i mbrojm\u00eb t\u00eb dh\u00ebnat tuaja me pajtueshm\u00ebrin\u00eb me GDPR dhe p\u00ebrpunimin e sigurt.\" \/>\n<meta name=\"twitter:label1\" content=\"Est. reading time\" \/>\n\t<meta name=\"twitter:data1\" content=\"4 minutes\" \/>\n<script type=\"application\/ld+json\" class=\"yoast-schema-graph\">{\"@context\":\"https:\\\/\\\/schema.org\",\"@graph\":[{\"@type\":\"WebPage\",\"@id\":\"https:\\\/\\\/www.radiance.al\\\/sq\\\/politika-e-privatesise\\\/\",\"url\":\"https:\\\/\\\/www.radiance.al\\\/sq\\\/politika-e-privatesise\\\/\",\"name\":\"Politika e privat\u00ebsis\u00eb s\u00eb Radiance Dental\",\"isPartOf\":{\"@id\":\"https:\\\/\\\/www.radiance.al\\\/sq\\\/#website\"},\"datePublished\":\"2025-05-04T22:53:11+00:00\",\"dateModified\":\"2025-09-26T19:59:40+00:00\",\"description\":\"Lexoni Politik\u00ebn e Privat\u00ebsis\u00eb s\u00eb Spitalit Dentar Radiance. M\u00ebsoni se si i mbledhim, mbrojm\u00eb dhe menaxhojm\u00eb t\u00eb dh\u00ebnat tuaja personale n\u00eb p\u00ebrputhje me GDPR-n\u00eb.\",\"breadcrumb\":{\"@id\":\"https:\\\/\\\/www.radiance.al\\\/sq\\\/politika-e-privatesise\\\/#breadcrumb\"},\"inLanguage\":\"sq-AL\",\"potentialAction\":[{\"@type\":\"ReadAction\",\"target\":[\"https:\\\/\\\/www.radiance.al\\\/sq\\\/politika-e-privatesise\\\/\"]}]},{\"@type\":\"BreadcrumbList\",\"@id\":\"https:\\\/\\\/www.radiance.al\\\/sq\\\/politika-e-privatesise\\\/#breadcrumb\",\"itemListElement\":[{\"@type\":\"ListItem\",\"position\":1,\"name\":\"Home\",\"item\":\"https:\\\/\\\/www.radiance.al\\\/sq\\\/\"},{\"@type\":\"ListItem\",\"position\":2,\"name\":\"Politika e Privat\u00ebsis\u00eb\"}]},{\"@type\":\"WebSite\",\"@id\":\"https:\\\/\\\/www.radiance.al\\\/sq\\\/#website\",\"url\":\"https:\\\/\\\/www.radiance.al\\\/sq\\\/\",\"name\":\"RADIANCE.AL\",\"description\":\"RADIANCE DENTAL HOSPITAL\",\"publisher\":{\"@id\":\"https:\\\/\\\/www.radiance.al\\\/sq\\\/#organization\"},\"potentialAction\":[{\"@type\":\"SearchAction\",\"target\":{\"@type\":\"EntryPoint\",\"urlTemplate\":\"https:\\\/\\\/www.radiance.al\\\/sq\\\/?s={search_term_string}\"},\"query-input\":{\"@type\":\"PropertyValueSpecification\",\"valueRequired\":true,\"valueName\":\"search_term_string\"}}],\"inLanguage\":\"sq-AL\"},{\"@type\":\"Organization\",\"@id\":\"https:\\\/\\\/www.radiance.al\\\/sq\\\/#organization\",\"name\":\"RADIANCE.AL\",\"alternateName\":\"Radiance Dental Hospital\",\"url\":\"https:\\\/\\\/www.radiance.al\\\/sq\\\/\",\"logo\":{\"@type\":\"ImageObject\",\"inLanguage\":\"sq-AL\",\"@id\":\"https:\\\/\\\/www.radiance.al\\\/sq\\\/#\\\/schema\\\/logo\\\/image\\\/\",\"url\":\"https:\\\/\\\/www.radiance.al\\\/wp-content\\\/uploads\\\/2025\\\/05\\\/faviconn.jpeg\",\"contentUrl\":\"https:\\\/\\\/www.radiance.al\\\/wp-content\\\/uploads\\\/2025\\\/05\\\/faviconn.jpeg\",\"width\":48,\"height\":48,\"caption\":\"RADIANCE.AL\"},\"image\":{\"@id\":\"https:\\\/\\\/www.radiance.al\\\/sq\\\/#\\\/schema\\\/logo\\\/image\\\/\"},\"sameAs\":[\"https:\\\/\\\/www.instagram.com\\\/radiance_al\\\/?hl=en\"],\"description\":\"\\\"Radiance Dental Hospital n\u00eb Shqip\u00ebri: spital dentar modern me teknologji 3D, implantologji, estetik\u00eb dhe specialist\u00eb me mbi 15 vite p\u00ebrvoj\u00eb. Prenoto konsult\u00ebn falas!\\\"\",\"email\":\"info@radiance.al\",\"telephone\":\"+355694799949\",\"legalName\":\"Radiance Dental Hospital\",\"foundingDate\":\"2025-03-18\",\"numberOfEmployees\":{\"@type\":\"QuantitativeValue\",\"minValue\":\"11\",\"maxValue\":\"50\"}}]}<\/script>\n<!-- \/ Yoast SEO Premium plugin. -->","yoast_head_json":{"title":"Politika e privat\u00ebsis\u00eb s\u00eb Radiance Dental","description":"Lexoni Politik\u00ebn e Privat\u00ebsis\u00eb s\u00eb Spitalit Dentar Radiance. M\u00ebsoni se si i mbledhim, mbrojm\u00eb dhe menaxhojm\u00eb t\u00eb dh\u00ebnat tuaja personale n\u00eb p\u00ebrputhje me GDPR-n\u00eb.","robots":{"index":"index","follow":"follow","max-snippet":"max-snippet:-1","max-image-preview":"max-image-preview:large","max-video-preview":"max-video-preview:-1"},"canonical":"https:\/\/www.radiance.al\/sq\/politika-e-privatesise\/","og_locale":"sq_AL","og_type":"article","og_title":"Politika e Privat\u00ebsis\u00eb | Spitali Dentar Radiance n\u00eb Shqip\u00ebri","og_description":"Lexoni Politik\u00ebn e Privat\u00ebsis\u00eb s\u00eb Spitalit Dentar Radiance. M\u00ebsoni se si i mbrojm\u00eb t\u00eb dh\u00ebnat tuaja me pajtueshm\u00ebrin\u00eb me GDPR dhe p\u00ebrpunimin e sigurt.","og_url":"https:\/\/www.radiance.al\/sq\/politika-e-privatesise\/","og_site_name":"RADIANCE.AL","article_publisher":"https:\/\/www.instagram.com\/radiance_al\/?hl=en","article_modified_time":"2025-09-26T19:59:40+00:00","twitter_card":"summary_large_image","twitter_title":"Politika e Privat\u00ebsis\u00eb | Spitali Dentar Radiance n\u00eb Shqip\u00ebri","twitter_description":"Lexoni Politik\u00ebn e Privat\u00ebsis\u00eb s\u00eb Spitalit Dentar Radiance. M\u00ebsoni se si i mbrojm\u00eb t\u00eb dh\u00ebnat tuaja me pajtueshm\u00ebrin\u00eb me GDPR dhe p\u00ebrpunimin e sigurt.","twitter_misc":{"Est. reading time":"4 minutes"},"schema":{"@context":"https:\/\/schema.org","@graph":[{"@type":"WebPage","@id":"https:\/\/www.radiance.al\/sq\/politika-e-privatesise\/","url":"https:\/\/www.radiance.al\/sq\/politika-e-privatesise\/","name":"Politika e privat\u00ebsis\u00eb s\u00eb Radiance Dental","isPartOf":{"@id":"https:\/\/www.radiance.al\/sq\/#website"},"datePublished":"2025-05-04T22:53:11+00:00","dateModified":"2025-09-26T19:59:40+00:00","description":"Lexoni Politik\u00ebn e Privat\u00ebsis\u00eb s\u00eb Spitalit Dentar Radiance. M\u00ebsoni se si i mbledhim, mbrojm\u00eb dhe menaxhojm\u00eb t\u00eb dh\u00ebnat tuaja personale n\u00eb p\u00ebrputhje me GDPR-n\u00eb.","breadcrumb":{"@id":"https:\/\/www.radiance.al\/sq\/politika-e-privatesise\/#breadcrumb"},"inLanguage":"sq-AL","potentialAction":[{"@type":"ReadAction","target":["https:\/\/www.radiance.al\/sq\/politika-e-privatesise\/"]}]},{"@type":"BreadcrumbList","@id":"https:\/\/www.radiance.al\/sq\/politika-e-privatesise\/#breadcrumb","itemListElement":[{"@type":"ListItem","position":1,"name":"Home","item":"https:\/\/www.radiance.al\/sq\/"},{"@type":"ListItem","position":2,"name":"Politika e Privat\u00ebsis\u00eb"}]},{"@type":"WebSite","@id":"https:\/\/www.radiance.al\/sq\/#website","url":"https:\/\/www.radiance.al\/sq\/","name":"RADIANCE.AL","description":"RADIANCE DENTAL HOSPITAL","publisher":{"@id":"https:\/\/www.radiance.al\/sq\/#organization"},"potentialAction":[{"@type":"SearchAction","target":{"@type":"EntryPoint","urlTemplate":"https:\/\/www.radiance.al\/sq\/?s={search_term_string}"},"query-input":{"@type":"PropertyValueSpecification","valueRequired":true,"valueName":"search_term_string"}}],"inLanguage":"sq-AL"},{"@type":"Organization","@id":"https:\/\/www.radiance.al\/sq\/#organization","name":"RADIANCE.AL","alternateName":"Radiance Dental Hospital","url":"https:\/\/www.radiance.al\/sq\/","logo":{"@type":"ImageObject","inLanguage":"sq-AL","@id":"https:\/\/www.radiance.al\/sq\/#\/schema\/logo\/image\/","url":"https:\/\/www.radiance.al\/wp-content\/uploads\/2025\/05\/faviconn.jpeg","contentUrl":"https:\/\/www.radiance.al\/wp-content\/uploads\/2025\/05\/faviconn.jpeg","width":48,"height":48,"caption":"RADIANCE.AL"},"image":{"@id":"https:\/\/www.radiance.al\/sq\/#\/schema\/logo\/image\/"},"sameAs":["https:\/\/www.instagram.com\/radiance_al\/?hl=en"],"description":"\"Radiance Dental Hospital n\u00eb Shqip\u00ebri: spital dentar modern me teknologji 3D, implantologji, estetik\u00eb dhe specialist\u00eb me mbi 15 vite p\u00ebrvoj\u00eb. Prenoto konsult\u00ebn falas!\"","email":"info@radiance.al","telephone":"+355694799949","legalName":"Radiance Dental Hospital","foundingDate":"2025-03-18","numberOfEmployees":{"@type":"QuantitativeValue","minValue":"11","maxValue":"50"}}]}},"_links":{"self":[{"href":"https:\/\/www.radiance.al\/sq\/wp-json\/wp\/v2\/pages\/3613","targetHints":{"allow":["GET"]}}],"collection":[{"href":"https:\/\/www.radiance.al\/sq\/wp-json\/wp\/v2\/pages"}],"about":[{"href":"https:\/\/www.radiance.al\/sq\/wp-json\/wp\/v2\/types\/page"}],"author":[{"embeddable":true,"href":"https:\/\/www.radiance.al\/sq\/wp-json\/wp\/v2\/users\/1"}],"replies":[{"embeddable":true,"href":"https:\/\/www.radiance.al\/sq\/wp-json\/wp\/v2\/comments?post=3613"}],"version-history":[{"count":1,"href":"https:\/\/www.radiance.al\/sq\/wp-json\/wp\/v2\/pages\/3613\/revisions"}],"predecessor-version":[{"id":9150,"href":"https:\/\/www.radiance.al\/sq\/wp-json\/wp\/v2\/pages\/3613\/revisions\/9150"}],"wp:attachment":[{"href":"https:\/\/www.radiance.al\/sq\/wp-json\/wp\/v2\/media?parent=3613"}],"curies":[{"name":"wp","href":"https:\/\/api.w.org\/{rel}","templated":true}]}}