{"id":3639,"date":"2025-05-27T07:20:18","date_gmt":"2025-05-27T07:20:18","guid":{"rendered":"https:\/\/www.hayasagi.com\/kushtet-dhe-afatet-e-perdorimit\/"},"modified":"2025-07-11T14:31:50","modified_gmt":"2025-07-11T14:31:50","slug":"kushtet-dhe-afatet-e-perdorimit","status":"publish","type":"page","link":"https:\/\/www.radiance.al\/sq\/kushtet-dhe-afatet-e-perdorimit\/","title":{"rendered":"Termini e condizioni d&#8217;uso"},"content":{"rendered":"\t\t<div data-elementor-type=\"wp-page\" data-elementor-id=\"3639\" class=\"elementor elementor-3639 elementor-3641\">\n\t\t\t\t<div class=\"elementor-element elementor-element-d0c267d e-flex e-con-boxed e-con e-parent\" data-id=\"d0c267d\" data-element_type=\"container\" data-e-type=\"container\">\n\t\t\t\t\t<div class=\"e-con-inner\">\n\t\t\t\t<div class=\"elementor-element elementor-element-9f9f688 elementor-widget elementor-widget-heading\" data-id=\"9f9f688\" data-element_type=\"widget\" data-e-type=\"widget\" data-widget_type=\"heading.default\">\n\t\t\t\t<div class=\"elementor-widget-container\">\n\t\t\t\t\t<h2 class=\"elementor-heading-title elementor-size-default\"><span style=\"font-size: 30px\">TERMINI E CONDIZIONI D'USO<\/span><\/h2>\t\t\t\t<\/div>\n\t\t\t\t<\/div>\n\t\t\t\t<div class=\"elementor-element elementor-element-a36ac3e elementor-widget elementor-widget-text-editor\" data-id=\"a36ac3e\" data-element_type=\"widget\" data-e-type=\"widget\" data-widget_type=\"text-editor.default\">\n\t\t\t\t<div class=\"elementor-widget-container\">\n\t\t\t\t\t\t\t\t\t<p>Ospedale dentale Radiance<\/p><p>NIPT: M41528017G<\/p><p>Ismail Qemali 27, Tirana, Albania<\/p><p>Tel: +355 68 66 88 888<\/p><p>E-mail: info@radiance.al<\/p><p>Web: www.radiance.al<\/p><p>Data: 29 maggio 2025<\/p>\t\t\t\t\t\t\t\t<\/div>\n\t\t\t\t<\/div>\n\t\t\t\t<div class=\"elementor-element elementor-element-2021abb elementor-widget elementor-widget-heading\" data-id=\"2021abb\" data-element_type=\"widget\" data-e-type=\"widget\" data-widget_type=\"heading.default\">\n\t\t\t\t<div class=\"elementor-widget-container\">\n\t\t\t\t\t<h2 class=\"elementor-heading-title elementor-size-default\"><span style=\"font-size: 30px\">1. ACCETTAZIONE DEI TERMINI<\/span><\/h2>\t\t\t\t<\/div>\n\t\t\t\t<\/div>\n\t\t\t\t<div class=\"elementor-element elementor-element-5e1d898 elementor-widget elementor-widget-text-editor\" data-id=\"5e1d898\" data-element_type=\"widget\" data-e-type=\"widget\" data-widget_type=\"text-editor.default\">\n\t\t\t\t<div class=\"elementor-widget-container\">\n\t\t\t\t\t\t\t\t\t<p>Utilizzando questo sito web (www.radiance.al), accetti di rispettare e di essere vincolato dai presenti Termini e Condizioni d \u201cuso. Se non sei d\u201d accordo con questi termini, ti invitiamo a non utilizzare il sito web.  <\/p>\t\t\t\t\t\t\t\t<\/div>\n\t\t\t\t<\/div>\n\t\t\t\t<div class=\"elementor-element elementor-element-36e7d9c elementor-widget elementor-widget-heading\" data-id=\"36e7d9c\" data-element_type=\"widget\" data-e-type=\"widget\" data-widget_type=\"heading.default\">\n\t\t\t\t<div class=\"elementor-widget-container\">\n\t\t\t\t\t<h2 class=\"elementor-heading-title elementor-size-default\"><span style=\"font-size: 30px\">2. DESCRIZIONE DEI SERVIZI<\/span><\/h2>\t\t\t\t<\/div>\n\t\t\t\t<\/div>\n\t\t\t\t<div class=\"elementor-element elementor-element-cc572e1 elementor-widget elementor-widget-text-editor\" data-id=\"cc572e1\" data-element_type=\"widget\" data-e-type=\"widget\" data-widget_type=\"text-editor.default\">\n\t\t\t\t<div class=\"elementor-widget-container\">\n\t\t\t\t\t\t\t\t\t<p>Radiance Dental Hospital fornisce informazioni sui servizi odontoiatrici, sul personale, sugli orari di lavoro, sui contatti e consente di comunicare con la clinica attraverso i moduli di contatto online.<\/p>\t\t\t\t\t\t\t\t<\/div>\n\t\t\t\t<\/div>\n\t\t\t\t<div class=\"elementor-element elementor-element-ebf9de4 elementor-widget elementor-widget-heading\" data-id=\"ebf9de4\" data-element_type=\"widget\" data-e-type=\"widget\" data-widget_type=\"heading.default\">\n\t\t\t\t<div class=\"elementor-widget-container\">\n\t\t\t\t\t<h2 class=\"elementor-heading-title elementor-size-default\">3. PRON\u00cbSIA INTELEKTUALE<\/h2>\t\t\t\t<\/div>\n\t\t\t\t<\/div>\n\t\t\t\t<div class=\"elementor-element elementor-element-29f75cc elementor-widget elementor-widget-text-editor\" data-id=\"29f75cc\" data-element_type=\"widget\" data-e-type=\"widget\" data-widget_type=\"text-editor.default\">\n\t\t\t\t<div class=\"elementor-widget-container\">\n\t\t\t\t\t\t\t\t\t<p>T\u00eb gjitha materialet n\u00eb k\u00ebt\u00eb faqe interneti (teksti, imazhet, logot, grafik\u00ebt, etj.) jan\u00eb pron\u00eb e Spitalit Dentar Radiance dhe mbrohen nga ligjet e pron\u00ebsis\u00eb intelektuale. Kopjimi, shp\u00ebrndarja, modifikimi ose p\u00ebrdorimi i k\u00ebtyre materialeve pa lejen me shkrim t\u00eb Spitalit Dentar Radiance \u00ebsht\u00eb rrept\u00ebsisht i ndaluar.   <\/p>\t\t\t\t\t\t\t\t<\/div>\n\t\t\t\t<\/div>\n\t\t\t\t<div class=\"elementor-element elementor-element-21dd11f elementor-widget elementor-widget-heading\" data-id=\"21dd11f\" data-element_type=\"widget\" data-e-type=\"widget\" data-widget_type=\"heading.default\">\n\t\t\t\t<div class=\"elementor-widget-container\">\n\t\t\t\t\t<h2 class=\"elementor-heading-title elementor-size-default\">4. P\u00cbRDORIMI I FAQES S\u00cb INTERNETIT<\/h2>\t\t\t\t<\/div>\n\t\t\t\t<\/div>\n\t\t\t\t<div class=\"elementor-element elementor-element-10ff25c elementor-widget elementor-widget-text-editor\" data-id=\"10ff25c\" data-element_type=\"widget\" data-e-type=\"widget\" data-widget_type=\"text-editor.default\">\n\t\t\t\t<div class=\"elementor-widget-container\">\n\t\t\t\t\t\t\t\t\t<p>Ju pranoni t\u00eb mos e p\u00ebrdorni faqen e internetit p\u00ebr q\u00ebllime t\u00eb paligjshme, mashtruese ose keqdash\u00ebse, ose n\u00eb ndonj\u00eb m\u00ebnyr\u00eb q\u00eb mund t\u00eb d\u00ebmtoj\u00eb reputacionin ose funksionimin e faqes s\u00eb internetit ose t\u00eb kompanis\u00eb. P\u00ebrdorimi i mjeteve t\u00eb automatizuara (bot-e, skripte) p\u00ebr mbledhjen e paautorizuar t\u00eb t\u00eb dh\u00ebnave \u00ebsht\u00eb rrept\u00ebsisht i ndaluar.   <\/p>\t\t\t\t\t\t\t\t<\/div>\n\t\t\t\t<\/div>\n\t\t\t\t<div class=\"elementor-element elementor-element-713e512 elementor-widget elementor-widget-heading\" data-id=\"713e512\" data-element_type=\"widget\" data-e-type=\"widget\" data-widget_type=\"heading.default\">\n\t\t\t\t<div class=\"elementor-widget-container\">\n\t\t\t\t\t<h2 class=\"elementor-heading-title elementor-size-default\">5. PRIVAT\u00cbSIA DHE MBROJTJA E T\u00cb DH\u00cbNAVE<\/h2>\t\t\t\t<\/div>\n\t\t\t\t<\/div>\n\t\t\t\t<div class=\"elementor-element elementor-element-21e6ca4 elementor-widget elementor-widget-text-editor\" data-id=\"21e6ca4\" data-element_type=\"widget\" data-e-type=\"widget\" data-widget_type=\"text-editor.default\">\n\t\t\t\t<div class=\"elementor-widget-container\">\n\t\t\t\t\t\t\t\t\t<p>T\u00eb gjitha informacionet personale t\u00eb mbledhura p\u00ebrmes faqes s\u00eb internetit do t\u00eb trajtohen n\u00eb p\u00ebrputhje me politik\u00ebn e privat\u00ebsis\u00eb t\u00eb Spitalit Dentar Radiance. Ne jemi t\u00eb p\u00ebrkushtuar p\u00ebr t\u00eb mbrojtur privat\u00ebsin\u00eb dhe t\u00eb dh\u00ebnat tuaja personale.   <\/p>\t\t\t\t\t\t\t\t<\/div>\n\t\t\t\t<\/div>\n\t\t\t\t<div class=\"elementor-element elementor-element-036d8ad elementor-widget elementor-widget-heading\" data-id=\"036d8ad\" data-element_type=\"widget\" data-e-type=\"widget\" data-widget_type=\"heading.default\">\n\t\t\t\t<div class=\"elementor-widget-container\">\n\t\t\t\t\t<h2 class=\"elementor-heading-title elementor-size-default\">6. LIDHJE ME FAQET E INTERNETIT T\u00cb PAL\u00cbVE T\u00cb TRET\u00cb<\/h2>\t\t\t\t<\/div>\n\t\t\t\t<\/div>\n\t\t\t\t<div class=\"elementor-element elementor-element-cab2b1c elementor-widget elementor-widget-text-editor\" data-id=\"cab2b1c\" data-element_type=\"widget\" data-e-type=\"widget\" data-widget_type=\"text-editor.default\">\n\t\t\t\t<div class=\"elementor-widget-container\">\n\t\t\t\t\t\t\t\t\t<p>Kjo faqe interneti mund t\u00eb p\u00ebrmbaj\u00eb lidhje me faqe t\u00eb tjera interneti q\u00eb nuk kontrollohen nga Spitali Dentar Radiance. Ne nuk jemi p\u00ebrgjegj\u00ebs p\u00ebr p\u00ebrmbajtjen ose sigurin\u00eb e k\u00ebtyre faqeve t\u00eb pal\u00ebve t\u00eb treta.   <\/p>\t\t\t\t\t\t\t\t<\/div>\n\t\t\t\t<\/div>\n\t\t\t\t<div class=\"elementor-element elementor-element-fe4120d elementor-widget elementor-widget-heading\" data-id=\"fe4120d\" data-element_type=\"widget\" data-e-type=\"widget\" data-widget_type=\"heading.default\">\n\t\t\t\t<div class=\"elementor-widget-container\">\n\t\t\t\t\t<h2 class=\"elementor-heading-title elementor-size-default\">7. MOHOHIM P\u00cbRGJEGJ\u00cbSIE<\/h2>\t\t\t\t<\/div>\n\t\t\t\t<\/div>\n\t\t\t\t<div class=\"elementor-element elementor-element-0ae1977 elementor-widget elementor-widget-text-editor\" data-id=\"0ae1977\" data-element_type=\"widget\" data-e-type=\"widget\" data-widget_type=\"text-editor.default\">\n\t\t\t\t<div class=\"elementor-widget-container\">\n\t\t\t\t\t\t\t\t\t<p>Informacioni n\u00eb k\u00ebt\u00eb faqe interneti ofrohet vet\u00ebm p\u00ebr q\u00ebllime informative. Spitali Dentar Radiance nuk garanton sakt\u00ebsin\u00eb, plot\u00ebsin\u00eb ose aktualitetin e ndonj\u00eb informacioni. Sh\u00ebrbimet dentare duhet t\u00eb merren gjithmon\u00eb n\u00eb konsultim t\u00eb drejtp\u00ebrdrejt\u00eb me profesionist\u00ebt tan\u00eb.    <\/p>\t\t\t\t\t\t\t\t<\/div>\n\t\t\t\t<\/div>\n\t\t\t\t<div class=\"elementor-element elementor-element-dc456a6 elementor-widget elementor-widget-heading\" data-id=\"dc456a6\" data-element_type=\"widget\" data-e-type=\"widget\" data-widget_type=\"heading.default\">\n\t\t\t\t<div class=\"elementor-widget-container\">\n\t\t\t\t\t<h2 class=\"elementor-heading-title elementor-size-default\">8. NDRYSHIMET N\u00cb KUSHTE<\/h2>\t\t\t\t<\/div>\n\t\t\t\t<\/div>\n\t\t\t\t<div class=\"elementor-element elementor-element-f8f6c95 elementor-widget elementor-widget-text-editor\" data-id=\"f8f6c95\" data-element_type=\"widget\" data-e-type=\"widget\" data-widget_type=\"text-editor.default\">\n\t\t\t\t<div class=\"elementor-widget-container\">\n\t\t\t\t\t\t\t\t\t<p>Spitali Dentar Radiance rezervon t\u00eb drejt\u00ebn p\u00ebr t\u00eb ndryshuar k\u00ebto Kushte dhe Afate n\u00eb \u00e7do koh\u00eb. Ndryshimet do t\u00eb hyjn\u00eb n\u00eb fuqi menj\u00ebher\u00eb pas postimit n\u00eb faqen e internetit. Ne ju rekomandojm\u00eb q\u00eb ta kontrolloni k\u00ebt\u00eb faqe rregullisht p\u00ebr \u00e7do p\u00ebrdit\u00ebsim.    <\/p>\t\t\t\t\t\t\t\t<\/div>\n\t\t\t\t<\/div>\n\t\t\t\t<div class=\"elementor-element elementor-element-8f4b301 elementor-widget elementor-widget-heading\" data-id=\"8f4b301\" data-element_type=\"widget\" data-e-type=\"widget\" data-widget_type=\"heading.default\">\n\t\t\t\t<div class=\"elementor-widget-container\">\n\t\t\t\t\t<h2 class=\"elementor-heading-title elementor-size-default\">9. LIGJI DHE JURISDIKSIONI I ZBATUESH\u00cbM<\/h2>\t\t\t\t<\/div>\n\t\t\t\t<\/div>\n\t\t\t\t<div class=\"elementor-element elementor-element-8e420fe elementor-widget elementor-widget-text-editor\" data-id=\"8e420fe\" data-element_type=\"widget\" data-e-type=\"widget\" data-widget_type=\"text-editor.default\">\n\t\t\t\t<div class=\"elementor-widget-container\">\n\t\t\t\t\t\t\t\t\t<p>K\u00ebto Kushte dhe Afate rregullohen nga ligjet e Republik\u00ebs s\u00eb Shqip\u00ebris\u00eb. \u00c7do mosmarr\u00ebveshje do t\u00eb zgjidhet nga gjykatat kompetente t\u00eb Tiran\u00ebs.   <\/p>\t\t\t\t\t\t\t\t<\/div>\n\t\t\t\t<\/div>\n\t\t\t\t<div class=\"elementor-element elementor-element-8e09318 elementor-widget elementor-widget-heading\" data-id=\"8e09318\" data-element_type=\"widget\" data-e-type=\"widget\" data-widget_type=\"heading.default\">\n\t\t\t\t<div class=\"elementor-widget-container\">\n\t\t\t\t\t<h2 class=\"elementor-heading-title elementor-size-default\">10. KONTAKTI<\/h2>\t\t\t\t<\/div>\n\t\t\t\t<\/div>\n\t\t\t\t<div class=\"elementor-element elementor-element-ca904ac elementor-widget elementor-widget-text-editor\" data-id=\"ca904ac\" data-element_type=\"widget\" data-e-type=\"widget\" data-widget_type=\"text-editor.default\">\n\t\t\t\t<div class=\"elementor-widget-container\">\n\t\t\t\t\t\t\t\t\t<p>N\u00ebse keni ndonj\u00eb pyetje ose shqet\u00ebsim n\u00eb lidhje me k\u00ebto Kushte dhe Afate, ju lutemi na kontaktoni n\u00eb:<\/p><p>Adresa: Ismail Qemali 27, Tiran\u00eb, Shqip\u00ebri<\/p><p>Tel: +355 68 66 88 888<\/p><p>Email: info@radiance.al<\/p><p><span style=\"text-decoration: underline;\"><strong>Duke p\u00ebrdorur k\u00ebt\u00eb faqe interneti, ju pranoni k\u00ebto Kushte dhe Afate n\u00eb t\u00ebr\u00ebsi.<\/strong><\/span><\/p>\t\t\t\t\t\t\t\t<\/div>\n\t\t\t\t<\/div>\n\t\t\t\t\t<\/div>\n\t\t\t\t<\/div>\n\t\t\t\t<\/div>\n\t\t","protected":false},"excerpt":{"rendered":"<p>TERMINI E CONDIZIONI D&#8217;USO Ospedale dentale Radiance NIPT: M41528017G Ismail Qemali 27, Tirana, Albania Tel: +355 68 66 88 888 E-mail: info@radiance.al Web: www.radiance.al Data: 29 maggio 2025 1. ACCETTAZIONE DEI TERMINI Utilizzando questo sito web (www.radiance.al), accetti di rispettare e di essere vincolato dai presenti Termini e Condizioni d [&hellip;]<\/p>\n","protected":false},"author":1,"featured_media":2006,"parent":0,"menu_order":0,"comment_status":"closed","ping_status":"closed","template":"elementor_header_footer","meta":{"_acf_changed":false,"footnotes":""},"class_list":["post-3639","page","type-page","status-publish","has-post-thumbnail","hentry"],"acf":[],"yoast_head":"<!-- This site is optimized with the Yoast SEO Premium plugin v27.4 (Yoast SEO v27.4) - https:\/\/yoast.com\/product\/yoast-seo-premium-wordpress\/ -->\n<title>Termini e Condizioni d&#039;Uso \u2013 Radiance Dental Tirana<\/title>\n<meta name=\"description\" content=\"Leggi i Termini e le Condizioni d&#039;Uso del sito Radiance Dental Hospital Tirana: responsabilit\u00e0, accesso, propriet\u00e0 dei contenuti e regolamento per l&#039;utilizzo sicuro e conforme del sito web.\" \/>\n<meta name=\"robots\" content=\"index, follow, max-snippet:-1, max-image-preview:large, max-video-preview:-1\" \/>\n<link rel=\"canonical\" href=\"https:\/\/www.radiance.al\/sq\/kushtet-dhe-afatet-e-perdorimit\/\" \/>\n<meta property=\"og:locale\" content=\"sq_AL\" \/>\n<meta property=\"og:type\" content=\"article\" \/>\n<meta property=\"og:title\" content=\"Termini e Condizioni \u2013 linee guida per l\u2019uso del sito Radiance Dental Tirana\" \/>\n<meta property=\"og:description\" content=\"Tutto quello che devi sapere per utilizzare correttamente il sito di Radiance Dental: regole, responsabilit\u00e0, copyright e uso dei contenuti.\" \/>\n<meta property=\"og:url\" content=\"https:\/\/www.radiance.al\/sq\/kushtet-dhe-afatet-e-perdorimit\/\" \/>\n<meta property=\"og:site_name\" content=\"RADIANCE.AL\" \/>\n<meta property=\"article:publisher\" content=\"https:\/\/www.instagram.com\/radiance_al\/?hl=en\" \/>\n<meta property=\"article:modified_time\" content=\"2025-07-11T14:31:50+00:00\" \/>\n<meta property=\"og:image\" content=\"https:\/\/www.radiance.al\/wp-content\/uploads\/2025\/05\/djq.png\" \/>\n\t<meta property=\"og:image:width\" content=\"658\" \/>\n\t<meta property=\"og:image:height\" content=\"410\" \/>\n\t<meta property=\"og:image:type\" content=\"image\/png\" \/>\n<meta name=\"twitter:card\" content=\"summary_large_image\" \/>\n<meta name=\"twitter:title\" content=\"Termini d&#039;Uso Radiance Dental Tirana\" \/>\n<meta name=\"twitter:description\" content=\"Consulta le Condizioni d&#039;Uso del sito Radiance Dental: responsibilit\u00e0, accesso e uso dei contenuti web.\" \/>\n<meta name=\"twitter:label1\" content=\"Est. reading time\" \/>\n\t<meta name=\"twitter:data1\" content=\"2 minutes\" \/>\n<script type=\"application\/ld+json\" class=\"yoast-schema-graph\">{\"@context\":\"https:\\\/\\\/schema.org\",\"@graph\":[{\"@type\":\"WebPage\",\"@id\":\"https:\\\/\\\/www.radiance.al\\\/sq\\\/kushtet-dhe-afatet-e-perdorimit\\\/\",\"url\":\"https:\\\/\\\/www.radiance.al\\\/sq\\\/kushtet-dhe-afatet-e-perdorimit\\\/\",\"name\":\"Termini e Condizioni d'Uso \u2013 Radiance Dental Tirana\",\"isPartOf\":{\"@id\":\"https:\\\/\\\/www.radiance.al\\\/sq\\\/#website\"},\"primaryImageOfPage\":{\"@id\":\"https:\\\/\\\/www.radiance.al\\\/sq\\\/kushtet-dhe-afatet-e-perdorimit\\\/#primaryimage\"},\"image\":{\"@id\":\"https:\\\/\\\/www.radiance.al\\\/sq\\\/kushtet-dhe-afatet-e-perdorimit\\\/#primaryimage\"},\"thumbnailUrl\":\"https:\\\/\\\/www.radiance.al\\\/wp-content\\\/uploads\\\/2025\\\/05\\\/djq.png\",\"datePublished\":\"2025-05-27T07:20:18+00:00\",\"dateModified\":\"2025-07-11T14:31:50+00:00\",\"description\":\"Leggi i Termini e le Condizioni d'Uso del sito Radiance Dental Hospital Tirana: responsabilit\u00e0, accesso, propriet\u00e0 dei contenuti e regolamento per l'utilizzo sicuro e conforme del sito web.\",\"breadcrumb\":{\"@id\":\"https:\\\/\\\/www.radiance.al\\\/sq\\\/kushtet-dhe-afatet-e-perdorimit\\\/#breadcrumb\"},\"inLanguage\":\"sq-AL\",\"potentialAction\":[{\"@type\":\"ReadAction\",\"target\":[\"https:\\\/\\\/www.radiance.al\\\/sq\\\/kushtet-dhe-afatet-e-perdorimit\\\/\"]}]},{\"@type\":\"ImageObject\",\"inLanguage\":\"sq-AL\",\"@id\":\"https:\\\/\\\/www.radiance.al\\\/sq\\\/kushtet-dhe-afatet-e-perdorimit\\\/#primaryimage\",\"url\":\"https:\\\/\\\/www.radiance.al\\\/wp-content\\\/uploads\\\/2025\\\/05\\\/djq.png\",\"contentUrl\":\"https:\\\/\\\/www.radiance.al\\\/wp-content\\\/uploads\\\/2025\\\/05\\\/djq.png\",\"width\":658,\"height\":410},{\"@type\":\"BreadcrumbList\",\"@id\":\"https:\\\/\\\/www.radiance.al\\\/sq\\\/kushtet-dhe-afatet-e-perdorimit\\\/#breadcrumb\",\"itemListElement\":[{\"@type\":\"ListItem\",\"position\":1,\"name\":\"Home\",\"item\":\"https:\\\/\\\/www.radiance.al\\\/sq\\\/\"},{\"@type\":\"ListItem\",\"position\":2,\"name\":\"Termini e condizioni d&#8217;uso\"}]},{\"@type\":\"WebSite\",\"@id\":\"https:\\\/\\\/www.radiance.al\\\/sq\\\/#website\",\"url\":\"https:\\\/\\\/www.radiance.al\\\/sq\\\/\",\"name\":\"RADIANCE.AL\",\"description\":\"RADIANCE DENTAL HOSPITAL\",\"publisher\":{\"@id\":\"https:\\\/\\\/www.radiance.al\\\/sq\\\/#organization\"},\"potentialAction\":[{\"@type\":\"SearchAction\",\"target\":{\"@type\":\"EntryPoint\",\"urlTemplate\":\"https:\\\/\\\/www.radiance.al\\\/sq\\\/?s={search_term_string}\"},\"query-input\":{\"@type\":\"PropertyValueSpecification\",\"valueRequired\":true,\"valueName\":\"search_term_string\"}}],\"inLanguage\":\"sq-AL\"},{\"@type\":\"Organization\",\"@id\":\"https:\\\/\\\/www.radiance.al\\\/sq\\\/#organization\",\"name\":\"RADIANCE.AL\",\"alternateName\":\"Radiance Dental Hospital\",\"url\":\"https:\\\/\\\/www.radiance.al\\\/sq\\\/\",\"logo\":{\"@type\":\"ImageObject\",\"inLanguage\":\"sq-AL\",\"@id\":\"https:\\\/\\\/www.radiance.al\\\/sq\\\/#\\\/schema\\\/logo\\\/image\\\/\",\"url\":\"https:\\\/\\\/www.radiance.al\\\/wp-content\\\/uploads\\\/2025\\\/05\\\/faviconn.jpeg\",\"contentUrl\":\"https:\\\/\\\/www.radiance.al\\\/wp-content\\\/uploads\\\/2025\\\/05\\\/faviconn.jpeg\",\"width\":48,\"height\":48,\"caption\":\"RADIANCE.AL\"},\"image\":{\"@id\":\"https:\\\/\\\/www.radiance.al\\\/sq\\\/#\\\/schema\\\/logo\\\/image\\\/\"},\"sameAs\":[\"https:\\\/\\\/www.instagram.com\\\/radiance_al\\\/?hl=en\"],\"description\":\"\\\"Radiance Dental Hospital n\u00eb Shqip\u00ebri: spital dentar modern me teknologji 3D, implantologji, estetik\u00eb dhe specialist\u00eb me mbi 15 vite p\u00ebrvoj\u00eb. Prenoto konsult\u00ebn falas!\\\"\",\"email\":\"info@radiance.al\",\"telephone\":\"+355694799949\",\"legalName\":\"Radiance Dental Hospital\",\"foundingDate\":\"2025-03-18\",\"numberOfEmployees\":{\"@type\":\"QuantitativeValue\",\"minValue\":\"11\",\"maxValue\":\"50\"}}]}<\/script>\n<!-- \/ Yoast SEO Premium plugin. -->","yoast_head_json":{"title":"Termini e Condizioni d'Uso \u2013 Radiance Dental Tirana","description":"Leggi i Termini e le Condizioni d'Uso del sito Radiance Dental Hospital Tirana: responsabilit\u00e0, accesso, propriet\u00e0 dei contenuti e regolamento per l'utilizzo sicuro e conforme del sito web.","robots":{"index":"index","follow":"follow","max-snippet":"max-snippet:-1","max-image-preview":"max-image-preview:large","max-video-preview":"max-video-preview:-1"},"canonical":"https:\/\/www.radiance.al\/sq\/kushtet-dhe-afatet-e-perdorimit\/","og_locale":"sq_AL","og_type":"article","og_title":"Termini e Condizioni \u2013 linee guida per l\u2019uso del sito Radiance Dental Tirana","og_description":"Tutto quello che devi sapere per utilizzare correttamente il sito di Radiance Dental: regole, responsabilit\u00e0, copyright e uso dei contenuti.","og_url":"https:\/\/www.radiance.al\/sq\/kushtet-dhe-afatet-e-perdorimit\/","og_site_name":"RADIANCE.AL","article_publisher":"https:\/\/www.instagram.com\/radiance_al\/?hl=en","article_modified_time":"2025-07-11T14:31:50+00:00","og_image":[{"width":658,"height":410,"url":"https:\/\/www.radiance.al\/wp-content\/uploads\/2025\/05\/djq.png","type":"image\/png"}],"twitter_card":"summary_large_image","twitter_title":"Termini d'Uso Radiance Dental Tirana","twitter_description":"Consulta le Condizioni d'Uso del sito Radiance Dental: responsibilit\u00e0, accesso e uso dei contenuti web.","twitter_misc":{"Est. reading time":"2 minutes"},"schema":{"@context":"https:\/\/schema.org","@graph":[{"@type":"WebPage","@id":"https:\/\/www.radiance.al\/sq\/kushtet-dhe-afatet-e-perdorimit\/","url":"https:\/\/www.radiance.al\/sq\/kushtet-dhe-afatet-e-perdorimit\/","name":"Termini e Condizioni d'Uso \u2013 Radiance Dental Tirana","isPartOf":{"@id":"https:\/\/www.radiance.al\/sq\/#website"},"primaryImageOfPage":{"@id":"https:\/\/www.radiance.al\/sq\/kushtet-dhe-afatet-e-perdorimit\/#primaryimage"},"image":{"@id":"https:\/\/www.radiance.al\/sq\/kushtet-dhe-afatet-e-perdorimit\/#primaryimage"},"thumbnailUrl":"https:\/\/www.radiance.al\/wp-content\/uploads\/2025\/05\/djq.png","datePublished":"2025-05-27T07:20:18+00:00","dateModified":"2025-07-11T14:31:50+00:00","description":"Leggi i Termini e le Condizioni d'Uso del sito Radiance Dental Hospital Tirana: responsabilit\u00e0, accesso, propriet\u00e0 dei contenuti e regolamento per l'utilizzo sicuro e conforme del sito web.","breadcrumb":{"@id":"https:\/\/www.radiance.al\/sq\/kushtet-dhe-afatet-e-perdorimit\/#breadcrumb"},"inLanguage":"sq-AL","potentialAction":[{"@type":"ReadAction","target":["https:\/\/www.radiance.al\/sq\/kushtet-dhe-afatet-e-perdorimit\/"]}]},{"@type":"ImageObject","inLanguage":"sq-AL","@id":"https:\/\/www.radiance.al\/sq\/kushtet-dhe-afatet-e-perdorimit\/#primaryimage","url":"https:\/\/www.radiance.al\/wp-content\/uploads\/2025\/05\/djq.png","contentUrl":"https:\/\/www.radiance.al\/wp-content\/uploads\/2025\/05\/djq.png","width":658,"height":410},{"@type":"BreadcrumbList","@id":"https:\/\/www.radiance.al\/sq\/kushtet-dhe-afatet-e-perdorimit\/#breadcrumb","itemListElement":[{"@type":"ListItem","position":1,"name":"Home","item":"https:\/\/www.radiance.al\/sq\/"},{"@type":"ListItem","position":2,"name":"Termini e condizioni d&#8217;uso"}]},{"@type":"WebSite","@id":"https:\/\/www.radiance.al\/sq\/#website","url":"https:\/\/www.radiance.al\/sq\/","name":"RADIANCE.AL","description":"RADIANCE DENTAL HOSPITAL","publisher":{"@id":"https:\/\/www.radiance.al\/sq\/#organization"},"potentialAction":[{"@type":"SearchAction","target":{"@type":"EntryPoint","urlTemplate":"https:\/\/www.radiance.al\/sq\/?s={search_term_string}"},"query-input":{"@type":"PropertyValueSpecification","valueRequired":true,"valueName":"search_term_string"}}],"inLanguage":"sq-AL"},{"@type":"Organization","@id":"https:\/\/www.radiance.al\/sq\/#organization","name":"RADIANCE.AL","alternateName":"Radiance Dental Hospital","url":"https:\/\/www.radiance.al\/sq\/","logo":{"@type":"ImageObject","inLanguage":"sq-AL","@id":"https:\/\/www.radiance.al\/sq\/#\/schema\/logo\/image\/","url":"https:\/\/www.radiance.al\/wp-content\/uploads\/2025\/05\/faviconn.jpeg","contentUrl":"https:\/\/www.radiance.al\/wp-content\/uploads\/2025\/05\/faviconn.jpeg","width":48,"height":48,"caption":"RADIANCE.AL"},"image":{"@id":"https:\/\/www.radiance.al\/sq\/#\/schema\/logo\/image\/"},"sameAs":["https:\/\/www.instagram.com\/radiance_al\/?hl=en"],"description":"\"Radiance Dental Hospital n\u00eb Shqip\u00ebri: spital dentar modern me teknologji 3D, implantologji, estetik\u00eb dhe specialist\u00eb me mbi 15 vite p\u00ebrvoj\u00eb. Prenoto konsult\u00ebn falas!\"","email":"info@radiance.al","telephone":"+355694799949","legalName":"Radiance Dental Hospital","foundingDate":"2025-03-18","numberOfEmployees":{"@type":"QuantitativeValue","minValue":"11","maxValue":"50"}}]}},"_links":{"self":[{"href":"https:\/\/www.radiance.al\/sq\/wp-json\/wp\/v2\/pages\/3639","targetHints":{"allow":["GET"]}}],"collection":[{"href":"https:\/\/www.radiance.al\/sq\/wp-json\/wp\/v2\/pages"}],"about":[{"href":"https:\/\/www.radiance.al\/sq\/wp-json\/wp\/v2\/types\/page"}],"author":[{"embeddable":true,"href":"https:\/\/www.radiance.al\/sq\/wp-json\/wp\/v2\/users\/1"}],"replies":[{"embeddable":true,"href":"https:\/\/www.radiance.al\/sq\/wp-json\/wp\/v2\/comments?post=3639"}],"version-history":[{"count":0,"href":"https:\/\/www.radiance.al\/sq\/wp-json\/wp\/v2\/pages\/3639\/revisions"}],"wp:featuredmedia":[{"embeddable":true,"href":"https:\/\/www.radiance.al\/sq\/wp-json\/wp\/v2\/media\/2006"}],"wp:attachment":[{"href":"https:\/\/www.radiance.al\/sq\/wp-json\/wp\/v2\/media?parent=3639"}],"curies":[{"name":"wp","href":"https:\/\/api.w.org\/{rel}","templated":true}]}}