{"id":3669,"date":"2025-05-28T06:54:38","date_gmt":"2025-05-28T06:54:38","guid":{"rendered":"https:\/\/www.hayasagi.com\/endodonci-2\/"},"modified":"2025-08-04T12:36:27","modified_gmt":"2025-08-04T12:36:27","slug":"endodonci-tirane","status":"publish","type":"page","link":"https:\/\/www.radiance.al\/sq\/endodonci-tirane\/","title":{"rendered":"Endodonci"},"content":{"rendered":"\t\t<div data-elementor-type=\"wp-page\" data-elementor-id=\"3669\" class=\"elementor elementor-3669 elementor-3671\">\n\t\t\t\t<div class=\"elementor-element elementor-element-142aa4b6 e-con-full e-flex e-con e-parent\" data-id=\"142aa4b6\" data-element_type=\"container\" data-e-type=\"container\" data-settings=\"{&quot;background_background&quot;:&quot;classic&quot;}\">\n\t\t<div class=\"elementor-element elementor-element-254f7d5a e-con-full e-flex e-con e-child\" data-id=\"254f7d5a\" data-element_type=\"container\" data-e-type=\"container\" data-settings=\"{&quot;background_background&quot;:&quot;gradient&quot;}\">\n\t\t\t\t<div class=\"elementor-element elementor-element-fad9985 elementor-widget elementor-widget-spacer\" data-id=\"fad9985\" data-element_type=\"widget\" data-e-type=\"widget\" data-widget_type=\"spacer.default\">\n\t\t\t\t<div class=\"elementor-widget-container\">\n\t\t\t\t\t\t\t<div class=\"elementor-spacer\">\n\t\t\t<div class=\"elementor-spacer-inner\"><\/div>\n\t\t<\/div>\n\t\t\t\t\t\t<\/div>\n\t\t\t\t<\/div>\n\t\t\t\t<div class=\"elementor-element elementor-element-fbc106e elementor-widget elementor-widget-image\" data-id=\"fbc106e\" data-element_type=\"widget\" data-e-type=\"widget\" data-widget_type=\"image.default\">\n\t\t\t\t<div class=\"elementor-widget-container\">\n\t\t\t\t\t\t\t\t\t\t\t\t\t\t\t<img fetchpriority=\"high\" decoding=\"async\" width=\"640\" height=\"800\" src=\"https:\/\/www.radiance.al\/wp-content\/uploads\/2025\/06\/Endodonzia-1.jpg\" class=\"attachment-large size-large wp-image-5855\" alt=\"Strumento endodontico sterile tenuto da un dentista durante un trattamento canalare presso Radiance Dental Hospital \u2013 specializzati nel turismo dentale in Albania\" srcset=\"https:\/\/www.radiance.al\/wp-content\/uploads\/2025\/06\/Endodonzia-1.jpg 700w, https:\/\/www.radiance.al\/wp-content\/uploads\/2025\/06\/Endodonzia-1-240x300.jpg 240w\" sizes=\"(max-width: 640px) 100vw, 640px\" \/>\t\t\t\t\t\t\t\t\t\t\t\t\t\t\t<\/div>\n\t\t\t\t<\/div>\n\t\t\t\t<\/div>\n\t\t<div class=\"elementor-element elementor-element-442d2b42 e-con-full e-flex e-con e-child\" data-id=\"442d2b42\" data-element_type=\"container\" data-e-type=\"container\" data-settings=\"{&quot;background_background&quot;:&quot;classic&quot;}\">\n\t\t\t\t<div class=\"elementor-element elementor-element-55cd3dee elementor-widget__width-initial elementor-widget elementor-widget-heading\" data-id=\"55cd3dee\" data-element_type=\"widget\" data-e-type=\"widget\" data-widget_type=\"heading.default\">\n\t\t\t\t<div class=\"elementor-widget-container\">\n\t\t\t\t\t<h1 class=\"elementor-heading-title elementor-size-default\"><b>Endodonci<\/b><br><\/h1>\t\t\t\t<\/div>\n\t\t\t\t<\/div>\n\t\t\t\t<div class=\"elementor-element elementor-element-65bcf7b8 elementor-widget elementor-widget-text-editor\" data-id=\"65bcf7b8\" data-element_type=\"widget\" data-e-type=\"widget\" data-widget_type=\"text-editor.default\">\n\t\t\t\t<div class=\"elementor-widget-container\">\n\t\t\t\t\t\t\t\t\t<p><span style=\"font-weight: 400;\">Dhimbje<\/span> <b>dh\u00ebmbi<\/b> <span style=\"font-weight: 400;\">Nuk ka pse t&#8217;ju prish\u00eb m\u00eb dit\u00ebt. Fal\u00eb endodoncis\u00eb, \u00ebsht\u00eb e mundur.   <\/span><b>Ruani dh\u00ebmb\u00ebt e d\u00ebmtuar r\u00ebnd\u00eb<\/b> <span style=\"font-weight: 400;\">nga kariesi i thell\u00eb ose trauma, duke shmangur nxjerrjen dhe duke ruajtur funksionalitetin dhe estetik\u00ebn e buz\u00ebqeshjes suaj natyrale.<\/span><\/p>\t\t\t\t\t\t\t\t<\/div>\n\t\t\t\t<\/div>\n\t\t\t\t<div class=\"elementor-element elementor-element-23bdfa9 elementor-widget elementor-widget-spacer\" data-id=\"23bdfa9\" data-element_type=\"widget\" data-e-type=\"widget\" data-widget_type=\"spacer.default\">\n\t\t\t\t<div class=\"elementor-widget-container\">\n\t\t\t\t\t\t\t<div class=\"elementor-spacer\">\n\t\t\t<div class=\"elementor-spacer-inner\"><\/div>\n\t\t<\/div>\n\t\t\t\t\t\t<\/div>\n\t\t\t\t<\/div>\n\t\t\t\t<div class=\"elementor-element elementor-element-f92c30f elementor-widget__width-initial elementor-widget elementor-widget-heading\" data-id=\"f92c30f\" data-element_type=\"widget\" data-e-type=\"widget\" data-widget_type=\"heading.default\">\n\t\t\t\t<div class=\"elementor-widget-container\">\n\t\t\t\t\t<h3 class=\"elementor-heading-title elementor-size-default\"><b>Trajtime t\u00eb avancuara dhe pa dhimbje<\/b><\/h3>\t\t\t\t<\/div>\n\t\t\t\t<\/div>\n\t\t\t\t<div class=\"elementor-element elementor-element-a1c9e2f elementor-widget elementor-widget-text-editor\" data-id=\"a1c9e2f\" data-element_type=\"widget\" data-e-type=\"widget\" data-widget_type=\"text-editor.default\">\n\t\t\t\t<div class=\"elementor-widget-container\">\n\t\t\t\t\t\t\t\t\t<p><span style=\"font-weight: 400;\">Ne p\u00ebrdorim teknologji t\u00eb p\u00ebrparuara p\u00ebr t\u00eb trajtuar infeksionet e kanalit rr\u00ebnjor me<\/span> procedura <b>t\u00eb sakta, t\u00eb shpejta dhe praktikisht pa dhimbje<\/b> <span style=\"font-weight: 400;\">.<\/span><\/p>\t\t\t\t\t\t\t\t<\/div>\n\t\t\t\t<\/div>\n\t\t\t\t<div class=\"elementor-element elementor-element-01cf922 elementor-widget elementor-widget-spacer\" data-id=\"01cf922\" data-element_type=\"widget\" data-e-type=\"widget\" data-widget_type=\"spacer.default\">\n\t\t\t\t<div class=\"elementor-widget-container\">\n\t\t\t\t\t\t\t<div class=\"elementor-spacer\">\n\t\t\t<div class=\"elementor-spacer-inner\"><\/div>\n\t\t<\/div>\n\t\t\t\t\t\t<\/div>\n\t\t\t\t<\/div>\n\t\t\t\t<div class=\"elementor-element elementor-element-3a43c4c elementor-widget__width-initial elementor-widget elementor-widget-heading\" data-id=\"3a43c4c\" data-element_type=\"widget\" data-e-type=\"widget\" data-widget_type=\"heading.default\">\n\t\t\t\t<div class=\"elementor-widget-container\">\n\t\t\t\t\t<h3 class=\"elementor-heading-title elementor-size-default\"><b>Ruajtja e dh\u00ebmbit natyral<\/b><\/h3>\t\t\t\t<\/div>\n\t\t\t\t<\/div>\n\t\t\t\t<div class=\"elementor-element elementor-element-af40ed5 elementor-widget elementor-widget-text-editor\" data-id=\"af40ed5\" data-element_type=\"widget\" data-e-type=\"widget\" data-widget_type=\"text-editor.default\">\n\t\t\t\t<div class=\"elementor-widget-container\">\n\t\t\t\t\t\t\t\t\t<p><span style=\"font-weight: 400;\"><strong>Endodoncia<\/strong> ju lejon t\u00eb ruani <strong>dh\u00ebmbin<\/strong> tuaj, duke shmangur zgjidhjet protetike ose <strong>implantet.<\/strong><\/span><\/p>\t\t\t\t\t\t\t\t<\/div>\n\t\t\t\t<\/div>\n\t\t\t\t<div class=\"elementor-element elementor-element-b1a71a6 elementor-widget elementor-widget-spacer\" data-id=\"b1a71a6\" data-element_type=\"widget\" data-e-type=\"widget\" data-widget_type=\"spacer.default\">\n\t\t\t\t<div class=\"elementor-widget-container\">\n\t\t\t\t\t\t\t<div class=\"elementor-spacer\">\n\t\t\t<div class=\"elementor-spacer-inner\"><\/div>\n\t\t<\/div>\n\t\t\t\t\t\t<\/div>\n\t\t\t\t<\/div>\n\t\t\t\t<div class=\"elementor-element elementor-element-4f2b196 elementor-widget__width-initial elementor-widget elementor-widget-heading\" data-id=\"4f2b196\" data-element_type=\"widget\" data-e-type=\"widget\" data-widget_type=\"heading.default\">\n\t\t\t\t<div class=\"elementor-widget-container\">\n\t\t\t\t\t<h3 class=\"elementor-heading-title elementor-size-default\"><b>Teknika minimalisht invazive<\/b><\/h3>\t\t\t\t<\/div>\n\t\t\t\t<\/div>\n\t\t\t\t<div class=\"elementor-element elementor-element-36205d8 elementor-widget elementor-widget-text-editor\" data-id=\"36205d8\" data-element_type=\"widget\" data-e-type=\"widget\" data-widget_type=\"text-editor.default\">\n\t\t\t\t<div class=\"elementor-widget-container\">\n\t\t\t\t\t\t\t\t\t<p><span style=\"font-weight: 400;\">Mjetet inovative dhe sistemet dixhitale na lejojn\u00eb t\u00eb nd\u00ebrhyjm\u00eb me delikates\u00eb<\/span> <b>dhe siguri<\/b> <span style=\"font-weight: 400;\">, duke minimizuar shqet\u00ebsimin pas operacionit.<\/span><\/p>\t\t\t\t\t\t\t\t<\/div>\n\t\t\t\t<\/div>\n\t\t\t\t<div class=\"elementor-element elementor-element-7bfc70a elementor-widget elementor-widget-spacer\" data-id=\"7bfc70a\" data-element_type=\"widget\" data-e-type=\"widget\" data-widget_type=\"spacer.default\">\n\t\t\t\t<div class=\"elementor-widget-container\">\n\t\t\t\t\t\t\t<div class=\"elementor-spacer\">\n\t\t\t<div class=\"elementor-spacer-inner\"><\/div>\n\t\t<\/div>\n\t\t\t\t\t\t<\/div>\n\t\t\t\t<\/div>\n\t\t\t\t<div class=\"elementor-element elementor-element-6314137 elementor-widget__width-initial elementor-widget elementor-widget-heading\" data-id=\"6314137\" data-element_type=\"widget\" data-e-type=\"widget\" data-widget_type=\"heading.default\">\n\t\t\t\t<div class=\"elementor-widget-container\">\n\t\t\t\t\t<h3 class=\"elementor-heading-title elementor-size-default\"><b>Rezultate t\u00eb besueshme dhe afatgjata<\/b><\/h3>\t\t\t\t<\/div>\n\t\t\t\t<\/div>\n\t\t\t\t<div class=\"elementor-element elementor-element-f5f0020 elementor-widget elementor-widget-text-editor\" data-id=\"f5f0020\" data-element_type=\"widget\" data-e-type=\"widget\" data-widget_type=\"text-editor.default\">\n\t\t\t\t<div class=\"elementor-widget-container\">\n\t\t\t\t\t\t\t\t\t<p><span style=\"font-weight: 400;\">Nj\u00eb trajtim i kanalit rr\u00ebnjor i kryer si\u00e7 duhet, i kombinuar me restaurime me cil\u00ebsi t\u00eb lart\u00eb, siguron<\/span> <b>jet\u00ebgjat\u00ebsin\u00eb e<\/b> <span style=\"font-weight: 400;\">dh\u00ebmbit t\u00eb trajtuar.<\/span><\/p>\t\t\t\t\t\t\t\t<\/div>\n\t\t\t\t<\/div>\n\t\t\t\t<div class=\"elementor-element elementor-element-9078621 elementor-widget elementor-widget-spacer\" data-id=\"9078621\" data-element_type=\"widget\" data-e-type=\"widget\" data-widget_type=\"spacer.default\">\n\t\t\t\t<div class=\"elementor-widget-container\">\n\t\t\t\t\t\t\t<div class=\"elementor-spacer\">\n\t\t\t<div class=\"elementor-spacer-inner\"><\/div>\n\t\t<\/div>\n\t\t\t\t\t\t<\/div>\n\t\t\t\t<\/div>\n\t\t\t\t<div class=\"elementor-element elementor-element-6e236a9 elementor-widget__width-initial elementor-widget elementor-widget-heading\" data-id=\"6e236a9\" data-element_type=\"widget\" data-e-type=\"widget\" data-widget_type=\"heading.default\">\n\t\t\t\t<div class=\"elementor-widget-container\">\n\t\t\t\t\t<h3 class=\"elementor-heading-title elementor-size-default\"><b>Profesionaliz\u00ebm dhe v\u00ebmendje ndaj pacientit<\/b><\/h3>\t\t\t\t<\/div>\n\t\t\t\t<\/div>\n\t\t\t\t<div class=\"elementor-element elementor-element-fe44a52 elementor-widget elementor-widget-text-editor\" data-id=\"fe44a52\" data-element_type=\"widget\" data-e-type=\"widget\" data-widget_type=\"text-editor.default\">\n\t\t\t\t<div class=\"elementor-widget-container\">\n\t\t\t\t\t\t\t\t\t<p><span style=\"font-weight: 400;\">Ekipi yn\u00eb i specializuar do t&#8217;ju mb\u00ebshtes\u00eb me<\/span> <b>kujdes, empati dhe ekspertiz\u00eb<\/b> <span style=\"font-weight: 400;\">gjat\u00eb \u00e7do faze t\u00eb trajtimit tuaj.<\/span><\/p>\t\t\t\t\t\t\t\t<\/div>\n\t\t\t\t<\/div>\n\t\t\t\t<div class=\"elementor-element elementor-element-7a294f0 elementor-widget elementor-widget-spacer\" data-id=\"7a294f0\" data-element_type=\"widget\" data-e-type=\"widget\" data-widget_type=\"spacer.default\">\n\t\t\t\t<div class=\"elementor-widget-container\">\n\t\t\t\t\t\t\t<div class=\"elementor-spacer\">\n\t\t\t<div class=\"elementor-spacer-inner\"><\/div>\n\t\t<\/div>\n\t\t\t\t\t\t<\/div>\n\t\t\t\t<\/div>\n\t\t\t\t<div class=\"elementor-element elementor-element-1dcac05 elementor-widget elementor-widget-spacer\" data-id=\"1dcac05\" data-element_type=\"widget\" data-e-type=\"widget\" data-widget_type=\"spacer.default\">\n\t\t\t\t<div class=\"elementor-widget-container\">\n\t\t\t\t\t\t\t<div class=\"elementor-spacer\">\n\t\t\t<div class=\"elementor-spacer-inner\"><\/div>\n\t\t<\/div>\n\t\t\t\t\t\t<\/div>\n\t\t\t\t<\/div>\n\t\t\t\t<\/div>\n\t\t\t\t<\/div>\n\t\t<div class=\"elementor-element elementor-element-8974ef5 e-flex e-con-boxed e-con e-parent\" data-id=\"8974ef5\" data-element_type=\"container\" data-e-type=\"container\">\n\t\t\t\t\t<div class=\"e-con-inner\">\n\t\t\t\t<div class=\"elementor-element elementor-element-8a120de elementor-align-center elementor-widget elementor-widget-button\" data-id=\"8a120de\" data-element_type=\"widget\" data-e-type=\"widget\" data-widget_type=\"button.default\">\n\t\t\t\t<div class=\"elementor-widget-container\">\n\t\t\t\t\t\t\t\t\t<div class=\"elementor-button-wrapper\">\n\t\t\t\t\t<a class=\"elementor-button elementor-button-link elementor-size-sm\" href=\"https:\/\/www.radiance.al\/sq\/na-kontaktoni\/\">\n\t\t\t\t\t\t<span class=\"elementor-button-content-wrapper\">\n\t\t\t\t\t\t\t\t\t<span class=\"elementor-button-text\">Vizit\u00eb falas<\/span>\n\t\t\t\t\t<\/span>\n\t\t\t\t\t<\/a>\n\t\t\t\t<\/div>\n\t\t\t\t\t\t\t\t<\/div>\n\t\t\t\t<\/div>\n\t\t\t\t<div class=\"elementor-element elementor-element-9329535 elementor-widget elementor-widget-spacer\" data-id=\"9329535\" data-element_type=\"widget\" data-e-type=\"widget\" data-widget_type=\"spacer.default\">\n\t\t\t\t<div class=\"elementor-widget-container\">\n\t\t\t\t\t\t\t<div class=\"elementor-spacer\">\n\t\t\t<div class=\"elementor-spacer-inner\"><\/div>\n\t\t<\/div>\n\t\t\t\t\t\t<\/div>\n\t\t\t\t<\/div>\n\t\t\t\t\t<\/div>\n\t\t\t\t<\/div>\n\t\t\t\t<\/div>\n\t\t","protected":false},"excerpt":{"rendered":"<p>Endodoncia \u2013 Zgjidhje moderne p\u00ebr dh\u00ebmb\u00eb t\u00eb d\u00ebmtuar A keni dhimbje dh\u00ebmbi q\u00eb ju prish dit\u00ebn? Me trajtimet endodontike moderne, kjo nuk \u00ebsht\u00eb m\u00eb nj\u00eb problem. Endodoncia ju ndihmon t\u00eb shp\u00ebtoni dh\u00ebmb\u00ebt e d\u00ebmtuar nga kariesi i thell\u00eb ose trauma, pa pasur nevoj\u00eb p\u00ebr nxjerrje. Kjo metod\u00eb ju lejon t\u00eb [&hellip;]<\/p>\n","protected":false},"author":1,"featured_media":4590,"parent":0,"menu_order":0,"comment_status":"closed","ping_status":"closed","template":"elementor_header_footer","meta":{"_acf_changed":false,"footnotes":""},"class_list":["post-3669","page","type-page","status-publish","has-post-thumbnail","hentry"],"acf":[],"yoast_head":"<!-- This site is optimized with the Yoast SEO Premium plugin v27.4 (Yoast SEO v27.4) - https:\/\/yoast.com\/product\/yoast-seo-premium-wordpress\/ -->\n<title>Endodonci n\u00eb Tiran\u00eb \u2013 Trajtime t\u00eb avancuara p\u00ebr dh\u00ebmbin tuaj<\/title>\n<meta name=\"description\" content=\"Zbuloni trajtimin endodontik n\u00eb Shqip\u00ebri: cil\u00ebsi, teknologji moderne dhe zero dhimbje. Rezervoni nj\u00eb konsult\u00eb falas me Radiance Dental.\" \/>\n<meta name=\"robots\" content=\"index, follow, max-snippet:-1, max-image-preview:large, max-video-preview:-1\" \/>\n<link rel=\"canonical\" href=\"https:\/\/www.radiance.al\/sq\/endodonci-tirane\/\" \/>\n<meta property=\"og:locale\" content=\"sq_AL\" \/>\n<meta property=\"og:type\" content=\"article\" \/>\n<meta property=\"og:title\" content=\"Endodonci\" \/>\n<meta property=\"og:description\" content=\"Zbuloni trajtimin endodontik n\u00eb Shqip\u00ebri: cil\u00ebsi, teknologji moderne dhe zero dhimbje. Rezervoni nj\u00eb konsult\u00eb falas me Radiance Dental.\" \/>\n<meta property=\"og:url\" content=\"https:\/\/www.radiance.al\/sq\/endodonci-tirane\/\" \/>\n<meta property=\"og:site_name\" content=\"RADIANCE.AL\" \/>\n<meta property=\"article:publisher\" content=\"https:\/\/www.instagram.com\/radiance_al\/?hl=en\" \/>\n<meta property=\"article:modified_time\" content=\"2025-08-04T12:36:27+00:00\" \/>\n<meta property=\"og:image\" content=\"https:\/\/www.radiance.al\/wp-content\/uploads\/2025\/06\/Endodonzia.jpg\" \/>\n\t<meta property=\"og:image:width\" content=\"1080\" \/>\n\t<meta property=\"og:image:height\" content=\"1350\" \/>\n\t<meta property=\"og:image:type\" content=\"image\/jpeg\" \/>\n<meta name=\"twitter:card\" content=\"summary_large_image\" \/>\n<meta name=\"twitter:label1\" content=\"Est. reading time\" \/>\n\t<meta name=\"twitter:data1\" content=\"2 minutes\" \/>\n<script type=\"application\/ld+json\" class=\"yoast-schema-graph\">{\"@context\":\"https:\\\/\\\/schema.org\",\"@graph\":[{\"@type\":\"WebPage\",\"@id\":\"https:\\\/\\\/www.radiance.al\\\/sq\\\/endodonci-tirane\\\/\",\"url\":\"https:\\\/\\\/www.radiance.al\\\/sq\\\/endodonci-tirane\\\/\",\"name\":\"Endodonci n\u00eb Tiran\u00eb \u2013 Trajtime t\u00eb avancuara p\u00ebr dh\u00ebmbin tuaj\",\"isPartOf\":{\"@id\":\"https:\\\/\\\/www.radiance.al\\\/sq\\\/#website\"},\"primaryImageOfPage\":{\"@id\":\"https:\\\/\\\/www.radiance.al\\\/sq\\\/endodonci-tirane\\\/#primaryimage\"},\"image\":{\"@id\":\"https:\\\/\\\/www.radiance.al\\\/sq\\\/endodonci-tirane\\\/#primaryimage\"},\"thumbnailUrl\":\"https:\\\/\\\/www.radiance.al\\\/wp-content\\\/uploads\\\/2025\\\/06\\\/Endodonzia.jpg\",\"datePublished\":\"2025-05-28T06:54:38+00:00\",\"dateModified\":\"2025-08-04T12:36:27+00:00\",\"description\":\"Zbuloni trajtimin endodontik n\u00eb Shqip\u00ebri: cil\u00ebsi, teknologji moderne dhe zero dhimbje. Rezervoni nj\u00eb konsult\u00eb falas me Radiance Dental.\",\"breadcrumb\":{\"@id\":\"https:\\\/\\\/www.radiance.al\\\/sq\\\/endodonci-tirane\\\/#breadcrumb\"},\"inLanguage\":\"sq-AL\",\"potentialAction\":[{\"@type\":\"ReadAction\",\"target\":[\"https:\\\/\\\/www.radiance.al\\\/sq\\\/endodonci-tirane\\\/\"]}]},{\"@type\":\"ImageObject\",\"inLanguage\":\"sq-AL\",\"@id\":\"https:\\\/\\\/www.radiance.al\\\/sq\\\/endodonci-tirane\\\/#primaryimage\",\"url\":\"https:\\\/\\\/www.radiance.al\\\/wp-content\\\/uploads\\\/2025\\\/06\\\/Endodonzia.jpg\",\"contentUrl\":\"https:\\\/\\\/www.radiance.al\\\/wp-content\\\/uploads\\\/2025\\\/06\\\/Endodonzia.jpg\",\"width\":1080,\"height\":1350,\"caption\":\"I trattamenti endodontici eseguiti presso Radiance Dental Hospital sono indolori, rapidi e guidati da immagini 3D per risultati di lunga durata, anche per pazienti italiani all\u2019estero.\"},{\"@type\":\"BreadcrumbList\",\"@id\":\"https:\\\/\\\/www.radiance.al\\\/sq\\\/endodonci-tirane\\\/#breadcrumb\",\"itemListElement\":[{\"@type\":\"ListItem\",\"position\":1,\"name\":\"Home\",\"item\":\"https:\\\/\\\/www.radiance.al\\\/sq\\\/\"},{\"@type\":\"ListItem\",\"position\":2,\"name\":\"Endodonci\"}]},{\"@type\":\"WebSite\",\"@id\":\"https:\\\/\\\/www.radiance.al\\\/sq\\\/#website\",\"url\":\"https:\\\/\\\/www.radiance.al\\\/sq\\\/\",\"name\":\"RADIANCE.AL\",\"description\":\"RADIANCE DENTAL HOSPITAL\",\"publisher\":{\"@id\":\"https:\\\/\\\/www.radiance.al\\\/sq\\\/#organization\"},\"potentialAction\":[{\"@type\":\"SearchAction\",\"target\":{\"@type\":\"EntryPoint\",\"urlTemplate\":\"https:\\\/\\\/www.radiance.al\\\/sq\\\/?s={search_term_string}\"},\"query-input\":{\"@type\":\"PropertyValueSpecification\",\"valueRequired\":true,\"valueName\":\"search_term_string\"}}],\"inLanguage\":\"sq-AL\"},{\"@type\":\"Organization\",\"@id\":\"https:\\\/\\\/www.radiance.al\\\/sq\\\/#organization\",\"name\":\"RADIANCE.AL\",\"alternateName\":\"Radiance Dental Hospital\",\"url\":\"https:\\\/\\\/www.radiance.al\\\/sq\\\/\",\"logo\":{\"@type\":\"ImageObject\",\"inLanguage\":\"sq-AL\",\"@id\":\"https:\\\/\\\/www.radiance.al\\\/sq\\\/#\\\/schema\\\/logo\\\/image\\\/\",\"url\":\"https:\\\/\\\/www.radiance.al\\\/wp-content\\\/uploads\\\/2025\\\/05\\\/faviconn.jpeg\",\"contentUrl\":\"https:\\\/\\\/www.radiance.al\\\/wp-content\\\/uploads\\\/2025\\\/05\\\/faviconn.jpeg\",\"width\":48,\"height\":48,\"caption\":\"RADIANCE.AL\"},\"image\":{\"@id\":\"https:\\\/\\\/www.radiance.al\\\/sq\\\/#\\\/schema\\\/logo\\\/image\\\/\"},\"sameAs\":[\"https:\\\/\\\/www.instagram.com\\\/radiance_al\\\/?hl=en\"],\"description\":\"\\\"Radiance Dental Hospital n\u00eb Shqip\u00ebri: spital dentar modern me teknologji 3D, implantologji, estetik\u00eb dhe specialist\u00eb me mbi 15 vite p\u00ebrvoj\u00eb. Prenoto konsult\u00ebn falas!\\\"\",\"email\":\"info@radiance.al\",\"telephone\":\"+355694799949\",\"legalName\":\"Radiance Dental Hospital\",\"foundingDate\":\"2025-03-18\",\"numberOfEmployees\":{\"@type\":\"QuantitativeValue\",\"minValue\":\"11\",\"maxValue\":\"50\"}}]}<\/script>\n<!-- \/ Yoast SEO Premium plugin. -->","yoast_head_json":{"title":"Endodonci n\u00eb Tiran\u00eb \u2013 Trajtime t\u00eb avancuara p\u00ebr dh\u00ebmbin tuaj","description":"Zbuloni trajtimin endodontik n\u00eb Shqip\u00ebri: cil\u00ebsi, teknologji moderne dhe zero dhimbje. Rezervoni nj\u00eb konsult\u00eb falas me Radiance Dental.","robots":{"index":"index","follow":"follow","max-snippet":"max-snippet:-1","max-image-preview":"max-image-preview:large","max-video-preview":"max-video-preview:-1"},"canonical":"https:\/\/www.radiance.al\/sq\/endodonci-tirane\/","og_locale":"sq_AL","og_type":"article","og_title":"Endodonci","og_description":"Zbuloni trajtimin endodontik n\u00eb Shqip\u00ebri: cil\u00ebsi, teknologji moderne dhe zero dhimbje. Rezervoni nj\u00eb konsult\u00eb falas me Radiance Dental.","og_url":"https:\/\/www.radiance.al\/sq\/endodonci-tirane\/","og_site_name":"RADIANCE.AL","article_publisher":"https:\/\/www.instagram.com\/radiance_al\/?hl=en","article_modified_time":"2025-08-04T12:36:27+00:00","og_image":[{"width":1080,"height":1350,"url":"https:\/\/www.radiance.al\/wp-content\/uploads\/2025\/06\/Endodonzia.jpg","type":"image\/jpeg"}],"twitter_card":"summary_large_image","twitter_misc":{"Est. reading time":"2 minutes"},"schema":{"@context":"https:\/\/schema.org","@graph":[{"@type":"WebPage","@id":"https:\/\/www.radiance.al\/sq\/endodonci-tirane\/","url":"https:\/\/www.radiance.al\/sq\/endodonci-tirane\/","name":"Endodonci n\u00eb Tiran\u00eb \u2013 Trajtime t\u00eb avancuara p\u00ebr dh\u00ebmbin tuaj","isPartOf":{"@id":"https:\/\/www.radiance.al\/sq\/#website"},"primaryImageOfPage":{"@id":"https:\/\/www.radiance.al\/sq\/endodonci-tirane\/#primaryimage"},"image":{"@id":"https:\/\/www.radiance.al\/sq\/endodonci-tirane\/#primaryimage"},"thumbnailUrl":"https:\/\/www.radiance.al\/wp-content\/uploads\/2025\/06\/Endodonzia.jpg","datePublished":"2025-05-28T06:54:38+00:00","dateModified":"2025-08-04T12:36:27+00:00","description":"Zbuloni trajtimin endodontik n\u00eb Shqip\u00ebri: cil\u00ebsi, teknologji moderne dhe zero dhimbje. Rezervoni nj\u00eb konsult\u00eb falas me Radiance Dental.","breadcrumb":{"@id":"https:\/\/www.radiance.al\/sq\/endodonci-tirane\/#breadcrumb"},"inLanguage":"sq-AL","potentialAction":[{"@type":"ReadAction","target":["https:\/\/www.radiance.al\/sq\/endodonci-tirane\/"]}]},{"@type":"ImageObject","inLanguage":"sq-AL","@id":"https:\/\/www.radiance.al\/sq\/endodonci-tirane\/#primaryimage","url":"https:\/\/www.radiance.al\/wp-content\/uploads\/2025\/06\/Endodonzia.jpg","contentUrl":"https:\/\/www.radiance.al\/wp-content\/uploads\/2025\/06\/Endodonzia.jpg","width":1080,"height":1350,"caption":"I trattamenti endodontici eseguiti presso Radiance Dental Hospital sono indolori, rapidi e guidati da immagini 3D per risultati di lunga durata, anche per pazienti italiani all\u2019estero."},{"@type":"BreadcrumbList","@id":"https:\/\/www.radiance.al\/sq\/endodonci-tirane\/#breadcrumb","itemListElement":[{"@type":"ListItem","position":1,"name":"Home","item":"https:\/\/www.radiance.al\/sq\/"},{"@type":"ListItem","position":2,"name":"Endodonci"}]},{"@type":"WebSite","@id":"https:\/\/www.radiance.al\/sq\/#website","url":"https:\/\/www.radiance.al\/sq\/","name":"RADIANCE.AL","description":"RADIANCE DENTAL HOSPITAL","publisher":{"@id":"https:\/\/www.radiance.al\/sq\/#organization"},"potentialAction":[{"@type":"SearchAction","target":{"@type":"EntryPoint","urlTemplate":"https:\/\/www.radiance.al\/sq\/?s={search_term_string}"},"query-input":{"@type":"PropertyValueSpecification","valueRequired":true,"valueName":"search_term_string"}}],"inLanguage":"sq-AL"},{"@type":"Organization","@id":"https:\/\/www.radiance.al\/sq\/#organization","name":"RADIANCE.AL","alternateName":"Radiance Dental Hospital","url":"https:\/\/www.radiance.al\/sq\/","logo":{"@type":"ImageObject","inLanguage":"sq-AL","@id":"https:\/\/www.radiance.al\/sq\/#\/schema\/logo\/image\/","url":"https:\/\/www.radiance.al\/wp-content\/uploads\/2025\/05\/faviconn.jpeg","contentUrl":"https:\/\/www.radiance.al\/wp-content\/uploads\/2025\/05\/faviconn.jpeg","width":48,"height":48,"caption":"RADIANCE.AL"},"image":{"@id":"https:\/\/www.radiance.al\/sq\/#\/schema\/logo\/image\/"},"sameAs":["https:\/\/www.instagram.com\/radiance_al\/?hl=en"],"description":"\"Radiance Dental Hospital n\u00eb Shqip\u00ebri: spital dentar modern me teknologji 3D, implantologji, estetik\u00eb dhe specialist\u00eb me mbi 15 vite p\u00ebrvoj\u00eb. Prenoto konsult\u00ebn falas!\"","email":"info@radiance.al","telephone":"+355694799949","legalName":"Radiance Dental Hospital","foundingDate":"2025-03-18","numberOfEmployees":{"@type":"QuantitativeValue","minValue":"11","maxValue":"50"}}]}},"_links":{"self":[{"href":"https:\/\/www.radiance.al\/sq\/wp-json\/wp\/v2\/pages\/3669","targetHints":{"allow":["GET"]}}],"collection":[{"href":"https:\/\/www.radiance.al\/sq\/wp-json\/wp\/v2\/pages"}],"about":[{"href":"https:\/\/www.radiance.al\/sq\/wp-json\/wp\/v2\/types\/page"}],"author":[{"embeddable":true,"href":"https:\/\/www.radiance.al\/sq\/wp-json\/wp\/v2\/users\/1"}],"replies":[{"embeddable":true,"href":"https:\/\/www.radiance.al\/sq\/wp-json\/wp\/v2\/comments?post=3669"}],"version-history":[{"count":0,"href":"https:\/\/www.radiance.al\/sq\/wp-json\/wp\/v2\/pages\/3669\/revisions"}],"wp:featuredmedia":[{"embeddable":true,"href":"https:\/\/www.radiance.al\/sq\/wp-json\/wp\/v2\/media\/4590"}],"wp:attachment":[{"href":"https:\/\/www.radiance.al\/sq\/wp-json\/wp\/v2\/media?parent=3669"}],"curies":[{"name":"wp","href":"https:\/\/api.w.org\/{rel}","templated":true}]}}