{"id":5006,"date":"2025-06-12T13:14:35","date_gmt":"2025-06-12T13:14:35","guid":{"rendered":"https:\/\/www.radiance.al\/all-on-4\/"},"modified":"2025-10-05T14:43:05","modified_gmt":"2025-10-05T14:43:05","slug":"all-on-4-implante-dentare","status":"publish","type":"page","link":"https:\/\/www.radiance.al\/sq\/implantet-dentare\/all-on-4-implante-dentare\/","title":{"rendered":"All on 4"},"content":{"rendered":"\t\t<div data-elementor-type=\"wp-page\" data-elementor-id=\"5006\" class=\"elementor elementor-5006\">\n\t\t\t\t<div class=\"elementor-element elementor-element-e5d9eaf e-con-full e-flex e-con e-parent\" data-id=\"e5d9eaf\" data-element_type=\"container\" data-e-type=\"container\">\n\t\t<div class=\"elementor-element elementor-element-a0b0bd9 e-con-full e-flex e-con e-child\" data-id=\"a0b0bd9\" data-element_type=\"container\" data-e-type=\"container\">\n\t\t\t\t<div class=\"elementor-element elementor-element-ec71167 elementor-widget elementor-widget-heading\" data-id=\"ec71167\" data-element_type=\"widget\" data-e-type=\"widget\" data-widget_type=\"heading.default\">\n\t\t\t\t<div class=\"elementor-widget-container\">\n\t\t\t\t\t<h1 class=\"elementor-heading-title elementor-size-default\">All on 4<\/h1>\t\t\t\t<\/div>\n\t\t\t\t<\/div>\n\t\t\t\t<div class=\"elementor-element elementor-element-522e339 elementor-widget elementor-widget-text-editor\" data-id=\"522e339\" data-element_type=\"widget\" data-e-type=\"widget\" data-widget_type=\"text-editor.default\">\n\t\t\t\t<div class=\"elementor-widget-container\">\n\t\t\t\t\t\t\t\t\t<p><span style=\"font-weight: 400;\">Teknika<\/span> <b>All-on-4<\/b><span style=\"font-weight: 400;\"> p\u00ebrfaq\u00ebson nj\u00eb nga zgjidhjet m\u00eb inovative dhe t\u00eb besueshme n\u00eb implantologjin\u00eb moderne. Ideale p\u00ebr ata q\u00eb kan\u00eb humbur t\u00eb gjith\u00eb dh\u00ebmb\u00ebt n\u00eb nj\u00eb hark (sip\u00ebrm, t\u00eb posht\u00ebm ose t\u00eb dy), ju lejon t\u00eb <\/span><b>rivendosni estetik\u00ebn dhe funksionalitetin me nj\u00eb protez\u00eb fikse<\/b> <span style=\"font-weight: 400;\">t\u00eb mb\u00ebshtetur nga vet\u00ebm kat\u00ebr implante dentare.<\/span><\/p>\t\t\t\t\t\t\t\t<\/div>\n\t\t\t\t<\/div>\n\t\t\t\t<div class=\"elementor-element elementor-element-0dd8e36 elementor-widget elementor-widget-spacer\" data-id=\"0dd8e36\" data-element_type=\"widget\" data-e-type=\"widget\" data-widget_type=\"spacer.default\">\n\t\t\t\t<div class=\"elementor-widget-container\">\n\t\t\t\t\t\t\t<div class=\"elementor-spacer\">\n\t\t\t<div class=\"elementor-spacer-inner\"><\/div>\n\t\t<\/div>\n\t\t\t\t\t\t<\/div>\n\t\t\t\t<\/div>\n\t\t\t\t<div class=\"elementor-element elementor-element-85fc93b elementor-widget elementor-widget-heading\" data-id=\"85fc93b\" data-element_type=\"widget\" data-e-type=\"widget\" data-widget_type=\"heading.default\">\n\t\t\t\t<div class=\"elementor-widget-container\">\n\t\t\t\t\t<h2 class=\"elementor-heading-title elementor-size-default\">Stabilitet maksimal me m\u00eb pak implante<\/h2>\t\t\t\t<\/div>\n\t\t\t\t<\/div>\n\t\t\t\t<div class=\"elementor-element elementor-element-cbb9a21 elementor-widget elementor-widget-text-editor\" data-id=\"cbb9a21\" data-element_type=\"widget\" data-e-type=\"widget\" data-widget_type=\"text-editor.default\">\n\t\t\t\t<div class=\"elementor-widget-container\">\n\t\t\t\t\t\t\t\t\t<p><span style=\"font-weight: 400;\">Vet\u00ebm kat\u00ebr implante t\u00eb vendosura strategjikisht jan\u00eb t\u00eb mjaftueshme p\u00ebr t\u00eb mb\u00ebshtetur nj\u00eb hark t\u00eb t\u00ebr\u00eb dentar, duke zvog\u00ebluar koh\u00ebn, kostot dhe invazivitetin krahasuar me teknikat tradicionale.<\/span><\/p>\t\t\t\t\t\t\t\t<\/div>\n\t\t\t\t<\/div>\n\t\t\t\t<div class=\"elementor-element elementor-element-cb33c40 elementor-widget elementor-widget-spacer\" data-id=\"cb33c40\" data-element_type=\"widget\" data-e-type=\"widget\" data-widget_type=\"spacer.default\">\n\t\t\t\t<div class=\"elementor-widget-container\">\n\t\t\t\t\t\t\t<div class=\"elementor-spacer\">\n\t\t\t<div class=\"elementor-spacer-inner\"><\/div>\n\t\t<\/div>\n\t\t\t\t\t\t<\/div>\n\t\t\t\t<\/div>\n\t\t\t\t<div class=\"elementor-element elementor-element-f4f7f77 elementor-widget elementor-widget-heading\" data-id=\"f4f7f77\" data-element_type=\"widget\" data-e-type=\"widget\" data-widget_type=\"heading.default\">\n\t\t\t\t<div class=\"elementor-widget-container\">\n\t\t\t\t\t<h2 class=\"elementor-heading-title elementor-size-default\">Estetik\u00eb natyrale dhe e menj\u00ebhershme<\/h2>\t\t\t\t<\/div>\n\t\t\t\t<\/div>\n\t\t\t\t<div class=\"elementor-element elementor-element-ee42000 elementor-widget elementor-widget-text-editor\" data-id=\"ee42000\" data-element_type=\"widget\" data-e-type=\"widget\" data-widget_type=\"text-editor.default\">\n\t\t\t\t<div class=\"elementor-widget-container\">\n\t\t\t\t\t\t\t\t\t<p><span style=\"font-weight: 400;\">Rezultati \u00ebsht\u00eb nj\u00eb buz\u00ebqeshje stab\u00ebl, e bukur dhe harmonike, e cila<\/span> <b>p\u00ebrmir\u00ebson menj\u00ebher\u00eb<\/b> <span style=\"font-weight: 400;\">pamjen dhe vet\u00ebvler\u00ebsimin e pacientit.<\/span><\/p>\t\t\t\t\t\t\t\t<\/div>\n\t\t\t\t<\/div>\n\t\t\t\t<div class=\"elementor-element elementor-element-8a391bc elementor-widget elementor-widget-spacer\" data-id=\"8a391bc\" data-element_type=\"widget\" data-e-type=\"widget\" data-widget_type=\"spacer.default\">\n\t\t\t\t<div class=\"elementor-widget-container\">\n\t\t\t\t\t\t\t<div class=\"elementor-spacer\">\n\t\t\t<div class=\"elementor-spacer-inner\"><\/div>\n\t\t<\/div>\n\t\t\t\t\t\t<\/div>\n\t\t\t\t<\/div>\n\t\t\t\t<div class=\"elementor-element elementor-element-e5b543b elementor-widget elementor-widget-heading\" data-id=\"e5b543b\" data-element_type=\"widget\" data-e-type=\"widget\" data-widget_type=\"heading.default\">\n\t\t\t\t<div class=\"elementor-widget-container\">\n\t\t\t\t\t<h2 class=\"elementor-heading-title elementor-size-default\">Kirurgji minimalisht invazive<\/h2>\t\t\t\t<\/div>\n\t\t\t\t<\/div>\n\t\t\t\t<div class=\"elementor-element elementor-element-79d625e elementor-widget elementor-widget-text-editor\" data-id=\"79d625e\" data-element_type=\"widget\" data-e-type=\"widget\" data-widget_type=\"text-editor.default\">\n\t\t\t\t<div class=\"elementor-widget-container\">\n\t\t\t\t\t\t\t\t\t<p><span style=\"font-weight: 400;\">Fal\u00eb<\/span> <b>planifikimit dixhital dhe kirurgjis\u00eb s\u00eb udh\u00ebhequr<\/b> <span style=\"font-weight: 400;\">, nd\u00ebrhyrja \u00ebsht\u00eb e sakt\u00eb, e shpejt\u00eb dhe me nj\u00eb rikuperim m\u00eb t\u00eb rehatsh\u00ebm pas operacionit.<\/span><\/p>\t\t\t\t\t\t\t\t<\/div>\n\t\t\t\t<\/div>\n\t\t\t\t<div class=\"elementor-element elementor-element-998a786 elementor-widget elementor-widget-spacer\" data-id=\"998a786\" data-element_type=\"widget\" data-e-type=\"widget\" data-widget_type=\"spacer.default\">\n\t\t\t\t<div class=\"elementor-widget-container\">\n\t\t\t\t\t\t\t<div class=\"elementor-spacer\">\n\t\t\t<div class=\"elementor-spacer-inner\"><\/div>\n\t\t<\/div>\n\t\t\t\t\t\t<\/div>\n\t\t\t\t<\/div>\n\t\t\t\t<div class=\"elementor-element elementor-element-1f96a71 elementor-widget elementor-widget-button\" data-id=\"1f96a71\" data-element_type=\"widget\" data-e-type=\"widget\" data-widget_type=\"button.default\">\n\t\t\t\t<div class=\"elementor-widget-container\">\n\t\t\t\t\t\t\t\t\t<div class=\"elementor-button-wrapper\">\n\t\t\t\t\t<a class=\"elementor-button elementor-button-link elementor-size-sm\" href=\"https:\/\/www.radiance.al\/sq\/na-kontaktoni\/\">\n\t\t\t\t\t\t<span class=\"elementor-button-content-wrapper\">\n\t\t\t\t\t\t\t\t\t<span class=\"elementor-button-text\">Vizit\u00eb falas<\/span>\n\t\t\t\t\t<\/span>\n\t\t\t\t\t<\/a>\n\t\t\t\t<\/div>\n\t\t\t\t\t\t\t\t<\/div>\n\t\t\t\t<\/div>\n\t\t\t\t<div class=\"elementor-element elementor-element-0b605c1 elementor-widget elementor-widget-spacer\" data-id=\"0b605c1\" data-element_type=\"widget\" data-e-type=\"widget\" data-widget_type=\"spacer.default\">\n\t\t\t\t<div class=\"elementor-widget-container\">\n\t\t\t\t\t\t\t<div class=\"elementor-spacer\">\n\t\t\t<div class=\"elementor-spacer-inner\"><\/div>\n\t\t<\/div>\n\t\t\t\t\t\t<\/div>\n\t\t\t\t<\/div>\n\t\t\t\t<\/div>\n\t\t<div class=\"elementor-element elementor-element-dfcc58b e-con-full e-flex e-con e-child\" data-id=\"dfcc58b\" data-element_type=\"container\" data-e-type=\"container\">\n\t\t\t\t<div class=\"elementor-element elementor-element-e84dfe8 elementor-widget elementor-widget-spacer\" data-id=\"e84dfe8\" data-element_type=\"widget\" data-e-type=\"widget\" data-widget_type=\"spacer.default\">\n\t\t\t\t<div class=\"elementor-widget-container\">\n\t\t\t\t\t\t\t<div class=\"elementor-spacer\">\n\t\t\t<div class=\"elementor-spacer-inner\"><\/div>\n\t\t<\/div>\n\t\t\t\t\t\t<\/div>\n\t\t\t\t<\/div>\n\t\t\t\t<div class=\"elementor-element elementor-element-6e1c48e elementor-widget elementor-widget-html\" data-id=\"6e1c48e\" data-element_type=\"widget\" data-e-type=\"widget\" data-widget_type=\"html.default\">\n\t\t\t\t<div class=\"elementor-widget-container\">\n\t\t\t\t\t<video\r\n  id=\"my_hls_video\"\r\n  autoplay\r\n  muted\r\n  loop\r\n  playsinline\r\n  style=\"width:100%;height:auto;\"\r\n><\/video>\r\n<script src=\"https:\/\/cdn.jsdelivr.net\/npm\/hls.js@latest\"><\/script>\r\n<script>\r\n  var video = document.getElementById('my_hls_video');\r\n  var videoSrc = 'https:\/\/vz-eb18f8bd-faa.b-cdn.net\/d747575f-c74e-4dbc-a0cb-85de228548a9\/playlist.m3u8';\r\n\r\n  if (video.canPlayType('application\/vnd.apple.mpegurl')) {\r\n    \/\/ Native HLS support (Safari, iOS)\r\n    video.src = videoSrc;\r\n  } else if (Hls.isSupported()) {\r\n    \/\/ hls.js for other browsers (Chrome, Firefox, Edge)\r\n    var hls = new Hls();\r\n    hls.loadSource(videoSrc);\r\n    hls.attachMedia(video);\r\n  } else {\r\n    \/\/ HLS not supported in this browser\r\n    video.outerHTML = '<p>Your browser does not support HLS playback.<\/p>';\r\n  }\r\n<\/script>\r\n\t\t\t\t<\/div>\n\t\t\t\t<\/div>\n\t\t\t\t<\/div>\n\t\t\t\t<\/div>\n\t\t\t\t<\/div>\n\t\t","protected":false},"excerpt":{"rendered":"<p>All on 4 Teknika All-on-4 p\u00ebrfaq\u00ebson nj\u00eb nga zgjidhjet m\u00eb inovative dhe t\u00eb besueshme n\u00eb implantologjin\u00eb moderne. Ideale p\u00ebr ata q\u00eb kan\u00eb humbur t\u00eb gjith\u00eb dh\u00ebmb\u00ebt n\u00eb nj\u00eb hark (sip\u00ebrm, t\u00eb posht\u00ebm ose t\u00eb dy), ju lejon t\u00eb rivendosni estetik\u00ebn dhe funksionalitetin me nj\u00eb protez\u00eb fikse t\u00eb mb\u00ebshtetur nga vet\u00ebm [&hellip;]<\/p>\n","protected":false},"author":4,"featured_media":5102,"parent":3295,"menu_order":1,"comment_status":"closed","ping_status":"closed","template":"elementor_header_footer","meta":{"_acf_changed":false,"footnotes":""},"class_list":["post-5006","page","type-page","status-publish","has-post-thumbnail","hentry"],"acf":[],"yoast_head":"<!-- This site is optimized with the Yoast SEO Premium plugin v27.4 (Yoast SEO v27.6) - https:\/\/yoast.com\/product\/yoast-seo-premium-wordpress\/ -->\n<title>All-on-4 \u2013 Zgjidhje fikse me 4 implante n\u00eb Shqip\u00ebri<\/title>\n<meta name=\"description\" content=\"Zbuloni trajtimin Gjith\u00ebp\u00ebrfshir\u00ebs n\u00eb Tiran\u00eb: proteza fikse brenda 24 or\u00ebsh me kat\u00ebr implante. Nj\u00eb zgjidhje e sigurt, estetike dhe e shpejt\u00eb. Vizit\u00eb falas\" \/>\n<meta name=\"robots\" content=\"index, follow, max-snippet:-1, max-image-preview:large, max-video-preview:-1\" \/>\n<link rel=\"canonical\" href=\"https:\/\/www.radiance.al\/sq\/implantet-dentare\/all-on-4-implante-dentare\/\" \/>\n<meta property=\"og:locale\" content=\"sq_AL\" \/>\n<meta property=\"og:type\" content=\"article\" \/>\n<meta property=\"og:title\" content=\"All-on-4 n\u00eb Tiran\u00eb \u2013 zgjidhje fikse me 4 implante dentare\" \/>\n<meta property=\"og:description\" content=\"Radiance Dental ofron teknik\u00ebn All-on-4: hark i plot\u00eb dentar me vet\u00ebm 4 implante, teknologji t\u00eb p\u00ebrparuar, rezultate natyrale dhe paketa p\u00ebr pacient\u00eb nd\u00ebrkomb\u00ebtar\u00eb.\" \/>\n<meta property=\"og:url\" content=\"https:\/\/www.radiance.al\/sq\/implantet-dentare\/all-on-4-implante-dentare\/\" \/>\n<meta property=\"og:site_name\" content=\"RADIANCE.AL\" \/>\n<meta property=\"article:publisher\" content=\"https:\/\/www.instagram.com\/radiance_al\/?hl=en\" \/>\n<meta property=\"article:modified_time\" content=\"2025-10-05T14:43:05+00:00\" \/>\n<meta property=\"og:image\" content=\"https:\/\/www.radiance.al\/wp-content\/uploads\/2025\/06\/All-on-4-Impianti-Dentali.png\" \/>\n\t<meta property=\"og:image:width\" content=\"1080\" \/>\n\t<meta property=\"og:image:height\" content=\"1080\" \/>\n\t<meta property=\"og:image:type\" content=\"image\/png\" \/>\n<meta name=\"twitter:card\" content=\"summary_large_image\" \/>\n<meta name=\"twitter:title\" content=\"All-on-4 n\u00eb Tiran\u00eb \u2013 4 implante p\u00ebr nj\u00eb buz\u00ebqeshje fikse nga Radiance\" \/>\n<meta name=\"twitter:description\" content=\"Vet\u00ebm 4 implante p\u00ebr nj\u00eb hark t\u00eb plot\u00eb dhe t\u00eb q\u00ebndruesh\u00ebm. Zbuloni All-on-4 nga Radiance Dental Tirana: teknologji e p\u00ebrparuar dhe paket\u00eb gjith\u00ebp\u00ebrfshir\u00ebse.\" \/>\n<meta name=\"twitter:label1\" content=\"Est. reading time\" \/>\n\t<meta name=\"twitter:data1\" content=\"1 minute\" \/>\n<script type=\"application\/ld+json\" class=\"yoast-schema-graph\">{\"@context\":\"https:\\\/\\\/schema.org\",\"@graph\":[{\"@type\":\"WebPage\",\"@id\":\"https:\\\/\\\/www.radiance.al\\\/sq\\\/implantet-dentare\\\/all-on-4-implante-dentare\\\/\",\"url\":\"https:\\\/\\\/www.radiance.al\\\/sq\\\/implantet-dentare\\\/all-on-4-implante-dentare\\\/\",\"name\":\"All-on-4 \u2013 Zgjidhje fikse me 4 implante n\u00eb Shqip\u00ebri\",\"isPartOf\":{\"@id\":\"https:\\\/\\\/www.radiance.al\\\/sq\\\/#website\"},\"primaryImageOfPage\":{\"@id\":\"https:\\\/\\\/www.radiance.al\\\/sq\\\/implantet-dentare\\\/all-on-4-implante-dentare\\\/#primaryimage\"},\"image\":{\"@id\":\"https:\\\/\\\/www.radiance.al\\\/sq\\\/implantet-dentare\\\/all-on-4-implante-dentare\\\/#primaryimage\"},\"thumbnailUrl\":\"https:\\\/\\\/www.radiance.al\\\/wp-content\\\/uploads\\\/2025\\\/06\\\/All-on-4-Impianti-Dentali.png\",\"datePublished\":\"2025-06-12T13:14:35+00:00\",\"dateModified\":\"2025-10-05T14:43:05+00:00\",\"description\":\"Zbuloni trajtimin Gjith\u00ebp\u00ebrfshir\u00ebs n\u00eb Tiran\u00eb: proteza fikse brenda 24 or\u00ebsh me kat\u00ebr implante. Nj\u00eb zgjidhje e sigurt, estetike dhe e shpejt\u00eb. Vizit\u00eb falas\",\"breadcrumb\":{\"@id\":\"https:\\\/\\\/www.radiance.al\\\/sq\\\/implantet-dentare\\\/all-on-4-implante-dentare\\\/#breadcrumb\"},\"inLanguage\":\"sq-AL\",\"potentialAction\":[{\"@type\":\"ReadAction\",\"target\":[\"https:\\\/\\\/www.radiance.al\\\/sq\\\/implantet-dentare\\\/all-on-4-implante-dentare\\\/\"]}]},{\"@type\":\"ImageObject\",\"inLanguage\":\"sq-AL\",\"@id\":\"https:\\\/\\\/www.radiance.al\\\/sq\\\/implantet-dentare\\\/all-on-4-implante-dentare\\\/#primaryimage\",\"url\":\"https:\\\/\\\/www.radiance.al\\\/wp-content\\\/uploads\\\/2025\\\/06\\\/All-on-4-Impianti-Dentali.png\",\"contentUrl\":\"https:\\\/\\\/www.radiance.al\\\/wp-content\\\/uploads\\\/2025\\\/06\\\/All-on-4-Impianti-Dentali.png\",\"width\":1080,\"height\":1080,\"caption\":\"Sorridi di nuovo con 12 impianti premium e 24 corone full zirconio \u2013 tutto incluso con Radiance Dental Hospital!\"},{\"@type\":\"BreadcrumbList\",\"@id\":\"https:\\\/\\\/www.radiance.al\\\/sq\\\/implantet-dentare\\\/all-on-4-implante-dentare\\\/#breadcrumb\",\"itemListElement\":[{\"@type\":\"ListItem\",\"position\":1,\"name\":\"Home\",\"item\":\"https:\\\/\\\/www.radiance.al\\\/sq\\\/shtepi\\\/\"},{\"@type\":\"ListItem\",\"position\":2,\"name\":\"Implantet dentare\",\"item\":\"https:\\\/\\\/www.radiance.al\\\/sq\\\/implantet-dentare\\\/\"},{\"@type\":\"ListItem\",\"position\":3,\"name\":\"All on 4\"}]},{\"@type\":\"WebSite\",\"@id\":\"https:\\\/\\\/www.radiance.al\\\/sq\\\/#website\",\"url\":\"https:\\\/\\\/www.radiance.al\\\/sq\\\/\",\"name\":\"RADIANCE.AL\",\"description\":\"RADIANCE DENTAL HOSPITAL\",\"publisher\":{\"@id\":\"https:\\\/\\\/www.radiance.al\\\/sq\\\/#organization\"},\"potentialAction\":[{\"@type\":\"SearchAction\",\"target\":{\"@type\":\"EntryPoint\",\"urlTemplate\":\"https:\\\/\\\/www.radiance.al\\\/sq\\\/?s={search_term_string}\"},\"query-input\":{\"@type\":\"PropertyValueSpecification\",\"valueRequired\":true,\"valueName\":\"search_term_string\"}}],\"inLanguage\":\"sq-AL\"},{\"@type\":\"Organization\",\"@id\":\"https:\\\/\\\/www.radiance.al\\\/sq\\\/#organization\",\"name\":\"RADIANCE.AL\",\"alternateName\":\"Radiance Dental Hospital\",\"url\":\"https:\\\/\\\/www.radiance.al\\\/sq\\\/\",\"logo\":{\"@type\":\"ImageObject\",\"inLanguage\":\"sq-AL\",\"@id\":\"https:\\\/\\\/www.radiance.al\\\/sq\\\/#\\\/schema\\\/logo\\\/image\\\/\",\"url\":\"https:\\\/\\\/www.radiance.al\\\/wp-content\\\/uploads\\\/2025\\\/05\\\/faviconn.jpeg\",\"contentUrl\":\"https:\\\/\\\/www.radiance.al\\\/wp-content\\\/uploads\\\/2025\\\/05\\\/faviconn.jpeg\",\"width\":48,\"height\":48,\"caption\":\"RADIANCE.AL\"},\"image\":{\"@id\":\"https:\\\/\\\/www.radiance.al\\\/sq\\\/#\\\/schema\\\/logo\\\/image\\\/\"},\"sameAs\":[\"https:\\\/\\\/www.instagram.com\\\/radiance_al\\\/?hl=en\"],\"description\":\"\\\"Radiance Dental Hospital n\u00eb Shqip\u00ebri: spital dentar modern me teknologji 3D, implantologji, estetik\u00eb dhe specialist\u00eb me mbi 15 vite p\u00ebrvoj\u00eb. Prenoto konsult\u00ebn falas!\\\"\",\"email\":\"info@radiance.al\",\"telephone\":\"+355694799949\",\"legalName\":\"Radiance Dental Hospital\",\"foundingDate\":\"2025-03-18\",\"numberOfEmployees\":{\"@type\":\"QuantitativeValue\",\"minValue\":\"11\",\"maxValue\":\"50\"}}]}<\/script>\n<!-- \/ Yoast SEO Premium plugin. -->","yoast_head_json":{"title":"All-on-4 \u2013 Zgjidhje fikse me 4 implante n\u00eb Shqip\u00ebri","description":"Zbuloni trajtimin Gjith\u00ebp\u00ebrfshir\u00ebs n\u00eb Tiran\u00eb: proteza fikse brenda 24 or\u00ebsh me kat\u00ebr implante. Nj\u00eb zgjidhje e sigurt, estetike dhe e shpejt\u00eb. Vizit\u00eb falas","robots":{"index":"index","follow":"follow","max-snippet":"max-snippet:-1","max-image-preview":"max-image-preview:large","max-video-preview":"max-video-preview:-1"},"canonical":"https:\/\/www.radiance.al\/sq\/implantet-dentare\/all-on-4-implante-dentare\/","og_locale":"sq_AL","og_type":"article","og_title":"All-on-4 n\u00eb Tiran\u00eb \u2013 zgjidhje fikse me 4 implante dentare","og_description":"Radiance Dental ofron teknik\u00ebn All-on-4: hark i plot\u00eb dentar me vet\u00ebm 4 implante, teknologji t\u00eb p\u00ebrparuar, rezultate natyrale dhe paketa p\u00ebr pacient\u00eb nd\u00ebrkomb\u00ebtar\u00eb.","og_url":"https:\/\/www.radiance.al\/sq\/implantet-dentare\/all-on-4-implante-dentare\/","og_site_name":"RADIANCE.AL","article_publisher":"https:\/\/www.instagram.com\/radiance_al\/?hl=en","article_modified_time":"2025-10-05T14:43:05+00:00","og_image":[{"width":1080,"height":1080,"url":"https:\/\/www.radiance.al\/wp-content\/uploads\/2025\/06\/All-on-4-Impianti-Dentali.png","type":"image\/png"}],"twitter_card":"summary_large_image","twitter_title":"All-on-4 n\u00eb Tiran\u00eb \u2013 4 implante p\u00ebr nj\u00eb buz\u00ebqeshje fikse nga Radiance","twitter_description":"Vet\u00ebm 4 implante p\u00ebr nj\u00eb hark t\u00eb plot\u00eb dhe t\u00eb q\u00ebndruesh\u00ebm. Zbuloni All-on-4 nga Radiance Dental Tirana: teknologji e p\u00ebrparuar dhe paket\u00eb gjith\u00ebp\u00ebrfshir\u00ebse.","twitter_misc":{"Est. reading time":"1 minute"},"schema":{"@context":"https:\/\/schema.org","@graph":[{"@type":"WebPage","@id":"https:\/\/www.radiance.al\/sq\/implantet-dentare\/all-on-4-implante-dentare\/","url":"https:\/\/www.radiance.al\/sq\/implantet-dentare\/all-on-4-implante-dentare\/","name":"All-on-4 \u2013 Zgjidhje fikse me 4 implante n\u00eb Shqip\u00ebri","isPartOf":{"@id":"https:\/\/www.radiance.al\/sq\/#website"},"primaryImageOfPage":{"@id":"https:\/\/www.radiance.al\/sq\/implantet-dentare\/all-on-4-implante-dentare\/#primaryimage"},"image":{"@id":"https:\/\/www.radiance.al\/sq\/implantet-dentare\/all-on-4-implante-dentare\/#primaryimage"},"thumbnailUrl":"https:\/\/www.radiance.al\/wp-content\/uploads\/2025\/06\/All-on-4-Impianti-Dentali.png","datePublished":"2025-06-12T13:14:35+00:00","dateModified":"2025-10-05T14:43:05+00:00","description":"Zbuloni trajtimin Gjith\u00ebp\u00ebrfshir\u00ebs n\u00eb Tiran\u00eb: proteza fikse brenda 24 or\u00ebsh me kat\u00ebr implante. Nj\u00eb zgjidhje e sigurt, estetike dhe e shpejt\u00eb. Vizit\u00eb falas","breadcrumb":{"@id":"https:\/\/www.radiance.al\/sq\/implantet-dentare\/all-on-4-implante-dentare\/#breadcrumb"},"inLanguage":"sq-AL","potentialAction":[{"@type":"ReadAction","target":["https:\/\/www.radiance.al\/sq\/implantet-dentare\/all-on-4-implante-dentare\/"]}]},{"@type":"ImageObject","inLanguage":"sq-AL","@id":"https:\/\/www.radiance.al\/sq\/implantet-dentare\/all-on-4-implante-dentare\/#primaryimage","url":"https:\/\/www.radiance.al\/wp-content\/uploads\/2025\/06\/All-on-4-Impianti-Dentali.png","contentUrl":"https:\/\/www.radiance.al\/wp-content\/uploads\/2025\/06\/All-on-4-Impianti-Dentali.png","width":1080,"height":1080,"caption":"Sorridi di nuovo con 12 impianti premium e 24 corone full zirconio \u2013 tutto incluso con Radiance Dental Hospital!"},{"@type":"BreadcrumbList","@id":"https:\/\/www.radiance.al\/sq\/implantet-dentare\/all-on-4-implante-dentare\/#breadcrumb","itemListElement":[{"@type":"ListItem","position":1,"name":"Home","item":"https:\/\/www.radiance.al\/sq\/shtepi\/"},{"@type":"ListItem","position":2,"name":"Implantet dentare","item":"https:\/\/www.radiance.al\/sq\/implantet-dentare\/"},{"@type":"ListItem","position":3,"name":"All on 4"}]},{"@type":"WebSite","@id":"https:\/\/www.radiance.al\/sq\/#website","url":"https:\/\/www.radiance.al\/sq\/","name":"RADIANCE.AL","description":"RADIANCE DENTAL HOSPITAL","publisher":{"@id":"https:\/\/www.radiance.al\/sq\/#organization"},"potentialAction":[{"@type":"SearchAction","target":{"@type":"EntryPoint","urlTemplate":"https:\/\/www.radiance.al\/sq\/?s={search_term_string}"},"query-input":{"@type":"PropertyValueSpecification","valueRequired":true,"valueName":"search_term_string"}}],"inLanguage":"sq-AL"},{"@type":"Organization","@id":"https:\/\/www.radiance.al\/sq\/#organization","name":"RADIANCE.AL","alternateName":"Radiance Dental Hospital","url":"https:\/\/www.radiance.al\/sq\/","logo":{"@type":"ImageObject","inLanguage":"sq-AL","@id":"https:\/\/www.radiance.al\/sq\/#\/schema\/logo\/image\/","url":"https:\/\/www.radiance.al\/wp-content\/uploads\/2025\/05\/faviconn.jpeg","contentUrl":"https:\/\/www.radiance.al\/wp-content\/uploads\/2025\/05\/faviconn.jpeg","width":48,"height":48,"caption":"RADIANCE.AL"},"image":{"@id":"https:\/\/www.radiance.al\/sq\/#\/schema\/logo\/image\/"},"sameAs":["https:\/\/www.instagram.com\/radiance_al\/?hl=en"],"description":"\"Radiance Dental Hospital n\u00eb Shqip\u00ebri: spital dentar modern me teknologji 3D, implantologji, estetik\u00eb dhe specialist\u00eb me mbi 15 vite p\u00ebrvoj\u00eb. Prenoto konsult\u00ebn falas!\"","email":"info@radiance.al","telephone":"+355694799949","legalName":"Radiance Dental Hospital","foundingDate":"2025-03-18","numberOfEmployees":{"@type":"QuantitativeValue","minValue":"11","maxValue":"50"}}]}},"_links":{"self":[{"href":"https:\/\/www.radiance.al\/sq\/wp-json\/wp\/v2\/pages\/5006","targetHints":{"allow":["GET"]}}],"collection":[{"href":"https:\/\/www.radiance.al\/sq\/wp-json\/wp\/v2\/pages"}],"about":[{"href":"https:\/\/www.radiance.al\/sq\/wp-json\/wp\/v2\/types\/page"}],"author":[{"embeddable":true,"href":"https:\/\/www.radiance.al\/sq\/wp-json\/wp\/v2\/users\/4"}],"replies":[{"embeddable":true,"href":"https:\/\/www.radiance.al\/sq\/wp-json\/wp\/v2\/comments?post=5006"}],"version-history":[{"count":3,"href":"https:\/\/www.radiance.al\/sq\/wp-json\/wp\/v2\/pages\/5006\/revisions"}],"predecessor-version":[{"id":10113,"href":"https:\/\/www.radiance.al\/sq\/wp-json\/wp\/v2\/pages\/5006\/revisions\/10113"}],"up":[{"embeddable":true,"href":"https:\/\/www.radiance.al\/sq\/wp-json\/wp\/v2\/pages\/3295"}],"wp:featuredmedia":[{"embeddable":true,"href":"https:\/\/www.radiance.al\/sq\/wp-json\/wp\/v2\/media\/5102"}],"wp:attachment":[{"href":"https:\/\/www.radiance.al\/sq\/wp-json\/wp\/v2\/media?parent=5006"}],"curies":[{"name":"wp","href":"https:\/\/api.w.org\/{rel}","templated":true}]}}