{"id":5012,"date":"2025-06-12T13:24:56","date_gmt":"2025-06-12T13:24:56","guid":{"rendered":"https:\/\/www.radiance.al\/implantet-dentare\/all-on-6\/"},"modified":"2025-10-09T10:41:53","modified_gmt":"2025-10-09T10:41:53","slug":"all-on-6-shqiperi","status":"publish","type":"page","link":"https:\/\/www.radiance.al\/sq\/implantet-dentare\/all-on-6-shqiperi\/","title":{"rendered":"All on 6"},"content":{"rendered":"\t\t<div data-elementor-type=\"wp-page\" data-elementor-id=\"5012\" class=\"elementor elementor-5012\">\n\t\t\t\t<div class=\"elementor-element elementor-element-e5d9eaf e-con-full e-flex e-con e-parent\" data-id=\"e5d9eaf\" data-element_type=\"container\" data-e-type=\"container\">\n\t\t<div class=\"elementor-element elementor-element-a0b0bd9 e-con-full e-flex e-con e-child\" data-id=\"a0b0bd9\" data-element_type=\"container\" data-e-type=\"container\">\n\t\t\t\t<div class=\"elementor-element elementor-element-ec71167 elementor-widget elementor-widget-heading\" data-id=\"ec71167\" data-element_type=\"widget\" data-e-type=\"widget\" data-widget_type=\"heading.default\">\n\t\t\t\t<div class=\"elementor-widget-container\">\n\t\t\t\t\t<h1 class=\"elementor-heading-title elementor-size-default\">All on 6<\/h1>\t\t\t\t<\/div>\n\t\t\t\t<\/div>\n\t\t\t\t<div class=\"elementor-element elementor-element-522e339 elementor-widget elementor-widget-text-editor\" data-id=\"522e339\" data-element_type=\"widget\" data-e-type=\"widget\" data-widget_type=\"text-editor.default\">\n\t\t\t\t<div class=\"elementor-widget-container\">\n\t\t\t\t\t\t\t\t\t<p><span style=\"font-weight: 400;\">Teknika<\/span> <b>All-on-6<\/b> <span style=\"font-weight: 400;\">\u00ebsht\u00eb nj\u00eb trajtim i avancuar me implante q\u00eb ju lejon t\u00eb<\/span> <b>z\u00ebvend\u00ebsoni t\u00eb gjith\u00eb dh\u00ebmb\u00ebt n\u00eb nj\u00eb hark<\/b> <span style=\"font-weight: 400;\">me nj\u00eb protez\u00eb fikse t\u00eb mb\u00ebshtetur nga<\/span> <b>gjasht\u00eb implante dentare.<\/b><span style=\"font-weight: 400;\"> pozicionuar strategjikisht. Nj\u00eb zgjedhje ideale p\u00ebr ata q\u00eb duan <\/span><b>stabilitet maksimal, q\u00ebndrueshm\u00ebri dhe nj\u00eb rezultat estetik i pat\u00ebmet\u00eb<\/b><span style=\"font-weight: 400;\">.<\/span><\/p>\t\t\t\t\t\t\t\t<\/div>\n\t\t\t\t<\/div>\n\t\t\t\t<div class=\"elementor-element elementor-element-0dd8e36 elementor-widget elementor-widget-spacer\" data-id=\"0dd8e36\" data-element_type=\"widget\" data-e-type=\"widget\" data-widget_type=\"spacer.default\">\n\t\t\t\t<div class=\"elementor-widget-container\">\n\t\t\t\t\t\t\t<div class=\"elementor-spacer\">\n\t\t\t<div class=\"elementor-spacer-inner\"><\/div>\n\t\t<\/div>\n\t\t\t\t\t\t<\/div>\n\t\t\t\t<\/div>\n\t\t\t\t<div class=\"elementor-element elementor-element-85fc93b elementor-widget elementor-widget-heading\" data-id=\"85fc93b\" data-element_type=\"widget\" data-e-type=\"widget\" data-widget_type=\"heading.default\">\n\t\t\t\t<div class=\"elementor-widget-container\">\n\t\t\t\t\t<h2 class=\"elementor-heading-title elementor-size-default\">Stabilitet superior dhe shp\u00ebrndarje optimale e ngarkes\u00ebs<\/h2>\t\t\t\t<\/div>\n\t\t\t\t<\/div>\n\t\t\t\t<div class=\"elementor-element elementor-element-cbb9a21 elementor-widget elementor-widget-text-editor\" data-id=\"cbb9a21\" data-element_type=\"widget\" data-e-type=\"widget\" data-widget_type=\"text-editor.default\">\n\t\t\t\t<div class=\"elementor-widget-container\">\n\t\t\t\t\t\t\t\t\t<p><span style=\"font-weight: 400;\">Vendosja e gjasht\u00eb implanteve garanton mb\u00ebshtetje edhe m\u00eb t\u00eb fort\u00eb p\u00ebr protez\u00ebn, perfekte edhe p\u00ebr pacient\u00ebt me humbje m\u00eb t\u00eb madhe t\u00eb kockave ose nevoja komplekse funksionale.<\/span><\/p>\t\t\t\t\t\t\t\t<\/div>\n\t\t\t\t<\/div>\n\t\t\t\t<div class=\"elementor-element elementor-element-cb33c40 elementor-widget elementor-widget-spacer\" data-id=\"cb33c40\" data-element_type=\"widget\" data-e-type=\"widget\" data-widget_type=\"spacer.default\">\n\t\t\t\t<div class=\"elementor-widget-container\">\n\t\t\t\t\t\t\t<div class=\"elementor-spacer\">\n\t\t\t<div class=\"elementor-spacer-inner\"><\/div>\n\t\t<\/div>\n\t\t\t\t\t\t<\/div>\n\t\t\t\t<\/div>\n\t\t\t\t<div class=\"elementor-element elementor-element-f4f7f77 elementor-widget elementor-widget-heading\" data-id=\"f4f7f77\" data-element_type=\"widget\" data-e-type=\"widget\" data-widget_type=\"heading.default\">\n\t\t\t\t<div class=\"elementor-widget-container\">\n\t\t\t\t\t<h2 class=\"elementor-heading-title elementor-size-default\">Estetik\u00eb e shk\u00eblqyer dhe natyrale<\/h2>\t\t\t\t<\/div>\n\t\t\t\t<\/div>\n\t\t\t\t<div class=\"elementor-element elementor-element-ee42000 elementor-widget elementor-widget-text-editor\" data-id=\"ee42000\" data-element_type=\"widget\" data-e-type=\"widget\" data-widget_type=\"text-editor.default\">\n\t\t\t\t<div class=\"elementor-widget-container\">\n\t\t\t\t\t\t\t\t\t<p><span style=\"font-weight: 400;\">Proteza fikse \u00ebsht\u00eb prodhuar me porosi p\u00ebr t&#8217;iu p\u00ebrshtatur n\u00eb m\u00ebnyr\u00eb t\u00eb p\u00ebrkryer fytyr\u00ebs suaj, duke ofruar nj\u00eb buz\u00ebqeshje t\u00eb bukur, harmonike dhe me pamje natyrale.<\/span><\/p>\t\t\t\t\t\t\t\t<\/div>\n\t\t\t\t<\/div>\n\t\t\t\t<div class=\"elementor-element elementor-element-8a391bc elementor-widget elementor-widget-spacer\" data-id=\"8a391bc\" data-element_type=\"widget\" data-e-type=\"widget\" data-widget_type=\"spacer.default\">\n\t\t\t\t<div class=\"elementor-widget-container\">\n\t\t\t\t\t\t\t<div class=\"elementor-spacer\">\n\t\t\t<div class=\"elementor-spacer-inner\"><\/div>\n\t\t<\/div>\n\t\t\t\t\t\t<\/div>\n\t\t\t\t<\/div>\n\t\t\t\t<div class=\"elementor-element elementor-element-e5b543b elementor-widget elementor-widget-heading\" data-id=\"e5b543b\" data-element_type=\"widget\" data-e-type=\"widget\" data-widget_type=\"heading.default\">\n\t\t\t\t<div class=\"elementor-widget-container\">\n\t\t\t\t\t<h2 class=\"elementor-heading-title elementor-size-default\">M\u00eb jet\u00ebgjat\u00eb<\/h2>\t\t\t\t<\/div>\n\t\t\t\t<\/div>\n\t\t\t\t<div class=\"elementor-element elementor-element-79d625e elementor-widget elementor-widget-text-editor\" data-id=\"79d625e\" data-element_type=\"widget\" data-e-type=\"widget\" data-widget_type=\"text-editor.default\">\n\t\t\t\t<div class=\"elementor-widget-container\">\n\t\t\t\t\t\t\t\t\t<p><span style=\"font-weight: 400;\">Ngarkesa e p\u00ebrtypjes shp\u00ebrndahet n\u00eb m\u00ebnyr\u00eb m\u00eb t\u00eb barabart\u00eb, duke zvog\u00ebluar konsumimin dhe duke rritur jet\u00ebgjat\u00ebsin\u00eb e implantit dhe protez\u00ebs.<\/span><\/p>\t\t\t\t\t\t\t\t<\/div>\n\t\t\t\t<\/div>\n\t\t\t\t<div class=\"elementor-element elementor-element-998a786 elementor-widget elementor-widget-spacer\" data-id=\"998a786\" data-element_type=\"widget\" data-e-type=\"widget\" data-widget_type=\"spacer.default\">\n\t\t\t\t<div class=\"elementor-widget-container\">\n\t\t\t\t\t\t\t<div class=\"elementor-spacer\">\n\t\t\t<div class=\"elementor-spacer-inner\"><\/div>\n\t\t<\/div>\n\t\t\t\t\t\t<\/div>\n\t\t\t\t<\/div>\n\t\t\t\t<div class=\"elementor-element elementor-element-d7b2f7f elementor-widget elementor-widget-heading\" data-id=\"d7b2f7f\" data-element_type=\"widget\" data-e-type=\"widget\" data-widget_type=\"heading.default\">\n\t\t\t\t<div class=\"elementor-widget-container\">\n\t\t\t\t\t<h2 class=\"elementor-heading-title elementor-size-default\">I p\u00ebrshtatsh\u00ebm edhe p\u00ebr raste komplekse<\/h2>\t\t\t\t<\/div>\n\t\t\t\t<\/div>\n\t\t\t\t<div class=\"elementor-element elementor-element-6a68c50 elementor-widget elementor-widget-text-editor\" data-id=\"6a68c50\" data-element_type=\"widget\" data-e-type=\"widget\" data-widget_type=\"text-editor.default\">\n\t\t\t\t<div class=\"elementor-widget-container\">\n\t\t\t\t\t\t\t\t\t<p><span style=\"font-weight: 400;\">All-on-6 \u00ebsht\u00eb i indikuar gjithashtu p\u00ebr pacient\u00ebt me edentuliz\u00ebm total dhe<\/span> <b>nivele t\u00eb moderuara t\u00eb resorbimit t\u00eb kockave<\/b> <span style=\"font-weight: 400;\">, duke ofruar nj\u00eb alternativ\u00eb t\u00eb vlefshme ndaj shartimeve.<\/span><\/p>\t\t\t\t\t\t\t\t<\/div>\n\t\t\t\t<\/div>\n\t\t\t\t<div class=\"elementor-element elementor-element-c6b2fc8 elementor-widget elementor-widget-spacer\" data-id=\"c6b2fc8\" data-element_type=\"widget\" data-e-type=\"widget\" data-widget_type=\"spacer.default\">\n\t\t\t\t<div class=\"elementor-widget-container\">\n\t\t\t\t\t\t\t<div class=\"elementor-spacer\">\n\t\t\t<div class=\"elementor-spacer-inner\"><\/div>\n\t\t<\/div>\n\t\t\t\t\t\t<\/div>\n\t\t\t\t<\/div>\n\t\t\t\t<div class=\"elementor-element elementor-element-19e2c0f elementor-widget elementor-widget-spacer\" data-id=\"19e2c0f\" data-element_type=\"widget\" data-e-type=\"widget\" data-widget_type=\"spacer.default\">\n\t\t\t\t<div class=\"elementor-widget-container\">\n\t\t\t\t\t\t\t<div class=\"elementor-spacer\">\n\t\t\t<div class=\"elementor-spacer-inner\"><\/div>\n\t\t<\/div>\n\t\t\t\t\t\t<\/div>\n\t\t\t\t<\/div>\n\t\t\t\t<div class=\"elementor-element elementor-element-1f96a71 elementor-widget elementor-widget-button\" data-id=\"1f96a71\" data-element_type=\"widget\" data-e-type=\"widget\" data-widget_type=\"button.default\">\n\t\t\t\t<div class=\"elementor-widget-container\">\n\t\t\t\t\t\t\t\t\t<div class=\"elementor-button-wrapper\">\n\t\t\t\t\t<a class=\"elementor-button elementor-button-link elementor-size-sm\" href=\"https:\/\/www.radiance.al\/sq\/na-kontaktoni\/\">\n\t\t\t\t\t\t<span class=\"elementor-button-content-wrapper\">\n\t\t\t\t\t\t\t\t\t<span class=\"elementor-button-text\">Vizit\u00eb falas<\/span>\n\t\t\t\t\t<\/span>\n\t\t\t\t\t<\/a>\n\t\t\t\t<\/div>\n\t\t\t\t\t\t\t\t<\/div>\n\t\t\t\t<\/div>\n\t\t\t\t<div class=\"elementor-element elementor-element-0b605c1 elementor-widget elementor-widget-spacer\" data-id=\"0b605c1\" data-element_type=\"widget\" data-e-type=\"widget\" data-widget_type=\"spacer.default\">\n\t\t\t\t<div class=\"elementor-widget-container\">\n\t\t\t\t\t\t\t<div class=\"elementor-spacer\">\n\t\t\t<div class=\"elementor-spacer-inner\"><\/div>\n\t\t<\/div>\n\t\t\t\t\t\t<\/div>\n\t\t\t\t<\/div>\n\t\t\t\t<\/div>\n\t\t<div class=\"elementor-element elementor-element-dfcc58b e-con-full e-flex e-con e-child\" data-id=\"dfcc58b\" data-element_type=\"container\" data-e-type=\"container\">\n\t\t\t\t<div class=\"elementor-element elementor-element-e84dfe8 elementor-widget elementor-widget-spacer\" data-id=\"e84dfe8\" data-element_type=\"widget\" data-e-type=\"widget\" data-widget_type=\"spacer.default\">\n\t\t\t\t<div class=\"elementor-widget-container\">\n\t\t\t\t\t\t\t<div class=\"elementor-spacer\">\n\t\t\t<div class=\"elementor-spacer-inner\"><\/div>\n\t\t<\/div>\n\t\t\t\t\t\t<\/div>\n\t\t\t\t<\/div>\n\t\t\t\t<div class=\"elementor-element elementor-element-97e006f elementor-widget elementor-widget-html\" data-id=\"97e006f\" data-element_type=\"widget\" data-e-type=\"widget\" data-widget_type=\"html.default\">\n\t\t\t\t<div class=\"elementor-widget-container\">\n\t\t\t\t\t<video\r\n  id=\"my_hls_video\"\r\n  autoplay\r\n  muted\r\n  loop\r\n  playsinline\r\n  style=\"width:100%;height:auto;\"\r\n><\/video>\r\n<script src=\"https:\/\/cdn.jsdelivr.net\/npm\/hls.js@latest\"><\/script>\r\n<script>\r\n  var video = document.getElementById('my_hls_video');\r\n  var videoSrc = 'https:\/\/vz-eb18f8bd-faa.b-cdn.net\/6b6e2c6f-625b-4627-881b-ec24ee1ac7cd\/playlist.m3u8';\r\n\r\n  if (video.canPlayType('application\/vnd.apple.mpegurl')) {\r\n    \/\/ Native HLS support (Safari, iOS)\r\n    video.src = videoSrc;\r\n  } else if (Hls.isSupported()) {\r\n    \/\/ hls.js for other browsers (Chrome, Firefox, Edge)\r\n    var hls = new Hls();\r\n    hls.loadSource(videoSrc);\r\n    hls.attachMedia(video);\r\n  } else {\r\n    \/\/ HLS not supported in this browser\r\n    video.outerHTML = '<p>Your browser does not support HLS playback.<\/p>';\r\n  }\r\n<\/script>\t\t\t\t<\/div>\n\t\t\t\t<\/div>\n\t\t\t\t<\/div>\n\t\t\t\t<\/div>\n\t\t\t\t<\/div>\n\t\t","protected":false},"excerpt":{"rendered":"<p>All on 6 Teknika All-on-6 \u00ebsht\u00eb nj\u00eb trajtim i avancuar me implante q\u00eb ju lejon t\u00eb z\u00ebvend\u00ebsoni t\u00eb gjith\u00eb dh\u00ebmb\u00ebt n\u00eb nj\u00eb hark me nj\u00eb protez\u00eb fikse t\u00eb mb\u00ebshtetur nga gjasht\u00eb implante dentare. pozicionuar strategjikisht. Nj\u00eb zgjedhje ideale p\u00ebr ata q\u00eb duan stabilitet maksimal, q\u00ebndrueshm\u00ebri dhe nj\u00eb rezultat estetik i [&hellip;]<\/p>\n","protected":false},"author":4,"featured_media":0,"parent":3295,"menu_order":0,"comment_status":"closed","ping_status":"closed","template":"elementor_header_footer","meta":{"_acf_changed":false,"footnotes":""},"class_list":["post-5012","page","type-page","status-publish","hentry"],"acf":[],"yoast_head":"<!-- This site is optimized with the Yoast SEO Premium plugin v27.4 (Yoast SEO v27.4) - https:\/\/yoast.com\/product\/yoast-seo-premium-wordpress\/ -->\n<title>All-on-6 n\u00eb Tiran\u00eb \u2013 Trajtim me 6 implante fikse te Radiance<\/title>\n<meta name=\"description\" content=\"Zbuloni avantazhet e teknik\u00ebs All-on-6: implante dentare t\u00eb q\u00ebndrueshme, estetik\u00eb natyrale dhe proteza fikse.\" \/>\n<meta name=\"robots\" content=\"index, follow, max-snippet:-1, max-image-preview:large, max-video-preview:-1\" \/>\n<link rel=\"canonical\" href=\"https:\/\/www.radiance.al\/sq\/implantet-dentare\/all-on-6-shqiperi\/\" \/>\n<meta property=\"og:locale\" content=\"sq_AL\" \/>\n<meta property=\"og:type\" content=\"article\" \/>\n<meta property=\"og:title\" content=\"Gjith\u00ebp\u00ebrfshir\u00ebs n\u00eb 6 n\u00eb Tiran\u00eb \u2013 stabilitet maksimal me 6 implante dentare\" \/>\n<meta property=\"og:description\" content=\"Trajtimi All-on-6 ju garanton nj\u00eb baz\u00eb t\u00eb fort\u00eb dhe afatgjat\u00eb me 6 implante titaniumi. Konsult\u00eb falas, diagnoz\u00eb 3D dhe paket\u00eb e plot\u00eb nga Radiance Dental.\" \/>\n<meta property=\"og:url\" content=\"https:\/\/www.radiance.al\/sq\/implantet-dentare\/all-on-6-shqiperi\/\" \/>\n<meta property=\"og:site_name\" content=\"RADIANCE.AL\" \/>\n<meta property=\"article:publisher\" content=\"https:\/\/www.instagram.com\/radiance_al\/?hl=en\" \/>\n<meta property=\"article:modified_time\" content=\"2025-10-09T10:41:53+00:00\" \/>\n<meta name=\"twitter:card\" content=\"summary_large_image\" \/>\n<meta name=\"twitter:title\" content=\"All-on-6 Tirana \u2013 Implante Dentare t\u00eb Q\u00ebndrueshme dhe Buz\u00ebqeshje e Garantuar\" \/>\n<meta name=\"twitter:description\" content=\"M\u00eb shum\u00eb stabilitet dhe mb\u00ebshtetje p\u00ebr t\u00eb gjith\u00eb harkun e dh\u00ebmb\u00ebve me All-on-6. Radiance Dental Tirana ofron teknologji t\u00eb p\u00ebrparuar dhe trajtim t\u00eb plot\u00eb.\" \/>\n<meta name=\"twitter:label1\" content=\"Est. reading time\" \/>\n\t<meta name=\"twitter:data1\" content=\"1 minute\" \/>\n<script type=\"application\/ld+json\" class=\"yoast-schema-graph\">{\"@context\":\"https:\\\/\\\/schema.org\",\"@graph\":[{\"@type\":\"WebPage\",\"@id\":\"https:\\\/\\\/www.radiance.al\\\/sq\\\/implantet-dentare\\\/all-on-6-shqiperi\\\/\",\"url\":\"https:\\\/\\\/www.radiance.al\\\/sq\\\/implantet-dentare\\\/all-on-6-shqiperi\\\/\",\"name\":\"All-on-6 n\u00eb Tiran\u00eb \u2013 Trajtim me 6 implante fikse te Radiance\",\"isPartOf\":{\"@id\":\"https:\\\/\\\/www.radiance.al\\\/sq\\\/#website\"},\"datePublished\":\"2025-06-12T13:24:56+00:00\",\"dateModified\":\"2025-10-09T10:41:53+00:00\",\"description\":\"Zbuloni avantazhet e teknik\u00ebs All-on-6: implante dentare t\u00eb q\u00ebndrueshme, estetik\u00eb natyrale dhe proteza fikse.\",\"breadcrumb\":{\"@id\":\"https:\\\/\\\/www.radiance.al\\\/sq\\\/implantet-dentare\\\/all-on-6-shqiperi\\\/#breadcrumb\"},\"inLanguage\":\"sq-AL\",\"potentialAction\":[{\"@type\":\"ReadAction\",\"target\":[\"https:\\\/\\\/www.radiance.al\\\/sq\\\/implantet-dentare\\\/all-on-6-shqiperi\\\/\"]}]},{\"@type\":\"BreadcrumbList\",\"@id\":\"https:\\\/\\\/www.radiance.al\\\/sq\\\/implantet-dentare\\\/all-on-6-shqiperi\\\/#breadcrumb\",\"itemListElement\":[{\"@type\":\"ListItem\",\"position\":1,\"name\":\"Home\",\"item\":\"https:\\\/\\\/www.radiance.al\\\/sq\\\/\"},{\"@type\":\"ListItem\",\"position\":2,\"name\":\"Implantet dentare\",\"item\":\"https:\\\/\\\/www.radiance.al\\\/sq\\\/implantet-dentare\\\/\"},{\"@type\":\"ListItem\",\"position\":3,\"name\":\"All on 6\"}]},{\"@type\":\"WebSite\",\"@id\":\"https:\\\/\\\/www.radiance.al\\\/sq\\\/#website\",\"url\":\"https:\\\/\\\/www.radiance.al\\\/sq\\\/\",\"name\":\"RADIANCE.AL\",\"description\":\"RADIANCE DENTAL HOSPITAL\",\"publisher\":{\"@id\":\"https:\\\/\\\/www.radiance.al\\\/sq\\\/#organization\"},\"potentialAction\":[{\"@type\":\"SearchAction\",\"target\":{\"@type\":\"EntryPoint\",\"urlTemplate\":\"https:\\\/\\\/www.radiance.al\\\/sq\\\/?s={search_term_string}\"},\"query-input\":{\"@type\":\"PropertyValueSpecification\",\"valueRequired\":true,\"valueName\":\"search_term_string\"}}],\"inLanguage\":\"sq-AL\"},{\"@type\":\"Organization\",\"@id\":\"https:\\\/\\\/www.radiance.al\\\/sq\\\/#organization\",\"name\":\"RADIANCE.AL\",\"alternateName\":\"Radiance Dental Hospital\",\"url\":\"https:\\\/\\\/www.radiance.al\\\/sq\\\/\",\"logo\":{\"@type\":\"ImageObject\",\"inLanguage\":\"sq-AL\",\"@id\":\"https:\\\/\\\/www.radiance.al\\\/sq\\\/#\\\/schema\\\/logo\\\/image\\\/\",\"url\":\"https:\\\/\\\/www.radiance.al\\\/wp-content\\\/uploads\\\/2025\\\/05\\\/faviconn.jpeg\",\"contentUrl\":\"https:\\\/\\\/www.radiance.al\\\/wp-content\\\/uploads\\\/2025\\\/05\\\/faviconn.jpeg\",\"width\":48,\"height\":48,\"caption\":\"RADIANCE.AL\"},\"image\":{\"@id\":\"https:\\\/\\\/www.radiance.al\\\/sq\\\/#\\\/schema\\\/logo\\\/image\\\/\"},\"sameAs\":[\"https:\\\/\\\/www.instagram.com\\\/radiance_al\\\/?hl=en\"],\"description\":\"\\\"Radiance Dental Hospital n\u00eb Shqip\u00ebri: spital dentar modern me teknologji 3D, implantologji, estetik\u00eb dhe specialist\u00eb me mbi 15 vite p\u00ebrvoj\u00eb. Prenoto konsult\u00ebn falas!\\\"\",\"email\":\"info@radiance.al\",\"telephone\":\"+355694799949\",\"legalName\":\"Radiance Dental Hospital\",\"foundingDate\":\"2025-03-18\",\"numberOfEmployees\":{\"@type\":\"QuantitativeValue\",\"minValue\":\"11\",\"maxValue\":\"50\"}}]}<\/script>\n<!-- \/ Yoast SEO Premium plugin. -->","yoast_head_json":{"title":"All-on-6 n\u00eb Tiran\u00eb \u2013 Trajtim me 6 implante fikse te Radiance","description":"Zbuloni avantazhet e teknik\u00ebs All-on-6: implante dentare t\u00eb q\u00ebndrueshme, estetik\u00eb natyrale dhe proteza fikse.","robots":{"index":"index","follow":"follow","max-snippet":"max-snippet:-1","max-image-preview":"max-image-preview:large","max-video-preview":"max-video-preview:-1"},"canonical":"https:\/\/www.radiance.al\/sq\/implantet-dentare\/all-on-6-shqiperi\/","og_locale":"sq_AL","og_type":"article","og_title":"Gjith\u00ebp\u00ebrfshir\u00ebs n\u00eb 6 n\u00eb Tiran\u00eb \u2013 stabilitet maksimal me 6 implante dentare","og_description":"Trajtimi All-on-6 ju garanton nj\u00eb baz\u00eb t\u00eb fort\u00eb dhe afatgjat\u00eb me 6 implante titaniumi. Konsult\u00eb falas, diagnoz\u00eb 3D dhe paket\u00eb e plot\u00eb nga Radiance Dental.","og_url":"https:\/\/www.radiance.al\/sq\/implantet-dentare\/all-on-6-shqiperi\/","og_site_name":"RADIANCE.AL","article_publisher":"https:\/\/www.instagram.com\/radiance_al\/?hl=en","article_modified_time":"2025-10-09T10:41:53+00:00","twitter_card":"summary_large_image","twitter_title":"All-on-6 Tirana \u2013 Implante Dentare t\u00eb Q\u00ebndrueshme dhe Buz\u00ebqeshje e Garantuar","twitter_description":"M\u00eb shum\u00eb stabilitet dhe mb\u00ebshtetje p\u00ebr t\u00eb gjith\u00eb harkun e dh\u00ebmb\u00ebve me All-on-6. Radiance Dental Tirana ofron teknologji t\u00eb p\u00ebrparuar dhe trajtim t\u00eb plot\u00eb.","twitter_misc":{"Est. reading time":"1 minute"},"schema":{"@context":"https:\/\/schema.org","@graph":[{"@type":"WebPage","@id":"https:\/\/www.radiance.al\/sq\/implantet-dentare\/all-on-6-shqiperi\/","url":"https:\/\/www.radiance.al\/sq\/implantet-dentare\/all-on-6-shqiperi\/","name":"All-on-6 n\u00eb Tiran\u00eb \u2013 Trajtim me 6 implante fikse te Radiance","isPartOf":{"@id":"https:\/\/www.radiance.al\/sq\/#website"},"datePublished":"2025-06-12T13:24:56+00:00","dateModified":"2025-10-09T10:41:53+00:00","description":"Zbuloni avantazhet e teknik\u00ebs All-on-6: implante dentare t\u00eb q\u00ebndrueshme, estetik\u00eb natyrale dhe proteza fikse.","breadcrumb":{"@id":"https:\/\/www.radiance.al\/sq\/implantet-dentare\/all-on-6-shqiperi\/#breadcrumb"},"inLanguage":"sq-AL","potentialAction":[{"@type":"ReadAction","target":["https:\/\/www.radiance.al\/sq\/implantet-dentare\/all-on-6-shqiperi\/"]}]},{"@type":"BreadcrumbList","@id":"https:\/\/www.radiance.al\/sq\/implantet-dentare\/all-on-6-shqiperi\/#breadcrumb","itemListElement":[{"@type":"ListItem","position":1,"name":"Home","item":"https:\/\/www.radiance.al\/sq\/"},{"@type":"ListItem","position":2,"name":"Implantet dentare","item":"https:\/\/www.radiance.al\/sq\/implantet-dentare\/"},{"@type":"ListItem","position":3,"name":"All on 6"}]},{"@type":"WebSite","@id":"https:\/\/www.radiance.al\/sq\/#website","url":"https:\/\/www.radiance.al\/sq\/","name":"RADIANCE.AL","description":"RADIANCE DENTAL HOSPITAL","publisher":{"@id":"https:\/\/www.radiance.al\/sq\/#organization"},"potentialAction":[{"@type":"SearchAction","target":{"@type":"EntryPoint","urlTemplate":"https:\/\/www.radiance.al\/sq\/?s={search_term_string}"},"query-input":{"@type":"PropertyValueSpecification","valueRequired":true,"valueName":"search_term_string"}}],"inLanguage":"sq-AL"},{"@type":"Organization","@id":"https:\/\/www.radiance.al\/sq\/#organization","name":"RADIANCE.AL","alternateName":"Radiance Dental Hospital","url":"https:\/\/www.radiance.al\/sq\/","logo":{"@type":"ImageObject","inLanguage":"sq-AL","@id":"https:\/\/www.radiance.al\/sq\/#\/schema\/logo\/image\/","url":"https:\/\/www.radiance.al\/wp-content\/uploads\/2025\/05\/faviconn.jpeg","contentUrl":"https:\/\/www.radiance.al\/wp-content\/uploads\/2025\/05\/faviconn.jpeg","width":48,"height":48,"caption":"RADIANCE.AL"},"image":{"@id":"https:\/\/www.radiance.al\/sq\/#\/schema\/logo\/image\/"},"sameAs":["https:\/\/www.instagram.com\/radiance_al\/?hl=en"],"description":"\"Radiance Dental Hospital n\u00eb Shqip\u00ebri: spital dentar modern me teknologji 3D, implantologji, estetik\u00eb dhe specialist\u00eb me mbi 15 vite p\u00ebrvoj\u00eb. Prenoto konsult\u00ebn falas!\"","email":"info@radiance.al","telephone":"+355694799949","legalName":"Radiance Dental Hospital","foundingDate":"2025-03-18","numberOfEmployees":{"@type":"QuantitativeValue","minValue":"11","maxValue":"50"}}]}},"_links":{"self":[{"href":"https:\/\/www.radiance.al\/sq\/wp-json\/wp\/v2\/pages\/5012","targetHints":{"allow":["GET"]}}],"collection":[{"href":"https:\/\/www.radiance.al\/sq\/wp-json\/wp\/v2\/pages"}],"about":[{"href":"https:\/\/www.radiance.al\/sq\/wp-json\/wp\/v2\/types\/page"}],"author":[{"embeddable":true,"href":"https:\/\/www.radiance.al\/sq\/wp-json\/wp\/v2\/users\/4"}],"replies":[{"embeddable":true,"href":"https:\/\/www.radiance.al\/sq\/wp-json\/wp\/v2\/comments?post=5012"}],"version-history":[{"count":6,"href":"https:\/\/www.radiance.al\/sq\/wp-json\/wp\/v2\/pages\/5012\/revisions"}],"predecessor-version":[{"id":11244,"href":"https:\/\/www.radiance.al\/sq\/wp-json\/wp\/v2\/pages\/5012\/revisions\/11244"}],"up":[{"embeddable":true,"href":"https:\/\/www.radiance.al\/sq\/wp-json\/wp\/v2\/pages\/3295"}],"wp:attachment":[{"href":"https:\/\/www.radiance.al\/sq\/wp-json\/wp\/v2\/media?parent=5012"}],"curies":[{"name":"wp","href":"https:\/\/api.w.org\/{rel}","templated":true}]}}