{"id":5018,"date":"2025-06-12T13:32:47","date_gmt":"2025-06-12T13:32:47","guid":{"rendered":"https:\/\/www.radiance.al\/implantet-dentare\/zigomatike\/"},"modified":"2025-10-09T10:42:30","modified_gmt":"2025-10-09T10:42:30","slug":"implantet-zigomatike","status":"publish","type":"page","link":"https:\/\/www.radiance.al\/sq\/implantet-dentare\/implantet-zigomatike\/","title":{"rendered":"Zigomatike"},"content":{"rendered":"\t\t<div data-elementor-type=\"wp-page\" data-elementor-id=\"5018\" class=\"elementor elementor-5018 elementor-4881\">\n\t\t\t\t<div class=\"elementor-element elementor-element-e5d9eaf e-con-full e-flex e-con e-parent\" data-id=\"e5d9eaf\" data-element_type=\"container\" data-e-type=\"container\">\n\t\t<div class=\"elementor-element elementor-element-dfcc58b e-con-full e-flex e-con e-child\" data-id=\"dfcc58b\" data-element_type=\"container\" data-e-type=\"container\">\n\t\t\t\t<div class=\"elementor-element elementor-element-0a847e3 elementor-widget elementor-widget-html\" data-id=\"0a847e3\" data-element_type=\"widget\" data-e-type=\"widget\" data-widget_type=\"html.default\">\n\t\t\t\t<div class=\"elementor-widget-container\">\n\t\t\t\t\t<video id=\"my_hls_video\" autoplay=\"\" muted=\"\" loop=\"\" playsinline=\"\" style=\"width:100%;height:auto;\"><\/video>\r\n<script src=\"https:\/\/cdn.jsdelivr.net\/npm\/hls.js@latest\"><\/script>\r\n<script>\r\n  var video = document.getElementById('my_hls_video');\r\n  var videoSrc = 'https:\/\/vz-eb18f8bd-faa.b-cdn.net\/fb50dbe1-d512-4971-afdc-724aa7853eae\/playlist.m3u8';\r\n\r\n  if (video.canPlayType('application\/vnd.apple.mpegurl')) {\r\n    \/\/ Native HLS support (Safari, iOS)\r\n    video.src = videoSrc;\r\n  } else if (Hls.isSupported()) {\r\n    \/\/ hls.js for other browsers (Chrome, Firefox, Edge)\r\n    var hls = new Hls();\r\n    hls.loadSource(videoSrc);\r\n    hls.attachMedia(video);\r\n  } else {\r\n    \/\/ HLS not supported in this browser\r\n    video.outerHTML = '<p>Your browser does not support HLS playback.<\/p>';\r\n  }\r\n<\/script>\t\t\t\t<\/div>\n\t\t\t\t<\/div>\n\t\t\t\t<\/div>\n\t\t<div class=\"elementor-element elementor-element-a0b0bd9 e-con-full e-flex e-con e-child\" data-id=\"a0b0bd9\" data-element_type=\"container\" data-e-type=\"container\">\n\t\t\t\t<div class=\"elementor-element elementor-element-ec71167 elementor-widget elementor-widget-heading\" data-id=\"ec71167\" data-element_type=\"widget\" data-e-type=\"widget\" data-widget_type=\"heading.default\">\n\t\t\t\t<div class=\"elementor-widget-container\">\n\t\t\t\t\t<h1 class=\"elementor-heading-title elementor-size-default\">Implantet Zigomatike\n<\/h1>\t\t\t\t<\/div>\n\t\t\t\t<\/div>\n\t\t\t\t<div class=\"elementor-element elementor-element-522e339 elementor-widget elementor-widget-text-editor\" data-id=\"522e339\" data-element_type=\"widget\" data-e-type=\"widget\" data-widget_type=\"text-editor.default\">\n\t\t\t\t<div class=\"elementor-widget-container\">\n\t\t\t\t\t\t\t\t\t<p><span style=\"font-weight: 400;\">T\u00eb kan\u00eb th\u00ebn\u00eb se<\/span> <b>nuk ke mjaftuesh\u00ebm kock\u00eb p\u00ebr t\u00eb vendosur implante dentare?<\/b><span style=\"font-weight: 400;\">? <\/span><strong>Implantet<\/strong> <b>zigomatike<\/b> <span style=\"font-weight: 400;\">p\u00ebrfaq\u00ebsojn\u00eb zgjidhjen m\u00eb inovative dhe t\u00eb sigurt p\u00ebr ata q\u00eb vuajn\u00eb nga<\/span> <b>resorbimi i r\u00ebnd\u00eb i kockave n\u00eb nofull\u00ebn e sip\u00ebrme<\/b> <span style=\"font-weight: 400;\">.<\/span><\/p><p><span style=\"font-weight: 400;\">Kjo teknik\u00eb e avancuar mund\u00ebson rikthimin e <\/span><b>nj\u00eb harku t\u00eb plot\u00eb dh\u00ebmb\u00ebsh pa pasur nevoj\u00eb p\u00ebr transplant kocke<\/b><span style=\"font-weight: 400;\">, duke ofruar nj\u00eb zgjidhje fikse, t\u00eb q\u00ebndrueshme dhe estetikisht t\u00eb shk\u00eblqyer.<\/span><\/p>\t\t\t\t\t\t\t\t<\/div>\n\t\t\t\t<\/div>\n\t\t\t\t<div class=\"elementor-element elementor-element-b70b862 elementor-widget-divider--view-line elementor-widget elementor-widget-divider\" data-id=\"b70b862\" data-element_type=\"widget\" data-e-type=\"widget\" data-widget_type=\"divider.default\">\n\t\t\t\t<div class=\"elementor-widget-container\">\n\t\t\t\t\t\t\t<div class=\"elementor-divider\">\n\t\t\t<span class=\"elementor-divider-separator\">\n\t\t\t\t\t\t<\/span>\n\t\t<\/div>\n\t\t\t\t\t\t<\/div>\n\t\t\t\t<\/div>\n\t\t\t\t<div class=\"elementor-element elementor-element-85fc93b elementor-widget elementor-widget-heading\" data-id=\"85fc93b\" data-element_type=\"widget\" data-e-type=\"widget\" data-widget_type=\"heading.default\">\n\t\t\t\t<div class=\"elementor-widget-container\">\n\t\t\t\t\t<h2 class=\"elementor-heading-title elementor-size-default\"><b>Zgjidhje ideale edhe n\u00eb rastet komplekse<\/b><\/h2>\t\t\t\t<\/div>\n\t\t\t\t<\/div>\n\t\t\t\t<div class=\"elementor-element elementor-element-cbb9a21 elementor-widget elementor-widget-text-editor\" data-id=\"cbb9a21\" data-element_type=\"widget\" data-e-type=\"widget\" data-widget_type=\"text-editor.default\">\n\t\t\t\t<div class=\"elementor-widget-container\">\n\t\t\t\t\t\t\t\t\t<p><span style=\"font-weight: 400;\">Ato lejojn\u00eb futjen e nj\u00eb<\/span> <b>proteze fikse<\/b> <span style=\"font-weight: 400;\">edhe kur<\/span> <b>kocka<\/b> <span style=\"font-weight: 400;\">e nofull\u00ebs \u00ebsht\u00eb shum\u00eb e holl\u00eb p\u00ebr<\/span> <b>implantet<\/b> tradicionale <span style=\"font-weight: 400;\">.<\/span><\/p>\t\t\t\t\t\t\t\t<\/div>\n\t\t\t\t<\/div>\n\t\t\t\t<div class=\"elementor-element elementor-element-cb33c40 elementor-widget elementor-widget-spacer\" data-id=\"cb33c40\" data-element_type=\"widget\" data-e-type=\"widget\" data-widget_type=\"spacer.default\">\n\t\t\t\t<div class=\"elementor-widget-container\">\n\t\t\t\t\t\t\t<div class=\"elementor-spacer\">\n\t\t\t<div class=\"elementor-spacer-inner\"><\/div>\n\t\t<\/div>\n\t\t\t\t\t\t<\/div>\n\t\t\t\t<\/div>\n\t\t\t\t<div class=\"elementor-element elementor-element-f4f7f77 elementor-widget elementor-widget-heading\" data-id=\"f4f7f77\" data-element_type=\"widget\" data-e-type=\"widget\" data-widget_type=\"heading.default\">\n\t\t\t\t<div class=\"elementor-widget-container\">\n\t\t\t\t\t<h2 class=\"elementor-heading-title elementor-size-default\"><b>Fiksim i sigurt n\u00eb moll\u00ebz<\/b><\/h2>\t\t\t\t<\/div>\n\t\t\t\t<\/div>\n\t\t\t\t<div class=\"elementor-element elementor-element-ee42000 elementor-widget elementor-widget-text-editor\" data-id=\"ee42000\" data-element_type=\"widget\" data-e-type=\"widget\" data-widget_type=\"text-editor.default\">\n\t\t\t\t<div class=\"elementor-widget-container\">\n\t\t\t\t\t\t\t\t\t<p><span style=\"font-weight: 400;\">Implantet fiksohen drejtp\u00ebrdrejt n\u00eb <\/span><b>kock\u00ebn e moll\u00ebz\u00ebs<\/b><span style=\"font-weight: 400;\">, duke garantuar <\/span><b>q\u00ebndrueshm\u00ebri t\u00eb menj\u00ebhershme dhe jet\u00ebgjat\u00ebsi<\/b><span style=\"font-weight: 400;\">.<\/span><\/p>\t\t\t\t\t\t\t\t<\/div>\n\t\t\t\t<\/div>\n\t\t\t\t<div class=\"elementor-element elementor-element-8a391bc elementor-widget elementor-widget-spacer\" data-id=\"8a391bc\" data-element_type=\"widget\" data-e-type=\"widget\" data-widget_type=\"spacer.default\">\n\t\t\t\t<div class=\"elementor-widget-container\">\n\t\t\t\t\t\t\t<div class=\"elementor-spacer\">\n\t\t\t<div class=\"elementor-spacer-inner\"><\/div>\n\t\t<\/div>\n\t\t\t\t\t\t<\/div>\n\t\t\t\t<\/div>\n\t\t\t\t<div class=\"elementor-element elementor-element-e5b543b elementor-widget elementor-widget-heading\" data-id=\"e5b543b\" data-element_type=\"widget\" data-e-type=\"widget\" data-widget_type=\"heading.default\">\n\t\t\t\t<div class=\"elementor-widget-container\">\n\t\t\t\t\t<h2 class=\"elementor-heading-title elementor-size-default\"><b>Estetik\u00eb dhe funksionalitet optimal<\/b><\/h2>\t\t\t\t<\/div>\n\t\t\t\t<\/div>\n\t\t\t\t<div class=\"elementor-element elementor-element-79d625e elementor-widget elementor-widget-text-editor\" data-id=\"79d625e\" data-element_type=\"widget\" data-e-type=\"widget\" data-widget_type=\"text-editor.default\">\n\t\t\t\t<div class=\"elementor-widget-container\">\n\t\t\t\t\t\t\t\t\t<p><span style=\"font-weight: 400;\">Fal\u00eb <\/span><b>protezave t\u00eb personalizuara dhe planifikimit dixhital<\/b><span style=\"font-weight: 400;\">, mund t\u00eb rigjesh nj\u00eb buz\u00ebqeshje natyrale, t\u00eb bukur dhe plot\u00ebsisht funksionale.<\/span><\/p>\t\t\t\t\t\t\t\t<\/div>\n\t\t\t\t<\/div>\n\t\t\t\t<div class=\"elementor-element elementor-element-998a786 elementor-widget elementor-widget-spacer\" data-id=\"998a786\" data-element_type=\"widget\" data-e-type=\"widget\" data-widget_type=\"spacer.default\">\n\t\t\t\t<div class=\"elementor-widget-container\">\n\t\t\t\t\t\t\t<div class=\"elementor-spacer\">\n\t\t\t<div class=\"elementor-spacer-inner\"><\/div>\n\t\t<\/div>\n\t\t\t\t\t\t<\/div>\n\t\t\t\t<\/div>\n\t\t\t\t<div class=\"elementor-element elementor-element-d7b2f7f elementor-widget elementor-widget-heading\" data-id=\"d7b2f7f\" data-element_type=\"widget\" data-e-type=\"widget\" data-widget_type=\"heading.default\">\n\t\t\t\t<div class=\"elementor-widget-container\">\n\t\t\t\t\t<h2 class=\"elementor-heading-title elementor-size-default\"><b>Nd\u00ebrhyrje minimale invazive<\/b><\/h2>\t\t\t\t<\/div>\n\t\t\t\t<\/div>\n\t\t\t\t<div class=\"elementor-element elementor-element-6a68c50 elementor-widget elementor-widget-text-editor\" data-id=\"6a68c50\" data-element_type=\"widget\" data-e-type=\"widget\" data-widget_type=\"text-editor.default\">\n\t\t\t\t<div class=\"elementor-widget-container\">\n\t\t\t\t\t\t\t\t\t<p><span style=\"font-weight: 400;\">Me teknikat moderne dhe<\/span> <b>kirurgjin\u00eb e udh\u00ebhequr,<\/b> <span style=\"font-weight: 400;\">procedura \u00ebsht\u00eb e sakt\u00eb, me koh\u00eb rikuperimi m\u00eb t\u00eb shpejt\u00eb se metodat tradicionale.<\/span><\/p>\t\t\t\t\t\t\t\t<\/div>\n\t\t\t\t<\/div>\n\t\t\t\t<div class=\"elementor-element elementor-element-4779eaa elementor-widget elementor-widget-spacer\" data-id=\"4779eaa\" data-element_type=\"widget\" data-e-type=\"widget\" data-widget_type=\"spacer.default\">\n\t\t\t\t<div class=\"elementor-widget-container\">\n\t\t\t\t\t\t\t<div class=\"elementor-spacer\">\n\t\t\t<div class=\"elementor-spacer-inner\"><\/div>\n\t\t<\/div>\n\t\t\t\t\t\t<\/div>\n\t\t\t\t<\/div>\n\t\t\t\t<div class=\"elementor-element elementor-element-fcdeb7e elementor-widget elementor-widget-heading\" data-id=\"fcdeb7e\" data-element_type=\"widget\" data-e-type=\"widget\" data-widget_type=\"heading.default\">\n\t\t\t\t<div class=\"elementor-widget-container\">\n\t\t\t\t\t<h2 class=\"elementor-heading-title elementor-size-default\"><b>M\u00eb s\u2019ka proteza t\u00eb l\u00ebvizshme<\/b><\/h2>\t\t\t\t<\/div>\n\t\t\t\t<\/div>\n\t\t\t\t<div class=\"elementor-element elementor-element-b7ffbbf elementor-widget elementor-widget-text-editor\" data-id=\"b7ffbbf\" data-element_type=\"widget\" data-e-type=\"widget\" data-widget_type=\"text-editor.default\">\n\t\t\t\t<div class=\"elementor-widget-container\">\n\t\t\t\t\t\t\t\t\t<p><span style=\"font-weight: 400;\">Harrojeni shqet\u00ebsimin e protezave: me<\/span> <b>implantet zigomatike<\/b> <span style=\"font-weight: 400;\">mund t\u00eb<\/span> <b>hani, t\u00eb flisni dhe t\u00eb buz\u00ebqeshni p\u00ebrs\u00ebri me vet\u00ebbesim<\/b> <span style=\"font-weight: 400;\">.<\/span><\/p>\t\t\t\t\t\t\t\t<\/div>\n\t\t\t\t<\/div>\n\t\t\t\t<div class=\"elementor-element elementor-element-c6b2fc8 elementor-widget elementor-widget-spacer\" data-id=\"c6b2fc8\" data-element_type=\"widget\" data-e-type=\"widget\" data-widget_type=\"spacer.default\">\n\t\t\t\t<div class=\"elementor-widget-container\">\n\t\t\t\t\t\t\t<div class=\"elementor-spacer\">\n\t\t\t<div class=\"elementor-spacer-inner\"><\/div>\n\t\t<\/div>\n\t\t\t\t\t\t<\/div>\n\t\t\t\t<\/div>\n\t\t\t\t<div class=\"elementor-element elementor-element-19e2c0f elementor-widget elementor-widget-spacer\" data-id=\"19e2c0f\" data-element_type=\"widget\" data-e-type=\"widget\" data-widget_type=\"spacer.default\">\n\t\t\t\t<div class=\"elementor-widget-container\">\n\t\t\t\t\t\t\t<div class=\"elementor-spacer\">\n\t\t\t<div class=\"elementor-spacer-inner\"><\/div>\n\t\t<\/div>\n\t\t\t\t\t\t<\/div>\n\t\t\t\t<\/div>\n\t\t\t\t<div class=\"elementor-element elementor-element-0b605c1 elementor-widget elementor-widget-spacer\" data-id=\"0b605c1\" data-element_type=\"widget\" data-e-type=\"widget\" data-widget_type=\"spacer.default\">\n\t\t\t\t<div class=\"elementor-widget-container\">\n\t\t\t\t\t\t\t<div class=\"elementor-spacer\">\n\t\t\t<div class=\"elementor-spacer-inner\"><\/div>\n\t\t<\/div>\n\t\t\t\t\t\t<\/div>\n\t\t\t\t<\/div>\n\t\t\t\t<\/div>\n\t\t\t\t<\/div>\n\t\t<div class=\"elementor-element elementor-element-b523df0 e-flex e-con-boxed e-con e-parent\" data-id=\"b523df0\" data-element_type=\"container\" data-e-type=\"container\">\n\t\t\t\t\t<div class=\"e-con-inner\">\n\t\t\t\t<div class=\"elementor-element elementor-element-0f746ba elementor-align-center elementor-widget elementor-widget-button\" data-id=\"0f746ba\" data-element_type=\"widget\" data-e-type=\"widget\" data-widget_type=\"button.default\">\n\t\t\t\t<div class=\"elementor-widget-container\">\n\t\t\t\t\t\t\t\t\t<div class=\"elementor-button-wrapper\">\n\t\t\t\t\t<a class=\"elementor-button elementor-button-link elementor-size-sm\" href=\"https:\/\/www.radiance.al\/sq\/na-kontaktoni\/\">\n\t\t\t\t\t\t<span class=\"elementor-button-content-wrapper\">\n\t\t\t\t\t\t\t\t\t<span class=\"elementor-button-text\">Vizit\u00eb falas<\/span>\n\t\t\t\t\t<\/span>\n\t\t\t\t\t<\/a>\n\t\t\t\t<\/div>\n\t\t\t\t\t\t\t\t<\/div>\n\t\t\t\t<\/div>\n\t\t\t\t<div class=\"elementor-element elementor-element-bb239e9 elementor-widget elementor-widget-spacer\" data-id=\"bb239e9\" data-element_type=\"widget\" data-e-type=\"widget\" data-widget_type=\"spacer.default\">\n\t\t\t\t<div class=\"elementor-widget-container\">\n\t\t\t\t\t\t\t<div class=\"elementor-spacer\">\n\t\t\t<div class=\"elementor-spacer-inner\"><\/div>\n\t\t<\/div>\n\t\t\t\t\t\t<\/div>\n\t\t\t\t<\/div>\n\t\t\t\t\t<\/div>\n\t\t\t\t<\/div>\n\t\t\t\t<\/div>\n\t\t","protected":false},"excerpt":{"rendered":"<p>Implantet Zigomatike T\u00eb kan\u00eb th\u00ebn\u00eb se nuk ke mjaftuesh\u00ebm kock\u00eb p\u00ebr t\u00eb vendosur implante dentare?? Implantet zigomatike p\u00ebrfaq\u00ebsojn\u00eb zgjidhjen m\u00eb inovative dhe t\u00eb sigurt p\u00ebr ata q\u00eb vuajn\u00eb nga resorbimi i r\u00ebnd\u00eb i kockave n\u00eb nofull\u00ebn e sip\u00ebrme . Kjo teknik\u00eb e avancuar mund\u00ebson rikthimin e nj\u00eb harku t\u00eb plot\u00eb [&hellip;]<\/p>\n","protected":false},"author":4,"featured_media":0,"parent":3295,"menu_order":0,"comment_status":"closed","ping_status":"closed","template":"elementor_header_footer","meta":{"_acf_changed":false,"footnotes":""},"class_list":["post-5018","page","type-page","status-publish","hentry"],"acf":[],"yoast_head":"<!-- This site is optimized with the Yoast SEO Premium plugin v27.4 (Yoast SEO v27.4) - https:\/\/yoast.com\/product\/yoast-seo-premium-wordpress\/ -->\n<title>Implantet zigomatike \u2013 Zgjidhja ideale kur mungon kocka<\/title>\n<meta name=\"description\" content=\"Zbuloni implantet zigomatike n\u00eb Tiran\u00eb, ideale p\u00ebr ata me kock\u00eb t\u00eb kufizuar. Trajtim i sigurt dhe i shpejt\u00eb. Rezervoni nj\u00eb konsult\u00eb falas sot.\" \/>\n<meta name=\"robots\" content=\"index, follow, max-snippet:-1, max-image-preview:large, max-video-preview:-1\" \/>\n<link rel=\"canonical\" href=\"https:\/\/www.radiance.al\/sq\/implantet-dentare\/implantet-zigomatike\/\" \/>\n<meta property=\"og:locale\" content=\"sq_AL\" \/>\n<meta property=\"og:type\" content=\"article\" \/>\n<meta property=\"og:title\" content=\"Implantet zigomatike n\u00eb Tiran\u00eb \u2013 alternativ\u00eb e q\u00ebndrueshme pa transplante kocke\" \/>\n<meta property=\"og:description\" content=\"Pacient\u00eb me atrofi t\u00eb r\u00ebnd\u00eb? Implantet zigomatike ofrojn\u00eb q\u00ebndrueshm\u00ebri n\u00eb nofull\u00ebn e sip\u00ebrme pa transplante. Konsideroni k\u00ebt\u00eb zgjidhje inovative te Radiance Dental.\" \/>\n<meta property=\"og:url\" content=\"https:\/\/www.radiance.al\/sq\/implantet-dentare\/implantet-zigomatike\/\" \/>\n<meta property=\"og:site_name\" content=\"RADIANCE.AL\" \/>\n<meta property=\"article:publisher\" content=\"https:\/\/www.instagram.com\/radiance_al\/?hl=en\" \/>\n<meta property=\"article:modified_time\" content=\"2025-10-09T10:42:30+00:00\" \/>\n<meta name=\"twitter:card\" content=\"summary_large_image\" \/>\n<meta name=\"twitter:title\" content=\"Implantet zigomatike n\u00eb Tiran\u00eb \u2013 q\u00ebndrueshm\u00ebri pa transplante kocke\" \/>\n<meta name=\"twitter:description\" content=\"Zgjidhje p\u00ebr atrofi t\u00eb r\u00ebnd\u00eb t\u00eb nofull\u00ebs: implantet zigomatike me ankorim n\u00eb moll\u00ebz, ngarkes\u00eb t\u00eb menj\u00ebhershme dhe pa transplante. Zbuloni m\u00eb shum\u00eb te Radiance Dental.\" \/>\n<meta name=\"twitter:label1\" content=\"Est. reading time\" \/>\n\t<meta name=\"twitter:data1\" content=\"1 minute\" \/>\n<script type=\"application\/ld+json\" class=\"yoast-schema-graph\">{\"@context\":\"https:\\\/\\\/schema.org\",\"@graph\":[{\"@type\":\"WebPage\",\"@id\":\"https:\\\/\\\/www.radiance.al\\\/sq\\\/implantet-dentare\\\/implantet-zigomatike\\\/\",\"url\":\"https:\\\/\\\/www.radiance.al\\\/sq\\\/implantet-dentare\\\/implantet-zigomatike\\\/\",\"name\":\"Implantet zigomatike \u2013 Zgjidhja ideale kur mungon kocka\",\"isPartOf\":{\"@id\":\"https:\\\/\\\/www.radiance.al\\\/sq\\\/#website\"},\"datePublished\":\"2025-06-12T13:32:47+00:00\",\"dateModified\":\"2025-10-09T10:42:30+00:00\",\"description\":\"Zbuloni implantet zigomatike n\u00eb Tiran\u00eb, ideale p\u00ebr ata me kock\u00eb t\u00eb kufizuar. Trajtim i sigurt dhe i shpejt\u00eb. Rezervoni nj\u00eb konsult\u00eb falas sot.\",\"breadcrumb\":{\"@id\":\"https:\\\/\\\/www.radiance.al\\\/sq\\\/implantet-dentare\\\/implantet-zigomatike\\\/#breadcrumb\"},\"inLanguage\":\"sq-AL\",\"potentialAction\":[{\"@type\":\"ReadAction\",\"target\":[\"https:\\\/\\\/www.radiance.al\\\/sq\\\/implantet-dentare\\\/implantet-zigomatike\\\/\"]}]},{\"@type\":\"BreadcrumbList\",\"@id\":\"https:\\\/\\\/www.radiance.al\\\/sq\\\/implantet-dentare\\\/implantet-zigomatike\\\/#breadcrumb\",\"itemListElement\":[{\"@type\":\"ListItem\",\"position\":1,\"name\":\"Home\",\"item\":\"https:\\\/\\\/www.radiance.al\\\/sq\\\/\"},{\"@type\":\"ListItem\",\"position\":2,\"name\":\"Implantet dentare\",\"item\":\"https:\\\/\\\/www.radiance.al\\\/sq\\\/implantet-dentare\\\/\"},{\"@type\":\"ListItem\",\"position\":3,\"name\":\"Zigomatike\"}]},{\"@type\":\"WebSite\",\"@id\":\"https:\\\/\\\/www.radiance.al\\\/sq\\\/#website\",\"url\":\"https:\\\/\\\/www.radiance.al\\\/sq\\\/\",\"name\":\"RADIANCE.AL\",\"description\":\"RADIANCE DENTAL HOSPITAL\",\"publisher\":{\"@id\":\"https:\\\/\\\/www.radiance.al\\\/sq\\\/#organization\"},\"potentialAction\":[{\"@type\":\"SearchAction\",\"target\":{\"@type\":\"EntryPoint\",\"urlTemplate\":\"https:\\\/\\\/www.radiance.al\\\/sq\\\/?s={search_term_string}\"},\"query-input\":{\"@type\":\"PropertyValueSpecification\",\"valueRequired\":true,\"valueName\":\"search_term_string\"}}],\"inLanguage\":\"sq-AL\"},{\"@type\":\"Organization\",\"@id\":\"https:\\\/\\\/www.radiance.al\\\/sq\\\/#organization\",\"name\":\"RADIANCE.AL\",\"alternateName\":\"Radiance Dental Hospital\",\"url\":\"https:\\\/\\\/www.radiance.al\\\/sq\\\/\",\"logo\":{\"@type\":\"ImageObject\",\"inLanguage\":\"sq-AL\",\"@id\":\"https:\\\/\\\/www.radiance.al\\\/sq\\\/#\\\/schema\\\/logo\\\/image\\\/\",\"url\":\"https:\\\/\\\/www.radiance.al\\\/wp-content\\\/uploads\\\/2025\\\/05\\\/faviconn.jpeg\",\"contentUrl\":\"https:\\\/\\\/www.radiance.al\\\/wp-content\\\/uploads\\\/2025\\\/05\\\/faviconn.jpeg\",\"width\":48,\"height\":48,\"caption\":\"RADIANCE.AL\"},\"image\":{\"@id\":\"https:\\\/\\\/www.radiance.al\\\/sq\\\/#\\\/schema\\\/logo\\\/image\\\/\"},\"sameAs\":[\"https:\\\/\\\/www.instagram.com\\\/radiance_al\\\/?hl=en\"],\"description\":\"\\\"Radiance Dental Hospital n\u00eb Shqip\u00ebri: spital dentar modern me teknologji 3D, implantologji, estetik\u00eb dhe specialist\u00eb me mbi 15 vite p\u00ebrvoj\u00eb. Prenoto konsult\u00ebn falas!\\\"\",\"email\":\"info@radiance.al\",\"telephone\":\"+355694799949\",\"legalName\":\"Radiance Dental Hospital\",\"foundingDate\":\"2025-03-18\",\"numberOfEmployees\":{\"@type\":\"QuantitativeValue\",\"minValue\":\"11\",\"maxValue\":\"50\"}}]}<\/script>\n<!-- \/ Yoast SEO Premium plugin. -->","yoast_head_json":{"title":"Implantet zigomatike \u2013 Zgjidhja ideale kur mungon kocka","description":"Zbuloni implantet zigomatike n\u00eb Tiran\u00eb, ideale p\u00ebr ata me kock\u00eb t\u00eb kufizuar. Trajtim i sigurt dhe i shpejt\u00eb. Rezervoni nj\u00eb konsult\u00eb falas sot.","robots":{"index":"index","follow":"follow","max-snippet":"max-snippet:-1","max-image-preview":"max-image-preview:large","max-video-preview":"max-video-preview:-1"},"canonical":"https:\/\/www.radiance.al\/sq\/implantet-dentare\/implantet-zigomatike\/","og_locale":"sq_AL","og_type":"article","og_title":"Implantet zigomatike n\u00eb Tiran\u00eb \u2013 alternativ\u00eb e q\u00ebndrueshme pa transplante kocke","og_description":"Pacient\u00eb me atrofi t\u00eb r\u00ebnd\u00eb? Implantet zigomatike ofrojn\u00eb q\u00ebndrueshm\u00ebri n\u00eb nofull\u00ebn e sip\u00ebrme pa transplante. Konsideroni k\u00ebt\u00eb zgjidhje inovative te Radiance Dental.","og_url":"https:\/\/www.radiance.al\/sq\/implantet-dentare\/implantet-zigomatike\/","og_site_name":"RADIANCE.AL","article_publisher":"https:\/\/www.instagram.com\/radiance_al\/?hl=en","article_modified_time":"2025-10-09T10:42:30+00:00","twitter_card":"summary_large_image","twitter_title":"Implantet zigomatike n\u00eb Tiran\u00eb \u2013 q\u00ebndrueshm\u00ebri pa transplante kocke","twitter_description":"Zgjidhje p\u00ebr atrofi t\u00eb r\u00ebnd\u00eb t\u00eb nofull\u00ebs: implantet zigomatike me ankorim n\u00eb moll\u00ebz, ngarkes\u00eb t\u00eb menj\u00ebhershme dhe pa transplante. Zbuloni m\u00eb shum\u00eb te Radiance Dental.","twitter_misc":{"Est. reading time":"1 minute"},"schema":{"@context":"https:\/\/schema.org","@graph":[{"@type":"WebPage","@id":"https:\/\/www.radiance.al\/sq\/implantet-dentare\/implantet-zigomatike\/","url":"https:\/\/www.radiance.al\/sq\/implantet-dentare\/implantet-zigomatike\/","name":"Implantet zigomatike \u2013 Zgjidhja ideale kur mungon kocka","isPartOf":{"@id":"https:\/\/www.radiance.al\/sq\/#website"},"datePublished":"2025-06-12T13:32:47+00:00","dateModified":"2025-10-09T10:42:30+00:00","description":"Zbuloni implantet zigomatike n\u00eb Tiran\u00eb, ideale p\u00ebr ata me kock\u00eb t\u00eb kufizuar. Trajtim i sigurt dhe i shpejt\u00eb. Rezervoni nj\u00eb konsult\u00eb falas sot.","breadcrumb":{"@id":"https:\/\/www.radiance.al\/sq\/implantet-dentare\/implantet-zigomatike\/#breadcrumb"},"inLanguage":"sq-AL","potentialAction":[{"@type":"ReadAction","target":["https:\/\/www.radiance.al\/sq\/implantet-dentare\/implantet-zigomatike\/"]}]},{"@type":"BreadcrumbList","@id":"https:\/\/www.radiance.al\/sq\/implantet-dentare\/implantet-zigomatike\/#breadcrumb","itemListElement":[{"@type":"ListItem","position":1,"name":"Home","item":"https:\/\/www.radiance.al\/sq\/"},{"@type":"ListItem","position":2,"name":"Implantet dentare","item":"https:\/\/www.radiance.al\/sq\/implantet-dentare\/"},{"@type":"ListItem","position":3,"name":"Zigomatike"}]},{"@type":"WebSite","@id":"https:\/\/www.radiance.al\/sq\/#website","url":"https:\/\/www.radiance.al\/sq\/","name":"RADIANCE.AL","description":"RADIANCE DENTAL HOSPITAL","publisher":{"@id":"https:\/\/www.radiance.al\/sq\/#organization"},"potentialAction":[{"@type":"SearchAction","target":{"@type":"EntryPoint","urlTemplate":"https:\/\/www.radiance.al\/sq\/?s={search_term_string}"},"query-input":{"@type":"PropertyValueSpecification","valueRequired":true,"valueName":"search_term_string"}}],"inLanguage":"sq-AL"},{"@type":"Organization","@id":"https:\/\/www.radiance.al\/sq\/#organization","name":"RADIANCE.AL","alternateName":"Radiance Dental Hospital","url":"https:\/\/www.radiance.al\/sq\/","logo":{"@type":"ImageObject","inLanguage":"sq-AL","@id":"https:\/\/www.radiance.al\/sq\/#\/schema\/logo\/image\/","url":"https:\/\/www.radiance.al\/wp-content\/uploads\/2025\/05\/faviconn.jpeg","contentUrl":"https:\/\/www.radiance.al\/wp-content\/uploads\/2025\/05\/faviconn.jpeg","width":48,"height":48,"caption":"RADIANCE.AL"},"image":{"@id":"https:\/\/www.radiance.al\/sq\/#\/schema\/logo\/image\/"},"sameAs":["https:\/\/www.instagram.com\/radiance_al\/?hl=en"],"description":"\"Radiance Dental Hospital n\u00eb Shqip\u00ebri: spital dentar modern me teknologji 3D, implantologji, estetik\u00eb dhe specialist\u00eb me mbi 15 vite p\u00ebrvoj\u00eb. Prenoto konsult\u00ebn falas!\"","email":"info@radiance.al","telephone":"+355694799949","legalName":"Radiance Dental Hospital","foundingDate":"2025-03-18","numberOfEmployees":{"@type":"QuantitativeValue","minValue":"11","maxValue":"50"}}]}},"_links":{"self":[{"href":"https:\/\/www.radiance.al\/sq\/wp-json\/wp\/v2\/pages\/5018","targetHints":{"allow":["GET"]}}],"collection":[{"href":"https:\/\/www.radiance.al\/sq\/wp-json\/wp\/v2\/pages"}],"about":[{"href":"https:\/\/www.radiance.al\/sq\/wp-json\/wp\/v2\/types\/page"}],"author":[{"embeddable":true,"href":"https:\/\/www.radiance.al\/sq\/wp-json\/wp\/v2\/users\/4"}],"replies":[{"embeddable":true,"href":"https:\/\/www.radiance.al\/sq\/wp-json\/wp\/v2\/comments?post=5018"}],"version-history":[{"count":3,"href":"https:\/\/www.radiance.al\/sq\/wp-json\/wp\/v2\/pages\/5018\/revisions"}],"predecessor-version":[{"id":11247,"href":"https:\/\/www.radiance.al\/sq\/wp-json\/wp\/v2\/pages\/5018\/revisions\/11247"}],"up":[{"embeddable":true,"href":"https:\/\/www.radiance.al\/sq\/wp-json\/wp\/v2\/pages\/3295"}],"wp:attachment":[{"href":"https:\/\/www.radiance.al\/sq\/wp-json\/wp\/v2\/media?parent=5018"}],"curies":[{"name":"wp","href":"https:\/\/api.w.org\/{rel}","templated":true}]}}