{"id":8121,"date":"2025-07-23T12:45:55","date_gmt":"2025-07-23T12:45:55","guid":{"rendered":"https:\/\/www.radiance.al\/olsi-canga\/"},"modified":"2025-08-04T14:07:15","modified_gmt":"2025-08-04T14:07:15","slug":"olsi-canka-radiance","status":"publish","type":"page","link":"https:\/\/www.radiance.al\/sq\/olsi-canka-radiance\/","title":{"rendered":"Olsi Canga"},"content":{"rendered":"\t\t<div data-elementor-type=\"wp-page\" data-elementor-id=\"8121\" class=\"elementor elementor-8121 elementor-7938\">\n\t\t\t\t<div class=\"elementor-element elementor-element-ee91e83 sticky_sec e-flex e-con-boxed e-con e-parent\" data-id=\"ee91e83\" data-element_type=\"container\" data-e-type=\"container\">\n\t\t\t\t\t<div class=\"e-con-inner\">\n\t\t<div class=\"elementor-element elementor-element-de1a327 e-con-full sticky-box e-flex e-con e-child\" data-id=\"de1a327\" data-element_type=\"container\" data-e-type=\"container\">\n\t\t\t\t<div class=\"elementor-element elementor-element-6863b4b elementor-widget elementor-widget-image\" data-id=\"6863b4b\" data-element_type=\"widget\" data-e-type=\"widget\" data-widget_type=\"image.default\">\n\t\t\t\t<div class=\"elementor-widget-container\">\n\t\t\t\t\t\t\t\t\t\t\t\t\t\t\t<img fetchpriority=\"high\" decoding=\"async\" width=\"945\" height=\"1181\" src=\"https:\/\/www.radiance.al\/wp-content\/uploads\/2025\/06\/staff23-1.jpg\" class=\"attachment-full size-full wp-image-4032\" alt=\"Coordinatore Dentale \u2013 Gestione Pazienti e Supporto Clinico Personalizzato\" srcset=\"https:\/\/www.radiance.al\/wp-content\/uploads\/2025\/06\/staff23-1.jpg 945w, https:\/\/www.radiance.al\/wp-content\/uploads\/2025\/06\/staff23-1-240x300.jpg 240w, https:\/\/www.radiance.al\/wp-content\/uploads\/2025\/06\/staff23-1-819x1024.jpg 819w, https:\/\/www.radiance.al\/wp-content\/uploads\/2025\/06\/staff23-1-768x960.jpg 768w\" sizes=\"(max-width: 945px) 100vw, 945px\" \/>\t\t\t\t\t\t\t\t\t\t\t\t\t\t\t<\/div>\n\t\t\t\t<\/div>\n\t\t\t\t<div class=\"elementor-element elementor-element-588ccfc elementor-widget elementor-widget-heading\" data-id=\"588ccfc\" data-element_type=\"widget\" data-e-type=\"widget\" data-widget_type=\"heading.default\">\n\t\t\t\t<div class=\"elementor-widget-container\">\n\t\t\t\t\t<h2 class=\"elementor-heading-title elementor-size-default\">Olsi Canka<\/h2>\t\t\t\t<\/div>\n\t\t\t\t<\/div>\n\t\t\t\t<div class=\"elementor-element elementor-element-aaa8cb0 elementor-widget elementor-widget-text-editor\" data-id=\"aaa8cb0\" data-element_type=\"widget\" data-e-type=\"widget\" data-widget_type=\"text-editor.default\">\n\t\t\t\t<div class=\"elementor-widget-container\">\n\t\t\t\t\t\t\t\t\t<p>Koordinatori<\/p>\t\t\t\t\t\t\t\t<\/div>\n\t\t\t\t<\/div>\n\t\t\t\t<\/div>\n\t\t<div class=\"elementor-element elementor-element-5dcaccd e-con-full e-flex e-con e-child\" data-id=\"5dcaccd\" data-element_type=\"container\" data-e-type=\"container\">\n\t\t\t\t<div class=\"elementor-element elementor-element-a780d28 elementor-widget elementor-widget-heading\" data-id=\"a780d28\" data-element_type=\"widget\" data-e-type=\"widget\" data-widget_type=\"heading.default\">\n\t\t\t\t<div class=\"elementor-widget-container\">\n\t\t\t\t\t<h2 class=\"elementor-heading-title elementor-size-default\"><b>Informazioni personali<\/b><\/h2>\t\t\t\t<\/div>\n\t\t\t\t<\/div>\n\t\t\t\t<div class=\"elementor-element elementor-element-faa783e elementor-widget elementor-widget-text-editor\" data-id=\"faa783e\" data-element_type=\"widget\" data-e-type=\"widget\" data-widget_type=\"text-editor.default\">\n\t\t\t\t<div class=\"elementor-widget-container\">\n\t\t\t\t\t\t\t\t\t<p><strong>Emri dhe Mbiemri:<\/strong> Olsi Canka<br> <strong>Data e lindjes:<\/strong> 24 janar 1995<br> <strong>Komb\u00ebsia:<\/strong> Shqiptare<br> <strong>Gjuh\u00ebt e folura:<\/strong> Shqip (fol\u00ebs amtar), Italisht, Anglisht, Fr\u00ebngjisht<\/p>\t\t\t\t\t\t\t\t<\/div>\n\t\t\t\t<\/div>\n\t\t\t\t<div class=\"elementor-element elementor-element-3735ac8 elementor-widget elementor-widget-spacer\" data-id=\"3735ac8\" data-element_type=\"widget\" data-e-type=\"widget\" data-widget_type=\"spacer.default\">\n\t\t\t\t<div class=\"elementor-widget-container\">\n\t\t\t\t\t\t\t<div class=\"elementor-spacer\">\n\t\t\t<div class=\"elementor-spacer-inner\"><\/div>\n\t\t<\/div>\n\t\t\t\t\t\t<\/div>\n\t\t\t\t<\/div>\n\t\t\t\t<div class=\"elementor-element elementor-element-bb93b3a elementor-widget elementor-widget-heading\" data-id=\"bb93b3a\" data-element_type=\"widget\" data-e-type=\"widget\" data-widget_type=\"heading.default\">\n\t\t\t\t<div class=\"elementor-widget-container\">\n\t\t\t\t\t<h2 class=\"elementor-heading-title elementor-size-default\"><b>Profilo professionale<\/b><\/h2>\t\t\t\t<\/div>\n\t\t\t\t<\/div>\n\t\t\t\t<div class=\"elementor-element elementor-element-eebf357 elementor-widget elementor-widget-text-editor\" data-id=\"eebf357\" data-element_type=\"widget\" data-e-type=\"widget\" data-widget_type=\"text-editor.default\">\n\t\t\t\t<div class=\"elementor-widget-container\">\n\t\t\t\t\t\t\t\t\t<p>Olsi Canka \u00ebsht\u00eb nj\u00eb profesionist me mbi 10 vjet p\u00ebrvoj\u00eb n\u00eb menaxhim, koordinim dhe organizim, duke punuar si n\u00eb kompani n\u00eb sektor\u00eb t\u00eb ndrysh\u00ebm ashtu edhe n\u00eb klinika dentare.<\/p><p><br>Ai ka zhvilluar aft\u00ebsi t\u00eb forta n\u00eb menaxhimin e ekipit, optimizimin e proceseve t\u00eb pun\u00ebs dhe ofrimin e sh\u00ebrbimeve ndaj klientit me cil\u00ebsi t\u00eb lart\u00eb.<\/p><p> <\/p><p><span lang=\"EN-US\">Fal\u00eb aft\u00ebsive t\u00eb saj t\u00eb shk\u00eblqyera komunikuese dhe aft\u00ebsive organizative, Olsi \u00ebsht\u00eb nj\u00eb element ky\u00e7 n\u00eb mb\u00ebshtetjen e aktiviteteve t\u00eb p\u00ebrditshme dhe bashk\u00ebpunimin me departamente t\u00eb ndryshme.<\/span><\/p><p><span lang=\"EN-US\"><br>Njohurit\u00eb e tij t\u00eb rrjedhshme t\u00eb italishtes, anglishtes dhe fr\u00ebngjishtes i mund\u00ebsojn\u00eb atij t\u00eb bashk\u00ebveproj\u00eb n\u00eb m\u00ebnyr\u00eb efektive me pacient\u00eb dhe partner\u00eb nd\u00ebrkomb\u00ebtar\u00eb, duke kontribuar k\u00ebshtu n\u00eb ruajtjen e standardeve t\u00eb larta profesionale t\u00eb Spitalit Dentar Radiance.<\/span><\/p>\t\t\t\t\t\t\t\t<\/div>\n\t\t\t\t<\/div>\n\t\t\t\t<div class=\"elementor-element elementor-element-c7eca24 elementor-widget elementor-widget-spacer\" data-id=\"c7eca24\" data-element_type=\"widget\" data-e-type=\"widget\" data-widget_type=\"spacer.default\">\n\t\t\t\t<div class=\"elementor-widget-container\">\n\t\t\t\t\t\t\t<div class=\"elementor-spacer\">\n\t\t\t<div class=\"elementor-spacer-inner\"><\/div>\n\t\t<\/div>\n\t\t\t\t\t\t<\/div>\n\t\t\t\t<\/div>\n\t\t\t\t<div class=\"elementor-element elementor-element-d5f4d37 elementor-widget elementor-widget-heading\" data-id=\"d5f4d37\" data-element_type=\"widget\" data-e-type=\"widget\" data-widget_type=\"heading.default\">\n\t\t\t\t<div class=\"elementor-widget-container\">\n\t\t\t\t\t<h2 class=\"elementor-heading-title elementor-size-default\"><b>Esperienza professionale<\/b><\/h2>\t\t\t\t<\/div>\n\t\t\t\t<\/div>\n\t\t\t\t<div class=\"elementor-element elementor-element-5e18c30 elementor-widget elementor-widget-text-editor\" data-id=\"5e18c30\" data-element_type=\"widget\" data-e-type=\"widget\" data-widget_type=\"text-editor.default\">\n\t\t\t\t<div class=\"elementor-widget-container\">\n\t\t\t\t\t\t\t\t\t<p><strong>Spitali Dentar Radiance \u2013 Tirana<\/strong><\/p>\t\t\t\t\t\t\t\t<\/div>\n\t\t\t\t<\/div>\n\t\t\t\t<div class=\"elementor-element elementor-element-e2f80e0 elementor-widget elementor-widget-text-editor\" data-id=\"e2f80e0\" data-element_type=\"widget\" data-e-type=\"widget\" data-widget_type=\"text-editor.default\">\n\t\t\t\t<div class=\"elementor-widget-container\">\n\t\t\t\t\t\t\t\t\t<p>Koordinator i Operacioneve dhe Kujdesit p\u00ebr Pacient\u00ebt<\/p>\t\t\t\t\t\t\t\t<\/div>\n\t\t\t\t<\/div>\n\t\t\t\t<div class=\"elementor-element elementor-element-b938fd8 elementor-widget elementor-widget-text-editor\" data-id=\"b938fd8\" data-element_type=\"widget\" data-e-type=\"widget\" data-widget_type=\"text-editor.default\">\n\t\t\t\t<div class=\"elementor-widget-container\">\n\t\t\t\t\t\t\t\t\t<p>\u2022 Menaxhimi dhe koordinimi i rrug\u00ebve t\u00eb pacientit<br> \u2022 Optimizimi i proceseve dhe rrjedhave t\u00eb pun\u00ebs s\u00eb brendshme<br> \u2022 Komunikimi me pacient\u00eb italian\u00eb dhe nd\u00ebrkomb\u00ebtar\u00eb<br> \u2022 Mb\u00ebshtetje n\u00eb planifikimin strategjik dhe zhvillimin organizativ<\/p>\t\t\t\t\t\t\t\t<\/div>\n\t\t\t\t<\/div>\n\t\t\t\t<div class=\"elementor-element elementor-element-5be8dfd elementor-widget elementor-widget-spacer\" data-id=\"5be8dfd\" data-element_type=\"widget\" data-e-type=\"widget\" data-widget_type=\"spacer.default\">\n\t\t\t\t<div class=\"elementor-widget-container\">\n\t\t\t\t\t\t\t<div class=\"elementor-spacer\">\n\t\t\t<div class=\"elementor-spacer-inner\"><\/div>\n\t\t<\/div>\n\t\t\t\t\t\t<\/div>\n\t\t\t\t<\/div>\n\t\t\t\t<div class=\"elementor-element elementor-element-56064fc elementor-widget elementor-widget-heading\" data-id=\"56064fc\" data-element_type=\"widget\" data-e-type=\"widget\" data-widget_type=\"heading.default\">\n\t\t\t\t<div class=\"elementor-widget-container\">\n\t\t\t\t\t<h2 class=\"elementor-heading-title elementor-size-default\"><b>Trajnim akademik<\/b><\/h2>\t\t\t\t<\/div>\n\t\t\t\t<\/div>\n\t\t\t\t<div class=\"elementor-element elementor-element-3ae7d52 elementor-widget elementor-widget-text-editor\" data-id=\"3ae7d52\" data-element_type=\"widget\" data-e-type=\"widget\" data-widget_type=\"text-editor.default\">\n\t\t\t\t<div class=\"elementor-widget-container\">\n\t\t\t\t\t\t\t\t\t<p><strong>Diplom\u00eb Masteri n\u00eb Financ\u00eb dhe Kontabilitet<\/strong><\/p>\t\t\t\t\t\t\t\t<\/div>\n\t\t\t\t<\/div>\n\t\t\t\t<div class=\"elementor-element elementor-element-c9550ce elementor-widget elementor-widget-text-editor\" data-id=\"c9550ce\" data-element_type=\"widget\" data-e-type=\"widget\" data-widget_type=\"text-editor.default\">\n\t\t\t\t<div class=\"elementor-widget-container\">\n\t\t\t\t\t\t\t\t\t<p>Universiteti Bujq\u00ebsor i Tiran\u00ebs \u2013 Tirana<\/p>\t\t\t\t\t\t\t\t<\/div>\n\t\t\t\t<\/div>\n\t\t\t\t<div class=\"elementor-element elementor-element-e9077e0 elementor-widget elementor-widget-text-editor\" data-id=\"e9077e0\" data-element_type=\"widget\" data-e-type=\"widget\" data-widget_type=\"text-editor.default\">\n\t\t\t\t<div class=\"elementor-widget-container\">\n\t\t\t\t\t\t\t\t\t<p><strong>Specializim n\u00eb Anestezi dhe Reanimacion<\/strong><\/p>\t\t\t\t\t\t\t\t<\/div>\n\t\t\t\t<\/div>\n\t\t\t\t<div class=\"elementor-element elementor-element-620ab81 elementor-widget elementor-widget-text-editor\" data-id=\"620ab81\" data-element_type=\"widget\" data-e-type=\"widget\" data-widget_type=\"text-editor.default\">\n\t\t\t\t<div class=\"elementor-widget-container\">\n\t\t\t\t\t\t\t\t\t<p>Universiteti i Mjek\u00ebsis\u00eb &#8211; Departamenti i <strong>Kujdesit Intensiv<\/strong><\/p>\t\t\t\t\t\t\t\t<\/div>\n\t\t\t\t<\/div>\n\t\t\t\t<\/div>\n\t\t\t\t\t<\/div>\n\t\t\t\t<\/div>\n\t\t\t\t<\/div>\n\t\t","protected":false},"excerpt":{"rendered":"<p>Olsi Canka Koordinator Dentar Informacione personale Emri dhe mbiemri: Olsi Canka Data e lindjes: 24 janar 1995 Komb\u00ebsia: Shqiptare Gjuh\u00ebt e folura: Shqip (gjuh\u00eb amtare), italisht, anglisht, fr\u00ebngjisht Profili profesional Olsi Canka \u00ebsht\u00eb nj\u00eb profesionist me mbi 10 vjet p\u00ebrvoj\u00eb n\u00eb menaxhim, koordinim dhe organizim, si n\u00eb kompani private n\u00eb [&hellip;]<\/p>\n","protected":false},"author":4,"featured_media":4032,"parent":0,"menu_order":0,"comment_status":"closed","ping_status":"closed","template":"elementor_header_footer","meta":{"_acf_changed":false,"footnotes":""},"class_list":["post-8121","page","type-page","status-publish","has-post-thumbnail","hentry"],"acf":[],"yoast_head":"<!-- This site is optimized with the Yoast SEO Premium plugin v27.4 (Yoast SEO v27.6) - https:\/\/yoast.com\/product\/yoast-seo-premium-wordpress\/ -->\n<title>Olsi Canka Radiance \u2013 Ekspert n\u00eb koordinim n\u00eb Radiance Dental<\/title>\n<meta name=\"description\" content=\"Olsi Canka n\u00eb Radiance \u00ebsht\u00eb koordinator me p\u00ebrvoj\u00eb 10+ vje\u00e7are n\u00eb menaxhim, komunikim dhe kujdes ndaj pacient\u00ebve nd\u00ebrkomb\u00ebtar\u00eb.\" \/>\n<meta name=\"robots\" content=\"index, follow, max-snippet:-1, max-image-preview:large, max-video-preview:-1\" \/>\n<link rel=\"canonical\" href=\"https:\/\/www.radiance.al\/sq\/olsi-canka-radiance\/\" \/>\n<meta property=\"og:locale\" content=\"sq_AL\" \/>\n<meta property=\"og:type\" content=\"article\" \/>\n<meta property=\"og:title\" content=\"Dr. Ardit Kuqi \u2013 garanton anestezi t\u00eb sigurt dhe rehati n\u00eb Radiance Dental Tirana\" \/>\n<meta property=\"og:description\" content=\"Dr. Kuqi siguron qet\u00ebsi shpirt\u00ebrore n\u00eb sall\u00ebn e operacionit me p\u00ebrvoj\u00eb n\u00eb anestezi dhe ringjallje: shum\u00ebgjuh\u00ebsh dhe i fokusuar te pacienti.\" \/>\n<meta property=\"og:url\" content=\"https:\/\/www.radiance.al\/sq\/olsi-canka-radiance\/\" \/>\n<meta property=\"og:site_name\" content=\"RADIANCE.AL\" \/>\n<meta property=\"article:publisher\" content=\"https:\/\/www.instagram.com\/radiance_al\/?hl=en\" \/>\n<meta property=\"article:modified_time\" content=\"2025-08-04T14:07:15+00:00\" \/>\n<meta property=\"og:image\" content=\"https:\/\/www.radiance.al\/wp-content\/uploads\/2025\/06\/staff23-1.jpg\" \/>\n\t<meta property=\"og:image:width\" content=\"945\" \/>\n\t<meta property=\"og:image:height\" content=\"1181\" \/>\n\t<meta property=\"og:image:type\" content=\"image\/jpeg\" \/>\n<meta name=\"twitter:card\" content=\"summary_large_image\" \/>\n<meta name=\"twitter:title\" content=\"Ardit Kuqi \u2013 ekspert anestezist pran\u00eb Radiance Dental Tirana\" \/>\n<meta name=\"twitter:description\" content=\"P\u00ebrvoj\u00eb dhe profesionaliz\u00ebm n\u00eb anestezin\u00eb dhe reanimacionin dentar me Dr. Kuqi n\u00eb Tiran\u00eb.\" \/>\n<meta name=\"twitter:label1\" content=\"Est. reading time\" \/>\n\t<meta name=\"twitter:data1\" content=\"2 minutes\" \/>\n<script type=\"application\/ld+json\" class=\"yoast-schema-graph\">{\"@context\":\"https:\\\/\\\/schema.org\",\"@graph\":[{\"@type\":\"WebPage\",\"@id\":\"https:\\\/\\\/www.radiance.al\\\/sq\\\/olsi-canka-radiance\\\/\",\"url\":\"https:\\\/\\\/www.radiance.al\\\/sq\\\/olsi-canka-radiance\\\/\",\"name\":\"Olsi Canka Radiance \u2013 Ekspert n\u00eb koordinim n\u00eb Radiance Dental\",\"isPartOf\":{\"@id\":\"https:\\\/\\\/www.radiance.al\\\/sq\\\/#website\"},\"primaryImageOfPage\":{\"@id\":\"https:\\\/\\\/www.radiance.al\\\/sq\\\/olsi-canka-radiance\\\/#primaryimage\"},\"image\":{\"@id\":\"https:\\\/\\\/www.radiance.al\\\/sq\\\/olsi-canka-radiance\\\/#primaryimage\"},\"thumbnailUrl\":\"https:\\\/\\\/www.radiance.al\\\/wp-content\\\/uploads\\\/2025\\\/06\\\/staff23-1.jpg\",\"datePublished\":\"2025-07-23T12:45:55+00:00\",\"dateModified\":\"2025-08-04T14:07:15+00:00\",\"description\":\"Olsi Canka n\u00eb Radiance \u00ebsht\u00eb koordinator me p\u00ebrvoj\u00eb 10+ vje\u00e7are n\u00eb menaxhim, komunikim dhe kujdes ndaj pacient\u00ebve nd\u00ebrkomb\u00ebtar\u00eb.\",\"breadcrumb\":{\"@id\":\"https:\\\/\\\/www.radiance.al\\\/sq\\\/olsi-canka-radiance\\\/#breadcrumb\"},\"inLanguage\":\"sq-AL\",\"potentialAction\":[{\"@type\":\"ReadAction\",\"target\":[\"https:\\\/\\\/www.radiance.al\\\/sq\\\/olsi-canka-radiance\\\/\"]}]},{\"@type\":\"ImageObject\",\"inLanguage\":\"sq-AL\",\"@id\":\"https:\\\/\\\/www.radiance.al\\\/sq\\\/olsi-canka-radiance\\\/#primaryimage\",\"url\":\"https:\\\/\\\/www.radiance.al\\\/wp-content\\\/uploads\\\/2025\\\/06\\\/staff23-1.jpg\",\"contentUrl\":\"https:\\\/\\\/www.radiance.al\\\/wp-content\\\/uploads\\\/2025\\\/06\\\/staff23-1.jpg\",\"width\":945,\"height\":1181,\"caption\":\"Il coordinatore dentale facilita il percorso terapeutico dei pazienti, garantendo comunicazione efficace e assistenza continua.\"},{\"@type\":\"BreadcrumbList\",\"@id\":\"https:\\\/\\\/www.radiance.al\\\/sq\\\/olsi-canka-radiance\\\/#breadcrumb\",\"itemListElement\":[{\"@type\":\"ListItem\",\"position\":1,\"name\":\"Home\",\"item\":\"https:\\\/\\\/www.radiance.al\\\/sq\\\/shtepi\\\/\"},{\"@type\":\"ListItem\",\"position\":2,\"name\":\"Olsi Canga\"}]},{\"@type\":\"WebSite\",\"@id\":\"https:\\\/\\\/www.radiance.al\\\/sq\\\/#website\",\"url\":\"https:\\\/\\\/www.radiance.al\\\/sq\\\/\",\"name\":\"RADIANCE.AL\",\"description\":\"RADIANCE DENTAL HOSPITAL\",\"publisher\":{\"@id\":\"https:\\\/\\\/www.radiance.al\\\/sq\\\/#organization\"},\"potentialAction\":[{\"@type\":\"SearchAction\",\"target\":{\"@type\":\"EntryPoint\",\"urlTemplate\":\"https:\\\/\\\/www.radiance.al\\\/sq\\\/?s={search_term_string}\"},\"query-input\":{\"@type\":\"PropertyValueSpecification\",\"valueRequired\":true,\"valueName\":\"search_term_string\"}}],\"inLanguage\":\"sq-AL\"},{\"@type\":\"Organization\",\"@id\":\"https:\\\/\\\/www.radiance.al\\\/sq\\\/#organization\",\"name\":\"RADIANCE.AL\",\"alternateName\":\"Radiance Dental Hospital\",\"url\":\"https:\\\/\\\/www.radiance.al\\\/sq\\\/\",\"logo\":{\"@type\":\"ImageObject\",\"inLanguage\":\"sq-AL\",\"@id\":\"https:\\\/\\\/www.radiance.al\\\/sq\\\/#\\\/schema\\\/logo\\\/image\\\/\",\"url\":\"https:\\\/\\\/www.radiance.al\\\/wp-content\\\/uploads\\\/2025\\\/05\\\/faviconn.jpeg\",\"contentUrl\":\"https:\\\/\\\/www.radiance.al\\\/wp-content\\\/uploads\\\/2025\\\/05\\\/faviconn.jpeg\",\"width\":48,\"height\":48,\"caption\":\"RADIANCE.AL\"},\"image\":{\"@id\":\"https:\\\/\\\/www.radiance.al\\\/sq\\\/#\\\/schema\\\/logo\\\/image\\\/\"},\"sameAs\":[\"https:\\\/\\\/www.instagram.com\\\/radiance_al\\\/?hl=en\"],\"description\":\"\\\"Radiance Dental Hospital n\u00eb Shqip\u00ebri: spital dentar modern me teknologji 3D, implantologji, estetik\u00eb dhe specialist\u00eb me mbi 15 vite p\u00ebrvoj\u00eb. Prenoto konsult\u00ebn falas!\\\"\",\"email\":\"info@radiance.al\",\"telephone\":\"+355694799949\",\"legalName\":\"Radiance Dental Hospital\",\"foundingDate\":\"2025-03-18\",\"numberOfEmployees\":{\"@type\":\"QuantitativeValue\",\"minValue\":\"11\",\"maxValue\":\"50\"}}]}<\/script>\n<!-- \/ Yoast SEO Premium plugin. -->","yoast_head_json":{"title":"Olsi Canka Radiance \u2013 Ekspert n\u00eb koordinim n\u00eb Radiance Dental","description":"Olsi Canka n\u00eb Radiance \u00ebsht\u00eb koordinator me p\u00ebrvoj\u00eb 10+ vje\u00e7are n\u00eb menaxhim, komunikim dhe kujdes ndaj pacient\u00ebve nd\u00ebrkomb\u00ebtar\u00eb.","robots":{"index":"index","follow":"follow","max-snippet":"max-snippet:-1","max-image-preview":"max-image-preview:large","max-video-preview":"max-video-preview:-1"},"canonical":"https:\/\/www.radiance.al\/sq\/olsi-canka-radiance\/","og_locale":"sq_AL","og_type":"article","og_title":"Dr. Ardit Kuqi \u2013 garanton anestezi t\u00eb sigurt dhe rehati n\u00eb Radiance Dental Tirana","og_description":"Dr. Kuqi siguron qet\u00ebsi shpirt\u00ebrore n\u00eb sall\u00ebn e operacionit me p\u00ebrvoj\u00eb n\u00eb anestezi dhe ringjallje: shum\u00ebgjuh\u00ebsh dhe i fokusuar te pacienti.","og_url":"https:\/\/www.radiance.al\/sq\/olsi-canka-radiance\/","og_site_name":"RADIANCE.AL","article_publisher":"https:\/\/www.instagram.com\/radiance_al\/?hl=en","article_modified_time":"2025-08-04T14:07:15+00:00","og_image":[{"width":945,"height":1181,"url":"https:\/\/www.radiance.al\/wp-content\/uploads\/2025\/06\/staff23-1.jpg","type":"image\/jpeg"}],"twitter_card":"summary_large_image","twitter_title":"Ardit Kuqi \u2013 ekspert anestezist pran\u00eb Radiance Dental Tirana","twitter_description":"P\u00ebrvoj\u00eb dhe profesionaliz\u00ebm n\u00eb anestezin\u00eb dhe reanimacionin dentar me Dr. Kuqi n\u00eb Tiran\u00eb.","twitter_misc":{"Est. reading time":"2 minutes"},"schema":{"@context":"https:\/\/schema.org","@graph":[{"@type":"WebPage","@id":"https:\/\/www.radiance.al\/sq\/olsi-canka-radiance\/","url":"https:\/\/www.radiance.al\/sq\/olsi-canka-radiance\/","name":"Olsi Canka Radiance \u2013 Ekspert n\u00eb koordinim n\u00eb Radiance Dental","isPartOf":{"@id":"https:\/\/www.radiance.al\/sq\/#website"},"primaryImageOfPage":{"@id":"https:\/\/www.radiance.al\/sq\/olsi-canka-radiance\/#primaryimage"},"image":{"@id":"https:\/\/www.radiance.al\/sq\/olsi-canka-radiance\/#primaryimage"},"thumbnailUrl":"https:\/\/www.radiance.al\/wp-content\/uploads\/2025\/06\/staff23-1.jpg","datePublished":"2025-07-23T12:45:55+00:00","dateModified":"2025-08-04T14:07:15+00:00","description":"Olsi Canka n\u00eb Radiance \u00ebsht\u00eb koordinator me p\u00ebrvoj\u00eb 10+ vje\u00e7are n\u00eb menaxhim, komunikim dhe kujdes ndaj pacient\u00ebve nd\u00ebrkomb\u00ebtar\u00eb.","breadcrumb":{"@id":"https:\/\/www.radiance.al\/sq\/olsi-canka-radiance\/#breadcrumb"},"inLanguage":"sq-AL","potentialAction":[{"@type":"ReadAction","target":["https:\/\/www.radiance.al\/sq\/olsi-canka-radiance\/"]}]},{"@type":"ImageObject","inLanguage":"sq-AL","@id":"https:\/\/www.radiance.al\/sq\/olsi-canka-radiance\/#primaryimage","url":"https:\/\/www.radiance.al\/wp-content\/uploads\/2025\/06\/staff23-1.jpg","contentUrl":"https:\/\/www.radiance.al\/wp-content\/uploads\/2025\/06\/staff23-1.jpg","width":945,"height":1181,"caption":"Il coordinatore dentale facilita il percorso terapeutico dei pazienti, garantendo comunicazione efficace e assistenza continua."},{"@type":"BreadcrumbList","@id":"https:\/\/www.radiance.al\/sq\/olsi-canka-radiance\/#breadcrumb","itemListElement":[{"@type":"ListItem","position":1,"name":"Home","item":"https:\/\/www.radiance.al\/sq\/shtepi\/"},{"@type":"ListItem","position":2,"name":"Olsi Canga"}]},{"@type":"WebSite","@id":"https:\/\/www.radiance.al\/sq\/#website","url":"https:\/\/www.radiance.al\/sq\/","name":"RADIANCE.AL","description":"RADIANCE DENTAL HOSPITAL","publisher":{"@id":"https:\/\/www.radiance.al\/sq\/#organization"},"potentialAction":[{"@type":"SearchAction","target":{"@type":"EntryPoint","urlTemplate":"https:\/\/www.radiance.al\/sq\/?s={search_term_string}"},"query-input":{"@type":"PropertyValueSpecification","valueRequired":true,"valueName":"search_term_string"}}],"inLanguage":"sq-AL"},{"@type":"Organization","@id":"https:\/\/www.radiance.al\/sq\/#organization","name":"RADIANCE.AL","alternateName":"Radiance Dental Hospital","url":"https:\/\/www.radiance.al\/sq\/","logo":{"@type":"ImageObject","inLanguage":"sq-AL","@id":"https:\/\/www.radiance.al\/sq\/#\/schema\/logo\/image\/","url":"https:\/\/www.radiance.al\/wp-content\/uploads\/2025\/05\/faviconn.jpeg","contentUrl":"https:\/\/www.radiance.al\/wp-content\/uploads\/2025\/05\/faviconn.jpeg","width":48,"height":48,"caption":"RADIANCE.AL"},"image":{"@id":"https:\/\/www.radiance.al\/sq\/#\/schema\/logo\/image\/"},"sameAs":["https:\/\/www.instagram.com\/radiance_al\/?hl=en"],"description":"\"Radiance Dental Hospital n\u00eb Shqip\u00ebri: spital dentar modern me teknologji 3D, implantologji, estetik\u00eb dhe specialist\u00eb me mbi 15 vite p\u00ebrvoj\u00eb. Prenoto konsult\u00ebn falas!\"","email":"info@radiance.al","telephone":"+355694799949","legalName":"Radiance Dental Hospital","foundingDate":"2025-03-18","numberOfEmployees":{"@type":"QuantitativeValue","minValue":"11","maxValue":"50"}}]}},"_links":{"self":[{"href":"https:\/\/www.radiance.al\/sq\/wp-json\/wp\/v2\/pages\/8121","targetHints":{"allow":["GET"]}}],"collection":[{"href":"https:\/\/www.radiance.al\/sq\/wp-json\/wp\/v2\/pages"}],"about":[{"href":"https:\/\/www.radiance.al\/sq\/wp-json\/wp\/v2\/types\/page"}],"author":[{"embeddable":true,"href":"https:\/\/www.radiance.al\/sq\/wp-json\/wp\/v2\/users\/4"}],"replies":[{"embeddable":true,"href":"https:\/\/www.radiance.al\/sq\/wp-json\/wp\/v2\/comments?post=8121"}],"version-history":[{"count":0,"href":"https:\/\/www.radiance.al\/sq\/wp-json\/wp\/v2\/pages\/8121\/revisions"}],"wp:featuredmedia":[{"embeddable":true,"href":"https:\/\/www.radiance.al\/sq\/wp-json\/wp\/v2\/media\/4032"}],"wp:attachment":[{"href":"https:\/\/www.radiance.al\/sq\/wp-json\/wp\/v2\/media?parent=8121"}],"curies":[{"name":"wp","href":"https:\/\/api.w.org\/{rel}","templated":true}]}}