{"id":9955,"date":"2025-07-23T10:01:42","date_gmt":"2025-07-23T10:01:42","guid":{"rendered":"https:\/\/www.radiance.al\/dr-marsild-kuqi\/"},"modified":"2025-10-05T14:01:55","modified_gmt":"2025-10-05T14:01:55","slug":"dr-marsild-kuqi","status":"publish","type":"page","link":"https:\/\/www.radiance.al\/sq\/dr-marsild-kuqi\/","title":{"rendered":"Dr. Marsild Kuqi"},"content":{"rendered":"\t\t<div data-elementor-type=\"wp-page\" data-elementor-id=\"9955\" class=\"elementor elementor-9955 elementor-7898\">\n\t\t\t\t<div class=\"elementor-element elementor-element-ee91e83 sticky_sec e-flex e-con-boxed e-con e-parent\" data-id=\"ee91e83\" data-element_type=\"container\" data-e-type=\"container\">\n\t\t\t\t\t<div class=\"e-con-inner\">\n\t\t<div class=\"elementor-element elementor-element-de1a327 e-con-full sticky-box e-flex e-con e-child\" data-id=\"de1a327\" data-element_type=\"container\" data-e-type=\"container\">\n\t\t\t\t<div class=\"elementor-element elementor-element-6863b4b elementor-widget elementor-widget-image\" data-id=\"6863b4b\" data-element_type=\"widget\" data-e-type=\"widget\" data-widget_type=\"image.default\">\n\t\t\t\t<div class=\"elementor-widget-container\">\n\t\t\t\t\t\t\t\t\t\t\t\t\t\t\t<img fetchpriority=\"high\" decoding=\"async\" width=\"945\" height=\"1181\" src=\"https:\/\/www.radiance.al\/wp-content\/uploads\/2025\/06\/staff14.jpg\" class=\"attachment-full size-full wp-image-4059\" alt=\"Capo radiologo mentre analizza TAC 3D dentale presso Radiance Dental Hospital in Albania\" srcset=\"https:\/\/www.radiance.al\/wp-content\/uploads\/2025\/06\/staff14.jpg 945w, https:\/\/www.radiance.al\/wp-content\/uploads\/2025\/06\/staff14-240x300.jpg 240w, https:\/\/www.radiance.al\/wp-content\/uploads\/2025\/06\/staff14-819x1024.jpg 819w, https:\/\/www.radiance.al\/wp-content\/uploads\/2025\/06\/staff14-768x960.jpg 768w\" sizes=\"(max-width: 945px) 100vw, 945px\" \/>\t\t\t\t\t\t\t\t\t\t\t\t\t\t\t<\/div>\n\t\t\t\t<\/div>\n\t\t\t\t<div class=\"elementor-element elementor-element-588ccfc elementor-widget elementor-widget-heading\" data-id=\"588ccfc\" data-element_type=\"widget\" data-e-type=\"widget\" data-widget_type=\"heading.default\">\n\t\t\t\t<div class=\"elementor-widget-container\">\n\t\t\t\t\t<h2 class=\"elementor-heading-title elementor-size-default\">Dr. Marsild Kuqi<\/h2>\t\t\t\t<\/div>\n\t\t\t\t<\/div>\n\t\t\t\t<div class=\"elementor-element elementor-element-aaa8cb0 elementor-widget elementor-widget-text-editor\" data-id=\"aaa8cb0\" data-element_type=\"widget\" data-e-type=\"widget\" data-widget_type=\"text-editor.default\">\n\t\t\t\t<div class=\"elementor-widget-container\">\n\t\t\t\t\t\t\t\t\t<p>Drejtor Klinik<\/p>\t\t\t\t\t\t\t\t<\/div>\n\t\t\t\t<\/div>\n\t\t\t\t<\/div>\n\t\t<div class=\"elementor-element elementor-element-5dcaccd e-con-full e-flex e-con e-child\" data-id=\"5dcaccd\" data-element_type=\"container\" data-e-type=\"container\">\n\t\t\t\t<div class=\"elementor-element elementor-element-a780d28 elementor-widget elementor-widget-heading\" data-id=\"a780d28\" data-element_type=\"widget\" data-e-type=\"widget\" data-widget_type=\"heading.default\">\n\t\t\t\t<div class=\"elementor-widget-container\">\n\t\t\t\t\t<h2 class=\"elementor-heading-title elementor-size-default\"><b>Informacion personal<\/b><\/h2>\t\t\t\t<\/div>\n\t\t\t\t<\/div>\n\t\t\t\t<div class=\"elementor-element elementor-element-faa783e elementor-widget elementor-widget-text-editor\" data-id=\"faa783e\" data-element_type=\"widget\" data-e-type=\"widget\" data-widget_type=\"text-editor.default\">\n\t\t\t\t<div class=\"elementor-widget-container\">\n\t\t\t\t\t\t\t\t\t<p>Emri dhe Mbiemri: Dr. Marsid Kuqi<br>Data e lindjes: 31 janar 1991<br>Komb\u00ebsia: Shqipe<br>Gjuh\u00ebt e folura: Shqip (amtare), Italisht, Anglisht<\/p>\t\t\t\t\t\t\t\t<\/div>\n\t\t\t\t<\/div>\n\t\t\t\t<div class=\"elementor-element elementor-element-3735ac8 elementor-widget elementor-widget-spacer\" data-id=\"3735ac8\" data-element_type=\"widget\" data-e-type=\"widget\" data-widget_type=\"spacer.default\">\n\t\t\t\t<div class=\"elementor-widget-container\">\n\t\t\t\t\t\t\t<div class=\"elementor-spacer\">\n\t\t\t<div class=\"elementor-spacer-inner\"><\/div>\n\t\t<\/div>\n\t\t\t\t\t\t<\/div>\n\t\t\t\t<\/div>\n\t\t\t\t<div class=\"elementor-element elementor-element-bb93b3a elementor-widget elementor-widget-heading\" data-id=\"bb93b3a\" data-element_type=\"widget\" data-e-type=\"widget\" data-widget_type=\"heading.default\">\n\t\t\t\t<div class=\"elementor-widget-container\">\n\t\t\t\t\t<h2 class=\"elementor-heading-title elementor-size-default\"><b>Profili profesional<\/b><\/h2>\t\t\t\t<\/div>\n\t\t\t\t<\/div>\n\t\t\t\t<div class=\"elementor-element elementor-element-eebf357 elementor-widget elementor-widget-text-editor\" data-id=\"eebf357\" data-element_type=\"widget\" data-e-type=\"widget\" data-widget_type=\"text-editor.default\">\n\t\t\t\t<div class=\"elementor-widget-container\">\n\t\t\t\t\t\t\t\t\t<p>Dr. Marsid Kuqi \u00ebsht\u00eb nj\u00eb mjek i specializuar n\u00eb Imazherin\u00eb Diagnostikuese me nj\u00eb formim t\u00eb fort\u00eb akademik dhe p\u00ebrvoj\u00eb t\u00eb gjer\u00eb klinike t\u00eb avancuar.<br>Ai ka zhvilluar ekspertiz\u00eb t\u00eb nivelit t\u00eb lart\u00eb n\u00eb menaxhimin e pacient\u00ebve n\u00eb gjendje kritike, menaxhimin e dhimbjes dhe p\u00ebrdorimin e teknikave moderne anesteziologjike.<\/p><p> <\/p><p><span lang=\"EN-US\">Ai ka punuar n\u00eb spitale t\u00eb m\u00ebdha universitare si Sht\u00ebpia e Pleqve Universitare N\u00ebn\u00eb Tereza (QSUNT) dhe Spitali Universitar i Traum\u00ebs (SUT), duke u marr\u00eb me raste klinike komplekse dhe duke bashk\u00ebpunuar me ekipe multidisiplinare.<\/span><\/p><p><span lang=\"EN-US\">Gjat\u00eb pandemis\u00eb COVID-19, ai luajti nj\u00eb rol ky\u00e7 n\u00eb kujdesin ndaj pacient\u00ebve, duke demonstruar aft\u00ebsi, lidership dhe p\u00ebrkushtim t\u00eb shk\u00eblqyer.<\/span><\/p>\t\t\t\t\t\t\t\t<\/div>\n\t\t\t\t<\/div>\n\t\t\t\t<div class=\"elementor-element elementor-element-c7eca24 elementor-widget elementor-widget-spacer\" data-id=\"c7eca24\" data-element_type=\"widget\" data-e-type=\"widget\" data-widget_type=\"spacer.default\">\n\t\t\t\t<div class=\"elementor-widget-container\">\n\t\t\t\t\t\t\t<div class=\"elementor-spacer\">\n\t\t\t<div class=\"elementor-spacer-inner\"><\/div>\n\t\t<\/div>\n\t\t\t\t\t\t<\/div>\n\t\t\t\t<\/div>\n\t\t\t\t<div class=\"elementor-element elementor-element-d5f4d37 elementor-widget elementor-widget-heading\" data-id=\"d5f4d37\" data-element_type=\"widget\" data-e-type=\"widget\" data-widget_type=\"heading.default\">\n\t\t\t\t<div class=\"elementor-widget-container\">\n\t\t\t\t\t<h2 class=\"elementor-heading-title elementor-size-default\"><b>P\u00ebrvoj\u00eb profesionale<\/b><\/h2>\t\t\t\t<\/div>\n\t\t\t\t<\/div>\n\t\t\t\t<div class=\"elementor-element elementor-element-5e18c30 elementor-widget elementor-widget-text-editor\" data-id=\"5e18c30\" data-element_type=\"widget\" data-e-type=\"widget\" data-widget_type=\"text-editor.default\">\n\t\t\t\t<div class=\"elementor-widget-container\">\n\t\t\t\t\t\t\t\t\t<p><strong>Spitali Universitar p\u00ebr Traum\u00ebn \u2013 SUT<\/strong><\/p>\t\t\t\t\t\t\t\t<\/div>\n\t\t\t\t<\/div>\n\t\t\t\t<div class=\"elementor-element elementor-element-e2f80e0 elementor-widget elementor-widget-text-editor\" data-id=\"e2f80e0\" data-element_type=\"widget\" data-e-type=\"widget\" data-widget_type=\"text-editor.default\">\n\t\t\t\t<div class=\"elementor-widget-container\">\n\t\t\t\t\t\t\t\t\t<p>Anestesista e Rianimatore<\/p>\t\t\t\t\t\t\t\t<\/div>\n\t\t\t\t<\/div>\n\t\t\t\t<div class=\"elementor-element elementor-element-b938fd8 elementor-widget elementor-widget-text-editor\" data-id=\"b938fd8\" data-element_type=\"widget\" data-e-type=\"widget\" data-widget_type=\"text-editor.default\">\n\t\t\t\t<div class=\"elementor-widget-container\">\n\t\t\t\t\t\t\t\t\t<ul><li>Menaxhimi i pacient\u00ebve n\u00eb kujdes intensiv dhe salla operacioni<\/li><li>Protokollet e Mb\u00ebshtetjes s\u00eb Avancuar t\u00eb Jet\u00ebs dhe Emergjencave<\/li><li>Bashk\u00ebpunim me ekipet kirurgjikale n\u00eb nd\u00ebrhyrje komplekse<\/li><\/ul>\t\t\t\t\t\t\t\t<\/div>\n\t\t\t\t<\/div>\n\t\t\t\t<div class=\"elementor-element elementor-element-40058e6 elementor-widget elementor-widget-text-editor\" data-id=\"40058e6\" data-element_type=\"widget\" data-e-type=\"widget\" data-widget_type=\"text-editor.default\">\n\t\t\t\t<div class=\"elementor-widget-container\">\n\t\t\t\t\t\t\t\t\t<p><strong><span lang=\"EN-US\">Sht\u00ebpia e t\u00eb moshuarve Universitar \u201cN\u00ebn\u00eb Tereza\u201d \u2013 QSUNT<br><\/span><\/strong><\/p>\t\t\t\t\t\t\t\t<\/div>\n\t\t\t\t<\/div>\n\t\t\t\t<div class=\"elementor-element elementor-element-b378c79 elementor-widget elementor-widget-text-editor\" data-id=\"b378c79\" data-element_type=\"widget\" data-e-type=\"widget\" data-widget_type=\"text-editor.default\">\n\t\t\t\t<div class=\"elementor-widget-container\">\n\t\t\t\t\t\t\t\t\t<p>Anestezist<\/p>\t\t\t\t\t\t\t\t<\/div>\n\t\t\t\t<\/div>\n\t\t\t\t<div class=\"elementor-element elementor-element-dcd6406 elementor-widget elementor-widget-text-editor\" data-id=\"dcd6406\" data-element_type=\"widget\" data-e-type=\"widget\" data-widget_type=\"text-editor.default\">\n\t\t\t\t<div class=\"elementor-widget-container\">\n\t\t\t\t\t\t\t\t\t<ul><li>Planifikimi i anestezis\u00eb p\u00ebr procedura shum\u00eb komplekse<\/li><li>Trajtimi i dhimbjes pas operacionit<\/li><li>Mb\u00ebshtetje n\u00eb repartet e COVID gjat\u00eb pandemis\u00eb<\/li><\/ul>\t\t\t\t\t\t\t\t<\/div>\n\t\t\t\t<\/div>\n\t\t\t\t<div class=\"elementor-element elementor-element-1c91760 elementor-widget elementor-widget-text-editor\" data-id=\"1c91760\" data-element_type=\"widget\" data-e-type=\"widget\" data-widget_type=\"text-editor.default\">\n\t\t\t\t<div class=\"elementor-widget-container\">\n\t\t\t\t\t\t\t\t\t<p><strong>Pajisje t\u00eb tjera spitalore<\/strong><\/p>\t\t\t\t\t\t\t\t<\/div>\n\t\t\t\t<\/div>\n\t\t\t\t<div class=\"elementor-element elementor-element-bb2d7de elementor-widget elementor-widget-text-editor\" data-id=\"bb2d7de\" data-element_type=\"widget\" data-e-type=\"widget\" data-widget_type=\"text-editor.default\">\n\t\t\t\t<div class=\"elementor-widget-container\">\n\t\t\t\t\t\t\t\t\t<ul><li>Procedurat n\u00ebn anestezi t\u00eb p\u00ebrgjithshme dhe rajonale<\/li><li>Mb\u00ebshtetje n\u00eb departamentet e urgjenc\u00ebs dhe ringjalljes<\/li><li>Trajnim dhe p\u00ebrdit\u00ebsim i vazhduesh\u00ebm mbi protokollet moderne<\/li><\/ul>\t\t\t\t\t\t\t\t<\/div>\n\t\t\t\t<\/div>\n\t\t\t\t<div class=\"elementor-element elementor-element-5be8dfd elementor-widget elementor-widget-spacer\" data-id=\"5be8dfd\" data-element_type=\"widget\" data-e-type=\"widget\" data-widget_type=\"spacer.default\">\n\t\t\t\t<div class=\"elementor-widget-container\">\n\t\t\t\t\t\t\t<div class=\"elementor-spacer\">\n\t\t\t<div class=\"elementor-spacer-inner\"><\/div>\n\t\t<\/div>\n\t\t\t\t\t\t<\/div>\n\t\t\t\t<\/div>\n\t\t\t\t<div class=\"elementor-element elementor-element-56064fc elementor-widget elementor-widget-heading\" data-id=\"56064fc\" data-element_type=\"widget\" data-e-type=\"widget\" data-widget_type=\"heading.default\">\n\t\t\t\t<div class=\"elementor-widget-container\">\n\t\t\t\t\t<h2 class=\"elementor-heading-title elementor-size-default\"><b>Trajnim akademik<\/b><\/h2>\t\t\t\t<\/div>\n\t\t\t\t<\/div>\n\t\t\t\t<div class=\"elementor-element elementor-element-3ae7d52 elementor-widget elementor-widget-text-editor\" data-id=\"3ae7d52\" data-element_type=\"widget\" data-e-type=\"widget\" data-widget_type=\"text-editor.default\">\n\t\t\t\t<div class=\"elementor-widget-container\">\n\t\t\t\t\t\t\t\t\t<p><strong>Diplom\u00eb Mjek\u00ebsore<\/strong><\/p>\t\t\t\t\t\t\t\t<\/div>\n\t\t\t\t<\/div>\n\t\t\t\t<div class=\"elementor-element elementor-element-c9550ce elementor-widget elementor-widget-text-editor\" data-id=\"c9550ce\" data-element_type=\"widget\" data-e-type=\"widget\" data-widget_type=\"text-editor.default\">\n\t\t\t\t<div class=\"elementor-widget-container\">\n\t\t\t\t\t\t\t\t\t<p>Universiteti i Mjek\u00ebsis\u00eb \u2013 <strong>Fakulteti i Mjek\u00ebsis\u00eb<\/strong><\/p>\t\t\t\t\t\t\t\t<\/div>\n\t\t\t\t<\/div>\n\t\t\t\t<div class=\"elementor-element elementor-element-e9077e0 elementor-widget elementor-widget-text-editor\" data-id=\"e9077e0\" data-element_type=\"widget\" data-e-type=\"widget\" data-widget_type=\"text-editor.default\">\n\t\t\t\t<div class=\"elementor-widget-container\">\n\t\t\t\t\t\t\t\t\t<p><strong>Specializim n\u00eb Anestezi dhe Reanimacion<\/strong><\/p>\t\t\t\t\t\t\t\t<\/div>\n\t\t\t\t<\/div>\n\t\t\t\t<div class=\"elementor-element elementor-element-620ab81 elementor-widget elementor-widget-text-editor\" data-id=\"620ab81\" data-element_type=\"widget\" data-e-type=\"widget\" data-widget_type=\"text-editor.default\">\n\t\t\t\t<div class=\"elementor-widget-container\">\n\t\t\t\t\t\t\t\t\t<p>Universiteti i Mjek\u00ebsis\u00eb \u2013 Departamenti i <strong>Kujdesit Intensiv<\/strong><\/p>\t\t\t\t\t\t\t\t<\/div>\n\t\t\t\t<\/div>\n\t\t\t\t<\/div>\n\t\t\t\t\t<\/div>\n\t\t\t\t<\/div>\n\t\t\t\t<\/div>\n\t\t","protected":false},"excerpt":{"rendered":"<p>Dr. Marsild Kuqi Drejtor Klinik Informacion personal Emri dhe Mbiemri: Dr. Marsid KuqiData e lindjes: 31 janar 1991Komb\u00ebsia: ShqipeGjuh\u00ebt e folura: Shqip (amtare), Italisht, Anglisht Profili profesional Dr. Marsid Kuqi \u00ebsht\u00eb nj\u00eb mjek i specializuar n\u00eb Imazherin\u00eb Diagnostikuese me nj\u00eb formim t\u00eb fort\u00eb akademik dhe p\u00ebrvoj\u00eb t\u00eb gjer\u00eb klinike t\u00eb [&hellip;]<\/p>\n","protected":false},"author":4,"featured_media":4059,"parent":0,"menu_order":0,"comment_status":"closed","ping_status":"closed","template":"elementor_header_footer","meta":{"_acf_changed":false,"footnotes":""},"class_list":["post-9955","page","type-page","status-publish","has-post-thumbnail","hentry"],"acf":[],"yoast_head":"<!-- This site is optimized with the Yoast SEO Premium plugin v27.4 (Yoast SEO v27.4) - https:\/\/yoast.com\/product\/yoast-seo-premium-wordpress\/ -->\n<title>Dr. Marsild Kuqi: Nj\u00eb Lider n\u00eb Imazhe Mjek\u00ebsore<\/title>\n<meta name=\"description\" content=\"Njihuni me Dr. Marsild Kuqin, nj\u00eb mjek i aft\u00eb n\u00eb Imazherin\u00eb Diagnostikuese me p\u00ebrvoj\u00eb t\u00eb gjer\u00eb dhe p\u00ebrkushtim ndaj kujdesit ndaj pacientit.\" \/>\n<meta name=\"robots\" content=\"index, follow, max-snippet:-1, max-image-preview:large, max-video-preview:-1\" \/>\n<link rel=\"canonical\" href=\"https:\/\/www.radiance.al\/sq\/dr-marsild-kuqi\/\" \/>\n<meta property=\"og:locale\" content=\"sq_AL\" \/>\n<meta property=\"og:type\" content=\"article\" \/>\n<meta property=\"og:title\" content=\"Dr, Kleida Selhanej \u2013 garanton profesionalizem n\u00eb Radiance Dental Tirana\" \/>\n<meta property=\"og:description\" content=\"Dr. Keida ju siguron se dhimbja nuk do t\u00eb sh\u00ebrohet dhe m\u00eb operoni pa m\u00eb anestezuar ringjalljen: Do t\u00eb p\u00ebrqendrohem te pacient\u00ebt.\" \/>\n<meta property=\"og:url\" content=\"https:\/\/www.radiance.al\/sq\/dr-marsild-kuqi\/\" \/>\n<meta property=\"og:site_name\" content=\"RADIANCE.AL\" \/>\n<meta property=\"article:publisher\" content=\"https:\/\/www.instagram.com\/radiance_al\/?hl=en\" \/>\n<meta property=\"article:modified_time\" content=\"2025-10-05T14:01:55+00:00\" \/>\n<meta property=\"og:image\" content=\"https:\/\/www.radiance.al\/wp-content\/uploads\/2025\/06\/staff14.jpg\" \/>\n\t<meta property=\"og:image:width\" content=\"945\" \/>\n\t<meta property=\"og:image:height\" content=\"1181\" \/>\n\t<meta property=\"og:image:type\" content=\"image\/jpeg\" \/>\n<meta name=\"twitter:card\" content=\"summary_large_image\" \/>\n<meta name=\"twitter:title\" content=\"Keida Selhanej \u2013 Kirurge maksilofaciale\" \/>\n<meta name=\"twitter:description\" content=\"P\u00ebrvoj\u00eb dhe profesionaliz\u00ebm\" \/>\n<meta name=\"twitter:label1\" content=\"Est. reading time\" \/>\n\t<meta name=\"twitter:data1\" content=\"1 minute\" \/>\n<script type=\"application\/ld+json\" class=\"yoast-schema-graph\">{\"@context\":\"https:\\\/\\\/schema.org\",\"@graph\":[{\"@type\":\"WebPage\",\"@id\":\"https:\\\/\\\/www.radiance.al\\\/sq\\\/dr-marsild-kuqi\\\/\",\"url\":\"https:\\\/\\\/www.radiance.al\\\/sq\\\/dr-marsild-kuqi\\\/\",\"name\":\"Dr. Marsild Kuqi: Nj\u00eb Lider n\u00eb Imazhe Mjek\u00ebsore\",\"isPartOf\":{\"@id\":\"https:\\\/\\\/www.radiance.al\\\/sq\\\/#website\"},\"primaryImageOfPage\":{\"@id\":\"https:\\\/\\\/www.radiance.al\\\/sq\\\/dr-marsild-kuqi\\\/#primaryimage\"},\"image\":{\"@id\":\"https:\\\/\\\/www.radiance.al\\\/sq\\\/dr-marsild-kuqi\\\/#primaryimage\"},\"thumbnailUrl\":\"https:\\\/\\\/www.radiance.al\\\/wp-content\\\/uploads\\\/2025\\\/06\\\/staff14.jpg\",\"datePublished\":\"2025-07-23T10:01:42+00:00\",\"dateModified\":\"2025-10-05T14:01:55+00:00\",\"description\":\"Njihuni me Dr. Marsild Kuqin, nj\u00eb mjek i aft\u00eb n\u00eb Imazherin\u00eb Diagnostikuese me p\u00ebrvoj\u00eb t\u00eb gjer\u00eb dhe p\u00ebrkushtim ndaj kujdesit ndaj pacientit.\",\"breadcrumb\":{\"@id\":\"https:\\\/\\\/www.radiance.al\\\/sq\\\/dr-marsild-kuqi\\\/#breadcrumb\"},\"inLanguage\":\"sq-AL\",\"potentialAction\":[{\"@type\":\"ReadAction\",\"target\":[\"https:\\\/\\\/www.radiance.al\\\/sq\\\/dr-marsild-kuqi\\\/\"]}]},{\"@type\":\"ImageObject\",\"inLanguage\":\"sq-AL\",\"@id\":\"https:\\\/\\\/www.radiance.al\\\/sq\\\/dr-marsild-kuqi\\\/#primaryimage\",\"url\":\"https:\\\/\\\/www.radiance.al\\\/wp-content\\\/uploads\\\/2025\\\/06\\\/staff14.jpg\",\"contentUrl\":\"https:\\\/\\\/www.radiance.al\\\/wp-content\\\/uploads\\\/2025\\\/06\\\/staff14.jpg\",\"width\":945,\"height\":1181,\"caption\":\"Il capo radiologo guida la diagnosi con tecnologie avanzate come TAC 3D, CBCT e ortopantomografie digitali.\"},{\"@type\":\"BreadcrumbList\",\"@id\":\"https:\\\/\\\/www.radiance.al\\\/sq\\\/dr-marsild-kuqi\\\/#breadcrumb\",\"itemListElement\":[{\"@type\":\"ListItem\",\"position\":1,\"name\":\"Home\",\"item\":\"https:\\\/\\\/www.radiance.al\\\/sq\\\/\"},{\"@type\":\"ListItem\",\"position\":2,\"name\":\"Dr. Marsild Kuqi\"}]},{\"@type\":\"WebSite\",\"@id\":\"https:\\\/\\\/www.radiance.al\\\/sq\\\/#website\",\"url\":\"https:\\\/\\\/www.radiance.al\\\/sq\\\/\",\"name\":\"RADIANCE.AL\",\"description\":\"RADIANCE DENTAL HOSPITAL\",\"publisher\":{\"@id\":\"https:\\\/\\\/www.radiance.al\\\/sq\\\/#organization\"},\"potentialAction\":[{\"@type\":\"SearchAction\",\"target\":{\"@type\":\"EntryPoint\",\"urlTemplate\":\"https:\\\/\\\/www.radiance.al\\\/sq\\\/?s={search_term_string}\"},\"query-input\":{\"@type\":\"PropertyValueSpecification\",\"valueRequired\":true,\"valueName\":\"search_term_string\"}}],\"inLanguage\":\"sq-AL\"},{\"@type\":\"Organization\",\"@id\":\"https:\\\/\\\/www.radiance.al\\\/sq\\\/#organization\",\"name\":\"RADIANCE.AL\",\"alternateName\":\"Radiance Dental Hospital\",\"url\":\"https:\\\/\\\/www.radiance.al\\\/sq\\\/\",\"logo\":{\"@type\":\"ImageObject\",\"inLanguage\":\"sq-AL\",\"@id\":\"https:\\\/\\\/www.radiance.al\\\/sq\\\/#\\\/schema\\\/logo\\\/image\\\/\",\"url\":\"https:\\\/\\\/www.radiance.al\\\/wp-content\\\/uploads\\\/2025\\\/05\\\/faviconn.jpeg\",\"contentUrl\":\"https:\\\/\\\/www.radiance.al\\\/wp-content\\\/uploads\\\/2025\\\/05\\\/faviconn.jpeg\",\"width\":48,\"height\":48,\"caption\":\"RADIANCE.AL\"},\"image\":{\"@id\":\"https:\\\/\\\/www.radiance.al\\\/sq\\\/#\\\/schema\\\/logo\\\/image\\\/\"},\"sameAs\":[\"https:\\\/\\\/www.instagram.com\\\/radiance_al\\\/?hl=en\"],\"description\":\"\\\"Radiance Dental Hospital n\u00eb Shqip\u00ebri: spital dentar modern me teknologji 3D, implantologji, estetik\u00eb dhe specialist\u00eb me mbi 15 vite p\u00ebrvoj\u00eb. Prenoto konsult\u00ebn falas!\\\"\",\"email\":\"info@radiance.al\",\"telephone\":\"+355694799949\",\"legalName\":\"Radiance Dental Hospital\",\"foundingDate\":\"2025-03-18\",\"numberOfEmployees\":{\"@type\":\"QuantitativeValue\",\"minValue\":\"11\",\"maxValue\":\"50\"}}]}<\/script>\n<!-- \/ Yoast SEO Premium plugin. -->","yoast_head_json":{"title":"Dr. Marsild Kuqi: Nj\u00eb Lider n\u00eb Imazhe Mjek\u00ebsore","description":"Njihuni me Dr. Marsild Kuqin, nj\u00eb mjek i aft\u00eb n\u00eb Imazherin\u00eb Diagnostikuese me p\u00ebrvoj\u00eb t\u00eb gjer\u00eb dhe p\u00ebrkushtim ndaj kujdesit ndaj pacientit.","robots":{"index":"index","follow":"follow","max-snippet":"max-snippet:-1","max-image-preview":"max-image-preview:large","max-video-preview":"max-video-preview:-1"},"canonical":"https:\/\/www.radiance.al\/sq\/dr-marsild-kuqi\/","og_locale":"sq_AL","og_type":"article","og_title":"Dr, Kleida Selhanej \u2013 garanton profesionalizem n\u00eb Radiance Dental Tirana","og_description":"Dr. Keida ju siguron se dhimbja nuk do t\u00eb sh\u00ebrohet dhe m\u00eb operoni pa m\u00eb anestezuar ringjalljen: Do t\u00eb p\u00ebrqendrohem te pacient\u00ebt.","og_url":"https:\/\/www.radiance.al\/sq\/dr-marsild-kuqi\/","og_site_name":"RADIANCE.AL","article_publisher":"https:\/\/www.instagram.com\/radiance_al\/?hl=en","article_modified_time":"2025-10-05T14:01:55+00:00","og_image":[{"width":945,"height":1181,"url":"https:\/\/www.radiance.al\/wp-content\/uploads\/2025\/06\/staff14.jpg","type":"image\/jpeg"}],"twitter_card":"summary_large_image","twitter_title":"Keida Selhanej \u2013 Kirurge maksilofaciale","twitter_description":"P\u00ebrvoj\u00eb dhe profesionaliz\u00ebm","twitter_misc":{"Est. reading time":"1 minute"},"schema":{"@context":"https:\/\/schema.org","@graph":[{"@type":"WebPage","@id":"https:\/\/www.radiance.al\/sq\/dr-marsild-kuqi\/","url":"https:\/\/www.radiance.al\/sq\/dr-marsild-kuqi\/","name":"Dr. Marsild Kuqi: Nj\u00eb Lider n\u00eb Imazhe Mjek\u00ebsore","isPartOf":{"@id":"https:\/\/www.radiance.al\/sq\/#website"},"primaryImageOfPage":{"@id":"https:\/\/www.radiance.al\/sq\/dr-marsild-kuqi\/#primaryimage"},"image":{"@id":"https:\/\/www.radiance.al\/sq\/dr-marsild-kuqi\/#primaryimage"},"thumbnailUrl":"https:\/\/www.radiance.al\/wp-content\/uploads\/2025\/06\/staff14.jpg","datePublished":"2025-07-23T10:01:42+00:00","dateModified":"2025-10-05T14:01:55+00:00","description":"Njihuni me Dr. Marsild Kuqin, nj\u00eb mjek i aft\u00eb n\u00eb Imazherin\u00eb Diagnostikuese me p\u00ebrvoj\u00eb t\u00eb gjer\u00eb dhe p\u00ebrkushtim ndaj kujdesit ndaj pacientit.","breadcrumb":{"@id":"https:\/\/www.radiance.al\/sq\/dr-marsild-kuqi\/#breadcrumb"},"inLanguage":"sq-AL","potentialAction":[{"@type":"ReadAction","target":["https:\/\/www.radiance.al\/sq\/dr-marsild-kuqi\/"]}]},{"@type":"ImageObject","inLanguage":"sq-AL","@id":"https:\/\/www.radiance.al\/sq\/dr-marsild-kuqi\/#primaryimage","url":"https:\/\/www.radiance.al\/wp-content\/uploads\/2025\/06\/staff14.jpg","contentUrl":"https:\/\/www.radiance.al\/wp-content\/uploads\/2025\/06\/staff14.jpg","width":945,"height":1181,"caption":"Il capo radiologo guida la diagnosi con tecnologie avanzate come TAC 3D, CBCT e ortopantomografie digitali."},{"@type":"BreadcrumbList","@id":"https:\/\/www.radiance.al\/sq\/dr-marsild-kuqi\/#breadcrumb","itemListElement":[{"@type":"ListItem","position":1,"name":"Home","item":"https:\/\/www.radiance.al\/sq\/"},{"@type":"ListItem","position":2,"name":"Dr. Marsild Kuqi"}]},{"@type":"WebSite","@id":"https:\/\/www.radiance.al\/sq\/#website","url":"https:\/\/www.radiance.al\/sq\/","name":"RADIANCE.AL","description":"RADIANCE DENTAL HOSPITAL","publisher":{"@id":"https:\/\/www.radiance.al\/sq\/#organization"},"potentialAction":[{"@type":"SearchAction","target":{"@type":"EntryPoint","urlTemplate":"https:\/\/www.radiance.al\/sq\/?s={search_term_string}"},"query-input":{"@type":"PropertyValueSpecification","valueRequired":true,"valueName":"search_term_string"}}],"inLanguage":"sq-AL"},{"@type":"Organization","@id":"https:\/\/www.radiance.al\/sq\/#organization","name":"RADIANCE.AL","alternateName":"Radiance Dental Hospital","url":"https:\/\/www.radiance.al\/sq\/","logo":{"@type":"ImageObject","inLanguage":"sq-AL","@id":"https:\/\/www.radiance.al\/sq\/#\/schema\/logo\/image\/","url":"https:\/\/www.radiance.al\/wp-content\/uploads\/2025\/05\/faviconn.jpeg","contentUrl":"https:\/\/www.radiance.al\/wp-content\/uploads\/2025\/05\/faviconn.jpeg","width":48,"height":48,"caption":"RADIANCE.AL"},"image":{"@id":"https:\/\/www.radiance.al\/sq\/#\/schema\/logo\/image\/"},"sameAs":["https:\/\/www.instagram.com\/radiance_al\/?hl=en"],"description":"\"Radiance Dental Hospital n\u00eb Shqip\u00ebri: spital dentar modern me teknologji 3D, implantologji, estetik\u00eb dhe specialist\u00eb me mbi 15 vite p\u00ebrvoj\u00eb. Prenoto konsult\u00ebn falas!\"","email":"info@radiance.al","telephone":"+355694799949","legalName":"Radiance Dental Hospital","foundingDate":"2025-03-18","numberOfEmployees":{"@type":"QuantitativeValue","minValue":"11","maxValue":"50"}}]}},"_links":{"self":[{"href":"https:\/\/www.radiance.al\/sq\/wp-json\/wp\/v2\/pages\/9955","targetHints":{"allow":["GET"]}}],"collection":[{"href":"https:\/\/www.radiance.al\/sq\/wp-json\/wp\/v2\/pages"}],"about":[{"href":"https:\/\/www.radiance.al\/sq\/wp-json\/wp\/v2\/types\/page"}],"author":[{"embeddable":true,"href":"https:\/\/www.radiance.al\/sq\/wp-json\/wp\/v2\/users\/4"}],"replies":[{"embeddable":true,"href":"https:\/\/www.radiance.al\/sq\/wp-json\/wp\/v2\/comments?post=9955"}],"version-history":[{"count":10,"href":"https:\/\/www.radiance.al\/sq\/wp-json\/wp\/v2\/pages\/9955\/revisions"}],"predecessor-version":[{"id":9975,"href":"https:\/\/www.radiance.al\/sq\/wp-json\/wp\/v2\/pages\/9955\/revisions\/9975"}],"wp:featuredmedia":[{"embeddable":true,"href":"https:\/\/www.radiance.al\/sq\/wp-json\/wp\/v2\/media\/4059"}],"wp:attachment":[{"href":"https:\/\/www.radiance.al\/sq\/wp-json\/wp\/v2\/media?parent=9955"}],"curies":[{"name":"wp","href":"https:\/\/api.w.org\/{rel}","templated":true}]}}